{"id":1007,"date":"2022-08-10T15:22:15","date_gmt":"2022-08-10T13:22:15","guid":{"rendered":"http:\/\/kiosque.ecoledesponts.fr\/rapport-activite-2021\/?page_id=1007"},"modified":"2023-01-02T16:43:09","modified_gmt":"2023-01-02T15:43:09","slug":"zero-rejet-en-toiture","status":"publish","type":"page","link":"https:\/\/kiosque.ecoledesponts.fr\/rapport-activite-2021\/chercher-et-innover\/gestion-des-risques-des-ressources-et-des-milieux\/faits-marquants\/zero-rejet-en-toiture\/","title":{"rendered":"Z\u00e9ro rejet en toiture"},"content":{"rendered":"<!--themify_builder_content-->\n<div id=\"themify_builder_content-1007\" data-postid=\"1007\" class=\"themify_builder_content themify_builder_content-1007 themify_builder tf_clear\">\n    <\/div>\n<!--\/themify_builder_content-->\n\n<p>Dans le cadre de la recherche partenariale avec Soprema, un prototype exp\u00e9rimental instrument\u00e9 a \u00e9t\u00e9 mis en \u0153uvre. Les travaux de mod\u00e9lisation hydrom\u00e9t\u00e9orologique r\u00e9alis\u00e9s dans le contexte parisien ont \u00e9galement \u00e9t\u00e9 \u00e9tendus \u00e0 d\u2019autres agglom\u00e9rations, aux contextes r\u00e9glementaires et climatiques diff\u00e9rents.<\/p>","protected":false},"excerpt":{"rendered":"<p>Dans le cadre de la recherche partenariale avec Soprema, un prototype exp\u00e9rimental instrument\u00e9 a \u00e9t\u00e9 mis en \u0153uvre. Les travaux de mod\u00e9lisation hydrom\u00e9t\u00e9orologique r\u00e9alis\u00e9s dans le contexte parisien ont \u00e9galement \u00e9t\u00e9 \u00e9tendus \u00e0 d\u2019autres agglom\u00e9rations, aux contextes r\u00e9glementaires et climatiques diff\u00e9rents.<\/p>\n","protected":false},"author":1,"featured_media":0,"parent":961,"menu_order":0,"comment_status":"closed","ping_status":"closed","template":"page_orange.php","meta":[],"tags":[49,33,51,29,39],"acf":[],"yoast_head":"<!-- This site is optimized with the Yoast SEO plugin v21.1 - https:\/\/yoast.com\/wordpress\/plugins\/seo\/ -->\n<title>Z\u00e9ro rejet en toiture - Rapport d&#039;activit\u00e9 2021<\/title>\n<meta name=\"robots\" content=\"index, follow, max-snippet:-1, max-image-preview:large, max-video-preview:-1\" \/>\n<link rel=\"canonical\" href=\"https:\/\/kiosque.ecoledesponts.fr\/rapport-activite-2021\/chercher-et-innover\/gestion-des-risques-des-ressources-et-des-milieux\/faits-marquants\/zero-rejet-en-toiture\/\" \/>\n<meta property=\"og:locale\" content=\"fr_FR\" \/>\n<meta property=\"og:type\" content=\"article\" \/>\n<meta property=\"og:title\" content=\"Z\u00e9ro rejet en toiture - Rapport d&#039;activit\u00e9 2021\" \/>\n<meta property=\"og:description\" content=\"Dans le cadre de la recherche partenariale avec Soprema, un prototype exp\u00e9rimental instrument\u00e9 a \u00e9t\u00e9 mis en \u0153uvre. Les travaux de mod\u00e9lisation hydrom\u00e9t\u00e9orologique r\u00e9alis\u00e9s dans le contexte parisien ont \u00e9galement \u00e9t\u00e9 \u00e9tendus \u00e0 d\u2019autres agglom\u00e9rations, aux contextes r\u00e9glementaires et climatiques diff\u00e9rents.\" \/>\n<meta property=\"og:url\" content=\"https:\/\/kiosque.ecoledesponts.fr\/rapport-activite-2021\/chercher-et-innover\/gestion-des-risques-des-ressources-et-des-milieux\/faits-marquants\/zero-rejet-en-toiture\/\" \/>\n<meta property=\"og:site_name\" content=\"Rapport d&#039;activit\u00e9 2021\" \/>\n<meta property=\"article:modified_time\" content=\"2023-01-02T15:43:09+00:00\" \/>\n<meta name=\"twitter:card\" content=\"summary_large_image\" \/>\n<script type=\"application\/ld+json\" class=\"yoast-schema-graph\">{\"@context\":\"https:\/\/schema.org\",\"@graph\":[{\"@type\":\"WebPage\",\"@id\":\"https:\/\/kiosque.ecoledesponts.fr\/rapport-activite-2021\/chercher-et-innover\/gestion-des-risques-des-ressources-et-des-milieux\/faits-marquants\/zero-rejet-en-toiture\/\",\"url\":\"https:\/\/kiosque.ecoledesponts.fr\/rapport-activite-2021\/chercher-et-innover\/gestion-des-risques-des-ressources-et-des-milieux\/faits-marquants\/zero-rejet-en-toiture\/\",\"name\":\"Z\u00e9ro rejet en toiture - Rapport d'activit\u00e9 2021\",\"isPartOf\":{\"@id\":\"https:\/\/kiosque.ecoledesponts.fr\/rapport-activite-2021\/#website\"},\"datePublished\":\"2022-08-10T13:22:15+00:00\",\"dateModified\":\"2023-01-02T15:43:09+00:00\",\"breadcrumb\":{\"@id\":\"https:\/\/kiosque.ecoledesponts.fr\/rapport-activite-2021\/chercher-et-innover\/gestion-des-risques-des-ressources-et-des-milieux\/faits-marquants\/zero-rejet-en-toiture\/#breadcrumb\"},\"inLanguage\":\"fr-FR\",\"potentialAction\":[{\"@type\":\"ReadAction\",\"target\":[\"https:\/\/kiosque.ecoledesponts.fr\/rapport-activite-2021\/chercher-et-innover\/gestion-des-risques-des-ressources-et-des-milieux\/faits-marquants\/zero-rejet-en-toiture\/\"]}]},{\"@type\":\"BreadcrumbList\",\"@id\":\"https:\/\/kiosque.ecoledesponts.fr\/rapport-activite-2021\/chercher-et-innover\/gestion-des-risques-des-ressources-et-des-milieux\/faits-marquants\/zero-rejet-en-toiture\/#breadcrumb\",\"itemListElement\":[{\"@type\":\"ListItem\",\"position\":1,\"name\":\"Accueil\",\"item\":\"https:\/\/kiosque.ecoledesponts.fr\/rapport-activite-2021\/\"},{\"@type\":\"ListItem\",\"position\":2,\"name\":\"Chercher et innover\",\"item\":\"https:\/\/kiosque.ecoledesponts.fr\/rapport-activite-2021\/chercher-et-innover\/\"},{\"@type\":\"ListItem\",\"position\":3,\"name\":\"Gestion des risques, des ressources et des milieux\",\"item\":\"https:\/\/kiosque.ecoledesponts.fr\/rapport-activite-2021\/chercher-et-innover\/gestion-des-risques-des-ressources-et-des-milieux\/\"},{\"@type\":\"ListItem\",\"position\":4,\"name\":\"Faits marquants\",\"item\":\"https:\/\/kiosque.ecoledesponts.fr\/rapport-activite-2021\/chercher-et-innover\/gestion-des-risques-des-ressources-et-des-milieux\/faits-marquants\/\"},{\"@type\":\"ListItem\",\"position\":5,\"name\":\"Z\u00e9ro rejet en toiture\"}]},{\"@type\":\"WebSite\",\"@id\":\"https:\/\/kiosque.ecoledesponts.fr\/rapport-activite-2021\/#website\",\"url\":\"https:\/\/kiosque.ecoledesponts.fr\/rapport-activite-2021\/\",\"name\":\"Rapport d'activit\u00e9 2021\",\"description\":\"Un site utilisant Les sites du kiosque des ponts\",\"potentialAction\":[{\"@type\":\"SearchAction\",\"target\":{\"@type\":\"EntryPoint\",\"urlTemplate\":\"https:\/\/kiosque.ecoledesponts.fr\/rapport-activite-2021\/?s={search_term_string}\"},\"query-input\":\"required name=search_term_string\"}],\"inLanguage\":\"fr-FR\"}]}<\/script>\n<!-- \/ Yoast SEO plugin. -->","yoast_head_json":{"title":"Z\u00e9ro rejet en toiture - Rapport d'activit\u00e9 2021","robots":{"index":"index","follow":"follow","max-snippet":"max-snippet:-1","max-image-preview":"max-image-preview:large","max-video-preview":"max-video-preview:-1"},"canonical":"https:\/\/kiosque.ecoledesponts.fr\/rapport-activite-2021\/chercher-et-innover\/gestion-des-risques-des-ressources-et-des-milieux\/faits-marquants\/zero-rejet-en-toiture\/","og_locale":"fr_FR","og_type":"article","og_title":"Z\u00e9ro rejet en toiture - Rapport d'activit\u00e9 2021","og_description":"Dans le cadre de la recherche partenariale avec Soprema, un prototype exp\u00e9rimental instrument\u00e9 a \u00e9t\u00e9 mis en \u0153uvre. Les travaux de mod\u00e9lisation hydrom\u00e9t\u00e9orologique r\u00e9alis\u00e9s dans le contexte parisien ont \u00e9galement \u00e9t\u00e9 \u00e9tendus \u00e0 d\u2019autres agglom\u00e9rations, aux contextes r\u00e9glementaires et climatiques diff\u00e9rents.","og_url":"https:\/\/kiosque.ecoledesponts.fr\/rapport-activite-2021\/chercher-et-innover\/gestion-des-risques-des-ressources-et-des-milieux\/faits-marquants\/zero-rejet-en-toiture\/","og_site_name":"Rapport d'activit\u00e9 2021","article_modified_time":"2023-01-02T15:43:09+00:00","twitter_card":"summary_large_image","schema":{"@context":"https:\/\/schema.org","@graph":[{"@type":"WebPage","@id":"https:\/\/kiosque.ecoledesponts.fr\/rapport-activite-2021\/chercher-et-innover\/gestion-des-risques-des-ressources-et-des-milieux\/faits-marquants\/zero-rejet-en-toiture\/","url":"https:\/\/kiosque.ecoledesponts.fr\/rapport-activite-2021\/chercher-et-innover\/gestion-des-risques-des-ressources-et-des-milieux\/faits-marquants\/zero-rejet-en-toiture\/","name":"Z\u00e9ro rejet en toiture - Rapport d'activit\u00e9 2021","isPartOf":{"@id":"https:\/\/kiosque.ecoledesponts.fr\/rapport-activite-2021\/#website"},"datePublished":"2022-08-10T13:22:15+00:00","dateModified":"2023-01-02T15:43:09+00:00","breadcrumb":{"@id":"https:\/\/kiosque.ecoledesponts.fr\/rapport-activite-2021\/chercher-et-innover\/gestion-des-risques-des-ressources-et-des-milieux\/faits-marquants\/zero-rejet-en-toiture\/#breadcrumb"},"inLanguage":"fr-FR","potentialAction":[{"@type":"ReadAction","target":["https:\/\/kiosque.ecoledesponts.fr\/rapport-activite-2021\/chercher-et-innover\/gestion-des-risques-des-ressources-et-des-milieux\/faits-marquants\/zero-rejet-en-toiture\/"]}]},{"@type":"BreadcrumbList","@id":"https:\/\/kiosque.ecoledesponts.fr\/rapport-activite-2021\/chercher-et-innover\/gestion-des-risques-des-ressources-et-des-milieux\/faits-marquants\/zero-rejet-en-toiture\/#breadcrumb","itemListElement":[{"@type":"ListItem","position":1,"name":"Accueil","item":"https:\/\/kiosque.ecoledesponts.fr\/rapport-activite-2021\/"},{"@type":"ListItem","position":2,"name":"Chercher et innover","item":"https:\/\/kiosque.ecoledesponts.fr\/rapport-activite-2021\/chercher-et-innover\/"},{"@type":"ListItem","position":3,"name":"Gestion des risques, des ressources et des milieux","item":"https:\/\/kiosque.ecoledesponts.fr\/rapport-activite-2021\/chercher-et-innover\/gestion-des-risques-des-ressources-et-des-milieux\/"},{"@type":"ListItem","position":4,"name":"Faits marquants","item":"https:\/\/kiosque.ecoledesponts.fr\/rapport-activite-2021\/chercher-et-innover\/gestion-des-risques-des-ressources-et-des-milieux\/faits-marquants\/"},{"@type":"ListItem","position":5,"name":"Z\u00e9ro rejet en toiture"}]},{"@type":"WebSite","@id":"https:\/\/kiosque.ecoledesponts.fr\/rapport-activite-2021\/#website","url":"https:\/\/kiosque.ecoledesponts.fr\/rapport-activite-2021\/","name":"Rapport d'activit\u00e9 2021","description":"Un site utilisant Les sites du kiosque des ponts","potentialAction":[{"@type":"SearchAction","target":{"@type":"EntryPoint","urlTemplate":"https:\/\/kiosque.ecoledesponts.fr\/rapport-activite-2021\/?s={search_term_string}"},"query-input":"required name=search_term_string"}],"inLanguage":"fr-FR"}]}},"builder_content":"","_links":{"self":[{"href":"https:\/\/kiosque.ecoledesponts.fr\/rapport-activite-2021\/wp-json\/wp\/v2\/pages\/1007"}],"collection":[{"href":"https:\/\/kiosque.ecoledesponts.fr\/rapport-activite-2021\/wp-json\/wp\/v2\/pages"}],"about":[{"href":"https:\/\/kiosque.ecoledesponts.fr\/rapport-activite-2021\/wp-json\/wp\/v2\/types\/page"}],"author":[{"embeddable":true,"href":"https:\/\/kiosque.ecoledesponts.fr\/rapport-activite-2021\/wp-json\/wp\/v2\/users\/1"}],"replies":[{"embeddable":true,"href":"https:\/\/kiosque.ecoledesponts.fr\/rapport-activite-2021\/wp-json\/wp\/v2\/comments?post=1007"}],"version-history":[{"count":4,"href":"https:\/\/kiosque.ecoledesponts.fr\/rapport-activite-2021\/wp-json\/wp\/v2\/pages\/1007\/revisions"}],"predecessor-version":[{"id":1017,"href":"https:\/\/kiosque.ecoledesponts.fr\/rapport-activite-2021\/wp-json\/wp\/v2\/pages\/1007\/revisions\/1017"}],"up":[{"embeddable":true,"href":"https:\/\/kiosque.ecoledesponts.fr\/rapport-activite-2021\/wp-json\/wp\/v2\/pages\/961"}],"wp:attachment":[{"href":"https:\/\/kiosque.ecoledesponts.fr\/rapport-activite-2021\/wp-json\/wp\/v2\/media?parent=1007"}],"wp:term":[{"taxonomy":"post_tag","embeddable":true,"href":"https:\/\/kiosque.ecoledesponts.fr\/rapport-activite-2021\/wp-json\/wp\/v2\/tags?post=1007"}],"curies":[{"name":"wp","href":"https:\/\/api.w.org\/{rel}","templated":true}]}}