{"id":1043,"date":"2022-08-10T16:29:20","date_gmt":"2022-08-10T14:29:20","guid":{"rendered":"http:\/\/kiosque.ecoledesponts.fr\/rapport-activite-2021\/?page_id=1043"},"modified":"2023-01-02T16:45:18","modified_gmt":"2023-01-02T15:45:18","slug":"fil-conducteur-2021","status":"publish","type":"page","link":"https:\/\/kiosque.ecoledesponts.fr\/rapport-activite-2021\/chercher-et-innover\/systemes-ville-et-mobilite\/fil-conducteur-2021\/","title":{"rendered":"Fil conducteur 2021"},"content":{"rendered":"<!--themify_builder_content-->\n<div id=\"themify_builder_content-1043\" data-postid=\"1043\" class=\"themify_builder_content themify_builder_content-1043 themify_builder tf_clear\">\n    <\/div>\n<!--\/themify_builder_content-->\n\n<h3>MOBILIT\u00c9 COMPAR\u00c9E, \u00c9VALUATIONS ET SC\u00c9NARIOS DES POLLUTIONS ATMOSPH\u00c9RIQUES<\/h3>\n<h2>EN BREF<\/h2>\n<h3>PRINCIPAUX LABORATOIRES CONTRIBUTEURS<br \/>EN 2021<\/h3>\n<ul>\n<li>Centre d\u2019enseignement et de recherche en environnement atmosph\u00e9rique (CEREA) &#8211;<br \/>Directeur : Pietro Bernadara (jusqu\u2019au 31\/12\/2021)<\/li>\n<li>Laboratoire Eau, environnement et syst\u00e8mes urbains (LEESU) &#8211; <br \/>Directeur : R\u00e9gis Moilleron<\/li>\n<li>Laboratoire Ville, mobilit\u00e9, transport (LVMT) &#8211;<br \/>Directeur : Pierre Zembri<\/li>\n<\/ul>\n<h3>FORCE DE RECHERCHE<\/h3>\n<ul>\n<li>78 ETPR permanents<\/li>\n<li>106 doctorants et post-doctorants<\/li>\n<\/ul>\n<h3>LabEx<\/h3>\n<ul>\n<li>Futurs urbains<\/li>\n<\/ul>\n<h3>\u00c9COLES DOCTORALES<\/h3>\n<ul>\n<li>Sciences de l\u2019ing\u00e9nieur et de l\u2019environnement<br \/>(ED 531, Paris-Est Sup)<\/li>\n<li>Ville, transports, territoires (ED 528, Paris-Est Sup)<\/li>\n<\/ul>","protected":false},"excerpt":{"rendered":"<p>MOBILIT\u00c9 COMPAR\u00c9E, \u00c9VALUATIONS ET SC\u00c9NARIOS DES POLLUTIONS ATMOSPH\u00c9RIQUES EN BREF PRINCIPAUX LABORATOIRES CONTRIBUTEURSEN 2021 Centre d\u2019enseignement et de recherche en environnement atmosph\u00e9rique (CEREA) &#8211;Directeur : Pietro Bernadara (jusqu\u2019au 31\/12\/2021) Laboratoire Eau, environnement et syst\u00e8mes urbains (LEESU) &#8211; Directeur : R\u00e9gis Moilleron Laboratoire Ville, mobilit\u00e9, transport (LVMT) &#8211;Directeur : Pierre Zembri FORCE DE RECHERCHE 78 ETPR [&hellip;]<\/p>\n","protected":false},"author":1,"featured_media":0,"parent":1031,"menu_order":0,"comment_status":"closed","ping_status":"closed","template":"page_orange.php","meta":[],"tags":[49,31,29,39],"acf":[],"yoast_head":"<!-- This site is optimized with the Yoast SEO plugin v21.1 - https:\/\/yoast.com\/wordpress\/plugins\/seo\/ -->\n<title>Fil conducteur 2021 - Rapport d&#039;activit\u00e9 2021<\/title>\n<meta name=\"robots\" content=\"index, follow, max-snippet:-1, max-image-preview:large, max-video-preview:-1\" \/>\n<link rel=\"canonical\" href=\"https:\/\/kiosque.ecoledesponts.fr\/rapport-activite-2021\/chercher-et-innover\/systemes-ville-et-mobilite\/fil-conducteur-2021\/\" \/>\n<meta property=\"og:locale\" content=\"fr_FR\" \/>\n<meta property=\"og:type\" content=\"article\" \/>\n<meta property=\"og:title\" content=\"Fil conducteur 2021 - Rapport d&#039;activit\u00e9 2021\" \/>\n<meta property=\"og:description\" content=\"MOBILIT\u00c9 COMPAR\u00c9E, \u00c9VALUATIONS ET SC\u00c9NARIOS DES POLLUTIONS ATMOSPH\u00c9RIQUES EN BREF PRINCIPAUX LABORATOIRES CONTRIBUTEURSEN 2021 Centre d\u2019enseignement et de recherche en environnement atmosph\u00e9rique (CEREA) &#8211;Directeur : Pietro Bernadara (jusqu\u2019au 31\/12\/2021) Laboratoire Eau, environnement et syst\u00e8mes urbains (LEESU) &#8211; Directeur : R\u00e9gis Moilleron Laboratoire Ville, mobilit\u00e9, transport (LVMT) &#8211;Directeur : Pierre Zembri FORCE DE RECHERCHE 78 ETPR [&hellip;]\" \/>\n<meta property=\"og:url\" content=\"https:\/\/kiosque.ecoledesponts.fr\/rapport-activite-2021\/chercher-et-innover\/systemes-ville-et-mobilite\/fil-conducteur-2021\/\" \/>\n<meta property=\"og:site_name\" content=\"Rapport d&#039;activit\u00e9 2021\" \/>\n<meta property=\"article:modified_time\" content=\"2023-01-02T15:45:18+00:00\" \/>\n<meta name=\"twitter:card\" content=\"summary_large_image\" \/>\n<script type=\"application\/ld+json\" class=\"yoast-schema-graph\">{\"@context\":\"https:\/\/schema.org\",\"@graph\":[{\"@type\":\"WebPage\",\"@id\":\"https:\/\/kiosque.ecoledesponts.fr\/rapport-activite-2021\/chercher-et-innover\/systemes-ville-et-mobilite\/fil-conducteur-2021\/\",\"url\":\"https:\/\/kiosque.ecoledesponts.fr\/rapport-activite-2021\/chercher-et-innover\/systemes-ville-et-mobilite\/fil-conducteur-2021\/\",\"name\":\"Fil conducteur 2021 - Rapport d'activit\u00e9 2021\",\"isPartOf\":{\"@id\":\"https:\/\/kiosque.ecoledesponts.fr\/rapport-activite-2021\/#website\"},\"datePublished\":\"2022-08-10T14:29:20+00:00\",\"dateModified\":\"2023-01-02T15:45:18+00:00\",\"breadcrumb\":{\"@id\":\"https:\/\/kiosque.ecoledesponts.fr\/rapport-activite-2021\/chercher-et-innover\/systemes-ville-et-mobilite\/fil-conducteur-2021\/#breadcrumb\"},\"inLanguage\":\"fr-FR\",\"potentialAction\":[{\"@type\":\"ReadAction\",\"target\":[\"https:\/\/kiosque.ecoledesponts.fr\/rapport-activite-2021\/chercher-et-innover\/systemes-ville-et-mobilite\/fil-conducteur-2021\/\"]}]},{\"@type\":\"BreadcrumbList\",\"@id\":\"https:\/\/kiosque.ecoledesponts.fr\/rapport-activite-2021\/chercher-et-innover\/systemes-ville-et-mobilite\/fil-conducteur-2021\/#breadcrumb\",\"itemListElement\":[{\"@type\":\"ListItem\",\"position\":1,\"name\":\"Accueil\",\"item\":\"https:\/\/kiosque.ecoledesponts.fr\/rapport-activite-2021\/\"},{\"@type\":\"ListItem\",\"position\":2,\"name\":\"Chercher et innover\",\"item\":\"https:\/\/kiosque.ecoledesponts.fr\/rapport-activite-2021\/chercher-et-innover\/\"},{\"@type\":\"ListItem\",\"position\":3,\"name\":\"Syst\u00e8mes ville et mobilit\u00e9\",\"item\":\"https:\/\/kiosque.ecoledesponts.fr\/rapport-activite-2021\/chercher-et-innover\/systemes-ville-et-mobilite\/\"},{\"@type\":\"ListItem\",\"position\":4,\"name\":\"Fil conducteur 2021\"}]},{\"@type\":\"WebSite\",\"@id\":\"https:\/\/kiosque.ecoledesponts.fr\/rapport-activite-2021\/#website\",\"url\":\"https:\/\/kiosque.ecoledesponts.fr\/rapport-activite-2021\/\",\"name\":\"Rapport d'activit\u00e9 2021\",\"description\":\"Un site utilisant Les sites du kiosque des ponts\",\"potentialAction\":[{\"@type\":\"SearchAction\",\"target\":{\"@type\":\"EntryPoint\",\"urlTemplate\":\"https:\/\/kiosque.ecoledesponts.fr\/rapport-activite-2021\/?s={search_term_string}\"},\"query-input\":\"required name=search_term_string\"}],\"inLanguage\":\"fr-FR\"}]}<\/script>\n<!-- \/ Yoast SEO plugin. -->","yoast_head_json":{"title":"Fil conducteur 2021 - Rapport d'activit\u00e9 2021","robots":{"index":"index","follow":"follow","max-snippet":"max-snippet:-1","max-image-preview":"max-image-preview:large","max-video-preview":"max-video-preview:-1"},"canonical":"https:\/\/kiosque.ecoledesponts.fr\/rapport-activite-2021\/chercher-et-innover\/systemes-ville-et-mobilite\/fil-conducteur-2021\/","og_locale":"fr_FR","og_type":"article","og_title":"Fil conducteur 2021 - Rapport d'activit\u00e9 2021","og_description":"MOBILIT\u00c9 COMPAR\u00c9E, \u00c9VALUATIONS ET SC\u00c9NARIOS DES POLLUTIONS ATMOSPH\u00c9RIQUES EN BREF PRINCIPAUX LABORATOIRES CONTRIBUTEURSEN 2021 Centre d\u2019enseignement et de recherche en environnement atmosph\u00e9rique (CEREA) &#8211;Directeur : Pietro Bernadara (jusqu\u2019au 31\/12\/2021) Laboratoire Eau, environnement et syst\u00e8mes urbains (LEESU) &#8211; Directeur : R\u00e9gis Moilleron Laboratoire Ville, mobilit\u00e9, transport (LVMT) &#8211;Directeur : Pierre Zembri FORCE DE RECHERCHE 78 ETPR [&hellip;]","og_url":"https:\/\/kiosque.ecoledesponts.fr\/rapport-activite-2021\/chercher-et-innover\/systemes-ville-et-mobilite\/fil-conducteur-2021\/","og_site_name":"Rapport d'activit\u00e9 2021","article_modified_time":"2023-01-02T15:45:18+00:00","twitter_card":"summary_large_image","schema":{"@context":"https:\/\/schema.org","@graph":[{"@type":"WebPage","@id":"https:\/\/kiosque.ecoledesponts.fr\/rapport-activite-2021\/chercher-et-innover\/systemes-ville-et-mobilite\/fil-conducteur-2021\/","url":"https:\/\/kiosque.ecoledesponts.fr\/rapport-activite-2021\/chercher-et-innover\/systemes-ville-et-mobilite\/fil-conducteur-2021\/","name":"Fil conducteur 2021 - Rapport d'activit\u00e9 2021","isPartOf":{"@id":"https:\/\/kiosque.ecoledesponts.fr\/rapport-activite-2021\/#website"},"datePublished":"2022-08-10T14:29:20+00:00","dateModified":"2023-01-02T15:45:18+00:00","breadcrumb":{"@id":"https:\/\/kiosque.ecoledesponts.fr\/rapport-activite-2021\/chercher-et-innover\/systemes-ville-et-mobilite\/fil-conducteur-2021\/#breadcrumb"},"inLanguage":"fr-FR","potentialAction":[{"@type":"ReadAction","target":["https:\/\/kiosque.ecoledesponts.fr\/rapport-activite-2021\/chercher-et-innover\/systemes-ville-et-mobilite\/fil-conducteur-2021\/"]}]},{"@type":"BreadcrumbList","@id":"https:\/\/kiosque.ecoledesponts.fr\/rapport-activite-2021\/chercher-et-innover\/systemes-ville-et-mobilite\/fil-conducteur-2021\/#breadcrumb","itemListElement":[{"@type":"ListItem","position":1,"name":"Accueil","item":"https:\/\/kiosque.ecoledesponts.fr\/rapport-activite-2021\/"},{"@type":"ListItem","position":2,"name":"Chercher et innover","item":"https:\/\/kiosque.ecoledesponts.fr\/rapport-activite-2021\/chercher-et-innover\/"},{"@type":"ListItem","position":3,"name":"Syst\u00e8mes ville et mobilit\u00e9","item":"https:\/\/kiosque.ecoledesponts.fr\/rapport-activite-2021\/chercher-et-innover\/systemes-ville-et-mobilite\/"},{"@type":"ListItem","position":4,"name":"Fil conducteur 2021"}]},{"@type":"WebSite","@id":"https:\/\/kiosque.ecoledesponts.fr\/rapport-activite-2021\/#website","url":"https:\/\/kiosque.ecoledesponts.fr\/rapport-activite-2021\/","name":"Rapport d'activit\u00e9 2021","description":"Un site utilisant Les sites du kiosque des ponts","potentialAction":[{"@type":"SearchAction","target":{"@type":"EntryPoint","urlTemplate":"https:\/\/kiosque.ecoledesponts.fr\/rapport-activite-2021\/?s={search_term_string}"},"query-input":"required name=search_term_string"}],"inLanguage":"fr-FR"}]}},"builder_content":"","_links":{"self":[{"href":"https:\/\/kiosque.ecoledesponts.fr\/rapport-activite-2021\/wp-json\/wp\/v2\/pages\/1043"}],"collection":[{"href":"https:\/\/kiosque.ecoledesponts.fr\/rapport-activite-2021\/wp-json\/wp\/v2\/pages"}],"about":[{"href":"https:\/\/kiosque.ecoledesponts.fr\/rapport-activite-2021\/wp-json\/wp\/v2\/types\/page"}],"author":[{"embeddable":true,"href":"https:\/\/kiosque.ecoledesponts.fr\/rapport-activite-2021\/wp-json\/wp\/v2\/users\/1"}],"replies":[{"embeddable":true,"href":"https:\/\/kiosque.ecoledesponts.fr\/rapport-activite-2021\/wp-json\/wp\/v2\/comments?post=1043"}],"version-history":[{"count":3,"href":"https:\/\/kiosque.ecoledesponts.fr\/rapport-activite-2021\/wp-json\/wp\/v2\/pages\/1043\/revisions"}],"predecessor-version":[{"id":1051,"href":"https:\/\/kiosque.ecoledesponts.fr\/rapport-activite-2021\/wp-json\/wp\/v2\/pages\/1043\/revisions\/1051"}],"up":[{"embeddable":true,"href":"https:\/\/kiosque.ecoledesponts.fr\/rapport-activite-2021\/wp-json\/wp\/v2\/pages\/1031"}],"wp:attachment":[{"href":"https:\/\/kiosque.ecoledesponts.fr\/rapport-activite-2021\/wp-json\/wp\/v2\/media?parent=1043"}],"wp:term":[{"taxonomy":"post_tag","embeddable":true,"href":"https:\/\/kiosque.ecoledesponts.fr\/rapport-activite-2021\/wp-json\/wp\/v2\/tags?post=1043"}],"curies":[{"name":"wp","href":"https:\/\/api.w.org\/{rel}","templated":true}]}}