{"id":1059,"date":"2022-08-10T16:37:45","date_gmt":"2022-08-10T14:37:45","guid":{"rendered":"http:\/\/kiosque.ecoledesponts.fr\/rapport-activite-2021\/?page_id=1059"},"modified":"2023-01-02T16:46:44","modified_gmt":"2023-01-02T15:46:44","slug":"3-questions-a-anna-voskoboynikova","status":"publish","type":"page","link":"https:\/\/kiosque.ecoledesponts.fr\/rapport-activite-2021\/chercher-et-innover\/systemes-ville-et-mobilite\/3-questions-a-anna-voskoboynikova\/","title":{"rendered":"3 questions \u00e0 Anna Voskoboynikova"},"content":{"rendered":"<!--themify_builder_content-->\n<div id=\"themify_builder_content-1059\" data-postid=\"1059\" class=\"themify_builder_content themify_builder_content-1059 themify_builder tf_clear\">\n    <\/div>\n<!--\/themify_builder_content-->\n\n<blockquote>\n<div class=\"blockquote_inner\">\n<figure id=\"attachment_3547\" aria-describedby=\"caption-attachment-3547\" style=\"width: 150px\" class=\"wp-caption alignleft\"><img decoding=\"async\" loading=\"lazy\" class=\"img_border wp-image-3547 size-thumbnail\" src=\"http:\/\/kiosque.ecoledesponts.fr\/rapport-activite-2021\/wp-content\/uploads\/sites\/3\/2022\/09\/Anna_Voskoboynikova-150x150.jpg\" alt=\"Anna Voskoboynikova\" width=\"150\" height=\"150\" \/><figcaption id=\"caption-attachment-3547\" class=\"wp-caption-text\"><strong>Anna Voskoboynikova,<\/strong> doctorante au LVMT<\/figcaption><\/figure>\n<h2>LA MOBILITE URBAINE EN RENOUVELLEMENT : ANALYSE DIACHRONIQUE DE SERVICES ET POLITIQUES, COMPAREE ENTRE AGGLOMERATIONS<\/h2>\n<h3>Sur quoi portent vos recherches ?<\/h3>\n<p>La derni\u00e8re d\u00e9cennie a \u00e9t\u00e9 marqu\u00e9e par l\u2019arriv\u00e9e ou le d\u00e9veloppement croissant des services de mobilit\u00e9. Mon objectif est d\u2019analyser le d\u00e9veloppement des services de mobilit\u00e9 bas\u00e9s sur la voiture (autopartage, taxi, VTC) et des politiques publiques associ\u00e9es. Cette recherche est financ\u00e9e par l\u2019Institut de la mobilit\u00e9 durable Renault-ParisTech.<\/p>\n<h3>Quelles m\u00e9thodes avez-vous utilis\u00e9es ?<\/h3>\n<p>J\u2019ai construit un dispositif d\u2019analyse compar\u00e9e et diachronique (avec profondeur de 20 ans) des services et des politiques publiques sur un territoire, \u00e0 partir d\u2019une grille d\u2019indicateurs quantitatifs et qualitatifs. J\u2019ai appliqu\u00e9 cette grille sur quatre agglom\u00e9rations europ\u00e9ennes\u202f: Londres, Paris, Helsinki et Moscou. J\u2019ai conduit \u00e9galement 79 entretiens semi-directifs avec les acteurs locaux dans quatre villes, afin d\u2019analyser leurs strat\u00e9gies et les interactions dynamiques entre services et politiques publiques.<\/p>\n<h3>Quelles perspectives ouvrent vos travaux ?<\/h3>\n<p>Cette th\u00e8se permet de mieux comprendre les transformations des syst\u00e8mes de mobilit\u00e9 et met en \u00e9vidence des interactions fortes entre politiques publiques et services de mobilit\u00e9. Ce travail est renforc\u00e9 par l\u2019analyse fine et crois\u00e9e des jeux d\u2019acteurs, de leurs modalit\u00e9s d\u2019(inter)d\u00e9pendance et de concurrence qui se jouent dans les divers espaces et temporalit\u00e9s.<\/p>\n<\/div>\n<\/blockquote>","protected":false},"excerpt":{"rendered":"<p>LA MOBILITE URBAINE EN RENOUVELLEMENT : ANALYSE DIACHRONIQUE DE SERVICES ET POLITIQUES, COMPAREE ENTRE AGGLOMERATIONS Sur quoi portent vos recherches ? La derni\u00e8re d\u00e9cennie a \u00e9t\u00e9 marqu\u00e9e par l\u2019arriv\u00e9e ou le d\u00e9veloppement croissant des services de mobilit\u00e9. Mon objectif est d\u2019analyser le d\u00e9veloppement des services de mobilit\u00e9 bas\u00e9s sur la voiture (autopartage, taxi, VTC) et [&hellip;]<\/p>\n","protected":false},"author":1,"featured_media":0,"parent":1031,"menu_order":0,"comment_status":"closed","ping_status":"closed","template":"page_orange.php","meta":[],"tags":[45,33,31,29,39],"acf":[],"yoast_head":"<!-- This site is optimized with the Yoast SEO plugin v21.1 - https:\/\/yoast.com\/wordpress\/plugins\/seo\/ -->\n<title>3 questions \u00e0 Anna Voskoboynikova - Rapport d&#039;activit\u00e9 2021<\/title>\n<meta name=\"robots\" content=\"index, follow, max-snippet:-1, max-image-preview:large, max-video-preview:-1\" \/>\n<link rel=\"canonical\" href=\"https:\/\/kiosque.ecoledesponts.fr\/rapport-activite-2021\/chercher-et-innover\/systemes-ville-et-mobilite\/3-questions-a-anna-voskoboynikova\/\" \/>\n<meta property=\"og:locale\" content=\"fr_FR\" \/>\n<meta property=\"og:type\" content=\"article\" \/>\n<meta property=\"og:title\" content=\"3 questions \u00e0 Anna Voskoboynikova - Rapport d&#039;activit\u00e9 2021\" \/>\n<meta property=\"og:description\" content=\"LA MOBILITE URBAINE EN RENOUVELLEMENT : ANALYSE DIACHRONIQUE DE SERVICES ET POLITIQUES, COMPAREE ENTRE AGGLOMERATIONS Sur quoi portent vos recherches ? La derni\u00e8re d\u00e9cennie a \u00e9t\u00e9 marqu\u00e9e par l\u2019arriv\u00e9e ou le d\u00e9veloppement croissant des services de mobilit\u00e9. Mon objectif est d\u2019analyser le d\u00e9veloppement des services de mobilit\u00e9 bas\u00e9s sur la voiture (autopartage, taxi, VTC) et [&hellip;]\" \/>\n<meta property=\"og:url\" content=\"https:\/\/kiosque.ecoledesponts.fr\/rapport-activite-2021\/chercher-et-innover\/systemes-ville-et-mobilite\/3-questions-a-anna-voskoboynikova\/\" \/>\n<meta property=\"og:site_name\" content=\"Rapport d&#039;activit\u00e9 2021\" \/>\n<meta property=\"article:modified_time\" content=\"2023-01-02T15:46:44+00:00\" \/>\n<meta property=\"og:image\" content=\"http:\/\/kiosque.ecoledesponts.fr\/rapport-activite-2021\/wp-content\/uploads\/sites\/3\/2022\/09\/Anna_Voskoboynikova-150x150.jpg\" \/>\n<meta name=\"twitter:card\" content=\"summary_large_image\" \/>\n<meta name=\"twitter:label1\" content=\"Dur\u00e9e de lecture estim\u00e9e\" \/>\n\t<meta name=\"twitter:data1\" content=\"1 minute\" \/>\n<script type=\"application\/ld+json\" class=\"yoast-schema-graph\">{\"@context\":\"https:\/\/schema.org\",\"@graph\":[{\"@type\":\"WebPage\",\"@id\":\"https:\/\/kiosque.ecoledesponts.fr\/rapport-activite-2021\/chercher-et-innover\/systemes-ville-et-mobilite\/3-questions-a-anna-voskoboynikova\/\",\"url\":\"https:\/\/kiosque.ecoledesponts.fr\/rapport-activite-2021\/chercher-et-innover\/systemes-ville-et-mobilite\/3-questions-a-anna-voskoboynikova\/\",\"name\":\"3 questions \u00e0 Anna Voskoboynikova - Rapport d'activit\u00e9 2021\",\"isPartOf\":{\"@id\":\"https:\/\/kiosque.ecoledesponts.fr\/rapport-activite-2021\/#website\"},\"datePublished\":\"2022-08-10T14:37:45+00:00\",\"dateModified\":\"2023-01-02T15:46:44+00:00\",\"breadcrumb\":{\"@id\":\"https:\/\/kiosque.ecoledesponts.fr\/rapport-activite-2021\/chercher-et-innover\/systemes-ville-et-mobilite\/3-questions-a-anna-voskoboynikova\/#breadcrumb\"},\"inLanguage\":\"fr-FR\",\"potentialAction\":[{\"@type\":\"ReadAction\",\"target\":[\"https:\/\/kiosque.ecoledesponts.fr\/rapport-activite-2021\/chercher-et-innover\/systemes-ville-et-mobilite\/3-questions-a-anna-voskoboynikova\/\"]}]},{\"@type\":\"BreadcrumbList\",\"@id\":\"https:\/\/kiosque.ecoledesponts.fr\/rapport-activite-2021\/chercher-et-innover\/systemes-ville-et-mobilite\/3-questions-a-anna-voskoboynikova\/#breadcrumb\",\"itemListElement\":[{\"@type\":\"ListItem\",\"position\":1,\"name\":\"Accueil\",\"item\":\"https:\/\/kiosque.ecoledesponts.fr\/rapport-activite-2021\/\"},{\"@type\":\"ListItem\",\"position\":2,\"name\":\"Chercher et innover\",\"item\":\"https:\/\/kiosque.ecoledesponts.fr\/rapport-activite-2021\/chercher-et-innover\/\"},{\"@type\":\"ListItem\",\"position\":3,\"name\":\"Syst\u00e8mes ville et mobilit\u00e9\",\"item\":\"https:\/\/kiosque.ecoledesponts.fr\/rapport-activite-2021\/chercher-et-innover\/systemes-ville-et-mobilite\/\"},{\"@type\":\"ListItem\",\"position\":4,\"name\":\"3 questions \u00e0 Anna Voskoboynikova\"}]},{\"@type\":\"WebSite\",\"@id\":\"https:\/\/kiosque.ecoledesponts.fr\/rapport-activite-2021\/#website\",\"url\":\"https:\/\/kiosque.ecoledesponts.fr\/rapport-activite-2021\/\",\"name\":\"Rapport d'activit\u00e9 2021\",\"description\":\"Un site utilisant Les sites du kiosque des ponts\",\"potentialAction\":[{\"@type\":\"SearchAction\",\"target\":{\"@type\":\"EntryPoint\",\"urlTemplate\":\"https:\/\/kiosque.ecoledesponts.fr\/rapport-activite-2021\/?s={search_term_string}\"},\"query-input\":\"required name=search_term_string\"}],\"inLanguage\":\"fr-FR\"}]}<\/script>\n<!-- \/ Yoast SEO plugin. -->","yoast_head_json":{"title":"3 questions \u00e0 Anna Voskoboynikova - Rapport d'activit\u00e9 2021","robots":{"index":"index","follow":"follow","max-snippet":"max-snippet:-1","max-image-preview":"max-image-preview:large","max-video-preview":"max-video-preview:-1"},"canonical":"https:\/\/kiosque.ecoledesponts.fr\/rapport-activite-2021\/chercher-et-innover\/systemes-ville-et-mobilite\/3-questions-a-anna-voskoboynikova\/","og_locale":"fr_FR","og_type":"article","og_title":"3 questions \u00e0 Anna Voskoboynikova - Rapport d'activit\u00e9 2021","og_description":"LA MOBILITE URBAINE EN RENOUVELLEMENT : ANALYSE DIACHRONIQUE DE SERVICES ET POLITIQUES, COMPAREE ENTRE AGGLOMERATIONS Sur quoi portent vos recherches ? La derni\u00e8re d\u00e9cennie a \u00e9t\u00e9 marqu\u00e9e par l\u2019arriv\u00e9e ou le d\u00e9veloppement croissant des services de mobilit\u00e9. Mon objectif est d\u2019analyser le d\u00e9veloppement des services de mobilit\u00e9 bas\u00e9s sur la voiture (autopartage, taxi, VTC) et [&hellip;]","og_url":"https:\/\/kiosque.ecoledesponts.fr\/rapport-activite-2021\/chercher-et-innover\/systemes-ville-et-mobilite\/3-questions-a-anna-voskoboynikova\/","og_site_name":"Rapport d'activit\u00e9 2021","article_modified_time":"2023-01-02T15:46:44+00:00","og_image":[{"url":"http:\/\/kiosque.ecoledesponts.fr\/rapport-activite-2021\/wp-content\/uploads\/sites\/3\/2022\/09\/Anna_Voskoboynikova-150x150.jpg"}],"twitter_card":"summary_large_image","twitter_misc":{"Dur\u00e9e de lecture estim\u00e9e":"1 minute"},"schema":{"@context":"https:\/\/schema.org","@graph":[{"@type":"WebPage","@id":"https:\/\/kiosque.ecoledesponts.fr\/rapport-activite-2021\/chercher-et-innover\/systemes-ville-et-mobilite\/3-questions-a-anna-voskoboynikova\/","url":"https:\/\/kiosque.ecoledesponts.fr\/rapport-activite-2021\/chercher-et-innover\/systemes-ville-et-mobilite\/3-questions-a-anna-voskoboynikova\/","name":"3 questions \u00e0 Anna Voskoboynikova - Rapport d'activit\u00e9 2021","isPartOf":{"@id":"https:\/\/kiosque.ecoledesponts.fr\/rapport-activite-2021\/#website"},"datePublished":"2022-08-10T14:37:45+00:00","dateModified":"2023-01-02T15:46:44+00:00","breadcrumb":{"@id":"https:\/\/kiosque.ecoledesponts.fr\/rapport-activite-2021\/chercher-et-innover\/systemes-ville-et-mobilite\/3-questions-a-anna-voskoboynikova\/#breadcrumb"},"inLanguage":"fr-FR","potentialAction":[{"@type":"ReadAction","target":["https:\/\/kiosque.ecoledesponts.fr\/rapport-activite-2021\/chercher-et-innover\/systemes-ville-et-mobilite\/3-questions-a-anna-voskoboynikova\/"]}]},{"@type":"BreadcrumbList","@id":"https:\/\/kiosque.ecoledesponts.fr\/rapport-activite-2021\/chercher-et-innover\/systemes-ville-et-mobilite\/3-questions-a-anna-voskoboynikova\/#breadcrumb","itemListElement":[{"@type":"ListItem","position":1,"name":"Accueil","item":"https:\/\/kiosque.ecoledesponts.fr\/rapport-activite-2021\/"},{"@type":"ListItem","position":2,"name":"Chercher et innover","item":"https:\/\/kiosque.ecoledesponts.fr\/rapport-activite-2021\/chercher-et-innover\/"},{"@type":"ListItem","position":3,"name":"Syst\u00e8mes ville et mobilit\u00e9","item":"https:\/\/kiosque.ecoledesponts.fr\/rapport-activite-2021\/chercher-et-innover\/systemes-ville-et-mobilite\/"},{"@type":"ListItem","position":4,"name":"3 questions \u00e0 Anna Voskoboynikova"}]},{"@type":"WebSite","@id":"https:\/\/kiosque.ecoledesponts.fr\/rapport-activite-2021\/#website","url":"https:\/\/kiosque.ecoledesponts.fr\/rapport-activite-2021\/","name":"Rapport d'activit\u00e9 2021","description":"Un site utilisant Les sites du kiosque des ponts","potentialAction":[{"@type":"SearchAction","target":{"@type":"EntryPoint","urlTemplate":"https:\/\/kiosque.ecoledesponts.fr\/rapport-activite-2021\/?s={search_term_string}"},"query-input":"required name=search_term_string"}],"inLanguage":"fr-FR"}]}},"builder_content":"","_links":{"self":[{"href":"https:\/\/kiosque.ecoledesponts.fr\/rapport-activite-2021\/wp-json\/wp\/v2\/pages\/1059"}],"collection":[{"href":"https:\/\/kiosque.ecoledesponts.fr\/rapport-activite-2021\/wp-json\/wp\/v2\/pages"}],"about":[{"href":"https:\/\/kiosque.ecoledesponts.fr\/rapport-activite-2021\/wp-json\/wp\/v2\/types\/page"}],"author":[{"embeddable":true,"href":"https:\/\/kiosque.ecoledesponts.fr\/rapport-activite-2021\/wp-json\/wp\/v2\/users\/1"}],"replies":[{"embeddable":true,"href":"https:\/\/kiosque.ecoledesponts.fr\/rapport-activite-2021\/wp-json\/wp\/v2\/comments?post=1059"}],"version-history":[{"count":28,"href":"https:\/\/kiosque.ecoledesponts.fr\/rapport-activite-2021\/wp-json\/wp\/v2\/pages\/1059\/revisions"}],"predecessor-version":[{"id":3803,"href":"https:\/\/kiosque.ecoledesponts.fr\/rapport-activite-2021\/wp-json\/wp\/v2\/pages\/1059\/revisions\/3803"}],"up":[{"embeddable":true,"href":"https:\/\/kiosque.ecoledesponts.fr\/rapport-activite-2021\/wp-json\/wp\/v2\/pages\/1031"}],"wp:attachment":[{"href":"https:\/\/kiosque.ecoledesponts.fr\/rapport-activite-2021\/wp-json\/wp\/v2\/media?parent=1059"}],"wp:term":[{"taxonomy":"post_tag","embeddable":true,"href":"https:\/\/kiosque.ecoledesponts.fr\/rapport-activite-2021\/wp-json\/wp\/v2\/tags?post=1059"}],"curies":[{"name":"wp","href":"https:\/\/api.w.org\/{rel}","templated":true}]}}