{"id":1073,"date":"2022-08-10T17:12:30","date_gmt":"2022-08-10T15:12:30","guid":{"rendered":"http:\/\/kiosque.ecoledesponts.fr\/rapport-activite-2021\/?page_id=1073"},"modified":"2023-01-02T16:47:26","modified_gmt":"2023-01-02T15:47:26","slug":"projet-phare","status":"publish","type":"page","link":"https:\/\/kiosque.ecoledesponts.fr\/rapport-activite-2021\/chercher-et-innover\/systemes-ville-et-mobilite\/projet-phare\/","title":{"rendered":"Projet phare : Ruissellement de plomb depuis les toitures des monuments historiques &#8211; Cas de la r\u00e9novation de Notre-Dame de Paris"},"content":{"rendered":"<!--themify_builder_content-->\n<div id=\"themify_builder_content-1073\" data-postid=\"1073\" class=\"themify_builder_content themify_builder_content-1073 themify_builder tf_clear\">\n    <\/div>\n<!--\/themify_builder_content-->\n\n<div class=\"phare\">\n<h2>Ruissellement de plomb depuis les toitures des monuments historiques &#8211; Cas de la r\u00e9novation de Notre-Dame de Paris<\/h2>\n<\/div>\n<h3>Marie-Christine Gromaire, Directrice de recherche au LEESU<\/h3>\n<figure id=\"attachment_2707\" aria-describedby=\"caption-attachment-2707\" style=\"width: 263px\" class=\"wp-caption alignright\"><img decoding=\"async\" loading=\"lazy\" class=\"wp-image-2707 size-medium\" src=\"http:\/\/kiosque.ecoledesponts.fr\/rapport-activite-2021\/wp-content\/uploads\/sites\/3\/2022\/08\/toiture-ND-263x300.jpg\" alt=\"Toiture en plomb de la sacristie de Notre-Dame\" width=\"263\" height=\"300\" srcset=\"https:\/\/kiosque.ecoledesponts.fr\/rapport-activite-2021\/wp-content\/uploads\/sites\/3\/2022\/08\/toiture-ND-263x300.jpg 263w, https:\/\/kiosque.ecoledesponts.fr\/rapport-activite-2021\/wp-content\/uploads\/sites\/3\/2022\/08\/toiture-ND.jpg 693w\" sizes=\"(max-width: 263px) 100vw, 263px\" \/><figcaption id=\"caption-attachment-2707\" class=\"wp-caption-text\">Toiture en plomb de la sacristie de Notre-Dame<\/figcaption><\/figure>\n<p>Le plomb est largement utilis\u00e9 dans les b\u00e2timents historiques pour la r\u00e9alisation de couvertures, d\u2019\u00e9l\u00e9ments d\u2019\u00e9tanch\u00e9it\u00e9 et de drainage des eaux ou encore d\u2019\u00e9l\u00e9ments d\u00e9coratifs. L\u2019incendie et la reconstruction de la cath\u00e9drale Notre-Dame de Paris soul\u00e8vent cependant la question de la contamination au plomb des eaux ruisselant de ces couvertures et de leur impact environnemental, voire sanitaire.<\/p>\n<p>Alors que les connaissances sur le sujet restent tr\u00e8s partielles, les travaux engag\u00e9s par le LEESU, dans le cadre d\u2019une convention de recherche partag\u00e9e entre l\u2019\u00c9cole des Ponts ParisTech et l\u2019\u00e9tablissement public Reb\u00e2tir Notre-Dame de Paris, permettront de mieux caract\u00e9riser et pr\u00e9dire ces \u00e9missions. Ils s\u2019appuient sur 12 mois de suivi <em>in situ<\/em> de 6 portions de toiture de la cath\u00e9drale et de 17\u00a0bancs d\u2019essai de plombs d\u2019\u00e2ge et de nature diff\u00e9rents, expos\u00e9s sous diff\u00e9rentes pentes et orientations.<\/p>\n<p>Les r\u00e9sultats visent non seulement une \u00e9valuation objective des enjeux environnementaux associ\u00e9s \u00e0 ces toitures, mais \u00e9galement l\u2019orientation de mesures pr\u00e9ventives ou curatives.<\/p>\n<figure id=\"attachment_2059\" aria-describedby=\"caption-attachment-2059\" style=\"width: 300px\" class=\"wp-caption alignnone\"><img decoding=\"async\" loading=\"lazy\" class=\"wp-image-2059 size-medium\" src=\"http:\/\/kiosque.ecoledesponts.fr\/rapport-activite-2021\/wp-content\/uploads\/sites\/3\/2022\/08\/plomb-toitures-300x225.jpg\" alt=\"Bancs d\u2019essai sur la toiture de Notre-Dame\" width=\"300\" height=\"225\" srcset=\"https:\/\/kiosque.ecoledesponts.fr\/rapport-activite-2021\/wp-content\/uploads\/sites\/3\/2022\/08\/plomb-toitures-300x225.jpg 300w, https:\/\/kiosque.ecoledesponts.fr\/rapport-activite-2021\/wp-content\/uploads\/sites\/3\/2022\/08\/plomb-toitures-1024x768.jpg 1024w, https:\/\/kiosque.ecoledesponts.fr\/rapport-activite-2021\/wp-content\/uploads\/sites\/3\/2022\/08\/plomb-toitures-768x576.jpg 768w, https:\/\/kiosque.ecoledesponts.fr\/rapport-activite-2021\/wp-content\/uploads\/sites\/3\/2022\/08\/plomb-toitures.jpg 1066w\" sizes=\"(max-width: 300px) 100vw, 300px\" \/><figcaption id=\"caption-attachment-2059\" class=\"wp-caption-text\">Bancs d\u2019essai sur la toiture de Notre-Dame<\/figcaption><\/figure>","protected":false},"excerpt":{"rendered":"<p>Ruissellement de plomb depuis les toitures des monuments historiques &#8211; Cas de la r\u00e9novation de Notre-Dame de Paris Marie-Christine Gromaire, Directrice de recherche au LEESU Le plomb est largement utilis\u00e9 dans les b\u00e2timents historiques pour la r\u00e9alisation de couvertures, d\u2019\u00e9l\u00e9ments d\u2019\u00e9tanch\u00e9it\u00e9 et de drainage des eaux ou encore d\u2019\u00e9l\u00e9ments d\u00e9coratifs. L\u2019incendie et la reconstruction de [&hellip;]<\/p>\n","protected":false},"author":1,"featured_media":0,"parent":1031,"menu_order":0,"comment_status":"closed","ping_status":"closed","template":"page_orange.php","meta":[],"tags":[43,29,39],"acf":[],"yoast_head":"<!-- This site is optimized with the Yoast SEO plugin v21.1 - https:\/\/yoast.com\/wordpress\/plugins\/seo\/ -->\n<title>Projet phare : Ruissellement de plomb depuis les toitures des monuments historiques - Cas de la r\u00e9novation de Notre-Dame de Paris - Rapport d&#039;activit\u00e9 2021<\/title>\n<meta name=\"robots\" content=\"index, follow, max-snippet:-1, max-image-preview:large, max-video-preview:-1\" \/>\n<link rel=\"canonical\" href=\"https:\/\/kiosque.ecoledesponts.fr\/rapport-activite-2021\/chercher-et-innover\/systemes-ville-et-mobilite\/projet-phare\/\" \/>\n<meta property=\"og:locale\" content=\"fr_FR\" \/>\n<meta property=\"og:type\" content=\"article\" \/>\n<meta property=\"og:title\" content=\"Projet phare : Ruissellement de plomb depuis les toitures des monuments historiques - Cas de la r\u00e9novation de Notre-Dame de Paris - Rapport d&#039;activit\u00e9 2021\" \/>\n<meta property=\"og:description\" content=\"Ruissellement de plomb depuis les toitures des monuments historiques &#8211; Cas de la r\u00e9novation de Notre-Dame de Paris Marie-Christine Gromaire, Directrice de recherche au LEESU Le plomb est largement utilis\u00e9 dans les b\u00e2timents historiques pour la r\u00e9alisation de couvertures, d\u2019\u00e9l\u00e9ments d\u2019\u00e9tanch\u00e9it\u00e9 et de drainage des eaux ou encore d\u2019\u00e9l\u00e9ments d\u00e9coratifs. L\u2019incendie et la reconstruction de [&hellip;]\" \/>\n<meta property=\"og:url\" content=\"https:\/\/kiosque.ecoledesponts.fr\/rapport-activite-2021\/chercher-et-innover\/systemes-ville-et-mobilite\/projet-phare\/\" \/>\n<meta property=\"og:site_name\" content=\"Rapport d&#039;activit\u00e9 2021\" \/>\n<meta property=\"article:modified_time\" content=\"2023-01-02T15:47:26+00:00\" \/>\n<meta property=\"og:image\" content=\"http:\/\/kiosque.ecoledesponts.fr\/rapport-activite-2021\/wp-content\/uploads\/sites\/3\/2022\/08\/toiture-ND-263x300.jpg\" \/>\n<meta name=\"twitter:card\" content=\"summary_large_image\" \/>\n<meta name=\"twitter:label1\" content=\"Dur\u00e9e de lecture estim\u00e9e\" \/>\n\t<meta name=\"twitter:data1\" content=\"1 minute\" \/>\n<script type=\"application\/ld+json\" class=\"yoast-schema-graph\">{\"@context\":\"https:\/\/schema.org\",\"@graph\":[{\"@type\":\"WebPage\",\"@id\":\"https:\/\/kiosque.ecoledesponts.fr\/rapport-activite-2021\/chercher-et-innover\/systemes-ville-et-mobilite\/projet-phare\/\",\"url\":\"https:\/\/kiosque.ecoledesponts.fr\/rapport-activite-2021\/chercher-et-innover\/systemes-ville-et-mobilite\/projet-phare\/\",\"name\":\"Projet phare : Ruissellement de plomb depuis les toitures des monuments historiques - Cas de la r\u00e9novation de Notre-Dame de Paris - Rapport d'activit\u00e9 2021\",\"isPartOf\":{\"@id\":\"https:\/\/kiosque.ecoledesponts.fr\/rapport-activite-2021\/#website\"},\"datePublished\":\"2022-08-10T15:12:30+00:00\",\"dateModified\":\"2023-01-02T15:47:26+00:00\",\"breadcrumb\":{\"@id\":\"https:\/\/kiosque.ecoledesponts.fr\/rapport-activite-2021\/chercher-et-innover\/systemes-ville-et-mobilite\/projet-phare\/#breadcrumb\"},\"inLanguage\":\"fr-FR\",\"potentialAction\":[{\"@type\":\"ReadAction\",\"target\":[\"https:\/\/kiosque.ecoledesponts.fr\/rapport-activite-2021\/chercher-et-innover\/systemes-ville-et-mobilite\/projet-phare\/\"]}]},{\"@type\":\"BreadcrumbList\",\"@id\":\"https:\/\/kiosque.ecoledesponts.fr\/rapport-activite-2021\/chercher-et-innover\/systemes-ville-et-mobilite\/projet-phare\/#breadcrumb\",\"itemListElement\":[{\"@type\":\"ListItem\",\"position\":1,\"name\":\"Accueil\",\"item\":\"https:\/\/kiosque.ecoledesponts.fr\/rapport-activite-2021\/\"},{\"@type\":\"ListItem\",\"position\":2,\"name\":\"Chercher et innover\",\"item\":\"https:\/\/kiosque.ecoledesponts.fr\/rapport-activite-2021\/chercher-et-innover\/\"},{\"@type\":\"ListItem\",\"position\":3,\"name\":\"Syst\u00e8mes ville et mobilit\u00e9\",\"item\":\"https:\/\/kiosque.ecoledesponts.fr\/rapport-activite-2021\/chercher-et-innover\/systemes-ville-et-mobilite\/\"},{\"@type\":\"ListItem\",\"position\":4,\"name\":\"Projet phare : Ruissellement de plomb depuis les toitures des monuments historiques &#8211; Cas de la r\u00e9novation de Notre-Dame de Paris\"}]},{\"@type\":\"WebSite\",\"@id\":\"https:\/\/kiosque.ecoledesponts.fr\/rapport-activite-2021\/#website\",\"url\":\"https:\/\/kiosque.ecoledesponts.fr\/rapport-activite-2021\/\",\"name\":\"Rapport d'activit\u00e9 2021\",\"description\":\"Un site utilisant Les sites du kiosque des ponts\",\"potentialAction\":[{\"@type\":\"SearchAction\",\"target\":{\"@type\":\"EntryPoint\",\"urlTemplate\":\"https:\/\/kiosque.ecoledesponts.fr\/rapport-activite-2021\/?s={search_term_string}\"},\"query-input\":\"required name=search_term_string\"}],\"inLanguage\":\"fr-FR\"}]}<\/script>\n<!-- \/ Yoast SEO plugin. -->","yoast_head_json":{"title":"Projet phare : Ruissellement de plomb depuis les toitures des monuments historiques - Cas de la r\u00e9novation de Notre-Dame de Paris - Rapport d'activit\u00e9 2021","robots":{"index":"index","follow":"follow","max-snippet":"max-snippet:-1","max-image-preview":"max-image-preview:large","max-video-preview":"max-video-preview:-1"},"canonical":"https:\/\/kiosque.ecoledesponts.fr\/rapport-activite-2021\/chercher-et-innover\/systemes-ville-et-mobilite\/projet-phare\/","og_locale":"fr_FR","og_type":"article","og_title":"Projet phare : Ruissellement de plomb depuis les toitures des monuments historiques - Cas de la r\u00e9novation de Notre-Dame de Paris - Rapport d'activit\u00e9 2021","og_description":"Ruissellement de plomb depuis les toitures des monuments historiques &#8211; Cas de la r\u00e9novation de Notre-Dame de Paris Marie-Christine Gromaire, Directrice de recherche au LEESU Le plomb est largement utilis\u00e9 dans les b\u00e2timents historiques pour la r\u00e9alisation de couvertures, d\u2019\u00e9l\u00e9ments d\u2019\u00e9tanch\u00e9it\u00e9 et de drainage des eaux ou encore d\u2019\u00e9l\u00e9ments d\u00e9coratifs. L\u2019incendie et la reconstruction de [&hellip;]","og_url":"https:\/\/kiosque.ecoledesponts.fr\/rapport-activite-2021\/chercher-et-innover\/systemes-ville-et-mobilite\/projet-phare\/","og_site_name":"Rapport d'activit\u00e9 2021","article_modified_time":"2023-01-02T15:47:26+00:00","og_image":[{"url":"http:\/\/kiosque.ecoledesponts.fr\/rapport-activite-2021\/wp-content\/uploads\/sites\/3\/2022\/08\/toiture-ND-263x300.jpg"}],"twitter_card":"summary_large_image","twitter_misc":{"Dur\u00e9e de lecture estim\u00e9e":"1 minute"},"schema":{"@context":"https:\/\/schema.org","@graph":[{"@type":"WebPage","@id":"https:\/\/kiosque.ecoledesponts.fr\/rapport-activite-2021\/chercher-et-innover\/systemes-ville-et-mobilite\/projet-phare\/","url":"https:\/\/kiosque.ecoledesponts.fr\/rapport-activite-2021\/chercher-et-innover\/systemes-ville-et-mobilite\/projet-phare\/","name":"Projet phare : Ruissellement de plomb depuis les toitures des monuments historiques - Cas de la r\u00e9novation de Notre-Dame de Paris - Rapport d'activit\u00e9 2021","isPartOf":{"@id":"https:\/\/kiosque.ecoledesponts.fr\/rapport-activite-2021\/#website"},"datePublished":"2022-08-10T15:12:30+00:00","dateModified":"2023-01-02T15:47:26+00:00","breadcrumb":{"@id":"https:\/\/kiosque.ecoledesponts.fr\/rapport-activite-2021\/chercher-et-innover\/systemes-ville-et-mobilite\/projet-phare\/#breadcrumb"},"inLanguage":"fr-FR","potentialAction":[{"@type":"ReadAction","target":["https:\/\/kiosque.ecoledesponts.fr\/rapport-activite-2021\/chercher-et-innover\/systemes-ville-et-mobilite\/projet-phare\/"]}]},{"@type":"BreadcrumbList","@id":"https:\/\/kiosque.ecoledesponts.fr\/rapport-activite-2021\/chercher-et-innover\/systemes-ville-et-mobilite\/projet-phare\/#breadcrumb","itemListElement":[{"@type":"ListItem","position":1,"name":"Accueil","item":"https:\/\/kiosque.ecoledesponts.fr\/rapport-activite-2021\/"},{"@type":"ListItem","position":2,"name":"Chercher et innover","item":"https:\/\/kiosque.ecoledesponts.fr\/rapport-activite-2021\/chercher-et-innover\/"},{"@type":"ListItem","position":3,"name":"Syst\u00e8mes ville et mobilit\u00e9","item":"https:\/\/kiosque.ecoledesponts.fr\/rapport-activite-2021\/chercher-et-innover\/systemes-ville-et-mobilite\/"},{"@type":"ListItem","position":4,"name":"Projet phare : Ruissellement de plomb depuis les toitures des monuments historiques &#8211; Cas de la r\u00e9novation de Notre-Dame de Paris"}]},{"@type":"WebSite","@id":"https:\/\/kiosque.ecoledesponts.fr\/rapport-activite-2021\/#website","url":"https:\/\/kiosque.ecoledesponts.fr\/rapport-activite-2021\/","name":"Rapport d'activit\u00e9 2021","description":"Un site utilisant Les sites du kiosque des ponts","potentialAction":[{"@type":"SearchAction","target":{"@type":"EntryPoint","urlTemplate":"https:\/\/kiosque.ecoledesponts.fr\/rapport-activite-2021\/?s={search_term_string}"},"query-input":"required name=search_term_string"}],"inLanguage":"fr-FR"}]}},"builder_content":"","_links":{"self":[{"href":"https:\/\/kiosque.ecoledesponts.fr\/rapport-activite-2021\/wp-json\/wp\/v2\/pages\/1073"}],"collection":[{"href":"https:\/\/kiosque.ecoledesponts.fr\/rapport-activite-2021\/wp-json\/wp\/v2\/pages"}],"about":[{"href":"https:\/\/kiosque.ecoledesponts.fr\/rapport-activite-2021\/wp-json\/wp\/v2\/types\/page"}],"author":[{"embeddable":true,"href":"https:\/\/kiosque.ecoledesponts.fr\/rapport-activite-2021\/wp-json\/wp\/v2\/users\/1"}],"replies":[{"embeddable":true,"href":"https:\/\/kiosque.ecoledesponts.fr\/rapport-activite-2021\/wp-json\/wp\/v2\/comments?post=1073"}],"version-history":[{"count":12,"href":"https:\/\/kiosque.ecoledesponts.fr\/rapport-activite-2021\/wp-json\/wp\/v2\/pages\/1073\/revisions"}],"predecessor-version":[{"id":2719,"href":"https:\/\/kiosque.ecoledesponts.fr\/rapport-activite-2021\/wp-json\/wp\/v2\/pages\/1073\/revisions\/2719"}],"up":[{"embeddable":true,"href":"https:\/\/kiosque.ecoledesponts.fr\/rapport-activite-2021\/wp-json\/wp\/v2\/pages\/1031"}],"wp:attachment":[{"href":"https:\/\/kiosque.ecoledesponts.fr\/rapport-activite-2021\/wp-json\/wp\/v2\/media?parent=1073"}],"wp:term":[{"taxonomy":"post_tag","embeddable":true,"href":"https:\/\/kiosque.ecoledesponts.fr\/rapport-activite-2021\/wp-json\/wp\/v2\/tags?post=1073"}],"curies":[{"name":"wp","href":"https:\/\/api.w.org\/{rel}","templated":true}]}}