{"id":1099,"date":"2022-08-10T17:23:41","date_gmt":"2022-08-10T15:23:41","guid":{"rendered":"http:\/\/kiosque.ecoledesponts.fr\/rapport-activite-2021\/?page_id=1099"},"modified":"2023-01-02T16:48:50","modified_gmt":"2023-01-02T15:48:50","slug":"un-laboratoire-danalyse-des-microplastiques","status":"publish","type":"page","link":"https:\/\/kiosque.ecoledesponts.fr\/rapport-activite-2021\/chercher-et-innover\/systemes-ville-et-mobilite\/faits-marquants\/un-laboratoire-danalyse-des-microplastiques\/","title":{"rendered":"Un laboratoire d\u2019analyse des microplastiques"},"content":{"rendered":"<!--themify_builder_content-->\n<div id=\"themify_builder_content-1099\" data-postid=\"1099\" class=\"themify_builder_content themify_builder_content-1099 themify_builder tf_clear\">\n    <\/div>\n<!--\/themify_builder_content-->\n\n<p class=\"TXTCOURANT\">Install\u00e9 au <span style=\"text-transform: uppercase;\">Leesu<\/span>, ce laboratoire comprend une salle de pr\u00e9traitement des \u00e9chantillons et une salle de caract\u00e9risation chimique. Il est \u00e9quip\u00e9 de spectrom\u00e8tre et microspectrom\u00e8tre \u00e0 transform\u00e9e de Fourier qui permettent d\u2019identifier des particules jusqu\u2019\u00e0 25 \u00b5m de diam\u00e8tre.<\/p>","protected":false},"excerpt":{"rendered":"<p>Install\u00e9 au Leesu, ce laboratoire comprend une salle de pr\u00e9traitement des \u00e9chantillons et une salle de caract\u00e9risation chimique. Il est \u00e9quip\u00e9 de spectrom\u00e8tre et microspectrom\u00e8tre \u00e0 transform\u00e9e de Fourier qui permettent d\u2019identifier des particules jusqu\u2019\u00e0 25 \u00b5m de diam\u00e8tre.<\/p>\n","protected":false},"author":1,"featured_media":0,"parent":1087,"menu_order":0,"comment_status":"closed","ping_status":"closed","template":"page_orange.php","meta":[],"tags":[49,53,29,39],"acf":[],"yoast_head":"<!-- This site is optimized with the Yoast SEO plugin v21.1 - https:\/\/yoast.com\/wordpress\/plugins\/seo\/ -->\n<title>Un laboratoire d\u2019analyse des microplastiques - Rapport d&#039;activit\u00e9 2021<\/title>\n<meta name=\"robots\" content=\"index, follow, max-snippet:-1, max-image-preview:large, max-video-preview:-1\" \/>\n<link rel=\"canonical\" href=\"https:\/\/kiosque.ecoledesponts.fr\/rapport-activite-2021\/chercher-et-innover\/systemes-ville-et-mobilite\/faits-marquants\/un-laboratoire-danalyse-des-microplastiques\/\" \/>\n<meta property=\"og:locale\" content=\"fr_FR\" \/>\n<meta property=\"og:type\" content=\"article\" \/>\n<meta property=\"og:title\" content=\"Un laboratoire d\u2019analyse des microplastiques - Rapport d&#039;activit\u00e9 2021\" \/>\n<meta property=\"og:description\" content=\"Install\u00e9 au Leesu, ce laboratoire comprend une salle de pr\u00e9traitement des \u00e9chantillons et une salle de caract\u00e9risation chimique. Il est \u00e9quip\u00e9 de spectrom\u00e8tre et microspectrom\u00e8tre \u00e0 transform\u00e9e de Fourier qui permettent d\u2019identifier des particules jusqu\u2019\u00e0 25 \u00b5m de diam\u00e8tre.\" \/>\n<meta property=\"og:url\" content=\"https:\/\/kiosque.ecoledesponts.fr\/rapport-activite-2021\/chercher-et-innover\/systemes-ville-et-mobilite\/faits-marquants\/un-laboratoire-danalyse-des-microplastiques\/\" \/>\n<meta property=\"og:site_name\" content=\"Rapport d&#039;activit\u00e9 2021\" \/>\n<meta property=\"article:modified_time\" content=\"2023-01-02T15:48:50+00:00\" \/>\n<meta name=\"twitter:card\" content=\"summary_large_image\" \/>\n<script type=\"application\/ld+json\" class=\"yoast-schema-graph\">{\"@context\":\"https:\/\/schema.org\",\"@graph\":[{\"@type\":\"WebPage\",\"@id\":\"https:\/\/kiosque.ecoledesponts.fr\/rapport-activite-2021\/chercher-et-innover\/systemes-ville-et-mobilite\/faits-marquants\/un-laboratoire-danalyse-des-microplastiques\/\",\"url\":\"https:\/\/kiosque.ecoledesponts.fr\/rapport-activite-2021\/chercher-et-innover\/systemes-ville-et-mobilite\/faits-marquants\/un-laboratoire-danalyse-des-microplastiques\/\",\"name\":\"Un laboratoire d\u2019analyse des microplastiques - Rapport d'activit\u00e9 2021\",\"isPartOf\":{\"@id\":\"https:\/\/kiosque.ecoledesponts.fr\/rapport-activite-2021\/#website\"},\"datePublished\":\"2022-08-10T15:23:41+00:00\",\"dateModified\":\"2023-01-02T15:48:50+00:00\",\"breadcrumb\":{\"@id\":\"https:\/\/kiosque.ecoledesponts.fr\/rapport-activite-2021\/chercher-et-innover\/systemes-ville-et-mobilite\/faits-marquants\/un-laboratoire-danalyse-des-microplastiques\/#breadcrumb\"},\"inLanguage\":\"fr-FR\",\"potentialAction\":[{\"@type\":\"ReadAction\",\"target\":[\"https:\/\/kiosque.ecoledesponts.fr\/rapport-activite-2021\/chercher-et-innover\/systemes-ville-et-mobilite\/faits-marquants\/un-laboratoire-danalyse-des-microplastiques\/\"]}]},{\"@type\":\"BreadcrumbList\",\"@id\":\"https:\/\/kiosque.ecoledesponts.fr\/rapport-activite-2021\/chercher-et-innover\/systemes-ville-et-mobilite\/faits-marquants\/un-laboratoire-danalyse-des-microplastiques\/#breadcrumb\",\"itemListElement\":[{\"@type\":\"ListItem\",\"position\":1,\"name\":\"Accueil\",\"item\":\"https:\/\/kiosque.ecoledesponts.fr\/rapport-activite-2021\/\"},{\"@type\":\"ListItem\",\"position\":2,\"name\":\"Chercher et innover\",\"item\":\"https:\/\/kiosque.ecoledesponts.fr\/rapport-activite-2021\/chercher-et-innover\/\"},{\"@type\":\"ListItem\",\"position\":3,\"name\":\"Syst\u00e8mes ville et mobilit\u00e9\",\"item\":\"https:\/\/kiosque.ecoledesponts.fr\/rapport-activite-2021\/chercher-et-innover\/systemes-ville-et-mobilite\/\"},{\"@type\":\"ListItem\",\"position\":4,\"name\":\"Faits marquants\",\"item\":\"https:\/\/kiosque.ecoledesponts.fr\/rapport-activite-2021\/chercher-et-innover\/systemes-ville-et-mobilite\/faits-marquants\/\"},{\"@type\":\"ListItem\",\"position\":5,\"name\":\"Un laboratoire d\u2019analyse des microplastiques\"}]},{\"@type\":\"WebSite\",\"@id\":\"https:\/\/kiosque.ecoledesponts.fr\/rapport-activite-2021\/#website\",\"url\":\"https:\/\/kiosque.ecoledesponts.fr\/rapport-activite-2021\/\",\"name\":\"Rapport d'activit\u00e9 2021\",\"description\":\"Un site utilisant Les sites du kiosque des ponts\",\"potentialAction\":[{\"@type\":\"SearchAction\",\"target\":{\"@type\":\"EntryPoint\",\"urlTemplate\":\"https:\/\/kiosque.ecoledesponts.fr\/rapport-activite-2021\/?s={search_term_string}\"},\"query-input\":\"required name=search_term_string\"}],\"inLanguage\":\"fr-FR\"}]}<\/script>\n<!-- \/ Yoast SEO plugin. -->","yoast_head_json":{"title":"Un laboratoire d\u2019analyse des microplastiques - Rapport d'activit\u00e9 2021","robots":{"index":"index","follow":"follow","max-snippet":"max-snippet:-1","max-image-preview":"max-image-preview:large","max-video-preview":"max-video-preview:-1"},"canonical":"https:\/\/kiosque.ecoledesponts.fr\/rapport-activite-2021\/chercher-et-innover\/systemes-ville-et-mobilite\/faits-marquants\/un-laboratoire-danalyse-des-microplastiques\/","og_locale":"fr_FR","og_type":"article","og_title":"Un laboratoire d\u2019analyse des microplastiques - Rapport d'activit\u00e9 2021","og_description":"Install\u00e9 au Leesu, ce laboratoire comprend une salle de pr\u00e9traitement des \u00e9chantillons et une salle de caract\u00e9risation chimique. Il est \u00e9quip\u00e9 de spectrom\u00e8tre et microspectrom\u00e8tre \u00e0 transform\u00e9e de Fourier qui permettent d\u2019identifier des particules jusqu\u2019\u00e0 25 \u00b5m de diam\u00e8tre.","og_url":"https:\/\/kiosque.ecoledesponts.fr\/rapport-activite-2021\/chercher-et-innover\/systemes-ville-et-mobilite\/faits-marquants\/un-laboratoire-danalyse-des-microplastiques\/","og_site_name":"Rapport d'activit\u00e9 2021","article_modified_time":"2023-01-02T15:48:50+00:00","twitter_card":"summary_large_image","schema":{"@context":"https:\/\/schema.org","@graph":[{"@type":"WebPage","@id":"https:\/\/kiosque.ecoledesponts.fr\/rapport-activite-2021\/chercher-et-innover\/systemes-ville-et-mobilite\/faits-marquants\/un-laboratoire-danalyse-des-microplastiques\/","url":"https:\/\/kiosque.ecoledesponts.fr\/rapport-activite-2021\/chercher-et-innover\/systemes-ville-et-mobilite\/faits-marquants\/un-laboratoire-danalyse-des-microplastiques\/","name":"Un laboratoire d\u2019analyse des microplastiques - Rapport d'activit\u00e9 2021","isPartOf":{"@id":"https:\/\/kiosque.ecoledesponts.fr\/rapport-activite-2021\/#website"},"datePublished":"2022-08-10T15:23:41+00:00","dateModified":"2023-01-02T15:48:50+00:00","breadcrumb":{"@id":"https:\/\/kiosque.ecoledesponts.fr\/rapport-activite-2021\/chercher-et-innover\/systemes-ville-et-mobilite\/faits-marquants\/un-laboratoire-danalyse-des-microplastiques\/#breadcrumb"},"inLanguage":"fr-FR","potentialAction":[{"@type":"ReadAction","target":["https:\/\/kiosque.ecoledesponts.fr\/rapport-activite-2021\/chercher-et-innover\/systemes-ville-et-mobilite\/faits-marquants\/un-laboratoire-danalyse-des-microplastiques\/"]}]},{"@type":"BreadcrumbList","@id":"https:\/\/kiosque.ecoledesponts.fr\/rapport-activite-2021\/chercher-et-innover\/systemes-ville-et-mobilite\/faits-marquants\/un-laboratoire-danalyse-des-microplastiques\/#breadcrumb","itemListElement":[{"@type":"ListItem","position":1,"name":"Accueil","item":"https:\/\/kiosque.ecoledesponts.fr\/rapport-activite-2021\/"},{"@type":"ListItem","position":2,"name":"Chercher et innover","item":"https:\/\/kiosque.ecoledesponts.fr\/rapport-activite-2021\/chercher-et-innover\/"},{"@type":"ListItem","position":3,"name":"Syst\u00e8mes ville et mobilit\u00e9","item":"https:\/\/kiosque.ecoledesponts.fr\/rapport-activite-2021\/chercher-et-innover\/systemes-ville-et-mobilite\/"},{"@type":"ListItem","position":4,"name":"Faits marquants","item":"https:\/\/kiosque.ecoledesponts.fr\/rapport-activite-2021\/chercher-et-innover\/systemes-ville-et-mobilite\/faits-marquants\/"},{"@type":"ListItem","position":5,"name":"Un laboratoire d\u2019analyse des microplastiques"}]},{"@type":"WebSite","@id":"https:\/\/kiosque.ecoledesponts.fr\/rapport-activite-2021\/#website","url":"https:\/\/kiosque.ecoledesponts.fr\/rapport-activite-2021\/","name":"Rapport d'activit\u00e9 2021","description":"Un site utilisant Les sites du kiosque des ponts","potentialAction":[{"@type":"SearchAction","target":{"@type":"EntryPoint","urlTemplate":"https:\/\/kiosque.ecoledesponts.fr\/rapport-activite-2021\/?s={search_term_string}"},"query-input":"required name=search_term_string"}],"inLanguage":"fr-FR"}]}},"builder_content":"","_links":{"self":[{"href":"https:\/\/kiosque.ecoledesponts.fr\/rapport-activite-2021\/wp-json\/wp\/v2\/pages\/1099"}],"collection":[{"href":"https:\/\/kiosque.ecoledesponts.fr\/rapport-activite-2021\/wp-json\/wp\/v2\/pages"}],"about":[{"href":"https:\/\/kiosque.ecoledesponts.fr\/rapport-activite-2021\/wp-json\/wp\/v2\/types\/page"}],"author":[{"embeddable":true,"href":"https:\/\/kiosque.ecoledesponts.fr\/rapport-activite-2021\/wp-json\/wp\/v2\/users\/1"}],"replies":[{"embeddable":true,"href":"https:\/\/kiosque.ecoledesponts.fr\/rapport-activite-2021\/wp-json\/wp\/v2\/comments?post=1099"}],"version-history":[{"count":5,"href":"https:\/\/kiosque.ecoledesponts.fr\/rapport-activite-2021\/wp-json\/wp\/v2\/pages\/1099\/revisions"}],"predecessor-version":[{"id":1109,"href":"https:\/\/kiosque.ecoledesponts.fr\/rapport-activite-2021\/wp-json\/wp\/v2\/pages\/1099\/revisions\/1109"}],"up":[{"embeddable":true,"href":"https:\/\/kiosque.ecoledesponts.fr\/rapport-activite-2021\/wp-json\/wp\/v2\/pages\/1087"}],"wp:attachment":[{"href":"https:\/\/kiosque.ecoledesponts.fr\/rapport-activite-2021\/wp-json\/wp\/v2\/media?parent=1099"}],"wp:term":[{"taxonomy":"post_tag","embeddable":true,"href":"https:\/\/kiosque.ecoledesponts.fr\/rapport-activite-2021\/wp-json\/wp\/v2\/tags?post=1099"}],"curies":[{"name":"wp","href":"https:\/\/api.w.org\/{rel}","templated":true}]}}