{"id":1127,"date":"2022-08-10T17:36:49","date_gmt":"2022-08-10T15:36:49","guid":{"rendered":"http:\/\/kiosque.ecoledesponts.fr\/rapport-activite-2021\/?page_id=1127"},"modified":"2023-01-02T16:51:56","modified_gmt":"2023-01-02T15:51:56","slug":"mobilite-servicielle","status":"publish","type":"page","link":"https:\/\/kiosque.ecoledesponts.fr\/rapport-activite-2021\/chercher-et-innover\/systemes-ville-et-mobilite\/faits-marquants\/mobilite-servicielle\/","title":{"rendered":"Mobilit\u00e9 servicielle"},"content":{"rendered":"<!--themify_builder_content-->\n<div id=\"themify_builder_content-1127\" data-postid=\"1127\" class=\"themify_builder_content themify_builder_content-1127 themify_builder tf_clear\">\n    <\/div>\n<!--\/themify_builder_content-->\n\n<p>Le 18 novembre 2021, dans le cadre de sa chaire RATP, l\u2019\u00c9cole des Ponts ParisTech a organis\u00e9 en pr\u00e9sentiel et en visio un s\u00e9minaire sur le MaaS et l\u2019espace public de demain. La conf\u00e9rence \u00e9tait introduite par Sophie Mougard, directrice de l\u2019\u00c9cole, et C\u00f4me Berbain, directeur de l\u2019Innovation du groupe RATP.<\/p>","protected":false},"excerpt":{"rendered":"<p>Le 18 novembre 2021, dans le cadre de sa chaire RATP, l\u2019\u00c9cole des Ponts ParisTech a organis\u00e9 en pr\u00e9sentiel et en visio un s\u00e9minaire sur le MaaS et l\u2019espace public de demain. La conf\u00e9rence \u00e9tait introduite par Sophie Mougard, directrice de l\u2019\u00c9cole, et C\u00f4me Berbain, directeur de l\u2019Innovation du groupe RATP.<\/p>\n","protected":false},"author":1,"featured_media":0,"parent":1087,"menu_order":0,"comment_status":"closed","ping_status":"closed","template":"page_orange.php","meta":[],"tags":[49,33,53,29,39],"acf":[],"yoast_head":"<!-- This site is optimized with the Yoast SEO plugin v21.1 - https:\/\/yoast.com\/wordpress\/plugins\/seo\/ -->\n<title>Mobilit\u00e9 servicielle - Rapport d&#039;activit\u00e9 2021<\/title>\n<meta name=\"robots\" content=\"index, follow, max-snippet:-1, max-image-preview:large, max-video-preview:-1\" \/>\n<link rel=\"canonical\" href=\"https:\/\/kiosque.ecoledesponts.fr\/rapport-activite-2021\/chercher-et-innover\/systemes-ville-et-mobilite\/faits-marquants\/mobilite-servicielle\/\" \/>\n<meta property=\"og:locale\" content=\"fr_FR\" \/>\n<meta property=\"og:type\" content=\"article\" \/>\n<meta property=\"og:title\" content=\"Mobilit\u00e9 servicielle - Rapport d&#039;activit\u00e9 2021\" \/>\n<meta property=\"og:description\" content=\"Le 18 novembre 2021, dans le cadre de sa chaire RATP, l\u2019\u00c9cole des Ponts ParisTech a organis\u00e9 en pr\u00e9sentiel et en visio un s\u00e9minaire sur le MaaS et l\u2019espace public de demain. La conf\u00e9rence \u00e9tait introduite par Sophie Mougard, directrice de l\u2019\u00c9cole, et C\u00f4me Berbain, directeur de l\u2019Innovation du groupe RATP.\" \/>\n<meta property=\"og:url\" content=\"https:\/\/kiosque.ecoledesponts.fr\/rapport-activite-2021\/chercher-et-innover\/systemes-ville-et-mobilite\/faits-marquants\/mobilite-servicielle\/\" \/>\n<meta property=\"og:site_name\" content=\"Rapport d&#039;activit\u00e9 2021\" \/>\n<meta property=\"article:modified_time\" content=\"2023-01-02T15:51:56+00:00\" \/>\n<meta name=\"twitter:card\" content=\"summary_large_image\" \/>\n<script type=\"application\/ld+json\" class=\"yoast-schema-graph\">{\"@context\":\"https:\/\/schema.org\",\"@graph\":[{\"@type\":\"WebPage\",\"@id\":\"https:\/\/kiosque.ecoledesponts.fr\/rapport-activite-2021\/chercher-et-innover\/systemes-ville-et-mobilite\/faits-marquants\/mobilite-servicielle\/\",\"url\":\"https:\/\/kiosque.ecoledesponts.fr\/rapport-activite-2021\/chercher-et-innover\/systemes-ville-et-mobilite\/faits-marquants\/mobilite-servicielle\/\",\"name\":\"Mobilit\u00e9 servicielle - Rapport d'activit\u00e9 2021\",\"isPartOf\":{\"@id\":\"https:\/\/kiosque.ecoledesponts.fr\/rapport-activite-2021\/#website\"},\"datePublished\":\"2022-08-10T15:36:49+00:00\",\"dateModified\":\"2023-01-02T15:51:56+00:00\",\"breadcrumb\":{\"@id\":\"https:\/\/kiosque.ecoledesponts.fr\/rapport-activite-2021\/chercher-et-innover\/systemes-ville-et-mobilite\/faits-marquants\/mobilite-servicielle\/#breadcrumb\"},\"inLanguage\":\"fr-FR\",\"potentialAction\":[{\"@type\":\"ReadAction\",\"target\":[\"https:\/\/kiosque.ecoledesponts.fr\/rapport-activite-2021\/chercher-et-innover\/systemes-ville-et-mobilite\/faits-marquants\/mobilite-servicielle\/\"]}]},{\"@type\":\"BreadcrumbList\",\"@id\":\"https:\/\/kiosque.ecoledesponts.fr\/rapport-activite-2021\/chercher-et-innover\/systemes-ville-et-mobilite\/faits-marquants\/mobilite-servicielle\/#breadcrumb\",\"itemListElement\":[{\"@type\":\"ListItem\",\"position\":1,\"name\":\"Accueil\",\"item\":\"https:\/\/kiosque.ecoledesponts.fr\/rapport-activite-2021\/\"},{\"@type\":\"ListItem\",\"position\":2,\"name\":\"Chercher et innover\",\"item\":\"https:\/\/kiosque.ecoledesponts.fr\/rapport-activite-2021\/chercher-et-innover\/\"},{\"@type\":\"ListItem\",\"position\":3,\"name\":\"Syst\u00e8mes ville et mobilit\u00e9\",\"item\":\"https:\/\/kiosque.ecoledesponts.fr\/rapport-activite-2021\/chercher-et-innover\/systemes-ville-et-mobilite\/\"},{\"@type\":\"ListItem\",\"position\":4,\"name\":\"Faits marquants\",\"item\":\"https:\/\/kiosque.ecoledesponts.fr\/rapport-activite-2021\/chercher-et-innover\/systemes-ville-et-mobilite\/faits-marquants\/\"},{\"@type\":\"ListItem\",\"position\":5,\"name\":\"Mobilit\u00e9 servicielle\"}]},{\"@type\":\"WebSite\",\"@id\":\"https:\/\/kiosque.ecoledesponts.fr\/rapport-activite-2021\/#website\",\"url\":\"https:\/\/kiosque.ecoledesponts.fr\/rapport-activite-2021\/\",\"name\":\"Rapport d'activit\u00e9 2021\",\"description\":\"Un site utilisant Les sites du kiosque des ponts\",\"potentialAction\":[{\"@type\":\"SearchAction\",\"target\":{\"@type\":\"EntryPoint\",\"urlTemplate\":\"https:\/\/kiosque.ecoledesponts.fr\/rapport-activite-2021\/?s={search_term_string}\"},\"query-input\":\"required name=search_term_string\"}],\"inLanguage\":\"fr-FR\"}]}<\/script>\n<!-- \/ Yoast SEO plugin. -->","yoast_head_json":{"title":"Mobilit\u00e9 servicielle - Rapport d'activit\u00e9 2021","robots":{"index":"index","follow":"follow","max-snippet":"max-snippet:-1","max-image-preview":"max-image-preview:large","max-video-preview":"max-video-preview:-1"},"canonical":"https:\/\/kiosque.ecoledesponts.fr\/rapport-activite-2021\/chercher-et-innover\/systemes-ville-et-mobilite\/faits-marquants\/mobilite-servicielle\/","og_locale":"fr_FR","og_type":"article","og_title":"Mobilit\u00e9 servicielle - Rapport d'activit\u00e9 2021","og_description":"Le 18 novembre 2021, dans le cadre de sa chaire RATP, l\u2019\u00c9cole des Ponts ParisTech a organis\u00e9 en pr\u00e9sentiel et en visio un s\u00e9minaire sur le MaaS et l\u2019espace public de demain. La conf\u00e9rence \u00e9tait introduite par Sophie Mougard, directrice de l\u2019\u00c9cole, et C\u00f4me Berbain, directeur de l\u2019Innovation du groupe RATP.","og_url":"https:\/\/kiosque.ecoledesponts.fr\/rapport-activite-2021\/chercher-et-innover\/systemes-ville-et-mobilite\/faits-marquants\/mobilite-servicielle\/","og_site_name":"Rapport d'activit\u00e9 2021","article_modified_time":"2023-01-02T15:51:56+00:00","twitter_card":"summary_large_image","schema":{"@context":"https:\/\/schema.org","@graph":[{"@type":"WebPage","@id":"https:\/\/kiosque.ecoledesponts.fr\/rapport-activite-2021\/chercher-et-innover\/systemes-ville-et-mobilite\/faits-marquants\/mobilite-servicielle\/","url":"https:\/\/kiosque.ecoledesponts.fr\/rapport-activite-2021\/chercher-et-innover\/systemes-ville-et-mobilite\/faits-marquants\/mobilite-servicielle\/","name":"Mobilit\u00e9 servicielle - Rapport d'activit\u00e9 2021","isPartOf":{"@id":"https:\/\/kiosque.ecoledesponts.fr\/rapport-activite-2021\/#website"},"datePublished":"2022-08-10T15:36:49+00:00","dateModified":"2023-01-02T15:51:56+00:00","breadcrumb":{"@id":"https:\/\/kiosque.ecoledesponts.fr\/rapport-activite-2021\/chercher-et-innover\/systemes-ville-et-mobilite\/faits-marquants\/mobilite-servicielle\/#breadcrumb"},"inLanguage":"fr-FR","potentialAction":[{"@type":"ReadAction","target":["https:\/\/kiosque.ecoledesponts.fr\/rapport-activite-2021\/chercher-et-innover\/systemes-ville-et-mobilite\/faits-marquants\/mobilite-servicielle\/"]}]},{"@type":"BreadcrumbList","@id":"https:\/\/kiosque.ecoledesponts.fr\/rapport-activite-2021\/chercher-et-innover\/systemes-ville-et-mobilite\/faits-marquants\/mobilite-servicielle\/#breadcrumb","itemListElement":[{"@type":"ListItem","position":1,"name":"Accueil","item":"https:\/\/kiosque.ecoledesponts.fr\/rapport-activite-2021\/"},{"@type":"ListItem","position":2,"name":"Chercher et innover","item":"https:\/\/kiosque.ecoledesponts.fr\/rapport-activite-2021\/chercher-et-innover\/"},{"@type":"ListItem","position":3,"name":"Syst\u00e8mes ville et mobilit\u00e9","item":"https:\/\/kiosque.ecoledesponts.fr\/rapport-activite-2021\/chercher-et-innover\/systemes-ville-et-mobilite\/"},{"@type":"ListItem","position":4,"name":"Faits marquants","item":"https:\/\/kiosque.ecoledesponts.fr\/rapport-activite-2021\/chercher-et-innover\/systemes-ville-et-mobilite\/faits-marquants\/"},{"@type":"ListItem","position":5,"name":"Mobilit\u00e9 servicielle"}]},{"@type":"WebSite","@id":"https:\/\/kiosque.ecoledesponts.fr\/rapport-activite-2021\/#website","url":"https:\/\/kiosque.ecoledesponts.fr\/rapport-activite-2021\/","name":"Rapport d'activit\u00e9 2021","description":"Un site utilisant Les sites du kiosque des ponts","potentialAction":[{"@type":"SearchAction","target":{"@type":"EntryPoint","urlTemplate":"https:\/\/kiosque.ecoledesponts.fr\/rapport-activite-2021\/?s={search_term_string}"},"query-input":"required name=search_term_string"}],"inLanguage":"fr-FR"}]}},"builder_content":"","_links":{"self":[{"href":"https:\/\/kiosque.ecoledesponts.fr\/rapport-activite-2021\/wp-json\/wp\/v2\/pages\/1127"}],"collection":[{"href":"https:\/\/kiosque.ecoledesponts.fr\/rapport-activite-2021\/wp-json\/wp\/v2\/pages"}],"about":[{"href":"https:\/\/kiosque.ecoledesponts.fr\/rapport-activite-2021\/wp-json\/wp\/v2\/types\/page"}],"author":[{"embeddable":true,"href":"https:\/\/kiosque.ecoledesponts.fr\/rapport-activite-2021\/wp-json\/wp\/v2\/users\/1"}],"replies":[{"embeddable":true,"href":"https:\/\/kiosque.ecoledesponts.fr\/rapport-activite-2021\/wp-json\/wp\/v2\/comments?post=1127"}],"version-history":[{"count":1,"href":"https:\/\/kiosque.ecoledesponts.fr\/rapport-activite-2021\/wp-json\/wp\/v2\/pages\/1127\/revisions"}],"predecessor-version":[{"id":1129,"href":"https:\/\/kiosque.ecoledesponts.fr\/rapport-activite-2021\/wp-json\/wp\/v2\/pages\/1127\/revisions\/1129"}],"up":[{"embeddable":true,"href":"https:\/\/kiosque.ecoledesponts.fr\/rapport-activite-2021\/wp-json\/wp\/v2\/pages\/1087"}],"wp:attachment":[{"href":"https:\/\/kiosque.ecoledesponts.fr\/rapport-activite-2021\/wp-json\/wp\/v2\/media?parent=1127"}],"wp:term":[{"taxonomy":"post_tag","embeddable":true,"href":"https:\/\/kiosque.ecoledesponts.fr\/rapport-activite-2021\/wp-json\/wp\/v2\/tags?post=1127"}],"curies":[{"name":"wp","href":"https:\/\/api.w.org\/{rel}","templated":true}]}}