{"id":1131,"date":"2022-08-10T17:38:34","date_gmt":"2022-08-10T15:38:34","guid":{"rendered":"http:\/\/kiosque.ecoledesponts.fr\/rapport-activite-2021\/?page_id=1131"},"modified":"2023-01-02T16:52:19","modified_gmt":"2023-01-02T15:52:19","slug":"mobilite-decarbonee","status":"publish","type":"page","link":"https:\/\/kiosque.ecoledesponts.fr\/rapport-activite-2021\/chercher-et-innover\/systemes-ville-et-mobilite\/faits-marquants\/mobilite-decarbonee\/","title":{"rendered":"Mobilit\u00e9 d\u00e9carbon\u00e9e"},"content":{"rendered":"<!--themify_builder_content-->\n<div id=\"themify_builder_content-1131\" data-postid=\"1131\" class=\"themify_builder_content themify_builder_content-1131 themify_builder tf_clear\">\n    <\/div>\n<!--\/themify_builder_content-->\n\n<p>Le LVMT, le Cerema et Construction 21 ont co-\u00e9dit\u00e9 un dossier de 32 contributions traitant de la mobilit\u00e9 d\u00e9carbon\u00e9e. Apr\u00e8s une premi\u00e8re diffusion en ligne, les articles ont \u00e9t\u00e9 r\u00e9\u00e9dit\u00e9s dans l\u2019ouvrage <em>Mobilit\u00e9s d\u00e9carbon\u00e9es\u202f: enjeux et solutions<\/em> publi\u00e9 aux \u00e9ditions du Cerema.<\/p>\n<p><img decoding=\"async\" loading=\"lazy\" class=\"alignnone size-medium wp-image-2723\" src=\"http:\/\/kiosque.ecoledesponts.fr\/rapport-activite-2021\/wp-content\/uploads\/sites\/3\/2022\/08\/bCSCZA8T-212x300.jpg\" alt=\"Mobilit\u00e9e d\u00e9carbonn\u00e9e\" width=\"212\" height=\"300\" srcset=\"https:\/\/kiosque.ecoledesponts.fr\/rapport-activite-2021\/wp-content\/uploads\/sites\/3\/2022\/08\/bCSCZA8T-212x300.jpg 212w, https:\/\/kiosque.ecoledesponts.fr\/rapport-activite-2021\/wp-content\/uploads\/sites\/3\/2022\/08\/bCSCZA8T.jpg 708w\" sizes=\"(max-width: 212px) 100vw, 212px\" \/><\/p>","protected":false},"excerpt":{"rendered":"<p>Le LVMT, le Cerema et Construction 21 ont co-\u00e9dit\u00e9 un dossier de 32 contributions traitant de la mobilit\u00e9 d\u00e9carbon\u00e9e. Apr\u00e8s une premi\u00e8re diffusion en ligne, les articles ont \u00e9t\u00e9 r\u00e9\u00e9dit\u00e9s dans l\u2019ouvrage Mobilit\u00e9s d\u00e9carbon\u00e9es\u202f: enjeux et solutions publi\u00e9 aux \u00e9ditions du Cerema.<\/p>\n","protected":false},"author":1,"featured_media":0,"parent":1087,"menu_order":0,"comment_status":"closed","ping_status":"closed","template":"page_orange.php","meta":[],"tags":[49,53,29,39],"acf":[],"yoast_head":"<!-- This site is optimized with the Yoast SEO plugin v21.1 - https:\/\/yoast.com\/wordpress\/plugins\/seo\/ -->\n<title>Mobilit\u00e9 d\u00e9carbon\u00e9e - Rapport d&#039;activit\u00e9 2021<\/title>\n<meta name=\"robots\" content=\"index, follow, max-snippet:-1, max-image-preview:large, max-video-preview:-1\" \/>\n<link rel=\"canonical\" href=\"https:\/\/kiosque.ecoledesponts.fr\/rapport-activite-2021\/chercher-et-innover\/systemes-ville-et-mobilite\/faits-marquants\/mobilite-decarbonee\/\" \/>\n<meta property=\"og:locale\" content=\"fr_FR\" \/>\n<meta property=\"og:type\" content=\"article\" \/>\n<meta property=\"og:title\" content=\"Mobilit\u00e9 d\u00e9carbon\u00e9e - Rapport d&#039;activit\u00e9 2021\" \/>\n<meta property=\"og:description\" content=\"Le LVMT, le Cerema et Construction 21 ont co-\u00e9dit\u00e9 un dossier de 32 contributions traitant de la mobilit\u00e9 d\u00e9carbon\u00e9e. Apr\u00e8s une premi\u00e8re diffusion en ligne, les articles ont \u00e9t\u00e9 r\u00e9\u00e9dit\u00e9s dans l\u2019ouvrage Mobilit\u00e9s d\u00e9carbon\u00e9es\u202f: enjeux et solutions publi\u00e9 aux \u00e9ditions du Cerema.\" \/>\n<meta property=\"og:url\" content=\"https:\/\/kiosque.ecoledesponts.fr\/rapport-activite-2021\/chercher-et-innover\/systemes-ville-et-mobilite\/faits-marquants\/mobilite-decarbonee\/\" \/>\n<meta property=\"og:site_name\" content=\"Rapport d&#039;activit\u00e9 2021\" \/>\n<meta property=\"article:modified_time\" content=\"2023-01-02T15:52:19+00:00\" \/>\n<meta property=\"og:image\" content=\"http:\/\/kiosque.ecoledesponts.fr\/rapport-activite-2021\/wp-content\/uploads\/sites\/3\/2022\/08\/bCSCZA8T-212x300.jpg\" \/>\n<meta name=\"twitter:card\" content=\"summary_large_image\" \/>\n<script type=\"application\/ld+json\" class=\"yoast-schema-graph\">{\"@context\":\"https:\/\/schema.org\",\"@graph\":[{\"@type\":\"WebPage\",\"@id\":\"https:\/\/kiosque.ecoledesponts.fr\/rapport-activite-2021\/chercher-et-innover\/systemes-ville-et-mobilite\/faits-marquants\/mobilite-decarbonee\/\",\"url\":\"https:\/\/kiosque.ecoledesponts.fr\/rapport-activite-2021\/chercher-et-innover\/systemes-ville-et-mobilite\/faits-marquants\/mobilite-decarbonee\/\",\"name\":\"Mobilit\u00e9 d\u00e9carbon\u00e9e - Rapport d'activit\u00e9 2021\",\"isPartOf\":{\"@id\":\"https:\/\/kiosque.ecoledesponts.fr\/rapport-activite-2021\/#website\"},\"datePublished\":\"2022-08-10T15:38:34+00:00\",\"dateModified\":\"2023-01-02T15:52:19+00:00\",\"breadcrumb\":{\"@id\":\"https:\/\/kiosque.ecoledesponts.fr\/rapport-activite-2021\/chercher-et-innover\/systemes-ville-et-mobilite\/faits-marquants\/mobilite-decarbonee\/#breadcrumb\"},\"inLanguage\":\"fr-FR\",\"potentialAction\":[{\"@type\":\"ReadAction\",\"target\":[\"https:\/\/kiosque.ecoledesponts.fr\/rapport-activite-2021\/chercher-et-innover\/systemes-ville-et-mobilite\/faits-marquants\/mobilite-decarbonee\/\"]}]},{\"@type\":\"BreadcrumbList\",\"@id\":\"https:\/\/kiosque.ecoledesponts.fr\/rapport-activite-2021\/chercher-et-innover\/systemes-ville-et-mobilite\/faits-marquants\/mobilite-decarbonee\/#breadcrumb\",\"itemListElement\":[{\"@type\":\"ListItem\",\"position\":1,\"name\":\"Accueil\",\"item\":\"https:\/\/kiosque.ecoledesponts.fr\/rapport-activite-2021\/\"},{\"@type\":\"ListItem\",\"position\":2,\"name\":\"Chercher et innover\",\"item\":\"https:\/\/kiosque.ecoledesponts.fr\/rapport-activite-2021\/chercher-et-innover\/\"},{\"@type\":\"ListItem\",\"position\":3,\"name\":\"Syst\u00e8mes ville et mobilit\u00e9\",\"item\":\"https:\/\/kiosque.ecoledesponts.fr\/rapport-activite-2021\/chercher-et-innover\/systemes-ville-et-mobilite\/\"},{\"@type\":\"ListItem\",\"position\":4,\"name\":\"Faits marquants\",\"item\":\"https:\/\/kiosque.ecoledesponts.fr\/rapport-activite-2021\/chercher-et-innover\/systemes-ville-et-mobilite\/faits-marquants\/\"},{\"@type\":\"ListItem\",\"position\":5,\"name\":\"Mobilit\u00e9 d\u00e9carbon\u00e9e\"}]},{\"@type\":\"WebSite\",\"@id\":\"https:\/\/kiosque.ecoledesponts.fr\/rapport-activite-2021\/#website\",\"url\":\"https:\/\/kiosque.ecoledesponts.fr\/rapport-activite-2021\/\",\"name\":\"Rapport d'activit\u00e9 2021\",\"description\":\"Un site utilisant Les sites du kiosque des ponts\",\"potentialAction\":[{\"@type\":\"SearchAction\",\"target\":{\"@type\":\"EntryPoint\",\"urlTemplate\":\"https:\/\/kiosque.ecoledesponts.fr\/rapport-activite-2021\/?s={search_term_string}\"},\"query-input\":\"required name=search_term_string\"}],\"inLanguage\":\"fr-FR\"}]}<\/script>\n<!-- \/ Yoast SEO plugin. -->","yoast_head_json":{"title":"Mobilit\u00e9 d\u00e9carbon\u00e9e - Rapport d'activit\u00e9 2021","robots":{"index":"index","follow":"follow","max-snippet":"max-snippet:-1","max-image-preview":"max-image-preview:large","max-video-preview":"max-video-preview:-1"},"canonical":"https:\/\/kiosque.ecoledesponts.fr\/rapport-activite-2021\/chercher-et-innover\/systemes-ville-et-mobilite\/faits-marquants\/mobilite-decarbonee\/","og_locale":"fr_FR","og_type":"article","og_title":"Mobilit\u00e9 d\u00e9carbon\u00e9e - Rapport d'activit\u00e9 2021","og_description":"Le LVMT, le Cerema et Construction 21 ont co-\u00e9dit\u00e9 un dossier de 32 contributions traitant de la mobilit\u00e9 d\u00e9carbon\u00e9e. Apr\u00e8s une premi\u00e8re diffusion en ligne, les articles ont \u00e9t\u00e9 r\u00e9\u00e9dit\u00e9s dans l\u2019ouvrage Mobilit\u00e9s d\u00e9carbon\u00e9es\u202f: enjeux et solutions publi\u00e9 aux \u00e9ditions du Cerema.","og_url":"https:\/\/kiosque.ecoledesponts.fr\/rapport-activite-2021\/chercher-et-innover\/systemes-ville-et-mobilite\/faits-marquants\/mobilite-decarbonee\/","og_site_name":"Rapport d'activit\u00e9 2021","article_modified_time":"2023-01-02T15:52:19+00:00","og_image":[{"url":"http:\/\/kiosque.ecoledesponts.fr\/rapport-activite-2021\/wp-content\/uploads\/sites\/3\/2022\/08\/bCSCZA8T-212x300.jpg"}],"twitter_card":"summary_large_image","schema":{"@context":"https:\/\/schema.org","@graph":[{"@type":"WebPage","@id":"https:\/\/kiosque.ecoledesponts.fr\/rapport-activite-2021\/chercher-et-innover\/systemes-ville-et-mobilite\/faits-marquants\/mobilite-decarbonee\/","url":"https:\/\/kiosque.ecoledesponts.fr\/rapport-activite-2021\/chercher-et-innover\/systemes-ville-et-mobilite\/faits-marquants\/mobilite-decarbonee\/","name":"Mobilit\u00e9 d\u00e9carbon\u00e9e - Rapport d'activit\u00e9 2021","isPartOf":{"@id":"https:\/\/kiosque.ecoledesponts.fr\/rapport-activite-2021\/#website"},"datePublished":"2022-08-10T15:38:34+00:00","dateModified":"2023-01-02T15:52:19+00:00","breadcrumb":{"@id":"https:\/\/kiosque.ecoledesponts.fr\/rapport-activite-2021\/chercher-et-innover\/systemes-ville-et-mobilite\/faits-marquants\/mobilite-decarbonee\/#breadcrumb"},"inLanguage":"fr-FR","potentialAction":[{"@type":"ReadAction","target":["https:\/\/kiosque.ecoledesponts.fr\/rapport-activite-2021\/chercher-et-innover\/systemes-ville-et-mobilite\/faits-marquants\/mobilite-decarbonee\/"]}]},{"@type":"BreadcrumbList","@id":"https:\/\/kiosque.ecoledesponts.fr\/rapport-activite-2021\/chercher-et-innover\/systemes-ville-et-mobilite\/faits-marquants\/mobilite-decarbonee\/#breadcrumb","itemListElement":[{"@type":"ListItem","position":1,"name":"Accueil","item":"https:\/\/kiosque.ecoledesponts.fr\/rapport-activite-2021\/"},{"@type":"ListItem","position":2,"name":"Chercher et innover","item":"https:\/\/kiosque.ecoledesponts.fr\/rapport-activite-2021\/chercher-et-innover\/"},{"@type":"ListItem","position":3,"name":"Syst\u00e8mes ville et mobilit\u00e9","item":"https:\/\/kiosque.ecoledesponts.fr\/rapport-activite-2021\/chercher-et-innover\/systemes-ville-et-mobilite\/"},{"@type":"ListItem","position":4,"name":"Faits marquants","item":"https:\/\/kiosque.ecoledesponts.fr\/rapport-activite-2021\/chercher-et-innover\/systemes-ville-et-mobilite\/faits-marquants\/"},{"@type":"ListItem","position":5,"name":"Mobilit\u00e9 d\u00e9carbon\u00e9e"}]},{"@type":"WebSite","@id":"https:\/\/kiosque.ecoledesponts.fr\/rapport-activite-2021\/#website","url":"https:\/\/kiosque.ecoledesponts.fr\/rapport-activite-2021\/","name":"Rapport d'activit\u00e9 2021","description":"Un site utilisant Les sites du kiosque des ponts","potentialAction":[{"@type":"SearchAction","target":{"@type":"EntryPoint","urlTemplate":"https:\/\/kiosque.ecoledesponts.fr\/rapport-activite-2021\/?s={search_term_string}"},"query-input":"required name=search_term_string"}],"inLanguage":"fr-FR"}]}},"builder_content":"","_links":{"self":[{"href":"https:\/\/kiosque.ecoledesponts.fr\/rapport-activite-2021\/wp-json\/wp\/v2\/pages\/1131"}],"collection":[{"href":"https:\/\/kiosque.ecoledesponts.fr\/rapport-activite-2021\/wp-json\/wp\/v2\/pages"}],"about":[{"href":"https:\/\/kiosque.ecoledesponts.fr\/rapport-activite-2021\/wp-json\/wp\/v2\/types\/page"}],"author":[{"embeddable":true,"href":"https:\/\/kiosque.ecoledesponts.fr\/rapport-activite-2021\/wp-json\/wp\/v2\/users\/1"}],"replies":[{"embeddable":true,"href":"https:\/\/kiosque.ecoledesponts.fr\/rapport-activite-2021\/wp-json\/wp\/v2\/comments?post=1131"}],"version-history":[{"count":4,"href":"https:\/\/kiosque.ecoledesponts.fr\/rapport-activite-2021\/wp-json\/wp\/v2\/pages\/1131\/revisions"}],"predecessor-version":[{"id":2733,"href":"https:\/\/kiosque.ecoledesponts.fr\/rapport-activite-2021\/wp-json\/wp\/v2\/pages\/1131\/revisions\/2733"}],"up":[{"embeddable":true,"href":"https:\/\/kiosque.ecoledesponts.fr\/rapport-activite-2021\/wp-json\/wp\/v2\/pages\/1087"}],"wp:attachment":[{"href":"https:\/\/kiosque.ecoledesponts.fr\/rapport-activite-2021\/wp-json\/wp\/v2\/media?parent=1131"}],"wp:term":[{"taxonomy":"post_tag","embeddable":true,"href":"https:\/\/kiosque.ecoledesponts.fr\/rapport-activite-2021\/wp-json\/wp\/v2\/tags?post=1131"}],"curies":[{"name":"wp","href":"https:\/\/api.w.org\/{rel}","templated":true}]}}