{"id":1153,"date":"2022-08-10T17:55:51","date_gmt":"2022-08-10T15:55:51","guid":{"rendered":"http:\/\/kiosque.ecoledesponts.fr\/rapport-activite-2021\/?page_id=1153"},"modified":"2023-01-02T16:53:23","modified_gmt":"2023-01-02T15:53:23","slug":"fil-conducteur-2021","status":"publish","type":"page","link":"https:\/\/kiosque.ecoledesponts.fr\/rapport-activite-2021\/chercher-et-innover\/economie-usages-et-societe\/fil-conducteur-2021\/","title":{"rendered":"Fil conducteur 2021"},"content":{"rendered":"<!--themify_builder_content-->\n<div id=\"themify_builder_content-1153\" data-postid=\"1153\" class=\"themify_builder_content themify_builder_content-1153 themify_builder tf_clear\">\n    <\/div>\n<!--\/themify_builder_content-->\n\n<h3>ADAPTATIONS SOCIO-\u00c9CONOMIQUES DES VILLES ET DES TERRITOIRES FACE AU CHANGEMENT CLIMATIQUE ET AUX DYNAMIQUES D\u00c9MOGRAPHIQUES INDUITES<\/h3>\n<h2>EN BREF<\/h2>\n<h3>PRINCIPAUX LABORATOIRES CONTRIBUTEURS<br \/>EN 2021<\/h3>\n<ul>\n<li>Centre international de recherche sur l\u2019environnement et le d\u00e9veloppement (CIRED) Directeur : Franck Lecocq<\/li>\n<li>Laboratoire Techniques, territoires et soci\u00e9t\u00e9s (LATTS) Directrice : Nathalie Roseau<\/li>\n<li>Laboratoire Paris Jourdan sciences \u00e9conomiques (PjSE) Directeur : Jean-Marc Tallon<\/li>\n<\/ul>\n<h3>FORCE DE RECHERCHE<\/h3>\n<ul>\n<li>138 ETPR permanents<\/li>\n<li>235 doctorants et post-doctorants<\/li>\n<\/ul>\n<h3>LabEx<\/h3>\n<ul>\n<li>Futurs urbains<\/li>\n<li>Ouvrir la science \u00e9conomique (OSE)<\/li>\n<li>Sciences, innovation et techniques en soci\u00e9t\u00e9 (SITES)<\/li>\n<\/ul>\n<h3>\u00c9COLES DOCTORALES<\/h3>\n<ul>\n<li>Hautes \u00c9tudes en sciences sociales (ED 286, EHESS)<\/li>\n<li>Agriculture, biologie, environnement, sant\u00e9 (ED 581, Universit\u00e9 Paris-Saclay)<\/li>\n<li>Sciences de l\u2019environnement d\u2019\u00cele-de-France (ED 129, Sorbonne Universit\u00e9)<\/li>\n<li>\u00c9cole doctorale d\u2019\u00e9conomie (ED 465)<\/li>\n<li>Organisations, march\u00e9s, institutions (ED 532, Paris-Est Sup)<\/li>\n<\/ul>","protected":false},"excerpt":{"rendered":"<p>ADAPTATIONS SOCIO-\u00c9CONOMIQUES DES VILLES ET DES TERRITOIRES FACE AU CHANGEMENT CLIMATIQUE ET AUX DYNAMIQUES D\u00c9MOGRAPHIQUES INDUITES EN BREF PRINCIPAUX LABORATOIRES CONTRIBUTEURSEN 2021 Centre international de recherche sur l\u2019environnement et le d\u00e9veloppement (CIRED) Directeur : Franck Lecocq Laboratoire Techniques, territoires et soci\u00e9t\u00e9s (LATTS) Directrice : Nathalie Roseau Laboratoire Paris Jourdan sciences \u00e9conomiques (PjSE) Directeur : Jean-Marc [&hellip;]<\/p>\n","protected":false},"author":1,"featured_media":0,"parent":1137,"menu_order":0,"comment_status":"closed","ping_status":"closed","template":"page_orange.php","meta":[],"tags":[49,31,29,39],"acf":[],"yoast_head":"<!-- This site is optimized with the Yoast SEO plugin v21.1 - https:\/\/yoast.com\/wordpress\/plugins\/seo\/ -->\n<title>Fil conducteur 2021 - Rapport d&#039;activit\u00e9 2021<\/title>\n<meta name=\"robots\" content=\"index, follow, max-snippet:-1, max-image-preview:large, max-video-preview:-1\" \/>\n<link rel=\"canonical\" href=\"https:\/\/kiosque.ecoledesponts.fr\/rapport-activite-2021\/chercher-et-innover\/economie-usages-et-societe\/fil-conducteur-2021\/\" \/>\n<meta property=\"og:locale\" content=\"fr_FR\" \/>\n<meta property=\"og:type\" content=\"article\" \/>\n<meta property=\"og:title\" content=\"Fil conducteur 2021 - Rapport d&#039;activit\u00e9 2021\" \/>\n<meta property=\"og:description\" content=\"ADAPTATIONS SOCIO-\u00c9CONOMIQUES DES VILLES ET DES TERRITOIRES FACE AU CHANGEMENT CLIMATIQUE ET AUX DYNAMIQUES D\u00c9MOGRAPHIQUES INDUITES EN BREF PRINCIPAUX LABORATOIRES CONTRIBUTEURSEN 2021 Centre international de recherche sur l\u2019environnement et le d\u00e9veloppement (CIRED) Directeur : Franck Lecocq Laboratoire Techniques, territoires et soci\u00e9t\u00e9s (LATTS) Directrice : Nathalie Roseau Laboratoire Paris Jourdan sciences \u00e9conomiques (PjSE) Directeur : Jean-Marc [&hellip;]\" \/>\n<meta property=\"og:url\" content=\"https:\/\/kiosque.ecoledesponts.fr\/rapport-activite-2021\/chercher-et-innover\/economie-usages-et-societe\/fil-conducteur-2021\/\" \/>\n<meta property=\"og:site_name\" content=\"Rapport d&#039;activit\u00e9 2021\" \/>\n<meta property=\"article:modified_time\" content=\"2023-01-02T15:53:23+00:00\" \/>\n<meta name=\"twitter:card\" content=\"summary_large_image\" \/>\n<meta name=\"twitter:label1\" content=\"Dur\u00e9e de lecture estim\u00e9e\" \/>\n\t<meta name=\"twitter:data1\" content=\"1 minute\" \/>\n<script type=\"application\/ld+json\" class=\"yoast-schema-graph\">{\"@context\":\"https:\/\/schema.org\",\"@graph\":[{\"@type\":\"WebPage\",\"@id\":\"https:\/\/kiosque.ecoledesponts.fr\/rapport-activite-2021\/chercher-et-innover\/economie-usages-et-societe\/fil-conducteur-2021\/\",\"url\":\"https:\/\/kiosque.ecoledesponts.fr\/rapport-activite-2021\/chercher-et-innover\/economie-usages-et-societe\/fil-conducteur-2021\/\",\"name\":\"Fil conducteur 2021 - Rapport d'activit\u00e9 2021\",\"isPartOf\":{\"@id\":\"https:\/\/kiosque.ecoledesponts.fr\/rapport-activite-2021\/#website\"},\"datePublished\":\"2022-08-10T15:55:51+00:00\",\"dateModified\":\"2023-01-02T15:53:23+00:00\",\"breadcrumb\":{\"@id\":\"https:\/\/kiosque.ecoledesponts.fr\/rapport-activite-2021\/chercher-et-innover\/economie-usages-et-societe\/fil-conducteur-2021\/#breadcrumb\"},\"inLanguage\":\"fr-FR\",\"potentialAction\":[{\"@type\":\"ReadAction\",\"target\":[\"https:\/\/kiosque.ecoledesponts.fr\/rapport-activite-2021\/chercher-et-innover\/economie-usages-et-societe\/fil-conducteur-2021\/\"]}]},{\"@type\":\"BreadcrumbList\",\"@id\":\"https:\/\/kiosque.ecoledesponts.fr\/rapport-activite-2021\/chercher-et-innover\/economie-usages-et-societe\/fil-conducteur-2021\/#breadcrumb\",\"itemListElement\":[{\"@type\":\"ListItem\",\"position\":1,\"name\":\"Accueil\",\"item\":\"https:\/\/kiosque.ecoledesponts.fr\/rapport-activite-2021\/\"},{\"@type\":\"ListItem\",\"position\":2,\"name\":\"Chercher et innover\",\"item\":\"https:\/\/kiosque.ecoledesponts.fr\/rapport-activite-2021\/chercher-et-innover\/\"},{\"@type\":\"ListItem\",\"position\":3,\"name\":\"\u00c9conomie, usages et soci\u00e9t\u00e9\",\"item\":\"https:\/\/kiosque.ecoledesponts.fr\/rapport-activite-2021\/chercher-et-innover\/economie-usages-et-societe\/\"},{\"@type\":\"ListItem\",\"position\":4,\"name\":\"Fil conducteur 2021\"}]},{\"@type\":\"WebSite\",\"@id\":\"https:\/\/kiosque.ecoledesponts.fr\/rapport-activite-2021\/#website\",\"url\":\"https:\/\/kiosque.ecoledesponts.fr\/rapport-activite-2021\/\",\"name\":\"Rapport d'activit\u00e9 2021\",\"description\":\"Un site utilisant Les sites du kiosque des ponts\",\"potentialAction\":[{\"@type\":\"SearchAction\",\"target\":{\"@type\":\"EntryPoint\",\"urlTemplate\":\"https:\/\/kiosque.ecoledesponts.fr\/rapport-activite-2021\/?s={search_term_string}\"},\"query-input\":\"required name=search_term_string\"}],\"inLanguage\":\"fr-FR\"}]}<\/script>\n<!-- \/ Yoast SEO plugin. -->","yoast_head_json":{"title":"Fil conducteur 2021 - Rapport d'activit\u00e9 2021","robots":{"index":"index","follow":"follow","max-snippet":"max-snippet:-1","max-image-preview":"max-image-preview:large","max-video-preview":"max-video-preview:-1"},"canonical":"https:\/\/kiosque.ecoledesponts.fr\/rapport-activite-2021\/chercher-et-innover\/economie-usages-et-societe\/fil-conducteur-2021\/","og_locale":"fr_FR","og_type":"article","og_title":"Fil conducteur 2021 - Rapport d'activit\u00e9 2021","og_description":"ADAPTATIONS SOCIO-\u00c9CONOMIQUES DES VILLES ET DES TERRITOIRES FACE AU CHANGEMENT CLIMATIQUE ET AUX DYNAMIQUES D\u00c9MOGRAPHIQUES INDUITES EN BREF PRINCIPAUX LABORATOIRES CONTRIBUTEURSEN 2021 Centre international de recherche sur l\u2019environnement et le d\u00e9veloppement (CIRED) Directeur : Franck Lecocq Laboratoire Techniques, territoires et soci\u00e9t\u00e9s (LATTS) Directrice : Nathalie Roseau Laboratoire Paris Jourdan sciences \u00e9conomiques (PjSE) Directeur : Jean-Marc [&hellip;]","og_url":"https:\/\/kiosque.ecoledesponts.fr\/rapport-activite-2021\/chercher-et-innover\/economie-usages-et-societe\/fil-conducteur-2021\/","og_site_name":"Rapport d'activit\u00e9 2021","article_modified_time":"2023-01-02T15:53:23+00:00","twitter_card":"summary_large_image","twitter_misc":{"Dur\u00e9e de lecture estim\u00e9e":"1 minute"},"schema":{"@context":"https:\/\/schema.org","@graph":[{"@type":"WebPage","@id":"https:\/\/kiosque.ecoledesponts.fr\/rapport-activite-2021\/chercher-et-innover\/economie-usages-et-societe\/fil-conducteur-2021\/","url":"https:\/\/kiosque.ecoledesponts.fr\/rapport-activite-2021\/chercher-et-innover\/economie-usages-et-societe\/fil-conducteur-2021\/","name":"Fil conducteur 2021 - Rapport d'activit\u00e9 2021","isPartOf":{"@id":"https:\/\/kiosque.ecoledesponts.fr\/rapport-activite-2021\/#website"},"datePublished":"2022-08-10T15:55:51+00:00","dateModified":"2023-01-02T15:53:23+00:00","breadcrumb":{"@id":"https:\/\/kiosque.ecoledesponts.fr\/rapport-activite-2021\/chercher-et-innover\/economie-usages-et-societe\/fil-conducteur-2021\/#breadcrumb"},"inLanguage":"fr-FR","potentialAction":[{"@type":"ReadAction","target":["https:\/\/kiosque.ecoledesponts.fr\/rapport-activite-2021\/chercher-et-innover\/economie-usages-et-societe\/fil-conducteur-2021\/"]}]},{"@type":"BreadcrumbList","@id":"https:\/\/kiosque.ecoledesponts.fr\/rapport-activite-2021\/chercher-et-innover\/economie-usages-et-societe\/fil-conducteur-2021\/#breadcrumb","itemListElement":[{"@type":"ListItem","position":1,"name":"Accueil","item":"https:\/\/kiosque.ecoledesponts.fr\/rapport-activite-2021\/"},{"@type":"ListItem","position":2,"name":"Chercher et innover","item":"https:\/\/kiosque.ecoledesponts.fr\/rapport-activite-2021\/chercher-et-innover\/"},{"@type":"ListItem","position":3,"name":"\u00c9conomie, usages et soci\u00e9t\u00e9","item":"https:\/\/kiosque.ecoledesponts.fr\/rapport-activite-2021\/chercher-et-innover\/economie-usages-et-societe\/"},{"@type":"ListItem","position":4,"name":"Fil conducteur 2021"}]},{"@type":"WebSite","@id":"https:\/\/kiosque.ecoledesponts.fr\/rapport-activite-2021\/#website","url":"https:\/\/kiosque.ecoledesponts.fr\/rapport-activite-2021\/","name":"Rapport d'activit\u00e9 2021","description":"Un site utilisant Les sites du kiosque des ponts","potentialAction":[{"@type":"SearchAction","target":{"@type":"EntryPoint","urlTemplate":"https:\/\/kiosque.ecoledesponts.fr\/rapport-activite-2021\/?s={search_term_string}"},"query-input":"required name=search_term_string"}],"inLanguage":"fr-FR"}]}},"builder_content":"","_links":{"self":[{"href":"https:\/\/kiosque.ecoledesponts.fr\/rapport-activite-2021\/wp-json\/wp\/v2\/pages\/1153"}],"collection":[{"href":"https:\/\/kiosque.ecoledesponts.fr\/rapport-activite-2021\/wp-json\/wp\/v2\/pages"}],"about":[{"href":"https:\/\/kiosque.ecoledesponts.fr\/rapport-activite-2021\/wp-json\/wp\/v2\/types\/page"}],"author":[{"embeddable":true,"href":"https:\/\/kiosque.ecoledesponts.fr\/rapport-activite-2021\/wp-json\/wp\/v2\/users\/1"}],"replies":[{"embeddable":true,"href":"https:\/\/kiosque.ecoledesponts.fr\/rapport-activite-2021\/wp-json\/wp\/v2\/comments?post=1153"}],"version-history":[{"count":2,"href":"https:\/\/kiosque.ecoledesponts.fr\/rapport-activite-2021\/wp-json\/wp\/v2\/pages\/1153\/revisions"}],"predecessor-version":[{"id":1157,"href":"https:\/\/kiosque.ecoledesponts.fr\/rapport-activite-2021\/wp-json\/wp\/v2\/pages\/1153\/revisions\/1157"}],"up":[{"embeddable":true,"href":"https:\/\/kiosque.ecoledesponts.fr\/rapport-activite-2021\/wp-json\/wp\/v2\/pages\/1137"}],"wp:attachment":[{"href":"https:\/\/kiosque.ecoledesponts.fr\/rapport-activite-2021\/wp-json\/wp\/v2\/media?parent=1153"}],"wp:term":[{"taxonomy":"post_tag","embeddable":true,"href":"https:\/\/kiosque.ecoledesponts.fr\/rapport-activite-2021\/wp-json\/wp\/v2\/tags?post=1153"}],"curies":[{"name":"wp","href":"https:\/\/api.w.org\/{rel}","templated":true}]}}