{"id":117,"date":"2022-04-21T09:03:57","date_gmt":"2022-04-21T07:03:57","guid":{"rendered":"http:\/\/kiosque.ecoledesponts.fr\/rapport-activite-2021\/?page_id=117"},"modified":"2022-10-28T15:10:36","modified_gmt":"2022-10-28T13:10:36","slug":"accueil","status":"publish","type":"page","link":"https:\/\/kiosque.ecoledesponts.fr\/rapport-activite-2021\/","title":{"rendered":"Rapport d&rsquo;activit\u00e9 2021"},"content":{"rendered":"<!--themify_builder_content-->\n<div id=\"themify_builder_content-117\" data-postid=\"117\" class=\"themify_builder_content themify_builder_content-117 themify_builder tf_clear\">\n                    <div  data-lazy=\"1\" class=\"module_row themify_builder_row tb_doba717 tb_first tf_w\">\n                        <div class=\"row_inner col_align_top tb_col_count_1 tf_box tf_rel\">\n                        <div  data-lazy=\"1\" class=\"module_column tb-column col-full tb_2qj1721 first\">\n                    \n\n<!-- module tile -->\n<div  id=\"tb_iht3609\" class=\"module module-tile tb_iht3609 size-square-large flip-horizontal no-flip tuile_image titre_off tuile_25 titre_top tuile_image_large tile-type-front-text  tf_mw tf_opacity wow\" data-tf-animation=\"fadeInLeft\" data-lazy=\"1\" data-auto-flip=\"0\" data-in-effect=\"flip-horizontal\" >\n\t\t\t<div class=\"tile-flip-box-wrap tf_abs tf_box tf_overflow tf_w tf_h\">\n\t\t\n\t\t\t\t\t<style>\n\t\t\t\t.module.tb_iht3609 .tile-front{background-image:url(\"http:\/\/kiosque.ecoledesponts.fr\/rapport-activite-2021\/wp-content\/uploads\/sites\/3\/2022\/08\/couv-ra2021.jpg\")}\t\t\t<\/style>\n\t\t\t\t\n\t\t\t\t\t<div class=\"tile-front tile-type-text ui tb_default_color tf_box tf_w tf_h tf_overflow tf_rel tf_scrollbar\">\n\t\t\t\t<div class=\"tile-inner tf_box\">\n\t\t\t\t\t\t\t\t\t\t\t\t\t\t\t\t\t\t<h4 class=\"tile-title\">Rapport d'activit\u00e9 2021<\/h4>\n\t\t\t\t\t\t\n\t\t\t\t\t\t<div class=\"tile-content\">\n\t\t\t\t\t\t\t\t\t\t\t\t\t<\/div>\n\t\t\t\t\t\n\t\t\t\t\t\t\t\t\t\t\t\t\t\t\t\t<a href=\"#\" class=\"tile-flip-back-button tf_hide\"><\/a>\n\t\t\t\t\t\t\t\t\t<\/div>\n\t\t\t<\/div><!-- .tile-front -->\n\n\t\t\t\t\t<div class=\"tile-back tile-type-text ui tb_default_color tf_box tf_w tf_h tf_overflow tf_abs tf_hidden tf_scrollbar\">\n\t\t\t\t<div class=\"tile-inner tf_box\">\n\t\t\t\t\t\t\t\t\t\t\t\n\t\t\t\t\t\t<div class=\"tile-content\">\n\t\t\t\t\t\t\t\t\t\t\t\t\t<\/div>\n\t\t\t\t\t\n\t\t\t\t\t\t\t\t\t\t\t\t\t\t\t\t<a href=\"#\" class=\"tile-flip-back-button tf_hide\"><\/a>\n\t\t\t\t\t\t\t\t\t<\/div>\n\t\t\t<\/div><!-- .tile-back -->\n\n\t\t\t<\/div>\n\n\t<\/div><!-- \/module tile -->\n\n<!-- module tile -->\n<div  id=\"tb_x8c5599\" class=\"module module-tile tb_x8c5599 size-square-small flip-horizontal has-flip bloc_btn tuile_or titre_off tuile_25 tile-type-front-text  tf_mw tf_opacity wow\" data-tf-animation=\"fadeInUp\" data-lazy=\"1\" data-auto-flip=\"0\" data-in-effect=\"flip-horizontal\" >\n\t\t\t<div class=\"tile-flip-box-wrap tf_abs tf_box tf_overflow tf_w tf_h\">\n\t\t\n\t\t\t\t\n\t\t\t\t\t<div class=\"tile-front tile-type-text ui tb_default_color tf_box tf_w tf_h tf_overflow tf_rel tf_scrollbar\">\n\t\t\t\t<div class=\"tile-inner tf_box\">\n\t\t\t\t\t\t\t\t\t\t\t\t\t\t\t\t\t\t<h4 class=\"tile-title\">Les plus<\/h4>\n\t\t\t\t\t\t\n\t\t\t\t\t\t<div class=\"tile-content\">\n\t\t\t\t\t\t\t<h3>Les +<\/h3>\t\t\t\t\t\t<\/div>\n\t\t\t\t\t\n\t\t\t\t\t\t\t\t\t\t\t<a href=\"\/rapport-activite-2021\/les-plus\/\" class=\"action-button\"><span><\/span><\/a>\n\t\t\t\t\t\t\t\t\t\t\t\t\t\t\t\t<a href=\"#\" class=\"tile-flip-back-button tf_hide\"><\/a>\n\t\t\t\t\t\t\t\t\t<\/div>\n\t\t\t<\/div><!-- .tile-front -->\n\n\t\t\t\t\t<div class=\"tile-back tile-type-text ui tb_default_color tf_box tf_w tf_h tf_overflow tf_abs tf_hidden tf_scrollbar\">\n\t\t\t\t<div class=\"tile-inner tf_box\">\n\t\t\t\t\t\t\t\t\t\t\t\t\t\t\t\t\t\t<h4 class=\"tile-title\">Les plus<\/h4>\n\t\t\t\t\t\t\n\t\t\t\t\t\t<div class=\"tile-content\">\n\t\t\t\t\t\t\t<h3>Les +<\/h3>\t\t\t\t\t\t<\/div>\n\t\t\t\t\t\n\t\t\t\t\t\t\t\t\t\t\t<a href=\"\/rapport-activite-2021\/les-plus\/\" class=\"action-button\"><span><\/span><\/a>\n\t\t\t\t\t\t\t\t\t\t\t\t\t\t\t\t<a href=\"#\" class=\"tile-flip-back-button tf_hide\"><\/a>\n\t\t\t\t\t\t\t\t\t<\/div>\n\t\t\t<\/div><!-- .tile-back -->\n\n\t\t\t<\/div>\n\n\t<\/div><!-- \/module tile -->\n\n<!-- module tile -->\n<div  id=\"tb_f7jm365\" class=\"module module-tile tb_f7jm365 size-square-small flip-horizontal has-flip bloc_btn tuile_violet titre_off tuile_25 tile-type-front-text  tf_mw tf_opacity wow\" data-tf-animation=\"fadeInLeft\" data-lazy=\"1\" data-auto-flip=\"0\" data-in-effect=\"flip-horizontal\" >\n\t\t\t<div class=\"tile-flip-box-wrap tf_abs tf_box tf_overflow tf_w tf_h\">\n\t\t\n\t\t\t\t\n\t\t\t\t\t<div class=\"tile-front tile-type-text ui tb_default_color tf_box tf_w tf_h tf_overflow tf_rel tf_scrollbar\">\n\t\t\t\t<div class=\"tile-inner tf_box\">\n\t\t\t\t\t\t\t\t\t\t\t\t\t\t\t\t\t\t<h4 class=\"tile-title\">Former<\/h4>\n\t\t\t\t\t\t\n\t\t\t\t\t\t<div class=\"tile-content\">\n\t\t\t\t\t\t\t<h3>Former<\/h3>\t\t\t\t\t\t<\/div>\n\t\t\t\t\t\n\t\t\t\t\t\t\t\t\t\t\t<a href=\"\/rapport-activite-2021\/former\/\" class=\"action-button\"><span><\/span><\/a>\n\t\t\t\t\t\t\t\t\t\t\t\t\t\t\t\t<a href=\"#\" class=\"tile-flip-back-button tf_hide\"><\/a>\n\t\t\t\t\t\t\t\t\t<\/div>\n\t\t\t<\/div><!-- .tile-front -->\n\n\t\t\t\t\t<div class=\"tile-back tile-type-text ui tb_default_color tf_box tf_w tf_h tf_overflow tf_abs tf_hidden tf_scrollbar\">\n\t\t\t\t<div class=\"tile-inner tf_box\">\n\t\t\t\t\t\t\t\t\t\t\t\t\t\t\t\t\t\t<h4 class=\"tile-title\">Former<\/h4>\n\t\t\t\t\t\t\n\t\t\t\t\t\t<div class=\"tile-content\">\n\t\t\t\t\t\t\t<h3>Former<\/h3>\t\t\t\t\t\t<\/div>\n\t\t\t\t\t\n\t\t\t\t\t\t\t\t\t\t\t<a href=\"\/rapport-activite-2021\/former\/\" class=\"action-button\"><span><\/span><\/a>\n\t\t\t\t\t\t\t\t\t\t\t\t\t\t\t\t<a href=\"#\" class=\"tile-flip-back-button tf_hide\"><\/a>\n\t\t\t\t\t\t\t\t\t<\/div>\n\t\t\t<\/div><!-- .tile-back -->\n\n\t\t\t<\/div>\n\n\t<\/div><!-- \/module tile -->\n\n<!-- module tile -->\n<div  id=\"tb_5jmh539\" class=\"module module-tile tb_5jmh539 size-square-small flip-horizontal has-flip bloc_btn tuile_orange titre_off tuile_25 tile-type-front-text  tf_mw tf_opacity wow\" data-tf-animation=\"fadeInRight\" data-lazy=\"1\" data-auto-flip=\"0\" data-in-effect=\"flip-horizontal\" >\n\t\t\t<div class=\"tile-flip-box-wrap tf_abs tf_box tf_overflow tf_w tf_h\">\n\t\t\n\t\t\t\t\n\t\t\t\t\t<div class=\"tile-front tile-type-text ui tb_default_color tf_box tf_w tf_h tf_overflow tf_rel tf_scrollbar\">\n\t\t\t\t<div class=\"tile-inner tf_box\">\n\t\t\t\t\t\t\t\t\t\t\t\t\t\t\t\t\t\t<h4 class=\"tile-title\">Chercher et innover<\/h4>\n\t\t\t\t\t\t\n\t\t\t\t\t\t<div class=\"tile-content\">\n\t\t\t\t\t\t\t<h3>Chercher et innover<\/h3>\t\t\t\t\t\t<\/div>\n\t\t\t\t\t\n\t\t\t\t\t\t\t\t\t\t\t<a href=\"\/rapport-activite-2021\/chercher-et-innover\/\" class=\"action-button\"><span><\/span><\/a>\n\t\t\t\t\t\t\t\t\t\t\t\t\t\t\t\t<a href=\"#\" class=\"tile-flip-back-button tf_hide\"><\/a>\n\t\t\t\t\t\t\t\t\t<\/div>\n\t\t\t<\/div><!-- .tile-front -->\n\n\t\t\t\t\t<div class=\"tile-back tile-type-text ui tb_default_color tf_box tf_w tf_h tf_overflow tf_abs tf_hidden tf_scrollbar\">\n\t\t\t\t<div class=\"tile-inner tf_box\">\n\t\t\t\t\t\t\t\t\t\t\t\t\t\t\t\t\t\t<h4 class=\"tile-title\">Chercher et innover<\/h4>\n\t\t\t\t\t\t\n\t\t\t\t\t\t<div class=\"tile-content\">\n\t\t\t\t\t\t\t<h3>Chercher et innover<\/h3>\t\t\t\t\t\t<\/div>\n\t\t\t\t\t\n\t\t\t\t\t\t\t\t\t\t\t<a href=\"\/rapport-activite-2021\/chercher-et-innover\/\" class=\"action-button\"><span><\/span><\/a>\n\t\t\t\t\t\t\t\t\t\t\t\t\t\t\t\t<a href=\"#\" class=\"tile-flip-back-button tf_hide\"><\/a>\n\t\t\t\t\t\t\t\t\t<\/div>\n\t\t\t<\/div><!-- .tile-back -->\n\n\t\t\t<\/div>\n\n\t<\/div><!-- \/module tile -->\n\n<!-- module tile -->\n<div  id=\"tb_f3ur52\" class=\"module module-tile tb_f3ur52 size-square-small flip-horizontal has-flip bloc_btn tuile_vert titre_off tuile_25 tile-type-front-text  tf_mw tf_opacity wow\" data-tf-animation=\"fadeInDown\" data-lazy=\"1\" data-auto-flip=\"0\" data-in-effect=\"flip-horizontal\" >\n\t\t\t<div class=\"tile-flip-box-wrap tf_abs tf_box tf_overflow tf_w tf_h\">\n\t\t\n\t\t\t\t\n\t\t\t\t\t<div class=\"tile-front tile-type-text ui tb_default_color tf_box tf_w tf_h tf_overflow tf_rel tf_scrollbar\">\n\t\t\t\t<div class=\"tile-inner tf_box\">\n\t\t\t\t\t\t\t\t\t\t\t\t\t\t\t\t\t\t<h4 class=\"tile-title\">Entreprendre et valoriser<\/h4>\n\t\t\t\t\t\t\n\t\t\t\t\t\t<div class=\"tile-content\">\n\t\t\t\t\t\t\t<h3>Entreprendre et valoriser<\/h3>\t\t\t\t\t\t<\/div>\n\t\t\t\t\t\n\t\t\t\t\t\t\t\t\t\t\t<a href=\"\/rapport-activite-2021\/entreprendre-et-valoriser\/\" class=\"action-button\"><span><\/span><\/a>\n\t\t\t\t\t\t\t\t\t\t\t\t\t\t\t\t<a href=\"#\" class=\"tile-flip-back-button tf_hide\"><\/a>\n\t\t\t\t\t\t\t\t\t<\/div>\n\t\t\t<\/div><!-- .tile-front -->\n\n\t\t\t\t\t<div class=\"tile-back tile-type-text ui tb_default_color tf_box tf_w tf_h tf_overflow tf_abs tf_hidden tf_scrollbar\">\n\t\t\t\t<div class=\"tile-inner tf_box\">\n\t\t\t\t\t\t\t\t\t\t\t\t\t\t\t\t\t\t<h4 class=\"tile-title\">Entreprendre et valoriser<\/h4>\n\t\t\t\t\t\t\n\t\t\t\t\t\t<div class=\"tile-content\">\n\t\t\t\t\t\t\t<h3>Entreprendre et valoriser<\/h3>\t\t\t\t\t\t<\/div>\n\t\t\t\t\t\n\t\t\t\t\t\t\t\t\t\t\t<a href=\"\/rapport-activite-2021\/entreprendre-et-valoriser\/\" class=\"action-button\"><span><\/span><\/a>\n\t\t\t\t\t\t\t\t\t\t\t\t\t\t\t\t<a href=\"#\" class=\"tile-flip-back-button tf_hide\"><\/a>\n\t\t\t\t\t\t\t\t\t<\/div>\n\t\t\t<\/div><!-- .tile-back -->\n\n\t\t\t<\/div>\n\n\t<\/div><!-- \/module tile -->\n\n<!-- module tile -->\n<div  id=\"tb_j49m552\" class=\"module module-tile tb_j49m552 size-landscape flip-horizontal has-flip bloc_btn tuile_bleu titre_off tuile_25 tile-type-front-text  tf_mw tf_opacity wow\" data-tf-animation=\"fadeInUp\" data-lazy=\"1\" data-auto-flip=\"0\" data-in-effect=\"flip-horizontal\" >\n\t\t\t<div class=\"tile-flip-box-wrap tf_abs tf_box tf_overflow tf_w tf_h\">\n\t\t\n\t\t\t\t\n\t\t\t\t\t<div class=\"tile-front tile-type-text ui tb_default_color tf_box tf_w tf_h tf_overflow tf_rel tf_scrollbar\">\n\t\t\t\t<div class=\"tile-inner tf_box\">\n\t\t\t\t\t\t\t\t\t\t\t\t\t\t\t\t\t\t<h4 class=\"tile-title\">Partager la culture scientifique et communiquer<\/h4>\n\t\t\t\t\t\t\n\t\t\t\t\t\t<div class=\"tile-content\">\n\t\t\t\t\t\t\t<h3>Partager la culture scientifique et communiquer<\/h3>\t\t\t\t\t\t<\/div>\n\t\t\t\t\t\n\t\t\t\t\t\t\t\t\t\t\t<a href=\"\/rapport-activite-2021\/partager-la-culture-scientifique\/\" class=\"action-button\"><span><\/span><\/a>\n\t\t\t\t\t\t\t\t\t\t\t\t\t\t\t\t<a href=\"#\" class=\"tile-flip-back-button tf_hide\"><\/a>\n\t\t\t\t\t\t\t\t\t<\/div>\n\t\t\t<\/div><!-- .tile-front -->\n\n\t\t\t\t\t<div class=\"tile-back tile-type-text ui tb_default_color tf_box tf_w tf_h tf_overflow tf_abs tf_hidden tf_scrollbar\">\n\t\t\t\t<div class=\"tile-inner tf_box\">\n\t\t\t\t\t\t\t\t\t\t\t\t\t\t\t\t\t\t<h4 class=\"tile-title\">Partager la culture scientifique et communiquer<\/h4>\n\t\t\t\t\t\t\n\t\t\t\t\t\t<div class=\"tile-content\">\n\t\t\t\t\t\t\t<h3>Partager la culture scientifique et communiquer<\/h3>\t\t\t\t\t\t<\/div>\n\t\t\t\t\t\n\t\t\t\t\t\t\t\t\t\t\t<a href=\"\/partager-la-culture-scientifique\/\" class=\"action-button\"><span><\/span><\/a>\n\t\t\t\t\t\t\t\t\t\t\t\t\t\t\t\t<a href=\"#\" class=\"tile-flip-back-button tf_hide\"><\/a>\n\t\t\t\t\t\t\t\t\t<\/div>\n\t\t\t<\/div><!-- .tile-back -->\n\n\t\t\t<\/div>\n\n\t<\/div><!-- \/module tile -->\n\n<!-- module tile -->\n<div  id=\"tb_qty5976\" class=\"module module-tile tb_qty5976 size-landscape flip-horizontal has-flip bloc_btn tuile_rouge titre_off tuile_25 tile-type-front-text  tf_mw tf_opacity wow\" data-tf-animation=\"fadeInDown\" data-lazy=\"1\" data-auto-flip=\"0\" data-in-effect=\"flip-horizontal\" >\n\t\t\t<div class=\"tile-flip-box-wrap tf_abs tf_box tf_overflow tf_w tf_h\">\n\t\t\n\t\t\t\t\n\t\t\t\t\t<div class=\"tile-front tile-type-text ui tb_default_color tf_box tf_w tf_h tf_overflow tf_rel tf_scrollbar\">\n\t\t\t\t<div class=\"tile-inner tf_box\">\n\t\t\t\t\t\t\t\t\t\t\t\t\t\t\t\t\t\t<h4 class=\"tile-title\">Engagements, organisation et moyens<\/h4>\n\t\t\t\t\t\t\n\t\t\t\t\t\t<div class=\"tile-content\">\n\t\t\t\t\t\t\t<h3>Engagements, organisation et moyens<\/h3>\t\t\t\t\t\t<\/div>\n\t\t\t\t\t\n\t\t\t\t\t\t\t\t\t\t\t<a href=\"\/rapport-activite-2021\/engagements-organisation-et-moyens\/\" class=\"action-button\"><span><\/span><\/a>\n\t\t\t\t\t\t\t\t\t\t\t\t\t\t\t\t<a href=\"#\" class=\"tile-flip-back-button tf_hide\"><\/a>\n\t\t\t\t\t\t\t\t\t<\/div>\n\t\t\t<\/div><!-- .tile-front -->\n\n\t\t\t\t\t<div class=\"tile-back tile-type-text ui tb_default_color tf_box tf_w tf_h tf_overflow tf_abs tf_hidden tf_scrollbar\">\n\t\t\t\t<div class=\"tile-inner tf_box\">\n\t\t\t\t\t\t\t\t\t\t\t\t\t\t\t\t\t\t<h4 class=\"tile-title\">Engagements, organisation et moyens<\/h4>\n\t\t\t\t\t\t\n\t\t\t\t\t\t<div class=\"tile-content\">\n\t\t\t\t\t\t\t<h3>Engagements, organisation et moyens<\/h3>\t\t\t\t\t\t<\/div>\n\t\t\t\t\t\n\t\t\t\t\t\t\t\t\t\t\t<a href=\"\/rapport-activite-2021\/engagements-organisation-et-moyens\/\" class=\"action-button\"><span><\/span><\/a>\n\t\t\t\t\t\t\t\t\t\t\t\t\t\t\t\t<a href=\"#\" class=\"tile-flip-back-button tf_hide\"><\/a>\n\t\t\t\t\t\t\t\t\t<\/div>\n\t\t\t<\/div><!-- .tile-back -->\n\n\t\t\t<\/div>\n\n\t<\/div><!-- \/module tile -->        <\/div>\n                        <\/div>\n        <\/div>\n        <\/div>\n<!--\/themify_builder_content-->","protected":false},"excerpt":{"rendered":"<p>Rapport d&rsquo;activit\u00e9 2021 Les plus Les + Les plus Les + Former Former Former Former Chercher et innover Chercher et innover Chercher et innover Chercher et innover Entreprendre et valoriser Entreprendre et valoriser Entreprendre et valoriser Entreprendre et valoriser Partager la culture scientifique et communiquer Partager la culture scientifique et communiquer Partager la culture scientifique [&hellip;]<\/p>\n","protected":false},"author":1,"featured_media":0,"parent":0,"menu_order":0,"comment_status":"closed","ping_status":"closed","template":"","meta":[],"tags":[],"acf":[],"yoast_head":"<!-- This site is optimized with the Yoast SEO plugin v21.1 - https:\/\/yoast.com\/wordpress\/plugins\/seo\/ -->\n<title>Rapport d&#039;activit\u00e9 2021 - Rapport d&#039;activit\u00e9 2021<\/title>\n<meta name=\"robots\" content=\"index, follow, max-snippet:-1, max-image-preview:large, max-video-preview:-1\" \/>\n<link rel=\"canonical\" href=\"https:\/\/kiosque.ecoledesponts.fr\/rapport-activite-2021\/\" \/>\n<meta property=\"og:locale\" content=\"fr_FR\" \/>\n<meta property=\"og:type\" content=\"article\" \/>\n<meta property=\"og:title\" content=\"Rapport d&#039;activit\u00e9 2021 - Rapport d&#039;activit\u00e9 2021\" \/>\n<meta property=\"og:description\" content=\"Rapport d&rsquo;activit\u00e9 2021 Les plus Les + Les plus Les + Former Former Former Former Chercher et innover Chercher et innover Chercher et innover Chercher et innover Entreprendre et valoriser Entreprendre et valoriser Entreprendre et valoriser Entreprendre et valoriser Partager la culture scientifique et communiquer Partager la culture scientifique et communiquer Partager la culture scientifique [&hellip;]\" \/>\n<meta property=\"og:url\" content=\"https:\/\/kiosque.ecoledesponts.fr\/rapport-activite-2021\/\" \/>\n<meta property=\"og:site_name\" content=\"Rapport d&#039;activit\u00e9 2021\" \/>\n<meta property=\"article:modified_time\" content=\"2022-10-28T13:10:36+00:00\" \/>\n<meta name=\"twitter:card\" content=\"summary_large_image\" \/>\n<script type=\"application\/ld+json\" class=\"yoast-schema-graph\">{\"@context\":\"https:\/\/schema.org\",\"@graph\":[{\"@type\":\"WebPage\",\"@id\":\"https:\/\/kiosque.ecoledesponts.fr\/rapport-activite-2021\/\",\"url\":\"https:\/\/kiosque.ecoledesponts.fr\/rapport-activite-2021\/\",\"name\":\"Rapport d'activit\u00e9 2021 - Rapport d'activit\u00e9 2021\",\"isPartOf\":{\"@id\":\"https:\/\/kiosque.ecoledesponts.fr\/rapport-activite-2021\/#website\"},\"datePublished\":\"2022-04-21T07:03:57+00:00\",\"dateModified\":\"2022-10-28T13:10:36+00:00\",\"breadcrumb\":{\"@id\":\"https:\/\/kiosque.ecoledesponts.fr\/rapport-activite-2021\/#breadcrumb\"},\"inLanguage\":\"fr-FR\",\"potentialAction\":[{\"@type\":\"ReadAction\",\"target\":[\"https:\/\/kiosque.ecoledesponts.fr\/rapport-activite-2021\/\"]}]},{\"@type\":\"BreadcrumbList\",\"@id\":\"https:\/\/kiosque.ecoledesponts.fr\/rapport-activite-2021\/#breadcrumb\",\"itemListElement\":[{\"@type\":\"ListItem\",\"position\":1,\"name\":\"Accueil\",\"item\":\"https:\/\/kiosque.ecoledesponts.fr\/rapport-activite-2021\/\"},{\"@type\":\"ListItem\",\"position\":2,\"name\":\"Rapport d&rsquo;activit\u00e9 2021\"}]},{\"@type\":\"WebSite\",\"@id\":\"https:\/\/kiosque.ecoledesponts.fr\/rapport-activite-2021\/#website\",\"url\":\"https:\/\/kiosque.ecoledesponts.fr\/rapport-activite-2021\/\",\"name\":\"Rapport d'activit\u00e9 2021\",\"description\":\"Un site utilisant Les sites du kiosque des ponts\",\"potentialAction\":[{\"@type\":\"SearchAction\",\"target\":{\"@type\":\"EntryPoint\",\"urlTemplate\":\"https:\/\/kiosque.ecoledesponts.fr\/rapport-activite-2021\/?s={search_term_string}\"},\"query-input\":\"required name=search_term_string\"}],\"inLanguage\":\"fr-FR\"}]}<\/script>\n<!-- \/ Yoast SEO plugin. -->","yoast_head_json":{"title":"Rapport d'activit\u00e9 2021 - Rapport d'activit\u00e9 2021","robots":{"index":"index","follow":"follow","max-snippet":"max-snippet:-1","max-image-preview":"max-image-preview:large","max-video-preview":"max-video-preview:-1"},"canonical":"https:\/\/kiosque.ecoledesponts.fr\/rapport-activite-2021\/","og_locale":"fr_FR","og_type":"article","og_title":"Rapport d'activit\u00e9 2021 - Rapport d'activit\u00e9 2021","og_description":"Rapport d&rsquo;activit\u00e9 2021 Les plus Les + Les plus Les + Former Former Former Former Chercher et innover Chercher et innover Chercher et innover Chercher et innover Entreprendre et valoriser Entreprendre et valoriser Entreprendre et valoriser Entreprendre et valoriser Partager la culture scientifique et communiquer Partager la culture scientifique et communiquer Partager la culture scientifique [&hellip;]","og_url":"https:\/\/kiosque.ecoledesponts.fr\/rapport-activite-2021\/","og_site_name":"Rapport d'activit\u00e9 2021","article_modified_time":"2022-10-28T13:10:36+00:00","twitter_card":"summary_large_image","schema":{"@context":"https:\/\/schema.org","@graph":[{"@type":"WebPage","@id":"https:\/\/kiosque.ecoledesponts.fr\/rapport-activite-2021\/","url":"https:\/\/kiosque.ecoledesponts.fr\/rapport-activite-2021\/","name":"Rapport d'activit\u00e9 2021 - Rapport d'activit\u00e9 2021","isPartOf":{"@id":"https:\/\/kiosque.ecoledesponts.fr\/rapport-activite-2021\/#website"},"datePublished":"2022-04-21T07:03:57+00:00","dateModified":"2022-10-28T13:10:36+00:00","breadcrumb":{"@id":"https:\/\/kiosque.ecoledesponts.fr\/rapport-activite-2021\/#breadcrumb"},"inLanguage":"fr-FR","potentialAction":[{"@type":"ReadAction","target":["https:\/\/kiosque.ecoledesponts.fr\/rapport-activite-2021\/"]}]},{"@type":"BreadcrumbList","@id":"https:\/\/kiosque.ecoledesponts.fr\/rapport-activite-2021\/#breadcrumb","itemListElement":[{"@type":"ListItem","position":1,"name":"Accueil","item":"https:\/\/kiosque.ecoledesponts.fr\/rapport-activite-2021\/"},{"@type":"ListItem","position":2,"name":"Rapport d&rsquo;activit\u00e9 2021"}]},{"@type":"WebSite","@id":"https:\/\/kiosque.ecoledesponts.fr\/rapport-activite-2021\/#website","url":"https:\/\/kiosque.ecoledesponts.fr\/rapport-activite-2021\/","name":"Rapport d'activit\u00e9 2021","description":"Un site utilisant Les sites du kiosque des ponts","potentialAction":[{"@type":"SearchAction","target":{"@type":"EntryPoint","urlTemplate":"https:\/\/kiosque.ecoledesponts.fr\/rapport-activite-2021\/?s={search_term_string}"},"query-input":"required name=search_term_string"}],"inLanguage":"fr-FR"}]}},"builder_content":"<h4>Rapport d'activit\u00e9 2021<\/h4> <a href=\"#\"><\/a> \n <a href=\"#\"><\/a>\n<h4>Les plus<\/h4> <h3>Les +<\/h3> <a href=\"\/rapport-activite-2021\/les-plus\/\"><\/a> <a href=\"#\"><\/a> \n <h4>Les plus<\/h4> <h3>Les +<\/h3> <a href=\"\/rapport-activite-2021\/les-plus\/\"><\/a> <a href=\"#\"><\/a>\n<h4>Former<\/h4> <h3>Former<\/h3> <a href=\"\/rapport-activite-2021\/former\/\"><\/a> <a href=\"#\"><\/a> \n <h4>Former<\/h4> <h3>Former<\/h3> <a href=\"\/rapport-activite-2021\/former\/\"><\/a> <a href=\"#\"><\/a>\n<h4>Chercher et innover<\/h4> <h3>Chercher et innover<\/h3> <a href=\"\/rapport-activite-2021\/chercher-et-innover\/\"><\/a> <a href=\"#\"><\/a> \n <h4>Chercher et innover<\/h4> <h3>Chercher et innover<\/h3> <a href=\"\/rapport-activite-2021\/chercher-et-innover\/\"><\/a> <a href=\"#\"><\/a>\n<h4>Entreprendre et valoriser<\/h4> <h3>Entreprendre et valoriser<\/h3> <a href=\"\/rapport-activite-2021\/entreprendre-et-valoriser\/\"><\/a> <a href=\"#\"><\/a> \n <h4>Entreprendre et valoriser<\/h4> <h3>Entreprendre et valoriser<\/h3> <a href=\"\/rapport-activite-2021\/entreprendre-et-valoriser\/\"><\/a> <a href=\"#\"><\/a>\n<h4>Partager la culture scientifique et communiquer<\/h4> <h3>Partager la culture scientifique et communiquer<\/h3> <a href=\"\/rapport-activite-2021\/partager-la-culture-scientifique\/\"><\/a> <a href=\"#\"><\/a> \n <h4>Partager la culture scientifique et communiquer<\/h4> <h3>Partager la culture scientifique et communiquer<\/h3> <a href=\"\/partager-la-culture-scientifique\/\"><\/a> <a href=\"#\"><\/a>\n<h4>Engagements, organisation et moyens<\/h4> <h3>Engagements, organisation et moyens<\/h3> <a href=\"\/rapport-activite-2021\/engagements-organisation-et-moyens\/\"><\/a> <a href=\"#\"><\/a> \n <h4>Engagements, organisation et moyens<\/h4> <h3>Engagements, organisation et moyens<\/h3> <a href=\"\/rapport-activite-2021\/engagements-organisation-et-moyens\/\"><\/a> <a href=\"#\"><\/a>","_links":{"self":[{"href":"https:\/\/kiosque.ecoledesponts.fr\/rapport-activite-2021\/wp-json\/wp\/v2\/pages\/117"}],"collection":[{"href":"https:\/\/kiosque.ecoledesponts.fr\/rapport-activite-2021\/wp-json\/wp\/v2\/pages"}],"about":[{"href":"https:\/\/kiosque.ecoledesponts.fr\/rapport-activite-2021\/wp-json\/wp\/v2\/types\/page"}],"author":[{"embeddable":true,"href":"https:\/\/kiosque.ecoledesponts.fr\/rapport-activite-2021\/wp-json\/wp\/v2\/users\/1"}],"replies":[{"embeddable":true,"href":"https:\/\/kiosque.ecoledesponts.fr\/rapport-activite-2021\/wp-json\/wp\/v2\/comments?post=117"}],"version-history":[{"count":12,"href":"https:\/\/kiosque.ecoledesponts.fr\/rapport-activite-2021\/wp-json\/wp\/v2\/pages\/117\/revisions"}],"predecessor-version":[{"id":4087,"href":"https:\/\/kiosque.ecoledesponts.fr\/rapport-activite-2021\/wp-json\/wp\/v2\/pages\/117\/revisions\/4087"}],"wp:attachment":[{"href":"https:\/\/kiosque.ecoledesponts.fr\/rapport-activite-2021\/wp-json\/wp\/v2\/media?parent=117"}],"wp:term":[{"taxonomy":"post_tag","embeddable":true,"href":"https:\/\/kiosque.ecoledesponts.fr\/rapport-activite-2021\/wp-json\/wp\/v2\/tags?post=117"}],"curies":[{"name":"wp","href":"https:\/\/api.w.org\/{rel}","templated":true}]}}