{"id":1205,"date":"2022-08-10T18:23:00","date_gmt":"2022-08-10T16:23:00","guid":{"rendered":"http:\/\/kiosque.ecoledesponts.fr\/rapport-activite-2021\/?page_id=1205"},"modified":"2023-01-02T16:58:08","modified_gmt":"2023-01-02T15:58:08","slug":"ouvrir-la-science-economique","status":"publish","type":"page","link":"https:\/\/kiosque.ecoledesponts.fr\/rapport-activite-2021\/chercher-et-innover\/economie-usages-et-societe\/faits-marquants\/ouvrir-la-science-economique\/","title":{"rendered":"Ouvrir la science \u00e9conomique"},"content":{"rendered":"<!--themify_builder_content-->\n<div id=\"themify_builder_content-1205\" data-postid=\"1205\" class=\"themify_builder_content themify_builder_content-1205 themify_builder tf_clear\">\n    <\/div>\n<!--\/themify_builder_content-->\n\n<p>Herm\u00e8s et l\u2019\u00c9cole d\u2019\u00e9conomie de Paris ont cr\u00e9\u00e9 la chaire de recherche \u00ab\u202fOuvrir la science \u00e9conomique (OSE)\u202f\u00bb. Sa sp\u00e9cificit\u00e9\u202f: mettre en interaction des \u00e9conomistes et des chercheurs d\u2019autres disciplines dans quatre domaines scientifiques.<\/p>","protected":false},"excerpt":{"rendered":"<p>Herm\u00e8s et l\u2019\u00c9cole d\u2019\u00e9conomie de Paris ont cr\u00e9\u00e9 la chaire de recherche \u00ab\u202fOuvrir la science \u00e9conomique (OSE)\u202f\u00bb. Sa sp\u00e9cificit\u00e9\u202f: mettre en interaction des \u00e9conomistes et des chercheurs d\u2019autres disciplines dans quatre domaines scientifiques.<\/p>\n","protected":false},"author":1,"featured_media":0,"parent":1191,"menu_order":0,"comment_status":"closed","ping_status":"closed","template":"","meta":[],"tags":[33,53,31,29],"acf":[],"yoast_head":"<!-- This site is optimized with the Yoast SEO plugin v21.1 - https:\/\/yoast.com\/wordpress\/plugins\/seo\/ -->\n<title>Ouvrir la science \u00e9conomique - Rapport d&#039;activit\u00e9 2021<\/title>\n<meta name=\"robots\" content=\"index, follow, max-snippet:-1, max-image-preview:large, max-video-preview:-1\" \/>\n<link rel=\"canonical\" href=\"https:\/\/kiosque.ecoledesponts.fr\/rapport-activite-2021\/chercher-et-innover\/economie-usages-et-societe\/faits-marquants\/ouvrir-la-science-economique\/\" \/>\n<meta property=\"og:locale\" content=\"fr_FR\" \/>\n<meta property=\"og:type\" content=\"article\" \/>\n<meta property=\"og:title\" content=\"Ouvrir la science \u00e9conomique - Rapport d&#039;activit\u00e9 2021\" \/>\n<meta property=\"og:description\" content=\"Herm\u00e8s et l\u2019\u00c9cole d\u2019\u00e9conomie de Paris ont cr\u00e9\u00e9 la chaire de recherche \u00ab\u202fOuvrir la science \u00e9conomique (OSE)\u202f\u00bb. Sa sp\u00e9cificit\u00e9\u202f: mettre en interaction des \u00e9conomistes et des chercheurs d\u2019autres disciplines dans quatre domaines scientifiques.\" \/>\n<meta property=\"og:url\" content=\"https:\/\/kiosque.ecoledesponts.fr\/rapport-activite-2021\/chercher-et-innover\/economie-usages-et-societe\/faits-marquants\/ouvrir-la-science-economique\/\" \/>\n<meta property=\"og:site_name\" content=\"Rapport d&#039;activit\u00e9 2021\" \/>\n<meta property=\"article:modified_time\" content=\"2023-01-02T15:58:08+00:00\" \/>\n<meta name=\"twitter:card\" content=\"summary_large_image\" \/>\n<script type=\"application\/ld+json\" class=\"yoast-schema-graph\">{\"@context\":\"https:\/\/schema.org\",\"@graph\":[{\"@type\":\"WebPage\",\"@id\":\"https:\/\/kiosque.ecoledesponts.fr\/rapport-activite-2021\/chercher-et-innover\/economie-usages-et-societe\/faits-marquants\/ouvrir-la-science-economique\/\",\"url\":\"https:\/\/kiosque.ecoledesponts.fr\/rapport-activite-2021\/chercher-et-innover\/economie-usages-et-societe\/faits-marquants\/ouvrir-la-science-economique\/\",\"name\":\"Ouvrir la science \u00e9conomique - Rapport d'activit\u00e9 2021\",\"isPartOf\":{\"@id\":\"https:\/\/kiosque.ecoledesponts.fr\/rapport-activite-2021\/#website\"},\"datePublished\":\"2022-08-10T16:23:00+00:00\",\"dateModified\":\"2023-01-02T15:58:08+00:00\",\"breadcrumb\":{\"@id\":\"https:\/\/kiosque.ecoledesponts.fr\/rapport-activite-2021\/chercher-et-innover\/economie-usages-et-societe\/faits-marquants\/ouvrir-la-science-economique\/#breadcrumb\"},\"inLanguage\":\"fr-FR\",\"potentialAction\":[{\"@type\":\"ReadAction\",\"target\":[\"https:\/\/kiosque.ecoledesponts.fr\/rapport-activite-2021\/chercher-et-innover\/economie-usages-et-societe\/faits-marquants\/ouvrir-la-science-economique\/\"]}]},{\"@type\":\"BreadcrumbList\",\"@id\":\"https:\/\/kiosque.ecoledesponts.fr\/rapport-activite-2021\/chercher-et-innover\/economie-usages-et-societe\/faits-marquants\/ouvrir-la-science-economique\/#breadcrumb\",\"itemListElement\":[{\"@type\":\"ListItem\",\"position\":1,\"name\":\"Accueil\",\"item\":\"https:\/\/kiosque.ecoledesponts.fr\/rapport-activite-2021\/\"},{\"@type\":\"ListItem\",\"position\":2,\"name\":\"Chercher et innover\",\"item\":\"https:\/\/kiosque.ecoledesponts.fr\/rapport-activite-2021\/chercher-et-innover\/\"},{\"@type\":\"ListItem\",\"position\":3,\"name\":\"\u00c9conomie, usages et soci\u00e9t\u00e9\",\"item\":\"https:\/\/kiosque.ecoledesponts.fr\/rapport-activite-2021\/chercher-et-innover\/economie-usages-et-societe\/\"},{\"@type\":\"ListItem\",\"position\":4,\"name\":\"Faits marquants\",\"item\":\"https:\/\/kiosque.ecoledesponts.fr\/rapport-activite-2021\/chercher-et-innover\/economie-usages-et-societe\/faits-marquants\/\"},{\"@type\":\"ListItem\",\"position\":5,\"name\":\"Ouvrir la science \u00e9conomique\"}]},{\"@type\":\"WebSite\",\"@id\":\"https:\/\/kiosque.ecoledesponts.fr\/rapport-activite-2021\/#website\",\"url\":\"https:\/\/kiosque.ecoledesponts.fr\/rapport-activite-2021\/\",\"name\":\"Rapport d'activit\u00e9 2021\",\"description\":\"Un site utilisant Les sites du kiosque des ponts\",\"potentialAction\":[{\"@type\":\"SearchAction\",\"target\":{\"@type\":\"EntryPoint\",\"urlTemplate\":\"https:\/\/kiosque.ecoledesponts.fr\/rapport-activite-2021\/?s={search_term_string}\"},\"query-input\":\"required name=search_term_string\"}],\"inLanguage\":\"fr-FR\"}]}<\/script>\n<!-- \/ Yoast SEO plugin. -->","yoast_head_json":{"title":"Ouvrir la science \u00e9conomique - Rapport d'activit\u00e9 2021","robots":{"index":"index","follow":"follow","max-snippet":"max-snippet:-1","max-image-preview":"max-image-preview:large","max-video-preview":"max-video-preview:-1"},"canonical":"https:\/\/kiosque.ecoledesponts.fr\/rapport-activite-2021\/chercher-et-innover\/economie-usages-et-societe\/faits-marquants\/ouvrir-la-science-economique\/","og_locale":"fr_FR","og_type":"article","og_title":"Ouvrir la science \u00e9conomique - Rapport d'activit\u00e9 2021","og_description":"Herm\u00e8s et l\u2019\u00c9cole d\u2019\u00e9conomie de Paris ont cr\u00e9\u00e9 la chaire de recherche \u00ab\u202fOuvrir la science \u00e9conomique (OSE)\u202f\u00bb. Sa sp\u00e9cificit\u00e9\u202f: mettre en interaction des \u00e9conomistes et des chercheurs d\u2019autres disciplines dans quatre domaines scientifiques.","og_url":"https:\/\/kiosque.ecoledesponts.fr\/rapport-activite-2021\/chercher-et-innover\/economie-usages-et-societe\/faits-marquants\/ouvrir-la-science-economique\/","og_site_name":"Rapport d'activit\u00e9 2021","article_modified_time":"2023-01-02T15:58:08+00:00","twitter_card":"summary_large_image","schema":{"@context":"https:\/\/schema.org","@graph":[{"@type":"WebPage","@id":"https:\/\/kiosque.ecoledesponts.fr\/rapport-activite-2021\/chercher-et-innover\/economie-usages-et-societe\/faits-marquants\/ouvrir-la-science-economique\/","url":"https:\/\/kiosque.ecoledesponts.fr\/rapport-activite-2021\/chercher-et-innover\/economie-usages-et-societe\/faits-marquants\/ouvrir-la-science-economique\/","name":"Ouvrir la science \u00e9conomique - Rapport d'activit\u00e9 2021","isPartOf":{"@id":"https:\/\/kiosque.ecoledesponts.fr\/rapport-activite-2021\/#website"},"datePublished":"2022-08-10T16:23:00+00:00","dateModified":"2023-01-02T15:58:08+00:00","breadcrumb":{"@id":"https:\/\/kiosque.ecoledesponts.fr\/rapport-activite-2021\/chercher-et-innover\/economie-usages-et-societe\/faits-marquants\/ouvrir-la-science-economique\/#breadcrumb"},"inLanguage":"fr-FR","potentialAction":[{"@type":"ReadAction","target":["https:\/\/kiosque.ecoledesponts.fr\/rapport-activite-2021\/chercher-et-innover\/economie-usages-et-societe\/faits-marquants\/ouvrir-la-science-economique\/"]}]},{"@type":"BreadcrumbList","@id":"https:\/\/kiosque.ecoledesponts.fr\/rapport-activite-2021\/chercher-et-innover\/economie-usages-et-societe\/faits-marquants\/ouvrir-la-science-economique\/#breadcrumb","itemListElement":[{"@type":"ListItem","position":1,"name":"Accueil","item":"https:\/\/kiosque.ecoledesponts.fr\/rapport-activite-2021\/"},{"@type":"ListItem","position":2,"name":"Chercher et innover","item":"https:\/\/kiosque.ecoledesponts.fr\/rapport-activite-2021\/chercher-et-innover\/"},{"@type":"ListItem","position":3,"name":"\u00c9conomie, usages et soci\u00e9t\u00e9","item":"https:\/\/kiosque.ecoledesponts.fr\/rapport-activite-2021\/chercher-et-innover\/economie-usages-et-societe\/"},{"@type":"ListItem","position":4,"name":"Faits marquants","item":"https:\/\/kiosque.ecoledesponts.fr\/rapport-activite-2021\/chercher-et-innover\/economie-usages-et-societe\/faits-marquants\/"},{"@type":"ListItem","position":5,"name":"Ouvrir la science \u00e9conomique"}]},{"@type":"WebSite","@id":"https:\/\/kiosque.ecoledesponts.fr\/rapport-activite-2021\/#website","url":"https:\/\/kiosque.ecoledesponts.fr\/rapport-activite-2021\/","name":"Rapport d'activit\u00e9 2021","description":"Un site utilisant Les sites du kiosque des ponts","potentialAction":[{"@type":"SearchAction","target":{"@type":"EntryPoint","urlTemplate":"https:\/\/kiosque.ecoledesponts.fr\/rapport-activite-2021\/?s={search_term_string}"},"query-input":"required name=search_term_string"}],"inLanguage":"fr-FR"}]}},"builder_content":"","_links":{"self":[{"href":"https:\/\/kiosque.ecoledesponts.fr\/rapport-activite-2021\/wp-json\/wp\/v2\/pages\/1205"}],"collection":[{"href":"https:\/\/kiosque.ecoledesponts.fr\/rapport-activite-2021\/wp-json\/wp\/v2\/pages"}],"about":[{"href":"https:\/\/kiosque.ecoledesponts.fr\/rapport-activite-2021\/wp-json\/wp\/v2\/types\/page"}],"author":[{"embeddable":true,"href":"https:\/\/kiosque.ecoledesponts.fr\/rapport-activite-2021\/wp-json\/wp\/v2\/users\/1"}],"replies":[{"embeddable":true,"href":"https:\/\/kiosque.ecoledesponts.fr\/rapport-activite-2021\/wp-json\/wp\/v2\/comments?post=1205"}],"version-history":[{"count":3,"href":"https:\/\/kiosque.ecoledesponts.fr\/rapport-activite-2021\/wp-json\/wp\/v2\/pages\/1205\/revisions"}],"predecessor-version":[{"id":1211,"href":"https:\/\/kiosque.ecoledesponts.fr\/rapport-activite-2021\/wp-json\/wp\/v2\/pages\/1205\/revisions\/1211"}],"up":[{"embeddable":true,"href":"https:\/\/kiosque.ecoledesponts.fr\/rapport-activite-2021\/wp-json\/wp\/v2\/pages\/1191"}],"wp:attachment":[{"href":"https:\/\/kiosque.ecoledesponts.fr\/rapport-activite-2021\/wp-json\/wp\/v2\/media?parent=1205"}],"wp:term":[{"taxonomy":"post_tag","embeddable":true,"href":"https:\/\/kiosque.ecoledesponts.fr\/rapport-activite-2021\/wp-json\/wp\/v2\/tags?post=1205"}],"curies":[{"name":"wp","href":"https:\/\/api.w.org\/{rel}","templated":true}]}}