{"id":1233,"date":"2022-08-11T10:06:14","date_gmt":"2022-08-11T08:06:14","guid":{"rendered":"http:\/\/kiosque.ecoledesponts.fr\/rapport-activite-2021\/?page_id=1233"},"modified":"2023-01-02T17:00:59","modified_gmt":"2023-01-02T16:00:59","slug":"dingenieur-a-entrepreneur","status":"publish","type":"page","link":"https:\/\/kiosque.ecoledesponts.fr\/rapport-activite-2021\/entreprendre-et-valoriser\/entreprendre-et-valoriser-2\/dingenieur-a-entrepreneur\/","title":{"rendered":"D\u2019ing\u00e9nieur \u00e0 entrepreneur"},"content":{"rendered":"<!--themify_builder_content-->\n<div id=\"themify_builder_content-1233\" data-postid=\"1233\" class=\"themify_builder_content themify_builder_content-1233 themify_builder tf_clear\">\n    <\/div>\n<!--\/themify_builder_content-->\n\n<p class=\"TXTCOURANT\">Pour susciter l\u2019envie d\u2019entreprendre chez les \u00e9tudiants, l\u2019\u00c9cole des Ponts ParisTech s\u2019appuie sur un dispositif qui allie formation, animation et accompagnement, en y associant un \u00e9cosyst\u00e8me favorable.<\/p>\n<p class=\"TXTCOURANT\">L\u2019offre d\u2019accompagnement \u00e0 l\u2019entrepreneuriat, accessible \u00e0 chaque \u00e9l\u00e8ve, s\u2019inscrit dans les diff\u00e9rents parcours propos\u00e9s en cycle master. Elle fait l\u2019objet d\u2019un am\u00e9nagement pour conjuguer enseignement scientifique et formation \u00e0 l\u2019innovation, \u00e0 la gestion d\u2019entreprise et \u00e0 l\u2019entrepreneuriat.<\/p>\n<p class=\"TXTCOURANT\">En compl\u00e9ment, des rendez-vous r\u00e9guliers visent \u00e0 sensibiliser les \u00e9l\u00e8ves, d\u00e8s la 1<sup>re<\/sup> ann\u00e9e, \u00e0 l\u2019entrepreneuriat et aux projets innovants, notamment les \u00e9v\u00e9nements annuels <span style=\"letter-spacing: -.2pt;\">\u00ab\u202f<\/span>Une nuit pour entreprendre<span style=\"letter-spacing: -.2pt;\">\u202f\u00bb<\/span> et <span class=\"TxtCourantItalique\"><span style=\"font-style: normal;\">Ponts Startup Day<\/span><\/span>.<\/p>\n<p class=\"TXTCOURANT\">Les \u00e9l\u00e8ves porteurs d\u2019un projet de cr\u00e9ation d\u2019entreprise sont ensuite conseill\u00e9s pour leur permettre de trouver l\u2019accompagnement qui leur correspond, profiter des dispositifs existants (statut d\u2019\u00e9tudiant- entrepreneur, r\u00e9seau P\u00e9pite 3EF, prix et concours\u2026) et identifier les leviers de financement possibles (aides financi\u00e8res de l\u2019\u00c9cole et de la Fondation des Ponts, prix, financements publics et priv\u00e9s).<\/p>\n<p class=\"TXTCOURANT\">La transformation du projet innovant en cr\u00e9ation de startup est favoris\u00e9e par la participation de l\u2019Ecole \u00e0 un \u00e9cosyst\u00e8me dynamique compos\u00e9 d\u2019un programme d\u2019incubation \u00e0 Station F, de services d\u2019accompagnement propos\u00e9s par Descartes D\u00e9veloppement et Innovation (incubateur et fablab sur le campus) et d\u2019un programme d\u2019acc\u00e9l\u00e9ration au Village by CA.<\/p>\n<p class=\"TXTCOURANT\"><span style=\"letter-spacing: -.1pt;\">En outre, le groupe professionnel \u00ab\u202fStartup\u202f\u00bb de Ponts Alumni favorise l\u2019acc\u00e8s des \u00e9tudiants entrepreneurs aux r\u00e9seaux des anciens, pour des conseils et du partage d\u2019exp\u00e9rience avec des alumni startupeurs.<\/span><\/p>","protected":false},"excerpt":{"rendered":"<p>Pour susciter l\u2019envie d\u2019entreprendre chez les \u00e9tudiants, l\u2019\u00c9cole des Ponts ParisTech s\u2019appuie sur un dispositif qui allie formation, animation et accompagnement, en y associant un \u00e9cosyst\u00e8me favorable. L\u2019offre d\u2019accompagnement \u00e0 l\u2019entrepreneuriat, accessible \u00e0 chaque \u00e9l\u00e8ve, s\u2019inscrit dans les diff\u00e9rents parcours propos\u00e9s en cycle master. Elle fait l\u2019objet d\u2019un am\u00e9nagement pour conjuguer enseignement scientifique et formation [&hellip;]<\/p>\n","protected":false},"author":1,"featured_media":0,"parent":1231,"menu_order":0,"comment_status":"closed","ping_status":"closed","template":"page_vert.php","meta":[],"tags":[33,31],"acf":[],"yoast_head":"<!-- This site is optimized with the Yoast SEO plugin v21.1 - https:\/\/yoast.com\/wordpress\/plugins\/seo\/ -->\n<title>D\u2019ing\u00e9nieur \u00e0 entrepreneur - Rapport d&#039;activit\u00e9 2021<\/title>\n<meta name=\"robots\" content=\"index, follow, max-snippet:-1, max-image-preview:large, max-video-preview:-1\" \/>\n<link rel=\"canonical\" href=\"https:\/\/kiosque.ecoledesponts.fr\/rapport-activite-2021\/entreprendre-et-valoriser\/entreprendre-et-valoriser-2\/dingenieur-a-entrepreneur\/\" \/>\n<meta property=\"og:locale\" content=\"fr_FR\" \/>\n<meta property=\"og:type\" content=\"article\" \/>\n<meta property=\"og:title\" content=\"D\u2019ing\u00e9nieur \u00e0 entrepreneur - Rapport d&#039;activit\u00e9 2021\" \/>\n<meta property=\"og:description\" content=\"Pour susciter l\u2019envie d\u2019entreprendre chez les \u00e9tudiants, l\u2019\u00c9cole des Ponts ParisTech s\u2019appuie sur un dispositif qui allie formation, animation et accompagnement, en y associant un \u00e9cosyst\u00e8me favorable. L\u2019offre d\u2019accompagnement \u00e0 l\u2019entrepreneuriat, accessible \u00e0 chaque \u00e9l\u00e8ve, s\u2019inscrit dans les diff\u00e9rents parcours propos\u00e9s en cycle master. Elle fait l\u2019objet d\u2019un am\u00e9nagement pour conjuguer enseignement scientifique et formation [&hellip;]\" \/>\n<meta property=\"og:url\" content=\"https:\/\/kiosque.ecoledesponts.fr\/rapport-activite-2021\/entreprendre-et-valoriser\/entreprendre-et-valoriser-2\/dingenieur-a-entrepreneur\/\" \/>\n<meta property=\"og:site_name\" content=\"Rapport d&#039;activit\u00e9 2021\" \/>\n<meta property=\"article:modified_time\" content=\"2023-01-02T16:00:59+00:00\" \/>\n<meta name=\"twitter:card\" content=\"summary_large_image\" \/>\n<meta name=\"twitter:label1\" content=\"Dur\u00e9e de lecture estim\u00e9e\" \/>\n\t<meta name=\"twitter:data1\" content=\"1 minute\" \/>\n<script type=\"application\/ld+json\" class=\"yoast-schema-graph\">{\"@context\":\"https:\/\/schema.org\",\"@graph\":[{\"@type\":\"WebPage\",\"@id\":\"https:\/\/kiosque.ecoledesponts.fr\/rapport-activite-2021\/entreprendre-et-valoriser\/entreprendre-et-valoriser-2\/dingenieur-a-entrepreneur\/\",\"url\":\"https:\/\/kiosque.ecoledesponts.fr\/rapport-activite-2021\/entreprendre-et-valoriser\/entreprendre-et-valoriser-2\/dingenieur-a-entrepreneur\/\",\"name\":\"D\u2019ing\u00e9nieur \u00e0 entrepreneur - Rapport d'activit\u00e9 2021\",\"isPartOf\":{\"@id\":\"https:\/\/kiosque.ecoledesponts.fr\/rapport-activite-2021\/#website\"},\"datePublished\":\"2022-08-11T08:06:14+00:00\",\"dateModified\":\"2023-01-02T16:00:59+00:00\",\"breadcrumb\":{\"@id\":\"https:\/\/kiosque.ecoledesponts.fr\/rapport-activite-2021\/entreprendre-et-valoriser\/entreprendre-et-valoriser-2\/dingenieur-a-entrepreneur\/#breadcrumb\"},\"inLanguage\":\"fr-FR\",\"potentialAction\":[{\"@type\":\"ReadAction\",\"target\":[\"https:\/\/kiosque.ecoledesponts.fr\/rapport-activite-2021\/entreprendre-et-valoriser\/entreprendre-et-valoriser-2\/dingenieur-a-entrepreneur\/\"]}]},{\"@type\":\"BreadcrumbList\",\"@id\":\"https:\/\/kiosque.ecoledesponts.fr\/rapport-activite-2021\/entreprendre-et-valoriser\/entreprendre-et-valoriser-2\/dingenieur-a-entrepreneur\/#breadcrumb\",\"itemListElement\":[{\"@type\":\"ListItem\",\"position\":1,\"name\":\"Accueil\",\"item\":\"https:\/\/kiosque.ecoledesponts.fr\/rapport-activite-2021\/\"},{\"@type\":\"ListItem\",\"position\":2,\"name\":\"Entreprendre et valoriser\",\"item\":\"https:\/\/kiosque.ecoledesponts.fr\/rapport-activite-2021\/entreprendre-et-valoriser\/\"},{\"@type\":\"ListItem\",\"position\":3,\"name\":\"Entreprendre et valoriser\",\"item\":\"https:\/\/kiosque.ecoledesponts.fr\/rapport-activite-2021\/entreprendre-et-valoriser\/entreprendre-et-valoriser-2\/\"},{\"@type\":\"ListItem\",\"position\":4,\"name\":\"D\u2019ing\u00e9nieur \u00e0 entrepreneur\"}]},{\"@type\":\"WebSite\",\"@id\":\"https:\/\/kiosque.ecoledesponts.fr\/rapport-activite-2021\/#website\",\"url\":\"https:\/\/kiosque.ecoledesponts.fr\/rapport-activite-2021\/\",\"name\":\"Rapport d'activit\u00e9 2021\",\"description\":\"Un site utilisant Les sites du kiosque des ponts\",\"potentialAction\":[{\"@type\":\"SearchAction\",\"target\":{\"@type\":\"EntryPoint\",\"urlTemplate\":\"https:\/\/kiosque.ecoledesponts.fr\/rapport-activite-2021\/?s={search_term_string}\"},\"query-input\":\"required name=search_term_string\"}],\"inLanguage\":\"fr-FR\"}]}<\/script>\n<!-- \/ Yoast SEO plugin. -->","yoast_head_json":{"title":"D\u2019ing\u00e9nieur \u00e0 entrepreneur - Rapport d'activit\u00e9 2021","robots":{"index":"index","follow":"follow","max-snippet":"max-snippet:-1","max-image-preview":"max-image-preview:large","max-video-preview":"max-video-preview:-1"},"canonical":"https:\/\/kiosque.ecoledesponts.fr\/rapport-activite-2021\/entreprendre-et-valoriser\/entreprendre-et-valoriser-2\/dingenieur-a-entrepreneur\/","og_locale":"fr_FR","og_type":"article","og_title":"D\u2019ing\u00e9nieur \u00e0 entrepreneur - Rapport d'activit\u00e9 2021","og_description":"Pour susciter l\u2019envie d\u2019entreprendre chez les \u00e9tudiants, l\u2019\u00c9cole des Ponts ParisTech s\u2019appuie sur un dispositif qui allie formation, animation et accompagnement, en y associant un \u00e9cosyst\u00e8me favorable. L\u2019offre d\u2019accompagnement \u00e0 l\u2019entrepreneuriat, accessible \u00e0 chaque \u00e9l\u00e8ve, s\u2019inscrit dans les diff\u00e9rents parcours propos\u00e9s en cycle master. Elle fait l\u2019objet d\u2019un am\u00e9nagement pour conjuguer enseignement scientifique et formation [&hellip;]","og_url":"https:\/\/kiosque.ecoledesponts.fr\/rapport-activite-2021\/entreprendre-et-valoriser\/entreprendre-et-valoriser-2\/dingenieur-a-entrepreneur\/","og_site_name":"Rapport d'activit\u00e9 2021","article_modified_time":"2023-01-02T16:00:59+00:00","twitter_card":"summary_large_image","twitter_misc":{"Dur\u00e9e de lecture estim\u00e9e":"1 minute"},"schema":{"@context":"https:\/\/schema.org","@graph":[{"@type":"WebPage","@id":"https:\/\/kiosque.ecoledesponts.fr\/rapport-activite-2021\/entreprendre-et-valoriser\/entreprendre-et-valoriser-2\/dingenieur-a-entrepreneur\/","url":"https:\/\/kiosque.ecoledesponts.fr\/rapport-activite-2021\/entreprendre-et-valoriser\/entreprendre-et-valoriser-2\/dingenieur-a-entrepreneur\/","name":"D\u2019ing\u00e9nieur \u00e0 entrepreneur - Rapport d'activit\u00e9 2021","isPartOf":{"@id":"https:\/\/kiosque.ecoledesponts.fr\/rapport-activite-2021\/#website"},"datePublished":"2022-08-11T08:06:14+00:00","dateModified":"2023-01-02T16:00:59+00:00","breadcrumb":{"@id":"https:\/\/kiosque.ecoledesponts.fr\/rapport-activite-2021\/entreprendre-et-valoriser\/entreprendre-et-valoriser-2\/dingenieur-a-entrepreneur\/#breadcrumb"},"inLanguage":"fr-FR","potentialAction":[{"@type":"ReadAction","target":["https:\/\/kiosque.ecoledesponts.fr\/rapport-activite-2021\/entreprendre-et-valoriser\/entreprendre-et-valoriser-2\/dingenieur-a-entrepreneur\/"]}]},{"@type":"BreadcrumbList","@id":"https:\/\/kiosque.ecoledesponts.fr\/rapport-activite-2021\/entreprendre-et-valoriser\/entreprendre-et-valoriser-2\/dingenieur-a-entrepreneur\/#breadcrumb","itemListElement":[{"@type":"ListItem","position":1,"name":"Accueil","item":"https:\/\/kiosque.ecoledesponts.fr\/rapport-activite-2021\/"},{"@type":"ListItem","position":2,"name":"Entreprendre et valoriser","item":"https:\/\/kiosque.ecoledesponts.fr\/rapport-activite-2021\/entreprendre-et-valoriser\/"},{"@type":"ListItem","position":3,"name":"Entreprendre et valoriser","item":"https:\/\/kiosque.ecoledesponts.fr\/rapport-activite-2021\/entreprendre-et-valoriser\/entreprendre-et-valoriser-2\/"},{"@type":"ListItem","position":4,"name":"D\u2019ing\u00e9nieur \u00e0 entrepreneur"}]},{"@type":"WebSite","@id":"https:\/\/kiosque.ecoledesponts.fr\/rapport-activite-2021\/#website","url":"https:\/\/kiosque.ecoledesponts.fr\/rapport-activite-2021\/","name":"Rapport d'activit\u00e9 2021","description":"Un site utilisant Les sites du kiosque des ponts","potentialAction":[{"@type":"SearchAction","target":{"@type":"EntryPoint","urlTemplate":"https:\/\/kiosque.ecoledesponts.fr\/rapport-activite-2021\/?s={search_term_string}"},"query-input":"required name=search_term_string"}],"inLanguage":"fr-FR"}]}},"builder_content":"","_links":{"self":[{"href":"https:\/\/kiosque.ecoledesponts.fr\/rapport-activite-2021\/wp-json\/wp\/v2\/pages\/1233"}],"collection":[{"href":"https:\/\/kiosque.ecoledesponts.fr\/rapport-activite-2021\/wp-json\/wp\/v2\/pages"}],"about":[{"href":"https:\/\/kiosque.ecoledesponts.fr\/rapport-activite-2021\/wp-json\/wp\/v2\/types\/page"}],"author":[{"embeddable":true,"href":"https:\/\/kiosque.ecoledesponts.fr\/rapport-activite-2021\/wp-json\/wp\/v2\/users\/1"}],"replies":[{"embeddable":true,"href":"https:\/\/kiosque.ecoledesponts.fr\/rapport-activite-2021\/wp-json\/wp\/v2\/comments?post=1233"}],"version-history":[{"count":3,"href":"https:\/\/kiosque.ecoledesponts.fr\/rapport-activite-2021\/wp-json\/wp\/v2\/pages\/1233\/revisions"}],"predecessor-version":[{"id":1241,"href":"https:\/\/kiosque.ecoledesponts.fr\/rapport-activite-2021\/wp-json\/wp\/v2\/pages\/1233\/revisions\/1241"}],"up":[{"embeddable":true,"href":"https:\/\/kiosque.ecoledesponts.fr\/rapport-activite-2021\/wp-json\/wp\/v2\/pages\/1231"}],"wp:attachment":[{"href":"https:\/\/kiosque.ecoledesponts.fr\/rapport-activite-2021\/wp-json\/wp\/v2\/media?parent=1233"}],"wp:term":[{"taxonomy":"post_tag","embeddable":true,"href":"https:\/\/kiosque.ecoledesponts.fr\/rapport-activite-2021\/wp-json\/wp\/v2\/tags?post=1233"}],"curies":[{"name":"wp","href":"https:\/\/api.w.org\/{rel}","templated":true}]}}