{"id":1255,"date":"2022-08-11T10:15:27","date_gmt":"2022-08-11T08:15:27","guid":{"rendered":"http:\/\/kiosque.ecoledesponts.fr\/rapport-activite-2021\/?page_id=1255"},"modified":"2023-01-06T10:43:19","modified_gmt":"2023-01-06T09:43:19","slug":"accompagner-les-projets","status":"publish","type":"page","link":"https:\/\/kiosque.ecoledesponts.fr\/rapport-activite-2021\/entreprendre-et-valoriser\/entreprendre-et-valoriser-2\/accompagner-les-projets\/","title":{"rendered":"Accompagner les projets"},"content":{"rendered":"<!-- wp:themify-builder\/canvas \/-->\n\n<h2>P\u00e9pite 3EF pour les \u00e9tudiants-entrepreneurs<\/h2>\n<p>Au cours de l\u2019ann\u00e9e acad\u00e9mique 2020-2021, deux \u00e9l\u00e8ves ing\u00e9nieurs ont obtenu le statut national d\u2019\u00e9tudiant-entrepreneur, dont un en renouvellement. Trois comit\u00e9s d\u2019engagement avaient \u00e9t\u00e9 organis\u00e9s pour \u00e9tudier les dossiers de candidature dans le cadre du P\u00f4le \u00e9tudiants pour l\u2019innovation, le transfert et l\u2019entrepreneuriat (P\u00e9pite) \u00ab\u202fEntrepreneuriat \u00e9tudiant dans l\u2019Est francilien\u202f\u00bb (3EF).<\/p>\n<h2>Un prix pour encourager les entrepreneurs<\/h2>\n<p>Le prix d\u2019encouragement \u00e0 l\u2019entrepreneuriat remis par la Fondation des Ponts a \u00e9t\u00e9 d\u00e9cern\u00e9 en 2021 \u00e0 Ilyass Ramdani pour Luego. Cette startup propose un outil de simplification de la collaboration entre les entrepreneurs et leur comptable.<\/p>","protected":false},"excerpt":{"rendered":"<p>P\u00e9pite 3EF pour les \u00e9tudiants-entrepreneurs Au cours de l\u2019ann\u00e9e acad\u00e9mique 2020-2021, deux \u00e9l\u00e8ves ing\u00e9nieurs ont obtenu le statut national d\u2019\u00e9tudiant-entrepreneur, dont un en renouvellement. Trois comit\u00e9s d\u2019engagement avaient \u00e9t\u00e9 organis\u00e9s pour \u00e9tudier les dossiers de candidature dans le cadre du P\u00f4le \u00e9tudiants pour l\u2019innovation, le transfert et l\u2019entrepreneuriat (P\u00e9pite) \u00ab\u202fEntrepreneuriat \u00e9tudiant dans l\u2019Est francilien\u202f\u00bb (3EF). [&hellip;]<\/p>\n","protected":false},"author":1,"featured_media":0,"parent":1231,"menu_order":0,"comment_status":"closed","ping_status":"closed","template":"page_vert.php","meta":[],"tags":[33,37],"acf":[],"yoast_head":"<!-- This site is optimized with the Yoast SEO plugin v21.1 - https:\/\/yoast.com\/wordpress\/plugins\/seo\/ -->\n<title>Accompagner les projets - Rapport d&#039;activit\u00e9 2021<\/title>\n<meta name=\"robots\" content=\"index, follow, max-snippet:-1, max-image-preview:large, max-video-preview:-1\" \/>\n<link rel=\"canonical\" href=\"https:\/\/kiosque.ecoledesponts.fr\/rapport-activite-2021\/entreprendre-et-valoriser\/entreprendre-et-valoriser-2\/accompagner-les-projets\/\" \/>\n<meta property=\"og:locale\" content=\"fr_FR\" \/>\n<meta property=\"og:type\" content=\"article\" \/>\n<meta property=\"og:title\" content=\"Accompagner les projets - Rapport d&#039;activit\u00e9 2021\" \/>\n<meta property=\"og:description\" content=\"P\u00e9pite 3EF pour les \u00e9tudiants-entrepreneurs Au cours de l\u2019ann\u00e9e acad\u00e9mique 2020-2021, deux \u00e9l\u00e8ves ing\u00e9nieurs ont obtenu le statut national d\u2019\u00e9tudiant-entrepreneur, dont un en renouvellement. Trois comit\u00e9s d\u2019engagement avaient \u00e9t\u00e9 organis\u00e9s pour \u00e9tudier les dossiers de candidature dans le cadre du P\u00f4le \u00e9tudiants pour l\u2019innovation, le transfert et l\u2019entrepreneuriat (P\u00e9pite) \u00ab\u202fEntrepreneuriat \u00e9tudiant dans l\u2019Est francilien\u202f\u00bb (3EF). [&hellip;]\" \/>\n<meta property=\"og:url\" content=\"https:\/\/kiosque.ecoledesponts.fr\/rapport-activite-2021\/entreprendre-et-valoriser\/entreprendre-et-valoriser-2\/accompagner-les-projets\/\" \/>\n<meta property=\"og:site_name\" content=\"Rapport d&#039;activit\u00e9 2021\" \/>\n<meta property=\"article:modified_time\" content=\"2023-01-06T09:43:19+00:00\" \/>\n<meta name=\"twitter:card\" content=\"summary_large_image\" \/>\n<meta name=\"twitter:label1\" content=\"Dur\u00e9e de lecture estim\u00e9e\" \/>\n\t<meta name=\"twitter:data1\" content=\"1 minute\" \/>\n<script type=\"application\/ld+json\" class=\"yoast-schema-graph\">{\"@context\":\"https:\/\/schema.org\",\"@graph\":[{\"@type\":\"WebPage\",\"@id\":\"https:\/\/kiosque.ecoledesponts.fr\/rapport-activite-2021\/entreprendre-et-valoriser\/entreprendre-et-valoriser-2\/accompagner-les-projets\/\",\"url\":\"https:\/\/kiosque.ecoledesponts.fr\/rapport-activite-2021\/entreprendre-et-valoriser\/entreprendre-et-valoriser-2\/accompagner-les-projets\/\",\"name\":\"Accompagner les projets - Rapport d'activit\u00e9 2021\",\"isPartOf\":{\"@id\":\"https:\/\/kiosque.ecoledesponts.fr\/rapport-activite-2021\/#website\"},\"datePublished\":\"2022-08-11T08:15:27+00:00\",\"dateModified\":\"2023-01-06T09:43:19+00:00\",\"breadcrumb\":{\"@id\":\"https:\/\/kiosque.ecoledesponts.fr\/rapport-activite-2021\/entreprendre-et-valoriser\/entreprendre-et-valoriser-2\/accompagner-les-projets\/#breadcrumb\"},\"inLanguage\":\"fr-FR\",\"potentialAction\":[{\"@type\":\"ReadAction\",\"target\":[\"https:\/\/kiosque.ecoledesponts.fr\/rapport-activite-2021\/entreprendre-et-valoriser\/entreprendre-et-valoriser-2\/accompagner-les-projets\/\"]}]},{\"@type\":\"BreadcrumbList\",\"@id\":\"https:\/\/kiosque.ecoledesponts.fr\/rapport-activite-2021\/entreprendre-et-valoriser\/entreprendre-et-valoriser-2\/accompagner-les-projets\/#breadcrumb\",\"itemListElement\":[{\"@type\":\"ListItem\",\"position\":1,\"name\":\"Accueil\",\"item\":\"https:\/\/kiosque.ecoledesponts.fr\/rapport-activite-2021\/\"},{\"@type\":\"ListItem\",\"position\":2,\"name\":\"Entreprendre et valoriser\",\"item\":\"https:\/\/kiosque.ecoledesponts.fr\/rapport-activite-2021\/entreprendre-et-valoriser\/\"},{\"@type\":\"ListItem\",\"position\":3,\"name\":\"Entreprendre et valoriser\",\"item\":\"https:\/\/kiosque.ecoledesponts.fr\/rapport-activite-2021\/entreprendre-et-valoriser\/entreprendre-et-valoriser-2\/\"},{\"@type\":\"ListItem\",\"position\":4,\"name\":\"Accompagner les projets\"}]},{\"@type\":\"WebSite\",\"@id\":\"https:\/\/kiosque.ecoledesponts.fr\/rapport-activite-2021\/#website\",\"url\":\"https:\/\/kiosque.ecoledesponts.fr\/rapport-activite-2021\/\",\"name\":\"Rapport d'activit\u00e9 2021\",\"description\":\"Un site utilisant Les sites du kiosque des ponts\",\"potentialAction\":[{\"@type\":\"SearchAction\",\"target\":{\"@type\":\"EntryPoint\",\"urlTemplate\":\"https:\/\/kiosque.ecoledesponts.fr\/rapport-activite-2021\/?s={search_term_string}\"},\"query-input\":\"required name=search_term_string\"}],\"inLanguage\":\"fr-FR\"}]}<\/script>\n<!-- \/ Yoast SEO plugin. -->","yoast_head_json":{"title":"Accompagner les projets - Rapport d'activit\u00e9 2021","robots":{"index":"index","follow":"follow","max-snippet":"max-snippet:-1","max-image-preview":"max-image-preview:large","max-video-preview":"max-video-preview:-1"},"canonical":"https:\/\/kiosque.ecoledesponts.fr\/rapport-activite-2021\/entreprendre-et-valoriser\/entreprendre-et-valoriser-2\/accompagner-les-projets\/","og_locale":"fr_FR","og_type":"article","og_title":"Accompagner les projets - Rapport d'activit\u00e9 2021","og_description":"P\u00e9pite 3EF pour les \u00e9tudiants-entrepreneurs Au cours de l\u2019ann\u00e9e acad\u00e9mique 2020-2021, deux \u00e9l\u00e8ves ing\u00e9nieurs ont obtenu le statut national d\u2019\u00e9tudiant-entrepreneur, dont un en renouvellement. Trois comit\u00e9s d\u2019engagement avaient \u00e9t\u00e9 organis\u00e9s pour \u00e9tudier les dossiers de candidature dans le cadre du P\u00f4le \u00e9tudiants pour l\u2019innovation, le transfert et l\u2019entrepreneuriat (P\u00e9pite) \u00ab\u202fEntrepreneuriat \u00e9tudiant dans l\u2019Est francilien\u202f\u00bb (3EF). [&hellip;]","og_url":"https:\/\/kiosque.ecoledesponts.fr\/rapport-activite-2021\/entreprendre-et-valoriser\/entreprendre-et-valoriser-2\/accompagner-les-projets\/","og_site_name":"Rapport d'activit\u00e9 2021","article_modified_time":"2023-01-06T09:43:19+00:00","twitter_card":"summary_large_image","twitter_misc":{"Dur\u00e9e de lecture estim\u00e9e":"1 minute"},"schema":{"@context":"https:\/\/schema.org","@graph":[{"@type":"WebPage","@id":"https:\/\/kiosque.ecoledesponts.fr\/rapport-activite-2021\/entreprendre-et-valoriser\/entreprendre-et-valoriser-2\/accompagner-les-projets\/","url":"https:\/\/kiosque.ecoledesponts.fr\/rapport-activite-2021\/entreprendre-et-valoriser\/entreprendre-et-valoriser-2\/accompagner-les-projets\/","name":"Accompagner les projets - Rapport d'activit\u00e9 2021","isPartOf":{"@id":"https:\/\/kiosque.ecoledesponts.fr\/rapport-activite-2021\/#website"},"datePublished":"2022-08-11T08:15:27+00:00","dateModified":"2023-01-06T09:43:19+00:00","breadcrumb":{"@id":"https:\/\/kiosque.ecoledesponts.fr\/rapport-activite-2021\/entreprendre-et-valoriser\/entreprendre-et-valoriser-2\/accompagner-les-projets\/#breadcrumb"},"inLanguage":"fr-FR","potentialAction":[{"@type":"ReadAction","target":["https:\/\/kiosque.ecoledesponts.fr\/rapport-activite-2021\/entreprendre-et-valoriser\/entreprendre-et-valoriser-2\/accompagner-les-projets\/"]}]},{"@type":"BreadcrumbList","@id":"https:\/\/kiosque.ecoledesponts.fr\/rapport-activite-2021\/entreprendre-et-valoriser\/entreprendre-et-valoriser-2\/accompagner-les-projets\/#breadcrumb","itemListElement":[{"@type":"ListItem","position":1,"name":"Accueil","item":"https:\/\/kiosque.ecoledesponts.fr\/rapport-activite-2021\/"},{"@type":"ListItem","position":2,"name":"Entreprendre et valoriser","item":"https:\/\/kiosque.ecoledesponts.fr\/rapport-activite-2021\/entreprendre-et-valoriser\/"},{"@type":"ListItem","position":3,"name":"Entreprendre et valoriser","item":"https:\/\/kiosque.ecoledesponts.fr\/rapport-activite-2021\/entreprendre-et-valoriser\/entreprendre-et-valoriser-2\/"},{"@type":"ListItem","position":4,"name":"Accompagner les projets"}]},{"@type":"WebSite","@id":"https:\/\/kiosque.ecoledesponts.fr\/rapport-activite-2021\/#website","url":"https:\/\/kiosque.ecoledesponts.fr\/rapport-activite-2021\/","name":"Rapport d'activit\u00e9 2021","description":"Un site utilisant Les sites du kiosque des ponts","potentialAction":[{"@type":"SearchAction","target":{"@type":"EntryPoint","urlTemplate":"https:\/\/kiosque.ecoledesponts.fr\/rapport-activite-2021\/?s={search_term_string}"},"query-input":"required name=search_term_string"}],"inLanguage":"fr-FR"}]}},"builder_content":"","_links":{"self":[{"href":"https:\/\/kiosque.ecoledesponts.fr\/rapport-activite-2021\/wp-json\/wp\/v2\/pages\/1255"}],"collection":[{"href":"https:\/\/kiosque.ecoledesponts.fr\/rapport-activite-2021\/wp-json\/wp\/v2\/pages"}],"about":[{"href":"https:\/\/kiosque.ecoledesponts.fr\/rapport-activite-2021\/wp-json\/wp\/v2\/types\/page"}],"author":[{"embeddable":true,"href":"https:\/\/kiosque.ecoledesponts.fr\/rapport-activite-2021\/wp-json\/wp\/v2\/users\/1"}],"replies":[{"embeddable":true,"href":"https:\/\/kiosque.ecoledesponts.fr\/rapport-activite-2021\/wp-json\/wp\/v2\/comments?post=1255"}],"version-history":[{"count":4,"href":"https:\/\/kiosque.ecoledesponts.fr\/rapport-activite-2021\/wp-json\/wp\/v2\/pages\/1255\/revisions"}],"predecessor-version":[{"id":4241,"href":"https:\/\/kiosque.ecoledesponts.fr\/rapport-activite-2021\/wp-json\/wp\/v2\/pages\/1255\/revisions\/4241"}],"up":[{"embeddable":true,"href":"https:\/\/kiosque.ecoledesponts.fr\/rapport-activite-2021\/wp-json\/wp\/v2\/pages\/1231"}],"wp:attachment":[{"href":"https:\/\/kiosque.ecoledesponts.fr\/rapport-activite-2021\/wp-json\/wp\/v2\/media?parent=1255"}],"wp:term":[{"taxonomy":"post_tag","embeddable":true,"href":"https:\/\/kiosque.ecoledesponts.fr\/rapport-activite-2021\/wp-json\/wp\/v2\/tags?post=1255"}],"curies":[{"name":"wp","href":"https:\/\/api.w.org\/{rel}","templated":true}]}}