{"id":1293,"date":"2022-08-11T14:45:13","date_gmt":"2022-08-11T12:45:13","guid":{"rendered":"http:\/\/kiosque.ecoledesponts.fr\/rapport-activite-2021\/?page_id=1293"},"modified":"2023-01-02T17:03:17","modified_gmt":"2023-01-02T16:03:17","slug":"temoignage-holis","status":"publish","type":"page","link":"https:\/\/kiosque.ecoledesponts.fr\/rapport-activite-2021\/entreprendre-et-valoriser\/entreprendre-et-valoriser-2\/temoignage-holis\/","title":{"rendered":"T\u00e9moignage : Holis"},"content":{"rendered":"<!--themify_builder_content-->\n<div id=\"themify_builder_content-1293\" data-postid=\"1293\" class=\"themify_builder_content themify_builder_content-1293 themify_builder tf_clear\">\n    <\/div>\n<!--\/themify_builder_content-->\n\n<blockquote>\n<div class=\"blockquote_inner\">\n<figure id=\"attachment_2097\" aria-describedby=\"caption-attachment-2097\" style=\"width: 400px\" class=\"wp-caption alignnone\"><img decoding=\"async\" loading=\"lazy\" class=\"wp-image-2097\" src=\"http:\/\/kiosque.ecoledesponts.fr\/rapport-activite-2021\/wp-content\/uploads\/sites\/3\/2022\/08\/holis-300x131.jpg\" alt=\"De gauche \u00e0 droite : Martin Besnier (CEO), Julien Van Elslander (COO) et Paul Gr\u00e9digui (CTO) de Holis\" width=\"400\" height=\"175\" srcset=\"https:\/\/kiosque.ecoledesponts.fr\/rapport-activite-2021\/wp-content\/uploads\/sites\/3\/2022\/08\/holis-300x131.jpg 300w, https:\/\/kiosque.ecoledesponts.fr\/rapport-activite-2021\/wp-content\/uploads\/sites\/3\/2022\/08\/holis-1024x449.jpg 1024w, https:\/\/kiosque.ecoledesponts.fr\/rapport-activite-2021\/wp-content\/uploads\/sites\/3\/2022\/08\/holis-768x337.jpg 768w, https:\/\/kiosque.ecoledesponts.fr\/rapport-activite-2021\/wp-content\/uploads\/sites\/3\/2022\/08\/holis.jpg 1100w\" sizes=\"(max-width: 400px) 100vw, 400px\" \/><figcaption id=\"caption-attachment-2097\" class=\"wp-caption-text\">De gauche \u00e0 droite : Martin Besnier (CEO), Julien Van Elslander (COO) et Paul Gr\u00e9digui (CTO) de Holis<\/figcaption><\/figure>\n<h2>Holis\u202f: faciliter la transition vers\u00a0une\u00a0production et une consommation plus responsables<\/h2>\n<h3>Quel est le concept de votre jeune entreprise Holis\u202f?<\/h3>\n<p>Les consommateurs, pour la plupart, ont du mal \u00e0 s\u2019y retrouver dans tous les labels environnementaux. Nous avons eu l\u2019id\u00e9e, avec Julien (Imperial College London), de d\u00e9mocratiser l\u2019analyse du cycle de vie (ACV) pour permettre aux marques de quantifier, communiquer et valoriser les performances de leurs produits, et aux consommateurs de disposer d\u2019informations fiables et comparables. Nous d\u00e9veloppons une plateforme qui permet, \u00e0 partir des donn\u00e9es existantes sur les mati\u00e8res premi\u00e8res et les process et de celles collect\u00e9es au sein de l\u2019entreprise et aupr\u00e8s de ses fournisseurs, de r\u00e9aliser l\u2019ACV de n\u2019importe quel produit pour \u00e9valuer son impact environnemental et social.<\/p>\n<h3>Comment l\u2019\u00c9cole des Ponts ParisTech vous a-t-elle aid\u00e9s \u00e0 concr\u00e9tiser votre projet\u202f?<\/h3>\n<p>La formation que nous avons re\u00e7ue nous a outill\u00e9s. Elle nous a permis d\u2019aborder les probl\u00e9matiques environnementales dans une approche syst\u00e9mique, de nous initier \u00e0 certaines technologies comme l\u2019intelligence artificielle, que nous utilisons dans notre logiciel, et de d\u00e9velopper une m\u00e9thodologie de projet et d\u2019innovation, notamment dans le cadre du programme de la d.school Paris. Martin b\u00e9n\u00e9ficie \u00e9galement du statut d\u2019\u00e9tudiant-entrepreneur. Il est en lien direct avec l\u2019\u00c9cole qui nous met en relation avec des partenaires potentiels, propose des stages aux \u00e9l\u00e8ves, nous oriente vers des dispositifs d\u2019aide\u2026 Enfin, nous sommes accueillis au sein de l\u2019incubateur de la r\u00e9gion \u00cele-de-France \u00e0 Station F, de l\u2019incubateur Descartes sur le campus ainsi qu\u2019au sein de l\u2019acc\u00e9l\u00e9rateur du Village by CA Brie Picardie.<\/p>\n<h3>O\u00f9 en est le d\u00e9veloppement de votre entreprise aujourd\u2019hui\u202f?<\/h3>\n<p>Nous avons cr\u00e9\u00e9 Holis en janvier 2022. Une premi\u00e8re version de notre logiciel est en cours d\u2019utilisation par nos premiers clients, avec qui nous l\u2019am\u00e9liorons en permanence. Pour acc\u00e9l\u00e9rer le d\u00e9veloppement et la commercialisation de notre offre, nous avons cependant besoin de recruter. Nous sommes en train d\u2019\u00e9tudier la possibilit\u00e9 de r\u00e9aliser une lev\u00e9e de fonds\u2026<\/p>\n<\/div>\n<\/blockquote>","protected":false},"excerpt":{"rendered":"<p>Holis\u202f: faciliter la transition vers\u00a0une\u00a0production et une consommation plus responsables Quel est le concept de votre jeune entreprise Holis\u202f? Les consommateurs, pour la plupart, ont du mal \u00e0 s\u2019y retrouver dans tous les labels environnementaux. Nous avons eu l\u2019id\u00e9e, avec Julien (Imperial College London), de d\u00e9mocratiser l\u2019analyse du cycle de vie (ACV) pour permettre aux [&hellip;]<\/p>\n","protected":false},"author":1,"featured_media":0,"parent":1231,"menu_order":0,"comment_status":"closed","ping_status":"closed","template":"page_vert.php","meta":[],"tags":[33,31,55,39],"acf":[],"yoast_head":"<!-- This site is optimized with the Yoast SEO plugin v21.1 - https:\/\/yoast.com\/wordpress\/plugins\/seo\/ -->\n<title>T\u00e9moignage : Holis - Rapport d&#039;activit\u00e9 2021<\/title>\n<meta name=\"robots\" content=\"index, follow, max-snippet:-1, max-image-preview:large, max-video-preview:-1\" \/>\n<link rel=\"canonical\" href=\"https:\/\/kiosque.ecoledesponts.fr\/rapport-activite-2021\/entreprendre-et-valoriser\/entreprendre-et-valoriser-2\/temoignage-holis\/\" \/>\n<meta property=\"og:locale\" content=\"fr_FR\" \/>\n<meta property=\"og:type\" content=\"article\" \/>\n<meta property=\"og:title\" content=\"T\u00e9moignage : Holis - Rapport d&#039;activit\u00e9 2021\" \/>\n<meta property=\"og:description\" content=\"Holis\u202f: faciliter la transition vers\u00a0une\u00a0production et une consommation plus responsables Quel est le concept de votre jeune entreprise Holis\u202f? Les consommateurs, pour la plupart, ont du mal \u00e0 s\u2019y retrouver dans tous les labels environnementaux. Nous avons eu l\u2019id\u00e9e, avec Julien (Imperial College London), de d\u00e9mocratiser l\u2019analyse du cycle de vie (ACV) pour permettre aux [&hellip;]\" \/>\n<meta property=\"og:url\" content=\"https:\/\/kiosque.ecoledesponts.fr\/rapport-activite-2021\/entreprendre-et-valoriser\/entreprendre-et-valoriser-2\/temoignage-holis\/\" \/>\n<meta property=\"og:site_name\" content=\"Rapport d&#039;activit\u00e9 2021\" \/>\n<meta property=\"article:modified_time\" content=\"2023-01-02T16:03:17+00:00\" \/>\n<meta property=\"og:image\" content=\"http:\/\/kiosque.ecoledesponts.fr\/rapport-activite-2021\/wp-content\/uploads\/sites\/3\/2022\/08\/holis-300x131.jpg\" \/>\n<meta name=\"twitter:card\" content=\"summary_large_image\" \/>\n<meta name=\"twitter:label1\" content=\"Dur\u00e9e de lecture estim\u00e9e\" \/>\n\t<meta name=\"twitter:data1\" content=\"2 minutes\" \/>\n<script type=\"application\/ld+json\" class=\"yoast-schema-graph\">{\"@context\":\"https:\/\/schema.org\",\"@graph\":[{\"@type\":\"WebPage\",\"@id\":\"https:\/\/kiosque.ecoledesponts.fr\/rapport-activite-2021\/entreprendre-et-valoriser\/entreprendre-et-valoriser-2\/temoignage-holis\/\",\"url\":\"https:\/\/kiosque.ecoledesponts.fr\/rapport-activite-2021\/entreprendre-et-valoriser\/entreprendre-et-valoriser-2\/temoignage-holis\/\",\"name\":\"T\u00e9moignage : Holis - Rapport d'activit\u00e9 2021\",\"isPartOf\":{\"@id\":\"https:\/\/kiosque.ecoledesponts.fr\/rapport-activite-2021\/#website\"},\"datePublished\":\"2022-08-11T12:45:13+00:00\",\"dateModified\":\"2023-01-02T16:03:17+00:00\",\"breadcrumb\":{\"@id\":\"https:\/\/kiosque.ecoledesponts.fr\/rapport-activite-2021\/entreprendre-et-valoriser\/entreprendre-et-valoriser-2\/temoignage-holis\/#breadcrumb\"},\"inLanguage\":\"fr-FR\",\"potentialAction\":[{\"@type\":\"ReadAction\",\"target\":[\"https:\/\/kiosque.ecoledesponts.fr\/rapport-activite-2021\/entreprendre-et-valoriser\/entreprendre-et-valoriser-2\/temoignage-holis\/\"]}]},{\"@type\":\"BreadcrumbList\",\"@id\":\"https:\/\/kiosque.ecoledesponts.fr\/rapport-activite-2021\/entreprendre-et-valoriser\/entreprendre-et-valoriser-2\/temoignage-holis\/#breadcrumb\",\"itemListElement\":[{\"@type\":\"ListItem\",\"position\":1,\"name\":\"Accueil\",\"item\":\"https:\/\/kiosque.ecoledesponts.fr\/rapport-activite-2021\/\"},{\"@type\":\"ListItem\",\"position\":2,\"name\":\"Entreprendre et valoriser\",\"item\":\"https:\/\/kiosque.ecoledesponts.fr\/rapport-activite-2021\/entreprendre-et-valoriser\/\"},{\"@type\":\"ListItem\",\"position\":3,\"name\":\"Entreprendre et valoriser\",\"item\":\"https:\/\/kiosque.ecoledesponts.fr\/rapport-activite-2021\/entreprendre-et-valoriser\/entreprendre-et-valoriser-2\/\"},{\"@type\":\"ListItem\",\"position\":4,\"name\":\"T\u00e9moignage : Holis\"}]},{\"@type\":\"WebSite\",\"@id\":\"https:\/\/kiosque.ecoledesponts.fr\/rapport-activite-2021\/#website\",\"url\":\"https:\/\/kiosque.ecoledesponts.fr\/rapport-activite-2021\/\",\"name\":\"Rapport d'activit\u00e9 2021\",\"description\":\"Un site utilisant Les sites du kiosque des ponts\",\"potentialAction\":[{\"@type\":\"SearchAction\",\"target\":{\"@type\":\"EntryPoint\",\"urlTemplate\":\"https:\/\/kiosque.ecoledesponts.fr\/rapport-activite-2021\/?s={search_term_string}\"},\"query-input\":\"required name=search_term_string\"}],\"inLanguage\":\"fr-FR\"}]}<\/script>\n<!-- \/ Yoast SEO plugin. -->","yoast_head_json":{"title":"T\u00e9moignage : Holis - Rapport d'activit\u00e9 2021","robots":{"index":"index","follow":"follow","max-snippet":"max-snippet:-1","max-image-preview":"max-image-preview:large","max-video-preview":"max-video-preview:-1"},"canonical":"https:\/\/kiosque.ecoledesponts.fr\/rapport-activite-2021\/entreprendre-et-valoriser\/entreprendre-et-valoriser-2\/temoignage-holis\/","og_locale":"fr_FR","og_type":"article","og_title":"T\u00e9moignage : Holis - Rapport d'activit\u00e9 2021","og_description":"Holis\u202f: faciliter la transition vers\u00a0une\u00a0production et une consommation plus responsables Quel est le concept de votre jeune entreprise Holis\u202f? Les consommateurs, pour la plupart, ont du mal \u00e0 s\u2019y retrouver dans tous les labels environnementaux. Nous avons eu l\u2019id\u00e9e, avec Julien (Imperial College London), de d\u00e9mocratiser l\u2019analyse du cycle de vie (ACV) pour permettre aux [&hellip;]","og_url":"https:\/\/kiosque.ecoledesponts.fr\/rapport-activite-2021\/entreprendre-et-valoriser\/entreprendre-et-valoriser-2\/temoignage-holis\/","og_site_name":"Rapport d'activit\u00e9 2021","article_modified_time":"2023-01-02T16:03:17+00:00","og_image":[{"url":"http:\/\/kiosque.ecoledesponts.fr\/rapport-activite-2021\/wp-content\/uploads\/sites\/3\/2022\/08\/holis-300x131.jpg"}],"twitter_card":"summary_large_image","twitter_misc":{"Dur\u00e9e de lecture estim\u00e9e":"2 minutes"},"schema":{"@context":"https:\/\/schema.org","@graph":[{"@type":"WebPage","@id":"https:\/\/kiosque.ecoledesponts.fr\/rapport-activite-2021\/entreprendre-et-valoriser\/entreprendre-et-valoriser-2\/temoignage-holis\/","url":"https:\/\/kiosque.ecoledesponts.fr\/rapport-activite-2021\/entreprendre-et-valoriser\/entreprendre-et-valoriser-2\/temoignage-holis\/","name":"T\u00e9moignage : Holis - Rapport d'activit\u00e9 2021","isPartOf":{"@id":"https:\/\/kiosque.ecoledesponts.fr\/rapport-activite-2021\/#website"},"datePublished":"2022-08-11T12:45:13+00:00","dateModified":"2023-01-02T16:03:17+00:00","breadcrumb":{"@id":"https:\/\/kiosque.ecoledesponts.fr\/rapport-activite-2021\/entreprendre-et-valoriser\/entreprendre-et-valoriser-2\/temoignage-holis\/#breadcrumb"},"inLanguage":"fr-FR","potentialAction":[{"@type":"ReadAction","target":["https:\/\/kiosque.ecoledesponts.fr\/rapport-activite-2021\/entreprendre-et-valoriser\/entreprendre-et-valoriser-2\/temoignage-holis\/"]}]},{"@type":"BreadcrumbList","@id":"https:\/\/kiosque.ecoledesponts.fr\/rapport-activite-2021\/entreprendre-et-valoriser\/entreprendre-et-valoriser-2\/temoignage-holis\/#breadcrumb","itemListElement":[{"@type":"ListItem","position":1,"name":"Accueil","item":"https:\/\/kiosque.ecoledesponts.fr\/rapport-activite-2021\/"},{"@type":"ListItem","position":2,"name":"Entreprendre et valoriser","item":"https:\/\/kiosque.ecoledesponts.fr\/rapport-activite-2021\/entreprendre-et-valoriser\/"},{"@type":"ListItem","position":3,"name":"Entreprendre et valoriser","item":"https:\/\/kiosque.ecoledesponts.fr\/rapport-activite-2021\/entreprendre-et-valoriser\/entreprendre-et-valoriser-2\/"},{"@type":"ListItem","position":4,"name":"T\u00e9moignage : Holis"}]},{"@type":"WebSite","@id":"https:\/\/kiosque.ecoledesponts.fr\/rapport-activite-2021\/#website","url":"https:\/\/kiosque.ecoledesponts.fr\/rapport-activite-2021\/","name":"Rapport d'activit\u00e9 2021","description":"Un site utilisant Les sites du kiosque des ponts","potentialAction":[{"@type":"SearchAction","target":{"@type":"EntryPoint","urlTemplate":"https:\/\/kiosque.ecoledesponts.fr\/rapport-activite-2021\/?s={search_term_string}"},"query-input":"required name=search_term_string"}],"inLanguage":"fr-FR"}]}},"builder_content":"","_links":{"self":[{"href":"https:\/\/kiosque.ecoledesponts.fr\/rapport-activite-2021\/wp-json\/wp\/v2\/pages\/1293"}],"collection":[{"href":"https:\/\/kiosque.ecoledesponts.fr\/rapport-activite-2021\/wp-json\/wp\/v2\/pages"}],"about":[{"href":"https:\/\/kiosque.ecoledesponts.fr\/rapport-activite-2021\/wp-json\/wp\/v2\/types\/page"}],"author":[{"embeddable":true,"href":"https:\/\/kiosque.ecoledesponts.fr\/rapport-activite-2021\/wp-json\/wp\/v2\/users\/1"}],"replies":[{"embeddable":true,"href":"https:\/\/kiosque.ecoledesponts.fr\/rapport-activite-2021\/wp-json\/wp\/v2\/comments?post=1293"}],"version-history":[{"count":12,"href":"https:\/\/kiosque.ecoledesponts.fr\/rapport-activite-2021\/wp-json\/wp\/v2\/pages\/1293\/revisions"}],"predecessor-version":[{"id":3697,"href":"https:\/\/kiosque.ecoledesponts.fr\/rapport-activite-2021\/wp-json\/wp\/v2\/pages\/1293\/revisions\/3697"}],"up":[{"embeddable":true,"href":"https:\/\/kiosque.ecoledesponts.fr\/rapport-activite-2021\/wp-json\/wp\/v2\/pages\/1231"}],"wp:attachment":[{"href":"https:\/\/kiosque.ecoledesponts.fr\/rapport-activite-2021\/wp-json\/wp\/v2\/media?parent=1293"}],"wp:term":[{"taxonomy":"post_tag","embeddable":true,"href":"https:\/\/kiosque.ecoledesponts.fr\/rapport-activite-2021\/wp-json\/wp\/v2\/tags?post=1293"}],"curies":[{"name":"wp","href":"https:\/\/api.w.org\/{rel}","templated":true}]}}