{"id":1313,"date":"2022-08-11T14:52:37","date_gmt":"2022-08-11T12:52:37","guid":{"rendered":"http:\/\/kiosque.ecoledesponts.fr\/rapport-activite-2021\/?page_id=1313"},"modified":"2023-01-02T17:04:07","modified_gmt":"2023-01-02T16:04:07","slug":"temoignage-innovafeed-aude-guo","status":"publish","type":"page","link":"https:\/\/kiosque.ecoledesponts.fr\/rapport-activite-2021\/entreprendre-et-valoriser\/entreprendre-et-valoriser-2\/temoignage-innovafeed-aude-guo\/","title":{"rendered":"T\u00e9moignage : Innovafeed, Aude Guo"},"content":{"rendered":"<!--themify_builder_content-->\n<div id=\"themify_builder_content-1313\" data-postid=\"1313\" class=\"themify_builder_content themify_builder_content-1313 themify_builder tf_clear\">\n    <\/div>\n<!--\/themify_builder_content-->\n\n<blockquote>\n<div class=\"blockquote_inner\">\n<h2>Innovafeed\u202f: une solution naturelle et durable pour nourrir le monde de demain<\/h2>\n<figure id=\"attachment_2095\" aria-describedby=\"caption-attachment-2095\" style=\"width: 300px\" class=\"wp-caption alignnone\"><img decoding=\"async\" loading=\"lazy\" class=\"img_border wp-image-2095 size-medium\" src=\"http:\/\/kiosque.ecoledesponts.fr\/rapport-activite-2021\/wp-content\/uploads\/sites\/3\/2022\/08\/aude-guo-300x200.jpg\" alt=\"Aude Guo\" width=\"300\" height=\"200\" srcset=\"https:\/\/kiosque.ecoledesponts.fr\/rapport-activite-2021\/wp-content\/uploads\/sites\/3\/2022\/08\/aude-guo-300x200.jpg 300w, https:\/\/kiosque.ecoledesponts.fr\/rapport-activite-2021\/wp-content\/uploads\/sites\/3\/2022\/08\/aude-guo.jpg 749w\" sizes=\"(max-width: 300px) 100vw, 300px\" \/><figcaption id=\"caption-attachment-2095\" class=\"wp-caption-text\"><strong>Aude Guo,<\/strong><br \/>dipl\u00f4m\u00e9e des\u00a0Ponts en 2011<\/figcaption><\/figure>\n<h2>Comment est n\u00e9e l\u2019id\u00e9e d\u2019Innovafeed\u202f?<\/h2>\n<p>Dans un contexte de croissance de la population et de recherche de qualit\u00e9, la question de l\u2019alimentation, responsable de 30\u2005% des \u00e9missions de gaz \u00e0 effet de serre de la plan\u00e8te, est devenue primordiale. Avec trois autres associ\u00e9s, nous avons souhait\u00e9 proposer une solution pertinente parmi les alternatives prot\u00e9iques\u202f: l\u2019\u00e9levage d\u2019insectes et leur transformation en super-nutriments pour l\u2019alimentation animale. Nous avons cr\u00e9\u00e9 Innovafeed en 2016. Elle constitue une innovation agroalimentaire mais aussi une rupture technologique car nous avons d\u00e9velopp\u00e9 des proc\u00e9d\u00e9s automatiques d\u2019\u00e9levage \u00e0 grande \u00e9chelle.<\/p>\n<h3>En quoi votre parcours \u00e0 l\u2019\u00c9cole des Ponts ParisTech vous a-t-il aid\u00e9e \u00e0 cr\u00e9er cette entreprise\u202f?<\/h3>\n<p>En plus du cursus d\u2019ing\u00e9nieur g\u00e9n\u00e9raliste, qui permet de s\u2019ouvrir \u00e0 diff\u00e9rents domaines, le travail applicatif en mode projet, tr\u00e8s d\u00e9velopp\u00e9 aux Ponts, est particuli\u00e8rement formateur. J\u2019ai aussi beaucoup appr\u00e9ci\u00e9 le voyage initiatique dans la Silicon Valley que nous avons effectu\u00e9 en 2<sup>e<\/sup> ann\u00e9e\u202f: il nous a permis de d\u00e9couvrir un \u00e9cosyst\u00e8me d\u2019innovation tr\u00e8s dynamique et de nous exposer \u00e0 toutes les probl\u00e9matiques rencontr\u00e9es par les entreprises. \u00c7a a \u00e9t\u00e9 comme un catalyseur&#8230; Nous recrutons aussi beaucoup de talents au sein de l\u2019\u00c9cole.<\/p>\n<h3>O\u00f9 en est le d\u00e9veloppement d\u2019Innovafeed\u202f?<\/h3>\n<p>Nous employons aujourd\u2019hui plus de 300 personnes. Nous avons mont\u00e9 deux usines en France, parmi lesquelles la plus grande ferme d\u2019\u00e9levage d\u2019insectes au monde. Nous nous appr\u00eatons \u00e0 d\u00e9ployer un nouveau site aux \u00c9tats-Unis et projetons d\u2019ouvrir trois \u00e0 cinq autres unit\u00e9s prochainement, en Europe, aux \u00c9tats-Unis et en Asie du Sud-Est. Surtout, nous avons cr\u00e9\u00e9 des fili\u00e8res d\u2019\u00e9levage d\u2019animaux \u00e0 partir de notre farine d\u2019insectes\u202f: truite, saumon, poulet, porc. Elles d\u00e9montrent qu\u2019Innovafeed n\u2019est pas juste un projet d\u2019innovation futuriste mais une solution concr\u00e8te et viable, qui se retrouve aujourd\u2019hui dans l\u2019assiette du consommateur.<\/p>\n<\/div>\n<\/blockquote>","protected":false},"excerpt":{"rendered":"<p>Innovafeed\u202f: une solution naturelle et durable pour nourrir le monde de demain Comment est n\u00e9e l\u2019id\u00e9e d\u2019Innovafeed\u202f? Dans un contexte de croissance de la population et de recherche de qualit\u00e9, la question de l\u2019alimentation, responsable de 30\u2005% des \u00e9missions de gaz \u00e0 effet de serre de la plan\u00e8te, est devenue primordiale. Avec trois autres associ\u00e9s, [&hellip;]<\/p>\n","protected":false},"author":1,"featured_media":0,"parent":1231,"menu_order":0,"comment_status":"closed","ping_status":"closed","template":"page_vert.php","meta":[],"tags":[33,31,55,39],"acf":[],"yoast_head":"<!-- This site is optimized with the Yoast SEO plugin v21.1 - https:\/\/yoast.com\/wordpress\/plugins\/seo\/ -->\n<title>T\u00e9moignage : Innovafeed, Aude Guo - Rapport d&#039;activit\u00e9 2021<\/title>\n<meta name=\"robots\" content=\"index, follow, max-snippet:-1, max-image-preview:large, max-video-preview:-1\" \/>\n<link rel=\"canonical\" href=\"https:\/\/kiosque.ecoledesponts.fr\/rapport-activite-2021\/entreprendre-et-valoriser\/entreprendre-et-valoriser-2\/temoignage-innovafeed-aude-guo\/\" \/>\n<meta property=\"og:locale\" content=\"fr_FR\" \/>\n<meta property=\"og:type\" content=\"article\" \/>\n<meta property=\"og:title\" content=\"T\u00e9moignage : Innovafeed, Aude Guo - Rapport d&#039;activit\u00e9 2021\" \/>\n<meta property=\"og:description\" content=\"Innovafeed\u202f: une solution naturelle et durable pour nourrir le monde de demain Comment est n\u00e9e l\u2019id\u00e9e d\u2019Innovafeed\u202f? Dans un contexte de croissance de la population et de recherche de qualit\u00e9, la question de l\u2019alimentation, responsable de 30\u2005% des \u00e9missions de gaz \u00e0 effet de serre de la plan\u00e8te, est devenue primordiale. Avec trois autres associ\u00e9s, [&hellip;]\" \/>\n<meta property=\"og:url\" content=\"https:\/\/kiosque.ecoledesponts.fr\/rapport-activite-2021\/entreprendre-et-valoriser\/entreprendre-et-valoriser-2\/temoignage-innovafeed-aude-guo\/\" \/>\n<meta property=\"og:site_name\" content=\"Rapport d&#039;activit\u00e9 2021\" \/>\n<meta property=\"article:modified_time\" content=\"2023-01-02T16:04:07+00:00\" \/>\n<meta property=\"og:image\" content=\"http:\/\/kiosque.ecoledesponts.fr\/rapport-activite-2021\/wp-content\/uploads\/sites\/3\/2022\/08\/aude-guo-300x200.jpg\" \/>\n<meta name=\"twitter:card\" content=\"summary_large_image\" \/>\n<meta name=\"twitter:label1\" content=\"Dur\u00e9e de lecture estim\u00e9e\" \/>\n\t<meta name=\"twitter:data1\" content=\"2 minutes\" \/>\n<script type=\"application\/ld+json\" class=\"yoast-schema-graph\">{\"@context\":\"https:\/\/schema.org\",\"@graph\":[{\"@type\":\"WebPage\",\"@id\":\"https:\/\/kiosque.ecoledesponts.fr\/rapport-activite-2021\/entreprendre-et-valoriser\/entreprendre-et-valoriser-2\/temoignage-innovafeed-aude-guo\/\",\"url\":\"https:\/\/kiosque.ecoledesponts.fr\/rapport-activite-2021\/entreprendre-et-valoriser\/entreprendre-et-valoriser-2\/temoignage-innovafeed-aude-guo\/\",\"name\":\"T\u00e9moignage : Innovafeed, Aude Guo - Rapport d'activit\u00e9 2021\",\"isPartOf\":{\"@id\":\"https:\/\/kiosque.ecoledesponts.fr\/rapport-activite-2021\/#website\"},\"datePublished\":\"2022-08-11T12:52:37+00:00\",\"dateModified\":\"2023-01-02T16:04:07+00:00\",\"breadcrumb\":{\"@id\":\"https:\/\/kiosque.ecoledesponts.fr\/rapport-activite-2021\/entreprendre-et-valoriser\/entreprendre-et-valoriser-2\/temoignage-innovafeed-aude-guo\/#breadcrumb\"},\"inLanguage\":\"fr-FR\",\"potentialAction\":[{\"@type\":\"ReadAction\",\"target\":[\"https:\/\/kiosque.ecoledesponts.fr\/rapport-activite-2021\/entreprendre-et-valoriser\/entreprendre-et-valoriser-2\/temoignage-innovafeed-aude-guo\/\"]}]},{\"@type\":\"BreadcrumbList\",\"@id\":\"https:\/\/kiosque.ecoledesponts.fr\/rapport-activite-2021\/entreprendre-et-valoriser\/entreprendre-et-valoriser-2\/temoignage-innovafeed-aude-guo\/#breadcrumb\",\"itemListElement\":[{\"@type\":\"ListItem\",\"position\":1,\"name\":\"Accueil\",\"item\":\"https:\/\/kiosque.ecoledesponts.fr\/rapport-activite-2021\/\"},{\"@type\":\"ListItem\",\"position\":2,\"name\":\"Entreprendre et valoriser\",\"item\":\"https:\/\/kiosque.ecoledesponts.fr\/rapport-activite-2021\/entreprendre-et-valoriser\/\"},{\"@type\":\"ListItem\",\"position\":3,\"name\":\"Entreprendre et valoriser\",\"item\":\"https:\/\/kiosque.ecoledesponts.fr\/rapport-activite-2021\/entreprendre-et-valoriser\/entreprendre-et-valoriser-2\/\"},{\"@type\":\"ListItem\",\"position\":4,\"name\":\"T\u00e9moignage : Innovafeed, Aude Guo\"}]},{\"@type\":\"WebSite\",\"@id\":\"https:\/\/kiosque.ecoledesponts.fr\/rapport-activite-2021\/#website\",\"url\":\"https:\/\/kiosque.ecoledesponts.fr\/rapport-activite-2021\/\",\"name\":\"Rapport d'activit\u00e9 2021\",\"description\":\"Un site utilisant Les sites du kiosque des ponts\",\"potentialAction\":[{\"@type\":\"SearchAction\",\"target\":{\"@type\":\"EntryPoint\",\"urlTemplate\":\"https:\/\/kiosque.ecoledesponts.fr\/rapport-activite-2021\/?s={search_term_string}\"},\"query-input\":\"required name=search_term_string\"}],\"inLanguage\":\"fr-FR\"}]}<\/script>\n<!-- \/ Yoast SEO plugin. -->","yoast_head_json":{"title":"T\u00e9moignage : Innovafeed, Aude Guo - Rapport d'activit\u00e9 2021","robots":{"index":"index","follow":"follow","max-snippet":"max-snippet:-1","max-image-preview":"max-image-preview:large","max-video-preview":"max-video-preview:-1"},"canonical":"https:\/\/kiosque.ecoledesponts.fr\/rapport-activite-2021\/entreprendre-et-valoriser\/entreprendre-et-valoriser-2\/temoignage-innovafeed-aude-guo\/","og_locale":"fr_FR","og_type":"article","og_title":"T\u00e9moignage : Innovafeed, Aude Guo - Rapport d'activit\u00e9 2021","og_description":"Innovafeed\u202f: une solution naturelle et durable pour nourrir le monde de demain Comment est n\u00e9e l\u2019id\u00e9e d\u2019Innovafeed\u202f? Dans un contexte de croissance de la population et de recherche de qualit\u00e9, la question de l\u2019alimentation, responsable de 30\u2005% des \u00e9missions de gaz \u00e0 effet de serre de la plan\u00e8te, est devenue primordiale. Avec trois autres associ\u00e9s, [&hellip;]","og_url":"https:\/\/kiosque.ecoledesponts.fr\/rapport-activite-2021\/entreprendre-et-valoriser\/entreprendre-et-valoriser-2\/temoignage-innovafeed-aude-guo\/","og_site_name":"Rapport d'activit\u00e9 2021","article_modified_time":"2023-01-02T16:04:07+00:00","og_image":[{"url":"http:\/\/kiosque.ecoledesponts.fr\/rapport-activite-2021\/wp-content\/uploads\/sites\/3\/2022\/08\/aude-guo-300x200.jpg"}],"twitter_card":"summary_large_image","twitter_misc":{"Dur\u00e9e de lecture estim\u00e9e":"2 minutes"},"schema":{"@context":"https:\/\/schema.org","@graph":[{"@type":"WebPage","@id":"https:\/\/kiosque.ecoledesponts.fr\/rapport-activite-2021\/entreprendre-et-valoriser\/entreprendre-et-valoriser-2\/temoignage-innovafeed-aude-guo\/","url":"https:\/\/kiosque.ecoledesponts.fr\/rapport-activite-2021\/entreprendre-et-valoriser\/entreprendre-et-valoriser-2\/temoignage-innovafeed-aude-guo\/","name":"T\u00e9moignage : Innovafeed, Aude Guo - Rapport d'activit\u00e9 2021","isPartOf":{"@id":"https:\/\/kiosque.ecoledesponts.fr\/rapport-activite-2021\/#website"},"datePublished":"2022-08-11T12:52:37+00:00","dateModified":"2023-01-02T16:04:07+00:00","breadcrumb":{"@id":"https:\/\/kiosque.ecoledesponts.fr\/rapport-activite-2021\/entreprendre-et-valoriser\/entreprendre-et-valoriser-2\/temoignage-innovafeed-aude-guo\/#breadcrumb"},"inLanguage":"fr-FR","potentialAction":[{"@type":"ReadAction","target":["https:\/\/kiosque.ecoledesponts.fr\/rapport-activite-2021\/entreprendre-et-valoriser\/entreprendre-et-valoriser-2\/temoignage-innovafeed-aude-guo\/"]}]},{"@type":"BreadcrumbList","@id":"https:\/\/kiosque.ecoledesponts.fr\/rapport-activite-2021\/entreprendre-et-valoriser\/entreprendre-et-valoriser-2\/temoignage-innovafeed-aude-guo\/#breadcrumb","itemListElement":[{"@type":"ListItem","position":1,"name":"Accueil","item":"https:\/\/kiosque.ecoledesponts.fr\/rapport-activite-2021\/"},{"@type":"ListItem","position":2,"name":"Entreprendre et valoriser","item":"https:\/\/kiosque.ecoledesponts.fr\/rapport-activite-2021\/entreprendre-et-valoriser\/"},{"@type":"ListItem","position":3,"name":"Entreprendre et valoriser","item":"https:\/\/kiosque.ecoledesponts.fr\/rapport-activite-2021\/entreprendre-et-valoriser\/entreprendre-et-valoriser-2\/"},{"@type":"ListItem","position":4,"name":"T\u00e9moignage : Innovafeed, Aude Guo"}]},{"@type":"WebSite","@id":"https:\/\/kiosque.ecoledesponts.fr\/rapport-activite-2021\/#website","url":"https:\/\/kiosque.ecoledesponts.fr\/rapport-activite-2021\/","name":"Rapport d'activit\u00e9 2021","description":"Un site utilisant Les sites du kiosque des ponts","potentialAction":[{"@type":"SearchAction","target":{"@type":"EntryPoint","urlTemplate":"https:\/\/kiosque.ecoledesponts.fr\/rapport-activite-2021\/?s={search_term_string}"},"query-input":"required name=search_term_string"}],"inLanguage":"fr-FR"}]}},"builder_content":"","_links":{"self":[{"href":"https:\/\/kiosque.ecoledesponts.fr\/rapport-activite-2021\/wp-json\/wp\/v2\/pages\/1313"}],"collection":[{"href":"https:\/\/kiosque.ecoledesponts.fr\/rapport-activite-2021\/wp-json\/wp\/v2\/pages"}],"about":[{"href":"https:\/\/kiosque.ecoledesponts.fr\/rapport-activite-2021\/wp-json\/wp\/v2\/types\/page"}],"author":[{"embeddable":true,"href":"https:\/\/kiosque.ecoledesponts.fr\/rapport-activite-2021\/wp-json\/wp\/v2\/users\/1"}],"replies":[{"embeddable":true,"href":"https:\/\/kiosque.ecoledesponts.fr\/rapport-activite-2021\/wp-json\/wp\/v2\/comments?post=1313"}],"version-history":[{"count":8,"href":"https:\/\/kiosque.ecoledesponts.fr\/rapport-activite-2021\/wp-json\/wp\/v2\/pages\/1313\/revisions"}],"predecessor-version":[{"id":3703,"href":"https:\/\/kiosque.ecoledesponts.fr\/rapport-activite-2021\/wp-json\/wp\/v2\/pages\/1313\/revisions\/3703"}],"up":[{"embeddable":true,"href":"https:\/\/kiosque.ecoledesponts.fr\/rapport-activite-2021\/wp-json\/wp\/v2\/pages\/1231"}],"wp:attachment":[{"href":"https:\/\/kiosque.ecoledesponts.fr\/rapport-activite-2021\/wp-json\/wp\/v2\/media?parent=1313"}],"wp:term":[{"taxonomy":"post_tag","embeddable":true,"href":"https:\/\/kiosque.ecoledesponts.fr\/rapport-activite-2021\/wp-json\/wp\/v2\/tags?post=1313"}],"curies":[{"name":"wp","href":"https:\/\/api.w.org\/{rel}","templated":true}]}}