{"id":1323,"date":"2022-08-11T14:59:57","date_gmt":"2022-08-11T12:59:57","guid":{"rendered":"http:\/\/kiosque.ecoledesponts.fr\/rapport-activite-2021\/?page_id=1323"},"modified":"2022-09-13T15:36:28","modified_gmt":"2022-09-13T13:36:28","slug":"les-partenariats-entreprises","status":"publish","type":"page","link":"https:\/\/kiosque.ecoledesponts.fr\/rapport-activite-2021\/entreprendre-et-valoriser\/les-partenariats-entreprises\/","title":{"rendered":"Les partenariats entreprises"},"content":{"rendered":"<!--themify_builder_content-->\n<div id=\"themify_builder_content-1323\" data-postid=\"1323\" class=\"themify_builder_content themify_builder_content-1323 themify_builder tf_clear\">\n                    <div  data-lazy=\"1\" class=\"module_row themify_builder_row tb_avro283 tb_first tf_w\">\n                        <div class=\"row_inner col_align_top tb_col_count_1 tf_box tf_rel\">\n                        <div  data-lazy=\"1\" class=\"module_column tb-column col-full tb_ugfb285 first\">\n                    <!-- module plain text -->\n<div  class=\"module module-plain-text tb_325z29  wow\" data-tf-animation=\"fadeInRight\" data-lazy=\"1\">\n        <div class=\"tb_text_wrap\">\n    <div class=\"chapo\"><p>L\u2019\u00c9cole des Ponts ParisTech multiplie les initiatives qui renforcent sa proximit\u00e9 historique avec le tissu \u00e9conomique.<\/p><\/div>    <\/div>\n<\/div>\n<!-- \/module plain text -->        <\/div>\n                        <\/div>\n        <\/div>\n                        <div  data-lazy=\"1\" class=\"module_row themify_builder_row tb_dv07440 tf_w\">\n                        <div class=\"row_inner col_align_top tb_col_count_1 tf_box tf_rel\">\n                        <div  data-lazy=\"1\" class=\"module_column tb-column col-full tb_0d2l441 first\">\n                    \n\n<!-- module tile -->\n<div  id=\"tb_yij8397\" class=\"module module-tile tb_yij8397 size-square-small flip-horizontal no-flip tuile_bleu_ciel titre_off tuile_25 tile-type-front-text  tf_mw tf_opacity wow\" data-tf-animation=\"fadeInUp\" data-lazy=\"1\" data-auto-flip=\"0\" data-in-effect=\"flip-horizontal\" >\n\t\t\t<div class=\"tile-flip-box-wrap tf_abs tf_box tf_overflow tf_w tf_h\">\n\t\t\n\t\t\t\t\n\t\t\t\t\t<div class=\"tile-front tile-type-text ui tb_default_color tf_box tf_w tf_h tf_overflow tf_rel tf_scrollbar\">\n\t\t\t\t<div class=\"tile-inner tf_box\">\n\t\t\t\t\t\t\t\t\t\t\t\t\t\t\t\t\t\t<h4 class=\"tile-title\">D\u00e9battre des grands enjeux<\/h4>\n\t\t\t\t\t\t\n\t\t\t\t\t\t<div class=\"tile-content\">\n\t\t\t\t\t\t\t<h3>D\u00e9battre des grands enjeux<\/h3>\n<p>D\u00e9velopp\u00e9 dans le cadre du projet OPUR, Oasis permet d\u2019\u00e9tablir un lien entre le dimensionnement des ouvrages d\u2019infiltration des pluies courantes et leur efficacit\u00e9 exprim\u00e9e comme un abattement pluriannuel des pr\u00e9cipitations.<\/p>\n<div class=\"addtoany_shortcode\"><div class=\"a2a_kit a2a_kit_size_24 addtoany_list\" data-a2a-url=\"http:\/\/kiosque.ecoledesponts.fr\/rapport-activite-2021\/entreprendre-et-valoriser\/les-partenariats-entreprises\/debattre-des-grands-enjeux\/\" data-a2a-title=\"D\u00e9battre des grands enjeux\"><a class=\"a2a_dd addtoany_share_save addtoany_share\" href=\"https:\/\/www.addtoany.com\/share\"><img decoding=\"async\" src=\"http:\/\/kiosque.ecoledesponts.fr\/wp-content\/themes\/enpc\/imgs\/share_social_icon_32.png\" alt=\"Share\"><\/a><\/div><\/div>\t\t\t\t\t\t<\/div>\n\t\t\t\t\t\n\t\t\t\t\t\t\t\t\t\t\t\t\t\t\t\t<a href=\"#\" class=\"tile-flip-back-button tf_hide\"><\/a>\n\t\t\t\t\t\t\t\t\t<\/div>\n\t\t\t<\/div><!-- .tile-front -->\n\n\t\t\t\t\t<div class=\"tile-back tile-type-text ui tb_default_color tf_box tf_w tf_h tf_overflow tf_abs tf_hidden tf_scrollbar\">\n\t\t\t\t<div class=\"tile-inner tf_box\">\n\t\t\t\t\t\t\t\t\t\t\t\n\t\t\t\t\t\t<div class=\"tile-content\">\n\t\t\t\t\t\t\t\t\t\t\t\t\t<\/div>\n\t\t\t\t\t\n\t\t\t\t\t\t\t\t\t\t\t\t\t\t\t\t<a href=\"#\" class=\"tile-flip-back-button tf_hide\"><\/a>\n\t\t\t\t\t\t\t\t\t<\/div>\n\t\t\t<\/div><!-- .tile-back -->\n\n\t\t\t<\/div>\n\n\t<\/div><!-- \/module tile -->\n\n<!-- module tile -->\n<div  id=\"tb_imew554\" class=\"module module-tile tb_imew554 size-square-small flip-horizontal has-flip bloc_btn tuile_vert titre_off tuile_25 tile-type-front-text  tf_mw tf_opacity wow\" data-tf-animation=\"fadeInRight\" data-lazy=\"1\" data-auto-flip=\"0\" data-in-effect=\"flip-horizontal\" >\n\t\t\t<div class=\"tile-flip-box-wrap tf_abs tf_box tf_overflow tf_w tf_h\">\n\t\t\n\t\t\t\t\n\t\t\t\t\t<div class=\"tile-front tile-type-text ui tb_default_color tf_box tf_w tf_h tf_overflow tf_rel tf_scrollbar\">\n\t\t\t\t<div class=\"tile-inner tf_box\">\n\t\t\t\t\t\t\t\t\t\t\t\t\t\t\t\t\t\t<h4 class=\"tile-title\">Saluer les r\u00e9ussites<\/h4>\n\t\t\t\t\t\t\n\t\t\t\t\t\t<div class=\"tile-content\">\n\t\t\t\t\t\t\t<h3>Saluer les r\u00e9ussites<\/h3>\n<p>Plus de 60 startups, dont 16 en 2021, ont \u00e9t\u00e9 accompagn\u00e9es depuis l\u2019ouverture de l\u2019incubateur des Ponts h\u00e9berg\u00e9 \u00e0 Station F. Plusieurs distinctions et succ\u00e8s sont \u00e0 relever pour l\u2019ann\u00e9e 2021.<\/p>\t\t\t\t\t\t<\/div>\n\t\t\t\t\t\n\t\t\t\t\t\t\t\t\t\t\t<a href=\"\/rapport-activite-2021\/entreprendre-et-valoriser\/les-partenariats-entreprises\/saluer-des-reussites\/\" class=\"action-button\"><span><\/span><\/a>\n\t\t\t\t\t\t\t\t\t\t\t\t\t\t\t\t<a href=\"#\" class=\"tile-flip-back-button tf_hide\"><\/a>\n\t\t\t\t\t\t\t\t\t<\/div>\n\t\t\t<\/div><!-- .tile-front -->\n\n\t\t\t\t\t<div class=\"tile-back tile-type-text ui tb_default_color tf_box tf_w tf_h tf_overflow tf_abs tf_hidden tf_scrollbar\">\n\t\t\t\t<div class=\"tile-inner tf_box\">\n\t\t\t\t\t\t\t\t\t\t\t\t\t\t\t\t\t\t<h4 class=\"tile-title\">Saluer les r\u00e9ussites<\/h4>\n\t\t\t\t\t\t\n\t\t\t\t\t\t<div class=\"tile-content\">\n\t\t\t\t\t\t\t<h3>Saluer les r\u00e9ussites<\/h3>\n<p>Plus de 60 startups, dont 16 en 2021, ont \u00e9t\u00e9 accompagn\u00e9es depuis l\u2019ouverture de l\u2019incubateur des Ponts h\u00e9berg\u00e9 \u00e0 Station F. Plusieurs distinctions et succ\u00e8s sont \u00e0 relever pour l\u2019ann\u00e9e 2021.<\/p>\t\t\t\t\t\t<\/div>\n\t\t\t\t\t\n\t\t\t\t\t\t\t\t\t\t\t<a href=\"\/rapport-activite-2021\/entreprendre-et-valoriser\/les-partenariats-entreprises\/saluer-des-reussites\/\" class=\"action-button\"><span><\/span><\/a>\n\t\t\t\t\t\t\t\t\t\t\t\t\t\t\t\t<a href=\"#\" class=\"tile-flip-back-button tf_hide\"><\/a>\n\t\t\t\t\t\t\t\t\t<\/div>\n\t\t\t<\/div><!-- .tile-back -->\n\n\t\t\t<\/div>\n\n\t<\/div><!-- \/module tile -->\n\n<!-- module tile -->\n<div  id=\"tb_8alb209\" class=\"module module-tile tb_8alb209 size-square-large flip-horizontal no-flip tuile_image titre_off tuile_25 titre_top tile-type-front-text  tf_mw tf_opacity wow\" data-tf-animation=\"fadeInLeft\" data-lazy=\"1\" data-auto-flip=\"0\" data-in-effect=\"flip-horizontal\" >\n\t\t\t<div class=\"tile-flip-box-wrap tf_abs tf_box tf_overflow tf_w tf_h\">\n\t\t\n\t\t\t\t\t<style>\n\t\t\t\t.module.tb_8alb209 .tile-front{background-image:url(\"http:\/\/kiosque.ecoledesponts.fr\/rapport-activite-2021\/wp-content\/uploads\/sites\/3\/2022\/08\/bg_partenariat2.jpg\")}\t\t\t<\/style>\n\t\t\t\t\n\t\t\t\t\t<div class=\"tile-front tile-type-text ui tb_default_color tf_box tf_w tf_h tf_overflow tf_rel tf_scrollbar\">\n\t\t\t\t<div class=\"tile-inner tf_box\">\n\t\t\t\t\t\t\t\t\t\t\t\t\t\t\t\t\t\t<h4 class=\"tile-title\">partenariats<\/h4>\n\t\t\t\t\t\t\n\t\t\t\t\t\t<div class=\"tile-content\">\n\t\t\t\t\t\t\t\t\t\t\t\t\t<\/div>\n\t\t\t\t\t\n\t\t\t\t\t\t\t\t\t\t\t\t\t\t\t\t<a href=\"#\" class=\"tile-flip-back-button tf_hide\"><\/a>\n\t\t\t\t\t\t\t\t\t<\/div>\n\t\t\t<\/div><!-- .tile-front -->\n\n\t\t\t\t\t<div class=\"tile-back tile-type-text ui tb_default_color tf_box tf_w tf_h tf_overflow tf_abs tf_hidden tf_scrollbar\">\n\t\t\t\t<div class=\"tile-inner tf_box\">\n\t\t\t\t\t\t\t\t\t\t\t\n\t\t\t\t\t\t<div class=\"tile-content\">\n\t\t\t\t\t\t\t\t\t\t\t\t\t<\/div>\n\t\t\t\t\t\n\t\t\t\t\t\t\t\t\t\t\t\t\t\t\t\t<a href=\"#\" class=\"tile-flip-back-button tf_hide\"><\/a>\n\t\t\t\t\t\t\t\t\t<\/div>\n\t\t\t<\/div><!-- .tile-back -->\n\n\t\t\t<\/div>\n\n\t<\/div><!-- \/module tile -->\n\n<!-- module tile -->\n<div  id=\"tb_4jta373\" class=\"module module-tile tb_4jta373 size-landscape flip-horizontal no-flip tuile_violet titre_off tuile_25 tile-type-front-text  tf_mw tf_opacity wow\" data-tf-animation=\"fadeInDown\" data-lazy=\"1\" data-auto-flip=\"0\" data-in-effect=\"flip-horizontal\" >\n\t\t\t<div class=\"tile-flip-box-wrap tf_abs tf_box tf_overflow tf_w tf_h\">\n\t\t\n\t\t\t\t\n\t\t\t\t\t<div class=\"tile-front tile-type-text ui tb_default_color tf_box tf_w tf_h tf_overflow tf_rel tf_scrollbar\">\n\t\t\t\t<div class=\"tile-inner tf_box\">\n\t\t\t\t\t\t\t\t\t\t\t\t\t\t\t\t\t\t<h4 class=\"tile-title\">Faire \u00e9merger des projets<\/h4>\n\t\t\t\t\t\t\n\t\t\t\t\t\t<div class=\"tile-content\">\n\t\t\t\t\t\t\t<h3>Faire \u00e9merger des projets<\/h3>\n<p>Le 2 d\u00e9cembre 2021, l\u2019\u00c9cole des Ponts ParisTech, les partenaires acad\u00e9miques du campus Descartes, la SATT Erganeo et Descartes D\u00e9veloppement &amp; Innovation ont organis\u00e9, avec le soutien de la R\u00e9gion \u00cele-de-France, une journ\u00e9e de conf\u00e9rences et d\u2019\u00e9changes pour lancer le projet Sci.ty (Sciences for City). Cette initiative port\u00e9e par Cap Digital, p\u00f4le europ\u00e9en de la transition num\u00e9rique et \u00e9cologique, et une alliance d\u2019acteurs de la ville de demain, dont l\u2019\u00c9cole, vise \u00e0 faire \u00e9merger des startups deeptech des laboratoires et accro\u00eetre ainsi l\u2019impact soci\u00e9tal de la recherche via des innovations de rupture\u2026<\/p>\n<div class=\"addtoany_shortcode\"><div class=\"a2a_kit a2a_kit_size_24 addtoany_list\" data-a2a-url=\"http:\/\/kiosque.ecoledesponts.fr\/rapport-activite-2021\/entreprendre-et-valoriser\/les-partenariats-entreprises\/faire-emerger-des-projets\/\" data-a2a-title=\"Faire \u00e9merger des projets\"><a class=\"a2a_dd addtoany_share_save addtoany_share\" href=\"https:\/\/www.addtoany.com\/share\"><img decoding=\"async\" src=\"http:\/\/kiosque.ecoledesponts.fr\/wp-content\/themes\/enpc\/imgs\/share_social_icon_32.png\" alt=\"Share\"><\/a><\/div><\/div>\t\t\t\t\t\t<\/div>\n\t\t\t\t\t\n\t\t\t\t\t\t\t\t\t\t\t\t\t\t\t\t<a href=\"#\" class=\"tile-flip-back-button tf_hide\"><\/a>\n\t\t\t\t\t\t\t\t\t<\/div>\n\t\t\t<\/div><!-- .tile-front -->\n\n\t\t\t\t\t<div class=\"tile-back tile-type-text ui tb_default_color tf_box tf_w tf_h tf_overflow tf_abs tf_hidden tf_scrollbar\">\n\t\t\t\t<div class=\"tile-inner tf_box\">\n\t\t\t\t\t\t\t\t\t\t\t\n\t\t\t\t\t\t<div class=\"tile-content\">\n\t\t\t\t\t\t\t\t\t\t\t\t\t<\/div>\n\t\t\t\t\t\n\t\t\t\t\t\t\t\t\t\t\t\t\t\t\t\t<a href=\"#\" class=\"tile-flip-back-button tf_hide\"><\/a>\n\t\t\t\t\t\t\t\t\t<\/div>\n\t\t\t<\/div><!-- .tile-back -->\n\n\t\t\t<\/div>\n\n\t<\/div><!-- \/module tile -->        <\/div>\n                        <\/div>\n        <\/div>\n        <\/div>\n<!--\/themify_builder_content-->","protected":false},"excerpt":{"rendered":"<p>L\u2019\u00c9cole des Ponts ParisTech multiplie les initiatives qui renforcent sa proximit\u00e9 historique avec le tissu \u00e9conomique. D\u00e9battre des grands enjeux D\u00e9battre des grands enjeux D\u00e9velopp\u00e9 dans le cadre du projet OPUR, Oasis permet d\u2019\u00e9tablir un lien entre le dimensionnement des ouvrages d\u2019infiltration des pluies courantes et leur efficacit\u00e9 exprim\u00e9e comme un abattement pluriannuel des pr\u00e9cipitations. [&hellip;]<\/p>\n","protected":false},"author":1,"featured_media":0,"parent":55,"menu_order":0,"comment_status":"closed","ping_status":"closed","template":"","meta":[],"tags":[],"acf":[],"yoast_head":"<!-- This site is optimized with the Yoast SEO plugin v21.1 - https:\/\/yoast.com\/wordpress\/plugins\/seo\/ -->\n<title>Les partenariats entreprises - Rapport d&#039;activit\u00e9 2021<\/title>\n<meta name=\"robots\" content=\"index, follow, max-snippet:-1, max-image-preview:large, max-video-preview:-1\" \/>\n<link rel=\"canonical\" href=\"https:\/\/kiosque.ecoledesponts.fr\/rapport-activite-2021\/entreprendre-et-valoriser\/les-partenariats-entreprises\/\" \/>\n<meta property=\"og:locale\" content=\"fr_FR\" \/>\n<meta property=\"og:type\" content=\"article\" \/>\n<meta property=\"og:title\" content=\"Les partenariats entreprises - Rapport d&#039;activit\u00e9 2021\" \/>\n<meta property=\"og:description\" content=\"L\u2019\u00c9cole des Ponts ParisTech multiplie les initiatives qui renforcent sa proximit\u00e9 historique avec le tissu \u00e9conomique. D\u00e9battre des grands enjeux D\u00e9battre des grands enjeux D\u00e9velopp\u00e9 dans le cadre du projet OPUR, Oasis permet d\u2019\u00e9tablir un lien entre le dimensionnement des ouvrages d\u2019infiltration des pluies courantes et leur efficacit\u00e9 exprim\u00e9e comme un abattement pluriannuel des pr\u00e9cipitations. [&hellip;]\" \/>\n<meta property=\"og:url\" content=\"https:\/\/kiosque.ecoledesponts.fr\/rapport-activite-2021\/entreprendre-et-valoriser\/les-partenariats-entreprises\/\" \/>\n<meta property=\"og:site_name\" content=\"Rapport d&#039;activit\u00e9 2021\" \/>\n<meta property=\"article:modified_time\" content=\"2022-09-13T13:36:28+00:00\" \/>\n<meta name=\"twitter:card\" content=\"summary_large_image\" \/>\n<meta name=\"twitter:label1\" content=\"Dur\u00e9e de lecture estim\u00e9e\" \/>\n\t<meta name=\"twitter:data1\" content=\"1 minute\" \/>\n<script type=\"application\/ld+json\" class=\"yoast-schema-graph\">{\"@context\":\"https:\/\/schema.org\",\"@graph\":[{\"@type\":\"WebPage\",\"@id\":\"https:\/\/kiosque.ecoledesponts.fr\/rapport-activite-2021\/entreprendre-et-valoriser\/les-partenariats-entreprises\/\",\"url\":\"https:\/\/kiosque.ecoledesponts.fr\/rapport-activite-2021\/entreprendre-et-valoriser\/les-partenariats-entreprises\/\",\"name\":\"Les partenariats entreprises - Rapport d'activit\u00e9 2021\",\"isPartOf\":{\"@id\":\"https:\/\/kiosque.ecoledesponts.fr\/rapport-activite-2021\/#website\"},\"datePublished\":\"2022-08-11T12:59:57+00:00\",\"dateModified\":\"2022-09-13T13:36:28+00:00\",\"breadcrumb\":{\"@id\":\"https:\/\/kiosque.ecoledesponts.fr\/rapport-activite-2021\/entreprendre-et-valoriser\/les-partenariats-entreprises\/#breadcrumb\"},\"inLanguage\":\"fr-FR\",\"potentialAction\":[{\"@type\":\"ReadAction\",\"target\":[\"https:\/\/kiosque.ecoledesponts.fr\/rapport-activite-2021\/entreprendre-et-valoriser\/les-partenariats-entreprises\/\"]}]},{\"@type\":\"BreadcrumbList\",\"@id\":\"https:\/\/kiosque.ecoledesponts.fr\/rapport-activite-2021\/entreprendre-et-valoriser\/les-partenariats-entreprises\/#breadcrumb\",\"itemListElement\":[{\"@type\":\"ListItem\",\"position\":1,\"name\":\"Accueil\",\"item\":\"https:\/\/kiosque.ecoledesponts.fr\/rapport-activite-2021\/\"},{\"@type\":\"ListItem\",\"position\":2,\"name\":\"Entreprendre et valoriser\",\"item\":\"https:\/\/kiosque.ecoledesponts.fr\/rapport-activite-2021\/entreprendre-et-valoriser\/\"},{\"@type\":\"ListItem\",\"position\":3,\"name\":\"Les partenariats entreprises\"}]},{\"@type\":\"WebSite\",\"@id\":\"https:\/\/kiosque.ecoledesponts.fr\/rapport-activite-2021\/#website\",\"url\":\"https:\/\/kiosque.ecoledesponts.fr\/rapport-activite-2021\/\",\"name\":\"Rapport d'activit\u00e9 2021\",\"description\":\"Un site utilisant Les sites du kiosque des ponts\",\"potentialAction\":[{\"@type\":\"SearchAction\",\"target\":{\"@type\":\"EntryPoint\",\"urlTemplate\":\"https:\/\/kiosque.ecoledesponts.fr\/rapport-activite-2021\/?s={search_term_string}\"},\"query-input\":\"required name=search_term_string\"}],\"inLanguage\":\"fr-FR\"}]}<\/script>\n<!-- \/ Yoast SEO plugin. -->","yoast_head_json":{"title":"Les partenariats entreprises - Rapport d'activit\u00e9 2021","robots":{"index":"index","follow":"follow","max-snippet":"max-snippet:-1","max-image-preview":"max-image-preview:large","max-video-preview":"max-video-preview:-1"},"canonical":"https:\/\/kiosque.ecoledesponts.fr\/rapport-activite-2021\/entreprendre-et-valoriser\/les-partenariats-entreprises\/","og_locale":"fr_FR","og_type":"article","og_title":"Les partenariats entreprises - Rapport d'activit\u00e9 2021","og_description":"L\u2019\u00c9cole des Ponts ParisTech multiplie les initiatives qui renforcent sa proximit\u00e9 historique avec le tissu \u00e9conomique. D\u00e9battre des grands enjeux D\u00e9battre des grands enjeux D\u00e9velopp\u00e9 dans le cadre du projet OPUR, Oasis permet d\u2019\u00e9tablir un lien entre le dimensionnement des ouvrages d\u2019infiltration des pluies courantes et leur efficacit\u00e9 exprim\u00e9e comme un abattement pluriannuel des pr\u00e9cipitations. [&hellip;]","og_url":"https:\/\/kiosque.ecoledesponts.fr\/rapport-activite-2021\/entreprendre-et-valoriser\/les-partenariats-entreprises\/","og_site_name":"Rapport d'activit\u00e9 2021","article_modified_time":"2022-09-13T13:36:28+00:00","twitter_card":"summary_large_image","twitter_misc":{"Dur\u00e9e de lecture estim\u00e9e":"1 minute"},"schema":{"@context":"https:\/\/schema.org","@graph":[{"@type":"WebPage","@id":"https:\/\/kiosque.ecoledesponts.fr\/rapport-activite-2021\/entreprendre-et-valoriser\/les-partenariats-entreprises\/","url":"https:\/\/kiosque.ecoledesponts.fr\/rapport-activite-2021\/entreprendre-et-valoriser\/les-partenariats-entreprises\/","name":"Les partenariats entreprises - Rapport d'activit\u00e9 2021","isPartOf":{"@id":"https:\/\/kiosque.ecoledesponts.fr\/rapport-activite-2021\/#website"},"datePublished":"2022-08-11T12:59:57+00:00","dateModified":"2022-09-13T13:36:28+00:00","breadcrumb":{"@id":"https:\/\/kiosque.ecoledesponts.fr\/rapport-activite-2021\/entreprendre-et-valoriser\/les-partenariats-entreprises\/#breadcrumb"},"inLanguage":"fr-FR","potentialAction":[{"@type":"ReadAction","target":["https:\/\/kiosque.ecoledesponts.fr\/rapport-activite-2021\/entreprendre-et-valoriser\/les-partenariats-entreprises\/"]}]},{"@type":"BreadcrumbList","@id":"https:\/\/kiosque.ecoledesponts.fr\/rapport-activite-2021\/entreprendre-et-valoriser\/les-partenariats-entreprises\/#breadcrumb","itemListElement":[{"@type":"ListItem","position":1,"name":"Accueil","item":"https:\/\/kiosque.ecoledesponts.fr\/rapport-activite-2021\/"},{"@type":"ListItem","position":2,"name":"Entreprendre et valoriser","item":"https:\/\/kiosque.ecoledesponts.fr\/rapport-activite-2021\/entreprendre-et-valoriser\/"},{"@type":"ListItem","position":3,"name":"Les partenariats entreprises"}]},{"@type":"WebSite","@id":"https:\/\/kiosque.ecoledesponts.fr\/rapport-activite-2021\/#website","url":"https:\/\/kiosque.ecoledesponts.fr\/rapport-activite-2021\/","name":"Rapport d'activit\u00e9 2021","description":"Un site utilisant Les sites du kiosque des ponts","potentialAction":[{"@type":"SearchAction","target":{"@type":"EntryPoint","urlTemplate":"https:\/\/kiosque.ecoledesponts.fr\/rapport-activite-2021\/?s={search_term_string}"},"query-input":"required name=search_term_string"}],"inLanguage":"fr-FR"}]}},"builder_content":"<p>L\u2019\u00c9cole des Ponts ParisTech multiplie les initiatives qui renforcent sa proximit\u00e9 historique avec le tissu \u00e9conomique.<\/p>\n<h4>D\u00e9battre des grands enjeux<\/h4> <h3>D\u00e9battre des grands enjeux<\/h3> <p>D\u00e9velopp\u00e9 dans le cadre du projet OPUR, Oasis permet d\u2019\u00e9tablir un lien entre le dimensionnement des ouvrages d\u2019infiltration des pluies courantes et leur efficacit\u00e9 exprim\u00e9e comme un abattement pluriannuel des pr\u00e9cipitations.<\/p> <p>[addtoany url=\"http:\/\/kiosque.ecoledesponts.fr\/rapport-activite-2021\/entreprendre-et-valoriser\/les-partenariats-entreprises\/debattre-des-grands-enjeux\/\" title=\"D\u00e9battre des grands enjeux\"]<\/p> <a href=\"#\"><\/a> \n <a href=\"#\"><\/a>\n<h4>Saluer les r\u00e9ussites<\/h4> <h3>Saluer les r\u00e9ussites<\/h3> <p>Plus de 60 startups, dont 16 en 2021, ont \u00e9t\u00e9 accompagn\u00e9es depuis l\u2019ouverture de l\u2019incubateur des Ponts h\u00e9berg\u00e9 \u00e0 Station F. Plusieurs distinctions et succ\u00e8s sont \u00e0 relever pour l\u2019ann\u00e9e 2021.<\/p> <a href=\"\/rapport-activite-2021\/entreprendre-et-valoriser\/les-partenariats-entreprises\/saluer-des-reussites\/\"><\/a> <a href=\"#\"><\/a> \n <h4>Saluer les r\u00e9ussites<\/h4> <h3>Saluer les r\u00e9ussites<\/h3> <p>Plus de 60 startups, dont 16 en 2021, ont \u00e9t\u00e9 accompagn\u00e9es depuis l\u2019ouverture de l\u2019incubateur des Ponts h\u00e9berg\u00e9 \u00e0 Station F. Plusieurs distinctions et succ\u00e8s sont \u00e0 relever pour l\u2019ann\u00e9e 2021.<\/p> <a href=\"\/rapport-activite-2021\/entreprendre-et-valoriser\/les-partenariats-entreprises\/saluer-des-reussites\/\"><\/a> <a href=\"#\"><\/a>\n<h4>partenariats<\/h4> <a href=\"#\"><\/a> \n <a href=\"#\"><\/a>\n<h4>Faire \u00e9merger des projets<\/h4> <h3>Faire \u00e9merger des projets<\/h3> <p>Le 2 d\u00e9cembre 2021, l\u2019\u00c9cole des Ponts ParisTech, les partenaires acad\u00e9miques du campus Descartes, la SATT Erganeo et Descartes D\u00e9veloppement &amp; Innovation ont organis\u00e9, avec le soutien de la R\u00e9gion \u00cele-de-France, une journ\u00e9e de conf\u00e9rences et d\u2019\u00e9changes pour lancer le projet Sci.ty (Sciences for City). Cette initiative port\u00e9e par Cap Digital, p\u00f4le europ\u00e9en de la transition num\u00e9rique et \u00e9cologique, et une alliance d\u2019acteurs de la ville de demain, dont l\u2019\u00c9cole, vise \u00e0 faire \u00e9merger des startups deeptech des laboratoires et accro\u00eetre ainsi l\u2019impact soci\u00e9tal de la recherche via des innovations de rupture\u2026<\/p> <p>[addtoany url=\"http:\/\/kiosque.ecoledesponts.fr\/rapport-activite-2021\/entreprendre-et-valoriser\/les-partenariats-entreprises\/faire-emerger-des-projets\/\" title=\"Faire \u00e9merger des projets\"]<\/p> <a href=\"#\"><\/a> \n <a href=\"#\"><\/a>","_links":{"self":[{"href":"https:\/\/kiosque.ecoledesponts.fr\/rapport-activite-2021\/wp-json\/wp\/v2\/pages\/1323"}],"collection":[{"href":"https:\/\/kiosque.ecoledesponts.fr\/rapport-activite-2021\/wp-json\/wp\/v2\/pages"}],"about":[{"href":"https:\/\/kiosque.ecoledesponts.fr\/rapport-activite-2021\/wp-json\/wp\/v2\/types\/page"}],"author":[{"embeddable":true,"href":"https:\/\/kiosque.ecoledesponts.fr\/rapport-activite-2021\/wp-json\/wp\/v2\/users\/1"}],"replies":[{"embeddable":true,"href":"https:\/\/kiosque.ecoledesponts.fr\/rapport-activite-2021\/wp-json\/wp\/v2\/comments?post=1323"}],"version-history":[{"count":10,"href":"https:\/\/kiosque.ecoledesponts.fr\/rapport-activite-2021\/wp-json\/wp\/v2\/pages\/1323\/revisions"}],"predecessor-version":[{"id":3715,"href":"https:\/\/kiosque.ecoledesponts.fr\/rapport-activite-2021\/wp-json\/wp\/v2\/pages\/1323\/revisions\/3715"}],"up":[{"embeddable":true,"href":"https:\/\/kiosque.ecoledesponts.fr\/rapport-activite-2021\/wp-json\/wp\/v2\/pages\/55"}],"wp:attachment":[{"href":"https:\/\/kiosque.ecoledesponts.fr\/rapport-activite-2021\/wp-json\/wp\/v2\/media?parent=1323"}],"wp:term":[{"taxonomy":"post_tag","embeddable":true,"href":"https:\/\/kiosque.ecoledesponts.fr\/rapport-activite-2021\/wp-json\/wp\/v2\/tags?post=1323"}],"curies":[{"name":"wp","href":"https:\/\/api.w.org\/{rel}","templated":true}]}}