{"id":1333,"date":"2022-08-11T15:03:45","date_gmt":"2022-08-11T13:03:45","guid":{"rendered":"http:\/\/kiosque.ecoledesponts.fr\/rapport-activite-2021\/?page_id=1333"},"modified":"2023-01-02T17:05:36","modified_gmt":"2023-01-02T16:05:36","slug":"debattre-des-grands-enjeux","status":"publish","type":"page","link":"https:\/\/kiosque.ecoledesponts.fr\/rapport-activite-2021\/entreprendre-et-valoriser\/les-partenariats-entreprises\/debattre-des-grands-enjeux\/","title":{"rendered":"D\u00e9battre des grands enjeux"},"content":{"rendered":"<!--themify_builder_content-->\n<div id=\"themify_builder_content-1333\" data-postid=\"1333\" class=\"themify_builder_content themify_builder_content-1333 themify_builder tf_clear\">\n    <\/div>\n<!--\/themify_builder_content-->\n\n<p class=\"TXTCOURANT\">Les Matinales des Ponts permettent \u00e0 l\u2019\u00c9cole d\u2019ouvrir des d\u00e9bats et de d\u00e9velopper des liens d\u2019affaires avec les entreprises. Trois rendez-vous ont \u00e9t\u00e9 organis\u00e9s en 2021, r\u00e9unissant chacun une centaine de repr\u00e9sentants d\u2019entreprise et d\u2019enseignants-chercheurs. Le 30 mars, en distanciel, tous ont \u00e9chang\u00e9 autour de la finance verte, puis le 29\u00a0juin sur la question de la transformation des mobilit\u00e9s apr\u00e8s la crise, toujours en distanciel. Le 9\u202fnovembre, simultan\u00e9ment en pr\u00e9sentiel et \u00e0 distance, la Matinale portait sur la supply chain \u00e0 l\u2019\u0153uvre dans la transformation des entreprises.<\/p>","protected":false},"excerpt":{"rendered":"<p>Les Matinales des Ponts permettent \u00e0 l\u2019\u00c9cole d\u2019ouvrir des d\u00e9bats et de d\u00e9velopper des liens d\u2019affaires avec les entreprises. Trois rendez-vous ont \u00e9t\u00e9 organis\u00e9s en 2021, r\u00e9unissant chacun une centaine de repr\u00e9sentants d\u2019entreprise et d\u2019enseignants-chercheurs. Le 30 mars, en distanciel, tous ont \u00e9chang\u00e9 autour de la finance verte, puis le 29\u00a0juin sur la question de [&hellip;]<\/p>\n","protected":false},"author":1,"featured_media":0,"parent":1323,"menu_order":0,"comment_status":"closed","ping_status":"closed","template":"page_vert.php","meta":[],"tags":[49,33,29,39],"acf":[],"yoast_head":"<!-- This site is optimized with the Yoast SEO plugin v21.1 - https:\/\/yoast.com\/wordpress\/plugins\/seo\/ -->\n<title>D\u00e9battre des grands enjeux - Rapport d&#039;activit\u00e9 2021<\/title>\n<meta name=\"robots\" content=\"index, follow, max-snippet:-1, max-image-preview:large, max-video-preview:-1\" \/>\n<link rel=\"canonical\" href=\"https:\/\/kiosque.ecoledesponts.fr\/rapport-activite-2021\/entreprendre-et-valoriser\/les-partenariats-entreprises\/debattre-des-grands-enjeux\/\" \/>\n<meta property=\"og:locale\" content=\"fr_FR\" \/>\n<meta property=\"og:type\" content=\"article\" \/>\n<meta property=\"og:title\" content=\"D\u00e9battre des grands enjeux - Rapport d&#039;activit\u00e9 2021\" \/>\n<meta property=\"og:description\" content=\"Les Matinales des Ponts permettent \u00e0 l\u2019\u00c9cole d\u2019ouvrir des d\u00e9bats et de d\u00e9velopper des liens d\u2019affaires avec les entreprises. Trois rendez-vous ont \u00e9t\u00e9 organis\u00e9s en 2021, r\u00e9unissant chacun une centaine de repr\u00e9sentants d\u2019entreprise et d\u2019enseignants-chercheurs. Le 30 mars, en distanciel, tous ont \u00e9chang\u00e9 autour de la finance verte, puis le 29\u00a0juin sur la question de [&hellip;]\" \/>\n<meta property=\"og:url\" content=\"https:\/\/kiosque.ecoledesponts.fr\/rapport-activite-2021\/entreprendre-et-valoriser\/les-partenariats-entreprises\/debattre-des-grands-enjeux\/\" \/>\n<meta property=\"og:site_name\" content=\"Rapport d&#039;activit\u00e9 2021\" \/>\n<meta property=\"article:modified_time\" content=\"2023-01-02T16:05:36+00:00\" \/>\n<meta name=\"twitter:card\" content=\"summary_large_image\" \/>\n<script type=\"application\/ld+json\" class=\"yoast-schema-graph\">{\"@context\":\"https:\/\/schema.org\",\"@graph\":[{\"@type\":\"WebPage\",\"@id\":\"https:\/\/kiosque.ecoledesponts.fr\/rapport-activite-2021\/entreprendre-et-valoriser\/les-partenariats-entreprises\/debattre-des-grands-enjeux\/\",\"url\":\"https:\/\/kiosque.ecoledesponts.fr\/rapport-activite-2021\/entreprendre-et-valoriser\/les-partenariats-entreprises\/debattre-des-grands-enjeux\/\",\"name\":\"D\u00e9battre des grands enjeux - Rapport d'activit\u00e9 2021\",\"isPartOf\":{\"@id\":\"https:\/\/kiosque.ecoledesponts.fr\/rapport-activite-2021\/#website\"},\"datePublished\":\"2022-08-11T13:03:45+00:00\",\"dateModified\":\"2023-01-02T16:05:36+00:00\",\"breadcrumb\":{\"@id\":\"https:\/\/kiosque.ecoledesponts.fr\/rapport-activite-2021\/entreprendre-et-valoriser\/les-partenariats-entreprises\/debattre-des-grands-enjeux\/#breadcrumb\"},\"inLanguage\":\"fr-FR\",\"potentialAction\":[{\"@type\":\"ReadAction\",\"target\":[\"https:\/\/kiosque.ecoledesponts.fr\/rapport-activite-2021\/entreprendre-et-valoriser\/les-partenariats-entreprises\/debattre-des-grands-enjeux\/\"]}]},{\"@type\":\"BreadcrumbList\",\"@id\":\"https:\/\/kiosque.ecoledesponts.fr\/rapport-activite-2021\/entreprendre-et-valoriser\/les-partenariats-entreprises\/debattre-des-grands-enjeux\/#breadcrumb\",\"itemListElement\":[{\"@type\":\"ListItem\",\"position\":1,\"name\":\"Accueil\",\"item\":\"https:\/\/kiosque.ecoledesponts.fr\/rapport-activite-2021\/\"},{\"@type\":\"ListItem\",\"position\":2,\"name\":\"Entreprendre et valoriser\",\"item\":\"https:\/\/kiosque.ecoledesponts.fr\/rapport-activite-2021\/entreprendre-et-valoriser\/\"},{\"@type\":\"ListItem\",\"position\":3,\"name\":\"Les partenariats entreprises\",\"item\":\"https:\/\/kiosque.ecoledesponts.fr\/rapport-activite-2021\/entreprendre-et-valoriser\/les-partenariats-entreprises\/\"},{\"@type\":\"ListItem\",\"position\":4,\"name\":\"D\u00e9battre des grands enjeux\"}]},{\"@type\":\"WebSite\",\"@id\":\"https:\/\/kiosque.ecoledesponts.fr\/rapport-activite-2021\/#website\",\"url\":\"https:\/\/kiosque.ecoledesponts.fr\/rapport-activite-2021\/\",\"name\":\"Rapport d'activit\u00e9 2021\",\"description\":\"Un site utilisant Les sites du kiosque des ponts\",\"potentialAction\":[{\"@type\":\"SearchAction\",\"target\":{\"@type\":\"EntryPoint\",\"urlTemplate\":\"https:\/\/kiosque.ecoledesponts.fr\/rapport-activite-2021\/?s={search_term_string}\"},\"query-input\":\"required name=search_term_string\"}],\"inLanguage\":\"fr-FR\"}]}<\/script>\n<!-- \/ Yoast SEO plugin. -->","yoast_head_json":{"title":"D\u00e9battre des grands enjeux - Rapport d'activit\u00e9 2021","robots":{"index":"index","follow":"follow","max-snippet":"max-snippet:-1","max-image-preview":"max-image-preview:large","max-video-preview":"max-video-preview:-1"},"canonical":"https:\/\/kiosque.ecoledesponts.fr\/rapport-activite-2021\/entreprendre-et-valoriser\/les-partenariats-entreprises\/debattre-des-grands-enjeux\/","og_locale":"fr_FR","og_type":"article","og_title":"D\u00e9battre des grands enjeux - Rapport d'activit\u00e9 2021","og_description":"Les Matinales des Ponts permettent \u00e0 l\u2019\u00c9cole d\u2019ouvrir des d\u00e9bats et de d\u00e9velopper des liens d\u2019affaires avec les entreprises. Trois rendez-vous ont \u00e9t\u00e9 organis\u00e9s en 2021, r\u00e9unissant chacun une centaine de repr\u00e9sentants d\u2019entreprise et d\u2019enseignants-chercheurs. Le 30 mars, en distanciel, tous ont \u00e9chang\u00e9 autour de la finance verte, puis le 29\u00a0juin sur la question de [&hellip;]","og_url":"https:\/\/kiosque.ecoledesponts.fr\/rapport-activite-2021\/entreprendre-et-valoriser\/les-partenariats-entreprises\/debattre-des-grands-enjeux\/","og_site_name":"Rapport d'activit\u00e9 2021","article_modified_time":"2023-01-02T16:05:36+00:00","twitter_card":"summary_large_image","schema":{"@context":"https:\/\/schema.org","@graph":[{"@type":"WebPage","@id":"https:\/\/kiosque.ecoledesponts.fr\/rapport-activite-2021\/entreprendre-et-valoriser\/les-partenariats-entreprises\/debattre-des-grands-enjeux\/","url":"https:\/\/kiosque.ecoledesponts.fr\/rapport-activite-2021\/entreprendre-et-valoriser\/les-partenariats-entreprises\/debattre-des-grands-enjeux\/","name":"D\u00e9battre des grands enjeux - Rapport d'activit\u00e9 2021","isPartOf":{"@id":"https:\/\/kiosque.ecoledesponts.fr\/rapport-activite-2021\/#website"},"datePublished":"2022-08-11T13:03:45+00:00","dateModified":"2023-01-02T16:05:36+00:00","breadcrumb":{"@id":"https:\/\/kiosque.ecoledesponts.fr\/rapport-activite-2021\/entreprendre-et-valoriser\/les-partenariats-entreprises\/debattre-des-grands-enjeux\/#breadcrumb"},"inLanguage":"fr-FR","potentialAction":[{"@type":"ReadAction","target":["https:\/\/kiosque.ecoledesponts.fr\/rapport-activite-2021\/entreprendre-et-valoriser\/les-partenariats-entreprises\/debattre-des-grands-enjeux\/"]}]},{"@type":"BreadcrumbList","@id":"https:\/\/kiosque.ecoledesponts.fr\/rapport-activite-2021\/entreprendre-et-valoriser\/les-partenariats-entreprises\/debattre-des-grands-enjeux\/#breadcrumb","itemListElement":[{"@type":"ListItem","position":1,"name":"Accueil","item":"https:\/\/kiosque.ecoledesponts.fr\/rapport-activite-2021\/"},{"@type":"ListItem","position":2,"name":"Entreprendre et valoriser","item":"https:\/\/kiosque.ecoledesponts.fr\/rapport-activite-2021\/entreprendre-et-valoriser\/"},{"@type":"ListItem","position":3,"name":"Les partenariats entreprises","item":"https:\/\/kiosque.ecoledesponts.fr\/rapport-activite-2021\/entreprendre-et-valoriser\/les-partenariats-entreprises\/"},{"@type":"ListItem","position":4,"name":"D\u00e9battre des grands enjeux"}]},{"@type":"WebSite","@id":"https:\/\/kiosque.ecoledesponts.fr\/rapport-activite-2021\/#website","url":"https:\/\/kiosque.ecoledesponts.fr\/rapport-activite-2021\/","name":"Rapport d'activit\u00e9 2021","description":"Un site utilisant Les sites du kiosque des ponts","potentialAction":[{"@type":"SearchAction","target":{"@type":"EntryPoint","urlTemplate":"https:\/\/kiosque.ecoledesponts.fr\/rapport-activite-2021\/?s={search_term_string}"},"query-input":"required name=search_term_string"}],"inLanguage":"fr-FR"}]}},"builder_content":"","_links":{"self":[{"href":"https:\/\/kiosque.ecoledesponts.fr\/rapport-activite-2021\/wp-json\/wp\/v2\/pages\/1333"}],"collection":[{"href":"https:\/\/kiosque.ecoledesponts.fr\/rapport-activite-2021\/wp-json\/wp\/v2\/pages"}],"about":[{"href":"https:\/\/kiosque.ecoledesponts.fr\/rapport-activite-2021\/wp-json\/wp\/v2\/types\/page"}],"author":[{"embeddable":true,"href":"https:\/\/kiosque.ecoledesponts.fr\/rapport-activite-2021\/wp-json\/wp\/v2\/users\/1"}],"replies":[{"embeddable":true,"href":"https:\/\/kiosque.ecoledesponts.fr\/rapport-activite-2021\/wp-json\/wp\/v2\/comments?post=1333"}],"version-history":[{"count":1,"href":"https:\/\/kiosque.ecoledesponts.fr\/rapport-activite-2021\/wp-json\/wp\/v2\/pages\/1333\/revisions"}],"predecessor-version":[{"id":1335,"href":"https:\/\/kiosque.ecoledesponts.fr\/rapport-activite-2021\/wp-json\/wp\/v2\/pages\/1333\/revisions\/1335"}],"up":[{"embeddable":true,"href":"https:\/\/kiosque.ecoledesponts.fr\/rapport-activite-2021\/wp-json\/wp\/v2\/pages\/1323"}],"wp:attachment":[{"href":"https:\/\/kiosque.ecoledesponts.fr\/rapport-activite-2021\/wp-json\/wp\/v2\/media?parent=1333"}],"wp:term":[{"taxonomy":"post_tag","embeddable":true,"href":"https:\/\/kiosque.ecoledesponts.fr\/rapport-activite-2021\/wp-json\/wp\/v2\/tags?post=1333"}],"curies":[{"name":"wp","href":"https:\/\/api.w.org\/{rel}","templated":true}]}}