{"id":1349,"date":"2022-08-11T15:14:18","date_gmt":"2022-08-11T13:14:18","guid":{"rendered":"http:\/\/kiosque.ecoledesponts.fr\/rapport-activite-2021\/?page_id=1349"},"modified":"2023-01-02T17:06:07","modified_gmt":"2023-01-02T16:06:07","slug":"saluer-des-reussites","status":"publish","type":"page","link":"https:\/\/kiosque.ecoledesponts.fr\/rapport-activite-2021\/entreprendre-et-valoriser\/les-partenariats-entreprises\/saluer-des-reussites\/","title":{"rendered":"Saluer des r\u00e9ussites"},"content":{"rendered":"<!--themify_builder_content-->\n<div id=\"themify_builder_content-1349\" data-postid=\"1349\" class=\"themify_builder_content themify_builder_content-1349 themify_builder tf_clear\">\n    <\/div>\n<!--\/themify_builder_content-->\n\n<p>Plus de 60 startups, dont 16 en 2021, ont \u00e9t\u00e9 accompagn\u00e9es depuis l\u2019ouverture de l\u2019incubateur des Ponts h\u00e9berg\u00e9 \u00e0 Station F. Plusieurs distinctions et succ\u00e8s sont \u00e0 relever pour l\u2019ann\u00e9e 2021.<\/p>\n<ul>\n<li>Omni, cofond\u00e9e par No\u00e9 Vinot-Kahn (civil Ponts 2018), a \u00e9t\u00e9 laur\u00e9ate du grand prix du concours L\u00e9pine 2021 (troph\u00e9e et m\u00e9daille d\u2019or). Omni d\u00e9veloppe un syst\u00e8me de liaison reliant un fauteuil roulant \u00e0 une trottinette et permet de motoriser n\u2019importe quel fauteuil roulant manuel.<br \/><br \/><\/li>\n<li>Rize, cofond\u00e9e par \u00c9tienne Variot (X-civil Ponts 2013), est la 5<sup>e<\/sup>\u202fstartup issue des alumni r\u00e9compens\u00e9e par Station F. Elle a obtenu en 2021 le prix Future 40, qui r\u00e9compense les 40 startups les plus prometteuses de Station F. Rize d\u00e9veloppe la premi\u00e8re plateforme de finance carbone pour l\u2019agriculture dans le monde, qui doit permettre \u00e0 chaque agriculteur de b\u00e9n\u00e9ficier de financements carbone pour ses actions climat (cr\u00e9dits carbone, fili\u00e8re, PAC\u2026).<br \/><br \/><\/li>\n<li>Luego, cofond\u00e9e par Andr\u00e9as Blondeau (civil Ponts 2018) et Ilyass Ramdani (civil Ponts 2020), a remport\u00e9 le prix P\u00e9pite IDF 3EF 2021. La plateforme Luego simplifie la collaboration entre les entrepreneurs et leur comptable en centralisant les revenus, d\u00e9penses et factures, de sorte \u00e0 faciliter le reporting et la comptabilit\u00e9.<br \/><br \/><\/li>\n<li>Alan, la nouvelle licorne fran\u00e7aise cofond\u00e9e par Jean-Charles Samuelian (civil Ponts 2011), a r\u00e9ussi la plus importante lev\u00e9e de fonds de l\u2019histoire des assurtech fran\u00e7aises (275\u202fM\u20ac en quatre\u00a0ans, une valorisation \u00e0 1,4\u202fMd\u20ac). Alan facilite les remboursements m\u00e9dicaux et la protection sant\u00e9 des entreprises et des ind\u00e9pendants. Plus de 160\u202f000 utilisateurs lui font d\u00e9j\u00e0 confiance.<\/li>\n<\/ul>","protected":false},"excerpt":{"rendered":"<p>Plus de 60 startups, dont 16 en 2021, ont \u00e9t\u00e9 accompagn\u00e9es depuis l\u2019ouverture de l\u2019incubateur des Ponts h\u00e9berg\u00e9 \u00e0 Station F. Plusieurs distinctions et succ\u00e8s sont \u00e0 relever pour l\u2019ann\u00e9e 2021. Omni, cofond\u00e9e par No\u00e9 Vinot-Kahn (civil Ponts 2018), a \u00e9t\u00e9 laur\u00e9ate du grand prix du concours L\u00e9pine 2021 (troph\u00e9e et m\u00e9daille d\u2019or). Omni d\u00e9veloppe [&hellip;]<\/p>\n","protected":false},"author":1,"featured_media":0,"parent":1323,"menu_order":0,"comment_status":"closed","ping_status":"closed","template":"page_vert.php","meta":[],"tags":[33,37],"acf":[],"yoast_head":"<!-- This site is optimized with the Yoast SEO plugin v21.1 - https:\/\/yoast.com\/wordpress\/plugins\/seo\/ -->\n<title>Saluer des r\u00e9ussites - Rapport d&#039;activit\u00e9 2021<\/title>\n<meta name=\"robots\" content=\"index, follow, max-snippet:-1, max-image-preview:large, max-video-preview:-1\" \/>\n<link rel=\"canonical\" href=\"https:\/\/kiosque.ecoledesponts.fr\/rapport-activite-2021\/entreprendre-et-valoriser\/les-partenariats-entreprises\/saluer-des-reussites\/\" \/>\n<meta property=\"og:locale\" content=\"fr_FR\" \/>\n<meta property=\"og:type\" content=\"article\" \/>\n<meta property=\"og:title\" content=\"Saluer des r\u00e9ussites - Rapport d&#039;activit\u00e9 2021\" \/>\n<meta property=\"og:description\" content=\"Plus de 60 startups, dont 16 en 2021, ont \u00e9t\u00e9 accompagn\u00e9es depuis l\u2019ouverture de l\u2019incubateur des Ponts h\u00e9berg\u00e9 \u00e0 Station F. Plusieurs distinctions et succ\u00e8s sont \u00e0 relever pour l\u2019ann\u00e9e 2021. Omni, cofond\u00e9e par No\u00e9 Vinot-Kahn (civil Ponts 2018), a \u00e9t\u00e9 laur\u00e9ate du grand prix du concours L\u00e9pine 2021 (troph\u00e9e et m\u00e9daille d\u2019or). Omni d\u00e9veloppe [&hellip;]\" \/>\n<meta property=\"og:url\" content=\"https:\/\/kiosque.ecoledesponts.fr\/rapport-activite-2021\/entreprendre-et-valoriser\/les-partenariats-entreprises\/saluer-des-reussites\/\" \/>\n<meta property=\"og:site_name\" content=\"Rapport d&#039;activit\u00e9 2021\" \/>\n<meta property=\"article:modified_time\" content=\"2023-01-02T16:06:07+00:00\" \/>\n<meta name=\"twitter:card\" content=\"summary_large_image\" \/>\n<meta name=\"twitter:label1\" content=\"Dur\u00e9e de lecture estim\u00e9e\" \/>\n\t<meta name=\"twitter:data1\" content=\"1 minute\" \/>\n<script type=\"application\/ld+json\" class=\"yoast-schema-graph\">{\"@context\":\"https:\/\/schema.org\",\"@graph\":[{\"@type\":\"WebPage\",\"@id\":\"https:\/\/kiosque.ecoledesponts.fr\/rapport-activite-2021\/entreprendre-et-valoriser\/les-partenariats-entreprises\/saluer-des-reussites\/\",\"url\":\"https:\/\/kiosque.ecoledesponts.fr\/rapport-activite-2021\/entreprendre-et-valoriser\/les-partenariats-entreprises\/saluer-des-reussites\/\",\"name\":\"Saluer des r\u00e9ussites - Rapport d'activit\u00e9 2021\",\"isPartOf\":{\"@id\":\"https:\/\/kiosque.ecoledesponts.fr\/rapport-activite-2021\/#website\"},\"datePublished\":\"2022-08-11T13:14:18+00:00\",\"dateModified\":\"2023-01-02T16:06:07+00:00\",\"breadcrumb\":{\"@id\":\"https:\/\/kiosque.ecoledesponts.fr\/rapport-activite-2021\/entreprendre-et-valoriser\/les-partenariats-entreprises\/saluer-des-reussites\/#breadcrumb\"},\"inLanguage\":\"fr-FR\",\"potentialAction\":[{\"@type\":\"ReadAction\",\"target\":[\"https:\/\/kiosque.ecoledesponts.fr\/rapport-activite-2021\/entreprendre-et-valoriser\/les-partenariats-entreprises\/saluer-des-reussites\/\"]}]},{\"@type\":\"BreadcrumbList\",\"@id\":\"https:\/\/kiosque.ecoledesponts.fr\/rapport-activite-2021\/entreprendre-et-valoriser\/les-partenariats-entreprises\/saluer-des-reussites\/#breadcrumb\",\"itemListElement\":[{\"@type\":\"ListItem\",\"position\":1,\"name\":\"Accueil\",\"item\":\"https:\/\/kiosque.ecoledesponts.fr\/rapport-activite-2021\/\"},{\"@type\":\"ListItem\",\"position\":2,\"name\":\"Entreprendre et valoriser\",\"item\":\"https:\/\/kiosque.ecoledesponts.fr\/rapport-activite-2021\/entreprendre-et-valoriser\/\"},{\"@type\":\"ListItem\",\"position\":3,\"name\":\"Les partenariats entreprises\",\"item\":\"https:\/\/kiosque.ecoledesponts.fr\/rapport-activite-2021\/entreprendre-et-valoriser\/les-partenariats-entreprises\/\"},{\"@type\":\"ListItem\",\"position\":4,\"name\":\"Saluer des r\u00e9ussites\"}]},{\"@type\":\"WebSite\",\"@id\":\"https:\/\/kiosque.ecoledesponts.fr\/rapport-activite-2021\/#website\",\"url\":\"https:\/\/kiosque.ecoledesponts.fr\/rapport-activite-2021\/\",\"name\":\"Rapport d'activit\u00e9 2021\",\"description\":\"Un site utilisant Les sites du kiosque des ponts\",\"potentialAction\":[{\"@type\":\"SearchAction\",\"target\":{\"@type\":\"EntryPoint\",\"urlTemplate\":\"https:\/\/kiosque.ecoledesponts.fr\/rapport-activite-2021\/?s={search_term_string}\"},\"query-input\":\"required name=search_term_string\"}],\"inLanguage\":\"fr-FR\"}]}<\/script>\n<!-- \/ Yoast SEO plugin. -->","yoast_head_json":{"title":"Saluer des r\u00e9ussites - Rapport d'activit\u00e9 2021","robots":{"index":"index","follow":"follow","max-snippet":"max-snippet:-1","max-image-preview":"max-image-preview:large","max-video-preview":"max-video-preview:-1"},"canonical":"https:\/\/kiosque.ecoledesponts.fr\/rapport-activite-2021\/entreprendre-et-valoriser\/les-partenariats-entreprises\/saluer-des-reussites\/","og_locale":"fr_FR","og_type":"article","og_title":"Saluer des r\u00e9ussites - Rapport d'activit\u00e9 2021","og_description":"Plus de 60 startups, dont 16 en 2021, ont \u00e9t\u00e9 accompagn\u00e9es depuis l\u2019ouverture de l\u2019incubateur des Ponts h\u00e9berg\u00e9 \u00e0 Station F. Plusieurs distinctions et succ\u00e8s sont \u00e0 relever pour l\u2019ann\u00e9e 2021. Omni, cofond\u00e9e par No\u00e9 Vinot-Kahn (civil Ponts 2018), a \u00e9t\u00e9 laur\u00e9ate du grand prix du concours L\u00e9pine 2021 (troph\u00e9e et m\u00e9daille d\u2019or). Omni d\u00e9veloppe [&hellip;]","og_url":"https:\/\/kiosque.ecoledesponts.fr\/rapport-activite-2021\/entreprendre-et-valoriser\/les-partenariats-entreprises\/saluer-des-reussites\/","og_site_name":"Rapport d'activit\u00e9 2021","article_modified_time":"2023-01-02T16:06:07+00:00","twitter_card":"summary_large_image","twitter_misc":{"Dur\u00e9e de lecture estim\u00e9e":"1 minute"},"schema":{"@context":"https:\/\/schema.org","@graph":[{"@type":"WebPage","@id":"https:\/\/kiosque.ecoledesponts.fr\/rapport-activite-2021\/entreprendre-et-valoriser\/les-partenariats-entreprises\/saluer-des-reussites\/","url":"https:\/\/kiosque.ecoledesponts.fr\/rapport-activite-2021\/entreprendre-et-valoriser\/les-partenariats-entreprises\/saluer-des-reussites\/","name":"Saluer des r\u00e9ussites - Rapport d'activit\u00e9 2021","isPartOf":{"@id":"https:\/\/kiosque.ecoledesponts.fr\/rapport-activite-2021\/#website"},"datePublished":"2022-08-11T13:14:18+00:00","dateModified":"2023-01-02T16:06:07+00:00","breadcrumb":{"@id":"https:\/\/kiosque.ecoledesponts.fr\/rapport-activite-2021\/entreprendre-et-valoriser\/les-partenariats-entreprises\/saluer-des-reussites\/#breadcrumb"},"inLanguage":"fr-FR","potentialAction":[{"@type":"ReadAction","target":["https:\/\/kiosque.ecoledesponts.fr\/rapport-activite-2021\/entreprendre-et-valoriser\/les-partenariats-entreprises\/saluer-des-reussites\/"]}]},{"@type":"BreadcrumbList","@id":"https:\/\/kiosque.ecoledesponts.fr\/rapport-activite-2021\/entreprendre-et-valoriser\/les-partenariats-entreprises\/saluer-des-reussites\/#breadcrumb","itemListElement":[{"@type":"ListItem","position":1,"name":"Accueil","item":"https:\/\/kiosque.ecoledesponts.fr\/rapport-activite-2021\/"},{"@type":"ListItem","position":2,"name":"Entreprendre et valoriser","item":"https:\/\/kiosque.ecoledesponts.fr\/rapport-activite-2021\/entreprendre-et-valoriser\/"},{"@type":"ListItem","position":3,"name":"Les partenariats entreprises","item":"https:\/\/kiosque.ecoledesponts.fr\/rapport-activite-2021\/entreprendre-et-valoriser\/les-partenariats-entreprises\/"},{"@type":"ListItem","position":4,"name":"Saluer des r\u00e9ussites"}]},{"@type":"WebSite","@id":"https:\/\/kiosque.ecoledesponts.fr\/rapport-activite-2021\/#website","url":"https:\/\/kiosque.ecoledesponts.fr\/rapport-activite-2021\/","name":"Rapport d'activit\u00e9 2021","description":"Un site utilisant Les sites du kiosque des ponts","potentialAction":[{"@type":"SearchAction","target":{"@type":"EntryPoint","urlTemplate":"https:\/\/kiosque.ecoledesponts.fr\/rapport-activite-2021\/?s={search_term_string}"},"query-input":"required name=search_term_string"}],"inLanguage":"fr-FR"}]}},"builder_content":"","_links":{"self":[{"href":"https:\/\/kiosque.ecoledesponts.fr\/rapport-activite-2021\/wp-json\/wp\/v2\/pages\/1349"}],"collection":[{"href":"https:\/\/kiosque.ecoledesponts.fr\/rapport-activite-2021\/wp-json\/wp\/v2\/pages"}],"about":[{"href":"https:\/\/kiosque.ecoledesponts.fr\/rapport-activite-2021\/wp-json\/wp\/v2\/types\/page"}],"author":[{"embeddable":true,"href":"https:\/\/kiosque.ecoledesponts.fr\/rapport-activite-2021\/wp-json\/wp\/v2\/users\/1"}],"replies":[{"embeddable":true,"href":"https:\/\/kiosque.ecoledesponts.fr\/rapport-activite-2021\/wp-json\/wp\/v2\/comments?post=1349"}],"version-history":[{"count":3,"href":"https:\/\/kiosque.ecoledesponts.fr\/rapport-activite-2021\/wp-json\/wp\/v2\/pages\/1349\/revisions"}],"predecessor-version":[{"id":1355,"href":"https:\/\/kiosque.ecoledesponts.fr\/rapport-activite-2021\/wp-json\/wp\/v2\/pages\/1349\/revisions\/1355"}],"up":[{"embeddable":true,"href":"https:\/\/kiosque.ecoledesponts.fr\/rapport-activite-2021\/wp-json\/wp\/v2\/pages\/1323"}],"wp:attachment":[{"href":"https:\/\/kiosque.ecoledesponts.fr\/rapport-activite-2021\/wp-json\/wp\/v2\/media?parent=1349"}],"wp:term":[{"taxonomy":"post_tag","embeddable":true,"href":"https:\/\/kiosque.ecoledesponts.fr\/rapport-activite-2021\/wp-json\/wp\/v2\/tags?post=1349"}],"curies":[{"name":"wp","href":"https:\/\/api.w.org\/{rel}","templated":true}]}}