{"id":139,"date":"2022-06-16T10:50:08","date_gmt":"2022-06-16T08:50:08","guid":{"rendered":"http:\/\/kiosque.ecoledesponts.fr\/rapport-activite-2021\/?page_id=139"},"modified":"2023-01-02T15:44:34","modified_gmt":"2023-01-02T14:44:34","slug":"des-masters-pour-se-specialiser","status":"publish","type":"page","link":"https:\/\/kiosque.ecoledesponts.fr\/rapport-activite-2021\/former\/la-formation-dingenieur\/des-masters-pour-se-specialiser\/","title":{"rendered":"Des Masters pour se sp\u00e9cialiser"},"content":{"rendered":"<!-- wp:themify-builder\/canvas \/-->\n\n<p>Pour l\u2019ann\u00e9e 2021-2022, 180 \u00e9l\u00e8ves \u00e9taient inscrits \u00e0 l\u2019\u00c9cole dans les diff\u00e9rentes mentions de masters (niveau M2), dont 66 issus du cycle d\u2019ing\u00e9nieur.<\/p>\n<h2>LES MASTERS<\/h2>\n<p>L\u2019\u00c9cole des Ponts ParisTech est accr\u00e9dit\u00e9e pour d\u00e9livrer le dipl\u00f4me national de master en propre ou en commun avec d\u2019autres \u00e9tablissements. Chaque mention propose plusieurs parcours de sp\u00e9cialisation.<\/p>\n<h3>ACCR\u00c9DITATIONS EN PROPRE<\/h3>\n<ul>\n<li>Mention Math\u00e9matiques et applications\u202f: 5 parcours<\/li>\n<li>Mention \u00c9nergie\u202f: 1 parcours<\/li>\n<\/ul>\n<h3>CO-ACCR\u00c9DITATIONS<\/h3>\n<ul>\n<li>Mention \u00c9nergie nucl\u00e9aire : 1 parcours<\/li>\n<li>Mention M\u00e9canique : 2 parcours<\/li>\n<li>Mention G\u00e9nie civil : 1 parcours<\/li>\n<li>Mention Sciences et g\u00e9nie des mat\u00e9riaux : 1 parcours<\/li>\n<li>Mention Transport, mobilit\u00e9s, r\u00e9seaux : 2 parcours<\/li>\n<li>Mention \u00c9conomie de l\u2019environnement, de l\u2019\u00e9nergie et des transports : 3 parcours<\/li>\n<li>Mention \u00c9conomie appliqu\u00e9e : 1 parcours<\/li>\n<li>Mention Analyse et politique \u00e9conomique<\/li>\n<\/ul>\n<h2>LES MASTERS INTERNATIONAUX<\/h2>\n<p>D\u2019une dur\u00e9e de 14 \u00e0 18 mois, les masters internationaux sont port\u00e9s par les \u00e9coles d\u2019ing\u00e9nieurs de ParisTech et ouverts essentiellement aux \u00e9tudiants internationaux.<\/p>\n<ul>\n<li>Master Transport et d\u00e9veloppement durable (TraDD)<\/li>\n<\/ul>","protected":false},"excerpt":{"rendered":"<p>Pour l\u2019ann\u00e9e 2021-2022, 180 \u00e9l\u00e8ves \u00e9taient inscrits \u00e0 l\u2019\u00c9cole dans les diff\u00e9rentes mentions de masters (niveau M2), dont 66 issus du cycle d\u2019ing\u00e9nieur. LES MASTERS L\u2019\u00c9cole des Ponts ParisTech est accr\u00e9dit\u00e9e pour d\u00e9livrer le dipl\u00f4me national de master en propre ou en commun avec d\u2019autres \u00e9tablissements. Chaque mention propose plusieurs parcours de sp\u00e9cialisation. ACCR\u00c9DITATIONS EN [&hellip;]<\/p>\n","protected":false},"author":1,"featured_media":0,"parent":7,"menu_order":0,"comment_status":"closed","ping_status":"closed","template":"page_violet.php","meta":[],"tags":[31],"acf":[],"yoast_head":"<!-- This site is optimized with the Yoast SEO plugin v21.1 - https:\/\/yoast.com\/wordpress\/plugins\/seo\/ -->\n<title>Des Masters pour se sp\u00e9cialiser - Rapport d&#039;activit\u00e9 2021<\/title>\n<meta name=\"robots\" content=\"index, follow, max-snippet:-1, max-image-preview:large, max-video-preview:-1\" \/>\n<link rel=\"canonical\" href=\"https:\/\/kiosque.ecoledesponts.fr\/rapport-activite-2021\/former\/la-formation-dingenieur\/des-masters-pour-se-specialiser\/\" \/>\n<meta property=\"og:locale\" content=\"fr_FR\" \/>\n<meta property=\"og:type\" content=\"article\" \/>\n<meta property=\"og:title\" content=\"Des Masters pour se sp\u00e9cialiser - Rapport d&#039;activit\u00e9 2021\" \/>\n<meta property=\"og:description\" content=\"Pour l\u2019ann\u00e9e 2021-2022, 180 \u00e9l\u00e8ves \u00e9taient inscrits \u00e0 l\u2019\u00c9cole dans les diff\u00e9rentes mentions de masters (niveau M2), dont 66 issus du cycle d\u2019ing\u00e9nieur. LES MASTERS L\u2019\u00c9cole des Ponts ParisTech est accr\u00e9dit\u00e9e pour d\u00e9livrer le dipl\u00f4me national de master en propre ou en commun avec d\u2019autres \u00e9tablissements. Chaque mention propose plusieurs parcours de sp\u00e9cialisation. ACCR\u00c9DITATIONS EN [&hellip;]\" \/>\n<meta property=\"og:url\" content=\"https:\/\/kiosque.ecoledesponts.fr\/rapport-activite-2021\/former\/la-formation-dingenieur\/des-masters-pour-se-specialiser\/\" \/>\n<meta property=\"og:site_name\" content=\"Rapport d&#039;activit\u00e9 2021\" \/>\n<meta property=\"article:modified_time\" content=\"2023-01-02T14:44:34+00:00\" \/>\n<meta name=\"twitter:card\" content=\"summary_large_image\" \/>\n<meta name=\"twitter:label1\" content=\"Dur\u00e9e de lecture estim\u00e9e\" \/>\n\t<meta name=\"twitter:data1\" content=\"1 minute\" \/>\n<script type=\"application\/ld+json\" class=\"yoast-schema-graph\">{\"@context\":\"https:\/\/schema.org\",\"@graph\":[{\"@type\":\"WebPage\",\"@id\":\"https:\/\/kiosque.ecoledesponts.fr\/rapport-activite-2021\/former\/la-formation-dingenieur\/des-masters-pour-se-specialiser\/\",\"url\":\"https:\/\/kiosque.ecoledesponts.fr\/rapport-activite-2021\/former\/la-formation-dingenieur\/des-masters-pour-se-specialiser\/\",\"name\":\"Des Masters pour se sp\u00e9cialiser - Rapport d'activit\u00e9 2021\",\"isPartOf\":{\"@id\":\"https:\/\/kiosque.ecoledesponts.fr\/rapport-activite-2021\/#website\"},\"datePublished\":\"2022-06-16T08:50:08+00:00\",\"dateModified\":\"2023-01-02T14:44:34+00:00\",\"breadcrumb\":{\"@id\":\"https:\/\/kiosque.ecoledesponts.fr\/rapport-activite-2021\/former\/la-formation-dingenieur\/des-masters-pour-se-specialiser\/#breadcrumb\"},\"inLanguage\":\"fr-FR\",\"potentialAction\":[{\"@type\":\"ReadAction\",\"target\":[\"https:\/\/kiosque.ecoledesponts.fr\/rapport-activite-2021\/former\/la-formation-dingenieur\/des-masters-pour-se-specialiser\/\"]}]},{\"@type\":\"BreadcrumbList\",\"@id\":\"https:\/\/kiosque.ecoledesponts.fr\/rapport-activite-2021\/former\/la-formation-dingenieur\/des-masters-pour-se-specialiser\/#breadcrumb\",\"itemListElement\":[{\"@type\":\"ListItem\",\"position\":1,\"name\":\"Accueil\",\"item\":\"https:\/\/kiosque.ecoledesponts.fr\/rapport-activite-2021\/\"},{\"@type\":\"ListItem\",\"position\":2,\"name\":\"Former\",\"item\":\"https:\/\/kiosque.ecoledesponts.fr\/rapport-activite-2021\/former\/\"},{\"@type\":\"ListItem\",\"position\":3,\"name\":\"La formation d&rsquo;ing\u00e9nieur\",\"item\":\"https:\/\/kiosque.ecoledesponts.fr\/rapport-activite-2021\/former\/la-formation-dingenieur\/\"},{\"@type\":\"ListItem\",\"position\":4,\"name\":\"Des Masters pour se sp\u00e9cialiser\"}]},{\"@type\":\"WebSite\",\"@id\":\"https:\/\/kiosque.ecoledesponts.fr\/rapport-activite-2021\/#website\",\"url\":\"https:\/\/kiosque.ecoledesponts.fr\/rapport-activite-2021\/\",\"name\":\"Rapport d'activit\u00e9 2021\",\"description\":\"Un site utilisant Les sites du kiosque des ponts\",\"potentialAction\":[{\"@type\":\"SearchAction\",\"target\":{\"@type\":\"EntryPoint\",\"urlTemplate\":\"https:\/\/kiosque.ecoledesponts.fr\/rapport-activite-2021\/?s={search_term_string}\"},\"query-input\":\"required name=search_term_string\"}],\"inLanguage\":\"fr-FR\"}]}<\/script>\n<!-- \/ Yoast SEO plugin. -->","yoast_head_json":{"title":"Des Masters pour se sp\u00e9cialiser - Rapport d'activit\u00e9 2021","robots":{"index":"index","follow":"follow","max-snippet":"max-snippet:-1","max-image-preview":"max-image-preview:large","max-video-preview":"max-video-preview:-1"},"canonical":"https:\/\/kiosque.ecoledesponts.fr\/rapport-activite-2021\/former\/la-formation-dingenieur\/des-masters-pour-se-specialiser\/","og_locale":"fr_FR","og_type":"article","og_title":"Des Masters pour se sp\u00e9cialiser - Rapport d'activit\u00e9 2021","og_description":"Pour l\u2019ann\u00e9e 2021-2022, 180 \u00e9l\u00e8ves \u00e9taient inscrits \u00e0 l\u2019\u00c9cole dans les diff\u00e9rentes mentions de masters (niveau M2), dont 66 issus du cycle d\u2019ing\u00e9nieur. LES MASTERS L\u2019\u00c9cole des Ponts ParisTech est accr\u00e9dit\u00e9e pour d\u00e9livrer le dipl\u00f4me national de master en propre ou en commun avec d\u2019autres \u00e9tablissements. Chaque mention propose plusieurs parcours de sp\u00e9cialisation. ACCR\u00c9DITATIONS EN [&hellip;]","og_url":"https:\/\/kiosque.ecoledesponts.fr\/rapport-activite-2021\/former\/la-formation-dingenieur\/des-masters-pour-se-specialiser\/","og_site_name":"Rapport d'activit\u00e9 2021","article_modified_time":"2023-01-02T14:44:34+00:00","twitter_card":"summary_large_image","twitter_misc":{"Dur\u00e9e de lecture estim\u00e9e":"1 minute"},"schema":{"@context":"https:\/\/schema.org","@graph":[{"@type":"WebPage","@id":"https:\/\/kiosque.ecoledesponts.fr\/rapport-activite-2021\/former\/la-formation-dingenieur\/des-masters-pour-se-specialiser\/","url":"https:\/\/kiosque.ecoledesponts.fr\/rapport-activite-2021\/former\/la-formation-dingenieur\/des-masters-pour-se-specialiser\/","name":"Des Masters pour se sp\u00e9cialiser - Rapport d'activit\u00e9 2021","isPartOf":{"@id":"https:\/\/kiosque.ecoledesponts.fr\/rapport-activite-2021\/#website"},"datePublished":"2022-06-16T08:50:08+00:00","dateModified":"2023-01-02T14:44:34+00:00","breadcrumb":{"@id":"https:\/\/kiosque.ecoledesponts.fr\/rapport-activite-2021\/former\/la-formation-dingenieur\/des-masters-pour-se-specialiser\/#breadcrumb"},"inLanguage":"fr-FR","potentialAction":[{"@type":"ReadAction","target":["https:\/\/kiosque.ecoledesponts.fr\/rapport-activite-2021\/former\/la-formation-dingenieur\/des-masters-pour-se-specialiser\/"]}]},{"@type":"BreadcrumbList","@id":"https:\/\/kiosque.ecoledesponts.fr\/rapport-activite-2021\/former\/la-formation-dingenieur\/des-masters-pour-se-specialiser\/#breadcrumb","itemListElement":[{"@type":"ListItem","position":1,"name":"Accueil","item":"https:\/\/kiosque.ecoledesponts.fr\/rapport-activite-2021\/"},{"@type":"ListItem","position":2,"name":"Former","item":"https:\/\/kiosque.ecoledesponts.fr\/rapport-activite-2021\/former\/"},{"@type":"ListItem","position":3,"name":"La formation d&rsquo;ing\u00e9nieur","item":"https:\/\/kiosque.ecoledesponts.fr\/rapport-activite-2021\/former\/la-formation-dingenieur\/"},{"@type":"ListItem","position":4,"name":"Des Masters pour se sp\u00e9cialiser"}]},{"@type":"WebSite","@id":"https:\/\/kiosque.ecoledesponts.fr\/rapport-activite-2021\/#website","url":"https:\/\/kiosque.ecoledesponts.fr\/rapport-activite-2021\/","name":"Rapport d'activit\u00e9 2021","description":"Un site utilisant Les sites du kiosque des ponts","potentialAction":[{"@type":"SearchAction","target":{"@type":"EntryPoint","urlTemplate":"https:\/\/kiosque.ecoledesponts.fr\/rapport-activite-2021\/?s={search_term_string}"},"query-input":"required name=search_term_string"}],"inLanguage":"fr-FR"}]}},"builder_content":"","_links":{"self":[{"href":"https:\/\/kiosque.ecoledesponts.fr\/rapport-activite-2021\/wp-json\/wp\/v2\/pages\/139"}],"collection":[{"href":"https:\/\/kiosque.ecoledesponts.fr\/rapport-activite-2021\/wp-json\/wp\/v2\/pages"}],"about":[{"href":"https:\/\/kiosque.ecoledesponts.fr\/rapport-activite-2021\/wp-json\/wp\/v2\/types\/page"}],"author":[{"embeddable":true,"href":"https:\/\/kiosque.ecoledesponts.fr\/rapport-activite-2021\/wp-json\/wp\/v2\/users\/1"}],"replies":[{"embeddable":true,"href":"https:\/\/kiosque.ecoledesponts.fr\/rapport-activite-2021\/wp-json\/wp\/v2\/comments?post=139"}],"version-history":[{"count":21,"href":"https:\/\/kiosque.ecoledesponts.fr\/rapport-activite-2021\/wp-json\/wp\/v2\/pages\/139\/revisions"}],"predecessor-version":[{"id":4107,"href":"https:\/\/kiosque.ecoledesponts.fr\/rapport-activite-2021\/wp-json\/wp\/v2\/pages\/139\/revisions\/4107"}],"up":[{"embeddable":true,"href":"https:\/\/kiosque.ecoledesponts.fr\/rapport-activite-2021\/wp-json\/wp\/v2\/pages\/7"}],"wp:attachment":[{"href":"https:\/\/kiosque.ecoledesponts.fr\/rapport-activite-2021\/wp-json\/wp\/v2\/media?parent=139"}],"wp:term":[{"taxonomy":"post_tag","embeddable":true,"href":"https:\/\/kiosque.ecoledesponts.fr\/rapport-activite-2021\/wp-json\/wp\/v2\/tags?post=139"}],"curies":[{"name":"wp","href":"https:\/\/api.w.org\/{rel}","templated":true}]}}