{"id":1391,"date":"2022-08-11T15:48:00","date_gmt":"2022-08-11T13:48:00","guid":{"rendered":"http:\/\/kiosque.ecoledesponts.fr\/rapport-activite-2021\/?page_id=1391"},"modified":"2023-01-02T17:08:37","modified_gmt":"2023-01-02T16:08:37","slug":"ponts-alumni","status":"publish","type":"page","link":"https:\/\/kiosque.ecoledesponts.fr\/rapport-activite-2021\/entreprendre-et-valoriser\/ponts-alumni\/","title":{"rendered":"Ponts alumni"},"content":{"rendered":"<!--themify_builder_content-->\n<div id=\"themify_builder_content-1391\" data-postid=\"1391\" class=\"themify_builder_content themify_builder_content-1391 themify_builder tf_clear\">\n    <\/div>\n<!--\/themify_builder_content-->\n\n<p class=\"chapo\">Association cr\u00e9\u00e9e en 1860 et reconnue d\u2019utilit\u00e9 publique en 1885, Ponts Alumni r\u00e9unit 21\u2005100 dipl\u00f4m\u00e9\u00b7e\u00b7s de l\u2019\u00c9cole des Ponts ParisTech, dont pr\u00e8s de 4\u2005000 \u00e0 l\u2019\u00e9tranger, dans 111\u202fpays. Forte de ce r\u00e9seau international, elle \u0153uvre \u00e0 la dynamisation de la carri\u00e8re de ses membres et au rayonnement de l\u2019\u00e9tablissement.<\/p>\n\n\n<div class=\"is-layout-flex wp-container-3 wp-block-columns\">\n<div class=\"is-layout-flow wp-block-column\" style=\"flex-basis:66.66%\">\n<p>Ponts Alumni a vocation \u00e0 regrouper tous les dipl\u00f4m\u00e9\u00b7e\u00b7s de l\u2019\u00c9cole des Ponts ParisTech pour leur fournir une offre de services et d\u2019assistance au plus pr\u00e8s de leurs attentes.<\/p>\n<p>L\u2019association est anim\u00e9e par quatre objectifs\u202f:<\/p>\n<ul>\n<li>Constituer un r\u00e9seau efficace et de haut niveau, tant en France qu\u2019\u00e0 l\u2019international, gr\u00e2ce \u00e0 une organisation constitu\u00e9e d\u2019une soixantaine de groupes et clubs qui sont au c\u0153ur de l\u2019animation de la vie associative.<\/li>\n<li>Dynamiser les parcours professionnels des dipl\u00f4m\u00e9\u00b7e\u00b7s, gr\u00e2ce \u00e0 un service Carri\u00e8res qui propose des entretiens individuels et un suivi personnalis\u00e9 assur\u00e9 par d\u2019anciens \u00e9l\u00e8ves b\u00e9n\u00e9voles, mais aussi dans le cadre d\u2019ateliers carri\u00e8res ouverts \u00e0 tous, permettant de recevoir les conseils de consultants ind\u00e9pendants.<\/li>\n<li>Offrir des services privil\u00e9gi\u00e9s, comme la publication annuelle de l\u2019annuaire des Ponts, la diffusion de plus de 1 000 offres d\u2019emploi par semaine ou l\u2019acc\u00e8s \u00e0 Cr\u00e9dit-X-Mines pour obtenir des pr\u00eats \u00e0 des conditions privil\u00e9gi\u00e9es.<\/li>\n<li>Participer au d\u00e9veloppement, \u00e0 la renomm\u00e9e et au rayonnement de l\u2019\u00c9cole, notamment au travers de sa revue <em>Ponts Alumni Magazine<\/em> qui donne la parole \u00e0 des dipl\u00f4m\u00e9s de l\u2019\u00c9cole.<\/li>\n<\/ul>\n<p>Ponts Alumni m\u00e8ne \u00e9galement une op\u00e9ration de parrainage des \u00e9l\u00e8ves \u00e9trangers en double dipl\u00f4me qui a permis en 2021, pour la 9<sup>e<\/sup> ann\u00e9e cons\u00e9cutive, de constituer environ 70 bin\u00f4mes.<\/p>\n<p>Depuis juillet 2017, l\u2019association s\u2019engage aupr\u00e8s des startups en soutenant l\u2019installation d\u2019une quinzaine d\u2019entre elles au sein de l\u2019incubateur des Ponts \u00e0 Station F, via un acc\u00e8s privil\u00e9gi\u00e9 \u00e0 son r\u00e9seau, un accompagnement personnalis\u00e9 des startups h\u00e9berg\u00e9es et l\u2019organisation d\u2019ateliers et de conf\u00e9rences d\u00e9di\u00e9s.<\/p>\n<p>Chaque ann\u00e9e, elle d\u00e9cerne aussi le prix d\u2019excellence Perronet au meilleur \u00e9l\u00e8ve issu du concours commun. En 2021, ce prix a \u00e9t\u00e9 attribu\u00e9 \u00e0 Carole Vandenbossche.<\/p>\n<\/div>\n\n\n\n<div class=\"is-layout-flow wp-block-column\" style=\"flex-basis:33.33%\">\n<figure id=\"attachment_2917\" aria-describedby=\"caption-attachment-2917\" style=\"width: 300px\" class=\"wp-caption alignnone\"><img decoding=\"async\" loading=\"lazy\" class=\"wp-image-2917\" src=\"http:\/\/kiosque.ecoledesponts.fr\/rapport-activite-2021\/wp-content\/uploads\/sites\/3\/2022\/08\/MdP_facade-jardin-225x300.jpg\" alt=\"Le si\u00e8ge de Ponts Alumni, dans le 16e arrondissement parisien\" width=\"300\" height=\"400\" srcset=\"https:\/\/kiosque.ecoledesponts.fr\/rapport-activite-2021\/wp-content\/uploads\/sites\/3\/2022\/08\/MdP_facade-jardin-225x300.jpg 225w, https:\/\/kiosque.ecoledesponts.fr\/rapport-activite-2021\/wp-content\/uploads\/sites\/3\/2022\/08\/MdP_facade-jardin.jpg 600w\" sizes=\"(max-width: 300px) 100vw, 300px\" \/><figcaption id=\"caption-attachment-2917\" class=\"wp-caption-text\">Le si\u00e8ge de Ponts Alumni, dans le 16e arrondissement parisien<\/figcaption><\/figure>\n<figure id=\"attachment_2923\" aria-describedby=\"caption-attachment-2923\" style=\"width: 400px\" class=\"wp-caption alignnone\"><img decoding=\"async\" loading=\"lazy\" class=\"wp-image-2923\" src=\"http:\/\/kiosque.ecoledesponts.fr\/rapport-activite-2021\/wp-content\/uploads\/sites\/3\/2022\/08\/2018_12_14_XPP_Visite_KOSMO-300x225.jpg\" alt=\"Visite du chantier de l\u2019immeuble de bureaux Kosmo (groupe \u00ab Immobilier X-Ponts Pierre \u00bb)\" width=\"400\" height=\"300\" srcset=\"https:\/\/kiosque.ecoledesponts.fr\/rapport-activite-2021\/wp-content\/uploads\/sites\/3\/2022\/08\/2018_12_14_XPP_Visite_KOSMO-300x225.jpg 300w, https:\/\/kiosque.ecoledesponts.fr\/rapport-activite-2021\/wp-content\/uploads\/sites\/3\/2022\/08\/2018_12_14_XPP_Visite_KOSMO-768x576.jpg 768w, https:\/\/kiosque.ecoledesponts.fr\/rapport-activite-2021\/wp-content\/uploads\/sites\/3\/2022\/08\/2018_12_14_XPP_Visite_KOSMO.jpg 1000w\" sizes=\"(max-width: 400px) 100vw, 400px\" \/><figcaption id=\"caption-attachment-2923\" class=\"wp-caption-text\">Visite du chantier de l\u2019immeuble de bureaux Kosmo (groupe \u00ab Immobilier X-Ponts Pierre \u00bb)<\/figcaption><\/figure>\n<\/div>\n<\/div>\n\n\n<p>Le si\u00e8ge de l\u2019association est situ\u00e9 \u00e0 Paris, dans le 16<sup>e<\/sup> arrondissement, \u00e0 la Maison des Ponts. Sa d\u00e9l\u00e9gu\u00e9e g\u00e9n\u00e9rale est Camille Laborie. Pour contacter Ponts Alumni\u202f: contact@ponts.org<\/p>\n<figure id=\"attachment_2925\" aria-describedby=\"caption-attachment-2925\" style=\"width: 400px\" class=\"wp-caption alignnone\"><img decoding=\"async\" loading=\"lazy\" class=\"wp-image-2925\" src=\"http:\/\/kiosque.ecoledesponts.fr\/rapport-activite-2021\/wp-content\/uploads\/sites\/3\/2022\/08\/permanencesEcole-300x225.jpg\" alt=\"Permanence de Ponts Alumni \u00e0 l\u2019\u00c9cole\" width=\"400\" height=\"300\" srcset=\"https:\/\/kiosque.ecoledesponts.fr\/rapport-activite-2021\/wp-content\/uploads\/sites\/3\/2022\/08\/permanencesEcole-300x225.jpg 300w, https:\/\/kiosque.ecoledesponts.fr\/rapport-activite-2021\/wp-content\/uploads\/sites\/3\/2022\/08\/permanencesEcole-768x576.jpg 768w, https:\/\/kiosque.ecoledesponts.fr\/rapport-activite-2021\/wp-content\/uploads\/sites\/3\/2022\/08\/permanencesEcole.jpg 1000w\" sizes=\"(max-width: 400px) 100vw, 400px\" \/><figcaption id=\"caption-attachment-2925\" class=\"wp-caption-text\">Permanence de Ponts Alumni \u00e0 l\u2019\u00c9cole<\/figcaption><\/figure>","protected":false},"excerpt":{"rendered":"<p>Association cr\u00e9\u00e9e en 1860 et reconnue d\u2019utilit\u00e9 publique en 1885, Ponts Alumni r\u00e9unit 21\u2005100 dipl\u00f4m\u00e9\u00b7e\u00b7s de l\u2019\u00c9cole des Ponts ParisTech, dont pr\u00e8s de 4\u2005000 \u00e0 l\u2019\u00e9tranger, dans 111\u202fpays. Forte de ce r\u00e9seau international, elle \u0153uvre \u00e0 la dynamisation de la carri\u00e8re de ses membres et au rayonnement de l\u2019\u00e9tablissement. Ponts Alumni a vocation \u00e0 regrouper [&hellip;]<\/p>\n","protected":false},"author":1,"featured_media":0,"parent":55,"menu_order":0,"comment_status":"closed","ping_status":"closed","template":"page_vert.php","meta":[],"tags":[33,35],"acf":[],"yoast_head":"<!-- This site is optimized with the Yoast SEO plugin v21.1 - https:\/\/yoast.com\/wordpress\/plugins\/seo\/ -->\n<title>Ponts alumni - Rapport d&#039;activit\u00e9 2021<\/title>\n<meta name=\"robots\" content=\"index, follow, max-snippet:-1, max-image-preview:large, max-video-preview:-1\" \/>\n<link rel=\"canonical\" href=\"https:\/\/kiosque.ecoledesponts.fr\/rapport-activite-2021\/entreprendre-et-valoriser\/ponts-alumni\/\" \/>\n<meta property=\"og:locale\" content=\"fr_FR\" \/>\n<meta property=\"og:type\" content=\"article\" \/>\n<meta property=\"og:title\" content=\"Ponts alumni - Rapport d&#039;activit\u00e9 2021\" \/>\n<meta property=\"og:description\" content=\"Association cr\u00e9\u00e9e en 1860 et reconnue d\u2019utilit\u00e9 publique en 1885, Ponts Alumni r\u00e9unit 21\u2005100 dipl\u00f4m\u00e9\u00b7e\u00b7s de l\u2019\u00c9cole des Ponts ParisTech, dont pr\u00e8s de 4\u2005000 \u00e0 l\u2019\u00e9tranger, dans 111\u202fpays. Forte de ce r\u00e9seau international, elle \u0153uvre \u00e0 la dynamisation de la carri\u00e8re de ses membres et au rayonnement de l\u2019\u00e9tablissement. Ponts Alumni a vocation \u00e0 regrouper [&hellip;]\" \/>\n<meta property=\"og:url\" content=\"https:\/\/kiosque.ecoledesponts.fr\/rapport-activite-2021\/entreprendre-et-valoriser\/ponts-alumni\/\" \/>\n<meta property=\"og:site_name\" content=\"Rapport d&#039;activit\u00e9 2021\" \/>\n<meta property=\"article:modified_time\" content=\"2023-01-02T16:08:37+00:00\" \/>\n<meta property=\"og:image\" content=\"http:\/\/kiosque.ecoledesponts.fr\/rapport-activite-2021\/wp-content\/uploads\/sites\/3\/2022\/08\/MdP_facade-jardin-225x300.jpg\" \/>\n<meta name=\"twitter:card\" content=\"summary_large_image\" \/>\n<meta name=\"twitter:label1\" content=\"Dur\u00e9e de lecture estim\u00e9e\" \/>\n\t<meta name=\"twitter:data1\" content=\"2 minutes\" \/>\n<script type=\"application\/ld+json\" class=\"yoast-schema-graph\">{\"@context\":\"https:\/\/schema.org\",\"@graph\":[{\"@type\":\"WebPage\",\"@id\":\"https:\/\/kiosque.ecoledesponts.fr\/rapport-activite-2021\/entreprendre-et-valoriser\/ponts-alumni\/\",\"url\":\"https:\/\/kiosque.ecoledesponts.fr\/rapport-activite-2021\/entreprendre-et-valoriser\/ponts-alumni\/\",\"name\":\"Ponts alumni - Rapport d'activit\u00e9 2021\",\"isPartOf\":{\"@id\":\"https:\/\/kiosque.ecoledesponts.fr\/rapport-activite-2021\/#website\"},\"datePublished\":\"2022-08-11T13:48:00+00:00\",\"dateModified\":\"2023-01-02T16:08:37+00:00\",\"breadcrumb\":{\"@id\":\"https:\/\/kiosque.ecoledesponts.fr\/rapport-activite-2021\/entreprendre-et-valoriser\/ponts-alumni\/#breadcrumb\"},\"inLanguage\":\"fr-FR\",\"potentialAction\":[{\"@type\":\"ReadAction\",\"target\":[\"https:\/\/kiosque.ecoledesponts.fr\/rapport-activite-2021\/entreprendre-et-valoriser\/ponts-alumni\/\"]}]},{\"@type\":\"BreadcrumbList\",\"@id\":\"https:\/\/kiosque.ecoledesponts.fr\/rapport-activite-2021\/entreprendre-et-valoriser\/ponts-alumni\/#breadcrumb\",\"itemListElement\":[{\"@type\":\"ListItem\",\"position\":1,\"name\":\"Accueil\",\"item\":\"https:\/\/kiosque.ecoledesponts.fr\/rapport-activite-2021\/\"},{\"@type\":\"ListItem\",\"position\":2,\"name\":\"Entreprendre et valoriser\",\"item\":\"https:\/\/kiosque.ecoledesponts.fr\/rapport-activite-2021\/entreprendre-et-valoriser\/\"},{\"@type\":\"ListItem\",\"position\":3,\"name\":\"Ponts alumni\"}]},{\"@type\":\"WebSite\",\"@id\":\"https:\/\/kiosque.ecoledesponts.fr\/rapport-activite-2021\/#website\",\"url\":\"https:\/\/kiosque.ecoledesponts.fr\/rapport-activite-2021\/\",\"name\":\"Rapport d'activit\u00e9 2021\",\"description\":\"Un site utilisant Les sites du kiosque des ponts\",\"potentialAction\":[{\"@type\":\"SearchAction\",\"target\":{\"@type\":\"EntryPoint\",\"urlTemplate\":\"https:\/\/kiosque.ecoledesponts.fr\/rapport-activite-2021\/?s={search_term_string}\"},\"query-input\":\"required name=search_term_string\"}],\"inLanguage\":\"fr-FR\"}]}<\/script>\n<!-- \/ Yoast SEO plugin. -->","yoast_head_json":{"title":"Ponts alumni - Rapport d'activit\u00e9 2021","robots":{"index":"index","follow":"follow","max-snippet":"max-snippet:-1","max-image-preview":"max-image-preview:large","max-video-preview":"max-video-preview:-1"},"canonical":"https:\/\/kiosque.ecoledesponts.fr\/rapport-activite-2021\/entreprendre-et-valoriser\/ponts-alumni\/","og_locale":"fr_FR","og_type":"article","og_title":"Ponts alumni - Rapport d'activit\u00e9 2021","og_description":"Association cr\u00e9\u00e9e en 1860 et reconnue d\u2019utilit\u00e9 publique en 1885, Ponts Alumni r\u00e9unit 21\u2005100 dipl\u00f4m\u00e9\u00b7e\u00b7s de l\u2019\u00c9cole des Ponts ParisTech, dont pr\u00e8s de 4\u2005000 \u00e0 l\u2019\u00e9tranger, dans 111\u202fpays. Forte de ce r\u00e9seau international, elle \u0153uvre \u00e0 la dynamisation de la carri\u00e8re de ses membres et au rayonnement de l\u2019\u00e9tablissement. Ponts Alumni a vocation \u00e0 regrouper [&hellip;]","og_url":"https:\/\/kiosque.ecoledesponts.fr\/rapport-activite-2021\/entreprendre-et-valoriser\/ponts-alumni\/","og_site_name":"Rapport d'activit\u00e9 2021","article_modified_time":"2023-01-02T16:08:37+00:00","og_image":[{"url":"http:\/\/kiosque.ecoledesponts.fr\/rapport-activite-2021\/wp-content\/uploads\/sites\/3\/2022\/08\/MdP_facade-jardin-225x300.jpg"}],"twitter_card":"summary_large_image","twitter_misc":{"Dur\u00e9e de lecture estim\u00e9e":"2 minutes"},"schema":{"@context":"https:\/\/schema.org","@graph":[{"@type":"WebPage","@id":"https:\/\/kiosque.ecoledesponts.fr\/rapport-activite-2021\/entreprendre-et-valoriser\/ponts-alumni\/","url":"https:\/\/kiosque.ecoledesponts.fr\/rapport-activite-2021\/entreprendre-et-valoriser\/ponts-alumni\/","name":"Ponts alumni - Rapport d'activit\u00e9 2021","isPartOf":{"@id":"https:\/\/kiosque.ecoledesponts.fr\/rapport-activite-2021\/#website"},"datePublished":"2022-08-11T13:48:00+00:00","dateModified":"2023-01-02T16:08:37+00:00","breadcrumb":{"@id":"https:\/\/kiosque.ecoledesponts.fr\/rapport-activite-2021\/entreprendre-et-valoriser\/ponts-alumni\/#breadcrumb"},"inLanguage":"fr-FR","potentialAction":[{"@type":"ReadAction","target":["https:\/\/kiosque.ecoledesponts.fr\/rapport-activite-2021\/entreprendre-et-valoriser\/ponts-alumni\/"]}]},{"@type":"BreadcrumbList","@id":"https:\/\/kiosque.ecoledesponts.fr\/rapport-activite-2021\/entreprendre-et-valoriser\/ponts-alumni\/#breadcrumb","itemListElement":[{"@type":"ListItem","position":1,"name":"Accueil","item":"https:\/\/kiosque.ecoledesponts.fr\/rapport-activite-2021\/"},{"@type":"ListItem","position":2,"name":"Entreprendre et valoriser","item":"https:\/\/kiosque.ecoledesponts.fr\/rapport-activite-2021\/entreprendre-et-valoriser\/"},{"@type":"ListItem","position":3,"name":"Ponts alumni"}]},{"@type":"WebSite","@id":"https:\/\/kiosque.ecoledesponts.fr\/rapport-activite-2021\/#website","url":"https:\/\/kiosque.ecoledesponts.fr\/rapport-activite-2021\/","name":"Rapport d'activit\u00e9 2021","description":"Un site utilisant Les sites du kiosque des ponts","potentialAction":[{"@type":"SearchAction","target":{"@type":"EntryPoint","urlTemplate":"https:\/\/kiosque.ecoledesponts.fr\/rapport-activite-2021\/?s={search_term_string}"},"query-input":"required name=search_term_string"}],"inLanguage":"fr-FR"}]}},"builder_content":"","_links":{"self":[{"href":"https:\/\/kiosque.ecoledesponts.fr\/rapport-activite-2021\/wp-json\/wp\/v2\/pages\/1391"}],"collection":[{"href":"https:\/\/kiosque.ecoledesponts.fr\/rapport-activite-2021\/wp-json\/wp\/v2\/pages"}],"about":[{"href":"https:\/\/kiosque.ecoledesponts.fr\/rapport-activite-2021\/wp-json\/wp\/v2\/types\/page"}],"author":[{"embeddable":true,"href":"https:\/\/kiosque.ecoledesponts.fr\/rapport-activite-2021\/wp-json\/wp\/v2\/users\/1"}],"replies":[{"embeddable":true,"href":"https:\/\/kiosque.ecoledesponts.fr\/rapport-activite-2021\/wp-json\/wp\/v2\/comments?post=1391"}],"version-history":[{"count":34,"href":"https:\/\/kiosque.ecoledesponts.fr\/rapport-activite-2021\/wp-json\/wp\/v2\/pages\/1391\/revisions"}],"predecessor-version":[{"id":4073,"href":"https:\/\/kiosque.ecoledesponts.fr\/rapport-activite-2021\/wp-json\/wp\/v2\/pages\/1391\/revisions\/4073"}],"up":[{"embeddable":true,"href":"https:\/\/kiosque.ecoledesponts.fr\/rapport-activite-2021\/wp-json\/wp\/v2\/pages\/55"}],"wp:attachment":[{"href":"https:\/\/kiosque.ecoledesponts.fr\/rapport-activite-2021\/wp-json\/wp\/v2\/media?parent=1391"}],"wp:term":[{"taxonomy":"post_tag","embeddable":true,"href":"https:\/\/kiosque.ecoledesponts.fr\/rapport-activite-2021\/wp-json\/wp\/v2\/tags?post=1391"}],"curies":[{"name":"wp","href":"https:\/\/api.w.org\/{rel}","templated":true}]}}