{"id":1409,"date":"2022-08-11T16:32:38","date_gmt":"2022-08-11T14:32:38","guid":{"rendered":"http:\/\/kiosque.ecoledesponts.fr\/rapport-activite-2021\/?page_id=1409"},"modified":"2022-09-09T16:35:37","modified_gmt":"2022-09-09T14:35:37","slug":"la-fondation-des-ponts","status":"publish","type":"page","link":"https:\/\/kiosque.ecoledesponts.fr\/rapport-activite-2021\/entreprendre-et-valoriser\/la-fondation-des-ponts\/","title":{"rendered":"La fondation des ponts"},"content":{"rendered":"<!--themify_builder_content-->\n<div id=\"themify_builder_content-1409\" data-postid=\"1409\" class=\"themify_builder_content themify_builder_content-1409 themify_builder tf_clear\">\n                    <div  data-lazy=\"1\" class=\"module_row themify_builder_row tb_0icd648 tb_first tf_w\">\n                        <div class=\"row_inner col_align_top tb_col_count_1 tf_box tf_rel\">\n                        <div  data-lazy=\"1\" class=\"module_column tb-column col-full tb_knh0650 first\">\n                    <!-- module plain text -->\n<div  class=\"module module-plain-text tb_moqq949  wow\" data-tf-animation=\"fadeInDown\" data-lazy=\"1\">\n        <div class=\"tb_text_wrap\">\n    <div class=\"chapo\"><p>La Fondation des Ponts soutient le d\u00e9veloppement de l\u2019\u00c9cole et promeut l\u2019excellence, l\u2019\u00e9galit\u00e9 des chances et la diversit\u00e9 de ses \u00e9l\u00e8ves gr\u00e2ce au m\u00e9c\u00e9nat d\u2019entreprises et aux dons collect\u00e9s aupr\u00e8s des dipl\u00f4m\u00e9s et des amis de l\u2019\u00c9cole.<\/p><\/div>    <\/div>\n<\/div>\n<!-- \/module plain text -->        <\/div>\n                        <\/div>\n        <\/div>\n                        <div  data-lazy=\"1\" class=\"module_row themify_builder_row tb_t3pu191 tf_w\">\n                        <div class=\"row_inner col_align_top tb_col_count_1 tf_box tf_rel\">\n                        <div  data-lazy=\"1\" class=\"module_column tb-column col-full tb_yp4y193 first\">\n                    \n\n<!-- module tile -->\n<div  id=\"tb_0gpq53\" class=\"module module-tile tb_0gpq53 size-square-large flip-horizontal has-flip bloc_btn tuile_orange titre_off tuile_25 tile-type-front-text  tf_mw tf_opacity wow\" data-tf-animation=\"fadeInLeft\" data-lazy=\"1\" data-auto-flip=\"0\" data-in-effect=\"flip-horizontal\" >\n\t\t\t<div class=\"tile-flip-box-wrap tf_abs tf_box tf_overflow tf_w tf_h\">\n\t\t\n\t\t\t\t\n\t\t\t\t\t<div class=\"tile-front tile-type-text ui tb_default_color tf_box tf_w tf_h tf_overflow tf_rel tf_scrollbar\">\n\t\t\t\t<div class=\"tile-inner tf_box\">\n\t\t\t\t\t\t\t\t\t\t\t\t\t\t\t\t\t\t<h4 class=\"tile-title\">La fondation des ponts<\/h4>\n\t\t\t\t\t\t\n\t\t\t\t\t\t<div class=\"tile-content\">\n\t\t\t\t\t\t\t<h3>La fondation des ponts<\/h3>\n<p><span class=\"fontstyle0\">La Fondation des Ponts soutient le d\u00e9veloppement de l\u2019\u00c9cole et promeut l\u2019excellence, l\u2019\u00e9galit\u00e9 des chances et la diversit\u00e9 de ses \u00e9l\u00e8ves gr\u00e2ce au m\u00e9c\u00e9nat d\u2019entreprises et aux dons collect\u00e9s aupr\u00e8s des dipl\u00f4m\u00e9s et des amis de l\u2019\u00c9cole.<\/span><\/p>\n<p><img decoding=\"async\" loading=\"lazy\" class=\"alignnone wp-image-2159 size-large\" src=\"http:\/\/kiosque.ecoledesponts.fr\/rapport-activite-2021\/wp-content\/uploads\/sites\/3\/2022\/08\/soiree-fondation-1024x682.jpg\" alt=\"Soir\u00e9e fondation\" width=\"1024\" height=\"682\" srcset=\"https:\/\/kiosque.ecoledesponts.fr\/rapport-activite-2021\/wp-content\/uploads\/sites\/3\/2022\/08\/soiree-fondation-1024x682.jpg 1024w, https:\/\/kiosque.ecoledesponts.fr\/rapport-activite-2021\/wp-content\/uploads\/sites\/3\/2022\/08\/soiree-fondation-300x200.jpg 300w, https:\/\/kiosque.ecoledesponts.fr\/rapport-activite-2021\/wp-content\/uploads\/sites\/3\/2022\/08\/soiree-fondation-768x511.jpg 768w, https:\/\/kiosque.ecoledesponts.fr\/rapport-activite-2021\/wp-content\/uploads\/sites\/3\/2022\/08\/soiree-fondation.jpg 1209w\" sizes=\"(max-width: 1024px) 100vw, 1024px\" \/><\/p>\n<p><span class=\"fontstyle0\">Soir\u00e9e des Ponts 2021<\/span><\/p>\t\t\t\t\t\t<\/div>\n\t\t\t\t\t\n\t\t\t\t\t\t\t\t\t\t\t<a href=\"\/rapport-activite-2021\/entreprendre-et-valoriser\/la-fondation-des-ponts\/la-fondation-des-ponts\/\" class=\"action-button\"><span><\/span><\/a>\n\t\t\t\t\t\t\t\t\t\t\t\t\t\t\t\t<a href=\"#\" class=\"tile-flip-back-button tf_hide\"><\/a>\n\t\t\t\t\t\t\t\t\t<\/div>\n\t\t\t<\/div><!-- .tile-front -->\n\n\t\t\t\t\t<div class=\"tile-back tile-type-text ui tb_default_color tf_box tf_w tf_h tf_overflow tf_abs tf_hidden tf_scrollbar\">\n\t\t\t\t<div class=\"tile-inner tf_box\">\n\t\t\t\t\t\t\t\t\t\t\t\t\t\t\t\t\t\t<h4 class=\"tile-title\">La fondation des ponts<\/h4>\n\t\t\t\t\t\t\n\t\t\t\t\t\t<div class=\"tile-content\">\n\t\t\t\t\t\t\t<h3>La fondation des ponts<\/h3>\n<p><span class=\"fontstyle0\">La Fondation des Ponts soutient le d\u00e9veloppement de l\u2019\u00c9cole et promeut l\u2019excellence, l\u2019\u00e9galit\u00e9 des chances et la diversit\u00e9 de ses \u00e9l\u00e8ves gr\u00e2ce au m\u00e9c\u00e9nat d\u2019entreprises et aux dons collect\u00e9s aupr\u00e8s des dipl\u00f4m\u00e9s et des amis de l\u2019\u00c9cole.<\/span><\/p>\n<p><img decoding=\"async\" loading=\"lazy\" class=\"alignnone wp-image-2159 size-large\" src=\"http:\/\/kiosque.ecoledesponts.fr\/rapport-activite-2021\/wp-content\/uploads\/sites\/3\/2022\/08\/soiree-fondation-1024x682.jpg\" alt=\"Soir\u00e9e fondation\" width=\"1024\" height=\"682\" srcset=\"https:\/\/kiosque.ecoledesponts.fr\/rapport-activite-2021\/wp-content\/uploads\/sites\/3\/2022\/08\/soiree-fondation-1024x682.jpg 1024w, https:\/\/kiosque.ecoledesponts.fr\/rapport-activite-2021\/wp-content\/uploads\/sites\/3\/2022\/08\/soiree-fondation-300x200.jpg 300w, https:\/\/kiosque.ecoledesponts.fr\/rapport-activite-2021\/wp-content\/uploads\/sites\/3\/2022\/08\/soiree-fondation-768x511.jpg 768w, https:\/\/kiosque.ecoledesponts.fr\/rapport-activite-2021\/wp-content\/uploads\/sites\/3\/2022\/08\/soiree-fondation.jpg 1209w\" sizes=\"(max-width: 1024px) 100vw, 1024px\" \/><\/p>\n<p><span class=\"fontstyle0\">Soir\u00e9e des Ponts 2021<\/span><\/p>\t\t\t\t\t\t<\/div>\n\t\t\t\t\t\n\t\t\t\t\t\t\t\t\t\t\t<a href=\"\/rapport-activite-2021\/entreprendre-et-valoriser\/la-fondation-des-ponts\/la-fondation-des-ponts\/\" class=\"action-button\"><span><\/span><\/a>\n\t\t\t\t\t\t\t\t\t\t\t\t\t\t\t\t<a href=\"#\" class=\"tile-flip-back-button tf_hide\"><\/a>\n\t\t\t\t\t\t\t\t\t<\/div>\n\t\t\t<\/div><!-- .tile-back -->\n\n\t\t\t<\/div>\n\n\t<\/div><!-- \/module tile -->\n\n<!-- module tile -->\n<div  id=\"tb_cfsq447\" class=\"module module-tile tb_cfsq447 size-square-large flip-horizontal no-flip tuile_vert titre_off tuile_25 tile-type-front-text  tf_mw tf_opacity wow\" data-tf-animation=\"fadeInRight\" data-lazy=\"1\" data-auto-flip=\"0\" data-in-effect=\"flip-horizontal\" >\n\t\t\t<div class=\"tile-flip-box-wrap tf_abs tf_box tf_overflow tf_w tf_h\">\n\t\t\n\t\t\t\t\n\t\t\t\t\t<div class=\"tile-front tile-type-text ui tb_default_color tf_box tf_w tf_h tf_overflow tf_rel tf_scrollbar\">\n\t\t\t\t<div class=\"tile-inner tf_box\">\n\t\t\t\t\t\t\t\t\t\t\t\t\t\t\t\t\t\t<h4 class=\"tile-title\">Un fonds d\u00e9di\u00e9 \u00e0 la transition \u00e9cologique<\/h4>\n\t\t\t\t\t\t\n\t\t\t\t\t\t<div class=\"tile-content\">\n\t\t\t\t\t\t\t<h3>Un fonds d\u00e9di\u00e9<br>\u00e0 la transition \u00e9cologique<\/h3>\n<p>Face \u00e0 l\u2019urgence climatique, la Fondation des Ponts se mobilise pour l\u2019\u00c9cole en lan\u00e7ant un fonds d\u00e9di\u00e9 \u00e0 la transition \u00e9cologique. Les dons vers\u00e9s permettront de toujours mieux pr\u00e9parer les ing\u00e9nieurs aux grandes transformations qu\u2019ils auront \u00e0 conduire d\u00e8s maintenant et dans les ann\u00e9es \u00e0 venir, de renforcer les formidables capacit\u00e9s de recherche de l\u2019\u00c9cole, de soutenir les projets entrepreneuriaux \u00e0 fort impact pour le climat et l\u2019environnement\u2026<\/p>\n<p><img decoding=\"async\" loading=\"lazy\" class=\"size-medium wp-image-2157 alignright\" src=\"http:\/\/kiosque.ecoledesponts.fr\/rapport-activite-2021\/wp-content\/uploads\/sites\/3\/2022\/08\/c-guivarch-218x300.jpg\" alt=\"c-guivarch\" width=\"218\" height=\"300\" srcset=\"https:\/\/kiosque.ecoledesponts.fr\/rapport-activite-2021\/wp-content\/uploads\/sites\/3\/2022\/08\/c-guivarch-218x300.jpg 218w, https:\/\/kiosque.ecoledesponts.fr\/rapport-activite-2021\/wp-content\/uploads\/sites\/3\/2022\/08\/c-guivarch-745x1024.jpg 745w, https:\/\/kiosque.ecoledesponts.fr\/rapport-activite-2021\/wp-content\/uploads\/sites\/3\/2022\/08\/c-guivarch-768x1056.jpg 768w, https:\/\/kiosque.ecoledesponts.fr\/rapport-activite-2021\/wp-content\/uploads\/sites\/3\/2022\/08\/c-guivarch.jpg 798w\" sizes=\"(max-width: 218px) 100vw, 218px\" \/><br>\u00a0<span class=\"fontstyle0\">\u00ab Actrice et t\u00e9moin des forces de formation et de recherche mobilis\u00e9es par notre \u00c9cole pour r\u00e9ussir la transition \u00e9cologique, <\/span><span class=\"fontstyle2\">j\u2019accueille avec enthousiasme la cr\u00e9ation de ce nouveau fonds par la Fondation des Ponts, et j\u2019esp\u00e8re que nous serons nombreux \u00e0 lui apporter notre soutien. <\/span><span class=\"fontstyle3\">\u00bb<\/span><\/p>\n<p><strong>C\u00e9line Guivarch<\/strong> (promotion 2005), marraine de la campagne de mobilisation de fin d\u2019ann\u00e9e 2021 de la Fondation des Ponts d\u00e9di\u00e9e au lancement du fonds Transition \u00e9cologique<\/p>\n<div class=\"addtoany_shortcode\"><div class=\"a2a_kit a2a_kit_size_24 addtoany_list\" data-a2a-url=\"http:\/\/kiosque.ecoledesponts.fr\/rapport-activite-2021\/entreprendre-et-valoriser\/la-fondation-des-ponts\/la-fondation-des-ponts\/un-fond-dedie-a-la-transition-ecologique\/\" data-a2a-title=\"Un fonds d\u00e9di\u00e9 \u00e0 la transition \u00e9cologique\"><a class=\"a2a_dd addtoany_share_save addtoany_share\" href=\"https:\/\/www.addtoany.com\/share\"><img decoding=\"async\" src=\"http:\/\/kiosque.ecoledesponts.fr\/wp-content\/themes\/enpc\/imgs\/share_social_icon_32.png\" alt=\"Share\"><\/a><\/div><\/div>\t\t\t\t\t\t<\/div>\n\t\t\t\t\t\n\t\t\t\t\t\t\t\t\t\t\t\t\t\t\t\t<a href=\"#\" class=\"tile-flip-back-button tf_hide\"><\/a>\n\t\t\t\t\t\t\t\t\t<\/div>\n\t\t\t<\/div><!-- .tile-front -->\n\n\t\t\t\t\t<div class=\"tile-back tile-type-text ui tb_default_color tf_box tf_w tf_h tf_overflow tf_abs tf_hidden tf_scrollbar\">\n\t\t\t\t<div class=\"tile-inner tf_box\">\n\t\t\t\t\t\t\t\t\t\t\t\n\t\t\t\t\t\t<div class=\"tile-content\">\n\t\t\t\t\t\t\t\t\t\t\t\t\t<\/div>\n\t\t\t\t\t\n\t\t\t\t\t\t\t\t\t\t\t\t\t\t\t\t<a href=\"#\" class=\"tile-flip-back-button tf_hide\"><\/a>\n\t\t\t\t\t\t\t\t\t<\/div>\n\t\t\t<\/div><!-- .tile-back -->\n\n\t\t\t<\/div>\n\n\t<\/div><!-- \/module tile -->        <\/div>\n                        <\/div>\n        <\/div>\n        <\/div>\n<!--\/themify_builder_content-->","protected":false},"excerpt":{"rendered":"<p>La Fondation des Ponts soutient le d\u00e9veloppement de l\u2019\u00c9cole et promeut l\u2019excellence, l\u2019\u00e9galit\u00e9 des chances et la diversit\u00e9 de ses \u00e9l\u00e8ves gr\u00e2ce au m\u00e9c\u00e9nat d\u2019entreprises et aux dons collect\u00e9s aupr\u00e8s des dipl\u00f4m\u00e9s et des amis de l\u2019\u00c9cole. La fondation des ponts La fondation des ponts La Fondation des Ponts soutient le d\u00e9veloppement de l\u2019\u00c9cole et [&hellip;]<\/p>\n","protected":false},"author":1,"featured_media":0,"parent":55,"menu_order":0,"comment_status":"closed","ping_status":"closed","template":"","meta":[],"tags":[],"acf":[],"yoast_head":"<!-- This site is optimized with the Yoast SEO plugin v21.1 - https:\/\/yoast.com\/wordpress\/plugins\/seo\/ -->\n<title>La fondation des ponts - Rapport d&#039;activit\u00e9 2021<\/title>\n<meta name=\"robots\" content=\"index, follow, max-snippet:-1, max-image-preview:large, max-video-preview:-1\" \/>\n<link rel=\"canonical\" href=\"https:\/\/kiosque.ecoledesponts.fr\/rapport-activite-2021\/entreprendre-et-valoriser\/la-fondation-des-ponts\/\" \/>\n<meta property=\"og:locale\" content=\"fr_FR\" \/>\n<meta property=\"og:type\" content=\"article\" \/>\n<meta property=\"og:title\" content=\"La fondation des ponts - Rapport d&#039;activit\u00e9 2021\" \/>\n<meta property=\"og:description\" content=\"La Fondation des Ponts soutient le d\u00e9veloppement de l\u2019\u00c9cole et promeut l\u2019excellence, l\u2019\u00e9galit\u00e9 des chances et la diversit\u00e9 de ses \u00e9l\u00e8ves gr\u00e2ce au m\u00e9c\u00e9nat d\u2019entreprises et aux dons collect\u00e9s aupr\u00e8s des dipl\u00f4m\u00e9s et des amis de l\u2019\u00c9cole. La fondation des ponts La fondation des ponts La Fondation des Ponts soutient le d\u00e9veloppement de l\u2019\u00c9cole et [&hellip;]\" \/>\n<meta property=\"og:url\" content=\"https:\/\/kiosque.ecoledesponts.fr\/rapport-activite-2021\/entreprendre-et-valoriser\/la-fondation-des-ponts\/\" \/>\n<meta property=\"og:site_name\" content=\"Rapport d&#039;activit\u00e9 2021\" \/>\n<meta property=\"article:modified_time\" content=\"2022-09-09T14:35:37+00:00\" \/>\n<meta property=\"og:image\" content=\"http:\/\/kiosque.ecoledesponts.fr\/rapport-activite-2021\/wp-content\/uploads\/sites\/3\/2022\/08\/soiree-fondation-1024x682.jpg\" \/>\n<meta name=\"twitter:card\" content=\"summary_large_image\" \/>\n<meta name=\"twitter:label1\" content=\"Dur\u00e9e de lecture estim\u00e9e\" \/>\n\t<meta name=\"twitter:data1\" content=\"2 minutes\" \/>\n<script type=\"application\/ld+json\" class=\"yoast-schema-graph\">{\"@context\":\"https:\/\/schema.org\",\"@graph\":[{\"@type\":\"WebPage\",\"@id\":\"https:\/\/kiosque.ecoledesponts.fr\/rapport-activite-2021\/entreprendre-et-valoriser\/la-fondation-des-ponts\/\",\"url\":\"https:\/\/kiosque.ecoledesponts.fr\/rapport-activite-2021\/entreprendre-et-valoriser\/la-fondation-des-ponts\/\",\"name\":\"La fondation des ponts - Rapport d'activit\u00e9 2021\",\"isPartOf\":{\"@id\":\"https:\/\/kiosque.ecoledesponts.fr\/rapport-activite-2021\/#website\"},\"datePublished\":\"2022-08-11T14:32:38+00:00\",\"dateModified\":\"2022-09-09T14:35:37+00:00\",\"breadcrumb\":{\"@id\":\"https:\/\/kiosque.ecoledesponts.fr\/rapport-activite-2021\/entreprendre-et-valoriser\/la-fondation-des-ponts\/#breadcrumb\"},\"inLanguage\":\"fr-FR\",\"potentialAction\":[{\"@type\":\"ReadAction\",\"target\":[\"https:\/\/kiosque.ecoledesponts.fr\/rapport-activite-2021\/entreprendre-et-valoriser\/la-fondation-des-ponts\/\"]}]},{\"@type\":\"BreadcrumbList\",\"@id\":\"https:\/\/kiosque.ecoledesponts.fr\/rapport-activite-2021\/entreprendre-et-valoriser\/la-fondation-des-ponts\/#breadcrumb\",\"itemListElement\":[{\"@type\":\"ListItem\",\"position\":1,\"name\":\"Accueil\",\"item\":\"https:\/\/kiosque.ecoledesponts.fr\/rapport-activite-2021\/\"},{\"@type\":\"ListItem\",\"position\":2,\"name\":\"Entreprendre et valoriser\",\"item\":\"https:\/\/kiosque.ecoledesponts.fr\/rapport-activite-2021\/entreprendre-et-valoriser\/\"},{\"@type\":\"ListItem\",\"position\":3,\"name\":\"La fondation des ponts\"}]},{\"@type\":\"WebSite\",\"@id\":\"https:\/\/kiosque.ecoledesponts.fr\/rapport-activite-2021\/#website\",\"url\":\"https:\/\/kiosque.ecoledesponts.fr\/rapport-activite-2021\/\",\"name\":\"Rapport d'activit\u00e9 2021\",\"description\":\"Un site utilisant Les sites du kiosque des ponts\",\"potentialAction\":[{\"@type\":\"SearchAction\",\"target\":{\"@type\":\"EntryPoint\",\"urlTemplate\":\"https:\/\/kiosque.ecoledesponts.fr\/rapport-activite-2021\/?s={search_term_string}\"},\"query-input\":\"required name=search_term_string\"}],\"inLanguage\":\"fr-FR\"}]}<\/script>\n<!-- \/ Yoast SEO plugin. -->","yoast_head_json":{"title":"La fondation des ponts - Rapport d'activit\u00e9 2021","robots":{"index":"index","follow":"follow","max-snippet":"max-snippet:-1","max-image-preview":"max-image-preview:large","max-video-preview":"max-video-preview:-1"},"canonical":"https:\/\/kiosque.ecoledesponts.fr\/rapport-activite-2021\/entreprendre-et-valoriser\/la-fondation-des-ponts\/","og_locale":"fr_FR","og_type":"article","og_title":"La fondation des ponts - Rapport d'activit\u00e9 2021","og_description":"La Fondation des Ponts soutient le d\u00e9veloppement de l\u2019\u00c9cole et promeut l\u2019excellence, l\u2019\u00e9galit\u00e9 des chances et la diversit\u00e9 de ses \u00e9l\u00e8ves gr\u00e2ce au m\u00e9c\u00e9nat d\u2019entreprises et aux dons collect\u00e9s aupr\u00e8s des dipl\u00f4m\u00e9s et des amis de l\u2019\u00c9cole. La fondation des ponts La fondation des ponts La Fondation des Ponts soutient le d\u00e9veloppement de l\u2019\u00c9cole et [&hellip;]","og_url":"https:\/\/kiosque.ecoledesponts.fr\/rapport-activite-2021\/entreprendre-et-valoriser\/la-fondation-des-ponts\/","og_site_name":"Rapport d'activit\u00e9 2021","article_modified_time":"2022-09-09T14:35:37+00:00","og_image":[{"url":"http:\/\/kiosque.ecoledesponts.fr\/rapport-activite-2021\/wp-content\/uploads\/sites\/3\/2022\/08\/soiree-fondation-1024x682.jpg"}],"twitter_card":"summary_large_image","twitter_misc":{"Dur\u00e9e de lecture estim\u00e9e":"2 minutes"},"schema":{"@context":"https:\/\/schema.org","@graph":[{"@type":"WebPage","@id":"https:\/\/kiosque.ecoledesponts.fr\/rapport-activite-2021\/entreprendre-et-valoriser\/la-fondation-des-ponts\/","url":"https:\/\/kiosque.ecoledesponts.fr\/rapport-activite-2021\/entreprendre-et-valoriser\/la-fondation-des-ponts\/","name":"La fondation des ponts - Rapport d'activit\u00e9 2021","isPartOf":{"@id":"https:\/\/kiosque.ecoledesponts.fr\/rapport-activite-2021\/#website"},"datePublished":"2022-08-11T14:32:38+00:00","dateModified":"2022-09-09T14:35:37+00:00","breadcrumb":{"@id":"https:\/\/kiosque.ecoledesponts.fr\/rapport-activite-2021\/entreprendre-et-valoriser\/la-fondation-des-ponts\/#breadcrumb"},"inLanguage":"fr-FR","potentialAction":[{"@type":"ReadAction","target":["https:\/\/kiosque.ecoledesponts.fr\/rapport-activite-2021\/entreprendre-et-valoriser\/la-fondation-des-ponts\/"]}]},{"@type":"BreadcrumbList","@id":"https:\/\/kiosque.ecoledesponts.fr\/rapport-activite-2021\/entreprendre-et-valoriser\/la-fondation-des-ponts\/#breadcrumb","itemListElement":[{"@type":"ListItem","position":1,"name":"Accueil","item":"https:\/\/kiosque.ecoledesponts.fr\/rapport-activite-2021\/"},{"@type":"ListItem","position":2,"name":"Entreprendre et valoriser","item":"https:\/\/kiosque.ecoledesponts.fr\/rapport-activite-2021\/entreprendre-et-valoriser\/"},{"@type":"ListItem","position":3,"name":"La fondation des ponts"}]},{"@type":"WebSite","@id":"https:\/\/kiosque.ecoledesponts.fr\/rapport-activite-2021\/#website","url":"https:\/\/kiosque.ecoledesponts.fr\/rapport-activite-2021\/","name":"Rapport d'activit\u00e9 2021","description":"Un site utilisant Les sites du kiosque des ponts","potentialAction":[{"@type":"SearchAction","target":{"@type":"EntryPoint","urlTemplate":"https:\/\/kiosque.ecoledesponts.fr\/rapport-activite-2021\/?s={search_term_string}"},"query-input":"required name=search_term_string"}],"inLanguage":"fr-FR"}]}},"builder_content":"<p>La Fondation des Ponts soutient le d\u00e9veloppement de l\u2019\u00c9cole et promeut l\u2019excellence, l\u2019\u00e9galit\u00e9 des chances et la diversit\u00e9 de ses \u00e9l\u00e8ves gr\u00e2ce au m\u00e9c\u00e9nat d\u2019entreprises et aux dons collect\u00e9s aupr\u00e8s des dipl\u00f4m\u00e9s et des amis de l\u2019\u00c9cole.<\/p>\n<h4>La fondation des ponts<\/h4> <h3>La fondation des ponts<\/h3> <p>La Fondation des Ponts soutient le d\u00e9veloppement de l\u2019\u00c9cole et promeut l\u2019excellence, l\u2019\u00e9galit\u00e9 des chances et la diversit\u00e9 de ses \u00e9l\u00e8ves gr\u00e2ce au m\u00e9c\u00e9nat d\u2019entreprises et aux dons collect\u00e9s aupr\u00e8s des dipl\u00f4m\u00e9s et des amis de l\u2019\u00c9cole.<\/p> <p><img decoding=\"async\" loading=\"lazy\" src=\"http:\/\/kiosque.ecoledesponts.fr\/rapport-activite-2021\/wp-content\/uploads\/sites\/3\/2022\/08\/soiree-fondation-1024x682.jpg\" alt=\"Soir\u00e9e fondation\" width=\"1024\" height=\"682\" srcset=\"https:\/\/kiosque.ecoledesponts.fr\/rapport-activite-2021\/wp-content\/uploads\/sites\/3\/2022\/08\/soiree-fondation-1024x682.jpg 1024w, https:\/\/kiosque.ecoledesponts.fr\/rapport-activite-2021\/wp-content\/uploads\/sites\/3\/2022\/08\/soiree-fondation-300x200.jpg 300w, https:\/\/kiosque.ecoledesponts.fr\/rapport-activite-2021\/wp-content\/uploads\/sites\/3\/2022\/08\/soiree-fondation-768x511.jpg 768w, https:\/\/kiosque.ecoledesponts.fr\/rapport-activite-2021\/wp-content\/uploads\/sites\/3\/2022\/08\/soiree-fondation.jpg 1209w\" sizes=\"(max-width: 1024px) 100vw, 1024px\" \/><\/p> <p>Soir\u00e9e des Ponts 2021<\/p> <a href=\"\/rapport-activite-2021\/entreprendre-et-valoriser\/la-fondation-des-ponts\/la-fondation-des-ponts\/\"><\/a> <a href=\"#\"><\/a> \n <h4>La fondation des ponts<\/h4> <h3>La fondation des ponts<\/h3> <p>La Fondation des Ponts soutient le d\u00e9veloppement de l\u2019\u00c9cole et promeut l\u2019excellence, l\u2019\u00e9galit\u00e9 des chances et la diversit\u00e9 de ses \u00e9l\u00e8ves gr\u00e2ce au m\u00e9c\u00e9nat d\u2019entreprises et aux dons collect\u00e9s aupr\u00e8s des dipl\u00f4m\u00e9s et des amis de l\u2019\u00c9cole.<\/p> <p><img decoding=\"async\" loading=\"lazy\" src=\"http:\/\/kiosque.ecoledesponts.fr\/rapport-activite-2021\/wp-content\/uploads\/sites\/3\/2022\/08\/soiree-fondation-1024x682.jpg\" alt=\"Soir\u00e9e fondation\" width=\"1024\" height=\"682\" srcset=\"https:\/\/kiosque.ecoledesponts.fr\/rapport-activite-2021\/wp-content\/uploads\/sites\/3\/2022\/08\/soiree-fondation-1024x682.jpg 1024w, https:\/\/kiosque.ecoledesponts.fr\/rapport-activite-2021\/wp-content\/uploads\/sites\/3\/2022\/08\/soiree-fondation-300x200.jpg 300w, https:\/\/kiosque.ecoledesponts.fr\/rapport-activite-2021\/wp-content\/uploads\/sites\/3\/2022\/08\/soiree-fondation-768x511.jpg 768w, https:\/\/kiosque.ecoledesponts.fr\/rapport-activite-2021\/wp-content\/uploads\/sites\/3\/2022\/08\/soiree-fondation.jpg 1209w\" sizes=\"(max-width: 1024px) 100vw, 1024px\" \/><\/p> <p>Soir\u00e9e des Ponts 2021<\/p> <a href=\"\/rapport-activite-2021\/entreprendre-et-valoriser\/la-fondation-des-ponts\/la-fondation-des-ponts\/\"><\/a> <a href=\"#\"><\/a>\n<h4>Un fonds d\u00e9di\u00e9 \u00e0 la transition \u00e9cologique<\/h4> <h3>Un fonds d\u00e9di\u00e9<br>\u00e0 la transition \u00e9cologique<\/h3> <p>Face \u00e0 l\u2019urgence climatique, la Fondation des Ponts se mobilise pour l\u2019\u00c9cole en lan\u00e7ant un fonds d\u00e9di\u00e9 \u00e0 la transition \u00e9cologique. Les dons vers\u00e9s permettront de toujours mieux pr\u00e9parer les ing\u00e9nieurs aux grandes transformations qu\u2019ils auront \u00e0 conduire d\u00e8s maintenant et dans les ann\u00e9es \u00e0 venir, de renforcer les formidables capacit\u00e9s de recherche de l\u2019\u00c9cole, de soutenir les projets entrepreneuriaux \u00e0 fort impact pour le climat et l\u2019environnement\u2026<\/p> <p><img decoding=\"async\" loading=\"lazy\" src=\"http:\/\/kiosque.ecoledesponts.fr\/rapport-activite-2021\/wp-content\/uploads\/sites\/3\/2022\/08\/c-guivarch-218x300.jpg\" alt=\"c-guivarch\" width=\"218\" height=\"300\" srcset=\"https:\/\/kiosque.ecoledesponts.fr\/rapport-activite-2021\/wp-content\/uploads\/sites\/3\/2022\/08\/c-guivarch-218x300.jpg 218w, https:\/\/kiosque.ecoledesponts.fr\/rapport-activite-2021\/wp-content\/uploads\/sites\/3\/2022\/08\/c-guivarch-745x1024.jpg 745w, https:\/\/kiosque.ecoledesponts.fr\/rapport-activite-2021\/wp-content\/uploads\/sites\/3\/2022\/08\/c-guivarch-768x1056.jpg 768w, https:\/\/kiosque.ecoledesponts.fr\/rapport-activite-2021\/wp-content\/uploads\/sites\/3\/2022\/08\/c-guivarch.jpg 798w\" sizes=\"(max-width: 218px) 100vw, 218px\" \/><br>\u00a0\u00ab Actrice et t\u00e9moin des forces de formation et de recherche mobilis\u00e9es par notre \u00c9cole pour r\u00e9ussir la transition \u00e9cologique, j\u2019accueille avec enthousiasme la cr\u00e9ation de ce nouveau fonds par la Fondation des Ponts, et j\u2019esp\u00e8re que nous serons nombreux \u00e0 lui apporter notre soutien. \u00bb<\/p> <p><strong>C\u00e9line Guivarch<\/strong> (promotion 2005), marraine de la campagne de mobilisation de fin d\u2019ann\u00e9e 2021 de la Fondation des Ponts d\u00e9di\u00e9e au lancement du fonds Transition \u00e9cologique<\/p> <p>[addtoany url=\"http:\/\/kiosque.ecoledesponts.fr\/rapport-activite-2021\/entreprendre-et-valoriser\/la-fondation-des-ponts\/la-fondation-des-ponts\/un-fond-dedie-a-la-transition-ecologique\/\" title=\"Un fonds d\u00e9di\u00e9 \u00e0 la transition \u00e9cologique\"]<\/p> <a href=\"#\"><\/a> \n <a href=\"#\"><\/a>","_links":{"self":[{"href":"https:\/\/kiosque.ecoledesponts.fr\/rapport-activite-2021\/wp-json\/wp\/v2\/pages\/1409"}],"collection":[{"href":"https:\/\/kiosque.ecoledesponts.fr\/rapport-activite-2021\/wp-json\/wp\/v2\/pages"}],"about":[{"href":"https:\/\/kiosque.ecoledesponts.fr\/rapport-activite-2021\/wp-json\/wp\/v2\/types\/page"}],"author":[{"embeddable":true,"href":"https:\/\/kiosque.ecoledesponts.fr\/rapport-activite-2021\/wp-json\/wp\/v2\/users\/1"}],"replies":[{"embeddable":true,"href":"https:\/\/kiosque.ecoledesponts.fr\/rapport-activite-2021\/wp-json\/wp\/v2\/comments?post=1409"}],"version-history":[{"count":10,"href":"https:\/\/kiosque.ecoledesponts.fr\/rapport-activite-2021\/wp-json\/wp\/v2\/pages\/1409\/revisions"}],"predecessor-version":[{"id":3463,"href":"https:\/\/kiosque.ecoledesponts.fr\/rapport-activite-2021\/wp-json\/wp\/v2\/pages\/1409\/revisions\/3463"}],"up":[{"embeddable":true,"href":"https:\/\/kiosque.ecoledesponts.fr\/rapport-activite-2021\/wp-json\/wp\/v2\/pages\/55"}],"wp:attachment":[{"href":"https:\/\/kiosque.ecoledesponts.fr\/rapport-activite-2021\/wp-json\/wp\/v2\/media?parent=1409"}],"wp:term":[{"taxonomy":"post_tag","embeddable":true,"href":"https:\/\/kiosque.ecoledesponts.fr\/rapport-activite-2021\/wp-json\/wp\/v2\/tags?post=1409"}],"curies":[{"name":"wp","href":"https:\/\/api.w.org\/{rel}","templated":true}]}}