{"id":1441,"date":"2022-08-11T16:58:01","date_gmt":"2022-08-11T14:58:01","guid":{"rendered":"http:\/\/kiosque.ecoledesponts.fr\/rapport-activite-2021\/?page_id=1441"},"modified":"2022-10-20T10:00:52","modified_gmt":"2022-10-20T08:00:52","slug":"communiquer","status":"publish","type":"page","link":"https:\/\/kiosque.ecoledesponts.fr\/rapport-activite-2021\/partager-la-culture-scientifique\/communiquer\/","title":{"rendered":"Communiquer"},"content":{"rendered":"<!--themify_builder_content-->\n<div id=\"themify_builder_content-1441\" data-postid=\"1441\" class=\"themify_builder_content themify_builder_content-1441 themify_builder tf_clear\">\n                    <div  data-lazy=\"1\" class=\"module_row themify_builder_row tb_ffs9369 tb_first tf_w\">\n                        <div class=\"row_inner col_align_top tb_col_count_1 tf_box tf_rel\">\n                        <div  data-lazy=\"1\" class=\"module_column tb-column col-full tb_0ckn374 first\">\n                    <!-- module plain text -->\n<div  class=\"module module-plain-text tb_1f54752  wow\" data-tf-animation=\"fadeInLeft\" data-lazy=\"1\">\n        <div class=\"tb_text_wrap\">\n    <div class=\"chapo\"><p>L\u2019\u00c9cole des Ponts ParisTech d\u00e9ploie une communication qui contribue \u00e0 sa notori\u00e9t\u00e9 et \u00e0 son rayonnement. Elle s\u2019attache \u00e0 promouvoir l\u2019ensemble\u00a0de ses\u00a0activit\u00e9s et \u00e9v\u00e9nements et \u00e0 valoriser son image de marque.<\/p><\/div>    <\/div>\n<\/div>\n<!-- \/module plain text -->        <\/div>\n                        <\/div>\n        <\/div>\n                        <div  data-lazy=\"1\" class=\"module_row themify_builder_row tb_z7kt426 tf_w\">\n                        <div class=\"row_inner col_align_top tb_col_count_1 tf_box tf_rel\">\n                        <div  data-lazy=\"1\" class=\"module_column tb-column col-full tb_xpvw427 first\">\n                    \n\n<!-- module tile -->\n<div  id=\"tb_jv9b418\" class=\"module module-tile tb_jv9b418 size-landscape flip-horizontal no-flip tuile_bleu_ciel titre_off tuile_25 tile-type-front-text  tf_mw tf_opacity wow\" data-tf-animation=\"fadeInRight\" data-lazy=\"1\" data-auto-flip=\"0\" data-in-effect=\"flip-horizontal\" >\n\t\t\t<div class=\"tile-flip-box-wrap tf_abs tf_box tf_overflow tf_w tf_h\">\n\t\t\n\t\t\t\t\n\t\t\t\t\t<div class=\"tile-front tile-type-text ui tb_default_color tf_box tf_w tf_h tf_overflow tf_rel tf_scrollbar\">\n\t\t\t\t<div class=\"tile-inner tf_box\">\n\t\t\t\t\t\t\t\t\t\t\t\t\t\t\t\t\t\t<h4 class=\"tile-title\">Un rayonnement \u00e0 l'international<\/h4>\n\t\t\t\t\t\t\n\t\t\t\t\t\t<div class=\"tile-content\">\n\t\t\t\t\t\t\t<h3>Un rayonnement \u00e0 l&rsquo;international<\/h3>\n<p><strong>L\u2019\u00c9cole distingu\u00e9e en mati\u00e8re de d\u00e9veloppement durable.<\/strong><br><em>Best of the World\u202f<\/em>: le rapport d\u2019activit\u00e9 2020 de l\u2019\u00c9cole des Ponts ParisTech a \u00e9t\u00e9 class\u00e9 1<sup>er<\/sup> dans la cat\u00e9gorie H12 University par le Hallbars Sustainability Research Institute. N\u00e9 en mars 2020 de la crise sanitaire, cet institut su\u00e9dois distingue les rapports de tous types d\u2019organisation, dans tous les secteurs, valorisant ainsi leur contribution au d\u00e9veloppement durable. Les autres laur\u00e9ats sont l\u2019Universit\u00e9 de Bologne (Italie) pour son bilan social 2020 et l\u2019Oxford College of Business (Sri Lanka) pour son rapport annuel 2020-2021.<\/p>\n<div class=\"addtoany_shortcode\"><div class=\"a2a_kit a2a_kit_size_24 addtoany_list\" data-a2a-url=\"http:\/\/kiosque.ecoledesponts.fr\/rapport-activite-2021\/partager-la-culture-scientifique\/communiquer\/un-rayonnement-a-linternational\/\" data-a2a-title=\"Un rayonnement \u00e0 l&#039;international\"><a class=\"a2a_dd addtoany_share_save addtoany_share\" href=\"https:\/\/www.addtoany.com\/share\"><img decoding=\"async\" src=\"http:\/\/kiosque.ecoledesponts.fr\/wp-content\/themes\/enpc\/imgs\/share_social_icon_32.png\" alt=\"Share\"><\/a><\/div><\/div>\t\t\t\t\t\t<\/div>\n\t\t\t\t\t\n\t\t\t\t\t\t\t\t\t\t\t\t\t\t\t\t<a href=\"#\" class=\"tile-flip-back-button tf_hide\"><\/a>\n\t\t\t\t\t\t\t\t\t<\/div>\n\t\t\t<\/div><!-- .tile-front -->\n\n\t\t\t\t\t<div class=\"tile-back tile-type-text ui tb_default_color tf_box tf_w tf_h tf_overflow tf_abs tf_hidden tf_scrollbar\">\n\t\t\t\t<div class=\"tile-inner tf_box\">\n\t\t\t\t\t\t\t\t\t\t\t\n\t\t\t\t\t\t<div class=\"tile-content\">\n\t\t\t\t\t\t\t\t\t\t\t\t\t<\/div>\n\t\t\t\t\t\n\t\t\t\t\t\t\t\t\t\t\t\t\t\t\t\t<a href=\"#\" class=\"tile-flip-back-button tf_hide\"><\/a>\n\t\t\t\t\t\t\t\t\t<\/div>\n\t\t\t<\/div><!-- .tile-back -->\n\n\t\t\t<\/div>\n\n\t<\/div><!-- \/module tile -->\n\n<!-- module tile -->\n<div  id=\"tb_e3h1716\" class=\"module module-tile tb_e3h1716 size-square-large flip-horizontal no-flip tuile_image titre_off tuile_25 titre_top tile-type-front-text  tf_mw tf_opacity wow\" data-tf-animation=\"fadeInLeft\" data-lazy=\"1\" data-auto-flip=\"0\" data-in-effect=\"flip-horizontal\" >\n\t\t\t<div class=\"tile-flip-box-wrap tf_abs tf_box tf_overflow tf_w tf_h\">\n\t\t\n\t\t\t\t\t<style>\n\t\t\t\t.module.tb_e3h1716 .tile-front{background-image:url(\"http:\/\/kiosque.ecoledesponts.fr\/rapport-activite-2021\/wp-content\/uploads\/sites\/3\/2022\/08\/conf-presse.jpg\")}\t\t\t<\/style>\n\t\t\t\t\n\t\t\t\t\t<div class=\"tile-front tile-type-text ui tb_default_color tf_box tf_w tf_h tf_overflow tf_rel tf_scrollbar\">\n\t\t\t\t<div class=\"tile-inner tf_box\">\n\t\t\t\t\t\t\t\t\t\t\t\t\t\t\t\t\t\t<h4 class=\"tile-title\">conf\u00e9rence de presse<\/h4>\n\t\t\t\t\t\t\n\t\t\t\t\t\t<div class=\"tile-content\">\n\t\t\t\t\t\t\t<p><span class=\"ombre\">Conf\u00e9rence de presse \u00e0 Paris pour le lancement de l\u2019ouvrage de Dominique Naert et Jean Carassus, <em>Immobilier et b\u00e2timent durables<\/em>, le 8 octobre 2021<\/span><\/p>\t\t\t\t\t\t<\/div>\n\t\t\t\t\t\n\t\t\t\t\t\t\t\t\t\t\t\t\t\t\t\t<a href=\"#\" class=\"tile-flip-back-button tf_hide\"><\/a>\n\t\t\t\t\t\t\t\t\t<\/div>\n\t\t\t<\/div><!-- .tile-front -->\n\n\t\t\t\t\t<div class=\"tile-back tile-type-text ui tb_default_color tf_box tf_w tf_h tf_overflow tf_abs tf_hidden tf_scrollbar\">\n\t\t\t\t<div class=\"tile-inner tf_box\">\n\t\t\t\t\t\t\t\t\t\t\t\n\t\t\t\t\t\t<div class=\"tile-content\">\n\t\t\t\t\t\t\t\t\t\t\t\t\t<\/div>\n\t\t\t\t\t\n\t\t\t\t\t\t\t\t\t\t\t\t\t\t\t\t<a href=\"#\" class=\"tile-flip-back-button tf_hide\"><\/a>\n\t\t\t\t\t\t\t\t\t<\/div>\n\t\t\t<\/div><!-- .tile-back -->\n\n\t\t\t<\/div>\n\n\t<\/div><!-- \/module tile -->\n\n<!-- module tile -->\n<div  id=\"tb_9tsz894\" class=\"module module-tile tb_9tsz894 size-landscape flip-horizontal has-flip bloc_btn tuile_vert titre_off tuile_25 tile-type-front-text  tf_mw tf_opacity wow\" data-tf-animation=\"fadeInDown\" data-lazy=\"1\" data-auto-flip=\"0\" data-in-effect=\"flip-horizontal\" >\n\t\t\t<div class=\"tile-flip-box-wrap tf_abs tf_box tf_overflow tf_w tf_h\">\n\t\t\n\t\t\t\t\n\t\t\t\t\t<div class=\"tile-front tile-type-text ui tb_default_color tf_box tf_w tf_h tf_overflow tf_rel tf_scrollbar\">\n\t\t\t\t<div class=\"tile-inner tf_box\">\n\t\t\t\t\t\t\t\t\t\t\t\t\t\t\t\t\t\t<h4 class=\"tile-title\">Le d\u00e9veloppement acc\u00e9l\u00e9r\u00e9 de la communication digitale<\/h4>\n\t\t\t\t\t\t\n\t\t\t\t\t\t<div class=\"tile-content\">\n\t\t\t\t\t\t\t<h3>Le d\u00e9veloppement acc\u00e9l\u00e9r\u00e9 de la communication digitale<\/h3>\n<ul>\n<li>Une visibilit\u00e9 accrue sur le web et les m\u00e9dias<\/li>\n<li>La promotion des mast\u00e8res sp\u00e9cialis\u00e9s\u00ae<\/li>\n<li>Une participation active \u00e0 la communication d\u2019EELISA<\/li>\n<\/ul>\n\t\t\t\t\t\t<\/div>\n\t\t\t\t\t\n\t\t\t\t\t\t\t\t\t\t\t<a href=\"\/rapport-activite-2021\/partager-la-culture-scientifique\/communiquer\/le-developpement-accelere-de-la-communication-digitale\/\" class=\"action-button\"><span><\/span><\/a>\n\t\t\t\t\t\t\t\t\t\t\t\t\t\t\t\t<a href=\"#\" class=\"tile-flip-back-button tf_hide\"><\/a>\n\t\t\t\t\t\t\t\t\t<\/div>\n\t\t\t<\/div><!-- .tile-front -->\n\n\t\t\t\t\t<div class=\"tile-back tile-type-text ui tb_default_color tf_box tf_w tf_h tf_overflow tf_abs tf_hidden tf_scrollbar\">\n\t\t\t\t<div class=\"tile-inner tf_box\">\n\t\t\t\t\t\t\t\t\t\t\t\t\t\t\t\t\t\t<h4 class=\"tile-title\">Le d\u00e9veloppement acc\u00e9l\u00e9r\u00e9 de la communication digitale<\/h4>\n\t\t\t\t\t\t\n\t\t\t\t\t\t<div class=\"tile-content\">\n\t\t\t\t\t\t\t<h3>Le d\u00e9veloppement acc\u00e9l\u00e9r\u00e9 de la communication digitale<\/h3>\n<ul>\n<li>Une visibilit\u00e9 accrue sur le web et les m\u00e9dias<\/li>\n<li>La promotion des mast\u00e8res sp\u00e9cialis\u00e9s\u00ae<\/li>\n<li>Une participation active \u00e0 la communication d\u2019EELISA<\/li>\n<\/ul>\n\t\t\t\t\t\t<\/div>\n\t\t\t\t\t\n\t\t\t\t\t\t\t\t\t\t\t<a href=\"\/rapport-activite-2021\/partager-la-culture-scientifique\/communiquer\/le-developpement-accelere-de-la-communication-digitale\/\" class=\"action-button\"><span><\/span><\/a>\n\t\t\t\t\t\t\t\t\t\t\t\t\t\t\t\t<a href=\"#\" class=\"tile-flip-back-button tf_hide\"><\/a>\n\t\t\t\t\t\t\t\t\t<\/div>\n\t\t\t<\/div><!-- .tile-back -->\n\n\t\t\t<\/div>\n\n\t<\/div><!-- \/module tile -->        <\/div>\n                        <\/div>\n        <\/div>\n        <\/div>\n<!--\/themify_builder_content-->","protected":false},"excerpt":{"rendered":"<p>L\u2019\u00c9cole des Ponts ParisTech d\u00e9ploie une communication qui contribue \u00e0 sa notori\u00e9t\u00e9 et \u00e0 son rayonnement. Elle s\u2019attache \u00e0 promouvoir l\u2019ensemble\u00a0de ses\u00a0activit\u00e9s et \u00e9v\u00e9nements et \u00e0 valoriser son image de marque. Un rayonnement \u00e0 l&rsquo;international Un rayonnement \u00e0 l&rsquo;international L\u2019\u00c9cole distingu\u00e9e en mati\u00e8re de d\u00e9veloppement durable.Best of the World\u202f: le rapport d\u2019activit\u00e9 2020 de l\u2019\u00c9cole [&hellip;]<\/p>\n","protected":false},"author":1,"featured_media":0,"parent":51,"menu_order":0,"comment_status":"closed","ping_status":"closed","template":"","meta":[],"tags":[],"acf":[],"yoast_head":"<!-- This site is optimized with the Yoast SEO plugin v21.1 - https:\/\/yoast.com\/wordpress\/plugins\/seo\/ -->\n<title>Communiquer - Rapport d&#039;activit\u00e9 2021<\/title>\n<meta name=\"robots\" content=\"index, follow, max-snippet:-1, max-image-preview:large, max-video-preview:-1\" \/>\n<link rel=\"canonical\" href=\"https:\/\/kiosque.ecoledesponts.fr\/rapport-activite-2021\/partager-la-culture-scientifique\/communiquer\/\" \/>\n<meta property=\"og:locale\" content=\"fr_FR\" \/>\n<meta property=\"og:type\" content=\"article\" \/>\n<meta property=\"og:title\" content=\"Communiquer - Rapport d&#039;activit\u00e9 2021\" \/>\n<meta property=\"og:description\" content=\"L\u2019\u00c9cole des Ponts ParisTech d\u00e9ploie une communication qui contribue \u00e0 sa notori\u00e9t\u00e9 et \u00e0 son rayonnement. Elle s\u2019attache \u00e0 promouvoir l\u2019ensemble\u00a0de ses\u00a0activit\u00e9s et \u00e9v\u00e9nements et \u00e0 valoriser son image de marque. Un rayonnement \u00e0 l&rsquo;international Un rayonnement \u00e0 l&rsquo;international L\u2019\u00c9cole distingu\u00e9e en mati\u00e8re de d\u00e9veloppement durable.Best of the World\u202f: le rapport d\u2019activit\u00e9 2020 de l\u2019\u00c9cole [&hellip;]\" \/>\n<meta property=\"og:url\" content=\"https:\/\/kiosque.ecoledesponts.fr\/rapport-activite-2021\/partager-la-culture-scientifique\/communiquer\/\" \/>\n<meta property=\"og:site_name\" content=\"Rapport d&#039;activit\u00e9 2021\" \/>\n<meta property=\"article:modified_time\" content=\"2022-10-20T08:00:52+00:00\" \/>\n<meta name=\"twitter:card\" content=\"summary_large_image\" \/>\n<meta name=\"twitter:label1\" content=\"Dur\u00e9e de lecture estim\u00e9e\" \/>\n\t<meta name=\"twitter:data1\" content=\"1 minute\" \/>\n<script type=\"application\/ld+json\" class=\"yoast-schema-graph\">{\"@context\":\"https:\/\/schema.org\",\"@graph\":[{\"@type\":\"WebPage\",\"@id\":\"https:\/\/kiosque.ecoledesponts.fr\/rapport-activite-2021\/partager-la-culture-scientifique\/communiquer\/\",\"url\":\"https:\/\/kiosque.ecoledesponts.fr\/rapport-activite-2021\/partager-la-culture-scientifique\/communiquer\/\",\"name\":\"Communiquer - Rapport d'activit\u00e9 2021\",\"isPartOf\":{\"@id\":\"https:\/\/kiosque.ecoledesponts.fr\/rapport-activite-2021\/#website\"},\"datePublished\":\"2022-08-11T14:58:01+00:00\",\"dateModified\":\"2022-10-20T08:00:52+00:00\",\"breadcrumb\":{\"@id\":\"https:\/\/kiosque.ecoledesponts.fr\/rapport-activite-2021\/partager-la-culture-scientifique\/communiquer\/#breadcrumb\"},\"inLanguage\":\"fr-FR\",\"potentialAction\":[{\"@type\":\"ReadAction\",\"target\":[\"https:\/\/kiosque.ecoledesponts.fr\/rapport-activite-2021\/partager-la-culture-scientifique\/communiquer\/\"]}]},{\"@type\":\"BreadcrumbList\",\"@id\":\"https:\/\/kiosque.ecoledesponts.fr\/rapport-activite-2021\/partager-la-culture-scientifique\/communiquer\/#breadcrumb\",\"itemListElement\":[{\"@type\":\"ListItem\",\"position\":1,\"name\":\"Accueil\",\"item\":\"https:\/\/kiosque.ecoledesponts.fr\/rapport-activite-2021\/\"},{\"@type\":\"ListItem\",\"position\":2,\"name\":\"Partager la culture scientifique et communiquer\",\"item\":\"https:\/\/kiosque.ecoledesponts.fr\/rapport-activite-2021\/partager-la-culture-scientifique\/\"},{\"@type\":\"ListItem\",\"position\":3,\"name\":\"Communiquer\"}]},{\"@type\":\"WebSite\",\"@id\":\"https:\/\/kiosque.ecoledesponts.fr\/rapport-activite-2021\/#website\",\"url\":\"https:\/\/kiosque.ecoledesponts.fr\/rapport-activite-2021\/\",\"name\":\"Rapport d'activit\u00e9 2021\",\"description\":\"Un site utilisant Les sites du kiosque des ponts\",\"potentialAction\":[{\"@type\":\"SearchAction\",\"target\":{\"@type\":\"EntryPoint\",\"urlTemplate\":\"https:\/\/kiosque.ecoledesponts.fr\/rapport-activite-2021\/?s={search_term_string}\"},\"query-input\":\"required name=search_term_string\"}],\"inLanguage\":\"fr-FR\"}]}<\/script>\n<!-- \/ Yoast SEO plugin. -->","yoast_head_json":{"title":"Communiquer - Rapport d'activit\u00e9 2021","robots":{"index":"index","follow":"follow","max-snippet":"max-snippet:-1","max-image-preview":"max-image-preview:large","max-video-preview":"max-video-preview:-1"},"canonical":"https:\/\/kiosque.ecoledesponts.fr\/rapport-activite-2021\/partager-la-culture-scientifique\/communiquer\/","og_locale":"fr_FR","og_type":"article","og_title":"Communiquer - Rapport d'activit\u00e9 2021","og_description":"L\u2019\u00c9cole des Ponts ParisTech d\u00e9ploie une communication qui contribue \u00e0 sa notori\u00e9t\u00e9 et \u00e0 son rayonnement. Elle s\u2019attache \u00e0 promouvoir l\u2019ensemble\u00a0de ses\u00a0activit\u00e9s et \u00e9v\u00e9nements et \u00e0 valoriser son image de marque. Un rayonnement \u00e0 l&rsquo;international Un rayonnement \u00e0 l&rsquo;international L\u2019\u00c9cole distingu\u00e9e en mati\u00e8re de d\u00e9veloppement durable.Best of the World\u202f: le rapport d\u2019activit\u00e9 2020 de l\u2019\u00c9cole [&hellip;]","og_url":"https:\/\/kiosque.ecoledesponts.fr\/rapport-activite-2021\/partager-la-culture-scientifique\/communiquer\/","og_site_name":"Rapport d'activit\u00e9 2021","article_modified_time":"2022-10-20T08:00:52+00:00","twitter_card":"summary_large_image","twitter_misc":{"Dur\u00e9e de lecture estim\u00e9e":"1 minute"},"schema":{"@context":"https:\/\/schema.org","@graph":[{"@type":"WebPage","@id":"https:\/\/kiosque.ecoledesponts.fr\/rapport-activite-2021\/partager-la-culture-scientifique\/communiquer\/","url":"https:\/\/kiosque.ecoledesponts.fr\/rapport-activite-2021\/partager-la-culture-scientifique\/communiquer\/","name":"Communiquer - Rapport d'activit\u00e9 2021","isPartOf":{"@id":"https:\/\/kiosque.ecoledesponts.fr\/rapport-activite-2021\/#website"},"datePublished":"2022-08-11T14:58:01+00:00","dateModified":"2022-10-20T08:00:52+00:00","breadcrumb":{"@id":"https:\/\/kiosque.ecoledesponts.fr\/rapport-activite-2021\/partager-la-culture-scientifique\/communiquer\/#breadcrumb"},"inLanguage":"fr-FR","potentialAction":[{"@type":"ReadAction","target":["https:\/\/kiosque.ecoledesponts.fr\/rapport-activite-2021\/partager-la-culture-scientifique\/communiquer\/"]}]},{"@type":"BreadcrumbList","@id":"https:\/\/kiosque.ecoledesponts.fr\/rapport-activite-2021\/partager-la-culture-scientifique\/communiquer\/#breadcrumb","itemListElement":[{"@type":"ListItem","position":1,"name":"Accueil","item":"https:\/\/kiosque.ecoledesponts.fr\/rapport-activite-2021\/"},{"@type":"ListItem","position":2,"name":"Partager la culture scientifique et communiquer","item":"https:\/\/kiosque.ecoledesponts.fr\/rapport-activite-2021\/partager-la-culture-scientifique\/"},{"@type":"ListItem","position":3,"name":"Communiquer"}]},{"@type":"WebSite","@id":"https:\/\/kiosque.ecoledesponts.fr\/rapport-activite-2021\/#website","url":"https:\/\/kiosque.ecoledesponts.fr\/rapport-activite-2021\/","name":"Rapport d'activit\u00e9 2021","description":"Un site utilisant Les sites du kiosque des ponts","potentialAction":[{"@type":"SearchAction","target":{"@type":"EntryPoint","urlTemplate":"https:\/\/kiosque.ecoledesponts.fr\/rapport-activite-2021\/?s={search_term_string}"},"query-input":"required name=search_term_string"}],"inLanguage":"fr-FR"}]}},"builder_content":"<p>L\u2019\u00c9cole des Ponts ParisTech d\u00e9ploie une communication qui contribue \u00e0 sa notori\u00e9t\u00e9 et \u00e0 son rayonnement. Elle s\u2019attache \u00e0 promouvoir l\u2019ensemble\u00a0de ses\u00a0activit\u00e9s et \u00e9v\u00e9nements et \u00e0 valoriser son image de marque.<\/p>\n<h4>Un rayonnement \u00e0 l'international<\/h4> <h3>Un rayonnement \u00e0 l'international<\/h3> <p><strong>L\u2019\u00c9cole distingu\u00e9e en mati\u00e8re de d\u00e9veloppement durable.<\/strong><br><em>Best of the World\u202f<\/em>: le rapport d\u2019activit\u00e9 2020 de l\u2019\u00c9cole des Ponts ParisTech a \u00e9t\u00e9 class\u00e9 1<sup>er<\/sup> dans la cat\u00e9gorie H12 University par le Hallbars Sustainability Research Institute. N\u00e9 en mars 2020 de la crise sanitaire, cet institut su\u00e9dois distingue les rapports de tous types d\u2019organisation, dans tous les secteurs, valorisant ainsi leur contribution au d\u00e9veloppement durable. Les autres laur\u00e9ats sont l\u2019Universit\u00e9 de Bologne (Italie) pour son bilan social 2020 et l\u2019Oxford College of Business (Sri Lanka) pour son rapport annuel 2020-2021.<\/p> <p>[addtoany url=\"http:\/\/kiosque.ecoledesponts.fr\/rapport-activite-2021\/partager-la-culture-scientifique\/communiquer\/un-rayonnement-a-linternational\/\" title=\"Un rayonnement \u00e0 l'international\"]<\/p> <a href=\"#\"><\/a> \n <a href=\"#\"><\/a>\n<h4>conf\u00e9rence de presse<\/h4> <p>Conf\u00e9rence de presse \u00e0 Paris pour le lancement de l\u2019ouvrage de Dominique Naert et Jean Carassus, <em>Immobilier et b\u00e2timent durables<\/em>, le 8 octobre 2021<\/p> <a href=\"#\"><\/a> \n <a href=\"#\"><\/a>\n<h4>Le d\u00e9veloppement acc\u00e9l\u00e9r\u00e9 de la communication digitale<\/h4> <h3>Le d\u00e9veloppement acc\u00e9l\u00e9r\u00e9 de la communication digitale<\/h3> <ul> <li>Une visibilit\u00e9 accrue sur le web et les m\u00e9dias<\/li> <li>La promotion des mast\u00e8res sp\u00e9cialis\u00e9s\u00ae<\/li> <li>Une participation active \u00e0 la communication d\u2019EELISA<\/li> <\/ul> <a href=\"\/rapport-activite-2021\/partager-la-culture-scientifique\/communiquer\/le-developpement-accelere-de-la-communication-digitale\/\"><\/a> <a href=\"#\"><\/a> \n <h4>Le d\u00e9veloppement acc\u00e9l\u00e9r\u00e9 de la communication digitale<\/h4> <h3>Le d\u00e9veloppement acc\u00e9l\u00e9r\u00e9 de la communication digitale<\/h3> <ul> <li>Une visibilit\u00e9 accrue sur le web et les m\u00e9dias<\/li> <li>La promotion des mast\u00e8res sp\u00e9cialis\u00e9s\u00ae<\/li> <li>Une participation active \u00e0 la communication d\u2019EELISA<\/li> <\/ul> <a href=\"\/rapport-activite-2021\/partager-la-culture-scientifique\/communiquer\/le-developpement-accelere-de-la-communication-digitale\/\"><\/a> <a href=\"#\"><\/a>","_links":{"self":[{"href":"https:\/\/kiosque.ecoledesponts.fr\/rapport-activite-2021\/wp-json\/wp\/v2\/pages\/1441"}],"collection":[{"href":"https:\/\/kiosque.ecoledesponts.fr\/rapport-activite-2021\/wp-json\/wp\/v2\/pages"}],"about":[{"href":"https:\/\/kiosque.ecoledesponts.fr\/rapport-activite-2021\/wp-json\/wp\/v2\/types\/page"}],"author":[{"embeddable":true,"href":"https:\/\/kiosque.ecoledesponts.fr\/rapport-activite-2021\/wp-json\/wp\/v2\/users\/1"}],"replies":[{"embeddable":true,"href":"https:\/\/kiosque.ecoledesponts.fr\/rapport-activite-2021\/wp-json\/wp\/v2\/comments?post=1441"}],"version-history":[{"count":23,"href":"https:\/\/kiosque.ecoledesponts.fr\/rapport-activite-2021\/wp-json\/wp\/v2\/pages\/1441\/revisions"}],"predecessor-version":[{"id":3957,"href":"https:\/\/kiosque.ecoledesponts.fr\/rapport-activite-2021\/wp-json\/wp\/v2\/pages\/1441\/revisions\/3957"}],"up":[{"embeddable":true,"href":"https:\/\/kiosque.ecoledesponts.fr\/rapport-activite-2021\/wp-json\/wp\/v2\/pages\/51"}],"wp:attachment":[{"href":"https:\/\/kiosque.ecoledesponts.fr\/rapport-activite-2021\/wp-json\/wp\/v2\/media?parent=1441"}],"wp:term":[{"taxonomy":"post_tag","embeddable":true,"href":"https:\/\/kiosque.ecoledesponts.fr\/rapport-activite-2021\/wp-json\/wp\/v2\/tags?post=1441"}],"curies":[{"name":"wp","href":"https:\/\/api.w.org\/{rel}","templated":true}]}}