{"id":1475,"date":"2022-08-12T12:43:22","date_gmt":"2022-08-12T10:43:22","guid":{"rendered":"http:\/\/kiosque.ecoledesponts.fr\/rapport-activite-2021\/?page_id=1475"},"modified":"2023-01-02T17:12:03","modified_gmt":"2023-01-02T16:12:03","slug":"assurer-une-continuite-de-service","status":"publish","type":"page","link":"https:\/\/kiosque.ecoledesponts.fr\/rapport-activite-2021\/partager-la-culture-scientifique\/diffuser-les-connaissances\/assurer-une-continuite-de-service\/","title":{"rendered":"Assurer une continuit\u00e9 de service"},"content":{"rendered":"<!--themify_builder_content-->\n<div id=\"themify_builder_content-1475\" data-postid=\"1475\" class=\"themify_builder_content themify_builder_content-1475 themify_builder tf_clear\">\n    <\/div>\n<!--\/themify_builder_content-->\n\n<h2>Des modalit\u00e9s d\u2019acc\u00e8s restreintes<\/h2>\n<p>Adaptant son organisation aux contraintes sanitaires, La Source a pu maintenir ses activit\u00e9s en 2021. La biblioth\u00e8que a ouvert 199 jours (contre 101 en 2020 et 223 en 2019), avec une capacit\u00e9 d\u2019accueil r\u00e9duite, des horaires limit\u00e9s et des modalit\u00e9s d\u2019acc\u00e8s aux services qui ont \u00e9volu\u00e9 au fil des mois. \u00c0 la rentr\u00e9e 2021, La Source a pu fonctionner de nouveau en jauge pleine et rouvrir progressivement ses espaces.<\/p>\n<h2>Pr\u00eat et pr\u00e8s de chez moi<\/h2>\n<p><img decoding=\"async\" loading=\"lazy\" class=\"size-medium wp-image-3005 alignleft\" src=\"http:\/\/kiosque.ecoledesponts.fr\/rapport-activite-2021\/wp-content\/uploads\/sites\/3\/2022\/08\/Pretdechezmoi_p3-300x169.jpg\" alt=\"Pr\u00eat de chez moi\" width=\"300\" height=\"169\" srcset=\"https:\/\/kiosque.ecoledesponts.fr\/rapport-activite-2021\/wp-content\/uploads\/sites\/3\/2022\/08\/Pretdechezmoi_p3-300x169.jpg 300w, https:\/\/kiosque.ecoledesponts.fr\/rapport-activite-2021\/wp-content\/uploads\/sites\/3\/2022\/08\/Pretdechezmoi_p3.jpg 680w\" sizes=\"(max-width: 300px) 100vw, 300px\" \/>Un service de drive documentaire a \u00e9t\u00e9 mis en place. L\u2019\u00c9cole a \u00e9galement d\u00e9ploy\u00e9 l\u2019op\u00e9ration \u00ab\u202fPr\u00eat de chez moi\u202f\u00bb pour le retour des documents, qui permettait de restituer les ouvrages emprunt\u00e9s au plus pr\u00e8s de son domicile.<\/p>","protected":false},"excerpt":{"rendered":"<p>Des modalit\u00e9s d\u2019acc\u00e8s restreintes Adaptant son organisation aux contraintes sanitaires, La Source a pu maintenir ses activit\u00e9s en 2021. La biblioth\u00e8que a ouvert 199 jours (contre 101 en 2020 et 223 en 2019), avec une capacit\u00e9 d\u2019accueil r\u00e9duite, des horaires limit\u00e9s et des modalit\u00e9s d\u2019acc\u00e8s aux services qui ont \u00e9volu\u00e9 au fil des mois. \u00c0 [&hellip;]<\/p>\n","protected":false},"author":1,"featured_media":0,"parent":1471,"menu_order":0,"comment_status":"closed","ping_status":"closed","template":"page_bleu.php","meta":[],"tags":[35],"acf":[],"yoast_head":"<!-- This site is optimized with the Yoast SEO plugin v21.1 - https:\/\/yoast.com\/wordpress\/plugins\/seo\/ -->\n<title>Assurer une continuit\u00e9 de service - Rapport d&#039;activit\u00e9 2021<\/title>\n<meta name=\"robots\" content=\"index, follow, max-snippet:-1, max-image-preview:large, max-video-preview:-1\" \/>\n<link rel=\"canonical\" href=\"https:\/\/kiosque.ecoledesponts.fr\/rapport-activite-2021\/partager-la-culture-scientifique\/diffuser-les-connaissances\/assurer-une-continuite-de-service\/\" \/>\n<meta property=\"og:locale\" content=\"fr_FR\" \/>\n<meta property=\"og:type\" content=\"article\" \/>\n<meta property=\"og:title\" content=\"Assurer une continuit\u00e9 de service - Rapport d&#039;activit\u00e9 2021\" \/>\n<meta property=\"og:description\" content=\"Des modalit\u00e9s d\u2019acc\u00e8s restreintes Adaptant son organisation aux contraintes sanitaires, La Source a pu maintenir ses activit\u00e9s en 2021. La biblioth\u00e8que a ouvert 199 jours (contre 101 en 2020 et 223 en 2019), avec une capacit\u00e9 d\u2019accueil r\u00e9duite, des horaires limit\u00e9s et des modalit\u00e9s d\u2019acc\u00e8s aux services qui ont \u00e9volu\u00e9 au fil des mois. \u00c0 [&hellip;]\" \/>\n<meta property=\"og:url\" content=\"https:\/\/kiosque.ecoledesponts.fr\/rapport-activite-2021\/partager-la-culture-scientifique\/diffuser-les-connaissances\/assurer-une-continuite-de-service\/\" \/>\n<meta property=\"og:site_name\" content=\"Rapport d&#039;activit\u00e9 2021\" \/>\n<meta property=\"article:modified_time\" content=\"2023-01-02T16:12:03+00:00\" \/>\n<meta property=\"og:image\" content=\"http:\/\/kiosque.ecoledesponts.fr\/rapport-activite-2021\/wp-content\/uploads\/sites\/3\/2022\/08\/Pretdechezmoi_p3-300x169.jpg\" \/>\n<meta name=\"twitter:card\" content=\"summary_large_image\" \/>\n<meta name=\"twitter:label1\" content=\"Dur\u00e9e de lecture estim\u00e9e\" \/>\n\t<meta name=\"twitter:data1\" content=\"1 minute\" \/>\n<script type=\"application\/ld+json\" class=\"yoast-schema-graph\">{\"@context\":\"https:\/\/schema.org\",\"@graph\":[{\"@type\":\"WebPage\",\"@id\":\"https:\/\/kiosque.ecoledesponts.fr\/rapport-activite-2021\/partager-la-culture-scientifique\/diffuser-les-connaissances\/assurer-une-continuite-de-service\/\",\"url\":\"https:\/\/kiosque.ecoledesponts.fr\/rapport-activite-2021\/partager-la-culture-scientifique\/diffuser-les-connaissances\/assurer-une-continuite-de-service\/\",\"name\":\"Assurer une continuit\u00e9 de service - Rapport d'activit\u00e9 2021\",\"isPartOf\":{\"@id\":\"https:\/\/kiosque.ecoledesponts.fr\/rapport-activite-2021\/#website\"},\"datePublished\":\"2022-08-12T10:43:22+00:00\",\"dateModified\":\"2023-01-02T16:12:03+00:00\",\"breadcrumb\":{\"@id\":\"https:\/\/kiosque.ecoledesponts.fr\/rapport-activite-2021\/partager-la-culture-scientifique\/diffuser-les-connaissances\/assurer-une-continuite-de-service\/#breadcrumb\"},\"inLanguage\":\"fr-FR\",\"potentialAction\":[{\"@type\":\"ReadAction\",\"target\":[\"https:\/\/kiosque.ecoledesponts.fr\/rapport-activite-2021\/partager-la-culture-scientifique\/diffuser-les-connaissances\/assurer-une-continuite-de-service\/\"]}]},{\"@type\":\"BreadcrumbList\",\"@id\":\"https:\/\/kiosque.ecoledesponts.fr\/rapport-activite-2021\/partager-la-culture-scientifique\/diffuser-les-connaissances\/assurer-une-continuite-de-service\/#breadcrumb\",\"itemListElement\":[{\"@type\":\"ListItem\",\"position\":1,\"name\":\"Accueil\",\"item\":\"https:\/\/kiosque.ecoledesponts.fr\/rapport-activite-2021\/\"},{\"@type\":\"ListItem\",\"position\":2,\"name\":\"Partager la culture scientifique et communiquer\",\"item\":\"https:\/\/kiosque.ecoledesponts.fr\/rapport-activite-2021\/partager-la-culture-scientifique\/\"},{\"@type\":\"ListItem\",\"position\":3,\"name\":\"Diffuser les connaissances\",\"item\":\"https:\/\/kiosque.ecoledesponts.fr\/rapport-activite-2021\/partager-la-culture-scientifique\/diffuser-les-connaissances\/\"},{\"@type\":\"ListItem\",\"position\":4,\"name\":\"Assurer une continuit\u00e9 de service\"}]},{\"@type\":\"WebSite\",\"@id\":\"https:\/\/kiosque.ecoledesponts.fr\/rapport-activite-2021\/#website\",\"url\":\"https:\/\/kiosque.ecoledesponts.fr\/rapport-activite-2021\/\",\"name\":\"Rapport d'activit\u00e9 2021\",\"description\":\"Un site utilisant Les sites du kiosque des ponts\",\"potentialAction\":[{\"@type\":\"SearchAction\",\"target\":{\"@type\":\"EntryPoint\",\"urlTemplate\":\"https:\/\/kiosque.ecoledesponts.fr\/rapport-activite-2021\/?s={search_term_string}\"},\"query-input\":\"required name=search_term_string\"}],\"inLanguage\":\"fr-FR\"}]}<\/script>\n<!-- \/ Yoast SEO plugin. -->","yoast_head_json":{"title":"Assurer une continuit\u00e9 de service - Rapport d'activit\u00e9 2021","robots":{"index":"index","follow":"follow","max-snippet":"max-snippet:-1","max-image-preview":"max-image-preview:large","max-video-preview":"max-video-preview:-1"},"canonical":"https:\/\/kiosque.ecoledesponts.fr\/rapport-activite-2021\/partager-la-culture-scientifique\/diffuser-les-connaissances\/assurer-une-continuite-de-service\/","og_locale":"fr_FR","og_type":"article","og_title":"Assurer une continuit\u00e9 de service - Rapport d'activit\u00e9 2021","og_description":"Des modalit\u00e9s d\u2019acc\u00e8s restreintes Adaptant son organisation aux contraintes sanitaires, La Source a pu maintenir ses activit\u00e9s en 2021. La biblioth\u00e8que a ouvert 199 jours (contre 101 en 2020 et 223 en 2019), avec une capacit\u00e9 d\u2019accueil r\u00e9duite, des horaires limit\u00e9s et des modalit\u00e9s d\u2019acc\u00e8s aux services qui ont \u00e9volu\u00e9 au fil des mois. \u00c0 [&hellip;]","og_url":"https:\/\/kiosque.ecoledesponts.fr\/rapport-activite-2021\/partager-la-culture-scientifique\/diffuser-les-connaissances\/assurer-une-continuite-de-service\/","og_site_name":"Rapport d'activit\u00e9 2021","article_modified_time":"2023-01-02T16:12:03+00:00","og_image":[{"url":"http:\/\/kiosque.ecoledesponts.fr\/rapport-activite-2021\/wp-content\/uploads\/sites\/3\/2022\/08\/Pretdechezmoi_p3-300x169.jpg"}],"twitter_card":"summary_large_image","twitter_misc":{"Dur\u00e9e de lecture estim\u00e9e":"1 minute"},"schema":{"@context":"https:\/\/schema.org","@graph":[{"@type":"WebPage","@id":"https:\/\/kiosque.ecoledesponts.fr\/rapport-activite-2021\/partager-la-culture-scientifique\/diffuser-les-connaissances\/assurer-une-continuite-de-service\/","url":"https:\/\/kiosque.ecoledesponts.fr\/rapport-activite-2021\/partager-la-culture-scientifique\/diffuser-les-connaissances\/assurer-une-continuite-de-service\/","name":"Assurer une continuit\u00e9 de service - Rapport d'activit\u00e9 2021","isPartOf":{"@id":"https:\/\/kiosque.ecoledesponts.fr\/rapport-activite-2021\/#website"},"datePublished":"2022-08-12T10:43:22+00:00","dateModified":"2023-01-02T16:12:03+00:00","breadcrumb":{"@id":"https:\/\/kiosque.ecoledesponts.fr\/rapport-activite-2021\/partager-la-culture-scientifique\/diffuser-les-connaissances\/assurer-une-continuite-de-service\/#breadcrumb"},"inLanguage":"fr-FR","potentialAction":[{"@type":"ReadAction","target":["https:\/\/kiosque.ecoledesponts.fr\/rapport-activite-2021\/partager-la-culture-scientifique\/diffuser-les-connaissances\/assurer-une-continuite-de-service\/"]}]},{"@type":"BreadcrumbList","@id":"https:\/\/kiosque.ecoledesponts.fr\/rapport-activite-2021\/partager-la-culture-scientifique\/diffuser-les-connaissances\/assurer-une-continuite-de-service\/#breadcrumb","itemListElement":[{"@type":"ListItem","position":1,"name":"Accueil","item":"https:\/\/kiosque.ecoledesponts.fr\/rapport-activite-2021\/"},{"@type":"ListItem","position":2,"name":"Partager la culture scientifique et communiquer","item":"https:\/\/kiosque.ecoledesponts.fr\/rapport-activite-2021\/partager-la-culture-scientifique\/"},{"@type":"ListItem","position":3,"name":"Diffuser les connaissances","item":"https:\/\/kiosque.ecoledesponts.fr\/rapport-activite-2021\/partager-la-culture-scientifique\/diffuser-les-connaissances\/"},{"@type":"ListItem","position":4,"name":"Assurer une continuit\u00e9 de service"}]},{"@type":"WebSite","@id":"https:\/\/kiosque.ecoledesponts.fr\/rapport-activite-2021\/#website","url":"https:\/\/kiosque.ecoledesponts.fr\/rapport-activite-2021\/","name":"Rapport d'activit\u00e9 2021","description":"Un site utilisant Les sites du kiosque des ponts","potentialAction":[{"@type":"SearchAction","target":{"@type":"EntryPoint","urlTemplate":"https:\/\/kiosque.ecoledesponts.fr\/rapport-activite-2021\/?s={search_term_string}"},"query-input":"required name=search_term_string"}],"inLanguage":"fr-FR"}]}},"builder_content":"","_links":{"self":[{"href":"https:\/\/kiosque.ecoledesponts.fr\/rapport-activite-2021\/wp-json\/wp\/v2\/pages\/1475"}],"collection":[{"href":"https:\/\/kiosque.ecoledesponts.fr\/rapport-activite-2021\/wp-json\/wp\/v2\/pages"}],"about":[{"href":"https:\/\/kiosque.ecoledesponts.fr\/rapport-activite-2021\/wp-json\/wp\/v2\/types\/page"}],"author":[{"embeddable":true,"href":"https:\/\/kiosque.ecoledesponts.fr\/rapport-activite-2021\/wp-json\/wp\/v2\/users\/1"}],"replies":[{"embeddable":true,"href":"https:\/\/kiosque.ecoledesponts.fr\/rapport-activite-2021\/wp-json\/wp\/v2\/comments?post=1475"}],"version-history":[{"count":7,"href":"https:\/\/kiosque.ecoledesponts.fr\/rapport-activite-2021\/wp-json\/wp\/v2\/pages\/1475\/revisions"}],"predecessor-version":[{"id":3011,"href":"https:\/\/kiosque.ecoledesponts.fr\/rapport-activite-2021\/wp-json\/wp\/v2\/pages\/1475\/revisions\/3011"}],"up":[{"embeddable":true,"href":"https:\/\/kiosque.ecoledesponts.fr\/rapport-activite-2021\/wp-json\/wp\/v2\/pages\/1471"}],"wp:attachment":[{"href":"https:\/\/kiosque.ecoledesponts.fr\/rapport-activite-2021\/wp-json\/wp\/v2\/media?parent=1475"}],"wp:term":[{"taxonomy":"post_tag","embeddable":true,"href":"https:\/\/kiosque.ecoledesponts.fr\/rapport-activite-2021\/wp-json\/wp\/v2\/tags?post=1475"}],"curies":[{"name":"wp","href":"https:\/\/api.w.org\/{rel}","templated":true}]}}