{"id":1573,"date":"2022-08-15T11:28:21","date_gmt":"2022-08-15T09:28:21","guid":{"rendered":"http:\/\/kiosque.ecoledesponts.fr\/rapport-activite-2021\/?page_id=1573"},"modified":"2023-01-02T17:15:58","modified_gmt":"2023-01-02T16:15:58","slug":"promouvoir-la-science-ouverte","status":"publish","type":"page","link":"https:\/\/kiosque.ecoledesponts.fr\/rapport-activite-2021\/partager-la-culture-scientifique\/partager-la-science\/promouvoir-la-science-ouverte\/","title":{"rendered":"Promouvoir la science ouverte"},"content":{"rendered":"<!--themify_builder_content-->\n<div id=\"themify_builder_content-1573\" data-postid=\"1573\" class=\"themify_builder_content themify_builder_content-1573 themify_builder tf_clear\">\n    <\/div>\n<!--\/themify_builder_content-->\n\n<p>Mis en \u0153uvre depuis 2020, le plan Science ouverte de l\u2019\u00c9cole des Ponts ParisTech vise l\u2019objectif de 100\u2005% des publications en acc\u00e8s ouvert d\u2019ici \u00e0 fin 2024. Il s\u2019articule autour de l\u2019ouverture des publications (Open Access) et l\u2019ouverture des donn\u00e9es (Open Data).<\/p>\n<h2>Open Access\u202f: l\u2019acc\u00e8s ouvert aux publications<\/h2>\n<p><img decoding=\"async\" loading=\"lazy\" class=\"size-medium wp-image-2235 alignleft\" src=\"http:\/\/kiosque.ecoledesponts.fr\/rapport-activite-2021\/wp-content\/uploads\/sites\/3\/2022\/08\/open_access-300x255.jpg\" alt=\"Open access\" width=\"300\" height=\"255\" srcset=\"https:\/\/kiosque.ecoledesponts.fr\/rapport-activite-2021\/wp-content\/uploads\/sites\/3\/2022\/08\/open_access-300x255.jpg 300w, https:\/\/kiosque.ecoledesponts.fr\/rapport-activite-2021\/wp-content\/uploads\/sites\/3\/2022\/08\/open_access.jpg 458w\" sizes=\"(max-width: 300px) 100vw, 300px\" \/>L\u2019\u00c9cole des Ponts ParisTech a renouvel\u00e9 en 2021 sa campagne d\u2019incitation au d\u00e9p\u00f4t des publications en full-text sur HAL-ENPC, au moyen de mailings personnalis\u00e9s adress\u00e9s aux auteurs de publications 2019-2020 qui ne sont pas en Open Access. Cette initiative a permis de collecter et de d\u00e9poser des post-prints dans HAL, avec l\u2019accord des chercheurs.<\/p>\n<p>Des animations autour de la science ouverte et de l\u2019int\u00e9grit\u00e9 scientifique ont \u00e9galement \u00e9t\u00e9 organis\u00e9es\u202f: plusieurs Drop-in sessions en f\u00e9vrier ainsi qu\u2019une exposition lors de la Semaine internationale de l\u2019Open Access, en octobre. Les panneaux circulent depuis dans les laboratoires, favorisant les \u00e9changes avec les chercheurs.<\/p>\n<p>L\u2019une des deux newsletters diffus\u00e9es en 2021 par le p\u00f4le Information scientifique et technique \u00e9tait par ailleurs consacr\u00e9e aux 20 ans de l\u2019archive ouverte HAL.<\/p>\n<h2>Open Data\u202f: l\u2019acc\u00e8s ouvert aux donn\u00e9es<\/h2>\n<p>L\u2019\u00c9cole, qui participe au groupe de travail sur les donn\u00e9es de la recherche dans le cadre du Comit\u00e9 national pour la science ouverte, s\u2019est fix\u00e9 l\u2019objectif de partager 100\u2005% des donn\u00e9es de la recherche partageables, sur le p\u00e9rim\u00e8tre des projets europ\u00e9ens et ANR. Pour ce faire, elle accompagne la mise en place de plans de gestion de donn\u00e9es (DMP), dont six en 2021. Elle a \u00e9galement r\u00e9pondu \u00e0 l\u2019appel \u00e0 manifestation d\u2019int\u00e9r\u00eat \u00ab\u202fAteliers de la donn\u00e9e\u202f\u00bb lanc\u00e9 par le minist\u00e8re de l\u2019Enseignement sup\u00e9rieur, de la Recherche et de l\u2019Innovation, en lien avec l\u2019ouverture de l\u2019entrep\u00f4t national des donn\u00e9es Recherche Data Gouv (<a href=\"https:\/\/recherche.data.gouv.fr\/fr\">recherche.data.gouv.fr<\/a>).<\/p>","protected":false},"excerpt":{"rendered":"<p>Mis en \u0153uvre depuis 2020, le plan Science ouverte de l\u2019\u00c9cole des Ponts ParisTech vise l\u2019objectif de 100\u2005% des publications en acc\u00e8s ouvert d\u2019ici \u00e0 fin 2024. Il s\u2019articule autour de l\u2019ouverture des publications (Open Access) et l\u2019ouverture des donn\u00e9es (Open Data). Open Access\u202f: l\u2019acc\u00e8s ouvert aux publications L\u2019\u00c9cole des Ponts ParisTech a renouvel\u00e9 en [&hellip;]<\/p>\n","protected":false},"author":1,"featured_media":0,"parent":1543,"menu_order":0,"comment_status":"closed","ping_status":"closed","template":"page_bleu.php","meta":[],"tags":[31,29,35],"acf":[],"yoast_head":"<!-- This site is optimized with the Yoast SEO plugin v21.1 - https:\/\/yoast.com\/wordpress\/plugins\/seo\/ -->\n<title>Promouvoir la science ouverte - Rapport d&#039;activit\u00e9 2021<\/title>\n<meta name=\"robots\" content=\"index, follow, max-snippet:-1, max-image-preview:large, max-video-preview:-1\" \/>\n<link rel=\"canonical\" href=\"https:\/\/kiosque.ecoledesponts.fr\/rapport-activite-2021\/partager-la-culture-scientifique\/partager-la-science\/promouvoir-la-science-ouverte\/\" \/>\n<meta property=\"og:locale\" content=\"fr_FR\" \/>\n<meta property=\"og:type\" content=\"article\" \/>\n<meta property=\"og:title\" content=\"Promouvoir la science ouverte - Rapport d&#039;activit\u00e9 2021\" \/>\n<meta property=\"og:description\" content=\"Mis en \u0153uvre depuis 2020, le plan Science ouverte de l\u2019\u00c9cole des Ponts ParisTech vise l\u2019objectif de 100\u2005% des publications en acc\u00e8s ouvert d\u2019ici \u00e0 fin 2024. Il s\u2019articule autour de l\u2019ouverture des publications (Open Access) et l\u2019ouverture des donn\u00e9es (Open Data). Open Access\u202f: l\u2019acc\u00e8s ouvert aux publications L\u2019\u00c9cole des Ponts ParisTech a renouvel\u00e9 en [&hellip;]\" \/>\n<meta property=\"og:url\" content=\"https:\/\/kiosque.ecoledesponts.fr\/rapport-activite-2021\/partager-la-culture-scientifique\/partager-la-science\/promouvoir-la-science-ouverte\/\" \/>\n<meta property=\"og:site_name\" content=\"Rapport d&#039;activit\u00e9 2021\" \/>\n<meta property=\"article:modified_time\" content=\"2023-01-02T16:15:58+00:00\" \/>\n<meta property=\"og:image\" content=\"http:\/\/kiosque.ecoledesponts.fr\/rapport-activite-2021\/wp-content\/uploads\/sites\/3\/2022\/08\/open_access-300x255.jpg\" \/>\n<meta name=\"twitter:card\" content=\"summary_large_image\" \/>\n<meta name=\"twitter:label1\" content=\"Dur\u00e9e de lecture estim\u00e9e\" \/>\n\t<meta name=\"twitter:data1\" content=\"2 minutes\" \/>\n<script type=\"application\/ld+json\" class=\"yoast-schema-graph\">{\"@context\":\"https:\/\/schema.org\",\"@graph\":[{\"@type\":\"WebPage\",\"@id\":\"https:\/\/kiosque.ecoledesponts.fr\/rapport-activite-2021\/partager-la-culture-scientifique\/partager-la-science\/promouvoir-la-science-ouverte\/\",\"url\":\"https:\/\/kiosque.ecoledesponts.fr\/rapport-activite-2021\/partager-la-culture-scientifique\/partager-la-science\/promouvoir-la-science-ouverte\/\",\"name\":\"Promouvoir la science ouverte - Rapport d'activit\u00e9 2021\",\"isPartOf\":{\"@id\":\"https:\/\/kiosque.ecoledesponts.fr\/rapport-activite-2021\/#website\"},\"datePublished\":\"2022-08-15T09:28:21+00:00\",\"dateModified\":\"2023-01-02T16:15:58+00:00\",\"breadcrumb\":{\"@id\":\"https:\/\/kiosque.ecoledesponts.fr\/rapport-activite-2021\/partager-la-culture-scientifique\/partager-la-science\/promouvoir-la-science-ouverte\/#breadcrumb\"},\"inLanguage\":\"fr-FR\",\"potentialAction\":[{\"@type\":\"ReadAction\",\"target\":[\"https:\/\/kiosque.ecoledesponts.fr\/rapport-activite-2021\/partager-la-culture-scientifique\/partager-la-science\/promouvoir-la-science-ouverte\/\"]}]},{\"@type\":\"BreadcrumbList\",\"@id\":\"https:\/\/kiosque.ecoledesponts.fr\/rapport-activite-2021\/partager-la-culture-scientifique\/partager-la-science\/promouvoir-la-science-ouverte\/#breadcrumb\",\"itemListElement\":[{\"@type\":\"ListItem\",\"position\":1,\"name\":\"Accueil\",\"item\":\"https:\/\/kiosque.ecoledesponts.fr\/rapport-activite-2021\/\"},{\"@type\":\"ListItem\",\"position\":2,\"name\":\"Partager la culture scientifique et communiquer\",\"item\":\"https:\/\/kiosque.ecoledesponts.fr\/rapport-activite-2021\/partager-la-culture-scientifique\/\"},{\"@type\":\"ListItem\",\"position\":3,\"name\":\"Partager la science, des publications aux donn\u00e9es\",\"item\":\"https:\/\/kiosque.ecoledesponts.fr\/rapport-activite-2021\/partager-la-culture-scientifique\/partager-la-science\/\"},{\"@type\":\"ListItem\",\"position\":4,\"name\":\"Promouvoir la science ouverte\"}]},{\"@type\":\"WebSite\",\"@id\":\"https:\/\/kiosque.ecoledesponts.fr\/rapport-activite-2021\/#website\",\"url\":\"https:\/\/kiosque.ecoledesponts.fr\/rapport-activite-2021\/\",\"name\":\"Rapport d'activit\u00e9 2021\",\"description\":\"Un site utilisant Les sites du kiosque des ponts\",\"potentialAction\":[{\"@type\":\"SearchAction\",\"target\":{\"@type\":\"EntryPoint\",\"urlTemplate\":\"https:\/\/kiosque.ecoledesponts.fr\/rapport-activite-2021\/?s={search_term_string}\"},\"query-input\":\"required name=search_term_string\"}],\"inLanguage\":\"fr-FR\"}]}<\/script>\n<!-- \/ Yoast SEO plugin. -->","yoast_head_json":{"title":"Promouvoir la science ouverte - Rapport d'activit\u00e9 2021","robots":{"index":"index","follow":"follow","max-snippet":"max-snippet:-1","max-image-preview":"max-image-preview:large","max-video-preview":"max-video-preview:-1"},"canonical":"https:\/\/kiosque.ecoledesponts.fr\/rapport-activite-2021\/partager-la-culture-scientifique\/partager-la-science\/promouvoir-la-science-ouverte\/","og_locale":"fr_FR","og_type":"article","og_title":"Promouvoir la science ouverte - Rapport d'activit\u00e9 2021","og_description":"Mis en \u0153uvre depuis 2020, le plan Science ouverte de l\u2019\u00c9cole des Ponts ParisTech vise l\u2019objectif de 100\u2005% des publications en acc\u00e8s ouvert d\u2019ici \u00e0 fin 2024. Il s\u2019articule autour de l\u2019ouverture des publications (Open Access) et l\u2019ouverture des donn\u00e9es (Open Data). Open Access\u202f: l\u2019acc\u00e8s ouvert aux publications L\u2019\u00c9cole des Ponts ParisTech a renouvel\u00e9 en [&hellip;]","og_url":"https:\/\/kiosque.ecoledesponts.fr\/rapport-activite-2021\/partager-la-culture-scientifique\/partager-la-science\/promouvoir-la-science-ouverte\/","og_site_name":"Rapport d'activit\u00e9 2021","article_modified_time":"2023-01-02T16:15:58+00:00","og_image":[{"url":"http:\/\/kiosque.ecoledesponts.fr\/rapport-activite-2021\/wp-content\/uploads\/sites\/3\/2022\/08\/open_access-300x255.jpg"}],"twitter_card":"summary_large_image","twitter_misc":{"Dur\u00e9e de lecture estim\u00e9e":"2 minutes"},"schema":{"@context":"https:\/\/schema.org","@graph":[{"@type":"WebPage","@id":"https:\/\/kiosque.ecoledesponts.fr\/rapport-activite-2021\/partager-la-culture-scientifique\/partager-la-science\/promouvoir-la-science-ouverte\/","url":"https:\/\/kiosque.ecoledesponts.fr\/rapport-activite-2021\/partager-la-culture-scientifique\/partager-la-science\/promouvoir-la-science-ouverte\/","name":"Promouvoir la science ouverte - Rapport d'activit\u00e9 2021","isPartOf":{"@id":"https:\/\/kiosque.ecoledesponts.fr\/rapport-activite-2021\/#website"},"datePublished":"2022-08-15T09:28:21+00:00","dateModified":"2023-01-02T16:15:58+00:00","breadcrumb":{"@id":"https:\/\/kiosque.ecoledesponts.fr\/rapport-activite-2021\/partager-la-culture-scientifique\/partager-la-science\/promouvoir-la-science-ouverte\/#breadcrumb"},"inLanguage":"fr-FR","potentialAction":[{"@type":"ReadAction","target":["https:\/\/kiosque.ecoledesponts.fr\/rapport-activite-2021\/partager-la-culture-scientifique\/partager-la-science\/promouvoir-la-science-ouverte\/"]}]},{"@type":"BreadcrumbList","@id":"https:\/\/kiosque.ecoledesponts.fr\/rapport-activite-2021\/partager-la-culture-scientifique\/partager-la-science\/promouvoir-la-science-ouverte\/#breadcrumb","itemListElement":[{"@type":"ListItem","position":1,"name":"Accueil","item":"https:\/\/kiosque.ecoledesponts.fr\/rapport-activite-2021\/"},{"@type":"ListItem","position":2,"name":"Partager la culture scientifique et communiquer","item":"https:\/\/kiosque.ecoledesponts.fr\/rapport-activite-2021\/partager-la-culture-scientifique\/"},{"@type":"ListItem","position":3,"name":"Partager la science, des publications aux donn\u00e9es","item":"https:\/\/kiosque.ecoledesponts.fr\/rapport-activite-2021\/partager-la-culture-scientifique\/partager-la-science\/"},{"@type":"ListItem","position":4,"name":"Promouvoir la science ouverte"}]},{"@type":"WebSite","@id":"https:\/\/kiosque.ecoledesponts.fr\/rapport-activite-2021\/#website","url":"https:\/\/kiosque.ecoledesponts.fr\/rapport-activite-2021\/","name":"Rapport d'activit\u00e9 2021","description":"Un site utilisant Les sites du kiosque des ponts","potentialAction":[{"@type":"SearchAction","target":{"@type":"EntryPoint","urlTemplate":"https:\/\/kiosque.ecoledesponts.fr\/rapport-activite-2021\/?s={search_term_string}"},"query-input":"required name=search_term_string"}],"inLanguage":"fr-FR"}]}},"builder_content":"","_links":{"self":[{"href":"https:\/\/kiosque.ecoledesponts.fr\/rapport-activite-2021\/wp-json\/wp\/v2\/pages\/1573"}],"collection":[{"href":"https:\/\/kiosque.ecoledesponts.fr\/rapport-activite-2021\/wp-json\/wp\/v2\/pages"}],"about":[{"href":"https:\/\/kiosque.ecoledesponts.fr\/rapport-activite-2021\/wp-json\/wp\/v2\/types\/page"}],"author":[{"embeddable":true,"href":"https:\/\/kiosque.ecoledesponts.fr\/rapport-activite-2021\/wp-json\/wp\/v2\/users\/1"}],"replies":[{"embeddable":true,"href":"https:\/\/kiosque.ecoledesponts.fr\/rapport-activite-2021\/wp-json\/wp\/v2\/comments?post=1573"}],"version-history":[{"count":15,"href":"https:\/\/kiosque.ecoledesponts.fr\/rapport-activite-2021\/wp-json\/wp\/v2\/pages\/1573\/revisions"}],"predecessor-version":[{"id":3983,"href":"https:\/\/kiosque.ecoledesponts.fr\/rapport-activite-2021\/wp-json\/wp\/v2\/pages\/1573\/revisions\/3983"}],"up":[{"embeddable":true,"href":"https:\/\/kiosque.ecoledesponts.fr\/rapport-activite-2021\/wp-json\/wp\/v2\/pages\/1543"}],"wp:attachment":[{"href":"https:\/\/kiosque.ecoledesponts.fr\/rapport-activite-2021\/wp-json\/wp\/v2\/media?parent=1573"}],"wp:term":[{"taxonomy":"post_tag","embeddable":true,"href":"https:\/\/kiosque.ecoledesponts.fr\/rapport-activite-2021\/wp-json\/wp\/v2\/tags?post=1573"}],"curies":[{"name":"wp","href":"https:\/\/api.w.org\/{rel}","templated":true}]}}