{"id":1601,"date":"2022-08-15T11:42:42","date_gmt":"2022-08-15T09:42:42","guid":{"rendered":"http:\/\/kiosque.ecoledesponts.fr\/rapport-activite-2021\/?page_id=1601"},"modified":"2022-09-09T16:39:00","modified_gmt":"2022-09-09T14:39:00","slug":"valoriser-le-patrimoine","status":"publish","type":"page","link":"https:\/\/kiosque.ecoledesponts.fr\/rapport-activite-2021\/partager-la-culture-scientifique\/valoriser-le-patrimoine\/","title":{"rendered":"Valoriser le patrimoine"},"content":{"rendered":"<!--themify_builder_content-->\n<div id=\"themify_builder_content-1601\" data-postid=\"1601\" class=\"themify_builder_content themify_builder_content-1601 themify_builder tf_clear\">\n                    <div  data-lazy=\"1\" class=\"module_row themify_builder_row tb_40ye873 tb_first tf_w\">\n                        <div class=\"row_inner col_align_top tb_col_count_1 tf_box tf_rel\">\n                        <div  data-lazy=\"1\" class=\"module_column tb-column col-full tb_h2su874 first\">\n                    <!-- module plain text -->\n<div  class=\"module module-plain-text tb_65mp730  wow\" data-tf-animation=\"fadeInDown\" data-lazy=\"1\">\n        <div class=\"tb_text_wrap\">\n    <div class=\"chapo\"><p>L\u2019\u00c9cole des Ponts ParisTech m\u00e8ne une politique volontariste de num\u00e9risation et de publication sur le Web de ses collections patrimoniales, \u00e0 des fins de sauvegarde et de diffusion aupr\u00e8s d\u2019un plus large public.<\/p><\/div>    <\/div>\n<\/div>\n<!-- \/module plain text -->        <\/div>\n                        <\/div>\n        <\/div>\n                        <div  data-lazy=\"1\" class=\"module_row themify_builder_row tb_uswv538 tf_w\">\n                        <div class=\"row_inner col_align_top tb_col_count_1 tf_box tf_rel\">\n                        <div  data-lazy=\"1\" class=\"module_column tb-column col-full tb_64yo539 first\">\n                    \n\n<!-- module tile -->\n<div  id=\"tb_bgz154\" class=\"module module-tile tb_bgz154 size-landscape flip-horizontal has-flip bloc_btn tuile_image titre_off tuile_25 tile-type-front-text  tf_mw tf_opacity wow\" data-tf-animation=\"fadeInLeft\" data-lazy=\"1\" data-auto-flip=\"0\" data-in-effect=\"flip-horizontal\" >\n\t\t\t<div class=\"tile-flip-box-wrap tf_abs tf_box tf_overflow tf_w tf_h\">\n\t\t\n\t\t\t\t\t<style>\n\t\t\t\t.module.tb_bgz154 .tile-front{background-image:url(\"http:\/\/kiosque.ecoledesponts.fr\/rapport-activite-2021\/wp-content\/uploads\/sites\/3\/2022\/08\/heritagedesponts_p6.jpg\")}.module.tb_bgz154 .tile-back{background-image:url(\"http:\/\/kiosque.ecoledesponts.fr\/rapport-activite-2021\/wp-content\/uploads\/sites\/3\/2022\/08\/heritagedesponts_p6.jpg\")}\t\t\t<\/style>\n\t\t\t\t\n\t\t\t\t\t<div class=\"tile-front tile-type-text ui tb_default_color tf_box tf_w tf_h tf_overflow tf_rel tf_scrollbar\">\n\t\t\t\t<div class=\"tile-inner tf_box\">\n\t\t\t\t\t\t\t\t\t\t\t\t\t\t\t\t\t\t<h4 class=\"tile-title\">Le patrimoine num\u00e9ris\u00e9<\/h4>\n\t\t\t\t\t\t\n\t\t\t\t\t\t<div class=\"tile-content\">\n\t\t\t\t\t\t\t<h3>Le patrimoine num\u00e9ris\u00e9<\/h3>\t\t\t\t\t\t<\/div>\n\t\t\t\t\t\n\t\t\t\t\t\t\t\t\t\t\t<a href=\"\/rapport-activite-2021\/partager-la-culture-scientifique\/valoriser-le-patrimoine\/le-patrimoine-numerise\/\" class=\"action-button\"><span><\/span><\/a>\n\t\t\t\t\t\t\t\t\t\t\t\t\t\t\t\t<a href=\"#\" class=\"tile-flip-back-button tf_hide\"><\/a>\n\t\t\t\t\t\t\t\t\t<\/div>\n\t\t\t<\/div><!-- .tile-front -->\n\n\t\t\t\t\t<div class=\"tile-back tile-type-text ui tb_default_color tf_box tf_w tf_h tf_overflow tf_abs tf_hidden tf_scrollbar\">\n\t\t\t\t<div class=\"tile-inner tf_box\">\n\t\t\t\t\t\t\t\t\t\t\t\t\t\t\t\t\t\t<h4 class=\"tile-title\">Le patrimoine num\u00e9ris\u00e9<\/h4>\n\t\t\t\t\t\t\n\t\t\t\t\t\t<div class=\"tile-content\">\n\t\t\t\t\t\t\t<h3>Le patrimoine num\u00e9ris\u00e9<\/h3>\t\t\t\t\t\t<\/div>\n\t\t\t\t\t\n\t\t\t\t\t\t\t\t\t\t\t<a href=\"\/rapport-activite-2021\/partager-la-culture-scientifique\/valoriser-le-patrimoine\/le-patrimoine-numerise\/\" class=\"action-button\"><span><\/span><\/a>\n\t\t\t\t\t\t\t\t\t\t\t\t\t\t\t\t<a href=\"#\" class=\"tile-flip-back-button tf_hide\"><\/a>\n\t\t\t\t\t\t\t\t\t<\/div>\n\t\t\t<\/div><!-- .tile-back -->\n\n\t\t\t<\/div>\n\n\t<\/div><!-- \/module tile -->\n\n<!-- module tile -->\n<div  id=\"tb_7ib4629\" class=\"module module-tile tb_7ib4629 size-square-small flip-horizontal has-flip bloc_btn tuile_bleu titre_off tuile_25 tile-type-front-text  tf_mw tf_opacity wow\" data-tf-animation=\"fadeInDown\" data-lazy=\"1\" data-auto-flip=\"0\" data-in-effect=\"flip-horizontal\" >\n\t\t\t<div class=\"tile-flip-box-wrap tf_abs tf_box tf_overflow tf_w tf_h\">\n\t\t\n\t\t\t\t\n\t\t\t\t\t<div class=\"tile-front tile-type-text ui tb_default_color tf_box tf_w tf_h tf_overflow tf_rel tf_scrollbar\">\n\t\t\t\t<div class=\"tile-inner tf_box\">\n\t\t\t\t\t\t\t\t\t\t\t\t\t\t\t\t\t\t<h4 class=\"tile-title\">\u00c0 la d\u00e9couverte du patrimoine<\/h4>\n\t\t\t\t\t\t\n\t\t\t\t\t\t<div class=\"tile-content\">\n\t\t\t\t\t\t\t<h3>\u00c0 la d\u00e9couverte du patrimoine<\/h3>\t\t\t\t\t\t<\/div>\n\t\t\t\t\t\n\t\t\t\t\t\t\t\t\t\t\t<a href=\"\/rapport-activite-2021\/partager-la-culture-scientifique\/valoriser-le-patrimoine\/a-la-decouverte-du-patrimoine\/\" class=\"action-button\"><span><\/span><\/a>\n\t\t\t\t\t\t\t\t\t\t\t\t\t\t\t\t<a href=\"#\" class=\"tile-flip-back-button tf_hide\"><\/a>\n\t\t\t\t\t\t\t\t\t<\/div>\n\t\t\t<\/div><!-- .tile-front -->\n\n\t\t\t\t\t<div class=\"tile-back tile-type-text ui tb_default_color tf_box tf_w tf_h tf_overflow tf_abs tf_hidden tf_scrollbar\">\n\t\t\t\t<div class=\"tile-inner tf_box\">\n\t\t\t\t\t\t\t\t\t\t\t\t\t\t\t\t\t\t<h4 class=\"tile-title\">\u00c0 la d\u00e9couverte du patrimoine<\/h4>\n\t\t\t\t\t\t\n\t\t\t\t\t\t<div class=\"tile-content\">\n\t\t\t\t\t\t\t<h3>\u00c0 la d\u00e9couverte du patrimoine<\/h3>\t\t\t\t\t\t<\/div>\n\t\t\t\t\t\n\t\t\t\t\t\t\t\t\t\t\t<a href=\"\/rapport-activite-2021\/partager-la-culture-scientifique\/valoriser-le-patrimoine\/a-la-decouverte-du-patrimoine\/\" class=\"action-button\"><span><\/span><\/a>\n\t\t\t\t\t\t\t\t\t\t\t\t\t\t\t\t<a href=\"#\" class=\"tile-flip-back-button tf_hide\"><\/a>\n\t\t\t\t\t\t\t\t\t<\/div>\n\t\t\t<\/div><!-- .tile-back -->\n\n\t\t\t<\/div>\n\n\t<\/div><!-- \/module tile -->\n\n<!-- module tile -->\n<div  id=\"tb_pyyb257\" class=\"module module-tile tb_pyyb257 size-square-small flip-horizontal has-flip bloc_btn tuile_image titre_off tuile_25 tile-type-front-text  tf_mw tf_opacity wow\" data-tf-animation=\"fadeInRight\" data-lazy=\"1\" data-auto-flip=\"0\" data-in-effect=\"flip-horizontal\" >\n\t\t\t<div class=\"tile-flip-box-wrap tf_abs tf_box tf_overflow tf_w tf_h\">\n\t\t\n\t\t\t\t\t<style>\n\t\t\t\t.module.tb_pyyb257 .tile-front{background-image:url(\"http:\/\/kiosque.ecoledesponts.fr\/rapport-activite-2021\/wp-content\/uploads\/sites\/3\/2022\/08\/atlastrudaine_2_p7.jpg\")}.module.tb_pyyb257 .tile-back{background-image:url(\"http:\/\/kiosque.ecoledesponts.fr\/rapport-activite-2021\/wp-content\/uploads\/sites\/3\/2022\/08\/atlastrudaine_2_p7.jpg\")}\t\t\t<\/style>\n\t\t\t\t\n\t\t\t\t\t<div class=\"tile-front tile-type-text ui tb_default_color tf_box tf_w tf_h tf_overflow tf_rel tf_scrollbar\">\n\t\t\t\t<div class=\"tile-inner tf_box\">\n\t\t\t\t\t\t\t\t\t\t\t\t\t\t\t\t\t\t<h4 class=\"tile-title\">L\u2019enrichissement des collections<\/h4>\n\t\t\t\t\t\t\n\t\t\t\t\t\t<div class=\"tile-content\">\n\t\t\t\t\t\t\t<h3>L\u2019enrichissement des collections<\/h3>\t\t\t\t\t\t<\/div>\n\t\t\t\t\t\n\t\t\t\t\t\t\t\t\t\t\t<a href=\"\/rapport-activite-2021\/partager-la-culture-scientifique\/valoriser-le-patrimoine\/lenrichissement-des-collections\/\" class=\"action-button\"><span><\/span><\/a>\n\t\t\t\t\t\t\t\t\t\t\t\t\t\t\t\t<a href=\"#\" class=\"tile-flip-back-button tf_hide\"><\/a>\n\t\t\t\t\t\t\t\t\t<\/div>\n\t\t\t<\/div><!-- .tile-front -->\n\n\t\t\t\t\t<div class=\"tile-back tile-type-text ui tb_default_color tf_box tf_w tf_h tf_overflow tf_abs tf_hidden tf_scrollbar\">\n\t\t\t\t<div class=\"tile-inner tf_box\">\n\t\t\t\t\t\t\t\t\t\t\t\t\t\t\t\t\t\t<h4 class=\"tile-title\">L\u2019enrichissement des collections<\/h4>\n\t\t\t\t\t\t\n\t\t\t\t\t\t<div class=\"tile-content\">\n\t\t\t\t\t\t\t<h3>L\u2019enrichissement des collections<\/h3>\t\t\t\t\t\t<\/div>\n\t\t\t\t\t\n\t\t\t\t\t\t\t\t\t\t\t<a href=\"\/rapport-activite-2021\/partager-la-culture-scientifique\/valoriser-le-patrimoine\/lenrichissement-des-collections\/\" class=\"action-button\"><span><\/span><\/a>\n\t\t\t\t\t\t\t\t\t\t\t\t\t\t\t\t<a href=\"#\" class=\"tile-flip-back-button tf_hide\"><\/a>\n\t\t\t\t\t\t\t\t\t<\/div>\n\t\t\t<\/div><!-- .tile-back -->\n\n\t\t\t<\/div>\n\n\t<\/div><!-- \/module tile -->        <\/div>\n                        <\/div>\n        <\/div>\n        <\/div>\n<!--\/themify_builder_content-->","protected":false},"excerpt":{"rendered":"<p>L\u2019\u00c9cole des Ponts ParisTech m\u00e8ne une politique volontariste de num\u00e9risation et de publication sur le Web de ses collections patrimoniales, \u00e0 des fins de sauvegarde et de diffusion aupr\u00e8s d\u2019un plus large public. Le patrimoine num\u00e9ris\u00e9 Le patrimoine num\u00e9ris\u00e9 Le patrimoine num\u00e9ris\u00e9 Le patrimoine num\u00e9ris\u00e9 \u00c0 la d\u00e9couverte du patrimoine \u00c0 la d\u00e9couverte du patrimoine [&hellip;]<\/p>\n","protected":false},"author":1,"featured_media":0,"parent":51,"menu_order":0,"comment_status":"closed","ping_status":"closed","template":"","meta":[],"tags":[],"acf":[],"yoast_head":"<!-- This site is optimized with the Yoast SEO plugin v21.1 - https:\/\/yoast.com\/wordpress\/plugins\/seo\/ -->\n<title>Valoriser le patrimoine - Rapport d&#039;activit\u00e9 2021<\/title>\n<meta name=\"robots\" content=\"index, follow, max-snippet:-1, max-image-preview:large, max-video-preview:-1\" \/>\n<link rel=\"canonical\" href=\"https:\/\/kiosque.ecoledesponts.fr\/rapport-activite-2021\/partager-la-culture-scientifique\/valoriser-le-patrimoine\/\" \/>\n<meta property=\"og:locale\" content=\"fr_FR\" \/>\n<meta property=\"og:type\" content=\"article\" \/>\n<meta property=\"og:title\" content=\"Valoriser le patrimoine - Rapport d&#039;activit\u00e9 2021\" \/>\n<meta property=\"og:description\" content=\"L\u2019\u00c9cole des Ponts ParisTech m\u00e8ne une politique volontariste de num\u00e9risation et de publication sur le Web de ses collections patrimoniales, \u00e0 des fins de sauvegarde et de diffusion aupr\u00e8s d\u2019un plus large public. Le patrimoine num\u00e9ris\u00e9 Le patrimoine num\u00e9ris\u00e9 Le patrimoine num\u00e9ris\u00e9 Le patrimoine num\u00e9ris\u00e9 \u00c0 la d\u00e9couverte du patrimoine \u00c0 la d\u00e9couverte du patrimoine [&hellip;]\" \/>\n<meta property=\"og:url\" content=\"https:\/\/kiosque.ecoledesponts.fr\/rapport-activite-2021\/partager-la-culture-scientifique\/valoriser-le-patrimoine\/\" \/>\n<meta property=\"og:site_name\" content=\"Rapport d&#039;activit\u00e9 2021\" \/>\n<meta property=\"article:modified_time\" content=\"2022-09-09T14:39:00+00:00\" \/>\n<meta name=\"twitter:card\" content=\"summary_large_image\" \/>\n<script type=\"application\/ld+json\" class=\"yoast-schema-graph\">{\"@context\":\"https:\/\/schema.org\",\"@graph\":[{\"@type\":\"WebPage\",\"@id\":\"https:\/\/kiosque.ecoledesponts.fr\/rapport-activite-2021\/partager-la-culture-scientifique\/valoriser-le-patrimoine\/\",\"url\":\"https:\/\/kiosque.ecoledesponts.fr\/rapport-activite-2021\/partager-la-culture-scientifique\/valoriser-le-patrimoine\/\",\"name\":\"Valoriser le patrimoine - Rapport d'activit\u00e9 2021\",\"isPartOf\":{\"@id\":\"https:\/\/kiosque.ecoledesponts.fr\/rapport-activite-2021\/#website\"},\"datePublished\":\"2022-08-15T09:42:42+00:00\",\"dateModified\":\"2022-09-09T14:39:00+00:00\",\"breadcrumb\":{\"@id\":\"https:\/\/kiosque.ecoledesponts.fr\/rapport-activite-2021\/partager-la-culture-scientifique\/valoriser-le-patrimoine\/#breadcrumb\"},\"inLanguage\":\"fr-FR\",\"potentialAction\":[{\"@type\":\"ReadAction\",\"target\":[\"https:\/\/kiosque.ecoledesponts.fr\/rapport-activite-2021\/partager-la-culture-scientifique\/valoriser-le-patrimoine\/\"]}]},{\"@type\":\"BreadcrumbList\",\"@id\":\"https:\/\/kiosque.ecoledesponts.fr\/rapport-activite-2021\/partager-la-culture-scientifique\/valoriser-le-patrimoine\/#breadcrumb\",\"itemListElement\":[{\"@type\":\"ListItem\",\"position\":1,\"name\":\"Accueil\",\"item\":\"https:\/\/kiosque.ecoledesponts.fr\/rapport-activite-2021\/\"},{\"@type\":\"ListItem\",\"position\":2,\"name\":\"Partager la culture scientifique et communiquer\",\"item\":\"https:\/\/kiosque.ecoledesponts.fr\/rapport-activite-2021\/partager-la-culture-scientifique\/\"},{\"@type\":\"ListItem\",\"position\":3,\"name\":\"Valoriser le patrimoine\"}]},{\"@type\":\"WebSite\",\"@id\":\"https:\/\/kiosque.ecoledesponts.fr\/rapport-activite-2021\/#website\",\"url\":\"https:\/\/kiosque.ecoledesponts.fr\/rapport-activite-2021\/\",\"name\":\"Rapport d'activit\u00e9 2021\",\"description\":\"Un site utilisant Les sites du kiosque des ponts\",\"potentialAction\":[{\"@type\":\"SearchAction\",\"target\":{\"@type\":\"EntryPoint\",\"urlTemplate\":\"https:\/\/kiosque.ecoledesponts.fr\/rapport-activite-2021\/?s={search_term_string}\"},\"query-input\":\"required name=search_term_string\"}],\"inLanguage\":\"fr-FR\"}]}<\/script>\n<!-- \/ Yoast SEO plugin. -->","yoast_head_json":{"title":"Valoriser le patrimoine - Rapport d'activit\u00e9 2021","robots":{"index":"index","follow":"follow","max-snippet":"max-snippet:-1","max-image-preview":"max-image-preview:large","max-video-preview":"max-video-preview:-1"},"canonical":"https:\/\/kiosque.ecoledesponts.fr\/rapport-activite-2021\/partager-la-culture-scientifique\/valoriser-le-patrimoine\/","og_locale":"fr_FR","og_type":"article","og_title":"Valoriser le patrimoine - Rapport d'activit\u00e9 2021","og_description":"L\u2019\u00c9cole des Ponts ParisTech m\u00e8ne une politique volontariste de num\u00e9risation et de publication sur le Web de ses collections patrimoniales, \u00e0 des fins de sauvegarde et de diffusion aupr\u00e8s d\u2019un plus large public. Le patrimoine num\u00e9ris\u00e9 Le patrimoine num\u00e9ris\u00e9 Le patrimoine num\u00e9ris\u00e9 Le patrimoine num\u00e9ris\u00e9 \u00c0 la d\u00e9couverte du patrimoine \u00c0 la d\u00e9couverte du patrimoine [&hellip;]","og_url":"https:\/\/kiosque.ecoledesponts.fr\/rapport-activite-2021\/partager-la-culture-scientifique\/valoriser-le-patrimoine\/","og_site_name":"Rapport d'activit\u00e9 2021","article_modified_time":"2022-09-09T14:39:00+00:00","twitter_card":"summary_large_image","schema":{"@context":"https:\/\/schema.org","@graph":[{"@type":"WebPage","@id":"https:\/\/kiosque.ecoledesponts.fr\/rapport-activite-2021\/partager-la-culture-scientifique\/valoriser-le-patrimoine\/","url":"https:\/\/kiosque.ecoledesponts.fr\/rapport-activite-2021\/partager-la-culture-scientifique\/valoriser-le-patrimoine\/","name":"Valoriser le patrimoine - Rapport d'activit\u00e9 2021","isPartOf":{"@id":"https:\/\/kiosque.ecoledesponts.fr\/rapport-activite-2021\/#website"},"datePublished":"2022-08-15T09:42:42+00:00","dateModified":"2022-09-09T14:39:00+00:00","breadcrumb":{"@id":"https:\/\/kiosque.ecoledesponts.fr\/rapport-activite-2021\/partager-la-culture-scientifique\/valoriser-le-patrimoine\/#breadcrumb"},"inLanguage":"fr-FR","potentialAction":[{"@type":"ReadAction","target":["https:\/\/kiosque.ecoledesponts.fr\/rapport-activite-2021\/partager-la-culture-scientifique\/valoriser-le-patrimoine\/"]}]},{"@type":"BreadcrumbList","@id":"https:\/\/kiosque.ecoledesponts.fr\/rapport-activite-2021\/partager-la-culture-scientifique\/valoriser-le-patrimoine\/#breadcrumb","itemListElement":[{"@type":"ListItem","position":1,"name":"Accueil","item":"https:\/\/kiosque.ecoledesponts.fr\/rapport-activite-2021\/"},{"@type":"ListItem","position":2,"name":"Partager la culture scientifique et communiquer","item":"https:\/\/kiosque.ecoledesponts.fr\/rapport-activite-2021\/partager-la-culture-scientifique\/"},{"@type":"ListItem","position":3,"name":"Valoriser le patrimoine"}]},{"@type":"WebSite","@id":"https:\/\/kiosque.ecoledesponts.fr\/rapport-activite-2021\/#website","url":"https:\/\/kiosque.ecoledesponts.fr\/rapport-activite-2021\/","name":"Rapport d'activit\u00e9 2021","description":"Un site utilisant Les sites du kiosque des ponts","potentialAction":[{"@type":"SearchAction","target":{"@type":"EntryPoint","urlTemplate":"https:\/\/kiosque.ecoledesponts.fr\/rapport-activite-2021\/?s={search_term_string}"},"query-input":"required name=search_term_string"}],"inLanguage":"fr-FR"}]}},"builder_content":"<p>L\u2019\u00c9cole des Ponts ParisTech m\u00e8ne une politique volontariste de num\u00e9risation et de publication sur le Web de ses collections patrimoniales, \u00e0 des fins de sauvegarde et de diffusion aupr\u00e8s d\u2019un plus large public.<\/p>\n<h4>Le patrimoine num\u00e9ris\u00e9<\/h4> <h3>Le patrimoine num\u00e9ris\u00e9<\/h3> <a href=\"\/rapport-activite-2021\/partager-la-culture-scientifique\/valoriser-le-patrimoine\/le-patrimoine-numerise\/\"><\/a> <a href=\"#\"><\/a> \n <h4>Le patrimoine num\u00e9ris\u00e9<\/h4> <h3>Le patrimoine num\u00e9ris\u00e9<\/h3> <a href=\"\/rapport-activite-2021\/partager-la-culture-scientifique\/valoriser-le-patrimoine\/le-patrimoine-numerise\/\"><\/a> <a href=\"#\"><\/a>\n<h4>\u00c0 la d\u00e9couverte du patrimoine<\/h4> <h3>\u00c0 la d\u00e9couverte du patrimoine<\/h3> <a href=\"\/rapport-activite-2021\/partager-la-culture-scientifique\/valoriser-le-patrimoine\/a-la-decouverte-du-patrimoine\/\"><\/a> <a href=\"#\"><\/a> \n <h4>\u00c0 la d\u00e9couverte du patrimoine<\/h4> <h3>\u00c0 la d\u00e9couverte du patrimoine<\/h3> <a href=\"\/rapport-activite-2021\/partager-la-culture-scientifique\/valoriser-le-patrimoine\/a-la-decouverte-du-patrimoine\/\"><\/a> <a href=\"#\"><\/a>\n<h4>L\u2019enrichissement des collections<\/h4> <h3>L\u2019enrichissement des collections<\/h3> <a href=\"\/rapport-activite-2021\/partager-la-culture-scientifique\/valoriser-le-patrimoine\/lenrichissement-des-collections\/\"><\/a> <a href=\"#\"><\/a> \n <h4>L\u2019enrichissement des collections<\/h4> <h3>L\u2019enrichissement des collections<\/h3> <a href=\"\/rapport-activite-2021\/partager-la-culture-scientifique\/valoriser-le-patrimoine\/lenrichissement-des-collections\/\"><\/a> <a href=\"#\"><\/a>","_links":{"self":[{"href":"https:\/\/kiosque.ecoledesponts.fr\/rapport-activite-2021\/wp-json\/wp\/v2\/pages\/1601"}],"collection":[{"href":"https:\/\/kiosque.ecoledesponts.fr\/rapport-activite-2021\/wp-json\/wp\/v2\/pages"}],"about":[{"href":"https:\/\/kiosque.ecoledesponts.fr\/rapport-activite-2021\/wp-json\/wp\/v2\/types\/page"}],"author":[{"embeddable":true,"href":"https:\/\/kiosque.ecoledesponts.fr\/rapport-activite-2021\/wp-json\/wp\/v2\/users\/1"}],"replies":[{"embeddable":true,"href":"https:\/\/kiosque.ecoledesponts.fr\/rapport-activite-2021\/wp-json\/wp\/v2\/comments?post=1601"}],"version-history":[{"count":11,"href":"https:\/\/kiosque.ecoledesponts.fr\/rapport-activite-2021\/wp-json\/wp\/v2\/pages\/1601\/revisions"}],"predecessor-version":[{"id":3471,"href":"https:\/\/kiosque.ecoledesponts.fr\/rapport-activite-2021\/wp-json\/wp\/v2\/pages\/1601\/revisions\/3471"}],"up":[{"embeddable":true,"href":"https:\/\/kiosque.ecoledesponts.fr\/rapport-activite-2021\/wp-json\/wp\/v2\/pages\/51"}],"wp:attachment":[{"href":"https:\/\/kiosque.ecoledesponts.fr\/rapport-activite-2021\/wp-json\/wp\/v2\/media?parent=1601"}],"wp:term":[{"taxonomy":"post_tag","embeddable":true,"href":"https:\/\/kiosque.ecoledesponts.fr\/rapport-activite-2021\/wp-json\/wp\/v2\/tags?post=1601"}],"curies":[{"name":"wp","href":"https:\/\/api.w.org\/{rel}","templated":true}]}}