{"id":1639,"date":"2022-08-16T08:59:24","date_gmt":"2022-08-16T06:59:24","guid":{"rendered":"http:\/\/kiosque.ecoledesponts.fr\/rapport-activite-2021\/?page_id=1639"},"modified":"2022-09-13T15:54:33","modified_gmt":"2022-09-13T13:54:33","slug":"engagements-organisation-et-moyens","status":"publish","type":"page","link":"https:\/\/kiosque.ecoledesponts.fr\/rapport-activite-2021\/engagements-organisation-et-moyens\/","title":{"rendered":"Engagements, organisation et moyens"},"content":{"rendered":"<!--themify_builder_content-->\n<div id=\"themify_builder_content-1639\" data-postid=\"1639\" class=\"themify_builder_content themify_builder_content-1639 themify_builder tf_clear\">\n                    <div  data-lazy=\"1\" class=\"module_row themify_builder_row tb_vrjq645 tb_first tf_w\">\n                        <div class=\"row_inner col_align_top tb_col_count_1 tf_box tf_rel\">\n                        <div  data-lazy=\"1\" class=\"module_column tb-column col-full tb_3bfz648 first\">\n                    \n\n<!-- module tile -->\n<div  id=\"tb_spgz201\" class=\"module module-tile tb_spgz201 size-square-large flip-horizontal no-flip tuile_image titre_off tuile_25 titre_top tile-type-front-text  tf_mw tf_opacity wow\" data-tf-animation=\"fadeInRight\" data-lazy=\"1\" data-auto-flip=\"0\" data-in-effect=\"flip-horizontal\" >\n\t\t\t<div class=\"tile-flip-box-wrap tf_abs tf_box tf_overflow tf_w tf_h\">\n\t\t\n\t\t\t\t\t<style>\n\t\t\t\t.module.tb_spgz201 .tile-front{background-image:url(\"http:\/\/kiosque.ecoledesponts.fr\/rapport-activite-2021\/wp-content\/uploads\/sites\/3\/2022\/08\/ac_engagements2.jpg\")}\t\t\t<\/style>\n\t\t\t\t\n\t\t\t\t\t<div class=\"tile-front tile-type-text ui tb_default_color tf_box tf_w tf_h tf_overflow tf_rel tf_scrollbar\">\n\t\t\t\t<div class=\"tile-inner tf_box\">\n\t\t\t\t\t\t\t\t\t\t\t\t\t\t\t\t\t\t<h4 class=\"tile-title\">Engagements et moyens<\/h4>\n\t\t\t\t\t\t\n\t\t\t\t\t\t<div class=\"tile-content\">\n\t\t\t\t\t\t\t<h1>Engagements, organisation et moyens<\/h1>\t\t\t\t\t\t<\/div>\n\t\t\t\t\t\n\t\t\t\t\t\t\t\t\t\t\t\t\t\t\t\t<a href=\"#\" class=\"tile-flip-back-button tf_hide\"><\/a>\n\t\t\t\t\t\t\t\t\t<\/div>\n\t\t\t<\/div><!-- .tile-front -->\n\n\t\t\t\t\t<div class=\"tile-back tile-type-text ui tb_default_color tf_box tf_w tf_h tf_overflow tf_abs tf_hidden tf_scrollbar\">\n\t\t\t\t<div class=\"tile-inner tf_box\">\n\t\t\t\t\t\t\t\t\t\t\t\n\t\t\t\t\t\t<div class=\"tile-content\">\n\t\t\t\t\t\t\t\t\t\t\t\t\t<\/div>\n\t\t\t\t\t\n\t\t\t\t\t\t\t\t\t\t\t\t\t\t\t\t<a href=\"#\" class=\"tile-flip-back-button tf_hide\"><\/a>\n\t\t\t\t\t\t\t\t\t<\/div>\n\t\t\t<\/div><!-- .tile-back -->\n\n\t\t\t<\/div>\n\n\t<\/div><!-- \/module tile -->\n\n<!-- module tile -->\n<div  id=\"tb_e1gt471\" class=\"module module-tile tb_e1gt471 size-landscape flip-horizontal has-flip bloc_btn tuile_rouge titre_off tuile_25 tile-type-front-text  tf_mw tf_opacity wow\" data-tf-animation=\"fadeInUp\" data-lazy=\"1\" data-auto-flip=\"0\" data-in-effect=\"flip-horizontal\" >\n\t\t\t<div class=\"tile-flip-box-wrap tf_abs tf_box tf_overflow tf_w tf_h\">\n\t\t\n\t\t\t\t\n\t\t\t\t\t<div class=\"tile-front tile-type-text ui tb_default_color tf_box tf_w tf_h tf_overflow tf_rel tf_scrollbar\">\n\t\t\t\t<div class=\"tile-inner tf_box\">\n\t\t\t\t\t\t\t\t\t\t\t\t\t\t\t\t\t\t<h4 class=\"tile-title\">Une \u00e9cole engag\u00e9e<\/h4>\n\t\t\t\t\t\t\n\t\t\t\t\t\t<div class=\"tile-content\">\n\t\t\t\t\t\t\t<h3>Une \u00e9cole engag\u00e9e<\/h3>\n<p>L\u2019\u00c9cole des Ponts ParisTech veille \u00e0 garantir le respect de tous et de toutes au sein de son \u00e9tablissement, tout en favorisant l\u2019ouverture sociale de ses promotions. Ces enjeux d\u2019\u00e9galit\u00e9 et de diversit\u00e9 s\u2019inscrivent dans sa responsabilit\u00e9 soci\u00e9tale, qui fait aussi une large place \u00e0 la r\u00e9duction de l\u2019empreinte environnementale de ses activit\u00e9s.<\/p>\t\t\t\t\t\t<\/div>\n\t\t\t\t\t\n\t\t\t\t\t\t\t\t\t\t\t<a href=\"\/rapport-activite-2021\/engagements-organisation-et-moyens\/une-ecole-engagee\/\" class=\"action-button\"><span><\/span><\/a>\n\t\t\t\t\t\t\t\t\t\t\t\t\t\t\t\t<a href=\"#\" class=\"tile-flip-back-button tf_hide\"><\/a>\n\t\t\t\t\t\t\t\t\t<\/div>\n\t\t\t<\/div><!-- .tile-front -->\n\n\t\t\t\t\t<div class=\"tile-back tile-type-text ui tb_default_color tf_box tf_w tf_h tf_overflow tf_abs tf_hidden tf_scrollbar\">\n\t\t\t\t<div class=\"tile-inner tf_box\">\n\t\t\t\t\t\t\t\t\t\t\t\t\t\t\t\t\t\t<h4 class=\"tile-title\">Une \u00e9cole engag\u00e9e<\/h4>\n\t\t\t\t\t\t\n\t\t\t\t\t\t<div class=\"tile-content\">\n\t\t\t\t\t\t\t<h3>Une \u00e9cole engag\u00e9e<\/h3>\n<p>L\u2019\u00c9cole des Ponts ParisTech veille \u00e0 garantir le respect de tous et de toutes au sein de son \u00e9tablissement, tout en favorisant l\u2019ouverture sociale de ses promotions. Ces enjeux d\u2019\u00e9galit\u00e9 et de diversit\u00e9 s\u2019inscrivent dans sa responsabilit\u00e9 soci\u00e9tale, qui fait aussi une large place \u00e0 la r\u00e9duction de l\u2019empreinte environnementale de ses activit\u00e9s.<\/p>\t\t\t\t\t\t<\/div>\n\t\t\t\t\t\n\t\t\t\t\t\t\t\t\t\t\t<a href=\"\/rapport-activite-2021\/engagements-organisation-et-moyens\/une-ecole-engagee\/\" class=\"action-button\"><span><\/span><\/a>\n\t\t\t\t\t\t\t\t\t\t\t\t\t\t\t\t<a href=\"#\" class=\"tile-flip-back-button tf_hide\"><\/a>\n\t\t\t\t\t\t\t\t\t<\/div>\n\t\t\t<\/div><!-- .tile-back -->\n\n\t\t\t<\/div>\n\n\t<\/div><!-- \/module tile -->\n\n<!-- module tile -->\n<div  id=\"tb_89a1110\" class=\"module module-tile tb_89a1110 size-landscape flip-horizontal has-flip bloc_btn tuile_vert titre_off tuile_25 tile-type-front-text  tf_mw tf_opacity wow\" data-tf-animation=\"fadeInDown\" data-lazy=\"1\" data-auto-flip=\"0\" data-in-effect=\"flip-horizontal\" >\n\t\t\t<div class=\"tile-flip-box-wrap tf_abs tf_box tf_overflow tf_w tf_h\">\n\t\t\n\t\t\t\t\n\t\t\t\t\t<div class=\"tile-front tile-type-text ui tb_default_color tf_box tf_w tf_h tf_overflow tf_rel tf_scrollbar\">\n\t\t\t\t<div class=\"tile-inner tf_box\">\n\t\t\t\t\t\t\t\t\t\t\t\t\t\t\t\t\t\t<h4 class=\"tile-title\">Organisation et moyens<\/h4>\n\t\t\t\t\t\t\n\t\t\t\t\t\t<div class=\"tile-content\">\n\t\t\t\t\t\t\t<h3>Organisation et moyens<\/h3>\n<p>L\u2019\u00c9cole des Ponts ParisTech est un \u00e9tablissement public \u00e0 caract\u00e8re scientifique, culturel et professionnel, plac\u00e9 sous la tutelle du minist\u00e8re de la Transition \u00e9cologique. Elle poss\u00e8de la personnalit\u00e9 juridique n\u00e9cessaire pour favoriser les initiatives utiles \u00e0 son dynamisme et son d\u00e9veloppement.<\/p>\t\t\t\t\t\t<\/div>\n\t\t\t\t\t\n\t\t\t\t\t\t\t\t\t\t\t<a href=\"\/rapport-activite-2021\/engagements-organisation-et-moyens\/organisation-et-moyens\/\" class=\"action-button\"><span><\/span><\/a>\n\t\t\t\t\t\t\t\t\t\t\t\t\t\t\t\t<a href=\"#\" class=\"tile-flip-back-button tf_hide\"><\/a>\n\t\t\t\t\t\t\t\t\t<\/div>\n\t\t\t<\/div><!-- .tile-front -->\n\n\t\t\t\t\t<div class=\"tile-back tile-type-text ui tb_default_color tf_box tf_w tf_h tf_overflow tf_abs tf_hidden tf_scrollbar\">\n\t\t\t\t<div class=\"tile-inner tf_box\">\n\t\t\t\t\t\t\t\t\t\t\t\t\t\t\t\t\t\t<h4 class=\"tile-title\">Organisation et moyens<\/h4>\n\t\t\t\t\t\t\n\t\t\t\t\t\t<div class=\"tile-content\">\n\t\t\t\t\t\t\t<h3>Organisation et moyens<\/h3>\n<p>L\u2019\u00c9cole des Ponts ParisTech est un \u00e9tablissement public \u00e0 caract\u00e8re scientifique, culturel et professionnel, plac\u00e9 sous la tutelle du minist\u00e8re de la Transition \u00e9cologique. Elle poss\u00e8de la personnalit\u00e9 juridique n\u00e9cessaire pour favoriser les initiatives utiles \u00e0 son dynamisme et son d\u00e9veloppement.<\/p>\t\t\t\t\t\t<\/div>\n\t\t\t\t\t\n\t\t\t\t\t\t\t\t\t\t\t<a href=\"\/rapport-activite-2021\/engagements-organisation-et-moyens\/organisation-et-moyens\/\" class=\"action-button\"><span><\/span><\/a>\n\t\t\t\t\t\t\t\t\t\t\t\t\t\t\t\t<a href=\"#\" class=\"tile-flip-back-button tf_hide\"><\/a>\n\t\t\t\t\t\t\t\t\t<\/div>\n\t\t\t<\/div><!-- .tile-back -->\n\n\t\t\t<\/div>\n\n\t<\/div><!-- \/module tile -->        <\/div>\n                        <\/div>\n        <\/div>\n        <\/div>\n<!--\/themify_builder_content-->","protected":false},"excerpt":{"rendered":"<p>Engagements et moyens Engagements, organisation et moyens Une \u00e9cole engag\u00e9e Une \u00e9cole engag\u00e9e L\u2019\u00c9cole des Ponts ParisTech veille \u00e0 garantir le respect de tous et de toutes au sein de son \u00e9tablissement, tout en favorisant l\u2019ouverture sociale de ses promotions. Ces enjeux d\u2019\u00e9galit\u00e9 et de diversit\u00e9 s\u2019inscrivent dans sa responsabilit\u00e9 soci\u00e9tale, qui fait aussi une [&hellip;]<\/p>\n","protected":false},"author":1,"featured_media":0,"parent":0,"menu_order":0,"comment_status":"closed","ping_status":"closed","template":"","meta":[],"tags":[],"acf":[],"yoast_head":"<!-- This site is optimized with the Yoast SEO plugin v21.1 - https:\/\/yoast.com\/wordpress\/plugins\/seo\/ -->\n<title>Engagements, organisation et moyens - Rapport d&#039;activit\u00e9 2021<\/title>\n<meta name=\"robots\" content=\"index, follow, max-snippet:-1, max-image-preview:large, max-video-preview:-1\" \/>\n<link rel=\"canonical\" href=\"https:\/\/kiosque.ecoledesponts.fr\/rapport-activite-2021\/engagements-organisation-et-moyens\/\" \/>\n<meta property=\"og:locale\" content=\"fr_FR\" \/>\n<meta property=\"og:type\" content=\"article\" \/>\n<meta property=\"og:title\" content=\"Engagements, organisation et moyens - Rapport d&#039;activit\u00e9 2021\" \/>\n<meta property=\"og:description\" content=\"Engagements et moyens Engagements, organisation et moyens Une \u00e9cole engag\u00e9e Une \u00e9cole engag\u00e9e L\u2019\u00c9cole des Ponts ParisTech veille \u00e0 garantir le respect de tous et de toutes au sein de son \u00e9tablissement, tout en favorisant l\u2019ouverture sociale de ses promotions. Ces enjeux d\u2019\u00e9galit\u00e9 et de diversit\u00e9 s\u2019inscrivent dans sa responsabilit\u00e9 soci\u00e9tale, qui fait aussi une [&hellip;]\" \/>\n<meta property=\"og:url\" content=\"https:\/\/kiosque.ecoledesponts.fr\/rapport-activite-2021\/engagements-organisation-et-moyens\/\" \/>\n<meta property=\"og:site_name\" content=\"Rapport d&#039;activit\u00e9 2021\" \/>\n<meta property=\"article:modified_time\" content=\"2022-09-13T13:54:33+00:00\" \/>\n<meta name=\"twitter:card\" content=\"summary_large_image\" \/>\n<meta name=\"twitter:label1\" content=\"Dur\u00e9e de lecture estim\u00e9e\" \/>\n\t<meta name=\"twitter:data1\" content=\"1 minute\" \/>\n<script type=\"application\/ld+json\" class=\"yoast-schema-graph\">{\"@context\":\"https:\/\/schema.org\",\"@graph\":[{\"@type\":\"WebPage\",\"@id\":\"https:\/\/kiosque.ecoledesponts.fr\/rapport-activite-2021\/engagements-organisation-et-moyens\/\",\"url\":\"https:\/\/kiosque.ecoledesponts.fr\/rapport-activite-2021\/engagements-organisation-et-moyens\/\",\"name\":\"Engagements, organisation et moyens - Rapport d'activit\u00e9 2021\",\"isPartOf\":{\"@id\":\"https:\/\/kiosque.ecoledesponts.fr\/rapport-activite-2021\/#website\"},\"datePublished\":\"2022-08-16T06:59:24+00:00\",\"dateModified\":\"2022-09-13T13:54:33+00:00\",\"breadcrumb\":{\"@id\":\"https:\/\/kiosque.ecoledesponts.fr\/rapport-activite-2021\/engagements-organisation-et-moyens\/#breadcrumb\"},\"inLanguage\":\"fr-FR\",\"potentialAction\":[{\"@type\":\"ReadAction\",\"target\":[\"https:\/\/kiosque.ecoledesponts.fr\/rapport-activite-2021\/engagements-organisation-et-moyens\/\"]}]},{\"@type\":\"BreadcrumbList\",\"@id\":\"https:\/\/kiosque.ecoledesponts.fr\/rapport-activite-2021\/engagements-organisation-et-moyens\/#breadcrumb\",\"itemListElement\":[{\"@type\":\"ListItem\",\"position\":1,\"name\":\"Accueil\",\"item\":\"https:\/\/kiosque.ecoledesponts.fr\/rapport-activite-2021\/\"},{\"@type\":\"ListItem\",\"position\":2,\"name\":\"Engagements, organisation et moyens\"}]},{\"@type\":\"WebSite\",\"@id\":\"https:\/\/kiosque.ecoledesponts.fr\/rapport-activite-2021\/#website\",\"url\":\"https:\/\/kiosque.ecoledesponts.fr\/rapport-activite-2021\/\",\"name\":\"Rapport d'activit\u00e9 2021\",\"description\":\"Un site utilisant Les sites du kiosque des ponts\",\"potentialAction\":[{\"@type\":\"SearchAction\",\"target\":{\"@type\":\"EntryPoint\",\"urlTemplate\":\"https:\/\/kiosque.ecoledesponts.fr\/rapport-activite-2021\/?s={search_term_string}\"},\"query-input\":\"required name=search_term_string\"}],\"inLanguage\":\"fr-FR\"}]}<\/script>\n<!-- \/ Yoast SEO plugin. -->","yoast_head_json":{"title":"Engagements, organisation et moyens - Rapport d'activit\u00e9 2021","robots":{"index":"index","follow":"follow","max-snippet":"max-snippet:-1","max-image-preview":"max-image-preview:large","max-video-preview":"max-video-preview:-1"},"canonical":"https:\/\/kiosque.ecoledesponts.fr\/rapport-activite-2021\/engagements-organisation-et-moyens\/","og_locale":"fr_FR","og_type":"article","og_title":"Engagements, organisation et moyens - Rapport d'activit\u00e9 2021","og_description":"Engagements et moyens Engagements, organisation et moyens Une \u00e9cole engag\u00e9e Une \u00e9cole engag\u00e9e L\u2019\u00c9cole des Ponts ParisTech veille \u00e0 garantir le respect de tous et de toutes au sein de son \u00e9tablissement, tout en favorisant l\u2019ouverture sociale de ses promotions. Ces enjeux d\u2019\u00e9galit\u00e9 et de diversit\u00e9 s\u2019inscrivent dans sa responsabilit\u00e9 soci\u00e9tale, qui fait aussi une [&hellip;]","og_url":"https:\/\/kiosque.ecoledesponts.fr\/rapport-activite-2021\/engagements-organisation-et-moyens\/","og_site_name":"Rapport d'activit\u00e9 2021","article_modified_time":"2022-09-13T13:54:33+00:00","twitter_card":"summary_large_image","twitter_misc":{"Dur\u00e9e de lecture estim\u00e9e":"1 minute"},"schema":{"@context":"https:\/\/schema.org","@graph":[{"@type":"WebPage","@id":"https:\/\/kiosque.ecoledesponts.fr\/rapport-activite-2021\/engagements-organisation-et-moyens\/","url":"https:\/\/kiosque.ecoledesponts.fr\/rapport-activite-2021\/engagements-organisation-et-moyens\/","name":"Engagements, organisation et moyens - Rapport d'activit\u00e9 2021","isPartOf":{"@id":"https:\/\/kiosque.ecoledesponts.fr\/rapport-activite-2021\/#website"},"datePublished":"2022-08-16T06:59:24+00:00","dateModified":"2022-09-13T13:54:33+00:00","breadcrumb":{"@id":"https:\/\/kiosque.ecoledesponts.fr\/rapport-activite-2021\/engagements-organisation-et-moyens\/#breadcrumb"},"inLanguage":"fr-FR","potentialAction":[{"@type":"ReadAction","target":["https:\/\/kiosque.ecoledesponts.fr\/rapport-activite-2021\/engagements-organisation-et-moyens\/"]}]},{"@type":"BreadcrumbList","@id":"https:\/\/kiosque.ecoledesponts.fr\/rapport-activite-2021\/engagements-organisation-et-moyens\/#breadcrumb","itemListElement":[{"@type":"ListItem","position":1,"name":"Accueil","item":"https:\/\/kiosque.ecoledesponts.fr\/rapport-activite-2021\/"},{"@type":"ListItem","position":2,"name":"Engagements, organisation et moyens"}]},{"@type":"WebSite","@id":"https:\/\/kiosque.ecoledesponts.fr\/rapport-activite-2021\/#website","url":"https:\/\/kiosque.ecoledesponts.fr\/rapport-activite-2021\/","name":"Rapport d'activit\u00e9 2021","description":"Un site utilisant Les sites du kiosque des ponts","potentialAction":[{"@type":"SearchAction","target":{"@type":"EntryPoint","urlTemplate":"https:\/\/kiosque.ecoledesponts.fr\/rapport-activite-2021\/?s={search_term_string}"},"query-input":"required name=search_term_string"}],"inLanguage":"fr-FR"}]}},"builder_content":"<h4>Engagements et moyens<\/h4> <h1>Engagements, organisation et moyens<\/h1> <a href=\"#\"><\/a> \n <a href=\"#\"><\/a>\n<h4>Une \u00e9cole engag\u00e9e<\/h4> <h3>Une \u00e9cole engag\u00e9e<\/h3> <p>L\u2019\u00c9cole des Ponts ParisTech veille \u00e0 garantir le respect de tous et de toutes au sein de son \u00e9tablissement, tout en favorisant l\u2019ouverture sociale de ses promotions. Ces enjeux d\u2019\u00e9galit\u00e9 et de diversit\u00e9 s\u2019inscrivent dans sa responsabilit\u00e9 soci\u00e9tale, qui fait aussi une large place \u00e0 la r\u00e9duction de l\u2019empreinte environnementale de ses activit\u00e9s.<\/p> <a href=\"\/rapport-activite-2021\/engagements-organisation-et-moyens\/une-ecole-engagee\/\"><\/a> <a href=\"#\"><\/a> \n <h4>Une \u00e9cole engag\u00e9e<\/h4> <h3>Une \u00e9cole engag\u00e9e<\/h3> <p>L\u2019\u00c9cole des Ponts ParisTech veille \u00e0 garantir le respect de tous et de toutes au sein de son \u00e9tablissement, tout en favorisant l\u2019ouverture sociale de ses promotions. Ces enjeux d\u2019\u00e9galit\u00e9 et de diversit\u00e9 s\u2019inscrivent dans sa responsabilit\u00e9 soci\u00e9tale, qui fait aussi une large place \u00e0 la r\u00e9duction de l\u2019empreinte environnementale de ses activit\u00e9s.<\/p> <a href=\"\/rapport-activite-2021\/engagements-organisation-et-moyens\/une-ecole-engagee\/\"><\/a> <a href=\"#\"><\/a>\n<h4>Organisation et moyens<\/h4> <h3>Organisation et moyens<\/h3> <p>L\u2019\u00c9cole des Ponts ParisTech est un \u00e9tablissement public \u00e0 caract\u00e8re scientifique, culturel et professionnel, plac\u00e9 sous la tutelle du minist\u00e8re de la Transition \u00e9cologique. Elle poss\u00e8de la personnalit\u00e9 juridique n\u00e9cessaire pour favoriser les initiatives utiles \u00e0 son dynamisme et son d\u00e9veloppement.<\/p> <a href=\"\/rapport-activite-2021\/engagements-organisation-et-moyens\/organisation-et-moyens\/\"><\/a> <a href=\"#\"><\/a> \n <h4>Organisation et moyens<\/h4> <h3>Organisation et moyens<\/h3> <p>L\u2019\u00c9cole des Ponts ParisTech est un \u00e9tablissement public \u00e0 caract\u00e8re scientifique, culturel et professionnel, plac\u00e9 sous la tutelle du minist\u00e8re de la Transition \u00e9cologique. Elle poss\u00e8de la personnalit\u00e9 juridique n\u00e9cessaire pour favoriser les initiatives utiles \u00e0 son dynamisme et son d\u00e9veloppement.<\/p> <a href=\"\/rapport-activite-2021\/engagements-organisation-et-moyens\/organisation-et-moyens\/\"><\/a> <a href=\"#\"><\/a>","_links":{"self":[{"href":"https:\/\/kiosque.ecoledesponts.fr\/rapport-activite-2021\/wp-json\/wp\/v2\/pages\/1639"}],"collection":[{"href":"https:\/\/kiosque.ecoledesponts.fr\/rapport-activite-2021\/wp-json\/wp\/v2\/pages"}],"about":[{"href":"https:\/\/kiosque.ecoledesponts.fr\/rapport-activite-2021\/wp-json\/wp\/v2\/types\/page"}],"author":[{"embeddable":true,"href":"https:\/\/kiosque.ecoledesponts.fr\/rapport-activite-2021\/wp-json\/wp\/v2\/users\/1"}],"replies":[{"embeddable":true,"href":"https:\/\/kiosque.ecoledesponts.fr\/rapport-activite-2021\/wp-json\/wp\/v2\/comments?post=1639"}],"version-history":[{"count":12,"href":"https:\/\/kiosque.ecoledesponts.fr\/rapport-activite-2021\/wp-json\/wp\/v2\/pages\/1639\/revisions"}],"predecessor-version":[{"id":3723,"href":"https:\/\/kiosque.ecoledesponts.fr\/rapport-activite-2021\/wp-json\/wp\/v2\/pages\/1639\/revisions\/3723"}],"wp:attachment":[{"href":"https:\/\/kiosque.ecoledesponts.fr\/rapport-activite-2021\/wp-json\/wp\/v2\/media?parent=1639"}],"wp:term":[{"taxonomy":"post_tag","embeddable":true,"href":"https:\/\/kiosque.ecoledesponts.fr\/rapport-activite-2021\/wp-json\/wp\/v2\/tags?post=1639"}],"curies":[{"name":"wp","href":"https:\/\/api.w.org\/{rel}","templated":true}]}}