{"id":1645,"date":"2022-08-16T09:00:43","date_gmt":"2022-08-16T07:00:43","guid":{"rendered":"http:\/\/kiosque.ecoledesponts.fr\/rapport-activite-2021\/?page_id=1645"},"modified":"2022-10-27T14:26:23","modified_gmt":"2022-10-27T12:26:23","slug":"une-ecole-engagee","status":"publish","type":"page","link":"https:\/\/kiosque.ecoledesponts.fr\/rapport-activite-2021\/engagements-organisation-et-moyens\/une-ecole-engagee\/","title":{"rendered":"Une \u00e9cole engag\u00e9e"},"content":{"rendered":"<!--themify_builder_content-->\n<div id=\"themify_builder_content-1645\" data-postid=\"1645\" class=\"themify_builder_content themify_builder_content-1645 themify_builder tf_clear\">\n                    <div  data-lazy=\"1\" class=\"module_row themify_builder_row tb_gv4h395 tb_first tf_w\">\n                        <div class=\"row_inner col_align_top tb_col_count_1 tf_box tf_rel\">\n                        <div  data-lazy=\"1\" class=\"module_column tb-column col-full tb_s0a5396 first\">\n                    <!-- module plain text -->\n<div  class=\"module module-plain-text tb_j7rv387  wow\" data-tf-animation=\"fadeInRight\" data-lazy=\"1\">\n        <div class=\"tb_text_wrap\">\n    <div class=\"chapo\"><p>L\u2019\u00c9cole des Ponts ParisTech veille \u00e0 garantir le respect de tous et de toutes au sein de son \u00e9tablissement, tout en favorisant l\u2019ouverture sociale de ses promotions. Ces enjeux d\u2019\u00e9galit\u00e9 et de diversit\u00e9 s\u2019inscrivent dans sa responsabilit\u00e9 soci\u00e9tale, qui fait aussi une large place \u00e0 la r\u00e9duction de l\u2019empreinte environnementale de ses activit\u00e9s.<\/p><\/div>    <\/div>\n<\/div>\n<!-- \/module plain text -->        <\/div>\n                        <\/div>\n        <\/div>\n                        <div  data-lazy=\"1\" class=\"module_row themify_builder_row tb_22jq888 tf_w\">\n                        <div class=\"row_inner col_align_top tb_col_count_1 tf_box tf_rel\">\n                        <div  data-lazy=\"1\" class=\"module_column tb-column col-full tb_w4tl889 first\">\n                    \n\n<!-- module tile -->\n<div  id=\"tb_k4yb277\" class=\"module module-tile tb_k4yb277 size-square-small flip-horizontal has-flip bloc_btn tuile_bleu_ciel titre_off tuile_25 tile-type-front-text  tf_mw tf_opacity wow\" data-tf-animation=\"fadeInDown\" data-lazy=\"1\" data-auto-flip=\"0\" data-in-effect=\"flip-horizontal\" >\n\t\t\t<div class=\"tile-flip-box-wrap tf_abs tf_box tf_overflow tf_w tf_h\">\n\t\t\n\t\t\t\t\n\t\t\t\t\t<div class=\"tile-front tile-type-text ui tb_default_color tf_box tf_w tf_h tf_overflow tf_rel tf_scrollbar\">\n\t\t\t\t<div class=\"tile-inner tf_box\">\n\t\t\t\t\t\t\t\t\t\t\t\t\t\t\t\t\t\t<h4 class=\"tile-title\">Exercer sa responsabilit\u00e9 soci\u00e9tale<\/h4>\n\t\t\t\t\t\t\n\t\t\t\t\t\t<div class=\"tile-content\">\n\t\t\t\t\t\t\t<h3>Exercer sa responsabilit\u00e9 soci\u00e9tale<\/h3>\t\t\t\t\t\t<\/div>\n\t\t\t\t\t\n\t\t\t\t\t\t\t\t\t\t\t<a href=\"\/rapport-activite-2021\/engagements-organisation-et-moyens\/une-ecole-engagee\/exercer-sa-responsabilite-societale\/\" class=\"action-button\"><span><\/span><\/a>\n\t\t\t\t\t\t\t\t\t\t\t\t\t\t\t\t<a href=\"#\" class=\"tile-flip-back-button tf_hide\"><\/a>\n\t\t\t\t\t\t\t\t\t<\/div>\n\t\t\t<\/div><!-- .tile-front -->\n\n\t\t\t\t\t<div class=\"tile-back tile-type-text ui tb_default_color tf_box tf_w tf_h tf_overflow tf_abs tf_hidden tf_scrollbar\">\n\t\t\t\t<div class=\"tile-inner tf_box\">\n\t\t\t\t\t\t\t\t\t\t\t\t\t\t\t\t\t\t<h4 class=\"tile-title\">Exercer sa responsabilit\u00e9 soci\u00e9tale<\/h4>\n\t\t\t\t\t\t\n\t\t\t\t\t\t<div class=\"tile-content\">\n\t\t\t\t\t\t\t<h3>Exercer sa responsabilit\u00e9 soci\u00e9tale<\/h3>\t\t\t\t\t\t<\/div>\n\t\t\t\t\t\n\t\t\t\t\t\t\t\t\t\t\t<a href=\"\/rapport-activite-2021\/engagements-organisation-et-moyens\/une-ecole-engagee\/exercer-sa-responsabilite-societale\/\" class=\"action-button\"><span><\/span><\/a>\n\t\t\t\t\t\t\t\t\t\t\t\t\t\t\t\t<a href=\"#\" class=\"tile-flip-back-button tf_hide\"><\/a>\n\t\t\t\t\t\t\t\t\t<\/div>\n\t\t\t<\/div><!-- .tile-back -->\n\n\t\t\t<\/div>\n\n\t<\/div><!-- \/module tile -->\n\n<!-- module tile -->\n<div  id=\"tb_fgav248\" class=\"module module-tile tb_fgav248 size-square-small flip-horizontal has-flip bloc_btn tuile_orange titre_off tuile_25 tile-type-front-text  tf_mw tf_opacity wow\" data-tf-animation=\"fadeInRight\" data-lazy=\"1\" data-auto-flip=\"0\" data-in-effect=\"flip-horizontal\" >\n\t\t\t<div class=\"tile-flip-box-wrap tf_abs tf_box tf_overflow tf_w tf_h\">\n\t\t\n\t\t\t\t\n\t\t\t\t\t<div class=\"tile-front tile-type-text ui tb_default_color tf_box tf_w tf_h tf_overflow tf_rel tf_scrollbar\">\n\t\t\t\t<div class=\"tile-inner tf_box\">\n\t\t\t\t\t\t\t\t\t\t\t\t\t\t\t\t\t\t<h4 class=\"tile-title\">Soutenir un d\u00e9veloppement durable<\/h4>\n\t\t\t\t\t\t\n\t\t\t\t\t\t<div class=\"tile-content\">\n\t\t\t\t\t\t\t<h3>Soutenir un d\u00e9veloppement durable<\/h3>\t\t\t\t\t\t<\/div>\n\t\t\t\t\t\n\t\t\t\t\t\t\t\t\t\t\t<a href=\"\/rapport-activite-2021\/engagements-organisation-et-moyens\/une-ecole-engagee\/soutenir-un-developpement-durable\/\" class=\"action-button\"><span><\/span><\/a>\n\t\t\t\t\t\t\t\t\t\t\t\t\t\t\t\t<a href=\"#\" class=\"tile-flip-back-button tf_hide\"><\/a>\n\t\t\t\t\t\t\t\t\t<\/div>\n\t\t\t<\/div><!-- .tile-front -->\n\n\t\t\t\t\t<div class=\"tile-back tile-type-text ui tb_default_color tf_box tf_w tf_h tf_overflow tf_abs tf_hidden tf_scrollbar\">\n\t\t\t\t<div class=\"tile-inner tf_box\">\n\t\t\t\t\t\t\t\t\t\t\t\t\t\t\t\t\t\t<h4 class=\"tile-title\">Soutenir un d\u00e9veloppement durable<\/h4>\n\t\t\t\t\t\t\n\t\t\t\t\t\t<div class=\"tile-content\">\n\t\t\t\t\t\t\t<h3>Soutenir un d\u00e9veloppement durable<\/h3>\t\t\t\t\t\t<\/div>\n\t\t\t\t\t\n\t\t\t\t\t\t\t\t\t\t\t<a href=\"\/rapport-activite-2021\/engagements-organisation-et-moyens\/une-ecole-engagee\/soutenir-un-developpement-durable\/\" class=\"action-button\"><span><\/span><\/a>\n\t\t\t\t\t\t\t\t\t\t\t\t\t\t\t\t<a href=\"#\" class=\"tile-flip-back-button tf_hide\"><\/a>\n\t\t\t\t\t\t\t\t\t<\/div>\n\t\t\t<\/div><!-- .tile-back -->\n\n\t\t\t<\/div>\n\n\t<\/div><!-- \/module tile -->\n\n<!-- module tile -->\n<div  id=\"tb_951s185\" class=\"module module-tile tb_951s185 size-square-large flip-horizontal no-flip tuile_image titre_off tuile_25 titre_top tile-type-front-text  tf_mw tf_opacity wow\" data-tf-animation=\"fadeInLeft\" data-lazy=\"1\" data-auto-flip=\"0\" data-in-effect=\"flip-horizontal\" >\n\t\t\t<div class=\"tile-flip-box-wrap tf_abs tf_box tf_overflow tf_w tf_h\">\n\t\t\n\t\t\t\t\t<style>\n\t\t\t\t.module.tb_951s185 .tile-front{background-image:url(\"http:\/\/kiosque.ecoledesponts.fr\/rapport-activite-2021\/wp-content\/uploads\/sites\/3\/2022\/08\/Cariolis-David-Delaporte.jpg\")}\t\t\t<\/style>\n\t\t\t\t\n\t\t\t\t\t<div class=\"tile-front tile-type-text ui tb_default_color tf_box tf_w tf_h tf_overflow tf_rel tf_scrollbar\">\n\t\t\t\t<div class=\"tile-inner tf_box\">\n\t\t\t\t\t\t\t\t\t\t\t\t\t\t\t\t\t\t<h4 class=\"tile-title\">Coriolis<\/h4>\n\t\t\t\t\t\t\n\t\t\t\t\t\t<div class=\"tile-content\">\n\t\t\t\t\t\t\t<p><strong><span class=\"ombre\">Le b\u00e2timent Coriolis constitue un lieu exp\u00e9rimental d\u00e9di\u00e9 \u00e0 la ma\u00eetrise \u00e9nerg\u00e9tique<\/span><\/strong><\/p>\t\t\t\t\t\t<\/div>\n\t\t\t\t\t\n\t\t\t\t\t\t\t\t\t\t\t\t\t\t\t\t<a href=\"#\" class=\"tile-flip-back-button tf_hide\"><\/a>\n\t\t\t\t\t\t\t\t\t<\/div>\n\t\t\t<\/div><!-- .tile-front -->\n\n\t\t\t\t\t<div class=\"tile-back tile-type-text ui tb_default_color tf_box tf_w tf_h tf_overflow tf_abs tf_hidden tf_scrollbar\">\n\t\t\t\t<div class=\"tile-inner tf_box\">\n\t\t\t\t\t\t\t\t\t\t\t\n\t\t\t\t\t\t<div class=\"tile-content\">\n\t\t\t\t\t\t\t\t\t\t\t\t\t<\/div>\n\t\t\t\t\t\n\t\t\t\t\t\t\t\t\t\t\t\t\t\t\t\t<a href=\"#\" class=\"tile-flip-back-button tf_hide\"><\/a>\n\t\t\t\t\t\t\t\t\t<\/div>\n\t\t\t<\/div><!-- .tile-back -->\n\n\t\t\t<\/div>\n\n\t<\/div><!-- \/module tile -->\n\n<!-- module tile -->\n<div  id=\"tb_7yxe786\" class=\"module module-tile tb_7yxe786 size-landscape flip-horizontal no-flip tuile_image titre_off tuile_25 titre_top tile-type-front-text  tf_mw tf_opacity wow\" data-tf-animation=\"fadeInDown\" data-lazy=\"1\" data-auto-flip=\"0\" data-in-effect=\"flip-horizontal\" >\n\t\t\t<div class=\"tile-flip-box-wrap tf_abs tf_box tf_overflow tf_w tf_h\">\n\t\t\n\t\t\t\t\t<style>\n\t\t\t\t.module.tb_7yxe786 .tile-front{background-image:url(\"http:\/\/kiosque.ecoledesponts.fr\/rapport-activite-2021\/wp-content\/uploads\/sites\/3\/2022\/08\/IMG_4358.jpg\")}\t\t\t<\/style>\n\t\t\t\t\n\t\t\t\t\t<div class=\"tile-front tile-type-text ui tb_default_color tf_box tf_w tf_h tf_overflow tf_rel tf_scrollbar\">\n\t\t\t\t<div class=\"tile-inner tf_box\">\n\t\t\t\t\t\t\t\t\t\t\t\t\t\t\t\t\t\t<h4 class=\"tile-title\">Coriolis<\/h4>\n\t\t\t\t\t\t\n\t\t\t\t\t\t<div class=\"tile-content\">\n\t\t\t\t\t\t\t<p><strong><span class=\"ombre\">Sortie de coll\u00e9giens au Mus\u00e9um national d\u2019Histoire naturelle organis\u00e9e par D\u00e9velop\u2019Ponts<\/span><\/strong><\/p>\t\t\t\t\t\t<\/div>\n\t\t\t\t\t\n\t\t\t\t\t\t\t\t\t\t\t\t\t\t\t\t<a href=\"#\" class=\"tile-flip-back-button tf_hide\"><\/a>\n\t\t\t\t\t\t\t\t\t<\/div>\n\t\t\t<\/div><!-- .tile-front -->\n\n\t\t\t\t\t<div class=\"tile-back tile-type-text ui tb_default_color tf_box tf_w tf_h tf_overflow tf_abs tf_hidden tf_scrollbar\">\n\t\t\t\t<div class=\"tile-inner tf_box\">\n\t\t\t\t\t\t\t\t\t\t\t\n\t\t\t\t\t\t<div class=\"tile-content\">\n\t\t\t\t\t\t\t\t\t\t\t\t\t<\/div>\n\t\t\t\t\t\n\t\t\t\t\t\t\t\t\t\t\t\t\t\t\t\t<a href=\"#\" class=\"tile-flip-back-button tf_hide\"><\/a>\n\t\t\t\t\t\t\t\t\t<\/div>\n\t\t\t<\/div><!-- .tile-back -->\n\n\t\t\t<\/div>\n\n\t<\/div><!-- \/module tile -->        <\/div>\n                        <\/div>\n        <\/div>\n        <\/div>\n<!--\/themify_builder_content-->","protected":false},"excerpt":{"rendered":"<p>L\u2019\u00c9cole des Ponts ParisTech veille \u00e0 garantir le respect de tous et de toutes au sein de son \u00e9tablissement, tout en favorisant l\u2019ouverture sociale de ses promotions. Ces enjeux d\u2019\u00e9galit\u00e9 et de diversit\u00e9 s\u2019inscrivent dans sa responsabilit\u00e9 soci\u00e9tale, qui fait aussi une large place \u00e0 la r\u00e9duction de l\u2019empreinte environnementale de ses activit\u00e9s. Exercer sa [&hellip;]<\/p>\n","protected":false},"author":1,"featured_media":0,"parent":1639,"menu_order":0,"comment_status":"closed","ping_status":"closed","template":"","meta":[],"tags":[],"acf":[],"yoast_head":"<!-- This site is optimized with the Yoast SEO plugin v21.1 - https:\/\/yoast.com\/wordpress\/plugins\/seo\/ -->\n<title>Une \u00e9cole engag\u00e9e - Rapport d&#039;activit\u00e9 2021<\/title>\n<meta name=\"robots\" content=\"index, follow, max-snippet:-1, max-image-preview:large, max-video-preview:-1\" \/>\n<link rel=\"canonical\" href=\"https:\/\/kiosque.ecoledesponts.fr\/rapport-activite-2021\/engagements-organisation-et-moyens\/une-ecole-engagee\/\" \/>\n<meta property=\"og:locale\" content=\"fr_FR\" \/>\n<meta property=\"og:type\" content=\"article\" \/>\n<meta property=\"og:title\" content=\"Une \u00e9cole engag\u00e9e - Rapport d&#039;activit\u00e9 2021\" \/>\n<meta property=\"og:description\" content=\"L\u2019\u00c9cole des Ponts ParisTech veille \u00e0 garantir le respect de tous et de toutes au sein de son \u00e9tablissement, tout en favorisant l\u2019ouverture sociale de ses promotions. Ces enjeux d\u2019\u00e9galit\u00e9 et de diversit\u00e9 s\u2019inscrivent dans sa responsabilit\u00e9 soci\u00e9tale, qui fait aussi une large place \u00e0 la r\u00e9duction de l\u2019empreinte environnementale de ses activit\u00e9s. Exercer sa [&hellip;]\" \/>\n<meta property=\"og:url\" content=\"https:\/\/kiosque.ecoledesponts.fr\/rapport-activite-2021\/engagements-organisation-et-moyens\/une-ecole-engagee\/\" \/>\n<meta property=\"og:site_name\" content=\"Rapport d&#039;activit\u00e9 2021\" \/>\n<meta property=\"article:modified_time\" content=\"2022-10-27T12:26:23+00:00\" \/>\n<meta name=\"twitter:card\" content=\"summary_large_image\" \/>\n<meta name=\"twitter:label1\" content=\"Dur\u00e9e de lecture estim\u00e9e\" \/>\n\t<meta name=\"twitter:data1\" content=\"1 minute\" \/>\n<script type=\"application\/ld+json\" class=\"yoast-schema-graph\">{\"@context\":\"https:\/\/schema.org\",\"@graph\":[{\"@type\":\"WebPage\",\"@id\":\"https:\/\/kiosque.ecoledesponts.fr\/rapport-activite-2021\/engagements-organisation-et-moyens\/une-ecole-engagee\/\",\"url\":\"https:\/\/kiosque.ecoledesponts.fr\/rapport-activite-2021\/engagements-organisation-et-moyens\/une-ecole-engagee\/\",\"name\":\"Une \u00e9cole engag\u00e9e - Rapport d'activit\u00e9 2021\",\"isPartOf\":{\"@id\":\"https:\/\/kiosque.ecoledesponts.fr\/rapport-activite-2021\/#website\"},\"datePublished\":\"2022-08-16T07:00:43+00:00\",\"dateModified\":\"2022-10-27T12:26:23+00:00\",\"breadcrumb\":{\"@id\":\"https:\/\/kiosque.ecoledesponts.fr\/rapport-activite-2021\/engagements-organisation-et-moyens\/une-ecole-engagee\/#breadcrumb\"},\"inLanguage\":\"fr-FR\",\"potentialAction\":[{\"@type\":\"ReadAction\",\"target\":[\"https:\/\/kiosque.ecoledesponts.fr\/rapport-activite-2021\/engagements-organisation-et-moyens\/une-ecole-engagee\/\"]}]},{\"@type\":\"BreadcrumbList\",\"@id\":\"https:\/\/kiosque.ecoledesponts.fr\/rapport-activite-2021\/engagements-organisation-et-moyens\/une-ecole-engagee\/#breadcrumb\",\"itemListElement\":[{\"@type\":\"ListItem\",\"position\":1,\"name\":\"Accueil\",\"item\":\"https:\/\/kiosque.ecoledesponts.fr\/rapport-activite-2021\/\"},{\"@type\":\"ListItem\",\"position\":2,\"name\":\"Engagements, organisation et moyens\",\"item\":\"https:\/\/kiosque.ecoledesponts.fr\/rapport-activite-2021\/engagements-organisation-et-moyens\/\"},{\"@type\":\"ListItem\",\"position\":3,\"name\":\"Une \u00e9cole engag\u00e9e\"}]},{\"@type\":\"WebSite\",\"@id\":\"https:\/\/kiosque.ecoledesponts.fr\/rapport-activite-2021\/#website\",\"url\":\"https:\/\/kiosque.ecoledesponts.fr\/rapport-activite-2021\/\",\"name\":\"Rapport d'activit\u00e9 2021\",\"description\":\"Un site utilisant Les sites du kiosque des ponts\",\"potentialAction\":[{\"@type\":\"SearchAction\",\"target\":{\"@type\":\"EntryPoint\",\"urlTemplate\":\"https:\/\/kiosque.ecoledesponts.fr\/rapport-activite-2021\/?s={search_term_string}\"},\"query-input\":\"required name=search_term_string\"}],\"inLanguage\":\"fr-FR\"}]}<\/script>\n<!-- \/ Yoast SEO plugin. -->","yoast_head_json":{"title":"Une \u00e9cole engag\u00e9e - Rapport d'activit\u00e9 2021","robots":{"index":"index","follow":"follow","max-snippet":"max-snippet:-1","max-image-preview":"max-image-preview:large","max-video-preview":"max-video-preview:-1"},"canonical":"https:\/\/kiosque.ecoledesponts.fr\/rapport-activite-2021\/engagements-organisation-et-moyens\/une-ecole-engagee\/","og_locale":"fr_FR","og_type":"article","og_title":"Une \u00e9cole engag\u00e9e - Rapport d'activit\u00e9 2021","og_description":"L\u2019\u00c9cole des Ponts ParisTech veille \u00e0 garantir le respect de tous et de toutes au sein de son \u00e9tablissement, tout en favorisant l\u2019ouverture sociale de ses promotions. Ces enjeux d\u2019\u00e9galit\u00e9 et de diversit\u00e9 s\u2019inscrivent dans sa responsabilit\u00e9 soci\u00e9tale, qui fait aussi une large place \u00e0 la r\u00e9duction de l\u2019empreinte environnementale de ses activit\u00e9s. Exercer sa [&hellip;]","og_url":"https:\/\/kiosque.ecoledesponts.fr\/rapport-activite-2021\/engagements-organisation-et-moyens\/une-ecole-engagee\/","og_site_name":"Rapport d'activit\u00e9 2021","article_modified_time":"2022-10-27T12:26:23+00:00","twitter_card":"summary_large_image","twitter_misc":{"Dur\u00e9e de lecture estim\u00e9e":"1 minute"},"schema":{"@context":"https:\/\/schema.org","@graph":[{"@type":"WebPage","@id":"https:\/\/kiosque.ecoledesponts.fr\/rapport-activite-2021\/engagements-organisation-et-moyens\/une-ecole-engagee\/","url":"https:\/\/kiosque.ecoledesponts.fr\/rapport-activite-2021\/engagements-organisation-et-moyens\/une-ecole-engagee\/","name":"Une \u00e9cole engag\u00e9e - Rapport d'activit\u00e9 2021","isPartOf":{"@id":"https:\/\/kiosque.ecoledesponts.fr\/rapport-activite-2021\/#website"},"datePublished":"2022-08-16T07:00:43+00:00","dateModified":"2022-10-27T12:26:23+00:00","breadcrumb":{"@id":"https:\/\/kiosque.ecoledesponts.fr\/rapport-activite-2021\/engagements-organisation-et-moyens\/une-ecole-engagee\/#breadcrumb"},"inLanguage":"fr-FR","potentialAction":[{"@type":"ReadAction","target":["https:\/\/kiosque.ecoledesponts.fr\/rapport-activite-2021\/engagements-organisation-et-moyens\/une-ecole-engagee\/"]}]},{"@type":"BreadcrumbList","@id":"https:\/\/kiosque.ecoledesponts.fr\/rapport-activite-2021\/engagements-organisation-et-moyens\/une-ecole-engagee\/#breadcrumb","itemListElement":[{"@type":"ListItem","position":1,"name":"Accueil","item":"https:\/\/kiosque.ecoledesponts.fr\/rapport-activite-2021\/"},{"@type":"ListItem","position":2,"name":"Engagements, organisation et moyens","item":"https:\/\/kiosque.ecoledesponts.fr\/rapport-activite-2021\/engagements-organisation-et-moyens\/"},{"@type":"ListItem","position":3,"name":"Une \u00e9cole engag\u00e9e"}]},{"@type":"WebSite","@id":"https:\/\/kiosque.ecoledesponts.fr\/rapport-activite-2021\/#website","url":"https:\/\/kiosque.ecoledesponts.fr\/rapport-activite-2021\/","name":"Rapport d'activit\u00e9 2021","description":"Un site utilisant Les sites du kiosque des ponts","potentialAction":[{"@type":"SearchAction","target":{"@type":"EntryPoint","urlTemplate":"https:\/\/kiosque.ecoledesponts.fr\/rapport-activite-2021\/?s={search_term_string}"},"query-input":"required name=search_term_string"}],"inLanguage":"fr-FR"}]}},"builder_content":"<p>L\u2019\u00c9cole des Ponts ParisTech veille \u00e0 garantir le respect de tous et de toutes au sein de son \u00e9tablissement, tout en favorisant l\u2019ouverture sociale de ses promotions. Ces enjeux d\u2019\u00e9galit\u00e9 et de diversit\u00e9 s\u2019inscrivent dans sa responsabilit\u00e9 soci\u00e9tale, qui fait aussi une large place \u00e0 la r\u00e9duction de l\u2019empreinte environnementale de ses activit\u00e9s.<\/p>\n<h4>Exercer sa responsabilit\u00e9 soci\u00e9tale<\/h4> <h3>Exercer sa responsabilit\u00e9 soci\u00e9tale<\/h3> <a href=\"\/rapport-activite-2021\/engagements-organisation-et-moyens\/une-ecole-engagee\/exercer-sa-responsabilite-societale\/\"><\/a> <a href=\"#\"><\/a> \n <h4>Exercer sa responsabilit\u00e9 soci\u00e9tale<\/h4> <h3>Exercer sa responsabilit\u00e9 soci\u00e9tale<\/h3> <a href=\"\/rapport-activite-2021\/engagements-organisation-et-moyens\/une-ecole-engagee\/exercer-sa-responsabilite-societale\/\"><\/a> <a href=\"#\"><\/a>\n<h4>Soutenir un d\u00e9veloppement durable<\/h4> <h3>Soutenir un d\u00e9veloppement durable<\/h3> <a href=\"\/rapport-activite-2021\/engagements-organisation-et-moyens\/une-ecole-engagee\/soutenir-un-developpement-durable\/\"><\/a> <a href=\"#\"><\/a> \n <h4>Soutenir un d\u00e9veloppement durable<\/h4> <h3>Soutenir un d\u00e9veloppement durable<\/h3> <a href=\"\/rapport-activite-2021\/engagements-organisation-et-moyens\/une-ecole-engagee\/soutenir-un-developpement-durable\/\"><\/a> <a href=\"#\"><\/a>\n<h4>Coriolis<\/h4> <p><strong>Le b\u00e2timent Coriolis constitue un lieu exp\u00e9rimental d\u00e9di\u00e9 \u00e0 la ma\u00eetrise \u00e9nerg\u00e9tique<\/strong><\/p> <a href=\"#\"><\/a> \n <a href=\"#\"><\/a>\n<h4>Coriolis<\/h4> <p><strong>Sortie de coll\u00e9giens au Mus\u00e9um national d\u2019Histoire naturelle organis\u00e9e par D\u00e9velop\u2019Ponts<\/strong><\/p> <a href=\"#\"><\/a> \n <a href=\"#\"><\/a>","_links":{"self":[{"href":"https:\/\/kiosque.ecoledesponts.fr\/rapport-activite-2021\/wp-json\/wp\/v2\/pages\/1645"}],"collection":[{"href":"https:\/\/kiosque.ecoledesponts.fr\/rapport-activite-2021\/wp-json\/wp\/v2\/pages"}],"about":[{"href":"https:\/\/kiosque.ecoledesponts.fr\/rapport-activite-2021\/wp-json\/wp\/v2\/types\/page"}],"author":[{"embeddable":true,"href":"https:\/\/kiosque.ecoledesponts.fr\/rapport-activite-2021\/wp-json\/wp\/v2\/users\/1"}],"replies":[{"embeddable":true,"href":"https:\/\/kiosque.ecoledesponts.fr\/rapport-activite-2021\/wp-json\/wp\/v2\/comments?post=1645"}],"version-history":[{"count":13,"href":"https:\/\/kiosque.ecoledesponts.fr\/rapport-activite-2021\/wp-json\/wp\/v2\/pages\/1645\/revisions"}],"predecessor-version":[{"id":4085,"href":"https:\/\/kiosque.ecoledesponts.fr\/rapport-activite-2021\/wp-json\/wp\/v2\/pages\/1645\/revisions\/4085"}],"up":[{"embeddable":true,"href":"https:\/\/kiosque.ecoledesponts.fr\/rapport-activite-2021\/wp-json\/wp\/v2\/pages\/1639"}],"wp:attachment":[{"href":"https:\/\/kiosque.ecoledesponts.fr\/rapport-activite-2021\/wp-json\/wp\/v2\/media?parent=1645"}],"wp:term":[{"taxonomy":"post_tag","embeddable":true,"href":"https:\/\/kiosque.ecoledesponts.fr\/rapport-activite-2021\/wp-json\/wp\/v2\/tags?post=1645"}],"curies":[{"name":"wp","href":"https:\/\/api.w.org\/{rel}","templated":true}]}}