{"id":1667,"date":"2022-08-16T09:09:47","date_gmt":"2022-08-16T07:09:47","guid":{"rendered":"http:\/\/kiosque.ecoledesponts.fr\/rapport-activite-2021\/?page_id=1667"},"modified":"2023-01-02T17:19:24","modified_gmt":"2023-01-02T16:19:24","slug":"soutenir-un-developpement-durable","status":"publish","type":"page","link":"https:\/\/kiosque.ecoledesponts.fr\/rapport-activite-2021\/engagements-organisation-et-moyens\/une-ecole-engagee\/soutenir-un-developpement-durable\/","title":{"rendered":"Soutenir un d\u00e9veloppement durable"},"content":{"rendered":"<!--themify_builder_content-->\n<div id=\"themify_builder_content-1667\" data-postid=\"1667\" class=\"themify_builder_content themify_builder_content-1667 themify_builder tf_clear\">\n    <\/div>\n<!--\/themify_builder_content-->\n\n<h2>\u00c9valuer les pratiques<\/h2>\n<figure id=\"attachment_2141\" aria-describedby=\"caption-attachment-2141\" style=\"width: 500px\" class=\"wp-caption alignright\"><img decoding=\"async\" loading=\"lazy\" class=\"wp-image-2141\" src=\"http:\/\/kiosque.ecoledesponts.fr\/rapport-activite-2021\/wp-content\/uploads\/sites\/3\/2022\/08\/Cariolis-David-Delaporte-300x200.jpg\" alt=\"Coriolis\" width=\"500\" height=\"333\" srcset=\"https:\/\/kiosque.ecoledesponts.fr\/rapport-activite-2021\/wp-content\/uploads\/sites\/3\/2022\/08\/Cariolis-David-Delaporte-300x200.jpg 300w, https:\/\/kiosque.ecoledesponts.fr\/rapport-activite-2021\/wp-content\/uploads\/sites\/3\/2022\/08\/Cariolis-David-Delaporte-1024x682.jpg 1024w, https:\/\/kiosque.ecoledesponts.fr\/rapport-activite-2021\/wp-content\/uploads\/sites\/3\/2022\/08\/Cariolis-David-Delaporte-768x512.jpg 768w, https:\/\/kiosque.ecoledesponts.fr\/rapport-activite-2021\/wp-content\/uploads\/sites\/3\/2022\/08\/Cariolis-David-Delaporte.jpg 1400w\" sizes=\"(max-width: 500px) 100vw, 500px\" \/><figcaption id=\"caption-attachment-2141\" class=\"wp-caption-text\">Le b\u00e2timent Coriolis constitue un lieu exp\u00e9rimental d\u00e9di\u00e9 \u00e0 la ma\u00eetrise \u00e9nerg\u00e9tique<\/figcaption><\/figure>\n<p>Si le d\u00e9veloppement durable irrigue les formations et la recherche de l\u2019\u00c9cole des Ponts ParisTech, ses enjeux, en premier lieu la neutralit\u00e9 carbone, sont \u00e9galement partie int\u00e9grante de la vie quotidienne de l\u2019\u00e9tablissement. Celui-ci \u00e9value ainsi r\u00e9guli\u00e8rement ses pratiques suivant le r\u00e9f\u00e9rentiel D\u00e9veloppement durable et responsabilit\u00e9 soci\u00e9tale (DD&amp;RS) des \u00e9tablissements fran\u00e7ais de l\u2019enseignement sup\u00e9rieur. Chaque th\u00e8me donne lieu \u00e0 une auto-\u00e9valuation et \u00e0 un plan d\u2019action en vue de la labellisation de l\u2019\u00c9cole.<\/p>\n<h2>Mettre en \u0153uvre un \u00ab\u202fplan vert\u202f\u00bb<\/h2>\n<p>L\u2019\u00c9cole des Ponts ParisTech met en \u0153uvre un projet de d\u00e9carbonation qui porte autant sur le b\u00e2ti que sur les d\u00e9placements. Ce \u00ab\u202fplan vert\u202f\u00bb est accompagn\u00e9 d\u2019indicateurs de suivi\u202f: la synth\u00e8se annuelle est int\u00e9gr\u00e9e au rapport de la directrice et pr\u00e9sent\u00e9e au conseil d\u2019administration. Le volet \u00ab\u202fenvironnement\u202f\u00bb du plan vert se d\u00e9cline en objectifs concernant les mat\u00e9riels bureautiques, les solutions d\u2019impression, la consommation de papier, les fournitures de bureau et le mobilier, la gestion des d\u00e9chets, les d\u00e9placements, les consommations d\u2019\u00e9nergie et d\u2019eau et les achats responsables.<\/p>\n<h2>S\u2019engager \u00e0 travers l\u2019Accord de Grenoble<\/h2>\n<p>L\u2019\u00c9cole a sign\u00e9 l\u2019accord de Grenoble en d\u00e9cembre 2021 et s\u2019engage ainsi \u00e0 r\u00e9pondre aux attentes exprim\u00e9es par les \u00e9tudiants. Pr\u00e9sent\u00e9 lors de la COP&nbsp;2 \u00c9tudiante en avril 2021, ce document se veut structurant pour l\u2019enseignement sup\u00e9rieur et la recherche sur les enjeux de transition socio-\u00e9cologique. Il propose des objectifs communs \u00e0 tous les \u00e9tablissements qui s\u2019engagent, ainsi qu\u2019une liste de mesures concr\u00e8tes pour les atteindre.<\/p>","protected":false},"excerpt":{"rendered":"<p>\u00c9valuer les pratiques Si le d\u00e9veloppement durable irrigue les formations et la recherche de l\u2019\u00c9cole des Ponts ParisTech, ses enjeux, en premier lieu la neutralit\u00e9 carbone, sont \u00e9galement partie int\u00e9grante de la vie quotidienne de l\u2019\u00e9tablissement. Celui-ci \u00e9value ainsi r\u00e9guli\u00e8rement ses pratiques suivant le r\u00e9f\u00e9rentiel D\u00e9veloppement durable et responsabilit\u00e9 soci\u00e9tale (DD&amp;RS) des \u00e9tablissements fran\u00e7ais de [&hellip;]<\/p>\n","protected":false},"author":1,"featured_media":0,"parent":1645,"menu_order":0,"comment_status":"closed","ping_status":"closed","template":"page_rouge.php","meta":[],"tags":[39,35],"acf":[],"yoast_head":"<!-- This site is optimized with the Yoast SEO plugin v21.1 - https:\/\/yoast.com\/wordpress\/plugins\/seo\/ -->\n<title>Soutenir un d\u00e9veloppement durable - Rapport d&#039;activit\u00e9 2021<\/title>\n<meta name=\"robots\" content=\"index, follow, max-snippet:-1, max-image-preview:large, max-video-preview:-1\" \/>\n<link rel=\"canonical\" href=\"https:\/\/kiosque.ecoledesponts.fr\/rapport-activite-2021\/engagements-organisation-et-moyens\/une-ecole-engagee\/soutenir-un-developpement-durable\/\" \/>\n<meta property=\"og:locale\" content=\"fr_FR\" \/>\n<meta property=\"og:type\" content=\"article\" \/>\n<meta property=\"og:title\" content=\"Soutenir un d\u00e9veloppement durable - Rapport d&#039;activit\u00e9 2021\" \/>\n<meta property=\"og:description\" content=\"\u00c9valuer les pratiques Si le d\u00e9veloppement durable irrigue les formations et la recherche de l\u2019\u00c9cole des Ponts ParisTech, ses enjeux, en premier lieu la neutralit\u00e9 carbone, sont \u00e9galement partie int\u00e9grante de la vie quotidienne de l\u2019\u00e9tablissement. Celui-ci \u00e9value ainsi r\u00e9guli\u00e8rement ses pratiques suivant le r\u00e9f\u00e9rentiel D\u00e9veloppement durable et responsabilit\u00e9 soci\u00e9tale (DD&amp;RS) des \u00e9tablissements fran\u00e7ais de [&hellip;]\" \/>\n<meta property=\"og:url\" content=\"https:\/\/kiosque.ecoledesponts.fr\/rapport-activite-2021\/engagements-organisation-et-moyens\/une-ecole-engagee\/soutenir-un-developpement-durable\/\" \/>\n<meta property=\"og:site_name\" content=\"Rapport d&#039;activit\u00e9 2021\" \/>\n<meta property=\"article:modified_time\" content=\"2023-01-02T16:19:24+00:00\" \/>\n<meta property=\"og:image\" content=\"http:\/\/kiosque.ecoledesponts.fr\/rapport-activite-2021\/wp-content\/uploads\/sites\/3\/2022\/08\/Cariolis-David-Delaporte-300x200.jpg\" \/>\n<meta name=\"twitter:card\" content=\"summary_large_image\" \/>\n<meta name=\"twitter:label1\" content=\"Dur\u00e9e de lecture estim\u00e9e\" \/>\n\t<meta name=\"twitter:data1\" content=\"2 minutes\" \/>\n<script type=\"application\/ld+json\" class=\"yoast-schema-graph\">{\"@context\":\"https:\/\/schema.org\",\"@graph\":[{\"@type\":\"WebPage\",\"@id\":\"https:\/\/kiosque.ecoledesponts.fr\/rapport-activite-2021\/engagements-organisation-et-moyens\/une-ecole-engagee\/soutenir-un-developpement-durable\/\",\"url\":\"https:\/\/kiosque.ecoledesponts.fr\/rapport-activite-2021\/engagements-organisation-et-moyens\/une-ecole-engagee\/soutenir-un-developpement-durable\/\",\"name\":\"Soutenir un d\u00e9veloppement durable - Rapport d'activit\u00e9 2021\",\"isPartOf\":{\"@id\":\"https:\/\/kiosque.ecoledesponts.fr\/rapport-activite-2021\/#website\"},\"datePublished\":\"2022-08-16T07:09:47+00:00\",\"dateModified\":\"2023-01-02T16:19:24+00:00\",\"breadcrumb\":{\"@id\":\"https:\/\/kiosque.ecoledesponts.fr\/rapport-activite-2021\/engagements-organisation-et-moyens\/une-ecole-engagee\/soutenir-un-developpement-durable\/#breadcrumb\"},\"inLanguage\":\"fr-FR\",\"potentialAction\":[{\"@type\":\"ReadAction\",\"target\":[\"https:\/\/kiosque.ecoledesponts.fr\/rapport-activite-2021\/engagements-organisation-et-moyens\/une-ecole-engagee\/soutenir-un-developpement-durable\/\"]}]},{\"@type\":\"BreadcrumbList\",\"@id\":\"https:\/\/kiosque.ecoledesponts.fr\/rapport-activite-2021\/engagements-organisation-et-moyens\/une-ecole-engagee\/soutenir-un-developpement-durable\/#breadcrumb\",\"itemListElement\":[{\"@type\":\"ListItem\",\"position\":1,\"name\":\"Accueil\",\"item\":\"https:\/\/kiosque.ecoledesponts.fr\/rapport-activite-2021\/\"},{\"@type\":\"ListItem\",\"position\":2,\"name\":\"Engagements, organisation et moyens\",\"item\":\"https:\/\/kiosque.ecoledesponts.fr\/rapport-activite-2021\/engagements-organisation-et-moyens\/\"},{\"@type\":\"ListItem\",\"position\":3,\"name\":\"Une \u00e9cole engag\u00e9e\",\"item\":\"https:\/\/kiosque.ecoledesponts.fr\/rapport-activite-2021\/engagements-organisation-et-moyens\/une-ecole-engagee\/\"},{\"@type\":\"ListItem\",\"position\":4,\"name\":\"Soutenir un d\u00e9veloppement durable\"}]},{\"@type\":\"WebSite\",\"@id\":\"https:\/\/kiosque.ecoledesponts.fr\/rapport-activite-2021\/#website\",\"url\":\"https:\/\/kiosque.ecoledesponts.fr\/rapport-activite-2021\/\",\"name\":\"Rapport d'activit\u00e9 2021\",\"description\":\"Un site utilisant Les sites du kiosque des ponts\",\"potentialAction\":[{\"@type\":\"SearchAction\",\"target\":{\"@type\":\"EntryPoint\",\"urlTemplate\":\"https:\/\/kiosque.ecoledesponts.fr\/rapport-activite-2021\/?s={search_term_string}\"},\"query-input\":\"required name=search_term_string\"}],\"inLanguage\":\"fr-FR\"}]}<\/script>\n<!-- \/ Yoast SEO plugin. -->","yoast_head_json":{"title":"Soutenir un d\u00e9veloppement durable - Rapport d'activit\u00e9 2021","robots":{"index":"index","follow":"follow","max-snippet":"max-snippet:-1","max-image-preview":"max-image-preview:large","max-video-preview":"max-video-preview:-1"},"canonical":"https:\/\/kiosque.ecoledesponts.fr\/rapport-activite-2021\/engagements-organisation-et-moyens\/une-ecole-engagee\/soutenir-un-developpement-durable\/","og_locale":"fr_FR","og_type":"article","og_title":"Soutenir un d\u00e9veloppement durable - Rapport d'activit\u00e9 2021","og_description":"\u00c9valuer les pratiques Si le d\u00e9veloppement durable irrigue les formations et la recherche de l\u2019\u00c9cole des Ponts ParisTech, ses enjeux, en premier lieu la neutralit\u00e9 carbone, sont \u00e9galement partie int\u00e9grante de la vie quotidienne de l\u2019\u00e9tablissement. Celui-ci \u00e9value ainsi r\u00e9guli\u00e8rement ses pratiques suivant le r\u00e9f\u00e9rentiel D\u00e9veloppement durable et responsabilit\u00e9 soci\u00e9tale (DD&amp;RS) des \u00e9tablissements fran\u00e7ais de [&hellip;]","og_url":"https:\/\/kiosque.ecoledesponts.fr\/rapport-activite-2021\/engagements-organisation-et-moyens\/une-ecole-engagee\/soutenir-un-developpement-durable\/","og_site_name":"Rapport d'activit\u00e9 2021","article_modified_time":"2023-01-02T16:19:24+00:00","og_image":[{"url":"http:\/\/kiosque.ecoledesponts.fr\/rapport-activite-2021\/wp-content\/uploads\/sites\/3\/2022\/08\/Cariolis-David-Delaporte-300x200.jpg"}],"twitter_card":"summary_large_image","twitter_misc":{"Dur\u00e9e de lecture estim\u00e9e":"2 minutes"},"schema":{"@context":"https:\/\/schema.org","@graph":[{"@type":"WebPage","@id":"https:\/\/kiosque.ecoledesponts.fr\/rapport-activite-2021\/engagements-organisation-et-moyens\/une-ecole-engagee\/soutenir-un-developpement-durable\/","url":"https:\/\/kiosque.ecoledesponts.fr\/rapport-activite-2021\/engagements-organisation-et-moyens\/une-ecole-engagee\/soutenir-un-developpement-durable\/","name":"Soutenir un d\u00e9veloppement durable - Rapport d'activit\u00e9 2021","isPartOf":{"@id":"https:\/\/kiosque.ecoledesponts.fr\/rapport-activite-2021\/#website"},"datePublished":"2022-08-16T07:09:47+00:00","dateModified":"2023-01-02T16:19:24+00:00","breadcrumb":{"@id":"https:\/\/kiosque.ecoledesponts.fr\/rapport-activite-2021\/engagements-organisation-et-moyens\/une-ecole-engagee\/soutenir-un-developpement-durable\/#breadcrumb"},"inLanguage":"fr-FR","potentialAction":[{"@type":"ReadAction","target":["https:\/\/kiosque.ecoledesponts.fr\/rapport-activite-2021\/engagements-organisation-et-moyens\/une-ecole-engagee\/soutenir-un-developpement-durable\/"]}]},{"@type":"BreadcrumbList","@id":"https:\/\/kiosque.ecoledesponts.fr\/rapport-activite-2021\/engagements-organisation-et-moyens\/une-ecole-engagee\/soutenir-un-developpement-durable\/#breadcrumb","itemListElement":[{"@type":"ListItem","position":1,"name":"Accueil","item":"https:\/\/kiosque.ecoledesponts.fr\/rapport-activite-2021\/"},{"@type":"ListItem","position":2,"name":"Engagements, organisation et moyens","item":"https:\/\/kiosque.ecoledesponts.fr\/rapport-activite-2021\/engagements-organisation-et-moyens\/"},{"@type":"ListItem","position":3,"name":"Une \u00e9cole engag\u00e9e","item":"https:\/\/kiosque.ecoledesponts.fr\/rapport-activite-2021\/engagements-organisation-et-moyens\/une-ecole-engagee\/"},{"@type":"ListItem","position":4,"name":"Soutenir un d\u00e9veloppement durable"}]},{"@type":"WebSite","@id":"https:\/\/kiosque.ecoledesponts.fr\/rapport-activite-2021\/#website","url":"https:\/\/kiosque.ecoledesponts.fr\/rapport-activite-2021\/","name":"Rapport d'activit\u00e9 2021","description":"Un site utilisant Les sites du kiosque des ponts","potentialAction":[{"@type":"SearchAction","target":{"@type":"EntryPoint","urlTemplate":"https:\/\/kiosque.ecoledesponts.fr\/rapport-activite-2021\/?s={search_term_string}"},"query-input":"required name=search_term_string"}],"inLanguage":"fr-FR"}]}},"builder_content":"","_links":{"self":[{"href":"https:\/\/kiosque.ecoledesponts.fr\/rapport-activite-2021\/wp-json\/wp\/v2\/pages\/1667"}],"collection":[{"href":"https:\/\/kiosque.ecoledesponts.fr\/rapport-activite-2021\/wp-json\/wp\/v2\/pages"}],"about":[{"href":"https:\/\/kiosque.ecoledesponts.fr\/rapport-activite-2021\/wp-json\/wp\/v2\/types\/page"}],"author":[{"embeddable":true,"href":"https:\/\/kiosque.ecoledesponts.fr\/rapport-activite-2021\/wp-json\/wp\/v2\/users\/1"}],"replies":[{"embeddable":true,"href":"https:\/\/kiosque.ecoledesponts.fr\/rapport-activite-2021\/wp-json\/wp\/v2\/comments?post=1667"}],"version-history":[{"count":7,"href":"https:\/\/kiosque.ecoledesponts.fr\/rapport-activite-2021\/wp-json\/wp\/v2\/pages\/1667\/revisions"}],"predecessor-version":[{"id":3733,"href":"https:\/\/kiosque.ecoledesponts.fr\/rapport-activite-2021\/wp-json\/wp\/v2\/pages\/1667\/revisions\/3733"}],"up":[{"embeddable":true,"href":"https:\/\/kiosque.ecoledesponts.fr\/rapport-activite-2021\/wp-json\/wp\/v2\/pages\/1645"}],"wp:attachment":[{"href":"https:\/\/kiosque.ecoledesponts.fr\/rapport-activite-2021\/wp-json\/wp\/v2\/media?parent=1667"}],"wp:term":[{"taxonomy":"post_tag","embeddable":true,"href":"https:\/\/kiosque.ecoledesponts.fr\/rapport-activite-2021\/wp-json\/wp\/v2\/tags?post=1667"}],"curies":[{"name":"wp","href":"https:\/\/api.w.org\/{rel}","templated":true}]}}