{"id":1735,"date":"2022-08-16T10:16:32","date_gmt":"2022-08-16T08:16:32","guid":{"rendered":"http:\/\/kiosque.ecoledesponts.fr\/rapport-activite-2021\/?page_id=1735"},"modified":"2023-01-02T17:21:40","modified_gmt":"2023-01-02T16:21:40","slug":"les-laboratoires","status":"publish","type":"page","link":"https:\/\/kiosque.ecoledesponts.fr\/rapport-activite-2021\/engagements-organisation-et-moyens\/organisation-et-moyens\/les-laboratoires\/","title":{"rendered":"Les laboratoires"},"content":{"rendered":"<!--themify_builder_content-->\n<div id=\"themify_builder_content-1735\" data-postid=\"1735\" class=\"themify_builder_content themify_builder_content-1735 themify_builder tf_clear\">\n    <\/div>\n<!--\/themify_builder_content-->\n\n\n<div class=\"is-layout-flex wp-container-3 wp-block-columns\">\n<div class=\"is-layout-flow wp-block-column\">\n<h2>Centre d\u2019enseignement et de recherche en environnement atmosph\u00e9rique (CEREA)<\/h2>\n<ul>\n<li>Directeur<br><strong>Patrick MASSIN<\/strong><\/li>\n<\/ul>\n<h2>Centre d\u2019enseignement et de recherche en math\u00e9matiques et calcul scientifique (CERMICS)<\/h2>\n<ul>\n<li>Directeur<br><strong>Tony LELI\u00c8VRE<\/strong><\/li>\n<\/ul>\n<h2>Centre international de recherche sur l\u2019environnement et le d\u00e9veloppement (CIRED)<\/h2>\n<ul>\n<li>Directeur\u2005<br><strong>Franck LECOCQ<\/strong><\/li>\n<\/ul>\n<h2>Paris-Jourdan sciences \u00e9conomiques (PjSE)<\/h2>\n<ul>\n<li>Directeur<br><strong>Jean-Marc TALLON<\/strong><\/li>\n<\/ul>\n<h2>Laboratoire Hydrologie, m\u00e9t\u00e9orologie et complexit\u00e9 (HM&amp;Co)<\/h2>\n<ul>\n<li>Directrice<br><strong>Ioulia TCHIGUIRINSKAIA<\/strong><\/li>\n<\/ul>\n<\/div>\n\n\n\n<div class=\"is-layout-flow wp-block-column\">\n<h2>Laboratoire Techniques, territoires et soci\u00e9t\u00e9s (LATTS)<\/h2>\n<ul>\n<li>Directrice<br><strong>Nathalie ROSEAU<\/strong><\/li>\n<\/ul>\n<h2>Laboratoire Eau, environnement et syst\u00e8mes urbains (LEESU)<\/h2>\n<ul>\n<li>Directeur\u2005<br><strong>R\u00e9gis MOILLERON<\/strong><\/li>\n<\/ul>\n<h2>Laboratoire d\u2019informatique Gaspard Monge (LIGM)<\/h2>\n<ul>\n<li>Directeur\u2005<br><strong>Cyril NICAUD<\/strong><\/li>\n<\/ul>\n<h2>Laboratoire de m\u00e9t\u00e9orologie dynamique (LMD)<\/h2>\n<ul>\n<li>Directeur\u2005<br><strong>Philippe DROBINSKI<\/strong><\/li>\n<\/ul>\n<h2>Laboratoire Ville, mobilit\u00e9, transport (LVMT)<\/h2>\n<ul>\n<li>Directeur\u2005<br><strong>Pierre ZEMBRI<\/strong><\/li>\n<\/ul>\n<h2>Laboratoire d\u2019hydraulique Saint-Venant (LHSV)<\/h2>\n<ul>\n<li>Directeurs<br><strong>S\u00e9bastien BOYAVAL<\/strong><br><strong>S\u00e9bastien BOURBAN<\/strong><\/li>\n<\/ul>\n<h2>Laboratoire Navier<\/h2>\n<ul>\n<li>Directeur\u2005<br><strong>Jean SULEM<\/strong><\/li>\n<\/ul>\n<\/div>\n<\/div>","protected":false},"excerpt":{"rendered":"<p>Centre d\u2019enseignement et de recherche en environnement atmosph\u00e9rique (CEREA) DirecteurPatrick MASSIN Centre d\u2019enseignement et de recherche en math\u00e9matiques et calcul scientifique (CERMICS) DirecteurTony LELI\u00c8VRE Centre international de recherche sur l\u2019environnement et le d\u00e9veloppement (CIRED) Directeur\u2005Franck LECOCQ Paris-Jourdan sciences \u00e9conomiques (PjSE) DirecteurJean-Marc TALLON Laboratoire Hydrologie, m\u00e9t\u00e9orologie et complexit\u00e9 (HM&amp;Co) DirectriceIoulia TCHIGUIRINSKAIA Laboratoire Techniques, territoires et soci\u00e9t\u00e9s [&hellip;]<\/p>\n","protected":false},"author":1,"featured_media":0,"parent":1675,"menu_order":0,"comment_status":"closed","ping_status":"closed","template":"page_rouge.php","meta":[],"tags":[31,29],"acf":[],"yoast_head":"<!-- This site is optimized with the Yoast SEO plugin v21.1 - https:\/\/yoast.com\/wordpress\/plugins\/seo\/ -->\n<title>Les laboratoires - Rapport d&#039;activit\u00e9 2021<\/title>\n<meta name=\"robots\" content=\"index, follow, max-snippet:-1, max-image-preview:large, max-video-preview:-1\" \/>\n<link rel=\"canonical\" href=\"https:\/\/kiosque.ecoledesponts.fr\/rapport-activite-2021\/engagements-organisation-et-moyens\/organisation-et-moyens\/les-laboratoires\/\" \/>\n<meta property=\"og:locale\" content=\"fr_FR\" \/>\n<meta property=\"og:type\" content=\"article\" \/>\n<meta property=\"og:title\" content=\"Les laboratoires - Rapport d&#039;activit\u00e9 2021\" \/>\n<meta property=\"og:description\" content=\"Centre d\u2019enseignement et de recherche en environnement atmosph\u00e9rique (CEREA) DirecteurPatrick MASSIN Centre d\u2019enseignement et de recherche en math\u00e9matiques et calcul scientifique (CERMICS) DirecteurTony LELI\u00c8VRE Centre international de recherche sur l\u2019environnement et le d\u00e9veloppement (CIRED) Directeur\u2005Franck LECOCQ Paris-Jourdan sciences \u00e9conomiques (PjSE) DirecteurJean-Marc TALLON Laboratoire Hydrologie, m\u00e9t\u00e9orologie et complexit\u00e9 (HM&amp;Co) DirectriceIoulia TCHIGUIRINSKAIA Laboratoire Techniques, territoires et soci\u00e9t\u00e9s [&hellip;]\" \/>\n<meta property=\"og:url\" content=\"https:\/\/kiosque.ecoledesponts.fr\/rapport-activite-2021\/engagements-organisation-et-moyens\/organisation-et-moyens\/les-laboratoires\/\" \/>\n<meta property=\"og:site_name\" content=\"Rapport d&#039;activit\u00e9 2021\" \/>\n<meta property=\"article:modified_time\" content=\"2023-01-02T16:21:40+00:00\" \/>\n<meta name=\"twitter:card\" content=\"summary_large_image\" \/>\n<meta name=\"twitter:label1\" content=\"Dur\u00e9e de lecture estim\u00e9e\" \/>\n\t<meta name=\"twitter:data1\" content=\"1 minute\" \/>\n<script type=\"application\/ld+json\" class=\"yoast-schema-graph\">{\"@context\":\"https:\/\/schema.org\",\"@graph\":[{\"@type\":\"WebPage\",\"@id\":\"https:\/\/kiosque.ecoledesponts.fr\/rapport-activite-2021\/engagements-organisation-et-moyens\/organisation-et-moyens\/les-laboratoires\/\",\"url\":\"https:\/\/kiosque.ecoledesponts.fr\/rapport-activite-2021\/engagements-organisation-et-moyens\/organisation-et-moyens\/les-laboratoires\/\",\"name\":\"Les laboratoires - Rapport d'activit\u00e9 2021\",\"isPartOf\":{\"@id\":\"https:\/\/kiosque.ecoledesponts.fr\/rapport-activite-2021\/#website\"},\"datePublished\":\"2022-08-16T08:16:32+00:00\",\"dateModified\":\"2023-01-02T16:21:40+00:00\",\"breadcrumb\":{\"@id\":\"https:\/\/kiosque.ecoledesponts.fr\/rapport-activite-2021\/engagements-organisation-et-moyens\/organisation-et-moyens\/les-laboratoires\/#breadcrumb\"},\"inLanguage\":\"fr-FR\",\"potentialAction\":[{\"@type\":\"ReadAction\",\"target\":[\"https:\/\/kiosque.ecoledesponts.fr\/rapport-activite-2021\/engagements-organisation-et-moyens\/organisation-et-moyens\/les-laboratoires\/\"]}]},{\"@type\":\"BreadcrumbList\",\"@id\":\"https:\/\/kiosque.ecoledesponts.fr\/rapport-activite-2021\/engagements-organisation-et-moyens\/organisation-et-moyens\/les-laboratoires\/#breadcrumb\",\"itemListElement\":[{\"@type\":\"ListItem\",\"position\":1,\"name\":\"Accueil\",\"item\":\"https:\/\/kiosque.ecoledesponts.fr\/rapport-activite-2021\/\"},{\"@type\":\"ListItem\",\"position\":2,\"name\":\"Engagements, organisation et moyens\",\"item\":\"https:\/\/kiosque.ecoledesponts.fr\/rapport-activite-2021\/engagements-organisation-et-moyens\/\"},{\"@type\":\"ListItem\",\"position\":3,\"name\":\"Organisation et moyens\",\"item\":\"https:\/\/kiosque.ecoledesponts.fr\/rapport-activite-2021\/engagements-organisation-et-moyens\/organisation-et-moyens\/\"},{\"@type\":\"ListItem\",\"position\":4,\"name\":\"Les laboratoires\"}]},{\"@type\":\"WebSite\",\"@id\":\"https:\/\/kiosque.ecoledesponts.fr\/rapport-activite-2021\/#website\",\"url\":\"https:\/\/kiosque.ecoledesponts.fr\/rapport-activite-2021\/\",\"name\":\"Rapport d'activit\u00e9 2021\",\"description\":\"Un site utilisant Les sites du kiosque des ponts\",\"potentialAction\":[{\"@type\":\"SearchAction\",\"target\":{\"@type\":\"EntryPoint\",\"urlTemplate\":\"https:\/\/kiosque.ecoledesponts.fr\/rapport-activite-2021\/?s={search_term_string}\"},\"query-input\":\"required name=search_term_string\"}],\"inLanguage\":\"fr-FR\"}]}<\/script>\n<!-- \/ Yoast SEO plugin. -->","yoast_head_json":{"title":"Les laboratoires - Rapport d'activit\u00e9 2021","robots":{"index":"index","follow":"follow","max-snippet":"max-snippet:-1","max-image-preview":"max-image-preview:large","max-video-preview":"max-video-preview:-1"},"canonical":"https:\/\/kiosque.ecoledesponts.fr\/rapport-activite-2021\/engagements-organisation-et-moyens\/organisation-et-moyens\/les-laboratoires\/","og_locale":"fr_FR","og_type":"article","og_title":"Les laboratoires - Rapport d'activit\u00e9 2021","og_description":"Centre d\u2019enseignement et de recherche en environnement atmosph\u00e9rique (CEREA) DirecteurPatrick MASSIN Centre d\u2019enseignement et de recherche en math\u00e9matiques et calcul scientifique (CERMICS) DirecteurTony LELI\u00c8VRE Centre international de recherche sur l\u2019environnement et le d\u00e9veloppement (CIRED) Directeur\u2005Franck LECOCQ Paris-Jourdan sciences \u00e9conomiques (PjSE) DirecteurJean-Marc TALLON Laboratoire Hydrologie, m\u00e9t\u00e9orologie et complexit\u00e9 (HM&amp;Co) DirectriceIoulia TCHIGUIRINSKAIA Laboratoire Techniques, territoires et soci\u00e9t\u00e9s [&hellip;]","og_url":"https:\/\/kiosque.ecoledesponts.fr\/rapport-activite-2021\/engagements-organisation-et-moyens\/organisation-et-moyens\/les-laboratoires\/","og_site_name":"Rapport d'activit\u00e9 2021","article_modified_time":"2023-01-02T16:21:40+00:00","twitter_card":"summary_large_image","twitter_misc":{"Dur\u00e9e de lecture estim\u00e9e":"1 minute"},"schema":{"@context":"https:\/\/schema.org","@graph":[{"@type":"WebPage","@id":"https:\/\/kiosque.ecoledesponts.fr\/rapport-activite-2021\/engagements-organisation-et-moyens\/organisation-et-moyens\/les-laboratoires\/","url":"https:\/\/kiosque.ecoledesponts.fr\/rapport-activite-2021\/engagements-organisation-et-moyens\/organisation-et-moyens\/les-laboratoires\/","name":"Les laboratoires - Rapport d'activit\u00e9 2021","isPartOf":{"@id":"https:\/\/kiosque.ecoledesponts.fr\/rapport-activite-2021\/#website"},"datePublished":"2022-08-16T08:16:32+00:00","dateModified":"2023-01-02T16:21:40+00:00","breadcrumb":{"@id":"https:\/\/kiosque.ecoledesponts.fr\/rapport-activite-2021\/engagements-organisation-et-moyens\/organisation-et-moyens\/les-laboratoires\/#breadcrumb"},"inLanguage":"fr-FR","potentialAction":[{"@type":"ReadAction","target":["https:\/\/kiosque.ecoledesponts.fr\/rapport-activite-2021\/engagements-organisation-et-moyens\/organisation-et-moyens\/les-laboratoires\/"]}]},{"@type":"BreadcrumbList","@id":"https:\/\/kiosque.ecoledesponts.fr\/rapport-activite-2021\/engagements-organisation-et-moyens\/organisation-et-moyens\/les-laboratoires\/#breadcrumb","itemListElement":[{"@type":"ListItem","position":1,"name":"Accueil","item":"https:\/\/kiosque.ecoledesponts.fr\/rapport-activite-2021\/"},{"@type":"ListItem","position":2,"name":"Engagements, organisation et moyens","item":"https:\/\/kiosque.ecoledesponts.fr\/rapport-activite-2021\/engagements-organisation-et-moyens\/"},{"@type":"ListItem","position":3,"name":"Organisation et moyens","item":"https:\/\/kiosque.ecoledesponts.fr\/rapport-activite-2021\/engagements-organisation-et-moyens\/organisation-et-moyens\/"},{"@type":"ListItem","position":4,"name":"Les laboratoires"}]},{"@type":"WebSite","@id":"https:\/\/kiosque.ecoledesponts.fr\/rapport-activite-2021\/#website","url":"https:\/\/kiosque.ecoledesponts.fr\/rapport-activite-2021\/","name":"Rapport d'activit\u00e9 2021","description":"Un site utilisant Les sites du kiosque des ponts","potentialAction":[{"@type":"SearchAction","target":{"@type":"EntryPoint","urlTemplate":"https:\/\/kiosque.ecoledesponts.fr\/rapport-activite-2021\/?s={search_term_string}"},"query-input":"required name=search_term_string"}],"inLanguage":"fr-FR"}]}},"builder_content":"","_links":{"self":[{"href":"https:\/\/kiosque.ecoledesponts.fr\/rapport-activite-2021\/wp-json\/wp\/v2\/pages\/1735"}],"collection":[{"href":"https:\/\/kiosque.ecoledesponts.fr\/rapport-activite-2021\/wp-json\/wp\/v2\/pages"}],"about":[{"href":"https:\/\/kiosque.ecoledesponts.fr\/rapport-activite-2021\/wp-json\/wp\/v2\/types\/page"}],"author":[{"embeddable":true,"href":"https:\/\/kiosque.ecoledesponts.fr\/rapport-activite-2021\/wp-json\/wp\/v2\/users\/1"}],"replies":[{"embeddable":true,"href":"https:\/\/kiosque.ecoledesponts.fr\/rapport-activite-2021\/wp-json\/wp\/v2\/comments?post=1735"}],"version-history":[{"count":11,"href":"https:\/\/kiosque.ecoledesponts.fr\/rapport-activite-2021\/wp-json\/wp\/v2\/pages\/1735\/revisions"}],"predecessor-version":[{"id":3751,"href":"https:\/\/kiosque.ecoledesponts.fr\/rapport-activite-2021\/wp-json\/wp\/v2\/pages\/1735\/revisions\/3751"}],"up":[{"embeddable":true,"href":"https:\/\/kiosque.ecoledesponts.fr\/rapport-activite-2021\/wp-json\/wp\/v2\/pages\/1675"}],"wp:attachment":[{"href":"https:\/\/kiosque.ecoledesponts.fr\/rapport-activite-2021\/wp-json\/wp\/v2\/media?parent=1735"}],"wp:term":[{"taxonomy":"post_tag","embeddable":true,"href":"https:\/\/kiosque.ecoledesponts.fr\/rapport-activite-2021\/wp-json\/wp\/v2\/tags?post=1735"}],"curies":[{"name":"wp","href":"https:\/\/api.w.org\/{rel}","templated":true}]}}