{"id":1763,"date":"2022-08-16T12:22:03","date_gmt":"2022-08-16T10:22:03","guid":{"rendered":"http:\/\/kiosque.ecoledesponts.fr\/rapport-activite-2021\/?page_id=1763"},"modified":"2023-01-02T17:22:49","modified_gmt":"2023-01-02T16:22:49","slug":"le-conseil-denseignement-et-de-recherche","status":"publish","type":"page","link":"https:\/\/kiosque.ecoledesponts.fr\/rapport-activite-2021\/engagements-organisation-et-moyens\/organisation-et-moyens\/le-conseil-denseignement-et-de-recherche\/","title":{"rendered":"Le conseil d\u2019enseignement et de recherche"},"content":{"rendered":"<!--themify_builder_content-->\n<div id=\"themify_builder_content-1763\" data-postid=\"1763\" class=\"themify_builder_content themify_builder_content-1763 themify_builder tf_clear\">\n    <\/div>\n<!--\/themify_builder_content-->\n\n\n<div class=\"is-layout-flex wp-container-3 wp-block-columns\">\n<div class=\"is-layout-flow wp-block-column\">\n<h2>4 membres de la direction de l\u2019\u00c9cole<\/h2>\n<ul>\n<li><strong>Sophie MOUGARD<\/strong>, directrice de l\u2019\u00c9cole des Ponts ParisTech<\/li>\n<li><strong>Gilles ROBIN<\/strong>, directeur adjoint de l\u2019\u00c9cole des Ponts ParisTech<\/li>\n<li><strong>Marie MATHIEU PRUVOST<\/strong>, directrice de l\u2019Enseignement<\/li>\n<li><strong>J\u00e9r\u00f4me LESUEUR<\/strong>, directeur de la Recherche<\/li>\n<\/ul>\n<h2>4 membres d\u00e9sign\u00e9s par la directrice<\/h2>\n<ul>\n<li><strong>Virginie BOUTUEIL<\/strong><\/li>\n<li><strong>Jean-Fran\u00e7ois DELMAS<\/strong><\/li>\n<li><strong>Catherine GOUTTE<\/strong><\/li>\n<li><strong>Jean-Michel PEREIRA<\/strong><\/li>\n<\/ul>\n<h2>7 repr\u00e9sentants des professeurs, enseignants et chercheurs<\/h2>\n<h3>3 au coll\u00e8ge des professeurs<\/h3>\n<ul>\n<li><strong>Gabriel STOLTZ<\/strong><br>Suppl\u00e9ant\u202f: \u00c9ric CANCES<\/li>\n<li><strong>Michel NAKHLA<br><\/strong>Suppl\u00e9ant\u202f: Fabrice BONNEAU<\/li>\n<li><strong>Xavier CH\u00c2TEAU<\/strong><br>Suppl\u00e9ant\u202f: Matthieu VANDAMME<\/li>\n<\/ul>\n<h3>4 au coll\u00e8ge des enseignants et chercheurs<\/h3>\n<ul>\n<li><strong>Vincent LECLERE<\/strong><br>Suppl\u00e9ant\u202f: Amaury HAYAT<\/li>\n<li><strong>Mariluz DI TILLIO LACRUZ<br><\/strong>Suppl\u00e9ant\u202f: Amokrane KADDOUR<\/li>\n<li><strong>Auguste GIRES<br><\/strong>Suppl\u00e9ant\u202f: Yelva ROUSTAN<\/li>\n<li><strong>Brigitte VINCON-LEITE<br><\/strong>Suppl\u00e9ante\u202f: Marie-Christine GROMAIRE<\/li>\n<\/ul>\n<\/div>\n\n\n\n<div class=\"is-layout-flow wp-block-column\">\n<h2>7 repr\u00e9sentants des \u00e9l\u00e8ves<\/h2>\n<h2>4 au coll\u00e8ge n\u00b0\u20051<\/h2>\n<ul>\n<li><strong>Clara LEMAITRE<\/strong><br>Suppl\u00e9ant\u202f: Nicolas CORVOL<\/li>\n<li><strong>Claire DELAGE<br><\/strong>Suppl\u00e9ant\u202f: Gr\u00e9goire LAMBRECHT<\/li>\n<li><strong>Julie KLEINHANS<br><\/strong>Suppl\u00e9ant\u202f: Stephen FOURNOUT<\/li>\n<li><strong>Pauline CHARRADE<br><\/strong>Suppl\u00e9ant\u202f: Colin SAGUINET<\/li>\n<\/ul>\n<h3>2 au coll\u00e8ge n\u00b0\u20052<\/h3>\n<ul>\n<li><strong>Jessica Ellen DO ESPIRITO SANTO<\/strong><br>Suppl\u00e9ant\u202f: Marc EL TAWIL<\/li>\n<li><strong>Daniel PASTOR SERRANO<br><\/strong>Suppl\u00e9ant\u202f: Iratxe L\u00d3PEZ DE SUBIJANA ESTEBAN<\/li>\n<\/ul>\n<h3>1 au coll\u00e8ge n\u00b0\u20053<\/h3>\n<ul>\n<li><strong>Marjolaine LANNES<\/strong><br>Suppl\u00e9ant\u202f: Max BEAUREPAIRE<\/li>\n<\/ul>\n<\/div>\n<\/div>","protected":false},"excerpt":{"rendered":"<p>4 membres de la direction de l\u2019\u00c9cole Sophie MOUGARD, directrice de l\u2019\u00c9cole des Ponts ParisTech Gilles ROBIN, directeur adjoint de l\u2019\u00c9cole des Ponts ParisTech Marie MATHIEU PRUVOST, directrice de l\u2019Enseignement J\u00e9r\u00f4me LESUEUR, directeur de la Recherche 4 membres d\u00e9sign\u00e9s par la directrice Virginie BOUTUEIL Jean-Fran\u00e7ois DELMAS Catherine GOUTTE Jean-Michel PEREIRA 7 repr\u00e9sentants des professeurs, enseignants [&hellip;]<\/p>\n","protected":false},"author":1,"featured_media":0,"parent":1675,"menu_order":0,"comment_status":"closed","ping_status":"closed","template":"page_rouge.php","meta":[],"tags":[31,29],"acf":[],"yoast_head":"<!-- This site is optimized with the Yoast SEO plugin v21.1 - https:\/\/yoast.com\/wordpress\/plugins\/seo\/ -->\n<title>Le conseil d\u2019enseignement et de recherche - Rapport d&#039;activit\u00e9 2021<\/title>\n<meta name=\"robots\" content=\"index, follow, max-snippet:-1, max-image-preview:large, max-video-preview:-1\" \/>\n<link rel=\"canonical\" href=\"https:\/\/kiosque.ecoledesponts.fr\/rapport-activite-2021\/engagements-organisation-et-moyens\/organisation-et-moyens\/le-conseil-denseignement-et-de-recherche\/\" \/>\n<meta property=\"og:locale\" content=\"fr_FR\" \/>\n<meta property=\"og:type\" content=\"article\" \/>\n<meta property=\"og:title\" content=\"Le conseil d\u2019enseignement et de recherche - Rapport d&#039;activit\u00e9 2021\" \/>\n<meta property=\"og:description\" content=\"4 membres de la direction de l\u2019\u00c9cole Sophie MOUGARD, directrice de l\u2019\u00c9cole des Ponts ParisTech Gilles ROBIN, directeur adjoint de l\u2019\u00c9cole des Ponts ParisTech Marie MATHIEU PRUVOST, directrice de l\u2019Enseignement J\u00e9r\u00f4me LESUEUR, directeur de la Recherche 4 membres d\u00e9sign\u00e9s par la directrice Virginie BOUTUEIL Jean-Fran\u00e7ois DELMAS Catherine GOUTTE Jean-Michel PEREIRA 7 repr\u00e9sentants des professeurs, enseignants [&hellip;]\" \/>\n<meta property=\"og:url\" content=\"https:\/\/kiosque.ecoledesponts.fr\/rapport-activite-2021\/engagements-organisation-et-moyens\/organisation-et-moyens\/le-conseil-denseignement-et-de-recherche\/\" \/>\n<meta property=\"og:site_name\" content=\"Rapport d&#039;activit\u00e9 2021\" \/>\n<meta property=\"article:modified_time\" content=\"2023-01-02T16:22:49+00:00\" \/>\n<meta name=\"twitter:card\" content=\"summary_large_image\" \/>\n<meta name=\"twitter:label1\" content=\"Dur\u00e9e de lecture estim\u00e9e\" \/>\n\t<meta name=\"twitter:data1\" content=\"1 minute\" \/>\n<script type=\"application\/ld+json\" class=\"yoast-schema-graph\">{\"@context\":\"https:\/\/schema.org\",\"@graph\":[{\"@type\":\"WebPage\",\"@id\":\"https:\/\/kiosque.ecoledesponts.fr\/rapport-activite-2021\/engagements-organisation-et-moyens\/organisation-et-moyens\/le-conseil-denseignement-et-de-recherche\/\",\"url\":\"https:\/\/kiosque.ecoledesponts.fr\/rapport-activite-2021\/engagements-organisation-et-moyens\/organisation-et-moyens\/le-conseil-denseignement-et-de-recherche\/\",\"name\":\"Le conseil d\u2019enseignement et de recherche - Rapport d'activit\u00e9 2021\",\"isPartOf\":{\"@id\":\"https:\/\/kiosque.ecoledesponts.fr\/rapport-activite-2021\/#website\"},\"datePublished\":\"2022-08-16T10:22:03+00:00\",\"dateModified\":\"2023-01-02T16:22:49+00:00\",\"breadcrumb\":{\"@id\":\"https:\/\/kiosque.ecoledesponts.fr\/rapport-activite-2021\/engagements-organisation-et-moyens\/organisation-et-moyens\/le-conseil-denseignement-et-de-recherche\/#breadcrumb\"},\"inLanguage\":\"fr-FR\",\"potentialAction\":[{\"@type\":\"ReadAction\",\"target\":[\"https:\/\/kiosque.ecoledesponts.fr\/rapport-activite-2021\/engagements-organisation-et-moyens\/organisation-et-moyens\/le-conseil-denseignement-et-de-recherche\/\"]}]},{\"@type\":\"BreadcrumbList\",\"@id\":\"https:\/\/kiosque.ecoledesponts.fr\/rapport-activite-2021\/engagements-organisation-et-moyens\/organisation-et-moyens\/le-conseil-denseignement-et-de-recherche\/#breadcrumb\",\"itemListElement\":[{\"@type\":\"ListItem\",\"position\":1,\"name\":\"Accueil\",\"item\":\"https:\/\/kiosque.ecoledesponts.fr\/rapport-activite-2021\/\"},{\"@type\":\"ListItem\",\"position\":2,\"name\":\"Engagements, organisation et moyens\",\"item\":\"https:\/\/kiosque.ecoledesponts.fr\/rapport-activite-2021\/engagements-organisation-et-moyens\/\"},{\"@type\":\"ListItem\",\"position\":3,\"name\":\"Organisation et moyens\",\"item\":\"https:\/\/kiosque.ecoledesponts.fr\/rapport-activite-2021\/engagements-organisation-et-moyens\/organisation-et-moyens\/\"},{\"@type\":\"ListItem\",\"position\":4,\"name\":\"Le conseil d\u2019enseignement et de recherche\"}]},{\"@type\":\"WebSite\",\"@id\":\"https:\/\/kiosque.ecoledesponts.fr\/rapport-activite-2021\/#website\",\"url\":\"https:\/\/kiosque.ecoledesponts.fr\/rapport-activite-2021\/\",\"name\":\"Rapport d'activit\u00e9 2021\",\"description\":\"Un site utilisant Les sites du kiosque des ponts\",\"potentialAction\":[{\"@type\":\"SearchAction\",\"target\":{\"@type\":\"EntryPoint\",\"urlTemplate\":\"https:\/\/kiosque.ecoledesponts.fr\/rapport-activite-2021\/?s={search_term_string}\"},\"query-input\":\"required name=search_term_string\"}],\"inLanguage\":\"fr-FR\"}]}<\/script>\n<!-- \/ Yoast SEO plugin. -->","yoast_head_json":{"title":"Le conseil d\u2019enseignement et de recherche - Rapport d'activit\u00e9 2021","robots":{"index":"index","follow":"follow","max-snippet":"max-snippet:-1","max-image-preview":"max-image-preview:large","max-video-preview":"max-video-preview:-1"},"canonical":"https:\/\/kiosque.ecoledesponts.fr\/rapport-activite-2021\/engagements-organisation-et-moyens\/organisation-et-moyens\/le-conseil-denseignement-et-de-recherche\/","og_locale":"fr_FR","og_type":"article","og_title":"Le conseil d\u2019enseignement et de recherche - Rapport d'activit\u00e9 2021","og_description":"4 membres de la direction de l\u2019\u00c9cole Sophie MOUGARD, directrice de l\u2019\u00c9cole des Ponts ParisTech Gilles ROBIN, directeur adjoint de l\u2019\u00c9cole des Ponts ParisTech Marie MATHIEU PRUVOST, directrice de l\u2019Enseignement J\u00e9r\u00f4me LESUEUR, directeur de la Recherche 4 membres d\u00e9sign\u00e9s par la directrice Virginie BOUTUEIL Jean-Fran\u00e7ois DELMAS Catherine GOUTTE Jean-Michel PEREIRA 7 repr\u00e9sentants des professeurs, enseignants [&hellip;]","og_url":"https:\/\/kiosque.ecoledesponts.fr\/rapport-activite-2021\/engagements-organisation-et-moyens\/organisation-et-moyens\/le-conseil-denseignement-et-de-recherche\/","og_site_name":"Rapport d'activit\u00e9 2021","article_modified_time":"2023-01-02T16:22:49+00:00","twitter_card":"summary_large_image","twitter_misc":{"Dur\u00e9e de lecture estim\u00e9e":"1 minute"},"schema":{"@context":"https:\/\/schema.org","@graph":[{"@type":"WebPage","@id":"https:\/\/kiosque.ecoledesponts.fr\/rapport-activite-2021\/engagements-organisation-et-moyens\/organisation-et-moyens\/le-conseil-denseignement-et-de-recherche\/","url":"https:\/\/kiosque.ecoledesponts.fr\/rapport-activite-2021\/engagements-organisation-et-moyens\/organisation-et-moyens\/le-conseil-denseignement-et-de-recherche\/","name":"Le conseil d\u2019enseignement et de recherche - Rapport d'activit\u00e9 2021","isPartOf":{"@id":"https:\/\/kiosque.ecoledesponts.fr\/rapport-activite-2021\/#website"},"datePublished":"2022-08-16T10:22:03+00:00","dateModified":"2023-01-02T16:22:49+00:00","breadcrumb":{"@id":"https:\/\/kiosque.ecoledesponts.fr\/rapport-activite-2021\/engagements-organisation-et-moyens\/organisation-et-moyens\/le-conseil-denseignement-et-de-recherche\/#breadcrumb"},"inLanguage":"fr-FR","potentialAction":[{"@type":"ReadAction","target":["https:\/\/kiosque.ecoledesponts.fr\/rapport-activite-2021\/engagements-organisation-et-moyens\/organisation-et-moyens\/le-conseil-denseignement-et-de-recherche\/"]}]},{"@type":"BreadcrumbList","@id":"https:\/\/kiosque.ecoledesponts.fr\/rapport-activite-2021\/engagements-organisation-et-moyens\/organisation-et-moyens\/le-conseil-denseignement-et-de-recherche\/#breadcrumb","itemListElement":[{"@type":"ListItem","position":1,"name":"Accueil","item":"https:\/\/kiosque.ecoledesponts.fr\/rapport-activite-2021\/"},{"@type":"ListItem","position":2,"name":"Engagements, organisation et moyens","item":"https:\/\/kiosque.ecoledesponts.fr\/rapport-activite-2021\/engagements-organisation-et-moyens\/"},{"@type":"ListItem","position":3,"name":"Organisation et moyens","item":"https:\/\/kiosque.ecoledesponts.fr\/rapport-activite-2021\/engagements-organisation-et-moyens\/organisation-et-moyens\/"},{"@type":"ListItem","position":4,"name":"Le conseil d\u2019enseignement et de recherche"}]},{"@type":"WebSite","@id":"https:\/\/kiosque.ecoledesponts.fr\/rapport-activite-2021\/#website","url":"https:\/\/kiosque.ecoledesponts.fr\/rapport-activite-2021\/","name":"Rapport d'activit\u00e9 2021","description":"Un site utilisant Les sites du kiosque des ponts","potentialAction":[{"@type":"SearchAction","target":{"@type":"EntryPoint","urlTemplate":"https:\/\/kiosque.ecoledesponts.fr\/rapport-activite-2021\/?s={search_term_string}"},"query-input":"required name=search_term_string"}],"inLanguage":"fr-FR"}]}},"builder_content":"","_links":{"self":[{"href":"https:\/\/kiosque.ecoledesponts.fr\/rapport-activite-2021\/wp-json\/wp\/v2\/pages\/1763"}],"collection":[{"href":"https:\/\/kiosque.ecoledesponts.fr\/rapport-activite-2021\/wp-json\/wp\/v2\/pages"}],"about":[{"href":"https:\/\/kiosque.ecoledesponts.fr\/rapport-activite-2021\/wp-json\/wp\/v2\/types\/page"}],"author":[{"embeddable":true,"href":"https:\/\/kiosque.ecoledesponts.fr\/rapport-activite-2021\/wp-json\/wp\/v2\/users\/1"}],"replies":[{"embeddable":true,"href":"https:\/\/kiosque.ecoledesponts.fr\/rapport-activite-2021\/wp-json\/wp\/v2\/comments?post=1763"}],"version-history":[{"count":13,"href":"https:\/\/kiosque.ecoledesponts.fr\/rapport-activite-2021\/wp-json\/wp\/v2\/pages\/1763\/revisions"}],"predecessor-version":[{"id":4013,"href":"https:\/\/kiosque.ecoledesponts.fr\/rapport-activite-2021\/wp-json\/wp\/v2\/pages\/1763\/revisions\/4013"}],"up":[{"embeddable":true,"href":"https:\/\/kiosque.ecoledesponts.fr\/rapport-activite-2021\/wp-json\/wp\/v2\/pages\/1675"}],"wp:attachment":[{"href":"https:\/\/kiosque.ecoledesponts.fr\/rapport-activite-2021\/wp-json\/wp\/v2\/media?parent=1763"}],"wp:term":[{"taxonomy":"post_tag","embeddable":true,"href":"https:\/\/kiosque.ecoledesponts.fr\/rapport-activite-2021\/wp-json\/wp\/v2\/tags?post=1763"}],"curies":[{"name":"wp","href":"https:\/\/api.w.org\/{rel}","templated":true}]}}