{"id":191,"date":"2022-07-26T16:07:36","date_gmt":"2022-07-26T14:07:36","guid":{"rendered":"http:\/\/kiosque.ecoledesponts.fr\/rapport-activite-2021\/?page_id=191"},"modified":"2022-10-20T11:30:24","modified_gmt":"2022-10-20T09:30:24","slug":"le-plan-strategique-2016-2025","status":"publish","type":"page","link":"https:\/\/kiosque.ecoledesponts.fr\/rapport-activite-2021\/les-plus\/le-plan-strategique-2016-2025\/","title":{"rendered":"Le plan strat\u00e9gique 2016-2025"},"content":{"rendered":"<!--themify_builder_content-->\n<div id=\"themify_builder_content-191\" data-postid=\"191\" class=\"themify_builder_content themify_builder_content-191 themify_builder tf_clear\">\n                    <div  data-lazy=\"1\" class=\"module_row themify_builder_row tb_b4jd498 tb_first tf_w\">\n                        <div class=\"row_inner col_align_top tb_col_count_1 tf_box tf_rel\">\n                        <div  data-lazy=\"1\" class=\"module_column tb-column col-full tb_k5ev505 first\">\n                    \n\n<!-- module tile -->\n<div  id=\"tb_63g8552\" class=\"module module-tile tb_63g8552 size-portrait flip-horizontal no-flip tuile_image titre_off tuile_25 titre_top tile-type-front-text  tf_mw tf_opacity wow\" data-tf-animation=\"fadeInLeft\" data-lazy=\"1\" data-auto-flip=\"0\" data-in-effect=\"flip-horizontal\" >\n\t\t\t<div class=\"tile-flip-box-wrap tf_abs tf_box tf_overflow tf_w tf_h\">\n\t\t\n\t\t\t\t\t<style>\n\t\t\t\t.module.tb_63g8552 .tile-front{background-image:url(\"http:\/\/kiosque.ecoledesponts.fr\/rapport-activite-2021\/wp-content\/uploads\/sites\/3\/2022\/09\/bg_chantiers.png\")}\t\t\t<\/style>\n\t\t\t\t\n\t\t\t\t\t<div class=\"tile-front tile-type-text ui tb_default_color tf_box tf_w tf_h tf_overflow tf_rel tf_scrollbar\">\n\t\t\t\t<div class=\"tile-inner tf_box\">\n\t\t\t\t\t\t\t\t\t\t\t\t\t\t\t\t\t\t<h4 class=\"tile-title\">Rapport d'activit\u00e9 2021<\/h4>\n\t\t\t\t\t\t\n\t\t\t\t\t\t<div class=\"tile-content\">\n\t\t\t\t\t\t\t\t\t\t\t\t\t<\/div>\n\t\t\t\t\t\n\t\t\t\t\t\t\t\t\t\t\t\t\t\t\t\t<a href=\"#\" class=\"tile-flip-back-button tf_hide\"><\/a>\n\t\t\t\t\t\t\t\t\t<\/div>\n\t\t\t<\/div><!-- .tile-front -->\n\n\t\t\t\t\t<div class=\"tile-back tile-type-text ui tb_default_color tf_box tf_w tf_h tf_overflow tf_abs tf_hidden tf_scrollbar\">\n\t\t\t\t<div class=\"tile-inner tf_box\">\n\t\t\t\t\t\t\t\t\t\t\t\n\t\t\t\t\t\t<div class=\"tile-content\">\n\t\t\t\t\t\t\t\t\t\t\t\t\t<\/div>\n\t\t\t\t\t\n\t\t\t\t\t\t\t\t\t\t\t\t\t\t\t\t<a href=\"#\" class=\"tile-flip-back-button tf_hide\"><\/a>\n\t\t\t\t\t\t\t\t\t<\/div>\n\t\t\t<\/div><!-- .tile-back -->\n\n\t\t\t<\/div>\n\n\t<\/div><!-- \/module tile -->\n\n<!-- module tile -->\n<div  id=\"tb_10jl66\" class=\"module module-tile tb_10jl66 size-square-small flip-horizontal no-flip tuile_plan tuile_25 plan plan_1 tile-type-front-text  tf_mw tf_opacity wow\" data-tf-animation=\"fadeInDown\" data-lazy=\"1\" data-auto-flip=\"0\" data-in-effect=\"flip-horizontal\" >\n\t\t\t<div class=\"tile-flip-box-wrap tf_abs tf_box tf_overflow tf_w tf_h\">\n\t\t\n\t\t\t\t\n\t\t\t\t\t<div class=\"tile-front tile-type-text ui tb_default_color tf_box tf_w tf_h tf_overflow tf_rel tf_scrollbar\">\n\t\t\t\t<div class=\"tile-inner tf_box\">\n\t\t\t\t\t\t\t\t\t\t\t\t\t\t\t\t\t\t<h4 class=\"tile-title\">Une recherche interdisciplinaire et partenariale<\/h4>\n\t\t\t\t\t\t\n\t\t\t\t\t\t<div class=\"tile-content\">\n\t\t\t\t\t\t\t<ul>\n<li>Une recherche de l\u2019amont \u00e0 l\u2019aval, avec un positionnement scientifique renforc\u00e9<\/li>\n<li>Une recherche orient\u00e9e vers l\u2019innovation et le transfert de technologies<\/li>\n<\/ul>\n<div class=\"addtoany_shortcode\"><div class=\"a2a_kit a2a_kit_size_24 addtoany_list\" data-a2a-url=\"http:\/\/kiosque.ecoledesponts.fr\/rapport-activite-2021\/les-plus\/le-plan-strategique-2016-2025\/une-recherche-interdisciplinaire-et-partenariale\/\" data-a2a-title=\"Une recherche interdisciplinaire et partenariale\"><a class=\"a2a_dd addtoany_share_save addtoany_share\" href=\"https:\/\/www.addtoany.com\/share\"><img decoding=\"async\" src=\"http:\/\/kiosque.ecoledesponts.fr\/wp-content\/themes\/enpc\/imgs\/share_social_icon_32.png\" alt=\"Share\"><\/a><\/div><\/div>\t\t\t\t\t\t<\/div>\n\t\t\t\t\t\n\t\t\t\t\t\t\t\t\t\t\t\t\t\t\t\t<a href=\"#\" class=\"tile-flip-back-button tf_hide\"><\/a>\n\t\t\t\t\t\t\t\t\t<\/div>\n\t\t\t<\/div><!-- .tile-front -->\n\n\t\t\t\t\t<div class=\"tile-back tile-type-text ui tb_default_color tf_box tf_w tf_h tf_overflow tf_abs tf_hidden tf_scrollbar\">\n\t\t\t\t<div class=\"tile-inner tf_box\">\n\t\t\t\t\t\t\t\t\t\t\t\n\t\t\t\t\t\t<div class=\"tile-content\">\n\t\t\t\t\t\t\t\t\t\t\t\t\t<\/div>\n\t\t\t\t\t\n\t\t\t\t\t\t\t\t\t\t\t\t\t\t\t\t<a href=\"#\" class=\"tile-flip-back-button tf_hide\"><\/a>\n\t\t\t\t\t\t\t\t\t<\/div>\n\t\t\t<\/div><!-- .tile-back -->\n\n\t\t\t<\/div>\n\n\t<\/div><!-- \/module tile -->\n\n<!-- module tile -->\n<div  id=\"tb_t5oa965\" class=\"module module-tile tb_t5oa965 size-square-small flip-horizontal no-flip tuile_plan tuile_25 plan plan_2 tile-type-front-text  tf_mw tf_opacity wow\" data-tf-animation=\"fadeInRight\" data-lazy=\"1\" data-auto-flip=\"0\" data-in-effect=\"flip-horizontal\" >\n\t\t\t<div class=\"tile-flip-box-wrap tf_abs tf_box tf_overflow tf_w tf_h\">\n\t\t\n\t\t\t\t\n\t\t\t\t\t<div class=\"tile-front tile-type-text ui tb_default_color tf_box tf_w tf_h tf_overflow tf_rel tf_scrollbar\">\n\t\t\t\t<div class=\"tile-inner tf_box\">\n\t\t\t\t\t\t\t\t\t\t\t\t\t\t\t\t\t\t<h4 class=\"tile-title\">Une formation renouvel\u00e9e<\/h4>\n\t\t\t\t\t\t\n\t\t\t\t\t\t<div class=\"tile-content\">\n\t\t\t\t\t\t\t<ul>\n<li>Formation tout au long de la vie<\/li>\n<li>Formation<br>innovation\/entrepreneuriat<\/li>\n<li>Formation par la recherche<br><em>(graduate school)<\/em><\/li>\n<\/ul>\n<div class=\"addtoany_shortcode\"><div class=\"a2a_kit a2a_kit_size_24 addtoany_list\" data-a2a-url=\"http:\/\/kiosque.ecoledesponts.fr\/rapport-activite-2021\/les-plus\/le-plan-strategique-2016-2025\/une-formation-renouvelee\/\" data-a2a-title=\"Une formation renouvel\u00e9e\"><a class=\"a2a_dd addtoany_share_save addtoany_share\" href=\"https:\/\/www.addtoany.com\/share\"><img decoding=\"async\" src=\"http:\/\/kiosque.ecoledesponts.fr\/wp-content\/themes\/enpc\/imgs\/share_social_icon_32.png\" alt=\"Share\"><\/a><\/div><\/div>\t\t\t\t\t\t<\/div>\n\t\t\t\t\t\n\t\t\t\t\t\t\t\t\t\t\t\t\t\t\t\t<a href=\"#\" class=\"tile-flip-back-button tf_hide\"><\/a>\n\t\t\t\t\t\t\t\t\t<\/div>\n\t\t\t<\/div><!-- .tile-front -->\n\n\t\t\t\t\t<div class=\"tile-back tile-type-text ui tb_default_color tf_box tf_w tf_h tf_overflow tf_abs tf_hidden tf_scrollbar\">\n\t\t\t\t<div class=\"tile-inner tf_box\">\n\t\t\t\t\t\t\t\t\t\t\t\n\t\t\t\t\t\t<div class=\"tile-content\">\n\t\t\t\t\t\t\t\t\t\t\t\t\t<\/div>\n\t\t\t\t\t\n\t\t\t\t\t\t\t\t\t\t\t\t\t\t\t\t<a href=\"#\" class=\"tile-flip-back-button tf_hide\"><\/a>\n\t\t\t\t\t\t\t\t\t<\/div>\n\t\t\t<\/div><!-- .tile-back -->\n\n\t\t\t<\/div>\n\n\t<\/div><!-- \/module tile -->\n\n<!-- module tile -->\n<div  id=\"tb_c7xe919\" class=\"module module-tile tb_c7xe919 size-square-small flip-horizontal no-flip tuile_plan tuile_25 plan plan_3 tile-type-front-text  tf_mw tf_opacity wow\" data-tf-animation=\"fadeInLeft\" data-lazy=\"1\" data-auto-flip=\"0\" data-in-effect=\"flip-horizontal\" >\n\t\t\t<div class=\"tile-flip-box-wrap tf_abs tf_box tf_overflow tf_w tf_h\">\n\t\t\n\t\t\t\t\n\t\t\t\t\t<div class=\"tile-front tile-type-text ui tb_default_color tf_box tf_w tf_h tf_overflow tf_rel tf_scrollbar\">\n\t\t\t\t<div class=\"tile-inner tf_box\">\n\t\t\t\t\t\t\t\t\t\t\t\t\t\t\t\t\t\t<h4 class=\"tile-title\">Une pr\u00e9sence et un rayonnement affirm\u00e9s \u00e0 l'international<\/h4>\n\t\t\t\t\t\t\n\t\t\t\t\t\t<div class=\"tile-content\">\n\t\t\t\t\t\t\t<ul>\n<li><span class=\"fontstyle0\">Des plateformes internationales de co-innovation<\/span><\/li>\n<li><span class=\"fontstyle0\">Des partenariats d\u2019excellence avec des universit\u00e9s de rang mondial<\/span><\/li>\n<li><span class=\"fontstyle0\">Des cours et cursus adapt\u00e9s en anglais<\/span><\/li>\n<\/ul>\n<div class=\"addtoany_shortcode\"><div class=\"a2a_kit a2a_kit_size_24 addtoany_list\" data-a2a-url=\"http:\/\/kiosque.ecoledesponts.fr\/rapport-activite-2021\/les-plus\/le-plan-strategique-2016-2025\/une-presence-et-un-rayonnement-affirmes-a-linternational\/\" data-a2a-title=\"Une pr\u00e9sence et un rayonnement affirm\u00e9s \u00e0 l&#039;international\"><a class=\"a2a_dd addtoany_share_save addtoany_share\" href=\"https:\/\/www.addtoany.com\/share\"><img decoding=\"async\" src=\"http:\/\/kiosque.ecoledesponts.fr\/wp-content\/themes\/enpc\/imgs\/share_social_icon_32.png\" alt=\"Share\"><\/a><\/div><\/div>\t\t\t\t\t\t<\/div>\n\t\t\t\t\t\n\t\t\t\t\t\t\t\t\t\t\t\t\t\t\t\t<a href=\"#\" class=\"tile-flip-back-button tf_hide\"><\/a>\n\t\t\t\t\t\t\t\t\t<\/div>\n\t\t\t<\/div><!-- .tile-front -->\n\n\t\t\t\t\t<div class=\"tile-back tile-type-text ui tb_default_color tf_box tf_w tf_h tf_overflow tf_abs tf_hidden tf_scrollbar\">\n\t\t\t\t<div class=\"tile-inner tf_box\">\n\t\t\t\t\t\t\t\t\t\t\t\n\t\t\t\t\t\t<div class=\"tile-content\">\n\t\t\t\t\t\t\t\t\t\t\t\t\t<\/div>\n\t\t\t\t\t\n\t\t\t\t\t\t\t\t\t\t\t\t\t\t\t\t<a href=\"#\" class=\"tile-flip-back-button tf_hide\"><\/a>\n\t\t\t\t\t\t\t\t\t<\/div>\n\t\t\t<\/div><!-- .tile-back -->\n\n\t\t\t<\/div>\n\n\t<\/div><!-- \/module tile -->\n\n<!-- module tile -->\n<div  id=\"tb_1z4r48\" class=\"module module-tile tb_1z4r48 size-square-small flip-horizontal no-flip tuile_plan tuile_25 plan plan_4 tile-type-front-text  tf_mw tf_opacity wow\" data-tf-animation=\"fadeInUp\" data-lazy=\"1\" data-auto-flip=\"0\" data-in-effect=\"flip-horizontal\" >\n\t\t\t<div class=\"tile-flip-box-wrap tf_abs tf_box tf_overflow tf_w tf_h\">\n\t\t\n\t\t\t\t\n\t\t\t\t\t<div class=\"tile-front tile-type-text ui tb_default_color tf_box tf_w tf_h tf_overflow tf_rel tf_scrollbar\">\n\t\t\t\t<div class=\"tile-inner tf_box\">\n\t\t\t\t\t\t\t\t\t\t\t\t\t\t\t\t\t\t<h4 class=\"tile-title\">Des relations privil\u00e9gi\u00e9es et renforc\u00e9es avec les entreprises<\/h4>\n\t\t\t\t\t\t\n\t\t\t\t\t\t<div class=\"tile-content\">\n\t\t\t\t\t\t\t<ul>\n<li><span class=\"fontstyle0\">Une offre aux entreprises structur\u00e9e<\/span><\/li>\n<li><span class=\"fontstyle0\">Des partenariats internationaux renforc\u00e9s<\/span><\/li>\n<li><span class=\"fontstyle0\">Un processus d\u2019innovation \u00e0 soutenir<\/span><\/li>\n<\/ul>\n<div class=\"addtoany_shortcode\"><div class=\"a2a_kit a2a_kit_size_24 addtoany_list\" data-a2a-url=\"http:\/\/kiosque.ecoledesponts.fr\/rapport-activite-2021\/les-plus\/le-plan-strategique-2016-2025\/des-relations-privilegies-et-renforcees-avec-les-entreprises\/\" data-a2a-title=\"Des relations privil\u00e9gi\u00e9s et renforc\u00e9es avec les entreprises\"><a class=\"a2a_dd addtoany_share_save addtoany_share\" href=\"https:\/\/www.addtoany.com\/share\"><img decoding=\"async\" src=\"http:\/\/kiosque.ecoledesponts.fr\/wp-content\/themes\/enpc\/imgs\/share_social_icon_32.png\" alt=\"Share\"><\/a><\/div><\/div>\t\t\t\t\t\t<\/div>\n\t\t\t\t\t\n\t\t\t\t\t\t\t\t\t\t\t\t\t\t\t\t<a href=\"#\" class=\"tile-flip-back-button tf_hide\"><\/a>\n\t\t\t\t\t\t\t\t\t<\/div>\n\t\t\t<\/div><!-- .tile-front -->\n\n\t\t\t\t\t<div class=\"tile-back tile-type-text ui tb_default_color tf_box tf_w tf_h tf_overflow tf_abs tf_hidden tf_scrollbar\">\n\t\t\t\t<div class=\"tile-inner tf_box\">\n\t\t\t\t\t\t\t\t\t\t\t\n\t\t\t\t\t\t<div class=\"tile-content\">\n\t\t\t\t\t\t\t\t\t\t\t\t\t<\/div>\n\t\t\t\t\t\n\t\t\t\t\t\t\t\t\t\t\t\t\t\t\t\t<a href=\"#\" class=\"tile-flip-back-button tf_hide\"><\/a>\n\t\t\t\t\t\t\t\t\t<\/div>\n\t\t\t<\/div><!-- .tile-back -->\n\n\t\t\t<\/div>\n\n\t<\/div><!-- \/module tile -->\n\n<!-- module tile -->\n<div  id=\"tb_lrq2787\" class=\"module module-tile tb_lrq2787 size-square-small flip-horizontal no-flip tuile_plan tuile_25 plan plan_5 tile-type-front-text  tf_mw tf_opacity wow\" data-tf-animation=\"fadeInRight\" data-lazy=\"1\" data-auto-flip=\"0\" data-in-effect=\"flip-horizontal\" >\n\t\t\t<div class=\"tile-flip-box-wrap tf_abs tf_box tf_overflow tf_w tf_h\">\n\t\t\n\t\t\t\t\n\t\t\t\t\t<div class=\"tile-front tile-type-text ui tb_default_color tf_box tf_w tf_h tf_overflow tf_rel tf_scrollbar\">\n\t\t\t\t<div class=\"tile-inner tf_box\">\n\t\t\t\t\t\t\t\t\t\t\t\t\t\t\t\t\t\t<h4 class=\"tile-title\">Des alliances qui soutiennent notre strat\u00e9gie<\/h4>\n\t\t\t\t\t\t\n\t\t\t\t\t\t<div class=\"tile-content\">\n\t\t\t\t\t\t\t<ul>\n<li><span class=\"fontstyle0\">Une taille critique et une notori\u00e9t\u00e9 renforc\u00e9e<\/span><\/li>\n<li><span class=\"fontstyle0\">Un positionnement consolid\u00e9 sur nos th\u00e9matiques<\/span><\/li>\n<\/ul>\n<div class=\"addtoany_shortcode\"><div class=\"a2a_kit a2a_kit_size_24 addtoany_list\" data-a2a-url=\"http:\/\/kiosque.ecoledesponts.fr\/rapport-activite-2021\/les-plus\/le-plan-strategique-2016-2025\/des-alliances-qui-soutiennent-notre-strategie\/\" data-a2a-title=\"Des alliances qui soutiennent notre strat\u00e9gie\"><a class=\"a2a_dd addtoany_share_save addtoany_share\" href=\"https:\/\/www.addtoany.com\/share\"><img decoding=\"async\" src=\"http:\/\/kiosque.ecoledesponts.fr\/wp-content\/themes\/enpc\/imgs\/share_social_icon_32.png\" alt=\"Share\"><\/a><\/div><\/div>\t\t\t\t\t\t<\/div>\n\t\t\t\t\t\n\t\t\t\t\t\t\t\t\t\t\t\t\t\t\t\t<a href=\"#\" class=\"tile-flip-back-button tf_hide\"><\/a>\n\t\t\t\t\t\t\t\t\t<\/div>\n\t\t\t<\/div><!-- .tile-front -->\n\n\t\t\t\t\t<div class=\"tile-back tile-type-text ui tb_default_color tf_box tf_w tf_h tf_overflow tf_abs tf_hidden tf_scrollbar\">\n\t\t\t\t<div class=\"tile-inner tf_box\">\n\t\t\t\t\t\t\t\t\t\t\t\n\t\t\t\t\t\t<div class=\"tile-content\">\n\t\t\t\t\t\t\t\t\t\t\t\t\t<\/div>\n\t\t\t\t\t\n\t\t\t\t\t\t\t\t\t\t\t\t\t\t\t\t<a href=\"#\" class=\"tile-flip-back-button tf_hide\"><\/a>\n\t\t\t\t\t\t\t\t\t<\/div>\n\t\t\t<\/div><!-- .tile-back -->\n\n\t\t\t<\/div>\n\n\t<\/div><!-- \/module tile -->        <\/div>\n                        <\/div>\n        <\/div>\n        <\/div>\n<!--\/themify_builder_content-->","protected":false},"excerpt":{"rendered":"<p>Rapport d&rsquo;activit\u00e9 2021 Une recherche interdisciplinaire et partenariale Une recherche de l\u2019amont \u00e0 l\u2019aval, avec un positionnement scientifique renforc\u00e9 Une recherche orient\u00e9e vers l\u2019innovation et le transfert de technologies Une formation renouvel\u00e9e Formation tout au long de la vie Formationinnovation\/entrepreneuriat Formation par la recherche(graduate school) Une pr\u00e9sence et un rayonnement affirm\u00e9s \u00e0 l&rsquo;international Des plateformes [&hellip;]<\/p>\n","protected":false},"author":1,"featured_media":0,"parent":63,"menu_order":0,"comment_status":"closed","ping_status":"closed","template":"","meta":[],"tags":[],"acf":[],"yoast_head":"<!-- This site is optimized with the Yoast SEO plugin v21.1 - https:\/\/yoast.com\/wordpress\/plugins\/seo\/ -->\n<title>Le plan strat\u00e9gique 2016-2025 - Rapport d&#039;activit\u00e9 2021<\/title>\n<meta name=\"robots\" content=\"index, follow, max-snippet:-1, max-image-preview:large, max-video-preview:-1\" \/>\n<link rel=\"canonical\" href=\"https:\/\/kiosque.ecoledesponts.fr\/rapport-activite-2021\/les-plus\/le-plan-strategique-2016-2025\/\" \/>\n<meta property=\"og:locale\" content=\"fr_FR\" \/>\n<meta property=\"og:type\" content=\"article\" \/>\n<meta property=\"og:title\" content=\"Le plan strat\u00e9gique 2016-2025 - Rapport d&#039;activit\u00e9 2021\" \/>\n<meta property=\"og:description\" content=\"Rapport d&rsquo;activit\u00e9 2021 Une recherche interdisciplinaire et partenariale Une recherche de l\u2019amont \u00e0 l\u2019aval, avec un positionnement scientifique renforc\u00e9 Une recherche orient\u00e9e vers l\u2019innovation et le transfert de technologies Une formation renouvel\u00e9e Formation tout au long de la vie Formationinnovation\/entrepreneuriat Formation par la recherche(graduate school) Une pr\u00e9sence et un rayonnement affirm\u00e9s \u00e0 l&rsquo;international Des plateformes [&hellip;]\" \/>\n<meta property=\"og:url\" content=\"https:\/\/kiosque.ecoledesponts.fr\/rapport-activite-2021\/les-plus\/le-plan-strategique-2016-2025\/\" \/>\n<meta property=\"og:site_name\" content=\"Rapport d&#039;activit\u00e9 2021\" \/>\n<meta property=\"article:modified_time\" content=\"2022-10-20T09:30:24+00:00\" \/>\n<meta name=\"twitter:card\" content=\"summary_large_image\" \/>\n<meta name=\"twitter:label1\" content=\"Dur\u00e9e de lecture estim\u00e9e\" \/>\n\t<meta name=\"twitter:data1\" content=\"1 minute\" \/>\n<script type=\"application\/ld+json\" class=\"yoast-schema-graph\">{\"@context\":\"https:\/\/schema.org\",\"@graph\":[{\"@type\":\"WebPage\",\"@id\":\"https:\/\/kiosque.ecoledesponts.fr\/rapport-activite-2021\/les-plus\/le-plan-strategique-2016-2025\/\",\"url\":\"https:\/\/kiosque.ecoledesponts.fr\/rapport-activite-2021\/les-plus\/le-plan-strategique-2016-2025\/\",\"name\":\"Le plan strat\u00e9gique 2016-2025 - Rapport d'activit\u00e9 2021\",\"isPartOf\":{\"@id\":\"https:\/\/kiosque.ecoledesponts.fr\/rapport-activite-2021\/#website\"},\"datePublished\":\"2022-07-26T14:07:36+00:00\",\"dateModified\":\"2022-10-20T09:30:24+00:00\",\"breadcrumb\":{\"@id\":\"https:\/\/kiosque.ecoledesponts.fr\/rapport-activite-2021\/les-plus\/le-plan-strategique-2016-2025\/#breadcrumb\"},\"inLanguage\":\"fr-FR\",\"potentialAction\":[{\"@type\":\"ReadAction\",\"target\":[\"https:\/\/kiosque.ecoledesponts.fr\/rapport-activite-2021\/les-plus\/le-plan-strategique-2016-2025\/\"]}]},{\"@type\":\"BreadcrumbList\",\"@id\":\"https:\/\/kiosque.ecoledesponts.fr\/rapport-activite-2021\/les-plus\/le-plan-strategique-2016-2025\/#breadcrumb\",\"itemListElement\":[{\"@type\":\"ListItem\",\"position\":1,\"name\":\"Accueil\",\"item\":\"https:\/\/kiosque.ecoledesponts.fr\/rapport-activite-2021\/\"},{\"@type\":\"ListItem\",\"position\":2,\"name\":\"Les +\",\"item\":\"https:\/\/kiosque.ecoledesponts.fr\/rapport-activite-2021\/les-plus\/\"},{\"@type\":\"ListItem\",\"position\":3,\"name\":\"Le plan strat\u00e9gique 2016-2025\"}]},{\"@type\":\"WebSite\",\"@id\":\"https:\/\/kiosque.ecoledesponts.fr\/rapport-activite-2021\/#website\",\"url\":\"https:\/\/kiosque.ecoledesponts.fr\/rapport-activite-2021\/\",\"name\":\"Rapport d'activit\u00e9 2021\",\"description\":\"Un site utilisant Les sites du kiosque des ponts\",\"potentialAction\":[{\"@type\":\"SearchAction\",\"target\":{\"@type\":\"EntryPoint\",\"urlTemplate\":\"https:\/\/kiosque.ecoledesponts.fr\/rapport-activite-2021\/?s={search_term_string}\"},\"query-input\":\"required name=search_term_string\"}],\"inLanguage\":\"fr-FR\"}]}<\/script>\n<!-- \/ Yoast SEO plugin. -->","yoast_head_json":{"title":"Le plan strat\u00e9gique 2016-2025 - Rapport d'activit\u00e9 2021","robots":{"index":"index","follow":"follow","max-snippet":"max-snippet:-1","max-image-preview":"max-image-preview:large","max-video-preview":"max-video-preview:-1"},"canonical":"https:\/\/kiosque.ecoledesponts.fr\/rapport-activite-2021\/les-plus\/le-plan-strategique-2016-2025\/","og_locale":"fr_FR","og_type":"article","og_title":"Le plan strat\u00e9gique 2016-2025 - Rapport d'activit\u00e9 2021","og_description":"Rapport d&rsquo;activit\u00e9 2021 Une recherche interdisciplinaire et partenariale Une recherche de l\u2019amont \u00e0 l\u2019aval, avec un positionnement scientifique renforc\u00e9 Une recherche orient\u00e9e vers l\u2019innovation et le transfert de technologies Une formation renouvel\u00e9e Formation tout au long de la vie Formationinnovation\/entrepreneuriat Formation par la recherche(graduate school) Une pr\u00e9sence et un rayonnement affirm\u00e9s \u00e0 l&rsquo;international Des plateformes [&hellip;]","og_url":"https:\/\/kiosque.ecoledesponts.fr\/rapport-activite-2021\/les-plus\/le-plan-strategique-2016-2025\/","og_site_name":"Rapport d'activit\u00e9 2021","article_modified_time":"2022-10-20T09:30:24+00:00","twitter_card":"summary_large_image","twitter_misc":{"Dur\u00e9e de lecture estim\u00e9e":"1 minute"},"schema":{"@context":"https:\/\/schema.org","@graph":[{"@type":"WebPage","@id":"https:\/\/kiosque.ecoledesponts.fr\/rapport-activite-2021\/les-plus\/le-plan-strategique-2016-2025\/","url":"https:\/\/kiosque.ecoledesponts.fr\/rapport-activite-2021\/les-plus\/le-plan-strategique-2016-2025\/","name":"Le plan strat\u00e9gique 2016-2025 - Rapport d'activit\u00e9 2021","isPartOf":{"@id":"https:\/\/kiosque.ecoledesponts.fr\/rapport-activite-2021\/#website"},"datePublished":"2022-07-26T14:07:36+00:00","dateModified":"2022-10-20T09:30:24+00:00","breadcrumb":{"@id":"https:\/\/kiosque.ecoledesponts.fr\/rapport-activite-2021\/les-plus\/le-plan-strategique-2016-2025\/#breadcrumb"},"inLanguage":"fr-FR","potentialAction":[{"@type":"ReadAction","target":["https:\/\/kiosque.ecoledesponts.fr\/rapport-activite-2021\/les-plus\/le-plan-strategique-2016-2025\/"]}]},{"@type":"BreadcrumbList","@id":"https:\/\/kiosque.ecoledesponts.fr\/rapport-activite-2021\/les-plus\/le-plan-strategique-2016-2025\/#breadcrumb","itemListElement":[{"@type":"ListItem","position":1,"name":"Accueil","item":"https:\/\/kiosque.ecoledesponts.fr\/rapport-activite-2021\/"},{"@type":"ListItem","position":2,"name":"Les +","item":"https:\/\/kiosque.ecoledesponts.fr\/rapport-activite-2021\/les-plus\/"},{"@type":"ListItem","position":3,"name":"Le plan strat\u00e9gique 2016-2025"}]},{"@type":"WebSite","@id":"https:\/\/kiosque.ecoledesponts.fr\/rapport-activite-2021\/#website","url":"https:\/\/kiosque.ecoledesponts.fr\/rapport-activite-2021\/","name":"Rapport d'activit\u00e9 2021","description":"Un site utilisant Les sites du kiosque des ponts","potentialAction":[{"@type":"SearchAction","target":{"@type":"EntryPoint","urlTemplate":"https:\/\/kiosque.ecoledesponts.fr\/rapport-activite-2021\/?s={search_term_string}"},"query-input":"required name=search_term_string"}],"inLanguage":"fr-FR"}]}},"builder_content":"<h4>Rapport d'activit\u00e9 2021<\/h4> <a href=\"#\"><\/a> \n <a href=\"#\"><\/a>\n<h4>Une recherche interdisciplinaire et partenariale<\/h4> <ul> <li>Une recherche de l\u2019amont \u00e0 l\u2019aval, avec un positionnement scientifique renforc\u00e9<\/li> <li>Une recherche orient\u00e9e vers l\u2019innovation et le transfert de technologies<\/li> <\/ul> <p>[addtoany url=\"http:\/\/kiosque.ecoledesponts.fr\/rapport-activite-2021\/les-plus\/le-plan-strategique-2016-2025\/une-recherche-interdisciplinaire-et-partenariale\/\" title=\"Une recherche interdisciplinaire et partenariale\"]<\/p> <a href=\"#\"><\/a> \n <a href=\"#\"><\/a>\n<h4>Une formation renouvel\u00e9e<\/h4> <ul> <li>Formation tout au long de la vie<\/li> <li>Formation<br>innovation\/entrepreneuriat<\/li> <li>Formation par la recherche<br><em>(graduate school)<\/em><\/li> <\/ul> <p>[addtoany url=\"http:\/\/kiosque.ecoledesponts.fr\/rapport-activite-2021\/les-plus\/le-plan-strategique-2016-2025\/une-formation-renouvelee\/\" title=\"Une formation renouvel\u00e9e\"]<\/p> <a href=\"#\"><\/a> \n <a href=\"#\"><\/a>\n<h4>Une pr\u00e9sence et un rayonnement affirm\u00e9s \u00e0 l'international<\/h4> <ul> <li>Des plateformes internationales de co-innovation<\/li> <li>Des partenariats d\u2019excellence avec des universit\u00e9s de rang mondial<\/li> <li>Des cours et cursus adapt\u00e9s en anglais<\/li> <\/ul> <p>[addtoany url=\"http:\/\/kiosque.ecoledesponts.fr\/rapport-activite-2021\/les-plus\/le-plan-strategique-2016-2025\/une-presence-et-un-rayonnement-affirmes-a-linternational\/\" title=\"Une pr\u00e9sence et un rayonnement affirm\u00e9s \u00e0 l'international\"]<\/p> <a href=\"#\"><\/a> \n <a href=\"#\"><\/a>\n<h4>Des relations privil\u00e9gi\u00e9es et renforc\u00e9es avec les entreprises<\/h4> <ul> <li>Une offre aux entreprises structur\u00e9e<\/li> <li>Des partenariats internationaux renforc\u00e9s<\/li> <li>Un processus d\u2019innovation \u00e0 soutenir<\/li> <\/ul> <p>[addtoany url=\"http:\/\/kiosque.ecoledesponts.fr\/rapport-activite-2021\/les-plus\/le-plan-strategique-2016-2025\/des-relations-privilegies-et-renforcees-avec-les-entreprises\/\" title=\"Des relations privil\u00e9gi\u00e9s et renforc\u00e9es avec les entreprises\"]<\/p> <a href=\"#\"><\/a> \n <a href=\"#\"><\/a>\n<h4>Des alliances qui soutiennent notre strat\u00e9gie<\/h4> <ul> <li>Une taille critique et une notori\u00e9t\u00e9 renforc\u00e9e<\/li> <li>Un positionnement consolid\u00e9 sur nos th\u00e9matiques<\/li> <\/ul> <p>[addtoany url=\"http:\/\/kiosque.ecoledesponts.fr\/rapport-activite-2021\/les-plus\/le-plan-strategique-2016-2025\/des-alliances-qui-soutiennent-notre-strategie\/\" title=\"Des alliances qui soutiennent notre strat\u00e9gie\"]<\/p> <a href=\"#\"><\/a> \n <a href=\"#\"><\/a>","_links":{"self":[{"href":"https:\/\/kiosque.ecoledesponts.fr\/rapport-activite-2021\/wp-json\/wp\/v2\/pages\/191"}],"collection":[{"href":"https:\/\/kiosque.ecoledesponts.fr\/rapport-activite-2021\/wp-json\/wp\/v2\/pages"}],"about":[{"href":"https:\/\/kiosque.ecoledesponts.fr\/rapport-activite-2021\/wp-json\/wp\/v2\/types\/page"}],"author":[{"embeddable":true,"href":"https:\/\/kiosque.ecoledesponts.fr\/rapport-activite-2021\/wp-json\/wp\/v2\/users\/1"}],"replies":[{"embeddable":true,"href":"https:\/\/kiosque.ecoledesponts.fr\/rapport-activite-2021\/wp-json\/wp\/v2\/comments?post=191"}],"version-history":[{"count":23,"href":"https:\/\/kiosque.ecoledesponts.fr\/rapport-activite-2021\/wp-json\/wp\/v2\/pages\/191\/revisions"}],"predecessor-version":[{"id":4035,"href":"https:\/\/kiosque.ecoledesponts.fr\/rapport-activite-2021\/wp-json\/wp\/v2\/pages\/191\/revisions\/4035"}],"up":[{"embeddable":true,"href":"https:\/\/kiosque.ecoledesponts.fr\/rapport-activite-2021\/wp-json\/wp\/v2\/pages\/63"}],"wp:attachment":[{"href":"https:\/\/kiosque.ecoledesponts.fr\/rapport-activite-2021\/wp-json\/wp\/v2\/media?parent=191"}],"wp:term":[{"taxonomy":"post_tag","embeddable":true,"href":"https:\/\/kiosque.ecoledesponts.fr\/rapport-activite-2021\/wp-json\/wp\/v2\/tags?post=191"}],"curies":[{"name":"wp","href":"https:\/\/api.w.org\/{rel}","templated":true}]}}