{"id":33,"date":"2022-04-17T10:39:26","date_gmt":"2022-04-17T08:39:26","guid":{"rendered":"http:\/\/kiosque.ecoledesponts.fr\/rapport-activite-2021\/?page_id=33"},"modified":"2022-09-14T16:20:14","modified_gmt":"2022-09-14T14:20:14","slug":"former","status":"publish","type":"page","link":"https:\/\/kiosque.ecoledesponts.fr\/rapport-activite-2021\/former\/","title":{"rendered":"Former"},"content":{"rendered":"<!--themify_builder_content-->\n<div id=\"themify_builder_content-33\" data-postid=\"33\" class=\"themify_builder_content themify_builder_content-33 themify_builder tf_clear\">\n                    <div  data-lazy=\"1\" class=\"module_row themify_builder_row tb_jhuh56 tb_first tf_w\">\n                        <div class=\"row_inner col_align_top tb_col_count_1 tf_box tf_rel\">\n                        <div  data-lazy=\"1\" class=\"module_column tb-column col-full tb_1ze358 first\">\n                    \n\n<!-- module tile -->\n<div  id=\"tb_i1yv334\" class=\"module module-tile tb_i1yv334 size-square-large flip-horizontal no-flip tuile_image titre_off tuile_25 titre_top tile-type-front-text  tf_mw tf_opacity wow\" data-tf-animation=\"fadeInLeft\" data-lazy=\"1\" data-auto-flip=\"0\" data-in-effect=\"flip-horizontal\" >\n\t\t\t<div class=\"tile-flip-box-wrap tf_abs tf_box tf_overflow tf_w tf_h\">\n\t\t\n\t\t\t\t\t<style>\n\t\t\t\t.module.tb_i1yv334 .tile-front{background-image:url(\"http:\/\/kiosque.ecoledesponts.fr\/rapport-activite-2021\/wp-content\/uploads\/sites\/3\/2022\/08\/ac_former.jpg\")}\t\t\t<\/style>\n\t\t\t\t\n\t\t\t\t\t<div class=\"tile-front tile-type-text ui tb_default_color tf_box tf_w tf_h tf_overflow tf_rel tf_scrollbar\">\n\t\t\t\t<div class=\"tile-inner tf_box\">\n\t\t\t\t\t\t\t\t\t\t\t\t\t\t\t\t\t\t<h4 class=\"tile-title\">Former<\/h4>\n\t\t\t\t\t\t\n\t\t\t\t\t\t<div class=\"tile-content\">\n\t\t\t\t\t\t\t<h1>Former<\/h1>\t\t\t\t\t\t<\/div>\n\t\t\t\t\t\n\t\t\t\t\t\t\t\t\t\t\t\t\t\t\t\t<a href=\"#\" class=\"tile-flip-back-button tf_hide\"><\/a>\n\t\t\t\t\t\t\t\t\t<\/div>\n\t\t\t<\/div><!-- .tile-front -->\n\n\t\t\t\t\t<div class=\"tile-back tile-type-text ui tb_default_color tf_box tf_w tf_h tf_overflow tf_abs tf_hidden tf_scrollbar\">\n\t\t\t\t<div class=\"tile-inner tf_box\">\n\t\t\t\t\t\t\t\t\t\t\t\n\t\t\t\t\t\t<div class=\"tile-content\">\n\t\t\t\t\t\t\t\t\t\t\t\t\t<\/div>\n\t\t\t\t\t\n\t\t\t\t\t\t\t\t\t\t\t\t\t\t\t\t<a href=\"#\" class=\"tile-flip-back-button tf_hide\"><\/a>\n\t\t\t\t\t\t\t\t\t<\/div>\n\t\t\t<\/div><!-- .tile-back -->\n\n\t\t\t<\/div>\n\n\t<\/div><!-- \/module tile -->\n\n<!-- module tile -->\n<div  id=\"tb_0xgx89\" class=\"module module-tile tb_0xgx89 size-square-small flip-horizontal has-flip bloc_btn tuile_violet titre_off tuile_25 tile-type-front-text  tf_mw tf_opacity wow\" data-tf-animation=\"slideInLeft\" data-lazy=\"1\" data-auto-flip=\"0\" data-in-effect=\"flip-horizontal\" >\n\t\t\t<div class=\"tile-flip-box-wrap tf_abs tf_box tf_overflow tf_w tf_h\">\n\t\t\n\t\t\t\t\n\t\t\t\t\t<div class=\"tile-front tile-type-text ui tb_default_color tf_box tf_w tf_h tf_overflow tf_rel tf_scrollbar\">\n\t\t\t\t<div class=\"tile-inner tf_box\">\n\t\t\t\t\t\t\t\t\t\t\t\t\t\t\t\t\t\t<h4 class=\"tile-title\">La formation d'ing\u00e9nieur<\/h4>\n\t\t\t\t\t\t\n\t\t\t\t\t\t<div class=\"tile-content\">\n\t\t\t\t\t\t\t<h3>La formation d&rsquo;ing\u00e9nieur<\/h3>\n<p>L\u2019\u00c9cole des Ponts ParisTech dispense une formation d\u2019ing\u00e9nieur g\u00e9n\u00e9raliste, fortement et historiquement tourn\u00e9e vers le d\u00e9veloppement durable et la transition \u00e9cologique.<\/p>\t\t\t\t\t\t<\/div>\n\t\t\t\t\t\n\t\t\t\t\t\t\t\t\t\t\t<a href=\"\/rapport-activite-2021\/former\/la-formation-dingenieur\/\" class=\"action-button\"><span><\/span><\/a>\n\t\t\t\t\t\t\t\t\t\t\t\t\t\t\t\t<a href=\"#\" class=\"tile-flip-back-button tf_hide\"><\/a>\n\t\t\t\t\t\t\t\t\t<\/div>\n\t\t\t<\/div><!-- .tile-front -->\n\n\t\t\t\t\t<div class=\"tile-back tile-type-text ui tb_default_color tf_box tf_w tf_h tf_overflow tf_abs tf_hidden tf_scrollbar\">\n\t\t\t\t<div class=\"tile-inner tf_box\">\n\t\t\t\t\t\t\t\t\t\t\t\t\t\t\t\t\t\t<h4 class=\"tile-title\">La formation d'ing\u00e9nieur<\/h4>\n\t\t\t\t\t\t\n\t\t\t\t\t\t<div class=\"tile-content\">\n\t\t\t\t\t\t\t<h3>La formation d&rsquo;ing\u00e9nieur<\/h3>\n<p>L\u2019\u00c9cole des Ponts ParisTech dispense une formation d\u2019ing\u00e9nieur g\u00e9n\u00e9raliste, fortement et historiquement tourn\u00e9e vers le d\u00e9veloppement durable et la transition \u00e9cologique.<\/p>\t\t\t\t\t\t<\/div>\n\t\t\t\t\t\n\t\t\t\t\t\t\t\t\t\t\t<a href=\"\/rapport-activite-2021\/former\/la-formation-dingenieur\/\" class=\"action-button\"><span><\/span><\/a>\n\t\t\t\t\t\t\t\t\t\t\t\t\t\t\t\t<a href=\"#\" class=\"tile-flip-back-button tf_hide\"><\/a>\n\t\t\t\t\t\t\t\t\t<\/div>\n\t\t\t<\/div><!-- .tile-back -->\n\n\t\t\t<\/div>\n\n\t<\/div><!-- \/module tile -->\n\n<!-- module tile -->\n<div  id=\"tb_8etl454\" class=\"module module-tile tb_8etl454 size-square-small flip-horizontal has-flip bloc_btn tuile_vert titre_off tuile_25 tile-type-front-text  tf_mw tf_opacity wow\" data-tf-animation=\"fadeInUp\" data-lazy=\"1\" data-auto-flip=\"0\" data-in-effect=\"flip-horizontal\" >\n\t\t\t<div class=\"tile-flip-box-wrap tf_abs tf_box tf_overflow tf_w tf_h\">\n\t\t\n\t\t\t\t\n\t\t\t\t\t<div class=\"tile-front tile-type-text ui tb_default_color tf_box tf_w tf_h tf_overflow tf_rel tf_scrollbar\">\n\t\t\t\t<div class=\"tile-inner tf_box\">\n\t\t\t\t\t\t\t\t\t\t\t\t\t\t\t\t\t\t<h4 class=\"tile-title\">Les formations du corps de l'\u00e9tat<\/h4>\n\t\t\t\t\t\t\n\t\t\t\t\t\t<div class=\"tile-content\">\n\t\t\t\t\t\t\t<h3>Les formations du corps de l&rsquo;\u00e9tat<\/h3>\t\t\t\t\t\t<\/div>\n\t\t\t\t\t\n\t\t\t\t\t\t\t\t\t\t\t<a href=\"\/rapport-activite-2021\/former\/les-formations-du-corps-de-letat\/\" class=\"action-button\"><span><\/span><\/a>\n\t\t\t\t\t\t\t\t\t\t\t\t\t\t\t\t<a href=\"#\" class=\"tile-flip-back-button tf_hide\"><\/a>\n\t\t\t\t\t\t\t\t\t<\/div>\n\t\t\t<\/div><!-- .tile-front -->\n\n\t\t\t\t\t<div class=\"tile-back tile-type-text ui tb_default_color tf_box tf_w tf_h tf_overflow tf_abs tf_hidden tf_scrollbar\">\n\t\t\t\t<div class=\"tile-inner tf_box\">\n\t\t\t\t\t\t\t\t\t\t\t\t\t\t\t\t\t\t<h4 class=\"tile-title\">Les formations du corps de l'\u00e9tat<\/h4>\n\t\t\t\t\t\t\n\t\t\t\t\t\t<div class=\"tile-content\">\n\t\t\t\t\t\t\t<h3>Les formations du corps de l&rsquo;\u00e9tat<\/h3>\t\t\t\t\t\t<\/div>\n\t\t\t\t\t\n\t\t\t\t\t\t\t\t\t\t\t<a href=\"\/rapport-activite-2021\/former\/les-formations-du-corps-de-letat\/\" class=\"action-button\"><span><\/span><\/a>\n\t\t\t\t\t\t\t\t\t\t\t\t\t\t\t\t<a href=\"#\" class=\"tile-flip-back-button tf_hide\"><\/a>\n\t\t\t\t\t\t\t\t\t<\/div>\n\t\t\t<\/div><!-- .tile-back -->\n\n\t\t\t<\/div>\n\n\t<\/div><!-- \/module tile -->\n\n<!-- module tile -->\n<div  id=\"tb_g0w8982\" class=\"module module-tile tb_g0w8982 size-square-small flip-horizontal has-flip bloc_btn tuile_bleu titre_off tuile_25 tile-type-front-text  tf_mw tf_opacity wow\" data-tf-animation=\"fadeInRight\" data-lazy=\"1\" data-auto-flip=\"0\" data-in-effect=\"flip-horizontal\" >\n\t\t\t<div class=\"tile-flip-box-wrap tf_abs tf_box tf_overflow tf_w tf_h\">\n\t\t\n\t\t\t\t\n\t\t\t\t\t<div class=\"tile-front tile-type-text ui tb_default_color tf_box tf_w tf_h tf_overflow tf_rel tf_scrollbar\">\n\t\t\t\t<div class=\"tile-inner tf_box\">\n\t\t\t\t\t\t\t\t\t\t\t\t\t\t\t\t\t\t<h4 class=\"tile-title\">La formation continue<\/h4>\n\t\t\t\t\t\t\n\t\t\t\t\t\t<div class=\"tile-content\">\n\t\t\t\t\t\t\t<h3>La formation continue<\/h3>\n<p>Investie dans la formation tout au long de la vie, l\u2019\u00c9cole des Ponts ParisTech d\u00e9veloppe en propre ou \u00e0 travers ses filiales une offre qui r\u00e9pond aux besoins d\u2019\u00e9volution et de sp\u00e9cialisation des professionnels. <\/p>\t\t\t\t\t\t<\/div>\n\t\t\t\t\t\n\t\t\t\t\t\t\t\t\t\t\t<a href=\"\/rapport-activite-2021\/former\/la-formation-continue\/\" class=\"action-button\"><span><\/span><\/a>\n\t\t\t\t\t\t\t\t\t\t\t\t\t\t\t\t<a href=\"#\" class=\"tile-flip-back-button tf_hide\"><\/a>\n\t\t\t\t\t\t\t\t\t<\/div>\n\t\t\t<\/div><!-- .tile-front -->\n\n\t\t\t\t\t<div class=\"tile-back tile-type-text ui tb_default_color tf_box tf_w tf_h tf_overflow tf_abs tf_hidden tf_scrollbar\">\n\t\t\t\t<div class=\"tile-inner tf_box\">\n\t\t\t\t\t\t\t\t\t\t\t\t\t\t\t\t\t\t<h4 class=\"tile-title\">La formation continue<\/h4>\n\t\t\t\t\t\t\n\t\t\t\t\t\t<div class=\"tile-content\">\n\t\t\t\t\t\t\t<h3>La formation continue<\/h3>\n<p>Investie dans la formation tout au long de la vie, l\u2019\u00c9cole des Ponts ParisTech d\u00e9veloppe en propre ou \u00e0 travers ses filiales une offre qui r\u00e9pond aux besoins d\u2019\u00e9volution et de sp\u00e9cialisation des professionnels.<\/p>\t\t\t\t\t\t<\/div>\n\t\t\t\t\t\n\t\t\t\t\t\t\t\t\t\t\t<a href=\"\/rapport-activite-2021\/former\/la-formation-continue\/\" class=\"action-button\"><span><\/span><\/a>\n\t\t\t\t\t\t\t\t\t\t\t\t\t\t\t\t<a href=\"#\" class=\"tile-flip-back-button tf_hide\"><\/a>\n\t\t\t\t\t\t\t\t\t<\/div>\n\t\t\t<\/div><!-- .tile-back -->\n\n\t\t\t<\/div>\n\n\t<\/div><!-- \/module tile -->\n\n<!-- module tile -->\n<div  id=\"tb_atbb739\" class=\"module module-tile tb_atbb739 size-square-small flip-horizontal no-flip tuile_image titre_off tuile_25 titre_top tile-type-front-text  tf_mw tf_opacity wow\" data-tf-animation=\"fadeInDown\" data-lazy=\"1\" data-auto-flip=\"0\" data-in-effect=\"flip-horizontal\" >\n\t\t\t<div class=\"tile-flip-box-wrap tf_abs tf_box tf_overflow tf_w tf_h\">\n\t\t\n\t\t\t\t\t<style>\n\t\t\t\t.module.tb_atbb739 .tile-front{background-image:url(\"http:\/\/kiosque.ecoledesponts.fr\/rapport-activite-2021\/wp-content\/uploads\/sites\/3\/2022\/08\/lecon-inaugurale.jpg\")}\t\t\t<\/style>\n\t\t\t\t\n\t\t\t\t\t<div class=\"tile-front tile-type-text ui tb_default_color tf_box tf_w tf_h tf_overflow tf_rel tf_scrollbar\">\n\t\t\t\t<div class=\"tile-inner tf_box\">\n\t\t\t\t\t\t\t\t\t\t\t\t\t\t\t\t\t\t<h4 class=\"tile-title\">Rapport d'activit\u00e9 2021<\/h4>\n\t\t\t\t\t\t\n\t\t\t\t\t\t<div class=\"tile-content\">\n\t\t\t\t\t\t\t<p><strong><span class=\"ombre bloc_bas\">Les \u00e9l\u00e8ves de l\u2019\u00c9cole lors de la Le\u00e7on Inaugurale organis\u00e9e pour la rentr\u00e9e 2021<\/span><\/strong><\/p>\t\t\t\t\t\t<\/div>\n\t\t\t\t\t\n\t\t\t\t\t\t\t\t\t\t\t\t\t\t\t\t<a href=\"#\" class=\"tile-flip-back-button tf_hide\"><\/a>\n\t\t\t\t\t\t\t\t\t<\/div>\n\t\t\t<\/div><!-- .tile-front -->\n\n\t\t\t\t\t<div class=\"tile-back tile-type-text ui tb_default_color tf_box tf_w tf_h tf_overflow tf_abs tf_hidden tf_scrollbar\">\n\t\t\t\t<div class=\"tile-inner tf_box\">\n\t\t\t\t\t\t\t\t\t\t\t\n\t\t\t\t\t\t<div class=\"tile-content\">\n\t\t\t\t\t\t\t\t\t\t\t\t\t<\/div>\n\t\t\t\t\t\n\t\t\t\t\t\t\t\t\t\t\t\t\t\t\t\t<a href=\"#\" class=\"tile-flip-back-button tf_hide\"><\/a>\n\t\t\t\t\t\t\t\t\t<\/div>\n\t\t\t<\/div><!-- .tile-back -->\n\n\t\t\t<\/div>\n\n\t<\/div><!-- \/module tile -->        <\/div>\n                        <\/div>\n        <\/div>\n        <\/div>\n<!--\/themify_builder_content-->","protected":false},"excerpt":{"rendered":"<p>Former Former La formation d&rsquo;ing\u00e9nieur La formation d&rsquo;ing\u00e9nieur L\u2019\u00c9cole des Ponts ParisTech dispense une formation d\u2019ing\u00e9nieur g\u00e9n\u00e9raliste, fortement et historiquement tourn\u00e9e vers le d\u00e9veloppement durable et la transition \u00e9cologique. La formation d&rsquo;ing\u00e9nieur La formation d&rsquo;ing\u00e9nieur L\u2019\u00c9cole des Ponts ParisTech dispense une formation d\u2019ing\u00e9nieur g\u00e9n\u00e9raliste, fortement et historiquement tourn\u00e9e vers le d\u00e9veloppement durable et la transition [&hellip;]<\/p>\n","protected":false},"author":1,"featured_media":0,"parent":0,"menu_order":0,"comment_status":"closed","ping_status":"closed","template":"","meta":[],"tags":[],"acf":[],"yoast_head":"<!-- This site is optimized with the Yoast SEO plugin v21.1 - https:\/\/yoast.com\/wordpress\/plugins\/seo\/ -->\n<title>Former - Rapport d&#039;activit\u00e9 2021<\/title>\n<meta name=\"robots\" content=\"index, follow, max-snippet:-1, max-image-preview:large, max-video-preview:-1\" \/>\n<link rel=\"canonical\" href=\"https:\/\/kiosque.ecoledesponts.fr\/rapport-activite-2021\/former\/\" \/>\n<meta property=\"og:locale\" content=\"fr_FR\" \/>\n<meta property=\"og:type\" content=\"article\" \/>\n<meta property=\"og:title\" content=\"Former - Rapport d&#039;activit\u00e9 2021\" \/>\n<meta property=\"og:description\" content=\"Former Former La formation d&rsquo;ing\u00e9nieur La formation d&rsquo;ing\u00e9nieur L\u2019\u00c9cole des Ponts ParisTech dispense une formation d\u2019ing\u00e9nieur g\u00e9n\u00e9raliste, fortement et historiquement tourn\u00e9e vers le d\u00e9veloppement durable et la transition \u00e9cologique. La formation d&rsquo;ing\u00e9nieur La formation d&rsquo;ing\u00e9nieur L\u2019\u00c9cole des Ponts ParisTech dispense une formation d\u2019ing\u00e9nieur g\u00e9n\u00e9raliste, fortement et historiquement tourn\u00e9e vers le d\u00e9veloppement durable et la transition [&hellip;]\" \/>\n<meta property=\"og:url\" content=\"https:\/\/kiosque.ecoledesponts.fr\/rapport-activite-2021\/former\/\" \/>\n<meta property=\"og:site_name\" content=\"Rapport d&#039;activit\u00e9 2021\" \/>\n<meta property=\"article:modified_time\" content=\"2022-09-14T14:20:14+00:00\" \/>\n<meta name=\"twitter:card\" content=\"summary_large_image\" \/>\n<meta name=\"twitter:label1\" content=\"Dur\u00e9e de lecture estim\u00e9e\" \/>\n\t<meta name=\"twitter:data1\" content=\"1 minute\" \/>\n<script type=\"application\/ld+json\" class=\"yoast-schema-graph\">{\"@context\":\"https:\/\/schema.org\",\"@graph\":[{\"@type\":\"WebPage\",\"@id\":\"https:\/\/kiosque.ecoledesponts.fr\/rapport-activite-2021\/former\/\",\"url\":\"https:\/\/kiosque.ecoledesponts.fr\/rapport-activite-2021\/former\/\",\"name\":\"Former - Rapport d'activit\u00e9 2021\",\"isPartOf\":{\"@id\":\"https:\/\/kiosque.ecoledesponts.fr\/rapport-activite-2021\/#website\"},\"datePublished\":\"2022-04-17T08:39:26+00:00\",\"dateModified\":\"2022-09-14T14:20:14+00:00\",\"breadcrumb\":{\"@id\":\"https:\/\/kiosque.ecoledesponts.fr\/rapport-activite-2021\/former\/#breadcrumb\"},\"inLanguage\":\"fr-FR\",\"potentialAction\":[{\"@type\":\"ReadAction\",\"target\":[\"https:\/\/kiosque.ecoledesponts.fr\/rapport-activite-2021\/former\/\"]}]},{\"@type\":\"BreadcrumbList\",\"@id\":\"https:\/\/kiosque.ecoledesponts.fr\/rapport-activite-2021\/former\/#breadcrumb\",\"itemListElement\":[{\"@type\":\"ListItem\",\"position\":1,\"name\":\"Accueil\",\"item\":\"https:\/\/kiosque.ecoledesponts.fr\/rapport-activite-2021\/\"},{\"@type\":\"ListItem\",\"position\":2,\"name\":\"Former\"}]},{\"@type\":\"WebSite\",\"@id\":\"https:\/\/kiosque.ecoledesponts.fr\/rapport-activite-2021\/#website\",\"url\":\"https:\/\/kiosque.ecoledesponts.fr\/rapport-activite-2021\/\",\"name\":\"Rapport d'activit\u00e9 2021\",\"description\":\"Un site utilisant Les sites du kiosque des ponts\",\"potentialAction\":[{\"@type\":\"SearchAction\",\"target\":{\"@type\":\"EntryPoint\",\"urlTemplate\":\"https:\/\/kiosque.ecoledesponts.fr\/rapport-activite-2021\/?s={search_term_string}\"},\"query-input\":\"required name=search_term_string\"}],\"inLanguage\":\"fr-FR\"}]}<\/script>\n<!-- \/ Yoast SEO plugin. -->","yoast_head_json":{"title":"Former - Rapport d'activit\u00e9 2021","robots":{"index":"index","follow":"follow","max-snippet":"max-snippet:-1","max-image-preview":"max-image-preview:large","max-video-preview":"max-video-preview:-1"},"canonical":"https:\/\/kiosque.ecoledesponts.fr\/rapport-activite-2021\/former\/","og_locale":"fr_FR","og_type":"article","og_title":"Former - Rapport d'activit\u00e9 2021","og_description":"Former Former La formation d&rsquo;ing\u00e9nieur La formation d&rsquo;ing\u00e9nieur L\u2019\u00c9cole des Ponts ParisTech dispense une formation d\u2019ing\u00e9nieur g\u00e9n\u00e9raliste, fortement et historiquement tourn\u00e9e vers le d\u00e9veloppement durable et la transition \u00e9cologique. La formation d&rsquo;ing\u00e9nieur La formation d&rsquo;ing\u00e9nieur L\u2019\u00c9cole des Ponts ParisTech dispense une formation d\u2019ing\u00e9nieur g\u00e9n\u00e9raliste, fortement et historiquement tourn\u00e9e vers le d\u00e9veloppement durable et la transition [&hellip;]","og_url":"https:\/\/kiosque.ecoledesponts.fr\/rapport-activite-2021\/former\/","og_site_name":"Rapport d'activit\u00e9 2021","article_modified_time":"2022-09-14T14:20:14+00:00","twitter_card":"summary_large_image","twitter_misc":{"Dur\u00e9e de lecture estim\u00e9e":"1 minute"},"schema":{"@context":"https:\/\/schema.org","@graph":[{"@type":"WebPage","@id":"https:\/\/kiosque.ecoledesponts.fr\/rapport-activite-2021\/former\/","url":"https:\/\/kiosque.ecoledesponts.fr\/rapport-activite-2021\/former\/","name":"Former - Rapport d'activit\u00e9 2021","isPartOf":{"@id":"https:\/\/kiosque.ecoledesponts.fr\/rapport-activite-2021\/#website"},"datePublished":"2022-04-17T08:39:26+00:00","dateModified":"2022-09-14T14:20:14+00:00","breadcrumb":{"@id":"https:\/\/kiosque.ecoledesponts.fr\/rapport-activite-2021\/former\/#breadcrumb"},"inLanguage":"fr-FR","potentialAction":[{"@type":"ReadAction","target":["https:\/\/kiosque.ecoledesponts.fr\/rapport-activite-2021\/former\/"]}]},{"@type":"BreadcrumbList","@id":"https:\/\/kiosque.ecoledesponts.fr\/rapport-activite-2021\/former\/#breadcrumb","itemListElement":[{"@type":"ListItem","position":1,"name":"Accueil","item":"https:\/\/kiosque.ecoledesponts.fr\/rapport-activite-2021\/"},{"@type":"ListItem","position":2,"name":"Former"}]},{"@type":"WebSite","@id":"https:\/\/kiosque.ecoledesponts.fr\/rapport-activite-2021\/#website","url":"https:\/\/kiosque.ecoledesponts.fr\/rapport-activite-2021\/","name":"Rapport d'activit\u00e9 2021","description":"Un site utilisant Les sites du kiosque des ponts","potentialAction":[{"@type":"SearchAction","target":{"@type":"EntryPoint","urlTemplate":"https:\/\/kiosque.ecoledesponts.fr\/rapport-activite-2021\/?s={search_term_string}"},"query-input":"required name=search_term_string"}],"inLanguage":"fr-FR"}]}},"builder_content":"<h4>Former<\/h4> <h1>Former<\/h1> <a href=\"#\"><\/a> \n <a href=\"#\"><\/a>\n<h4>La formation d'ing\u00e9nieur<\/h4> <h3>La formation d'ing\u00e9nieur<\/h3> <p>L\u2019\u00c9cole des Ponts ParisTech dispense une formation d\u2019ing\u00e9nieur g\u00e9n\u00e9raliste, fortement et historiquement tourn\u00e9e vers le d\u00e9veloppement durable et la transition \u00e9cologique.<\/p> <a href=\"\/rapport-activite-2021\/former\/la-formation-dingenieur\/\"><\/a> <a href=\"#\"><\/a> \n <h4>La formation d'ing\u00e9nieur<\/h4> <h3>La formation d'ing\u00e9nieur<\/h3> <p>L\u2019\u00c9cole des Ponts ParisTech dispense une formation d\u2019ing\u00e9nieur g\u00e9n\u00e9raliste, fortement et historiquement tourn\u00e9e vers le d\u00e9veloppement durable et la transition \u00e9cologique.<\/p> <a href=\"\/rapport-activite-2021\/former\/la-formation-dingenieur\/\"><\/a> <a href=\"#\"><\/a>\n<h4>Les formations du corps de l'\u00e9tat<\/h4> <h3>Les formations du corps de l'\u00e9tat<\/h3> <a href=\"\/rapport-activite-2021\/former\/les-formations-du-corps-de-letat\/\"><\/a> <a href=\"#\"><\/a> \n <h4>Les formations du corps de l'\u00e9tat<\/h4> <h3>Les formations du corps de l'\u00e9tat<\/h3> <a href=\"\/rapport-activite-2021\/former\/les-formations-du-corps-de-letat\/\"><\/a> <a href=\"#\"><\/a>\n<h4>La formation continue<\/h4> <h3>La formation continue<\/h3> <p>Investie dans la formation tout au long de la vie, l\u2019\u00c9cole des Ponts ParisTech d\u00e9veloppe en propre ou \u00e0 travers ses filiales une offre qui r\u00e9pond aux besoins d\u2019\u00e9volution et de sp\u00e9cialisation des professionnels. <\/p> <a href=\"\/rapport-activite-2021\/former\/la-formation-continue\/\"><\/a> <a href=\"#\"><\/a> \n <h4>La formation continue<\/h4> <h3>La formation continue<\/h3> <p>Investie dans la formation tout au long de la vie, l\u2019\u00c9cole des Ponts ParisTech d\u00e9veloppe en propre ou \u00e0 travers ses filiales une offre qui r\u00e9pond aux besoins d\u2019\u00e9volution et de sp\u00e9cialisation des professionnels.<\/p> <a href=\"\/rapport-activite-2021\/former\/la-formation-continue\/\"><\/a> <a href=\"#\"><\/a>\n<h4>Rapport d'activit\u00e9 2021<\/h4> <p><strong>Les \u00e9l\u00e8ves de l\u2019\u00c9cole lors de la Le\u00e7on Inaugurale organis\u00e9e pour la rentr\u00e9e 2021<\/strong><\/p> <a href=\"#\"><\/a> \n <a href=\"#\"><\/a>","_links":{"self":[{"href":"https:\/\/kiosque.ecoledesponts.fr\/rapport-activite-2021\/wp-json\/wp\/v2\/pages\/33"}],"collection":[{"href":"https:\/\/kiosque.ecoledesponts.fr\/rapport-activite-2021\/wp-json\/wp\/v2\/pages"}],"about":[{"href":"https:\/\/kiosque.ecoledesponts.fr\/rapport-activite-2021\/wp-json\/wp\/v2\/types\/page"}],"author":[{"embeddable":true,"href":"https:\/\/kiosque.ecoledesponts.fr\/rapport-activite-2021\/wp-json\/wp\/v2\/users\/1"}],"replies":[{"embeddable":true,"href":"https:\/\/kiosque.ecoledesponts.fr\/rapport-activite-2021\/wp-json\/wp\/v2\/comments?post=33"}],"version-history":[{"count":18,"href":"https:\/\/kiosque.ecoledesponts.fr\/rapport-activite-2021\/wp-json\/wp\/v2\/pages\/33\/revisions"}],"predecessor-version":[{"id":3769,"href":"https:\/\/kiosque.ecoledesponts.fr\/rapport-activite-2021\/wp-json\/wp\/v2\/pages\/33\/revisions\/3769"}],"wp:attachment":[{"href":"https:\/\/kiosque.ecoledesponts.fr\/rapport-activite-2021\/wp-json\/wp\/v2\/media?parent=33"}],"wp:term":[{"taxonomy":"post_tag","embeddable":true,"href":"https:\/\/kiosque.ecoledesponts.fr\/rapport-activite-2021\/wp-json\/wp\/v2\/tags?post=33"}],"curies":[{"name":"wp","href":"https:\/\/api.w.org\/{rel}","templated":true}]}}