{"id":371,"date":"2022-07-28T15:43:01","date_gmt":"2022-07-28T13:43:01","guid":{"rendered":"http:\/\/kiosque.ecoledesponts.fr\/rapport-activite-2021\/?page_id=371"},"modified":"2023-01-02T15:47:07","modified_gmt":"2023-01-02T14:47:07","slug":"insertion-professionnelle-des-debouches-varies","status":"publish","type":"page","link":"https:\/\/kiosque.ecoledesponts.fr\/rapport-activite-2021\/former\/la-formation-dingenieur\/insertion-professionnelle-des-debouches-varies\/","title":{"rendered":"Insertion professionnelle : des d\u00e9bouch\u00e9s vari\u00e9s"},"content":{"rendered":"<!-- wp:themify-builder\/canvas \/-->\n\n<p><img decoding=\"async\" loading=\"lazy\" class=\"alignnone wp-image-3355\" src=\"http:\/\/kiosque.ecoledesponts.fr\/rapport-activite-2021\/wp-content\/uploads\/sites\/3\/2022\/09\/insertion_pro.png\" alt=\"Insertion professionnelle\" width=\"750\" height=\"996\" srcset=\"https:\/\/kiosque.ecoledesponts.fr\/rapport-activite-2021\/wp-content\/uploads\/sites\/3\/2022\/09\/insertion_pro.png 945w, https:\/\/kiosque.ecoledesponts.fr\/rapport-activite-2021\/wp-content\/uploads\/sites\/3\/2022\/09\/insertion_pro-226x300.png 226w, https:\/\/kiosque.ecoledesponts.fr\/rapport-activite-2021\/wp-content\/uploads\/sites\/3\/2022\/09\/insertion_pro-771x1024.png 771w, https:\/\/kiosque.ecoledesponts.fr\/rapport-activite-2021\/wp-content\/uploads\/sites\/3\/2022\/09\/insertion_pro-768x1020.png 768w\" sizes=\"(max-width: 750px) 100vw, 750px\" \/><\/p>","protected":false},"excerpt":{"rendered":"","protected":false},"author":1,"featured_media":0,"parent":7,"menu_order":0,"comment_status":"closed","ping_status":"closed","template":"page_violet.php","meta":[],"tags":[33,31,51],"acf":[],"yoast_head":"<!-- This site is optimized with the Yoast SEO plugin v21.1 - https:\/\/yoast.com\/wordpress\/plugins\/seo\/ -->\n<title>Insertion professionnelle : des d\u00e9bouch\u00e9s vari\u00e9s - Rapport d&#039;activit\u00e9 2021<\/title>\n<meta name=\"robots\" content=\"index, follow, max-snippet:-1, max-image-preview:large, max-video-preview:-1\" \/>\n<link rel=\"canonical\" href=\"https:\/\/kiosque.ecoledesponts.fr\/rapport-activite-2021\/former\/la-formation-dingenieur\/insertion-professionnelle-des-debouches-varies\/\" \/>\n<meta property=\"og:locale\" content=\"fr_FR\" \/>\n<meta property=\"og:type\" content=\"article\" \/>\n<meta property=\"og:title\" content=\"Insertion professionnelle : des d\u00e9bouch\u00e9s vari\u00e9s - Rapport d&#039;activit\u00e9 2021\" \/>\n<meta property=\"og:url\" content=\"https:\/\/kiosque.ecoledesponts.fr\/rapport-activite-2021\/former\/la-formation-dingenieur\/insertion-professionnelle-des-debouches-varies\/\" \/>\n<meta property=\"og:site_name\" content=\"Rapport d&#039;activit\u00e9 2021\" \/>\n<meta property=\"article:modified_time\" content=\"2023-01-02T14:47:07+00:00\" \/>\n<meta property=\"og:image\" content=\"http:\/\/kiosque.ecoledesponts.fr\/rapport-activite-2021\/wp-content\/uploads\/sites\/3\/2022\/09\/insertion_pro.png\" \/>\n<meta name=\"twitter:card\" content=\"summary_large_image\" \/>\n<script type=\"application\/ld+json\" class=\"yoast-schema-graph\">{\"@context\":\"https:\/\/schema.org\",\"@graph\":[{\"@type\":\"WebPage\",\"@id\":\"https:\/\/kiosque.ecoledesponts.fr\/rapport-activite-2021\/former\/la-formation-dingenieur\/insertion-professionnelle-des-debouches-varies\/\",\"url\":\"https:\/\/kiosque.ecoledesponts.fr\/rapport-activite-2021\/former\/la-formation-dingenieur\/insertion-professionnelle-des-debouches-varies\/\",\"name\":\"Insertion professionnelle : des d\u00e9bouch\u00e9s vari\u00e9s - Rapport d'activit\u00e9 2021\",\"isPartOf\":{\"@id\":\"https:\/\/kiosque.ecoledesponts.fr\/rapport-activite-2021\/#website\"},\"datePublished\":\"2022-07-28T13:43:01+00:00\",\"dateModified\":\"2023-01-02T14:47:07+00:00\",\"breadcrumb\":{\"@id\":\"https:\/\/kiosque.ecoledesponts.fr\/rapport-activite-2021\/former\/la-formation-dingenieur\/insertion-professionnelle-des-debouches-varies\/#breadcrumb\"},\"inLanguage\":\"fr-FR\",\"potentialAction\":[{\"@type\":\"ReadAction\",\"target\":[\"https:\/\/kiosque.ecoledesponts.fr\/rapport-activite-2021\/former\/la-formation-dingenieur\/insertion-professionnelle-des-debouches-varies\/\"]}]},{\"@type\":\"BreadcrumbList\",\"@id\":\"https:\/\/kiosque.ecoledesponts.fr\/rapport-activite-2021\/former\/la-formation-dingenieur\/insertion-professionnelle-des-debouches-varies\/#breadcrumb\",\"itemListElement\":[{\"@type\":\"ListItem\",\"position\":1,\"name\":\"Accueil\",\"item\":\"https:\/\/kiosque.ecoledesponts.fr\/rapport-activite-2021\/\"},{\"@type\":\"ListItem\",\"position\":2,\"name\":\"Former\",\"item\":\"https:\/\/kiosque.ecoledesponts.fr\/rapport-activite-2021\/former\/\"},{\"@type\":\"ListItem\",\"position\":3,\"name\":\"La formation d&rsquo;ing\u00e9nieur\",\"item\":\"https:\/\/kiosque.ecoledesponts.fr\/rapport-activite-2021\/former\/la-formation-dingenieur\/\"},{\"@type\":\"ListItem\",\"position\":4,\"name\":\"Insertion professionnelle : des d\u00e9bouch\u00e9s vari\u00e9s\"}]},{\"@type\":\"WebSite\",\"@id\":\"https:\/\/kiosque.ecoledesponts.fr\/rapport-activite-2021\/#website\",\"url\":\"https:\/\/kiosque.ecoledesponts.fr\/rapport-activite-2021\/\",\"name\":\"Rapport d'activit\u00e9 2021\",\"description\":\"Un site utilisant Les sites du kiosque des ponts\",\"potentialAction\":[{\"@type\":\"SearchAction\",\"target\":{\"@type\":\"EntryPoint\",\"urlTemplate\":\"https:\/\/kiosque.ecoledesponts.fr\/rapport-activite-2021\/?s={search_term_string}\"},\"query-input\":\"required name=search_term_string\"}],\"inLanguage\":\"fr-FR\"}]}<\/script>\n<!-- \/ Yoast SEO plugin. -->","yoast_head_json":{"title":"Insertion professionnelle : des d\u00e9bouch\u00e9s vari\u00e9s - Rapport d'activit\u00e9 2021","robots":{"index":"index","follow":"follow","max-snippet":"max-snippet:-1","max-image-preview":"max-image-preview:large","max-video-preview":"max-video-preview:-1"},"canonical":"https:\/\/kiosque.ecoledesponts.fr\/rapport-activite-2021\/former\/la-formation-dingenieur\/insertion-professionnelle-des-debouches-varies\/","og_locale":"fr_FR","og_type":"article","og_title":"Insertion professionnelle : des d\u00e9bouch\u00e9s vari\u00e9s - Rapport d'activit\u00e9 2021","og_url":"https:\/\/kiosque.ecoledesponts.fr\/rapport-activite-2021\/former\/la-formation-dingenieur\/insertion-professionnelle-des-debouches-varies\/","og_site_name":"Rapport d'activit\u00e9 2021","article_modified_time":"2023-01-02T14:47:07+00:00","og_image":[{"url":"http:\/\/kiosque.ecoledesponts.fr\/rapport-activite-2021\/wp-content\/uploads\/sites\/3\/2022\/09\/insertion_pro.png"}],"twitter_card":"summary_large_image","schema":{"@context":"https:\/\/schema.org","@graph":[{"@type":"WebPage","@id":"https:\/\/kiosque.ecoledesponts.fr\/rapport-activite-2021\/former\/la-formation-dingenieur\/insertion-professionnelle-des-debouches-varies\/","url":"https:\/\/kiosque.ecoledesponts.fr\/rapport-activite-2021\/former\/la-formation-dingenieur\/insertion-professionnelle-des-debouches-varies\/","name":"Insertion professionnelle : des d\u00e9bouch\u00e9s vari\u00e9s - Rapport d'activit\u00e9 2021","isPartOf":{"@id":"https:\/\/kiosque.ecoledesponts.fr\/rapport-activite-2021\/#website"},"datePublished":"2022-07-28T13:43:01+00:00","dateModified":"2023-01-02T14:47:07+00:00","breadcrumb":{"@id":"https:\/\/kiosque.ecoledesponts.fr\/rapport-activite-2021\/former\/la-formation-dingenieur\/insertion-professionnelle-des-debouches-varies\/#breadcrumb"},"inLanguage":"fr-FR","potentialAction":[{"@type":"ReadAction","target":["https:\/\/kiosque.ecoledesponts.fr\/rapport-activite-2021\/former\/la-formation-dingenieur\/insertion-professionnelle-des-debouches-varies\/"]}]},{"@type":"BreadcrumbList","@id":"https:\/\/kiosque.ecoledesponts.fr\/rapport-activite-2021\/former\/la-formation-dingenieur\/insertion-professionnelle-des-debouches-varies\/#breadcrumb","itemListElement":[{"@type":"ListItem","position":1,"name":"Accueil","item":"https:\/\/kiosque.ecoledesponts.fr\/rapport-activite-2021\/"},{"@type":"ListItem","position":2,"name":"Former","item":"https:\/\/kiosque.ecoledesponts.fr\/rapport-activite-2021\/former\/"},{"@type":"ListItem","position":3,"name":"La formation d&rsquo;ing\u00e9nieur","item":"https:\/\/kiosque.ecoledesponts.fr\/rapport-activite-2021\/former\/la-formation-dingenieur\/"},{"@type":"ListItem","position":4,"name":"Insertion professionnelle : des d\u00e9bouch\u00e9s vari\u00e9s"}]},{"@type":"WebSite","@id":"https:\/\/kiosque.ecoledesponts.fr\/rapport-activite-2021\/#website","url":"https:\/\/kiosque.ecoledesponts.fr\/rapport-activite-2021\/","name":"Rapport d'activit\u00e9 2021","description":"Un site utilisant Les sites du kiosque des ponts","potentialAction":[{"@type":"SearchAction","target":{"@type":"EntryPoint","urlTemplate":"https:\/\/kiosque.ecoledesponts.fr\/rapport-activite-2021\/?s={search_term_string}"},"query-input":"required name=search_term_string"}],"inLanguage":"fr-FR"}]}},"builder_content":"","_links":{"self":[{"href":"https:\/\/kiosque.ecoledesponts.fr\/rapport-activite-2021\/wp-json\/wp\/v2\/pages\/371"}],"collection":[{"href":"https:\/\/kiosque.ecoledesponts.fr\/rapport-activite-2021\/wp-json\/wp\/v2\/pages"}],"about":[{"href":"https:\/\/kiosque.ecoledesponts.fr\/rapport-activite-2021\/wp-json\/wp\/v2\/types\/page"}],"author":[{"embeddable":true,"href":"https:\/\/kiosque.ecoledesponts.fr\/rapport-activite-2021\/wp-json\/wp\/v2\/users\/1"}],"replies":[{"embeddable":true,"href":"https:\/\/kiosque.ecoledesponts.fr\/rapport-activite-2021\/wp-json\/wp\/v2\/comments?post=371"}],"version-history":[{"count":13,"href":"https:\/\/kiosque.ecoledesponts.fr\/rapport-activite-2021\/wp-json\/wp\/v2\/pages\/371\/revisions"}],"predecessor-version":[{"id":4115,"href":"https:\/\/kiosque.ecoledesponts.fr\/rapport-activite-2021\/wp-json\/wp\/v2\/pages\/371\/revisions\/4115"}],"up":[{"embeddable":true,"href":"https:\/\/kiosque.ecoledesponts.fr\/rapport-activite-2021\/wp-json\/wp\/v2\/pages\/7"}],"wp:attachment":[{"href":"https:\/\/kiosque.ecoledesponts.fr\/rapport-activite-2021\/wp-json\/wp\/v2\/media?parent=371"}],"wp:term":[{"taxonomy":"post_tag","embeddable":true,"href":"https:\/\/kiosque.ecoledesponts.fr\/rapport-activite-2021\/wp-json\/wp\/v2\/tags?post=371"}],"curies":[{"name":"wp","href":"https:\/\/api.w.org\/{rel}","templated":true}]}}