{"id":395,"date":"2022-07-28T16:30:24","date_gmt":"2022-07-28T14:30:24","guid":{"rendered":"http:\/\/kiosque.ecoledesponts.fr\/rapport-activite-2021\/?page_id=395"},"modified":"2023-01-02T15:50:43","modified_gmt":"2023-01-02T14:50:43","slug":"a-linternational-accompagner-les-institutions","status":"publish","type":"page","link":"https:\/\/kiosque.ecoledesponts.fr\/rapport-activite-2021\/former\/la-formation-dingenieur\/a-linternational-accompagner-les-institutions\/","title":{"rendered":"\u00a0\u00c0 l&rsquo;international : accompagner les institutions"},"content":{"rendered":"<!-- wp:themify-builder\/canvas \/-->\n\n<p>Outre la formation, l\u2019action de l\u2019\u00c9cole des Ponts ParisTech \u00e0 l\u2019international consiste \u00e0 renforcer la capacit\u00e9 des universit\u00e9s \u00e0 relever le d\u00e9fi de leur gouvernance et de leur attractivit\u00e9. Dans cette optique, celles-ci doivent am\u00e9liorer la qualit\u00e9 de leur enseignement et co-cr\u00e9er de nouveaux programmes de formation conduisant \u00e0 l\u2019emploi et au d\u00e9veloppement de leurs capacit\u00e9s de recherche.<\/p>\n<p>L\u2019\u00c9cole organise son action sur le continent africain, dans la lign\u00e9e du Programme de formation d\u2019ing\u00e9nieurs d\u2019excellence d\u00e9ploy\u00e9 au Vietnam depuis 1997\u202f:<\/p>\n<p><strong class=\"txt_violet\">En Mauritanie, avec l\u2019\u00c9cole sup\u00e9rieure polytechnique de Nouakchott. <\/strong>Le conseil de perfectionnement, qui r\u00e9unit des repr\u00e9sentants d\u2019institutions fran\u00e7aises, marocaines et tunisiennes sous le haut patronage du gouvernement de Mauritanie, a \u00e9t\u00e9 report\u00e9 \u00e0 2022 en raison de la situation sanitaire\u202f; pour autant, les travaux se sont poursuivis, notamment sur le r\u00f4le des alumni dans le d\u00e9veloppement de l\u2019\u00e9tablissement et les coop\u00e9rations avec le secteur \u00e9conomique.<\/p>\n<p><strong class=\"txt_violet\">Au Maroc, avec l\u2019Universit\u00e9 Mohammed VI Polytechnique (UM6P). <\/strong>Le mast\u00e8re sp\u00e9cialis\u00e9<sup>\u00ae<\/sup> Action publique avanc\u00e9e au Maroc (Mapam) a lanc\u00e9 sa deuxi\u00e8me promotion en mai 2021. Le programme de recherche Optimisation-Simulation, qui avait conduit \u00e0 quatre th\u00e8ses et un post-doc avec le laboratoire Cermics, s\u2019est lui achev\u00e9. Le comit\u00e9 de suivi a valid\u00e9 le lancement du nouveau programme GET-IT avec le laboratoire HM&amp;Co, ainsi que la poursuite de l\u2019accord-cadre apr\u00e8s sa p\u00e9riode initiale de cinq ans.<\/p>\n<p><strong class=\"txt_violet\">En Afrique subsaharienne, via le programme 2019-2021 French-African Cooperation for Engineering in Africa (Facea)<\/strong> financ\u00e9 par le minist\u00e8re de l\u2019Europe et des Affaires \u00e9trang\u00e8res. Les discussions se sont poursuivies avec l\u2019Universit\u00e9 de Nairobi, au Kenya, autour du renforcement des comp\u00e9tences et du d\u00e9veloppement de nouvelles formations. Les \u00e9changes avec les deux universit\u00e9s scientifiques ghan\u00e9ennes, la Kwame Nkrumah University of Science and Technology (KNUST) et l\u2019University of Mines and Technology (UMaT), ont donn\u00e9 lieu \u00e0 deux s\u00e9minaires en ligne, dont un pilot\u00e9 par le LEESU, pour permettre aux chercheurs de partager les connaissances et les enjeux sur la th\u00e9matique de l\u2019eau.<\/p>\n<p><strong class=\"txt_violet\">En C\u00f4te d\u2019Ivoire, avec l\u2019Institut national polytechnique F\u00e9lix Houphou\u00ebt-Boigny (INP-HB).<\/strong> La premi\u00e8re promotion du mast\u00e8re professionnel Transport et am\u00e9nagement urbain a \u00e9t\u00e9 dipl\u00f4m\u00e9e en septembre 2021, la deuxi\u00e8me a \u00e9t\u00e9 lanc\u00e9e en janvier 2021 et la troisi\u00e8me devrait \u00eatre dipl\u00f4m\u00e9e en septembre 2022. Financ\u00e9 par la Banque mondiale, ce partenariat de renforcement de capacit\u00e9s de l\u2019INP-HB a \u00e9galement donn\u00e9 lieu \u00e0 un projet de convention tripartite entre les deux \u00e9tablissements et la Conf\u00e9rence des grandes \u00e9coles (CGE) en vue de la labellisation du programme.<\/p>","protected":false},"excerpt":{"rendered":"<p>Outre la formation, l\u2019action de l\u2019\u00c9cole des Ponts ParisTech \u00e0 l\u2019international consiste \u00e0 renforcer la capacit\u00e9 des universit\u00e9s \u00e0 relever le d\u00e9fi de leur gouvernance et de leur attractivit\u00e9. Dans cette optique, celles-ci doivent am\u00e9liorer la qualit\u00e9 de leur enseignement et co-cr\u00e9er de nouveaux programmes de formation conduisant \u00e0 l\u2019emploi et au d\u00e9veloppement de leurs [&hellip;]<\/p>\n","protected":false},"author":1,"featured_media":0,"parent":7,"menu_order":0,"comment_status":"closed","ping_status":"closed","template":"page_violet.php","meta":[],"tags":[31,57,35],"acf":[],"yoast_head":"<!-- This site is optimized with the Yoast SEO plugin v21.1 - https:\/\/yoast.com\/wordpress\/plugins\/seo\/ -->\n<title>\u00a0\u00c0 l&#039;international : accompagner les institutions - Rapport d&#039;activit\u00e9 2021<\/title>\n<meta name=\"robots\" content=\"index, follow, max-snippet:-1, max-image-preview:large, max-video-preview:-1\" \/>\n<link rel=\"canonical\" href=\"https:\/\/kiosque.ecoledesponts.fr\/rapport-activite-2021\/former\/la-formation-dingenieur\/a-linternational-accompagner-les-institutions\/\" \/>\n<meta property=\"og:locale\" content=\"fr_FR\" \/>\n<meta property=\"og:type\" content=\"article\" \/>\n<meta property=\"og:title\" content=\"\u00a0\u00c0 l&#039;international : accompagner les institutions - Rapport d&#039;activit\u00e9 2021\" \/>\n<meta property=\"og:description\" content=\"Outre la formation, l\u2019action de l\u2019\u00c9cole des Ponts ParisTech \u00e0 l\u2019international consiste \u00e0 renforcer la capacit\u00e9 des universit\u00e9s \u00e0 relever le d\u00e9fi de leur gouvernance et de leur attractivit\u00e9. Dans cette optique, celles-ci doivent am\u00e9liorer la qualit\u00e9 de leur enseignement et co-cr\u00e9er de nouveaux programmes de formation conduisant \u00e0 l\u2019emploi et au d\u00e9veloppement de leurs [&hellip;]\" \/>\n<meta property=\"og:url\" content=\"https:\/\/kiosque.ecoledesponts.fr\/rapport-activite-2021\/former\/la-formation-dingenieur\/a-linternational-accompagner-les-institutions\/\" \/>\n<meta property=\"og:site_name\" content=\"Rapport d&#039;activit\u00e9 2021\" \/>\n<meta property=\"article:modified_time\" content=\"2023-01-02T14:50:43+00:00\" \/>\n<meta name=\"twitter:card\" content=\"summary_large_image\" \/>\n<meta name=\"twitter:label1\" content=\"Dur\u00e9e de lecture estim\u00e9e\" \/>\n\t<meta name=\"twitter:data1\" content=\"2 minutes\" \/>\n<script type=\"application\/ld+json\" class=\"yoast-schema-graph\">{\"@context\":\"https:\/\/schema.org\",\"@graph\":[{\"@type\":\"WebPage\",\"@id\":\"https:\/\/kiosque.ecoledesponts.fr\/rapport-activite-2021\/former\/la-formation-dingenieur\/a-linternational-accompagner-les-institutions\/\",\"url\":\"https:\/\/kiosque.ecoledesponts.fr\/rapport-activite-2021\/former\/la-formation-dingenieur\/a-linternational-accompagner-les-institutions\/\",\"name\":\"\u00a0\u00c0 l'international : accompagner les institutions - Rapport d'activit\u00e9 2021\",\"isPartOf\":{\"@id\":\"https:\/\/kiosque.ecoledesponts.fr\/rapport-activite-2021\/#website\"},\"datePublished\":\"2022-07-28T14:30:24+00:00\",\"dateModified\":\"2023-01-02T14:50:43+00:00\",\"breadcrumb\":{\"@id\":\"https:\/\/kiosque.ecoledesponts.fr\/rapport-activite-2021\/former\/la-formation-dingenieur\/a-linternational-accompagner-les-institutions\/#breadcrumb\"},\"inLanguage\":\"fr-FR\",\"potentialAction\":[{\"@type\":\"ReadAction\",\"target\":[\"https:\/\/kiosque.ecoledesponts.fr\/rapport-activite-2021\/former\/la-formation-dingenieur\/a-linternational-accompagner-les-institutions\/\"]}]},{\"@type\":\"BreadcrumbList\",\"@id\":\"https:\/\/kiosque.ecoledesponts.fr\/rapport-activite-2021\/former\/la-formation-dingenieur\/a-linternational-accompagner-les-institutions\/#breadcrumb\",\"itemListElement\":[{\"@type\":\"ListItem\",\"position\":1,\"name\":\"Accueil\",\"item\":\"https:\/\/kiosque.ecoledesponts.fr\/rapport-activite-2021\/\"},{\"@type\":\"ListItem\",\"position\":2,\"name\":\"Former\",\"item\":\"https:\/\/kiosque.ecoledesponts.fr\/rapport-activite-2021\/former\/\"},{\"@type\":\"ListItem\",\"position\":3,\"name\":\"La formation d&rsquo;ing\u00e9nieur\",\"item\":\"https:\/\/kiosque.ecoledesponts.fr\/rapport-activite-2021\/former\/la-formation-dingenieur\/\"},{\"@type\":\"ListItem\",\"position\":4,\"name\":\"\u00a0\u00c0 l&rsquo;international : accompagner les institutions\"}]},{\"@type\":\"WebSite\",\"@id\":\"https:\/\/kiosque.ecoledesponts.fr\/rapport-activite-2021\/#website\",\"url\":\"https:\/\/kiosque.ecoledesponts.fr\/rapport-activite-2021\/\",\"name\":\"Rapport d'activit\u00e9 2021\",\"description\":\"Un site utilisant Les sites du kiosque des ponts\",\"potentialAction\":[{\"@type\":\"SearchAction\",\"target\":{\"@type\":\"EntryPoint\",\"urlTemplate\":\"https:\/\/kiosque.ecoledesponts.fr\/rapport-activite-2021\/?s={search_term_string}\"},\"query-input\":\"required name=search_term_string\"}],\"inLanguage\":\"fr-FR\"}]}<\/script>\n<!-- \/ Yoast SEO plugin. -->","yoast_head_json":{"title":"\u00a0\u00c0 l'international : accompagner les institutions - Rapport d'activit\u00e9 2021","robots":{"index":"index","follow":"follow","max-snippet":"max-snippet:-1","max-image-preview":"max-image-preview:large","max-video-preview":"max-video-preview:-1"},"canonical":"https:\/\/kiosque.ecoledesponts.fr\/rapport-activite-2021\/former\/la-formation-dingenieur\/a-linternational-accompagner-les-institutions\/","og_locale":"fr_FR","og_type":"article","og_title":"\u00a0\u00c0 l'international : accompagner les institutions - Rapport d'activit\u00e9 2021","og_description":"Outre la formation, l\u2019action de l\u2019\u00c9cole des Ponts ParisTech \u00e0 l\u2019international consiste \u00e0 renforcer la capacit\u00e9 des universit\u00e9s \u00e0 relever le d\u00e9fi de leur gouvernance et de leur attractivit\u00e9. Dans cette optique, celles-ci doivent am\u00e9liorer la qualit\u00e9 de leur enseignement et co-cr\u00e9er de nouveaux programmes de formation conduisant \u00e0 l\u2019emploi et au d\u00e9veloppement de leurs [&hellip;]","og_url":"https:\/\/kiosque.ecoledesponts.fr\/rapport-activite-2021\/former\/la-formation-dingenieur\/a-linternational-accompagner-les-institutions\/","og_site_name":"Rapport d'activit\u00e9 2021","article_modified_time":"2023-01-02T14:50:43+00:00","twitter_card":"summary_large_image","twitter_misc":{"Dur\u00e9e de lecture estim\u00e9e":"2 minutes"},"schema":{"@context":"https:\/\/schema.org","@graph":[{"@type":"WebPage","@id":"https:\/\/kiosque.ecoledesponts.fr\/rapport-activite-2021\/former\/la-formation-dingenieur\/a-linternational-accompagner-les-institutions\/","url":"https:\/\/kiosque.ecoledesponts.fr\/rapport-activite-2021\/former\/la-formation-dingenieur\/a-linternational-accompagner-les-institutions\/","name":"\u00a0\u00c0 l'international : accompagner les institutions - Rapport d'activit\u00e9 2021","isPartOf":{"@id":"https:\/\/kiosque.ecoledesponts.fr\/rapport-activite-2021\/#website"},"datePublished":"2022-07-28T14:30:24+00:00","dateModified":"2023-01-02T14:50:43+00:00","breadcrumb":{"@id":"https:\/\/kiosque.ecoledesponts.fr\/rapport-activite-2021\/former\/la-formation-dingenieur\/a-linternational-accompagner-les-institutions\/#breadcrumb"},"inLanguage":"fr-FR","potentialAction":[{"@type":"ReadAction","target":["https:\/\/kiosque.ecoledesponts.fr\/rapport-activite-2021\/former\/la-formation-dingenieur\/a-linternational-accompagner-les-institutions\/"]}]},{"@type":"BreadcrumbList","@id":"https:\/\/kiosque.ecoledesponts.fr\/rapport-activite-2021\/former\/la-formation-dingenieur\/a-linternational-accompagner-les-institutions\/#breadcrumb","itemListElement":[{"@type":"ListItem","position":1,"name":"Accueil","item":"https:\/\/kiosque.ecoledesponts.fr\/rapport-activite-2021\/"},{"@type":"ListItem","position":2,"name":"Former","item":"https:\/\/kiosque.ecoledesponts.fr\/rapport-activite-2021\/former\/"},{"@type":"ListItem","position":3,"name":"La formation d&rsquo;ing\u00e9nieur","item":"https:\/\/kiosque.ecoledesponts.fr\/rapport-activite-2021\/former\/la-formation-dingenieur\/"},{"@type":"ListItem","position":4,"name":"\u00a0\u00c0 l&rsquo;international : accompagner les institutions"}]},{"@type":"WebSite","@id":"https:\/\/kiosque.ecoledesponts.fr\/rapport-activite-2021\/#website","url":"https:\/\/kiosque.ecoledesponts.fr\/rapport-activite-2021\/","name":"Rapport d'activit\u00e9 2021","description":"Un site utilisant Les sites du kiosque des ponts","potentialAction":[{"@type":"SearchAction","target":{"@type":"EntryPoint","urlTemplate":"https:\/\/kiosque.ecoledesponts.fr\/rapport-activite-2021\/?s={search_term_string}"},"query-input":"required name=search_term_string"}],"inLanguage":"fr-FR"}]}},"builder_content":"","_links":{"self":[{"href":"https:\/\/kiosque.ecoledesponts.fr\/rapport-activite-2021\/wp-json\/wp\/v2\/pages\/395"}],"collection":[{"href":"https:\/\/kiosque.ecoledesponts.fr\/rapport-activite-2021\/wp-json\/wp\/v2\/pages"}],"about":[{"href":"https:\/\/kiosque.ecoledesponts.fr\/rapport-activite-2021\/wp-json\/wp\/v2\/types\/page"}],"author":[{"embeddable":true,"href":"https:\/\/kiosque.ecoledesponts.fr\/rapport-activite-2021\/wp-json\/wp\/v2\/users\/1"}],"replies":[{"embeddable":true,"href":"https:\/\/kiosque.ecoledesponts.fr\/rapport-activite-2021\/wp-json\/wp\/v2\/comments?post=395"}],"version-history":[{"count":20,"href":"https:\/\/kiosque.ecoledesponts.fr\/rapport-activite-2021\/wp-json\/wp\/v2\/pages\/395\/revisions"}],"predecessor-version":[{"id":4121,"href":"https:\/\/kiosque.ecoledesponts.fr\/rapport-activite-2021\/wp-json\/wp\/v2\/pages\/395\/revisions\/4121"}],"up":[{"embeddable":true,"href":"https:\/\/kiosque.ecoledesponts.fr\/rapport-activite-2021\/wp-json\/wp\/v2\/pages\/7"}],"wp:attachment":[{"href":"https:\/\/kiosque.ecoledesponts.fr\/rapport-activite-2021\/wp-json\/wp\/v2\/media?parent=395"}],"wp:term":[{"taxonomy":"post_tag","embeddable":true,"href":"https:\/\/kiosque.ecoledesponts.fr\/rapport-activite-2021\/wp-json\/wp\/v2\/tags?post=395"}],"curies":[{"name":"wp","href":"https:\/\/api.w.org\/{rel}","templated":true}]}}