{"id":433,"date":"2022-07-28T18:05:36","date_gmt":"2022-07-28T16:05:36","guid":{"rendered":"http:\/\/kiosque.ecoledesponts.fr\/rapport-activite-2021\/?page_id=433"},"modified":"2023-01-02T15:51:45","modified_gmt":"2023-01-02T14:51:45","slug":"cap-sur-leurope","status":"publish","type":"page","link":"https:\/\/kiosque.ecoledesponts.fr\/rapport-activite-2021\/former\/la-formation-dingenieur\/cap-sur-leurope\/","title":{"rendered":"Cap sur l&rsquo;Europe"},"content":{"rendered":"<!-- wp:themify-builder\/canvas \/-->\n\n<p>L\u2019\u00c9cole des Ponts ParisTech d\u00e9ploie, sur la p\u00e9riode 2021-2027, une strat\u00e9gie europ\u00e9enne structur\u00e9e autour de plusieurs axes.<\/p>\n<p><strong class=\"txt_violet\">Suite \u00e0 l\u2019entr\u00e9e en vigueur du programme Erasmus+<\/strong><strong>\u2005<\/strong><strong><br>2021-2027,<\/strong> tourn\u00e9e vers l\u2019inclusion, le d\u00e9veloppement durable, l\u2019appui \u00e0 la transition \u00e9cologique et \u00e0 la transition num\u00e9rique, l\u2019\u00c9cole des Ponts ParisTech renouvelle ses accords d\u2019\u00e9change et de coop\u00e9ration. Celui avec l\u2019Universit\u00e9 polytechnique de Madrid a \u00e9t\u00e9 \u00e9tendu \u00e0 l\u2019informatique et celui avec l\u2019Universit\u00e9 de Porto \u00e0 l\u2019\u00e9conomie. La d\u00e9mat\u00e9rialisation des processus est \u00e9galement enclench\u00e9e dans le cadre de l\u2019initiative Erasmus Without Paper.<\/p>\n<p><strong class=\"txt_violet\">L\u2019universit\u00e9 europ\u00e9enne EELISA, <\/strong>lanc\u00e9e en novembre 2020 et dont l\u2019\u00c9cole des Ponts ParisTech est membre, joue un r\u00f4le structurant dans la construction d\u2019un espace d\u2019enseignement sup\u00e9rieur, de recherche et d\u2019innovation europ\u00e9en. L\u2019ann\u00e9e 2021 a vu la mise en place des diff\u00e9rentes instances d\u00e9cisionnelles et consultatives mais aussi la cr\u00e9ation des premi\u00e8res communaut\u00e9s EELISA, qui associent les \u00e9tudiants, et l\u2019organisation des premiers ateliers et s\u00e9minaires. EELISA a \u00e9galement lanc\u00e9 le projet H2020 InnoCore, qui vise \u00e0 d\u00e9velopper les synergies entre ses partenaires, ainsi que plusieurs projets autour de la carte \u00e9tudiante europ\u00e9enne et de l\u2019entrepreneuriat.<\/p>\n<p><strong class=\"txt_violet\">Le d\u00e9veloppement des relations avec les 34 universit\u00e9s partenaires <\/strong>vise \u00e0 intensifier les coop\u00e9rations th\u00e9matiques et \u00e0 am\u00e9liorer l\u2019exp\u00e9rience de la mobilit\u00e9 des \u00e9l\u00e8ves. L\u2019Europe restant, surtout \u00e0 l\u2019\u00e8re Covid, la premi\u00e8re destination \u00e0 l\u2019international, deux accords de double dipl\u00f4me ont \u00e9t\u00e9 renouvel\u00e9s en 2021 avec l\u2019University of Trento en Italie et l\u2019University of Architecture, Civil Engineering and Geodesy en Bulgarie. Un nouvel accord d\u2019\u00e9change a \u00e9galement \u00e9t\u00e9 conclu avec l\u2019International School for Advanced Studies de Trieste, en Italie.<\/p>","protected":false},"excerpt":{"rendered":"<p>L\u2019\u00c9cole des Ponts ParisTech d\u00e9ploie, sur la p\u00e9riode 2021-2027, une strat\u00e9gie europ\u00e9enne structur\u00e9e autour de plusieurs axes. Suite \u00e0 l\u2019entr\u00e9e en vigueur du programme Erasmus+\u20052021-2027, tourn\u00e9e vers l\u2019inclusion, le d\u00e9veloppement durable, l\u2019appui \u00e0 la transition \u00e9cologique et \u00e0 la transition num\u00e9rique, l\u2019\u00c9cole des Ponts ParisTech renouvelle ses accords d\u2019\u00e9change et de coop\u00e9ration. Celui avec l\u2019Universit\u00e9 [&hellip;]<\/p>\n","protected":false},"author":1,"featured_media":0,"parent":7,"menu_order":0,"comment_status":"closed","ping_status":"closed","template":"page_violet.php","meta":[],"tags":[31,57,35],"acf":[],"yoast_head":"<!-- This site is optimized with the Yoast SEO plugin v21.1 - https:\/\/yoast.com\/wordpress\/plugins\/seo\/ -->\n<title>Cap sur l&#039;Europe - Rapport d&#039;activit\u00e9 2021<\/title>\n<meta name=\"robots\" content=\"index, follow, max-snippet:-1, max-image-preview:large, max-video-preview:-1\" \/>\n<link rel=\"canonical\" href=\"https:\/\/kiosque.ecoledesponts.fr\/rapport-activite-2021\/former\/la-formation-dingenieur\/cap-sur-leurope\/\" \/>\n<meta property=\"og:locale\" content=\"fr_FR\" \/>\n<meta property=\"og:type\" content=\"article\" \/>\n<meta property=\"og:title\" content=\"Cap sur l&#039;Europe - Rapport d&#039;activit\u00e9 2021\" \/>\n<meta property=\"og:description\" content=\"L\u2019\u00c9cole des Ponts ParisTech d\u00e9ploie, sur la p\u00e9riode 2021-2027, une strat\u00e9gie europ\u00e9enne structur\u00e9e autour de plusieurs axes. Suite \u00e0 l\u2019entr\u00e9e en vigueur du programme Erasmus+\u20052021-2027, tourn\u00e9e vers l\u2019inclusion, le d\u00e9veloppement durable, l\u2019appui \u00e0 la transition \u00e9cologique et \u00e0 la transition num\u00e9rique, l\u2019\u00c9cole des Ponts ParisTech renouvelle ses accords d\u2019\u00e9change et de coop\u00e9ration. Celui avec l\u2019Universit\u00e9 [&hellip;]\" \/>\n<meta property=\"og:url\" content=\"https:\/\/kiosque.ecoledesponts.fr\/rapport-activite-2021\/former\/la-formation-dingenieur\/cap-sur-leurope\/\" \/>\n<meta property=\"og:site_name\" content=\"Rapport d&#039;activit\u00e9 2021\" \/>\n<meta property=\"article:modified_time\" content=\"2023-01-02T14:51:45+00:00\" \/>\n<meta name=\"twitter:card\" content=\"summary_large_image\" \/>\n<meta name=\"twitter:label1\" content=\"Dur\u00e9e de lecture estim\u00e9e\" \/>\n\t<meta name=\"twitter:data1\" content=\"2 minutes\" \/>\n<script type=\"application\/ld+json\" class=\"yoast-schema-graph\">{\"@context\":\"https:\/\/schema.org\",\"@graph\":[{\"@type\":\"WebPage\",\"@id\":\"https:\/\/kiosque.ecoledesponts.fr\/rapport-activite-2021\/former\/la-formation-dingenieur\/cap-sur-leurope\/\",\"url\":\"https:\/\/kiosque.ecoledesponts.fr\/rapport-activite-2021\/former\/la-formation-dingenieur\/cap-sur-leurope\/\",\"name\":\"Cap sur l'Europe - Rapport d'activit\u00e9 2021\",\"isPartOf\":{\"@id\":\"https:\/\/kiosque.ecoledesponts.fr\/rapport-activite-2021\/#website\"},\"datePublished\":\"2022-07-28T16:05:36+00:00\",\"dateModified\":\"2023-01-02T14:51:45+00:00\",\"breadcrumb\":{\"@id\":\"https:\/\/kiosque.ecoledesponts.fr\/rapport-activite-2021\/former\/la-formation-dingenieur\/cap-sur-leurope\/#breadcrumb\"},\"inLanguage\":\"fr-FR\",\"potentialAction\":[{\"@type\":\"ReadAction\",\"target\":[\"https:\/\/kiosque.ecoledesponts.fr\/rapport-activite-2021\/former\/la-formation-dingenieur\/cap-sur-leurope\/\"]}]},{\"@type\":\"BreadcrumbList\",\"@id\":\"https:\/\/kiosque.ecoledesponts.fr\/rapport-activite-2021\/former\/la-formation-dingenieur\/cap-sur-leurope\/#breadcrumb\",\"itemListElement\":[{\"@type\":\"ListItem\",\"position\":1,\"name\":\"Accueil\",\"item\":\"https:\/\/kiosque.ecoledesponts.fr\/rapport-activite-2021\/\"},{\"@type\":\"ListItem\",\"position\":2,\"name\":\"Former\",\"item\":\"https:\/\/kiosque.ecoledesponts.fr\/rapport-activite-2021\/former\/\"},{\"@type\":\"ListItem\",\"position\":3,\"name\":\"La formation d&rsquo;ing\u00e9nieur\",\"item\":\"https:\/\/kiosque.ecoledesponts.fr\/rapport-activite-2021\/former\/la-formation-dingenieur\/\"},{\"@type\":\"ListItem\",\"position\":4,\"name\":\"Cap sur l&rsquo;Europe\"}]},{\"@type\":\"WebSite\",\"@id\":\"https:\/\/kiosque.ecoledesponts.fr\/rapport-activite-2021\/#website\",\"url\":\"https:\/\/kiosque.ecoledesponts.fr\/rapport-activite-2021\/\",\"name\":\"Rapport d'activit\u00e9 2021\",\"description\":\"Un site utilisant Les sites du kiosque des ponts\",\"potentialAction\":[{\"@type\":\"SearchAction\",\"target\":{\"@type\":\"EntryPoint\",\"urlTemplate\":\"https:\/\/kiosque.ecoledesponts.fr\/rapport-activite-2021\/?s={search_term_string}\"},\"query-input\":\"required name=search_term_string\"}],\"inLanguage\":\"fr-FR\"}]}<\/script>\n<!-- \/ Yoast SEO plugin. -->","yoast_head_json":{"title":"Cap sur l'Europe - Rapport d'activit\u00e9 2021","robots":{"index":"index","follow":"follow","max-snippet":"max-snippet:-1","max-image-preview":"max-image-preview:large","max-video-preview":"max-video-preview:-1"},"canonical":"https:\/\/kiosque.ecoledesponts.fr\/rapport-activite-2021\/former\/la-formation-dingenieur\/cap-sur-leurope\/","og_locale":"fr_FR","og_type":"article","og_title":"Cap sur l'Europe - Rapport d'activit\u00e9 2021","og_description":"L\u2019\u00c9cole des Ponts ParisTech d\u00e9ploie, sur la p\u00e9riode 2021-2027, une strat\u00e9gie europ\u00e9enne structur\u00e9e autour de plusieurs axes. Suite \u00e0 l\u2019entr\u00e9e en vigueur du programme Erasmus+\u20052021-2027, tourn\u00e9e vers l\u2019inclusion, le d\u00e9veloppement durable, l\u2019appui \u00e0 la transition \u00e9cologique et \u00e0 la transition num\u00e9rique, l\u2019\u00c9cole des Ponts ParisTech renouvelle ses accords d\u2019\u00e9change et de coop\u00e9ration. Celui avec l\u2019Universit\u00e9 [&hellip;]","og_url":"https:\/\/kiosque.ecoledesponts.fr\/rapport-activite-2021\/former\/la-formation-dingenieur\/cap-sur-leurope\/","og_site_name":"Rapport d'activit\u00e9 2021","article_modified_time":"2023-01-02T14:51:45+00:00","twitter_card":"summary_large_image","twitter_misc":{"Dur\u00e9e de lecture estim\u00e9e":"2 minutes"},"schema":{"@context":"https:\/\/schema.org","@graph":[{"@type":"WebPage","@id":"https:\/\/kiosque.ecoledesponts.fr\/rapport-activite-2021\/former\/la-formation-dingenieur\/cap-sur-leurope\/","url":"https:\/\/kiosque.ecoledesponts.fr\/rapport-activite-2021\/former\/la-formation-dingenieur\/cap-sur-leurope\/","name":"Cap sur l'Europe - Rapport d'activit\u00e9 2021","isPartOf":{"@id":"https:\/\/kiosque.ecoledesponts.fr\/rapport-activite-2021\/#website"},"datePublished":"2022-07-28T16:05:36+00:00","dateModified":"2023-01-02T14:51:45+00:00","breadcrumb":{"@id":"https:\/\/kiosque.ecoledesponts.fr\/rapport-activite-2021\/former\/la-formation-dingenieur\/cap-sur-leurope\/#breadcrumb"},"inLanguage":"fr-FR","potentialAction":[{"@type":"ReadAction","target":["https:\/\/kiosque.ecoledesponts.fr\/rapport-activite-2021\/former\/la-formation-dingenieur\/cap-sur-leurope\/"]}]},{"@type":"BreadcrumbList","@id":"https:\/\/kiosque.ecoledesponts.fr\/rapport-activite-2021\/former\/la-formation-dingenieur\/cap-sur-leurope\/#breadcrumb","itemListElement":[{"@type":"ListItem","position":1,"name":"Accueil","item":"https:\/\/kiosque.ecoledesponts.fr\/rapport-activite-2021\/"},{"@type":"ListItem","position":2,"name":"Former","item":"https:\/\/kiosque.ecoledesponts.fr\/rapport-activite-2021\/former\/"},{"@type":"ListItem","position":3,"name":"La formation d&rsquo;ing\u00e9nieur","item":"https:\/\/kiosque.ecoledesponts.fr\/rapport-activite-2021\/former\/la-formation-dingenieur\/"},{"@type":"ListItem","position":4,"name":"Cap sur l&rsquo;Europe"}]},{"@type":"WebSite","@id":"https:\/\/kiosque.ecoledesponts.fr\/rapport-activite-2021\/#website","url":"https:\/\/kiosque.ecoledesponts.fr\/rapport-activite-2021\/","name":"Rapport d'activit\u00e9 2021","description":"Un site utilisant Les sites du kiosque des ponts","potentialAction":[{"@type":"SearchAction","target":{"@type":"EntryPoint","urlTemplate":"https:\/\/kiosque.ecoledesponts.fr\/rapport-activite-2021\/?s={search_term_string}"},"query-input":"required name=search_term_string"}],"inLanguage":"fr-FR"}]}},"builder_content":"","_links":{"self":[{"href":"https:\/\/kiosque.ecoledesponts.fr\/rapport-activite-2021\/wp-json\/wp\/v2\/pages\/433"}],"collection":[{"href":"https:\/\/kiosque.ecoledesponts.fr\/rapport-activite-2021\/wp-json\/wp\/v2\/pages"}],"about":[{"href":"https:\/\/kiosque.ecoledesponts.fr\/rapport-activite-2021\/wp-json\/wp\/v2\/types\/page"}],"author":[{"embeddable":true,"href":"https:\/\/kiosque.ecoledesponts.fr\/rapport-activite-2021\/wp-json\/wp\/v2\/users\/1"}],"replies":[{"embeddable":true,"href":"https:\/\/kiosque.ecoledesponts.fr\/rapport-activite-2021\/wp-json\/wp\/v2\/comments?post=433"}],"version-history":[{"count":12,"href":"https:\/\/kiosque.ecoledesponts.fr\/rapport-activite-2021\/wp-json\/wp\/v2\/pages\/433\/revisions"}],"predecessor-version":[{"id":4127,"href":"https:\/\/kiosque.ecoledesponts.fr\/rapport-activite-2021\/wp-json\/wp\/v2\/pages\/433\/revisions\/4127"}],"up":[{"embeddable":true,"href":"https:\/\/kiosque.ecoledesponts.fr\/rapport-activite-2021\/wp-json\/wp\/v2\/pages\/7"}],"wp:attachment":[{"href":"https:\/\/kiosque.ecoledesponts.fr\/rapport-activite-2021\/wp-json\/wp\/v2\/media?parent=433"}],"wp:term":[{"taxonomy":"post_tag","embeddable":true,"href":"https:\/\/kiosque.ecoledesponts.fr\/rapport-activite-2021\/wp-json\/wp\/v2\/tags?post=433"}],"curies":[{"name":"wp","href":"https:\/\/api.w.org\/{rel}","templated":true}]}}