{"id":443,"date":"2022-07-28T18:12:03","date_gmt":"2022-07-28T16:12:03","guid":{"rendered":"http:\/\/kiosque.ecoledesponts.fr\/rapport-activite-2021\/?page_id=443"},"modified":"2023-01-02T15:52:24","modified_gmt":"2023-01-02T14:52:24","slug":"la-mobilite-malgre-le-covid","status":"publish","type":"page","link":"https:\/\/kiosque.ecoledesponts.fr\/rapport-activite-2021\/former\/la-formation-dingenieur\/la-mobilite-malgre-le-covid\/","title":{"rendered":"La mobilit\u00e9 malgr\u00e9 le COVID"},"content":{"rendered":"<!-- wp:themify-builder\/canvas \/-->\n\n<figure id=\"attachment_451\" aria-describedby=\"caption-attachment-451\" style=\"width: 350px\" class=\"wp-caption alignleft\"><img decoding=\"async\" loading=\"lazy\" class=\"wp-image-451\" src=\"http:\/\/kiosque.ecoledesponts.fr\/rapport-activite-2021\/wp-content\/uploads\/sites\/3\/2022\/07\/bg_covid-225x300.jpg\" alt=\"LA MOBILITE MALGRE LE COVID\" width=\"350\" height=\"467\" srcset=\"https:\/\/kiosque.ecoledesponts.fr\/rapport-activite-2021\/wp-content\/uploads\/sites\/3\/2022\/07\/bg_covid-225x300.jpg 225w, https:\/\/kiosque.ecoledesponts.fr\/rapport-activite-2021\/wp-content\/uploads\/sites\/3\/2022\/07\/bg_covid.jpg 675w\" sizes=\"(max-width: 350px) 100vw, 350px\" \/><figcaption id=\"caption-attachment-451\" class=\"wp-caption-text\">S\u00e9jour d\u2019\u00e9l\u00e8ves pour EELISA<\/figcaption><\/figure>\n<h2>Des \u00e9changes maintenus<\/h2>\n<p>L\u2019\u00c9cole des Ponts ParisTech a r\u00e9ussi \u00e0 pr\u00e9server les mobilit\u00e9s \u00e9tudiantes dans le contexte de la pand\u00e9mie de Covid-19\u202f: 68 \u00e9l\u00e8ves ing\u00e9nieurs ont pu partir en 2021 gr\u00e2ce \u00e0 un fort recentrage sur l\u2019Europe\u202f; 80 \u00e9tudiants internationaux, issus de 16 pays essentiellement extra-communautaires, ont \u00e9t\u00e9 accueillis pour l\u2019ann\u00e9e acad\u00e9mique 2021-2022, dont 69 pour la formation au dipl\u00f4me.<\/p>\n<h2>Un accueil de tr\u00e8s grande qualit\u00e9<\/h2>\n<p>Apr\u00e8s le label Bienvenue en France d\u00e9cern\u00e9 en 2020, l\u2019\u00c9cole a obtenu pour la deuxi\u00e8me fois, donc pour quatre ann\u00e9es suppl\u00e9mentaires, le label Qualit\u00e9 Fran\u00e7ais langue \u00e9trang\u00e8re (FLE), avec les f\u00e9licitations du jury minist\u00e9riel. Elle s\u2019est vu attribuer la note maximale de 3 \u00e9toiles \u00e0 tous les crit\u00e8res \u2013 formation, enseignants, accueil, locaux et gestion \u2013 au terme d\u2019un large audit.<\/p>\n<h2>Une offre de cours en anglais<\/h2>\n<p>Depuis 2020, deux programmes de la formation d\u2019ing\u00e9nieur de l\u2019\u00c9cole (Sustainable and Green Finance et Applied Maths) sont enti\u00e8rement enseign\u00e9s en anglais, au semestre d\u2019automne. Les trois premiers \u00e9tudiants non francophones (un Japonais, un Italien et une Espagnole) ont \u00e9t\u00e9 accueillis \u00e0 la rentr\u00e9e 2021.<\/p>\n<h2>L\u2019accompagnement des \u00e9tudiants r\u00e9fugi\u00e9s<\/h2>\n<p>L\u2019\u00c9cole des Ponts ParisTech accueille des \u00e9tudiants r\u00e9fugi\u00e9s titulaires d\u2019un dipl\u00f4me de l\u2019enseignement sup\u00e9rieur obtenu dans leur pays dans des domaines scientifiques proches de ceux de l\u2019\u00c9cole. Ce programme d\u2019accompagnement global, g\u00e9r\u00e9 par la direction de l\u2019Enseignement avec l\u2019aide pr\u00e9cieuse des \u00e9l\u00e8ves de l\u2019association D\u00e9velop\u2019Ponts, b\u00e9n\u00e9ficie des soutiens financiers de l\u2019\u00c9cole, de la Fondation des Ponts et de l\u2019Agence universitaire de la francophonie, reconduits d\u2019ann\u00e9e en ann\u00e9e. Quinze \u00e9tudiants ont \u00e9t\u00e9 accueillis \u00e0 la rentr\u00e9e 2021, portant \u00e0 plus de 100 le nombre total d\u2019\u00e9l\u00e8ves r\u00e9fugi\u00e9s pass\u00e9s par l\u2019\u00c9cole. Le taux d\u2019insertion acad\u00e9mique ou professionnelle \u00e0 la suite de ce programme d\u00e9passe les 80\u2005%.<\/p>","protected":false},"excerpt":{"rendered":"<p>Des \u00e9changes maintenus L\u2019\u00c9cole des Ponts ParisTech a r\u00e9ussi \u00e0 pr\u00e9server les mobilit\u00e9s \u00e9tudiantes dans le contexte de la pand\u00e9mie de Covid-19\u202f: 68 \u00e9l\u00e8ves ing\u00e9nieurs ont pu partir en 2021 gr\u00e2ce \u00e0 un fort recentrage sur l\u2019Europe\u202f; 80 \u00e9tudiants internationaux, issus de 16 pays essentiellement extra-communautaires, ont \u00e9t\u00e9 accueillis pour l\u2019ann\u00e9e acad\u00e9mique 2021-2022, dont 69 [&hellip;]<\/p>\n","protected":false},"author":1,"featured_media":0,"parent":7,"menu_order":0,"comment_status":"closed","ping_status":"closed","template":"page_violet.php","meta":[],"tags":[31,57,35],"acf":[],"yoast_head":"<!-- This site is optimized with the Yoast SEO plugin v21.1 - https:\/\/yoast.com\/wordpress\/plugins\/seo\/ -->\n<title>La mobilit\u00e9 malgr\u00e9 le COVID - Rapport d&#039;activit\u00e9 2021<\/title>\n<meta name=\"robots\" content=\"index, follow, max-snippet:-1, max-image-preview:large, max-video-preview:-1\" \/>\n<link rel=\"canonical\" href=\"https:\/\/kiosque.ecoledesponts.fr\/rapport-activite-2021\/former\/la-formation-dingenieur\/la-mobilite-malgre-le-covid\/\" \/>\n<meta property=\"og:locale\" content=\"fr_FR\" \/>\n<meta property=\"og:type\" content=\"article\" \/>\n<meta property=\"og:title\" content=\"La mobilit\u00e9 malgr\u00e9 le COVID - Rapport d&#039;activit\u00e9 2021\" \/>\n<meta property=\"og:description\" content=\"Des \u00e9changes maintenus L\u2019\u00c9cole des Ponts ParisTech a r\u00e9ussi \u00e0 pr\u00e9server les mobilit\u00e9s \u00e9tudiantes dans le contexte de la pand\u00e9mie de Covid-19\u202f: 68 \u00e9l\u00e8ves ing\u00e9nieurs ont pu partir en 2021 gr\u00e2ce \u00e0 un fort recentrage sur l\u2019Europe\u202f; 80 \u00e9tudiants internationaux, issus de 16 pays essentiellement extra-communautaires, ont \u00e9t\u00e9 accueillis pour l\u2019ann\u00e9e acad\u00e9mique 2021-2022, dont 69 [&hellip;]\" \/>\n<meta property=\"og:url\" content=\"https:\/\/kiosque.ecoledesponts.fr\/rapport-activite-2021\/former\/la-formation-dingenieur\/la-mobilite-malgre-le-covid\/\" \/>\n<meta property=\"og:site_name\" content=\"Rapport d&#039;activit\u00e9 2021\" \/>\n<meta property=\"article:modified_time\" content=\"2023-01-02T14:52:24+00:00\" \/>\n<meta property=\"og:image\" content=\"http:\/\/kiosque.ecoledesponts.fr\/rapport-activite-2021\/wp-content\/uploads\/sites\/3\/2022\/07\/bg_covid-225x300.jpg\" \/>\n<meta name=\"twitter:card\" content=\"summary_large_image\" \/>\n<meta name=\"twitter:label1\" content=\"Dur\u00e9e de lecture estim\u00e9e\" \/>\n\t<meta name=\"twitter:data1\" content=\"2 minutes\" \/>\n<script type=\"application\/ld+json\" class=\"yoast-schema-graph\">{\"@context\":\"https:\/\/schema.org\",\"@graph\":[{\"@type\":\"WebPage\",\"@id\":\"https:\/\/kiosque.ecoledesponts.fr\/rapport-activite-2021\/former\/la-formation-dingenieur\/la-mobilite-malgre-le-covid\/\",\"url\":\"https:\/\/kiosque.ecoledesponts.fr\/rapport-activite-2021\/former\/la-formation-dingenieur\/la-mobilite-malgre-le-covid\/\",\"name\":\"La mobilit\u00e9 malgr\u00e9 le COVID - Rapport d'activit\u00e9 2021\",\"isPartOf\":{\"@id\":\"https:\/\/kiosque.ecoledesponts.fr\/rapport-activite-2021\/#website\"},\"datePublished\":\"2022-07-28T16:12:03+00:00\",\"dateModified\":\"2023-01-02T14:52:24+00:00\",\"breadcrumb\":{\"@id\":\"https:\/\/kiosque.ecoledesponts.fr\/rapport-activite-2021\/former\/la-formation-dingenieur\/la-mobilite-malgre-le-covid\/#breadcrumb\"},\"inLanguage\":\"fr-FR\",\"potentialAction\":[{\"@type\":\"ReadAction\",\"target\":[\"https:\/\/kiosque.ecoledesponts.fr\/rapport-activite-2021\/former\/la-formation-dingenieur\/la-mobilite-malgre-le-covid\/\"]}]},{\"@type\":\"BreadcrumbList\",\"@id\":\"https:\/\/kiosque.ecoledesponts.fr\/rapport-activite-2021\/former\/la-formation-dingenieur\/la-mobilite-malgre-le-covid\/#breadcrumb\",\"itemListElement\":[{\"@type\":\"ListItem\",\"position\":1,\"name\":\"Accueil\",\"item\":\"https:\/\/kiosque.ecoledesponts.fr\/rapport-activite-2021\/\"},{\"@type\":\"ListItem\",\"position\":2,\"name\":\"Former\",\"item\":\"https:\/\/kiosque.ecoledesponts.fr\/rapport-activite-2021\/former\/\"},{\"@type\":\"ListItem\",\"position\":3,\"name\":\"La formation d&rsquo;ing\u00e9nieur\",\"item\":\"https:\/\/kiosque.ecoledesponts.fr\/rapport-activite-2021\/former\/la-formation-dingenieur\/\"},{\"@type\":\"ListItem\",\"position\":4,\"name\":\"La mobilit\u00e9 malgr\u00e9 le COVID\"}]},{\"@type\":\"WebSite\",\"@id\":\"https:\/\/kiosque.ecoledesponts.fr\/rapport-activite-2021\/#website\",\"url\":\"https:\/\/kiosque.ecoledesponts.fr\/rapport-activite-2021\/\",\"name\":\"Rapport d'activit\u00e9 2021\",\"description\":\"Un site utilisant Les sites du kiosque des ponts\",\"potentialAction\":[{\"@type\":\"SearchAction\",\"target\":{\"@type\":\"EntryPoint\",\"urlTemplate\":\"https:\/\/kiosque.ecoledesponts.fr\/rapport-activite-2021\/?s={search_term_string}\"},\"query-input\":\"required name=search_term_string\"}],\"inLanguage\":\"fr-FR\"}]}<\/script>\n<!-- \/ Yoast SEO plugin. -->","yoast_head_json":{"title":"La mobilit\u00e9 malgr\u00e9 le COVID - Rapport d'activit\u00e9 2021","robots":{"index":"index","follow":"follow","max-snippet":"max-snippet:-1","max-image-preview":"max-image-preview:large","max-video-preview":"max-video-preview:-1"},"canonical":"https:\/\/kiosque.ecoledesponts.fr\/rapport-activite-2021\/former\/la-formation-dingenieur\/la-mobilite-malgre-le-covid\/","og_locale":"fr_FR","og_type":"article","og_title":"La mobilit\u00e9 malgr\u00e9 le COVID - Rapport d'activit\u00e9 2021","og_description":"Des \u00e9changes maintenus L\u2019\u00c9cole des Ponts ParisTech a r\u00e9ussi \u00e0 pr\u00e9server les mobilit\u00e9s \u00e9tudiantes dans le contexte de la pand\u00e9mie de Covid-19\u202f: 68 \u00e9l\u00e8ves ing\u00e9nieurs ont pu partir en 2021 gr\u00e2ce \u00e0 un fort recentrage sur l\u2019Europe\u202f; 80 \u00e9tudiants internationaux, issus de 16 pays essentiellement extra-communautaires, ont \u00e9t\u00e9 accueillis pour l\u2019ann\u00e9e acad\u00e9mique 2021-2022, dont 69 [&hellip;]","og_url":"https:\/\/kiosque.ecoledesponts.fr\/rapport-activite-2021\/former\/la-formation-dingenieur\/la-mobilite-malgre-le-covid\/","og_site_name":"Rapport d'activit\u00e9 2021","article_modified_time":"2023-01-02T14:52:24+00:00","og_image":[{"url":"http:\/\/kiosque.ecoledesponts.fr\/rapport-activite-2021\/wp-content\/uploads\/sites\/3\/2022\/07\/bg_covid-225x300.jpg"}],"twitter_card":"summary_large_image","twitter_misc":{"Dur\u00e9e de lecture estim\u00e9e":"2 minutes"},"schema":{"@context":"https:\/\/schema.org","@graph":[{"@type":"WebPage","@id":"https:\/\/kiosque.ecoledesponts.fr\/rapport-activite-2021\/former\/la-formation-dingenieur\/la-mobilite-malgre-le-covid\/","url":"https:\/\/kiosque.ecoledesponts.fr\/rapport-activite-2021\/former\/la-formation-dingenieur\/la-mobilite-malgre-le-covid\/","name":"La mobilit\u00e9 malgr\u00e9 le COVID - Rapport d'activit\u00e9 2021","isPartOf":{"@id":"https:\/\/kiosque.ecoledesponts.fr\/rapport-activite-2021\/#website"},"datePublished":"2022-07-28T16:12:03+00:00","dateModified":"2023-01-02T14:52:24+00:00","breadcrumb":{"@id":"https:\/\/kiosque.ecoledesponts.fr\/rapport-activite-2021\/former\/la-formation-dingenieur\/la-mobilite-malgre-le-covid\/#breadcrumb"},"inLanguage":"fr-FR","potentialAction":[{"@type":"ReadAction","target":["https:\/\/kiosque.ecoledesponts.fr\/rapport-activite-2021\/former\/la-formation-dingenieur\/la-mobilite-malgre-le-covid\/"]}]},{"@type":"BreadcrumbList","@id":"https:\/\/kiosque.ecoledesponts.fr\/rapport-activite-2021\/former\/la-formation-dingenieur\/la-mobilite-malgre-le-covid\/#breadcrumb","itemListElement":[{"@type":"ListItem","position":1,"name":"Accueil","item":"https:\/\/kiosque.ecoledesponts.fr\/rapport-activite-2021\/"},{"@type":"ListItem","position":2,"name":"Former","item":"https:\/\/kiosque.ecoledesponts.fr\/rapport-activite-2021\/former\/"},{"@type":"ListItem","position":3,"name":"La formation d&rsquo;ing\u00e9nieur","item":"https:\/\/kiosque.ecoledesponts.fr\/rapport-activite-2021\/former\/la-formation-dingenieur\/"},{"@type":"ListItem","position":4,"name":"La mobilit\u00e9 malgr\u00e9 le COVID"}]},{"@type":"WebSite","@id":"https:\/\/kiosque.ecoledesponts.fr\/rapport-activite-2021\/#website","url":"https:\/\/kiosque.ecoledesponts.fr\/rapport-activite-2021\/","name":"Rapport d'activit\u00e9 2021","description":"Un site utilisant Les sites du kiosque des ponts","potentialAction":[{"@type":"SearchAction","target":{"@type":"EntryPoint","urlTemplate":"https:\/\/kiosque.ecoledesponts.fr\/rapport-activite-2021\/?s={search_term_string}"},"query-input":"required name=search_term_string"}],"inLanguage":"fr-FR"}]}},"builder_content":"","_links":{"self":[{"href":"https:\/\/kiosque.ecoledesponts.fr\/rapport-activite-2021\/wp-json\/wp\/v2\/pages\/443"}],"collection":[{"href":"https:\/\/kiosque.ecoledesponts.fr\/rapport-activite-2021\/wp-json\/wp\/v2\/pages"}],"about":[{"href":"https:\/\/kiosque.ecoledesponts.fr\/rapport-activite-2021\/wp-json\/wp\/v2\/types\/page"}],"author":[{"embeddable":true,"href":"https:\/\/kiosque.ecoledesponts.fr\/rapport-activite-2021\/wp-json\/wp\/v2\/users\/1"}],"replies":[{"embeddable":true,"href":"https:\/\/kiosque.ecoledesponts.fr\/rapport-activite-2021\/wp-json\/wp\/v2\/comments?post=443"}],"version-history":[{"count":7,"href":"https:\/\/kiosque.ecoledesponts.fr\/rapport-activite-2021\/wp-json\/wp\/v2\/pages\/443\/revisions"}],"predecessor-version":[{"id":4131,"href":"https:\/\/kiosque.ecoledesponts.fr\/rapport-activite-2021\/wp-json\/wp\/v2\/pages\/443\/revisions\/4131"}],"up":[{"embeddable":true,"href":"https:\/\/kiosque.ecoledesponts.fr\/rapport-activite-2021\/wp-json\/wp\/v2\/pages\/7"}],"wp:attachment":[{"href":"https:\/\/kiosque.ecoledesponts.fr\/rapport-activite-2021\/wp-json\/wp\/v2\/media?parent=443"}],"wp:term":[{"taxonomy":"post_tag","embeddable":true,"href":"https:\/\/kiosque.ecoledesponts.fr\/rapport-activite-2021\/wp-json\/wp\/v2\/tags?post=443"}],"curies":[{"name":"wp","href":"https:\/\/api.w.org\/{rel}","templated":true}]}}