{"id":51,"date":"2022-04-17T10:43:42","date_gmt":"2022-04-17T08:43:42","guid":{"rendered":"http:\/\/kiosque.ecoledesponts.fr\/rapport-activite-2021\/?page_id=51"},"modified":"2022-09-14T16:28:46","modified_gmt":"2022-09-14T14:28:46","slug":"partager-la-culture-scientifique","status":"publish","type":"page","link":"https:\/\/kiosque.ecoledesponts.fr\/rapport-activite-2021\/partager-la-culture-scientifique\/","title":{"rendered":"Partager la culture scientifique et communiquer"},"content":{"rendered":"<!--themify_builder_content-->\n<div id=\"themify_builder_content-51\" data-postid=\"51\" class=\"themify_builder_content themify_builder_content-51 themify_builder tf_clear\">\n                    <div  data-lazy=\"1\" class=\"module_row themify_builder_row tb_sjoy4 tb_first tf_w\">\n                        <div class=\"row_inner col_align_top tb_col_count_1 tf_box tf_rel\">\n                        <div  data-lazy=\"1\" class=\"module_column tb-column col-full tb_zddw6 first\">\n                    \n\n<!-- module tile -->\n<div  id=\"tb_sh2y83\" class=\"module module-tile tb_sh2y83 size-square-large flip-horizontal no-flip tuile_image titre_off tuile_25 titre_top tile-type-front-text  tf_mw tf_opacity wow\" data-tf-animation=\"fadeInRight\" data-lazy=\"1\" data-auto-flip=\"0\" data-in-effect=\"flip-horizontal\" >\n\t\t\t<div class=\"tile-flip-box-wrap tf_abs tf_box tf_overflow tf_w tf_h\">\n\t\t\n\t\t\t\t\t<style>\n\t\t\t\t.module.tb_sh2y83 .tile-front{background-image:url(\"http:\/\/kiosque.ecoledesponts.fr\/rapport-activite-2021\/wp-content\/uploads\/sites\/3\/2022\/08\/ac_partager.jpg\")}\t\t\t<\/style>\n\t\t\t\t\n\t\t\t\t\t<div class=\"tile-front tile-type-text ui tb_default_color tf_box tf_w tf_h tf_overflow tf_rel tf_scrollbar\">\n\t\t\t\t<div class=\"tile-inner tf_box\">\n\t\t\t\t\t\t\t\t\t\t\t\t\t\t\t\t\t\t<h4 class=\"tile-title\">Partager la culture scientifique<\/h4>\n\t\t\t\t\t\t\n\t\t\t\t\t\t<div class=\"tile-content\">\n\t\t\t\t\t\t\t<h1>Partager la culture scientifique et communiquer<\/h1>\t\t\t\t\t\t<\/div>\n\t\t\t\t\t\n\t\t\t\t\t\t\t\t\t\t\t\t\t\t\t\t<a href=\"#\" class=\"tile-flip-back-button tf_hide\"><\/a>\n\t\t\t\t\t\t\t\t\t<\/div>\n\t\t\t<\/div><!-- .tile-front -->\n\n\t\t\t\t\t<div class=\"tile-back tile-type-text ui tb_default_color tf_box tf_w tf_h tf_overflow tf_abs tf_hidden tf_scrollbar\">\n\t\t\t\t<div class=\"tile-inner tf_box\">\n\t\t\t\t\t\t\t\t\t\t\t\n\t\t\t\t\t\t<div class=\"tile-content\">\n\t\t\t\t\t\t\t\t\t\t\t\t\t<\/div>\n\t\t\t\t\t\n\t\t\t\t\t\t\t\t\t\t\t\t\t\t\t\t<a href=\"#\" class=\"tile-flip-back-button tf_hide\"><\/a>\n\t\t\t\t\t\t\t\t\t<\/div>\n\t\t\t<\/div><!-- .tile-back -->\n\n\t\t\t<\/div>\n\n\t<\/div><!-- \/module tile -->\n\n<!-- module tile -->\n<div  id=\"tb_ssfi117\" class=\"module module-tile tb_ssfi117 size-square-small flip-horizontal has-flip bloc_btn tuile_bleu titre_off tuile_25 tile-type-front-text  tf_mw tf_opacity wow\" data-tf-animation=\"fadeInUp\" data-lazy=\"1\" data-auto-flip=\"0\" data-in-effect=\"flip-horizontal\" >\n\t\t\t<div class=\"tile-flip-box-wrap tf_abs tf_box tf_overflow tf_w tf_h\">\n\t\t\n\t\t\t\t\n\t\t\t\t\t<div class=\"tile-front tile-type-text ui tb_default_color tf_box tf_w tf_h tf_overflow tf_rel tf_scrollbar\">\n\t\t\t\t<div class=\"tile-inner tf_box\">\n\t\t\t\t\t\t\t\t\t\t\t\t\t\t\t\t\t\t<h4 class=\"tile-title\">Communiquer<\/h4>\n\t\t\t\t\t\t\n\t\t\t\t\t\t<div class=\"tile-content\">\n\t\t\t\t\t\t\t<h3>Communiquer<\/h3>\n<p>L\u2019\u00c9cole des Ponts ParisTech d\u00e9ploie une communication qui contribue \u00e0 sa notori\u00e9t\u00e9 et \u00e0 son rayonnement. Elle s\u2019attache \u00e0 promouvoir l\u2019ensemble de ses activit\u00e9s et \u00e9v\u00e9nements et \u00e0 valoriser son image de marque.<\/p>\t\t\t\t\t\t<\/div>\n\t\t\t\t\t\n\t\t\t\t\t\t\t\t\t\t\t<a href=\"\/rapport-activite-2021\/partager-la-culture-scientifique\/communiquer\/\" class=\"action-button\"><span><\/span><\/a>\n\t\t\t\t\t\t\t\t\t\t\t\t\t\t\t\t<a href=\"#\" class=\"tile-flip-back-button tf_hide\"><\/a>\n\t\t\t\t\t\t\t\t\t<\/div>\n\t\t\t<\/div><!-- .tile-front -->\n\n\t\t\t\t\t<div class=\"tile-back tile-type-text ui tb_default_color tf_box tf_w tf_h tf_overflow tf_abs tf_hidden tf_scrollbar\">\n\t\t\t\t<div class=\"tile-inner tf_box\">\n\t\t\t\t\t\t\t\t\t\t\t\t\t\t\t\t\t\t<h4 class=\"tile-title\">Communiquer<\/h4>\n\t\t\t\t\t\t\n\t\t\t\t\t\t<div class=\"tile-content\">\n\t\t\t\t\t\t\t<h3>Communiquer<\/h3>\n<p>L\u2019\u00c9cole des Ponts ParisTech d\u00e9ploie une communication qui contribue \u00e0 sa notori\u00e9t\u00e9 et \u00e0 son rayonnement. Elle s\u2019attache \u00e0 promouvoir l\u2019ensemble de ses activit\u00e9s et \u00e9v\u00e9nements et \u00e0 valoriser son image de marque.<\/p>\t\t\t\t\t\t<\/div>\n\t\t\t\t\t\n\t\t\t\t\t\t\t\t\t\t\t<a href=\"\/rapport-activite-2021\/partager-la-culture-scientifique\/communiquer\/\" class=\"action-button\"><span><\/span><\/a>\n\t\t\t\t\t\t\t\t\t\t\t\t\t\t\t\t<a href=\"#\" class=\"tile-flip-back-button tf_hide\"><\/a>\n\t\t\t\t\t\t\t\t\t<\/div>\n\t\t\t<\/div><!-- .tile-back -->\n\n\t\t\t<\/div>\n\n\t<\/div><!-- \/module tile -->\n\n<!-- module tile -->\n<div  id=\"tb_i4ib70\" class=\"module module-tile tb_i4ib70 size-square-small flip-horizontal has-flip bloc_btn tuile_orange titre_off tuile_25 tile-type-front-text  tf_mw tf_opacity wow\" data-tf-animation=\"fadeInDown\" data-lazy=\"1\" data-auto-flip=\"0\" data-in-effect=\"flip-horizontal\" >\n\t\t\t<div class=\"tile-flip-box-wrap tf_abs tf_box tf_overflow tf_w tf_h\">\n\t\t\n\t\t\t\t\n\t\t\t\t\t<div class=\"tile-front tile-type-text ui tb_default_color tf_box tf_w tf_h tf_overflow tf_rel tf_scrollbar\">\n\t\t\t\t<div class=\"tile-inner tf_box\">\n\t\t\t\t\t\t\t\t\t\t\t\t\t\t\t\t\t\t<h4 class=\"tile-title\">Diffuser les connaissances<\/h4>\n\t\t\t\t\t\t\n\t\t\t\t\t\t<div class=\"tile-content\">\n\t\t\t\t\t\t\t<h3>Diffuser les connaissances<\/h3>\n<p>Mission centrale de l\u2019\u00c9cole des Ponts ParisTech, la diffusion des connaissances se situe au carrefour de l\u2019enseignement et de la recherche.<\/p>\t\t\t\t\t\t<\/div>\n\t\t\t\t\t\n\t\t\t\t\t\t\t\t\t\t\t<a href=\"\/rapport-activite-2021\/partager-la-culture-scientifique\/diffuser-les-connaissances\/\" class=\"action-button\"><span><\/span><\/a>\n\t\t\t\t\t\t\t\t\t\t\t\t\t\t\t\t<a href=\"#\" class=\"tile-flip-back-button tf_hide\"><\/a>\n\t\t\t\t\t\t\t\t\t<\/div>\n\t\t\t<\/div><!-- .tile-front -->\n\n\t\t\t\t\t<div class=\"tile-back tile-type-text ui tb_default_color tf_box tf_w tf_h tf_overflow tf_abs tf_hidden tf_scrollbar\">\n\t\t\t\t<div class=\"tile-inner tf_box\">\n\t\t\t\t\t\t\t\t\t\t\t\t\t\t\t\t\t\t<h4 class=\"tile-title\">Diffuser les connaissances<\/h4>\n\t\t\t\t\t\t\n\t\t\t\t\t\t<div class=\"tile-content\">\n\t\t\t\t\t\t\t<h3>Diffuser les connaissances<\/h3>\n<p>Mission centrale de l\u2019\u00c9cole des Ponts ParisTech, la diffusion des connaissances se situe au carrefour de l\u2019enseignement et de la recherche.<\/p>\t\t\t\t\t\t<\/div>\n\t\t\t\t\t\n\t\t\t\t\t\t\t\t\t\t\t<a href=\"\/rapport-activite-2021\/partager-la-culture-scientifique\/diffuser-les-connaissances\/\" class=\"action-button\"><span><\/span><\/a>\n\t\t\t\t\t\t\t\t\t\t\t\t\t\t\t\t<a href=\"#\" class=\"tile-flip-back-button tf_hide\"><\/a>\n\t\t\t\t\t\t\t\t\t<\/div>\n\t\t\t<\/div><!-- .tile-back -->\n\n\t\t\t<\/div>\n\n\t<\/div><!-- \/module tile -->\n\n<!-- module tile -->\n<div  id=\"tb_wo9i901\" class=\"module module-tile tb_wo9i901 size-square-small flip-horizontal has-flip bloc_btn tuile_or titre_off tuile_25 tile-type-front-text  tf_mw tf_opacity wow\" data-tf-animation=\"fadeInLeft\" data-lazy=\"1\" data-auto-flip=\"0\" data-in-effect=\"flip-horizontal\" >\n\t\t\t<div class=\"tile-flip-box-wrap tf_abs tf_box tf_overflow tf_w tf_h\">\n\t\t\n\t\t\t\t\n\t\t\t\t\t<div class=\"tile-front tile-type-text ui tb_default_color tf_box tf_w tf_h tf_overflow tf_rel tf_scrollbar\">\n\t\t\t\t<div class=\"tile-inner tf_box\">\n\t\t\t\t\t\t\t\t\t\t\t\t\t\t\t\t\t\t<h4 class=\"tile-title\">Partager la science, des publications aux donn\u00e9es<\/h4>\n\t\t\t\t\t\t\n\t\t\t\t\t\t<div class=\"tile-content\">\n\t\t\t\t\t\t\t<h3>Partager la science, des publications aux donn\u00e9es<\/h3>\n<p>Contribuant \u00e0 l\u2019atteinte des objectifs d\u00e9finis au plan national, l\u2019\u00c9cole des Ponts ParisTech poursuit son action en faveur de la science ouverte.<\/p>\t\t\t\t\t\t<\/div>\n\t\t\t\t\t\n\t\t\t\t\t\t\t\t\t\t\t<a href=\"\/rapport-activite-2021\/partager-la-culture-scientifique\/partager-la-science\/\" class=\"action-button\"><span><\/span><\/a>\n\t\t\t\t\t\t\t\t\t\t\t\t\t\t\t\t<a href=\"#\" class=\"tile-flip-back-button tf_hide\"><\/a>\n\t\t\t\t\t\t\t\t\t<\/div>\n\t\t\t<\/div><!-- .tile-front -->\n\n\t\t\t\t\t<div class=\"tile-back tile-type-text ui tb_default_color tf_box tf_w tf_h tf_overflow tf_abs tf_hidden tf_scrollbar\">\n\t\t\t\t<div class=\"tile-inner tf_box\">\n\t\t\t\t\t\t\t\t\t\t\t\t\t\t\t\t\t\t<h4 class=\"tile-title\">Partager la science, des publications aux donn\u00e9es<\/h4>\n\t\t\t\t\t\t\n\t\t\t\t\t\t<div class=\"tile-content\">\n\t\t\t\t\t\t\t<h3>Partager la science, des publications aux donn\u00e9es<\/h3>\n<p>Contribuant \u00e0 l\u2019atteinte des objectifs d\u00e9finis au plan national, l\u2019\u00c9cole des Ponts ParisTech poursuit son action en faveur de la science ouverte.<\/p>\t\t\t\t\t\t<\/div>\n\t\t\t\t\t\n\t\t\t\t\t\t\t\t\t\t\t<a href=\"\/rapport-activite-2021\/partager-la-culture-scientifique\/partager-la-science\/\" class=\"action-button\"><span><\/span><\/a>\n\t\t\t\t\t\t\t\t\t\t\t\t\t\t\t\t<a href=\"#\" class=\"tile-flip-back-button tf_hide\"><\/a>\n\t\t\t\t\t\t\t\t\t<\/div>\n\t\t\t<\/div><!-- .tile-back -->\n\n\t\t\t<\/div>\n\n\t<\/div><!-- \/module tile -->\n\n<!-- module tile -->\n<div  id=\"tb_fhuh240\" class=\"module module-tile tb_fhuh240 size-square-small flip-horizontal has-flip bloc_btn tuile_bleu_ciel titre_off tuile_25 tile-type-front-text  tf_mw tf_opacity wow\" data-tf-animation=\"fadeInRight\" data-lazy=\"1\" data-auto-flip=\"0\" data-in-effect=\"flip-horizontal\" >\n\t\t\t<div class=\"tile-flip-box-wrap tf_abs tf_box tf_overflow tf_w tf_h\">\n\t\t\n\t\t\t\t\n\t\t\t\t\t<div class=\"tile-front tile-type-text ui tb_default_color tf_box tf_w tf_h tf_overflow tf_rel tf_scrollbar\">\n\t\t\t\t<div class=\"tile-inner tf_box\">\n\t\t\t\t\t\t\t\t\t\t\t\t\t\t\t\t\t\t<h4 class=\"tile-title\">Valoriser le patrimoine<\/h4>\n\t\t\t\t\t\t\n\t\t\t\t\t\t<div class=\"tile-content\">\n\t\t\t\t\t\t\t<h3>Valoriser le patrimoine<\/h3>\n<p>L\u2019\u00c9cole des Ponts ParisTech m\u00e8ne une politique volontariste de num\u00e9risation et de publication sur le Web de ses collections patrimoniales, \u00e0 des fins de sauvegarde et de diffusion aupr\u00e8s d\u2019un plus large public.<\/p>\t\t\t\t\t\t<\/div>\n\t\t\t\t\t\n\t\t\t\t\t\t\t\t\t\t\t<a href=\"\/rapport-activite-2021\/partager-la-culture-scientifique\/valoriser-le-patrimoine\/\" class=\"action-button\"><span><\/span><\/a>\n\t\t\t\t\t\t\t\t\t\t\t\t\t\t\t\t<a href=\"#\" class=\"tile-flip-back-button tf_hide\"><\/a>\n\t\t\t\t\t\t\t\t\t<\/div>\n\t\t\t<\/div><!-- .tile-front -->\n\n\t\t\t\t\t<div class=\"tile-back tile-type-text ui tb_default_color tf_box tf_w tf_h tf_overflow tf_abs tf_hidden tf_scrollbar\">\n\t\t\t\t<div class=\"tile-inner tf_box\">\n\t\t\t\t\t\t\t\t\t\t\t\t\t\t\t\t\t\t<h4 class=\"tile-title\">Valoriser le patrimoine<\/h4>\n\t\t\t\t\t\t\n\t\t\t\t\t\t<div class=\"tile-content\">\n\t\t\t\t\t\t\t<h3>Valoriser le patrimoine<\/h3>\n<p>L\u2019\u00c9cole des Ponts ParisTech m\u00e8ne une politique volontariste de num\u00e9risation et de publication sur le Web de ses collections patrimoniales, \u00e0 des fins de sauvegarde et de diffusion aupr\u00e8s d\u2019un plus large public.<\/p>\t\t\t\t\t\t<\/div>\n\t\t\t\t\t\n\t\t\t\t\t\t\t\t\t\t\t<a href=\"\/rapport-activite-2021\/partager-la-culture-scientifique\/valoriser-le-patrimoine\/\" class=\"action-button\"><span><\/span><\/a>\n\t\t\t\t\t\t\t\t\t\t\t\t\t\t\t\t<a href=\"#\" class=\"tile-flip-back-button tf_hide\"><\/a>\n\t\t\t\t\t\t\t\t\t<\/div>\n\t\t\t<\/div><!-- .tile-back -->\n\n\t\t\t<\/div>\n\n\t<\/div><!-- \/module tile -->        <\/div>\n                        <\/div>\n        <\/div>\n        <\/div>\n<!--\/themify_builder_content-->","protected":false},"excerpt":{"rendered":"<p>Partager la culture scientifique Partager la culture scientifique et communiquer Communiquer Communiquer L\u2019\u00c9cole des Ponts ParisTech d\u00e9ploie une communication qui contribue \u00e0 sa notori\u00e9t\u00e9 et \u00e0 son rayonnement. Elle s\u2019attache \u00e0 promouvoir l\u2019ensemble de ses activit\u00e9s et \u00e9v\u00e9nements et \u00e0 valoriser son image de marque. Communiquer Communiquer L\u2019\u00c9cole des Ponts ParisTech d\u00e9ploie une communication qui [&hellip;]<\/p>\n","protected":false},"author":1,"featured_media":0,"parent":0,"menu_order":0,"comment_status":"closed","ping_status":"closed","template":"","meta":[],"tags":[],"acf":[],"yoast_head":"<!-- This site is optimized with the Yoast SEO plugin v21.1 - https:\/\/yoast.com\/wordpress\/plugins\/seo\/ -->\n<title>Partager la culture scientifique et communiquer - Rapport d&#039;activit\u00e9 2021<\/title>\n<meta name=\"robots\" content=\"index, follow, max-snippet:-1, max-image-preview:large, max-video-preview:-1\" \/>\n<link rel=\"canonical\" href=\"https:\/\/kiosque.ecoledesponts.fr\/rapport-activite-2021\/partager-la-culture-scientifique\/\" \/>\n<meta property=\"og:locale\" content=\"fr_FR\" \/>\n<meta property=\"og:type\" content=\"article\" \/>\n<meta property=\"og:title\" content=\"Partager la culture scientifique et communiquer - Rapport d&#039;activit\u00e9 2021\" \/>\n<meta property=\"og:description\" content=\"Partager la culture scientifique Partager la culture scientifique et communiquer Communiquer Communiquer L\u2019\u00c9cole des Ponts ParisTech d\u00e9ploie une communication qui contribue \u00e0 sa notori\u00e9t\u00e9 et \u00e0 son rayonnement. Elle s\u2019attache \u00e0 promouvoir l\u2019ensemble de ses activit\u00e9s et \u00e9v\u00e9nements et \u00e0 valoriser son image de marque. Communiquer Communiquer L\u2019\u00c9cole des Ponts ParisTech d\u00e9ploie une communication qui [&hellip;]\" \/>\n<meta property=\"og:url\" content=\"https:\/\/kiosque.ecoledesponts.fr\/rapport-activite-2021\/partager-la-culture-scientifique\/\" \/>\n<meta property=\"og:site_name\" content=\"Rapport d&#039;activit\u00e9 2021\" \/>\n<meta property=\"article:modified_time\" content=\"2022-09-14T14:28:46+00:00\" \/>\n<meta name=\"twitter:card\" content=\"summary_large_image\" \/>\n<meta name=\"twitter:label1\" content=\"Dur\u00e9e de lecture estim\u00e9e\" \/>\n\t<meta name=\"twitter:data1\" content=\"2 minutes\" \/>\n<script type=\"application\/ld+json\" class=\"yoast-schema-graph\">{\"@context\":\"https:\/\/schema.org\",\"@graph\":[{\"@type\":\"WebPage\",\"@id\":\"https:\/\/kiosque.ecoledesponts.fr\/rapport-activite-2021\/partager-la-culture-scientifique\/\",\"url\":\"https:\/\/kiosque.ecoledesponts.fr\/rapport-activite-2021\/partager-la-culture-scientifique\/\",\"name\":\"Partager la culture scientifique et communiquer - Rapport d'activit\u00e9 2021\",\"isPartOf\":{\"@id\":\"https:\/\/kiosque.ecoledesponts.fr\/rapport-activite-2021\/#website\"},\"datePublished\":\"2022-04-17T08:43:42+00:00\",\"dateModified\":\"2022-09-14T14:28:46+00:00\",\"breadcrumb\":{\"@id\":\"https:\/\/kiosque.ecoledesponts.fr\/rapport-activite-2021\/partager-la-culture-scientifique\/#breadcrumb\"},\"inLanguage\":\"fr-FR\",\"potentialAction\":[{\"@type\":\"ReadAction\",\"target\":[\"https:\/\/kiosque.ecoledesponts.fr\/rapport-activite-2021\/partager-la-culture-scientifique\/\"]}]},{\"@type\":\"BreadcrumbList\",\"@id\":\"https:\/\/kiosque.ecoledesponts.fr\/rapport-activite-2021\/partager-la-culture-scientifique\/#breadcrumb\",\"itemListElement\":[{\"@type\":\"ListItem\",\"position\":1,\"name\":\"Accueil\",\"item\":\"https:\/\/kiosque.ecoledesponts.fr\/rapport-activite-2021\/\"},{\"@type\":\"ListItem\",\"position\":2,\"name\":\"Partager la culture scientifique et communiquer\"}]},{\"@type\":\"WebSite\",\"@id\":\"https:\/\/kiosque.ecoledesponts.fr\/rapport-activite-2021\/#website\",\"url\":\"https:\/\/kiosque.ecoledesponts.fr\/rapport-activite-2021\/\",\"name\":\"Rapport d'activit\u00e9 2021\",\"description\":\"Un site utilisant Les sites du kiosque des ponts\",\"potentialAction\":[{\"@type\":\"SearchAction\",\"target\":{\"@type\":\"EntryPoint\",\"urlTemplate\":\"https:\/\/kiosque.ecoledesponts.fr\/rapport-activite-2021\/?s={search_term_string}\"},\"query-input\":\"required name=search_term_string\"}],\"inLanguage\":\"fr-FR\"}]}<\/script>\n<!-- \/ Yoast SEO plugin. -->","yoast_head_json":{"title":"Partager la culture scientifique et communiquer - Rapport d'activit\u00e9 2021","robots":{"index":"index","follow":"follow","max-snippet":"max-snippet:-1","max-image-preview":"max-image-preview:large","max-video-preview":"max-video-preview:-1"},"canonical":"https:\/\/kiosque.ecoledesponts.fr\/rapport-activite-2021\/partager-la-culture-scientifique\/","og_locale":"fr_FR","og_type":"article","og_title":"Partager la culture scientifique et communiquer - Rapport d'activit\u00e9 2021","og_description":"Partager la culture scientifique Partager la culture scientifique et communiquer Communiquer Communiquer L\u2019\u00c9cole des Ponts ParisTech d\u00e9ploie une communication qui contribue \u00e0 sa notori\u00e9t\u00e9 et \u00e0 son rayonnement. Elle s\u2019attache \u00e0 promouvoir l\u2019ensemble de ses activit\u00e9s et \u00e9v\u00e9nements et \u00e0 valoriser son image de marque. Communiquer Communiquer L\u2019\u00c9cole des Ponts ParisTech d\u00e9ploie une communication qui [&hellip;]","og_url":"https:\/\/kiosque.ecoledesponts.fr\/rapport-activite-2021\/partager-la-culture-scientifique\/","og_site_name":"Rapport d'activit\u00e9 2021","article_modified_time":"2022-09-14T14:28:46+00:00","twitter_card":"summary_large_image","twitter_misc":{"Dur\u00e9e de lecture estim\u00e9e":"2 minutes"},"schema":{"@context":"https:\/\/schema.org","@graph":[{"@type":"WebPage","@id":"https:\/\/kiosque.ecoledesponts.fr\/rapport-activite-2021\/partager-la-culture-scientifique\/","url":"https:\/\/kiosque.ecoledesponts.fr\/rapport-activite-2021\/partager-la-culture-scientifique\/","name":"Partager la culture scientifique et communiquer - Rapport d'activit\u00e9 2021","isPartOf":{"@id":"https:\/\/kiosque.ecoledesponts.fr\/rapport-activite-2021\/#website"},"datePublished":"2022-04-17T08:43:42+00:00","dateModified":"2022-09-14T14:28:46+00:00","breadcrumb":{"@id":"https:\/\/kiosque.ecoledesponts.fr\/rapport-activite-2021\/partager-la-culture-scientifique\/#breadcrumb"},"inLanguage":"fr-FR","potentialAction":[{"@type":"ReadAction","target":["https:\/\/kiosque.ecoledesponts.fr\/rapport-activite-2021\/partager-la-culture-scientifique\/"]}]},{"@type":"BreadcrumbList","@id":"https:\/\/kiosque.ecoledesponts.fr\/rapport-activite-2021\/partager-la-culture-scientifique\/#breadcrumb","itemListElement":[{"@type":"ListItem","position":1,"name":"Accueil","item":"https:\/\/kiosque.ecoledesponts.fr\/rapport-activite-2021\/"},{"@type":"ListItem","position":2,"name":"Partager la culture scientifique et communiquer"}]},{"@type":"WebSite","@id":"https:\/\/kiosque.ecoledesponts.fr\/rapport-activite-2021\/#website","url":"https:\/\/kiosque.ecoledesponts.fr\/rapport-activite-2021\/","name":"Rapport d'activit\u00e9 2021","description":"Un site utilisant Les sites du kiosque des ponts","potentialAction":[{"@type":"SearchAction","target":{"@type":"EntryPoint","urlTemplate":"https:\/\/kiosque.ecoledesponts.fr\/rapport-activite-2021\/?s={search_term_string}"},"query-input":"required name=search_term_string"}],"inLanguage":"fr-FR"}]}},"builder_content":"<h4>Partager la culture scientifique<\/h4> <h1>Partager la culture scientifique et communiquer<\/h1> <a href=\"#\"><\/a> \n <a href=\"#\"><\/a>\n<h4>Communiquer<\/h4> <h3>Communiquer<\/h3> <p>L\u2019\u00c9cole des Ponts ParisTech d\u00e9ploie une communication qui contribue \u00e0 sa notori\u00e9t\u00e9 et \u00e0 son rayonnement. Elle s\u2019attache \u00e0 promouvoir l\u2019ensemble de ses activit\u00e9s et \u00e9v\u00e9nements et \u00e0 valoriser son image de marque.<\/p> <a href=\"\/rapport-activite-2021\/partager-la-culture-scientifique\/communiquer\/\"><\/a> <a href=\"#\"><\/a> \n <h4>Communiquer<\/h4> <h3>Communiquer<\/h3> <p>L\u2019\u00c9cole des Ponts ParisTech d\u00e9ploie une communication qui contribue \u00e0 sa notori\u00e9t\u00e9 et \u00e0 son rayonnement. Elle s\u2019attache \u00e0 promouvoir l\u2019ensemble de ses activit\u00e9s et \u00e9v\u00e9nements et \u00e0 valoriser son image de marque.<\/p> <a href=\"\/rapport-activite-2021\/partager-la-culture-scientifique\/communiquer\/\"><\/a> <a href=\"#\"><\/a>\n<h4>Diffuser les connaissances<\/h4> <h3>Diffuser les connaissances<\/h3> <p>Mission centrale de l\u2019\u00c9cole des Ponts ParisTech, la diffusion des connaissances se situe au carrefour de l\u2019enseignement et de la recherche.<\/p> <a href=\"\/rapport-activite-2021\/partager-la-culture-scientifique\/diffuser-les-connaissances\/\"><\/a> <a href=\"#\"><\/a> \n <h4>Diffuser les connaissances<\/h4> <h3>Diffuser les connaissances<\/h3> <p>Mission centrale de l\u2019\u00c9cole des Ponts ParisTech, la diffusion des connaissances se situe au carrefour de l\u2019enseignement et de la recherche.<\/p> <a href=\"\/rapport-activite-2021\/partager-la-culture-scientifique\/diffuser-les-connaissances\/\"><\/a> <a href=\"#\"><\/a>\n<h4>Partager la science, des publications aux donn\u00e9es<\/h4> <h3>Partager la science, des publications aux donn\u00e9es<\/h3> <p>Contribuant \u00e0 l\u2019atteinte des objectifs d\u00e9finis au plan national, l\u2019\u00c9cole des Ponts ParisTech poursuit son action en faveur de la science ouverte.<\/p> <a href=\"\/rapport-activite-2021\/partager-la-culture-scientifique\/partager-la-science\/\"><\/a> <a href=\"#\"><\/a> \n <h4>Partager la science, des publications aux donn\u00e9es<\/h4> <h3>Partager la science, des publications aux donn\u00e9es<\/h3> <p>Contribuant \u00e0 l\u2019atteinte des objectifs d\u00e9finis au plan national, l\u2019\u00c9cole des Ponts ParisTech poursuit son action en faveur de la science ouverte.<\/p> <a href=\"\/rapport-activite-2021\/partager-la-culture-scientifique\/partager-la-science\/\"><\/a> <a href=\"#\"><\/a>\n<h4>Valoriser le patrimoine<\/h4> <h3>Valoriser le patrimoine<\/h3> <p>L\u2019\u00c9cole des Ponts ParisTech m\u00e8ne une politique volontariste de num\u00e9risation et de publication sur le Web de ses collections patrimoniales, \u00e0 des fins de sauvegarde et de diffusion aupr\u00e8s d\u2019un plus large public.<\/p> <a href=\"\/rapport-activite-2021\/partager-la-culture-scientifique\/valoriser-le-patrimoine\/\"><\/a> <a href=\"#\"><\/a> \n <h4>Valoriser le patrimoine<\/h4> <h3>Valoriser le patrimoine<\/h3> <p>L\u2019\u00c9cole des Ponts ParisTech m\u00e8ne une politique volontariste de num\u00e9risation et de publication sur le Web de ses collections patrimoniales, \u00e0 des fins de sauvegarde et de diffusion aupr\u00e8s d\u2019un plus large public.<\/p> <a href=\"\/rapport-activite-2021\/partager-la-culture-scientifique\/valoriser-le-patrimoine\/\"><\/a> <a href=\"#\"><\/a>","_links":{"self":[{"href":"https:\/\/kiosque.ecoledesponts.fr\/rapport-activite-2021\/wp-json\/wp\/v2\/pages\/51"}],"collection":[{"href":"https:\/\/kiosque.ecoledesponts.fr\/rapport-activite-2021\/wp-json\/wp\/v2\/pages"}],"about":[{"href":"https:\/\/kiosque.ecoledesponts.fr\/rapport-activite-2021\/wp-json\/wp\/v2\/types\/page"}],"author":[{"embeddable":true,"href":"https:\/\/kiosque.ecoledesponts.fr\/rapport-activite-2021\/wp-json\/wp\/v2\/users\/1"}],"replies":[{"embeddable":true,"href":"https:\/\/kiosque.ecoledesponts.fr\/rapport-activite-2021\/wp-json\/wp\/v2\/comments?post=51"}],"version-history":[{"count":16,"href":"https:\/\/kiosque.ecoledesponts.fr\/rapport-activite-2021\/wp-json\/wp\/v2\/pages\/51\/revisions"}],"predecessor-version":[{"id":3789,"href":"https:\/\/kiosque.ecoledesponts.fr\/rapport-activite-2021\/wp-json\/wp\/v2\/pages\/51\/revisions\/3789"}],"wp:attachment":[{"href":"https:\/\/kiosque.ecoledesponts.fr\/rapport-activite-2021\/wp-json\/wp\/v2\/media?parent=51"}],"wp:term":[{"taxonomy":"post_tag","embeddable":true,"href":"https:\/\/kiosque.ecoledesponts.fr\/rapport-activite-2021\/wp-json\/wp\/v2\/tags?post=51"}],"curies":[{"name":"wp","href":"https:\/\/api.w.org\/{rel}","templated":true}]}}