{"id":543,"date":"2022-07-29T10:47:28","date_gmt":"2022-07-29T08:47:28","guid":{"rendered":"http:\/\/kiosque.ecoledesponts.fr\/rapport-activite-2021\/?page_id=543"},"modified":"2023-01-02T15:54:47","modified_gmt":"2023-01-02T14:54:47","slug":"les-architectes-urbanistes-de-letat","status":"publish","type":"page","link":"https:\/\/kiosque.ecoledesponts.fr\/rapport-activite-2021\/former\/les-formations-du-corps-de-letat\/les-architectes-urbanistes-de-letat\/","title":{"rendered":"Les architectes urbanistes de l\u2019\u00c9tat"},"content":{"rendered":"<!-- wp:themify-builder\/canvas \/-->\n\n<figure id=\"attachment_527\" aria-describedby=\"caption-attachment-527\" style=\"width: 500px\" class=\"wp-caption alignleft\"><img decoding=\"async\" loading=\"lazy\" class=\"wp-image-527\" src=\"http:\/\/kiosque.ecoledesponts.fr\/rapport-activite-2021\/wp-content\/uploads\/sites\/3\/2022\/07\/archi-urbanistes-300x300.jpg\" alt=\"Promo 27 des architectes et urbanistes de l\u2019\u00c9tat \u00e0 Villeneuve-lez-Avignon\" width=\"500\" height=\"500\" srcset=\"https:\/\/kiosque.ecoledesponts.fr\/rapport-activite-2021\/wp-content\/uploads\/sites\/3\/2022\/07\/archi-urbanistes-300x300.jpg 300w, https:\/\/kiosque.ecoledesponts.fr\/rapport-activite-2021\/wp-content\/uploads\/sites\/3\/2022\/07\/archi-urbanistes-150x150.jpg 150w, https:\/\/kiosque.ecoledesponts.fr\/rapport-activite-2021\/wp-content\/uploads\/sites\/3\/2022\/07\/archi-urbanistes-768x768.jpg 768w, https:\/\/kiosque.ecoledesponts.fr\/rapport-activite-2021\/wp-content\/uploads\/sites\/3\/2022\/07\/archi-urbanistes.jpg 850w\" sizes=\"(max-width: 500px) 100vw, 500px\" \/><figcaption id=\"caption-attachment-527\" class=\"wp-caption-text\">Promo 27 des architectes et urbanistes de l\u2019\u00c9tat \u00e0 Villeneuve-lez-Avignon<\/figcaption><\/figure>\n<p>L\u2019\u00c9cole des Ponts ParisTech, conjointement avec l\u2019\u00c9cole de Chaillot, assure la formation post-concours des architectes et urbanistes de l\u2019\u00c9tat (AUE, option Am\u00e9nagement ou Patrimoine). La transformation des territoires urbains, l\u2019impact des politiques publiques relatives \u00e0 l\u2019urbanisme, la construction, l\u2019architecture et le patrimoine ainsi que les questions environnementales figurent parmi les principaux sujets abord\u00e9s lors de cette ann\u00e9e scolaire, structur\u00e9e autour d\u2019un stage de trois mois et de diff\u00e9rents s\u00e9minaires th\u00e9matiques, de l\u2019habitat au paysage. Les \u00e9l\u00e8ves AUE suivent \u00e9galement certains modules du mast\u00e8re sp\u00e9cialis\u00e9<sup>\u00ae<\/sup> Politiques et actions publiques pour le d\u00e9veloppement durable et participent \u00e0 des voyages d\u2019\u00e9tudes. Leur formation s\u2019ach\u00e8ve par la soutenance d\u2019un projet de fin d\u2019\u00e9tudes devant un jury compos\u00e9 de repr\u00e9sentants de leurs minist\u00e8res de tutelle, des deux \u00e9coles et des services d\u00e9concentr\u00e9s de l\u2019\u00c9tat.<\/p>","protected":false},"excerpt":{"rendered":"<p>L\u2019\u00c9cole des Ponts ParisTech, conjointement avec l\u2019\u00c9cole de Chaillot, assure la formation post-concours des architectes et urbanistes de l\u2019\u00c9tat (AUE, option Am\u00e9nagement ou Patrimoine). La transformation des territoires urbains, l\u2019impact des politiques publiques relatives \u00e0 l\u2019urbanisme, la construction, l\u2019architecture et le patrimoine ainsi que les questions environnementales figurent parmi les principaux sujets abord\u00e9s lors de [&hellip;]<\/p>\n","protected":false},"author":1,"featured_media":0,"parent":43,"menu_order":0,"comment_status":"closed","ping_status":"closed","template":"page_violet.php","meta":[],"tags":[31],"acf":[],"yoast_head":"<!-- This site is optimized with the Yoast SEO plugin v21.1 - https:\/\/yoast.com\/wordpress\/plugins\/seo\/ -->\n<title>Les architectes urbanistes de l\u2019\u00c9tat - Rapport d&#039;activit\u00e9 2021<\/title>\n<meta name=\"robots\" content=\"index, follow, max-snippet:-1, max-image-preview:large, max-video-preview:-1\" \/>\n<link rel=\"canonical\" href=\"https:\/\/kiosque.ecoledesponts.fr\/rapport-activite-2021\/former\/les-formations-du-corps-de-letat\/les-architectes-urbanistes-de-letat\/\" \/>\n<meta property=\"og:locale\" content=\"fr_FR\" \/>\n<meta property=\"og:type\" content=\"article\" \/>\n<meta property=\"og:title\" content=\"Les architectes urbanistes de l\u2019\u00c9tat - Rapport d&#039;activit\u00e9 2021\" \/>\n<meta property=\"og:description\" content=\"L\u2019\u00c9cole des Ponts ParisTech, conjointement avec l\u2019\u00c9cole de Chaillot, assure la formation post-concours des architectes et urbanistes de l\u2019\u00c9tat (AUE, option Am\u00e9nagement ou Patrimoine). La transformation des territoires urbains, l\u2019impact des politiques publiques relatives \u00e0 l\u2019urbanisme, la construction, l\u2019architecture et le patrimoine ainsi que les questions environnementales figurent parmi les principaux sujets abord\u00e9s lors de [&hellip;]\" \/>\n<meta property=\"og:url\" content=\"https:\/\/kiosque.ecoledesponts.fr\/rapport-activite-2021\/former\/les-formations-du-corps-de-letat\/les-architectes-urbanistes-de-letat\/\" \/>\n<meta property=\"og:site_name\" content=\"Rapport d&#039;activit\u00e9 2021\" \/>\n<meta property=\"article:modified_time\" content=\"2023-01-02T14:54:47+00:00\" \/>\n<meta property=\"og:image\" content=\"http:\/\/kiosque.ecoledesponts.fr\/rapport-activite-2021\/wp-content\/uploads\/sites\/3\/2022\/07\/archi-urbanistes-300x300.jpg\" \/>\n<meta name=\"twitter:card\" content=\"summary_large_image\" \/>\n<meta name=\"twitter:label1\" content=\"Dur\u00e9e de lecture estim\u00e9e\" \/>\n\t<meta name=\"twitter:data1\" content=\"1 minute\" \/>\n<script type=\"application\/ld+json\" class=\"yoast-schema-graph\">{\"@context\":\"https:\/\/schema.org\",\"@graph\":[{\"@type\":\"WebPage\",\"@id\":\"https:\/\/kiosque.ecoledesponts.fr\/rapport-activite-2021\/former\/les-formations-du-corps-de-letat\/les-architectes-urbanistes-de-letat\/\",\"url\":\"https:\/\/kiosque.ecoledesponts.fr\/rapport-activite-2021\/former\/les-formations-du-corps-de-letat\/les-architectes-urbanistes-de-letat\/\",\"name\":\"Les architectes urbanistes de l\u2019\u00c9tat - Rapport d'activit\u00e9 2021\",\"isPartOf\":{\"@id\":\"https:\/\/kiosque.ecoledesponts.fr\/rapport-activite-2021\/#website\"},\"datePublished\":\"2022-07-29T08:47:28+00:00\",\"dateModified\":\"2023-01-02T14:54:47+00:00\",\"breadcrumb\":{\"@id\":\"https:\/\/kiosque.ecoledesponts.fr\/rapport-activite-2021\/former\/les-formations-du-corps-de-letat\/les-architectes-urbanistes-de-letat\/#breadcrumb\"},\"inLanguage\":\"fr-FR\",\"potentialAction\":[{\"@type\":\"ReadAction\",\"target\":[\"https:\/\/kiosque.ecoledesponts.fr\/rapport-activite-2021\/former\/les-formations-du-corps-de-letat\/les-architectes-urbanistes-de-letat\/\"]}]},{\"@type\":\"BreadcrumbList\",\"@id\":\"https:\/\/kiosque.ecoledesponts.fr\/rapport-activite-2021\/former\/les-formations-du-corps-de-letat\/les-architectes-urbanistes-de-letat\/#breadcrumb\",\"itemListElement\":[{\"@type\":\"ListItem\",\"position\":1,\"name\":\"Accueil\",\"item\":\"https:\/\/kiosque.ecoledesponts.fr\/rapport-activite-2021\/\"},{\"@type\":\"ListItem\",\"position\":2,\"name\":\"Former\",\"item\":\"https:\/\/kiosque.ecoledesponts.fr\/rapport-activite-2021\/former\/\"},{\"@type\":\"ListItem\",\"position\":3,\"name\":\"Les formations du Corps de l\u2019\u00c9tat\",\"item\":\"https:\/\/kiosque.ecoledesponts.fr\/rapport-activite-2021\/former\/les-formations-du-corps-de-letat\/\"},{\"@type\":\"ListItem\",\"position\":4,\"name\":\"Les architectes urbanistes de l\u2019\u00c9tat\"}]},{\"@type\":\"WebSite\",\"@id\":\"https:\/\/kiosque.ecoledesponts.fr\/rapport-activite-2021\/#website\",\"url\":\"https:\/\/kiosque.ecoledesponts.fr\/rapport-activite-2021\/\",\"name\":\"Rapport d'activit\u00e9 2021\",\"description\":\"Un site utilisant Les sites du kiosque des ponts\",\"potentialAction\":[{\"@type\":\"SearchAction\",\"target\":{\"@type\":\"EntryPoint\",\"urlTemplate\":\"https:\/\/kiosque.ecoledesponts.fr\/rapport-activite-2021\/?s={search_term_string}\"},\"query-input\":\"required name=search_term_string\"}],\"inLanguage\":\"fr-FR\"}]}<\/script>\n<!-- \/ Yoast SEO plugin. -->","yoast_head_json":{"title":"Les architectes urbanistes de l\u2019\u00c9tat - Rapport d'activit\u00e9 2021","robots":{"index":"index","follow":"follow","max-snippet":"max-snippet:-1","max-image-preview":"max-image-preview:large","max-video-preview":"max-video-preview:-1"},"canonical":"https:\/\/kiosque.ecoledesponts.fr\/rapport-activite-2021\/former\/les-formations-du-corps-de-letat\/les-architectes-urbanistes-de-letat\/","og_locale":"fr_FR","og_type":"article","og_title":"Les architectes urbanistes de l\u2019\u00c9tat - Rapport d'activit\u00e9 2021","og_description":"L\u2019\u00c9cole des Ponts ParisTech, conjointement avec l\u2019\u00c9cole de Chaillot, assure la formation post-concours des architectes et urbanistes de l\u2019\u00c9tat (AUE, option Am\u00e9nagement ou Patrimoine). La transformation des territoires urbains, l\u2019impact des politiques publiques relatives \u00e0 l\u2019urbanisme, la construction, l\u2019architecture et le patrimoine ainsi que les questions environnementales figurent parmi les principaux sujets abord\u00e9s lors de [&hellip;]","og_url":"https:\/\/kiosque.ecoledesponts.fr\/rapport-activite-2021\/former\/les-formations-du-corps-de-letat\/les-architectes-urbanistes-de-letat\/","og_site_name":"Rapport d'activit\u00e9 2021","article_modified_time":"2023-01-02T14:54:47+00:00","og_image":[{"url":"http:\/\/kiosque.ecoledesponts.fr\/rapport-activite-2021\/wp-content\/uploads\/sites\/3\/2022\/07\/archi-urbanistes-300x300.jpg"}],"twitter_card":"summary_large_image","twitter_misc":{"Dur\u00e9e de lecture estim\u00e9e":"1 minute"},"schema":{"@context":"https:\/\/schema.org","@graph":[{"@type":"WebPage","@id":"https:\/\/kiosque.ecoledesponts.fr\/rapport-activite-2021\/former\/les-formations-du-corps-de-letat\/les-architectes-urbanistes-de-letat\/","url":"https:\/\/kiosque.ecoledesponts.fr\/rapport-activite-2021\/former\/les-formations-du-corps-de-letat\/les-architectes-urbanistes-de-letat\/","name":"Les architectes urbanistes de l\u2019\u00c9tat - Rapport d'activit\u00e9 2021","isPartOf":{"@id":"https:\/\/kiosque.ecoledesponts.fr\/rapport-activite-2021\/#website"},"datePublished":"2022-07-29T08:47:28+00:00","dateModified":"2023-01-02T14:54:47+00:00","breadcrumb":{"@id":"https:\/\/kiosque.ecoledesponts.fr\/rapport-activite-2021\/former\/les-formations-du-corps-de-letat\/les-architectes-urbanistes-de-letat\/#breadcrumb"},"inLanguage":"fr-FR","potentialAction":[{"@type":"ReadAction","target":["https:\/\/kiosque.ecoledesponts.fr\/rapport-activite-2021\/former\/les-formations-du-corps-de-letat\/les-architectes-urbanistes-de-letat\/"]}]},{"@type":"BreadcrumbList","@id":"https:\/\/kiosque.ecoledesponts.fr\/rapport-activite-2021\/former\/les-formations-du-corps-de-letat\/les-architectes-urbanistes-de-letat\/#breadcrumb","itemListElement":[{"@type":"ListItem","position":1,"name":"Accueil","item":"https:\/\/kiosque.ecoledesponts.fr\/rapport-activite-2021\/"},{"@type":"ListItem","position":2,"name":"Former","item":"https:\/\/kiosque.ecoledesponts.fr\/rapport-activite-2021\/former\/"},{"@type":"ListItem","position":3,"name":"Les formations du Corps de l\u2019\u00c9tat","item":"https:\/\/kiosque.ecoledesponts.fr\/rapport-activite-2021\/former\/les-formations-du-corps-de-letat\/"},{"@type":"ListItem","position":4,"name":"Les architectes urbanistes de l\u2019\u00c9tat"}]},{"@type":"WebSite","@id":"https:\/\/kiosque.ecoledesponts.fr\/rapport-activite-2021\/#website","url":"https:\/\/kiosque.ecoledesponts.fr\/rapport-activite-2021\/","name":"Rapport d'activit\u00e9 2021","description":"Un site utilisant Les sites du kiosque des ponts","potentialAction":[{"@type":"SearchAction","target":{"@type":"EntryPoint","urlTemplate":"https:\/\/kiosque.ecoledesponts.fr\/rapport-activite-2021\/?s={search_term_string}"},"query-input":"required name=search_term_string"}],"inLanguage":"fr-FR"}]}},"builder_content":"","_links":{"self":[{"href":"https:\/\/kiosque.ecoledesponts.fr\/rapport-activite-2021\/wp-json\/wp\/v2\/pages\/543"}],"collection":[{"href":"https:\/\/kiosque.ecoledesponts.fr\/rapport-activite-2021\/wp-json\/wp\/v2\/pages"}],"about":[{"href":"https:\/\/kiosque.ecoledesponts.fr\/rapport-activite-2021\/wp-json\/wp\/v2\/types\/page"}],"author":[{"embeddable":true,"href":"https:\/\/kiosque.ecoledesponts.fr\/rapport-activite-2021\/wp-json\/wp\/v2\/users\/1"}],"replies":[{"embeddable":true,"href":"https:\/\/kiosque.ecoledesponts.fr\/rapport-activite-2021\/wp-json\/wp\/v2\/comments?post=543"}],"version-history":[{"count":10,"href":"https:\/\/kiosque.ecoledesponts.fr\/rapport-activite-2021\/wp-json\/wp\/v2\/pages\/543\/revisions"}],"predecessor-version":[{"id":4139,"href":"https:\/\/kiosque.ecoledesponts.fr\/rapport-activite-2021\/wp-json\/wp\/v2\/pages\/543\/revisions\/4139"}],"up":[{"embeddable":true,"href":"https:\/\/kiosque.ecoledesponts.fr\/rapport-activite-2021\/wp-json\/wp\/v2\/pages\/43"}],"wp:attachment":[{"href":"https:\/\/kiosque.ecoledesponts.fr\/rapport-activite-2021\/wp-json\/wp\/v2\/media?parent=543"}],"wp:term":[{"taxonomy":"post_tag","embeddable":true,"href":"https:\/\/kiosque.ecoledesponts.fr\/rapport-activite-2021\/wp-json\/wp\/v2\/tags?post=543"}],"curies":[{"name":"wp","href":"https:\/\/api.w.org\/{rel}","templated":true}]}}