{"id":553,"date":"2022-07-29T10:59:22","date_gmt":"2022-07-29T08:59:22","guid":{"rendered":"http:\/\/kiosque.ecoledesponts.fr\/rapport-activite-2021\/?page_id=553"},"modified":"2023-01-26T11:00:05","modified_gmt":"2023-01-26T10:00:05","slug":"temoignage-gildas-lhostis","status":"publish","type":"page","link":"https:\/\/kiosque.ecoledesponts.fr\/rapport-activite-2021\/former\/les-formations-du-corps-de-letat\/temoignage-gildas-lhostis\/","title":{"rendered":"T\u00e9moignage : Gildas L\u2019Hostis"},"content":{"rendered":"<!-- wp:themify-builder\/canvas \/-->\n\n<blockquote>\n<div class=\"blockquote_inner\">\n<p><strong>Gildas L\u2019Hostis, promotion X16 \u00ab<\/strong><strong>\u202f<\/strong><strong>Chef du bureau Conduite d\u2019op\u00e9rations Nucl\u00e9aire\/Barracuda<\/strong><strong>\u202f<\/strong><strong>\u00bb (minist\u00e8re des Arm\u00e9es) <\/strong><\/p>\n<p>Le mast\u00e8re sp\u00e9cialis\u00e9<sup>\u00ae<\/sup> Politiques et actions publiques pour le d\u00e9veloppement durable (MS PAPDD) est une formation pluridisciplinaire con\u00e7ue pour former les ing\u00e9nieurs qui serviront demain l\u2019\u00c9tat (et sa population) et assureront ses missions, son bon fonctionnement et la qualit\u00e9 du service rendu dans le cadre d\u2019une transition \u00e9cologique ambitieuse. J\u2019y ai beaucoup appr\u00e9ci\u00e9 la primaut\u00e9 du sens de l\u2019int\u00e9r\u00eat g\u00e9n\u00e9ral, ressenti tant chez les formateurs que chez les \u00e9l\u00e8ves de tous \u00e2ges et de tous horizons, et la volont\u00e9 de r\u00e9pondre aux d\u00e9fis du XXI<sup>e<\/sup> si\u00e8cle par des solutions objectivables et fond\u00e9es sur un raisonnement scientifique fiable. La diversit\u00e9 des cours propos\u00e9s et le grand nombre des s\u00e9minaires sont un atout primordial du MS car chaque \u00e9l\u00e8ve y trouvera son compte en pouvant \u00e0 la fois se sp\u00e9cialiser et s\u2019ouvrir \u00e0 d\u2019autres pans n\u00e9cessaires de la transition \u00e9cologique dans son sens le plus large. J\u2019ai pu \u00e9galement mettre en application les contenus acad\u00e9miques du mast\u00e8re dans le cadre d\u2019une mission de cinq&nbsp;mois effectu\u00e9e \u00e0 la Soci\u00e9t\u00e9 du Grand Paris au sujet de l\u2019opportunit\u00e9 de cr\u00e9er une fili\u00e8re int\u00e9gr\u00e9e de b\u00e9ton bas carbone en \u00cele-de-France.<\/p>\n<p>Les enseignements du MS PAPDD, tr\u00e8s volontariste quant \u00e0 la formation de cadres du service public capables d\u2019endosser des r\u00f4les expos\u00e9s et des responsabilit\u00e9s d\u00e8s les premiers postes, me servent aujourd\u2019hui au sein du minist\u00e8re des Arm\u00e9es, au Service d\u2019infrastructure de la D\u00e9fense \u00e0 Brest o\u00f9 je suis affect\u00e9. Les outils acquis durant le MS concernant le management et la compr\u00e9hension de jeux d\u2019acteurs complexes me permettent de mieux appr\u00e9hender les dynamiques organisationnelles dans le d\u00e9veloppement de projets d\u2019infrastructure et d\u2019encadrer efficacement une \u00e9quipe de ma\u00eetrise d\u2019ouvrage d\u2019une douzaine d\u2019agents.<\/p>\n<\/div>\n<\/blockquote>","protected":false},"excerpt":{"rendered":"<p>Gildas L\u2019Hostis, promotion X16 \u00ab\u202fChef du bureau Conduite d\u2019op\u00e9rations Nucl\u00e9aire\/Barracuda\u202f\u00bb (minist\u00e8re des Arm\u00e9es) Le mast\u00e8re sp\u00e9cialis\u00e9\u00ae Politiques et actions publiques pour le d\u00e9veloppement durable (MS PAPDD) est une formation pluridisciplinaire con\u00e7ue pour former les ing\u00e9nieurs qui serviront demain l\u2019\u00c9tat (et sa population) et assureront ses missions, son bon fonctionnement et la qualit\u00e9 du service rendu [&hellip;]<\/p>\n","protected":false},"author":1,"featured_media":0,"parent":43,"menu_order":0,"comment_status":"closed","ping_status":"closed","template":"page_violet.php","meta":[],"tags":[31,55,39],"acf":[],"yoast_head":"<!-- This site is optimized with the Yoast SEO plugin v21.1 - https:\/\/yoast.com\/wordpress\/plugins\/seo\/ -->\n<title>T\u00e9moignage : Gildas L\u2019Hostis - Rapport d&#039;activit\u00e9 2021<\/title>\n<meta name=\"robots\" content=\"index, follow, max-snippet:-1, max-image-preview:large, max-video-preview:-1\" \/>\n<link rel=\"canonical\" href=\"https:\/\/kiosque.ecoledesponts.fr\/rapport-activite-2021\/former\/les-formations-du-corps-de-letat\/temoignage-gildas-lhostis\/\" \/>\n<meta property=\"og:locale\" content=\"fr_FR\" \/>\n<meta property=\"og:type\" content=\"article\" \/>\n<meta property=\"og:title\" content=\"T\u00e9moignage : Gildas L\u2019Hostis - Rapport d&#039;activit\u00e9 2021\" \/>\n<meta property=\"og:description\" content=\"Gildas L\u2019Hostis, promotion X16 \u00ab\u202fChef du bureau Conduite d\u2019op\u00e9rations Nucl\u00e9aire\/Barracuda\u202f\u00bb (minist\u00e8re des Arm\u00e9es) Le mast\u00e8re sp\u00e9cialis\u00e9\u00ae Politiques et actions publiques pour le d\u00e9veloppement durable (MS PAPDD) est une formation pluridisciplinaire con\u00e7ue pour former les ing\u00e9nieurs qui serviront demain l\u2019\u00c9tat (et sa population) et assureront ses missions, son bon fonctionnement et la qualit\u00e9 du service rendu [&hellip;]\" \/>\n<meta property=\"og:url\" content=\"https:\/\/kiosque.ecoledesponts.fr\/rapport-activite-2021\/former\/les-formations-du-corps-de-letat\/temoignage-gildas-lhostis\/\" \/>\n<meta property=\"og:site_name\" content=\"Rapport d&#039;activit\u00e9 2021\" \/>\n<meta property=\"article:modified_time\" content=\"2023-01-26T10:00:05+00:00\" \/>\n<meta name=\"twitter:card\" content=\"summary_large_image\" \/>\n<meta name=\"twitter:label1\" content=\"Dur\u00e9e de lecture estim\u00e9e\" \/>\n\t<meta name=\"twitter:data1\" content=\"2 minutes\" \/>\n<script type=\"application\/ld+json\" class=\"yoast-schema-graph\">{\"@context\":\"https:\/\/schema.org\",\"@graph\":[{\"@type\":\"WebPage\",\"@id\":\"https:\/\/kiosque.ecoledesponts.fr\/rapport-activite-2021\/former\/les-formations-du-corps-de-letat\/temoignage-gildas-lhostis\/\",\"url\":\"https:\/\/kiosque.ecoledesponts.fr\/rapport-activite-2021\/former\/les-formations-du-corps-de-letat\/temoignage-gildas-lhostis\/\",\"name\":\"T\u00e9moignage : Gildas L\u2019Hostis - Rapport d'activit\u00e9 2021\",\"isPartOf\":{\"@id\":\"https:\/\/kiosque.ecoledesponts.fr\/rapport-activite-2021\/#website\"},\"datePublished\":\"2022-07-29T08:59:22+00:00\",\"dateModified\":\"2023-01-26T10:00:05+00:00\",\"breadcrumb\":{\"@id\":\"https:\/\/kiosque.ecoledesponts.fr\/rapport-activite-2021\/former\/les-formations-du-corps-de-letat\/temoignage-gildas-lhostis\/#breadcrumb\"},\"inLanguage\":\"fr-FR\",\"potentialAction\":[{\"@type\":\"ReadAction\",\"target\":[\"https:\/\/kiosque.ecoledesponts.fr\/rapport-activite-2021\/former\/les-formations-du-corps-de-letat\/temoignage-gildas-lhostis\/\"]}]},{\"@type\":\"BreadcrumbList\",\"@id\":\"https:\/\/kiosque.ecoledesponts.fr\/rapport-activite-2021\/former\/les-formations-du-corps-de-letat\/temoignage-gildas-lhostis\/#breadcrumb\",\"itemListElement\":[{\"@type\":\"ListItem\",\"position\":1,\"name\":\"Accueil\",\"item\":\"https:\/\/kiosque.ecoledesponts.fr\/rapport-activite-2021\/\"},{\"@type\":\"ListItem\",\"position\":2,\"name\":\"Former\",\"item\":\"https:\/\/kiosque.ecoledesponts.fr\/rapport-activite-2021\/former\/\"},{\"@type\":\"ListItem\",\"position\":3,\"name\":\"Les formations du Corps de l\u2019\u00c9tat\",\"item\":\"https:\/\/kiosque.ecoledesponts.fr\/rapport-activite-2021\/former\/les-formations-du-corps-de-letat\/\"},{\"@type\":\"ListItem\",\"position\":4,\"name\":\"T\u00e9moignage : Gildas L\u2019Hostis\"}]},{\"@type\":\"WebSite\",\"@id\":\"https:\/\/kiosque.ecoledesponts.fr\/rapport-activite-2021\/#website\",\"url\":\"https:\/\/kiosque.ecoledesponts.fr\/rapport-activite-2021\/\",\"name\":\"Rapport d'activit\u00e9 2021\",\"description\":\"Un site utilisant Les sites du kiosque des ponts\",\"potentialAction\":[{\"@type\":\"SearchAction\",\"target\":{\"@type\":\"EntryPoint\",\"urlTemplate\":\"https:\/\/kiosque.ecoledesponts.fr\/rapport-activite-2021\/?s={search_term_string}\"},\"query-input\":\"required name=search_term_string\"}],\"inLanguage\":\"fr-FR\"}]}<\/script>\n<!-- \/ Yoast SEO plugin. -->","yoast_head_json":{"title":"T\u00e9moignage : Gildas L\u2019Hostis - Rapport d'activit\u00e9 2021","robots":{"index":"index","follow":"follow","max-snippet":"max-snippet:-1","max-image-preview":"max-image-preview:large","max-video-preview":"max-video-preview:-1"},"canonical":"https:\/\/kiosque.ecoledesponts.fr\/rapport-activite-2021\/former\/les-formations-du-corps-de-letat\/temoignage-gildas-lhostis\/","og_locale":"fr_FR","og_type":"article","og_title":"T\u00e9moignage : Gildas L\u2019Hostis - Rapport d'activit\u00e9 2021","og_description":"Gildas L\u2019Hostis, promotion X16 \u00ab\u202fChef du bureau Conduite d\u2019op\u00e9rations Nucl\u00e9aire\/Barracuda\u202f\u00bb (minist\u00e8re des Arm\u00e9es) Le mast\u00e8re sp\u00e9cialis\u00e9\u00ae Politiques et actions publiques pour le d\u00e9veloppement durable (MS PAPDD) est une formation pluridisciplinaire con\u00e7ue pour former les ing\u00e9nieurs qui serviront demain l\u2019\u00c9tat (et sa population) et assureront ses missions, son bon fonctionnement et la qualit\u00e9 du service rendu [&hellip;]","og_url":"https:\/\/kiosque.ecoledesponts.fr\/rapport-activite-2021\/former\/les-formations-du-corps-de-letat\/temoignage-gildas-lhostis\/","og_site_name":"Rapport d'activit\u00e9 2021","article_modified_time":"2023-01-26T10:00:05+00:00","twitter_card":"summary_large_image","twitter_misc":{"Dur\u00e9e de lecture estim\u00e9e":"2 minutes"},"schema":{"@context":"https:\/\/schema.org","@graph":[{"@type":"WebPage","@id":"https:\/\/kiosque.ecoledesponts.fr\/rapport-activite-2021\/former\/les-formations-du-corps-de-letat\/temoignage-gildas-lhostis\/","url":"https:\/\/kiosque.ecoledesponts.fr\/rapport-activite-2021\/former\/les-formations-du-corps-de-letat\/temoignage-gildas-lhostis\/","name":"T\u00e9moignage : Gildas L\u2019Hostis - Rapport d'activit\u00e9 2021","isPartOf":{"@id":"https:\/\/kiosque.ecoledesponts.fr\/rapport-activite-2021\/#website"},"datePublished":"2022-07-29T08:59:22+00:00","dateModified":"2023-01-26T10:00:05+00:00","breadcrumb":{"@id":"https:\/\/kiosque.ecoledesponts.fr\/rapport-activite-2021\/former\/les-formations-du-corps-de-letat\/temoignage-gildas-lhostis\/#breadcrumb"},"inLanguage":"fr-FR","potentialAction":[{"@type":"ReadAction","target":["https:\/\/kiosque.ecoledesponts.fr\/rapport-activite-2021\/former\/les-formations-du-corps-de-letat\/temoignage-gildas-lhostis\/"]}]},{"@type":"BreadcrumbList","@id":"https:\/\/kiosque.ecoledesponts.fr\/rapport-activite-2021\/former\/les-formations-du-corps-de-letat\/temoignage-gildas-lhostis\/#breadcrumb","itemListElement":[{"@type":"ListItem","position":1,"name":"Accueil","item":"https:\/\/kiosque.ecoledesponts.fr\/rapport-activite-2021\/"},{"@type":"ListItem","position":2,"name":"Former","item":"https:\/\/kiosque.ecoledesponts.fr\/rapport-activite-2021\/former\/"},{"@type":"ListItem","position":3,"name":"Les formations du Corps de l\u2019\u00c9tat","item":"https:\/\/kiosque.ecoledesponts.fr\/rapport-activite-2021\/former\/les-formations-du-corps-de-letat\/"},{"@type":"ListItem","position":4,"name":"T\u00e9moignage : Gildas L\u2019Hostis"}]},{"@type":"WebSite","@id":"https:\/\/kiosque.ecoledesponts.fr\/rapport-activite-2021\/#website","url":"https:\/\/kiosque.ecoledesponts.fr\/rapport-activite-2021\/","name":"Rapport d'activit\u00e9 2021","description":"Un site utilisant Les sites du kiosque des ponts","potentialAction":[{"@type":"SearchAction","target":{"@type":"EntryPoint","urlTemplate":"https:\/\/kiosque.ecoledesponts.fr\/rapport-activite-2021\/?s={search_term_string}"},"query-input":"required name=search_term_string"}],"inLanguage":"fr-FR"}]}},"builder_content":"","_links":{"self":[{"href":"https:\/\/kiosque.ecoledesponts.fr\/rapport-activite-2021\/wp-json\/wp\/v2\/pages\/553"}],"collection":[{"href":"https:\/\/kiosque.ecoledesponts.fr\/rapport-activite-2021\/wp-json\/wp\/v2\/pages"}],"about":[{"href":"https:\/\/kiosque.ecoledesponts.fr\/rapport-activite-2021\/wp-json\/wp\/v2\/types\/page"}],"author":[{"embeddable":true,"href":"https:\/\/kiosque.ecoledesponts.fr\/rapport-activite-2021\/wp-json\/wp\/v2\/users\/1"}],"replies":[{"embeddable":true,"href":"https:\/\/kiosque.ecoledesponts.fr\/rapport-activite-2021\/wp-json\/wp\/v2\/comments?post=553"}],"version-history":[{"count":14,"href":"https:\/\/kiosque.ecoledesponts.fr\/rapport-activite-2021\/wp-json\/wp\/v2\/pages\/553\/revisions"}],"predecessor-version":[{"id":4309,"href":"https:\/\/kiosque.ecoledesponts.fr\/rapport-activite-2021\/wp-json\/wp\/v2\/pages\/553\/revisions\/4309"}],"up":[{"embeddable":true,"href":"https:\/\/kiosque.ecoledesponts.fr\/rapport-activite-2021\/wp-json\/wp\/v2\/pages\/43"}],"wp:attachment":[{"href":"https:\/\/kiosque.ecoledesponts.fr\/rapport-activite-2021\/wp-json\/wp\/v2\/media?parent=553"}],"wp:term":[{"taxonomy":"post_tag","embeddable":true,"href":"https:\/\/kiosque.ecoledesponts.fr\/rapport-activite-2021\/wp-json\/wp\/v2\/tags?post=553"}],"curies":[{"name":"wp","href":"https:\/\/api.w.org\/{rel}","templated":true}]}}