{"id":587,"date":"2022-07-29T12:07:45","date_gmt":"2022-07-29T10:07:45","guid":{"rendered":"http:\/\/kiosque.ecoledesponts.fr\/rapport-activite-2021\/?page_id=587"},"modified":"2023-01-02T15:58:53","modified_gmt":"2023-01-02T14:58:53","slug":"les-masteres-specialises","status":"publish","type":"page","link":"https:\/\/kiosque.ecoledesponts.fr\/rapport-activite-2021\/former\/la-formation-continue\/les-masteres-specialises\/","title":{"rendered":"Les Mast\u00e8res sp\u00e9cialis\u00e9s\u00ae"},"content":{"rendered":"<!-- wp:themify-builder\/canvas \/-->\n\n<p>Cr\u00e9\u00e9s \u00e0 la demande d\u2019acteurs \u00e9conomiques ou institutionnels pour r\u00e9pondre \u00e0 des besoins sp\u00e9cifiques, les programmes de mast\u00e8re sp\u00e9cialis\u00e9\u00ae de l\u2019\u00c9cole des Ponts ParisTech permettent de d\u00e9velopper une sp\u00e9cialisation ou d\u2019acqu\u00e9rir une double comp\u00e9tence. Ces formations post-grade d\u2019une dur\u00e9e de 12 \u00e0 18 mois, \u00e0 temps plein ou partiel, sont labellis\u00e9es par la Conf\u00e9rence des grandes \u00e9coles.<\/p>\n<p>En 2021, la pand\u00e9mie de Covid-19 a fortement impact\u00e9 le secteur de la formation continue. Pour autant, le nombre d\u2019inscrits dans les mast\u00e8res sp\u00e9cialis\u00e9s\u00ae de l\u2019\u00c9cole s\u2019est globalement maintenu, attestant de l\u2019attractivit\u00e9 de l\u2019offre. Le mast\u00e8re sp\u00e9cialis\u00e9\u00ae Action publique avanc\u00e9e au Maroc (Mapam) a par ailleurs rouvert apr\u00e8s deux ann\u00e9es de suspension. La deuxi\u00e8me \u00e9dition, lanc\u00e9e en juin 2021, comptait 37 \u00e9l\u00e8ves aux profils vari\u00e9s.<\/p>\n<h2>PART-TIME<\/h2>\n<ul>\n<li>Digital Building Design<\/li>\n<li>Immobilier et b\u00e2timent durables, transitions \u00e9nerg\u00e9tique et num\u00e9rique (IBD)<\/li>\n<li>BIM, conception int\u00e9gr\u00e9e et cycle de vie du b\u00e2timent et des infrastructures, avec l\u2019ESTP Paris<\/li>\n<li>Syst\u00e8mes de transports ferroviaires et urbains (STFU) avec l\u2019Institut national des sciences appliqu\u00e9es Hauts-de-France et l\u2019Universit\u00e9 technologique de Compi\u00e8gne<\/li>\n<li>Smart Mobility &#8211; Transformation num\u00e9rique des syst\u00e8mes de mobilit\u00e9, avec T\u00e9l\u00e9com Paris<\/li>\n<li>Supply Chain Design &amp; Management (SCDM), avec l\u2019IML<\/li>\n<li>Infrastructure Project Finance<\/li>\n<li>Management of Energy Projects<\/li>\n<li>Action publique avanc\u00e9e au Maroc (Mapam), avec l\u2019Universit\u00e9 Mohammed VI Polytechnique<\/li>\n<\/ul>\n<h2>FULL-TIME<\/h2>\n<ul>\n<li>Am\u00e9nagement et ma\u00eetrise d\u2019ouvrage urbaine (AMUR)<\/li>\n<li>G\u00e9nie civil europ\u00e9en (GCE)<\/li>\n<li>G\u00e9nie civil des grands ouvrages pour l\u2019\u00e9nergie (GCGOE), avec CentraleSup\u00e9lec<\/li>\n<li>Politiques et actions publiques pour le d\u00e9veloppement durable (PAPDD), avec AgroParisTech<\/li>\n<li>L\u2019\u00c9cole propose par ailleurs, en collaboration \u00e9troite avec Paris School of Economics, un Master of Sciences \u00ab\u202fSustainable Impact Analysis\u202f\u00bb.<\/li>\n<\/ul>\n<p>L\u2019\u00c9cole des Ponts ParisTech intervient \u00e9galement en C\u00f4te d\u2019Ivoire, aupr\u00e8s de l\u2019Institut national polytechnique F\u00e9lix Houphou\u00ebt-Boigny pour le mast\u00e8re professionnel Transport, am\u00e9nagement et urbanisme (TAU).<\/p>\n<h2>UN WEBINAIRE INTERNATIONAL INEDIT<\/h2>\n<p>Du 12 au 16 avril 2021, l\u2019\u00c9cole des Ponts ParisTech, \u00e0 travers son mast\u00e8re sp\u00e9cialis\u00e9\u00ae Immobilier et b\u00e2timent durables, a organis\u00e9 un webinaire international sur la strat\u00e9gie de neutralit\u00e9 carbone dans l\u2019immobilier et le b\u00e2timent \u00e0 travers le monde \u00e0 l\u2019horizon 2050. Exclusivement en distanciel, cette semaine de conf\u00e9rences \u2013 une premi\u00e8re \u2013 a r\u00e9uni 38 experts de 17 pays et attir\u00e9 plus de 600 participants, dont les \u00e9l\u00e8ves des deux derni\u00e8res promotions du programme.<\/p>\n<h2>LES MASTERIENS 2021<\/h2>\n<p>Chaque ann\u00e9e, la Fondation des Ponts r\u00e9compense un \u00e9l\u00e8ve en formation de mast\u00e8re sp\u00e9cialis\u00e9\u00ae \u00e0 l\u2019\u00c9cole pour la qualit\u00e9 de son parcours et la coh\u00e9rence de son projet professionnel. En 2021, Cheikh Ibrahima Ndiaye, du MS Syst\u00e8mes de transports ferroviaires et urbains (STFU), a re\u00e7u le prix du mast\u00e9rien, et RinaSaofara Andriambololomanana, du MS Am\u00e9nagement et ma\u00eetrise d\u2019ouvrage urbaine (AMUR), le prix sp\u00e9cial.<\/p>\n<div class=\"encadre\">\n<h4><strong><span class=\"txt_violet\">328 <\/span><span class=\"txt_noir\">INSCRITS EN 2021<\/span><\/strong><\/h4>\n<p><strong class=\"txt_violet\">14 <\/strong><span class=\"txt_noir\">G\u00e9nie civil europ\u00e9en (GCE)<br><\/span> <strong class=\"txt_violet\">15 <\/strong><span class=\"txt_noir\">G\u00e9nie civil des grands ouvrages pour l\u2019\u00e9nergie (GCGOE)<br><\/span> <strong class=\"txt_violet\">22 <\/strong><span class=\"txt_noir\">Immobilier et b\u00e2timent durables (IBD)<br><\/span> <strong class=\"txt_violet\">9 <\/strong><span class=\"txt_noir\">Design By Data<br><\/span> <strong class=\"txt_violet\">59 <\/strong><span class=\"txt_noir\">BIM &#8211; Conception int\u00e9gr\u00e9e et cycle de vie du b\u00e2timent et des infrastructures<br><\/span> <strong class=\"txt_violet\">17 <\/strong><span class=\"txt_noir\">Am\u00e9nagement et ma\u00eetrise d\u2019ouvrage urbaine (AMUR)<br><\/span> <strong class=\"txt_violet\">26 <\/strong><span class=\"txt_noir\">Syst\u00e8mes de transports ferroviaires et urbains (STFU)<br><\/span> <strong class=\"txt_violet\">35 <\/strong><span class=\"txt_noir\">Supply Chain Design &amp; Management (SCDM)<br><\/span> <strong class=\"txt_violet\">23 <\/strong><span class=\"txt_noir\">Management of Energy Projects<br><\/span> <strong class=\"txt_violet\">24 <\/strong><span class=\"txt_noir\">Infrastructure Project Finance<br><\/span> <strong class=\"txt_violet\">37 <\/strong><span class=\"txt_noir\">Action publique avanc\u00e9e au Maroc (Mapam)<br><\/span> <strong class=\"txt_violet\">47 <\/strong><span class=\"txt_noir\">Politiques et actions publiques pour le d\u00e9veloppement durable (PAPDD)<\/span><\/p>\n<\/div>","protected":false},"excerpt":{"rendered":"<p>Cr\u00e9\u00e9s \u00e0 la demande d\u2019acteurs \u00e9conomiques ou institutionnels pour r\u00e9pondre \u00e0 des besoins sp\u00e9cifiques, les programmes de mast\u00e8re sp\u00e9cialis\u00e9\u00ae de l\u2019\u00c9cole des Ponts ParisTech permettent de d\u00e9velopper une sp\u00e9cialisation ou d\u2019acqu\u00e9rir une double comp\u00e9tence. Ces formations post-grade d\u2019une dur\u00e9e de 12 \u00e0 18 mois, \u00e0 temps plein ou partiel, sont labellis\u00e9es par la Conf\u00e9rence des [&hellip;]<\/p>\n","protected":false},"author":1,"featured_media":0,"parent":47,"menu_order":0,"comment_status":"closed","ping_status":"closed","template":"page_violet.php","meta":[],"tags":[31],"acf":[],"yoast_head":"<!-- This site is optimized with the Yoast SEO plugin v21.1 - https:\/\/yoast.com\/wordpress\/plugins\/seo\/ -->\n<title>Les Mast\u00e8res sp\u00e9cialis\u00e9s\u00ae - Rapport d&#039;activit\u00e9 2021<\/title>\n<meta name=\"robots\" content=\"index, follow, max-snippet:-1, max-image-preview:large, max-video-preview:-1\" \/>\n<link rel=\"canonical\" href=\"https:\/\/kiosque.ecoledesponts.fr\/rapport-activite-2021\/former\/la-formation-continue\/les-masteres-specialises\/\" \/>\n<meta property=\"og:locale\" content=\"fr_FR\" \/>\n<meta property=\"og:type\" content=\"article\" \/>\n<meta property=\"og:title\" content=\"Les Mast\u00e8res sp\u00e9cialis\u00e9s\u00ae - Rapport d&#039;activit\u00e9 2021\" \/>\n<meta property=\"og:description\" content=\"Cr\u00e9\u00e9s \u00e0 la demande d\u2019acteurs \u00e9conomiques ou institutionnels pour r\u00e9pondre \u00e0 des besoins sp\u00e9cifiques, les programmes de mast\u00e8re sp\u00e9cialis\u00e9\u00ae de l\u2019\u00c9cole des Ponts ParisTech permettent de d\u00e9velopper une sp\u00e9cialisation ou d\u2019acqu\u00e9rir une double comp\u00e9tence. Ces formations post-grade d\u2019une dur\u00e9e de 12 \u00e0 18 mois, \u00e0 temps plein ou partiel, sont labellis\u00e9es par la Conf\u00e9rence des [&hellip;]\" \/>\n<meta property=\"og:url\" content=\"https:\/\/kiosque.ecoledesponts.fr\/rapport-activite-2021\/former\/la-formation-continue\/les-masteres-specialises\/\" \/>\n<meta property=\"og:site_name\" content=\"Rapport d&#039;activit\u00e9 2021\" \/>\n<meta property=\"article:modified_time\" content=\"2023-01-02T14:58:53+00:00\" \/>\n<meta name=\"twitter:card\" content=\"summary_large_image\" \/>\n<meta name=\"twitter:label1\" content=\"Dur\u00e9e de lecture estim\u00e9e\" \/>\n\t<meta name=\"twitter:data1\" content=\"3 minutes\" \/>\n<script type=\"application\/ld+json\" class=\"yoast-schema-graph\">{\"@context\":\"https:\/\/schema.org\",\"@graph\":[{\"@type\":\"WebPage\",\"@id\":\"https:\/\/kiosque.ecoledesponts.fr\/rapport-activite-2021\/former\/la-formation-continue\/les-masteres-specialises\/\",\"url\":\"https:\/\/kiosque.ecoledesponts.fr\/rapport-activite-2021\/former\/la-formation-continue\/les-masteres-specialises\/\",\"name\":\"Les Mast\u00e8res sp\u00e9cialis\u00e9s\u00ae - Rapport d'activit\u00e9 2021\",\"isPartOf\":{\"@id\":\"https:\/\/kiosque.ecoledesponts.fr\/rapport-activite-2021\/#website\"},\"datePublished\":\"2022-07-29T10:07:45+00:00\",\"dateModified\":\"2023-01-02T14:58:53+00:00\",\"breadcrumb\":{\"@id\":\"https:\/\/kiosque.ecoledesponts.fr\/rapport-activite-2021\/former\/la-formation-continue\/les-masteres-specialises\/#breadcrumb\"},\"inLanguage\":\"fr-FR\",\"potentialAction\":[{\"@type\":\"ReadAction\",\"target\":[\"https:\/\/kiosque.ecoledesponts.fr\/rapport-activite-2021\/former\/la-formation-continue\/les-masteres-specialises\/\"]}]},{\"@type\":\"BreadcrumbList\",\"@id\":\"https:\/\/kiosque.ecoledesponts.fr\/rapport-activite-2021\/former\/la-formation-continue\/les-masteres-specialises\/#breadcrumb\",\"itemListElement\":[{\"@type\":\"ListItem\",\"position\":1,\"name\":\"Accueil\",\"item\":\"https:\/\/kiosque.ecoledesponts.fr\/rapport-activite-2021\/\"},{\"@type\":\"ListItem\",\"position\":2,\"name\":\"Former\",\"item\":\"https:\/\/kiosque.ecoledesponts.fr\/rapport-activite-2021\/former\/\"},{\"@type\":\"ListItem\",\"position\":3,\"name\":\"La formation continue\",\"item\":\"https:\/\/kiosque.ecoledesponts.fr\/rapport-activite-2021\/former\/la-formation-continue\/\"},{\"@type\":\"ListItem\",\"position\":4,\"name\":\"Les Mast\u00e8res sp\u00e9cialis\u00e9s\u00ae\"}]},{\"@type\":\"WebSite\",\"@id\":\"https:\/\/kiosque.ecoledesponts.fr\/rapport-activite-2021\/#website\",\"url\":\"https:\/\/kiosque.ecoledesponts.fr\/rapport-activite-2021\/\",\"name\":\"Rapport d'activit\u00e9 2021\",\"description\":\"Un site utilisant Les sites du kiosque des ponts\",\"potentialAction\":[{\"@type\":\"SearchAction\",\"target\":{\"@type\":\"EntryPoint\",\"urlTemplate\":\"https:\/\/kiosque.ecoledesponts.fr\/rapport-activite-2021\/?s={search_term_string}\"},\"query-input\":\"required name=search_term_string\"}],\"inLanguage\":\"fr-FR\"}]}<\/script>\n<!-- \/ Yoast SEO plugin. -->","yoast_head_json":{"title":"Les Mast\u00e8res sp\u00e9cialis\u00e9s\u00ae - Rapport d'activit\u00e9 2021","robots":{"index":"index","follow":"follow","max-snippet":"max-snippet:-1","max-image-preview":"max-image-preview:large","max-video-preview":"max-video-preview:-1"},"canonical":"https:\/\/kiosque.ecoledesponts.fr\/rapport-activite-2021\/former\/la-formation-continue\/les-masteres-specialises\/","og_locale":"fr_FR","og_type":"article","og_title":"Les Mast\u00e8res sp\u00e9cialis\u00e9s\u00ae - Rapport d'activit\u00e9 2021","og_description":"Cr\u00e9\u00e9s \u00e0 la demande d\u2019acteurs \u00e9conomiques ou institutionnels pour r\u00e9pondre \u00e0 des besoins sp\u00e9cifiques, les programmes de mast\u00e8re sp\u00e9cialis\u00e9\u00ae de l\u2019\u00c9cole des Ponts ParisTech permettent de d\u00e9velopper une sp\u00e9cialisation ou d\u2019acqu\u00e9rir une double comp\u00e9tence. Ces formations post-grade d\u2019une dur\u00e9e de 12 \u00e0 18 mois, \u00e0 temps plein ou partiel, sont labellis\u00e9es par la Conf\u00e9rence des [&hellip;]","og_url":"https:\/\/kiosque.ecoledesponts.fr\/rapport-activite-2021\/former\/la-formation-continue\/les-masteres-specialises\/","og_site_name":"Rapport d'activit\u00e9 2021","article_modified_time":"2023-01-02T14:58:53+00:00","twitter_card":"summary_large_image","twitter_misc":{"Dur\u00e9e de lecture estim\u00e9e":"3 minutes"},"schema":{"@context":"https:\/\/schema.org","@graph":[{"@type":"WebPage","@id":"https:\/\/kiosque.ecoledesponts.fr\/rapport-activite-2021\/former\/la-formation-continue\/les-masteres-specialises\/","url":"https:\/\/kiosque.ecoledesponts.fr\/rapport-activite-2021\/former\/la-formation-continue\/les-masteres-specialises\/","name":"Les Mast\u00e8res sp\u00e9cialis\u00e9s\u00ae - Rapport d'activit\u00e9 2021","isPartOf":{"@id":"https:\/\/kiosque.ecoledesponts.fr\/rapport-activite-2021\/#website"},"datePublished":"2022-07-29T10:07:45+00:00","dateModified":"2023-01-02T14:58:53+00:00","breadcrumb":{"@id":"https:\/\/kiosque.ecoledesponts.fr\/rapport-activite-2021\/former\/la-formation-continue\/les-masteres-specialises\/#breadcrumb"},"inLanguage":"fr-FR","potentialAction":[{"@type":"ReadAction","target":["https:\/\/kiosque.ecoledesponts.fr\/rapport-activite-2021\/former\/la-formation-continue\/les-masteres-specialises\/"]}]},{"@type":"BreadcrumbList","@id":"https:\/\/kiosque.ecoledesponts.fr\/rapport-activite-2021\/former\/la-formation-continue\/les-masteres-specialises\/#breadcrumb","itemListElement":[{"@type":"ListItem","position":1,"name":"Accueil","item":"https:\/\/kiosque.ecoledesponts.fr\/rapport-activite-2021\/"},{"@type":"ListItem","position":2,"name":"Former","item":"https:\/\/kiosque.ecoledesponts.fr\/rapport-activite-2021\/former\/"},{"@type":"ListItem","position":3,"name":"La formation continue","item":"https:\/\/kiosque.ecoledesponts.fr\/rapport-activite-2021\/former\/la-formation-continue\/"},{"@type":"ListItem","position":4,"name":"Les Mast\u00e8res sp\u00e9cialis\u00e9s\u00ae"}]},{"@type":"WebSite","@id":"https:\/\/kiosque.ecoledesponts.fr\/rapport-activite-2021\/#website","url":"https:\/\/kiosque.ecoledesponts.fr\/rapport-activite-2021\/","name":"Rapport d'activit\u00e9 2021","description":"Un site utilisant Les sites du kiosque des ponts","potentialAction":[{"@type":"SearchAction","target":{"@type":"EntryPoint","urlTemplate":"https:\/\/kiosque.ecoledesponts.fr\/rapport-activite-2021\/?s={search_term_string}"},"query-input":"required name=search_term_string"}],"inLanguage":"fr-FR"}]}},"builder_content":"","_links":{"self":[{"href":"https:\/\/kiosque.ecoledesponts.fr\/rapport-activite-2021\/wp-json\/wp\/v2\/pages\/587"}],"collection":[{"href":"https:\/\/kiosque.ecoledesponts.fr\/rapport-activite-2021\/wp-json\/wp\/v2\/pages"}],"about":[{"href":"https:\/\/kiosque.ecoledesponts.fr\/rapport-activite-2021\/wp-json\/wp\/v2\/types\/page"}],"author":[{"embeddable":true,"href":"https:\/\/kiosque.ecoledesponts.fr\/rapport-activite-2021\/wp-json\/wp\/v2\/users\/1"}],"replies":[{"embeddable":true,"href":"https:\/\/kiosque.ecoledesponts.fr\/rapport-activite-2021\/wp-json\/wp\/v2\/comments?post=587"}],"version-history":[{"count":21,"href":"https:\/\/kiosque.ecoledesponts.fr\/rapport-activite-2021\/wp-json\/wp\/v2\/pages\/587\/revisions"}],"predecessor-version":[{"id":4155,"href":"https:\/\/kiosque.ecoledesponts.fr\/rapport-activite-2021\/wp-json\/wp\/v2\/pages\/587\/revisions\/4155"}],"up":[{"embeddable":true,"href":"https:\/\/kiosque.ecoledesponts.fr\/rapport-activite-2021\/wp-json\/wp\/v2\/pages\/47"}],"wp:attachment":[{"href":"https:\/\/kiosque.ecoledesponts.fr\/rapport-activite-2021\/wp-json\/wp\/v2\/media?parent=587"}],"wp:term":[{"taxonomy":"post_tag","embeddable":true,"href":"https:\/\/kiosque.ecoledesponts.fr\/rapport-activite-2021\/wp-json\/wp\/v2\/tags?post=587"}],"curies":[{"name":"wp","href":"https:\/\/api.w.org\/{rel}","templated":true}]}}