{"id":621,"date":"2022-07-29T12:27:30","date_gmt":"2022-07-29T10:27:30","guid":{"rendered":"http:\/\/kiosque.ecoledesponts.fr\/rapport-activite-2021\/?page_id=621"},"modified":"2023-01-02T16:01:54","modified_gmt":"2023-01-02T15:01:54","slug":"ihedate","status":"publish","type":"page","link":"https:\/\/kiosque.ecoledesponts.fr\/rapport-activite-2021\/former\/la-formation-continue\/ihedate\/","title":{"rendered":"IHEDATE"},"content":{"rendered":"<!-- wp:themify-builder\/canvas \/-->\n\n<p>L\u2019Institut des hautes \u00e9tudes d\u2019am\u00e9nagement des territoires (Ih\u00e9date) s\u2019adresse \u00e0 des professionnels confirm\u00e9s\u202f: \u00e9lus, responsables d\u2019entreprise, acteurs sociaux et associatifs, journalistes, fonctionnaires d\u2019\u00c9tat et de collectivit\u00e9s territoriales. Ses formations offrent un espace de compr\u00e9hension et de dialogue entre les diff\u00e9rentes cultures professionnelles des acteurs qui concourent au d\u00e9veloppement des territoires. Au cours de ses 20 ans d\u2019existence, l\u2019Ih\u00e9date a form\u00e9 plus de 1 000 auditeurs, qui constituent sa communaut\u00e9 d\u2019alumni. Son organisation partenariale originale, associant une vingtaine de structures publiques et priv\u00e9es, en fait un carrefour privil\u00e9gi\u00e9 de d\u00e9bats et de prospective sur les enjeux territoriaux. Le cycle annuel rassemble une soixantaine d\u2019auditeurs de janvier \u00e0 d\u00e9cembre. Il se compose de sessions th\u00e9matiques de deux jours chaque mois, d\u2019une mission d\u2019\u00e9tude de cinq jours dans un pays europ\u00e9en et d\u2019un travail en ateliers pour approfondir par petits groupes un sujet en lien avec le \u00ab\u202ffil rouge\u202f\u00bb de l\u2019ann\u00e9e. L\u2019Ih\u00e9date propose \u00e9galement un cycle des hautes \u00e9tudes Territoires et mobilit\u00e9s, amorc\u00e9 avec le soutien de France Mobilit\u00e9s en 2019, sur un format un peu plus ramass\u00e9 et un profil d\u2019auditeurs et d\u2019auditrices plus experts des questions de mobilit\u00e9.<\/p>\n<p>L\u2019ann\u00e9e 2021 s\u2019est inscrite dans le prolongement du cycle 2020 marqu\u00e9 par un fort investissement sur les enjeux environnementaux (\u00e0 travers le cycle annuel consacr\u00e9 au th\u00e8me \u00ab Vuln\u00e9rabilit\u00e9s et r\u00e9silience territoriale \u00bb) et sur les enjeux de mobilit\u00e9 avec un cycle th\u00e9matis\u00e9 sur \u00ab Bouger \/ d\u00e9carboner : faut-il choisir ? \u00bb. Toutefois, le d\u00e9roulement de ces cycles a cette ann\u00e9e encore \u00e9t\u00e9 en partie affect\u00e9 par la situation sanitaire. <br>Le cycle annuel s\u2019est tenu en visioconf\u00e9rence durant le 1er semestre, soit quatre sessions sur six au total. La mission d\u2019\u00e9tude en France pr\u00e9vue au 1er trimestre (trois jours) a \u00e9t\u00e9 annul\u00e9e au profit d\u2019un travail en atelier au long cours, qui a d\u00e9marr\u00e9 par trois jours en mars d\u2019apport de m\u00e9thodes, d\u2019interventions inspirantes et de premiers travaux d\u2019organisation avec les coordonnateurs d\u2019ateliers. La mission d\u2019\u00e9tude et les ateliers sur le terrain ont \u00e9t\u00e9 invers\u00e9s\u202f: la mission d\u2019\u00e9tude en Allemagne du Nord s\u2019est ainsi tenue au d\u00e9but du mois de septembre et les ateliers se sont d\u00e9roul\u00e9s \u00e0 la mi-juin.<\/p>\n<p>Le cycle des hautes \u00e9tudes Territoires et mobilit\u00e9s, organis\u00e9 pour la seconde ann\u00e9e, a \u00e9t\u00e9 plus impact\u00e9 que lors du premier exercice puisqu\u2019il s\u2019est int\u00e9gralement d\u00e9roul\u00e9 en visioconf\u00e9rence (cinq sessions), hormis pour les ateliers ainsi que pour la mission d\u2019\u00e9tude en Belgique d\u00e9cal\u00e9e \u00e0 la mi-septembre.<\/p>\n<p>L\u2019adaptation des deux cycles s\u2019est inscrite dans la poursuite des objectifs de 2020\u202f: pr\u00e9server au maximum le pr\u00e9sentiel et le terrain, et organiser les interactions lors des temps \u00e0 distance.<\/p>","protected":false},"excerpt":{"rendered":"<p>L\u2019Institut des hautes \u00e9tudes d\u2019am\u00e9nagement des territoires (Ih\u00e9date) s\u2019adresse \u00e0 des professionnels confirm\u00e9s\u202f: \u00e9lus, responsables d\u2019entreprise, acteurs sociaux et associatifs, journalistes, fonctionnaires d\u2019\u00c9tat et de collectivit\u00e9s territoriales. Ses formations offrent un espace de compr\u00e9hension et de dialogue entre les diff\u00e9rentes cultures professionnelles des acteurs qui concourent au d\u00e9veloppement des territoires. Au cours de ses 20 [&hellip;]<\/p>\n","protected":false},"author":1,"featured_media":0,"parent":47,"menu_order":0,"comment_status":"closed","ping_status":"closed","template":"page_violet.php","meta":[],"tags":[33,31],"acf":[],"yoast_head":"<!-- This site is optimized with the Yoast SEO plugin v21.1 - https:\/\/yoast.com\/wordpress\/plugins\/seo\/ -->\n<title>IHEDATE - Rapport d&#039;activit\u00e9 2021<\/title>\n<meta name=\"robots\" content=\"index, follow, max-snippet:-1, max-image-preview:large, max-video-preview:-1\" \/>\n<link rel=\"canonical\" href=\"https:\/\/kiosque.ecoledesponts.fr\/rapport-activite-2021\/former\/la-formation-continue\/ihedate\/\" \/>\n<meta property=\"og:locale\" content=\"fr_FR\" \/>\n<meta property=\"og:type\" content=\"article\" \/>\n<meta property=\"og:title\" content=\"IHEDATE - Rapport d&#039;activit\u00e9 2021\" \/>\n<meta property=\"og:description\" content=\"L\u2019Institut des hautes \u00e9tudes d\u2019am\u00e9nagement des territoires (Ih\u00e9date) s\u2019adresse \u00e0 des professionnels confirm\u00e9s\u202f: \u00e9lus, responsables d\u2019entreprise, acteurs sociaux et associatifs, journalistes, fonctionnaires d\u2019\u00c9tat et de collectivit\u00e9s territoriales. Ses formations offrent un espace de compr\u00e9hension et de dialogue entre les diff\u00e9rentes cultures professionnelles des acteurs qui concourent au d\u00e9veloppement des territoires. Au cours de ses 20 [&hellip;]\" \/>\n<meta property=\"og:url\" content=\"https:\/\/kiosque.ecoledesponts.fr\/rapport-activite-2021\/former\/la-formation-continue\/ihedate\/\" \/>\n<meta property=\"og:site_name\" content=\"Rapport d&#039;activit\u00e9 2021\" \/>\n<meta property=\"article:modified_time\" content=\"2023-01-02T15:01:54+00:00\" \/>\n<meta name=\"twitter:card\" content=\"summary_large_image\" \/>\n<meta name=\"twitter:label1\" content=\"Dur\u00e9e de lecture estim\u00e9e\" \/>\n\t<meta name=\"twitter:data1\" content=\"2 minutes\" \/>\n<script type=\"application\/ld+json\" class=\"yoast-schema-graph\">{\"@context\":\"https:\/\/schema.org\",\"@graph\":[{\"@type\":\"WebPage\",\"@id\":\"https:\/\/kiosque.ecoledesponts.fr\/rapport-activite-2021\/former\/la-formation-continue\/ihedate\/\",\"url\":\"https:\/\/kiosque.ecoledesponts.fr\/rapport-activite-2021\/former\/la-formation-continue\/ihedate\/\",\"name\":\"IHEDATE - Rapport d'activit\u00e9 2021\",\"isPartOf\":{\"@id\":\"https:\/\/kiosque.ecoledesponts.fr\/rapport-activite-2021\/#website\"},\"datePublished\":\"2022-07-29T10:27:30+00:00\",\"dateModified\":\"2023-01-02T15:01:54+00:00\",\"breadcrumb\":{\"@id\":\"https:\/\/kiosque.ecoledesponts.fr\/rapport-activite-2021\/former\/la-formation-continue\/ihedate\/#breadcrumb\"},\"inLanguage\":\"fr-FR\",\"potentialAction\":[{\"@type\":\"ReadAction\",\"target\":[\"https:\/\/kiosque.ecoledesponts.fr\/rapport-activite-2021\/former\/la-formation-continue\/ihedate\/\"]}]},{\"@type\":\"BreadcrumbList\",\"@id\":\"https:\/\/kiosque.ecoledesponts.fr\/rapport-activite-2021\/former\/la-formation-continue\/ihedate\/#breadcrumb\",\"itemListElement\":[{\"@type\":\"ListItem\",\"position\":1,\"name\":\"Accueil\",\"item\":\"https:\/\/kiosque.ecoledesponts.fr\/rapport-activite-2021\/\"},{\"@type\":\"ListItem\",\"position\":2,\"name\":\"Former\",\"item\":\"https:\/\/kiosque.ecoledesponts.fr\/rapport-activite-2021\/former\/\"},{\"@type\":\"ListItem\",\"position\":3,\"name\":\"La formation continue\",\"item\":\"https:\/\/kiosque.ecoledesponts.fr\/rapport-activite-2021\/former\/la-formation-continue\/\"},{\"@type\":\"ListItem\",\"position\":4,\"name\":\"IHEDATE\"}]},{\"@type\":\"WebSite\",\"@id\":\"https:\/\/kiosque.ecoledesponts.fr\/rapport-activite-2021\/#website\",\"url\":\"https:\/\/kiosque.ecoledesponts.fr\/rapport-activite-2021\/\",\"name\":\"Rapport d'activit\u00e9 2021\",\"description\":\"Un site utilisant Les sites du kiosque des ponts\",\"potentialAction\":[{\"@type\":\"SearchAction\",\"target\":{\"@type\":\"EntryPoint\",\"urlTemplate\":\"https:\/\/kiosque.ecoledesponts.fr\/rapport-activite-2021\/?s={search_term_string}\"},\"query-input\":\"required name=search_term_string\"}],\"inLanguage\":\"fr-FR\"}]}<\/script>\n<!-- \/ Yoast SEO plugin. -->","yoast_head_json":{"title":"IHEDATE - Rapport d'activit\u00e9 2021","robots":{"index":"index","follow":"follow","max-snippet":"max-snippet:-1","max-image-preview":"max-image-preview:large","max-video-preview":"max-video-preview:-1"},"canonical":"https:\/\/kiosque.ecoledesponts.fr\/rapport-activite-2021\/former\/la-formation-continue\/ihedate\/","og_locale":"fr_FR","og_type":"article","og_title":"IHEDATE - Rapport d'activit\u00e9 2021","og_description":"L\u2019Institut des hautes \u00e9tudes d\u2019am\u00e9nagement des territoires (Ih\u00e9date) s\u2019adresse \u00e0 des professionnels confirm\u00e9s\u202f: \u00e9lus, responsables d\u2019entreprise, acteurs sociaux et associatifs, journalistes, fonctionnaires d\u2019\u00c9tat et de collectivit\u00e9s territoriales. Ses formations offrent un espace de compr\u00e9hension et de dialogue entre les diff\u00e9rentes cultures professionnelles des acteurs qui concourent au d\u00e9veloppement des territoires. Au cours de ses 20 [&hellip;]","og_url":"https:\/\/kiosque.ecoledesponts.fr\/rapport-activite-2021\/former\/la-formation-continue\/ihedate\/","og_site_name":"Rapport d'activit\u00e9 2021","article_modified_time":"2023-01-02T15:01:54+00:00","twitter_card":"summary_large_image","twitter_misc":{"Dur\u00e9e de lecture estim\u00e9e":"2 minutes"},"schema":{"@context":"https:\/\/schema.org","@graph":[{"@type":"WebPage","@id":"https:\/\/kiosque.ecoledesponts.fr\/rapport-activite-2021\/former\/la-formation-continue\/ihedate\/","url":"https:\/\/kiosque.ecoledesponts.fr\/rapport-activite-2021\/former\/la-formation-continue\/ihedate\/","name":"IHEDATE - Rapport d'activit\u00e9 2021","isPartOf":{"@id":"https:\/\/kiosque.ecoledesponts.fr\/rapport-activite-2021\/#website"},"datePublished":"2022-07-29T10:27:30+00:00","dateModified":"2023-01-02T15:01:54+00:00","breadcrumb":{"@id":"https:\/\/kiosque.ecoledesponts.fr\/rapport-activite-2021\/former\/la-formation-continue\/ihedate\/#breadcrumb"},"inLanguage":"fr-FR","potentialAction":[{"@type":"ReadAction","target":["https:\/\/kiosque.ecoledesponts.fr\/rapport-activite-2021\/former\/la-formation-continue\/ihedate\/"]}]},{"@type":"BreadcrumbList","@id":"https:\/\/kiosque.ecoledesponts.fr\/rapport-activite-2021\/former\/la-formation-continue\/ihedate\/#breadcrumb","itemListElement":[{"@type":"ListItem","position":1,"name":"Accueil","item":"https:\/\/kiosque.ecoledesponts.fr\/rapport-activite-2021\/"},{"@type":"ListItem","position":2,"name":"Former","item":"https:\/\/kiosque.ecoledesponts.fr\/rapport-activite-2021\/former\/"},{"@type":"ListItem","position":3,"name":"La formation continue","item":"https:\/\/kiosque.ecoledesponts.fr\/rapport-activite-2021\/former\/la-formation-continue\/"},{"@type":"ListItem","position":4,"name":"IHEDATE"}]},{"@type":"WebSite","@id":"https:\/\/kiosque.ecoledesponts.fr\/rapport-activite-2021\/#website","url":"https:\/\/kiosque.ecoledesponts.fr\/rapport-activite-2021\/","name":"Rapport d'activit\u00e9 2021","description":"Un site utilisant Les sites du kiosque des ponts","potentialAction":[{"@type":"SearchAction","target":{"@type":"EntryPoint","urlTemplate":"https:\/\/kiosque.ecoledesponts.fr\/rapport-activite-2021\/?s={search_term_string}"},"query-input":"required name=search_term_string"}],"inLanguage":"fr-FR"}]}},"builder_content":"","_links":{"self":[{"href":"https:\/\/kiosque.ecoledesponts.fr\/rapport-activite-2021\/wp-json\/wp\/v2\/pages\/621"}],"collection":[{"href":"https:\/\/kiosque.ecoledesponts.fr\/rapport-activite-2021\/wp-json\/wp\/v2\/pages"}],"about":[{"href":"https:\/\/kiosque.ecoledesponts.fr\/rapport-activite-2021\/wp-json\/wp\/v2\/types\/page"}],"author":[{"embeddable":true,"href":"https:\/\/kiosque.ecoledesponts.fr\/rapport-activite-2021\/wp-json\/wp\/v2\/users\/1"}],"replies":[{"embeddable":true,"href":"https:\/\/kiosque.ecoledesponts.fr\/rapport-activite-2021\/wp-json\/wp\/v2\/comments?post=621"}],"version-history":[{"count":3,"href":"https:\/\/kiosque.ecoledesponts.fr\/rapport-activite-2021\/wp-json\/wp\/v2\/pages\/621\/revisions"}],"predecessor-version":[{"id":4163,"href":"https:\/\/kiosque.ecoledesponts.fr\/rapport-activite-2021\/wp-json\/wp\/v2\/pages\/621\/revisions\/4163"}],"up":[{"embeddable":true,"href":"https:\/\/kiosque.ecoledesponts.fr\/rapport-activite-2021\/wp-json\/wp\/v2\/pages\/47"}],"wp:attachment":[{"href":"https:\/\/kiosque.ecoledesponts.fr\/rapport-activite-2021\/wp-json\/wp\/v2\/media?parent=621"}],"wp:term":[{"taxonomy":"post_tag","embeddable":true,"href":"https:\/\/kiosque.ecoledesponts.fr\/rapport-activite-2021\/wp-json\/wp\/v2\/tags?post=621"}],"curies":[{"name":"wp","href":"https:\/\/api.w.org\/{rel}","templated":true}]}}