{"id":725,"date":"2022-07-29T17:17:45","date_gmt":"2022-07-29T15:17:45","guid":{"rendered":"http:\/\/kiosque.ecoledesponts.fr\/rapport-activite-2021\/?page_id=725"},"modified":"2023-01-02T16:07:24","modified_gmt":"2023-01-02T15:07:24","slug":"la-strategie-de-recherche-de-lecole-des-ponts-paristech","status":"publish","type":"page","link":"https:\/\/kiosque.ecoledesponts.fr\/rapport-activite-2021\/chercher-et-innover\/reussir-la-transition-ecologique\/la-strategie-de-recherche-de-lecole-des-ponts-paristech\/","title":{"rendered":"La strat\u00e9gie de recherche de l\u2019\u00c9cole des Ponts ParisTech"},"content":{"rendered":"<!-- wp:themify-builder\/canvas \/-->\n\n<p>\u00c9labor\u00e9e avec les laboratoires sous la coordination de la direction de la Recherche, la strat\u00e9gie de recherche de l\u2019\u00c9cole des Ponts ParisTech vise \u00e0 f\u00e9d\u00e9rer les forces et \u00e0 mobiliser les expertises interdisciplinaires autour des quatre enjeux socio-\u00e9conomiques cl\u00e9s pour l\u2019\u00c9cole.<\/p>","protected":false},"excerpt":{"rendered":"<p>\u00c9labor\u00e9e avec les laboratoires sous la coordination de la direction de la Recherche, la strat\u00e9gie de recherche de l\u2019\u00c9cole des Ponts ParisTech vise \u00e0 f\u00e9d\u00e9rer les forces et \u00e0 mobiliser les expertises interdisciplinaires autour des quatre enjeux socio-\u00e9conomiques cl\u00e9s pour l\u2019\u00c9cole.<\/p>\n","protected":false},"author":1,"featured_media":0,"parent":627,"menu_order":0,"comment_status":"closed","ping_status":"closed","template":"page_orange.php","meta":[],"tags":[49,29,39],"acf":[],"yoast_head":"<!-- This site is optimized with the Yoast SEO plugin v21.1 - https:\/\/yoast.com\/wordpress\/plugins\/seo\/ -->\n<title>La strat\u00e9gie de recherche de l\u2019\u00c9cole des Ponts ParisTech - Rapport d&#039;activit\u00e9 2021<\/title>\n<meta name=\"robots\" content=\"index, follow, max-snippet:-1, max-image-preview:large, max-video-preview:-1\" \/>\n<link rel=\"canonical\" href=\"https:\/\/kiosque.ecoledesponts.fr\/rapport-activite-2021\/chercher-et-innover\/reussir-la-transition-ecologique\/la-strategie-de-recherche-de-lecole-des-ponts-paristech\/\" \/>\n<meta property=\"og:locale\" content=\"fr_FR\" \/>\n<meta property=\"og:type\" content=\"article\" \/>\n<meta property=\"og:title\" content=\"La strat\u00e9gie de recherche de l\u2019\u00c9cole des Ponts ParisTech - Rapport d&#039;activit\u00e9 2021\" \/>\n<meta property=\"og:description\" content=\"\u00c9labor\u00e9e avec les laboratoires sous la coordination de la direction de la Recherche, la strat\u00e9gie de recherche de l\u2019\u00c9cole des Ponts ParisTech vise \u00e0 f\u00e9d\u00e9rer les forces et \u00e0 mobiliser les expertises interdisciplinaires autour des quatre enjeux socio-\u00e9conomiques cl\u00e9s pour l\u2019\u00c9cole.\" \/>\n<meta property=\"og:url\" content=\"https:\/\/kiosque.ecoledesponts.fr\/rapport-activite-2021\/chercher-et-innover\/reussir-la-transition-ecologique\/la-strategie-de-recherche-de-lecole-des-ponts-paristech\/\" \/>\n<meta property=\"og:site_name\" content=\"Rapport d&#039;activit\u00e9 2021\" \/>\n<meta property=\"article:modified_time\" content=\"2023-01-02T15:07:24+00:00\" \/>\n<meta name=\"twitter:card\" content=\"summary_large_image\" \/>\n<script type=\"application\/ld+json\" class=\"yoast-schema-graph\">{\"@context\":\"https:\/\/schema.org\",\"@graph\":[{\"@type\":\"WebPage\",\"@id\":\"https:\/\/kiosque.ecoledesponts.fr\/rapport-activite-2021\/chercher-et-innover\/reussir-la-transition-ecologique\/la-strategie-de-recherche-de-lecole-des-ponts-paristech\/\",\"url\":\"https:\/\/kiosque.ecoledesponts.fr\/rapport-activite-2021\/chercher-et-innover\/reussir-la-transition-ecologique\/la-strategie-de-recherche-de-lecole-des-ponts-paristech\/\",\"name\":\"La strat\u00e9gie de recherche de l\u2019\u00c9cole des Ponts ParisTech - Rapport d'activit\u00e9 2021\",\"isPartOf\":{\"@id\":\"https:\/\/kiosque.ecoledesponts.fr\/rapport-activite-2021\/#website\"},\"datePublished\":\"2022-07-29T15:17:45+00:00\",\"dateModified\":\"2023-01-02T15:07:24+00:00\",\"breadcrumb\":{\"@id\":\"https:\/\/kiosque.ecoledesponts.fr\/rapport-activite-2021\/chercher-et-innover\/reussir-la-transition-ecologique\/la-strategie-de-recherche-de-lecole-des-ponts-paristech\/#breadcrumb\"},\"inLanguage\":\"fr-FR\",\"potentialAction\":[{\"@type\":\"ReadAction\",\"target\":[\"https:\/\/kiosque.ecoledesponts.fr\/rapport-activite-2021\/chercher-et-innover\/reussir-la-transition-ecologique\/la-strategie-de-recherche-de-lecole-des-ponts-paristech\/\"]}]},{\"@type\":\"BreadcrumbList\",\"@id\":\"https:\/\/kiosque.ecoledesponts.fr\/rapport-activite-2021\/chercher-et-innover\/reussir-la-transition-ecologique\/la-strategie-de-recherche-de-lecole-des-ponts-paristech\/#breadcrumb\",\"itemListElement\":[{\"@type\":\"ListItem\",\"position\":1,\"name\":\"Accueil\",\"item\":\"https:\/\/kiosque.ecoledesponts.fr\/rapport-activite-2021\/\"},{\"@type\":\"ListItem\",\"position\":2,\"name\":\"Chercher et innover\",\"item\":\"https:\/\/kiosque.ecoledesponts.fr\/rapport-activite-2021\/chercher-et-innover\/\"},{\"@type\":\"ListItem\",\"position\":3,\"name\":\"R\u00e9ussir la transition \u00e9cologique\",\"item\":\"https:\/\/kiosque.ecoledesponts.fr\/rapport-activite-2021\/chercher-et-innover\/reussir-la-transition-ecologique\/\"},{\"@type\":\"ListItem\",\"position\":4,\"name\":\"La strat\u00e9gie de recherche de l\u2019\u00c9cole des Ponts ParisTech\"}]},{\"@type\":\"WebSite\",\"@id\":\"https:\/\/kiosque.ecoledesponts.fr\/rapport-activite-2021\/#website\",\"url\":\"https:\/\/kiosque.ecoledesponts.fr\/rapport-activite-2021\/\",\"name\":\"Rapport d'activit\u00e9 2021\",\"description\":\"Un site utilisant Les sites du kiosque des ponts\",\"potentialAction\":[{\"@type\":\"SearchAction\",\"target\":{\"@type\":\"EntryPoint\",\"urlTemplate\":\"https:\/\/kiosque.ecoledesponts.fr\/rapport-activite-2021\/?s={search_term_string}\"},\"query-input\":\"required name=search_term_string\"}],\"inLanguage\":\"fr-FR\"}]}<\/script>\n<!-- \/ Yoast SEO plugin. -->","yoast_head_json":{"title":"La strat\u00e9gie de recherche de l\u2019\u00c9cole des Ponts ParisTech - Rapport d'activit\u00e9 2021","robots":{"index":"index","follow":"follow","max-snippet":"max-snippet:-1","max-image-preview":"max-image-preview:large","max-video-preview":"max-video-preview:-1"},"canonical":"https:\/\/kiosque.ecoledesponts.fr\/rapport-activite-2021\/chercher-et-innover\/reussir-la-transition-ecologique\/la-strategie-de-recherche-de-lecole-des-ponts-paristech\/","og_locale":"fr_FR","og_type":"article","og_title":"La strat\u00e9gie de recherche de l\u2019\u00c9cole des Ponts ParisTech - Rapport d'activit\u00e9 2021","og_description":"\u00c9labor\u00e9e avec les laboratoires sous la coordination de la direction de la Recherche, la strat\u00e9gie de recherche de l\u2019\u00c9cole des Ponts ParisTech vise \u00e0 f\u00e9d\u00e9rer les forces et \u00e0 mobiliser les expertises interdisciplinaires autour des quatre enjeux socio-\u00e9conomiques cl\u00e9s pour l\u2019\u00c9cole.","og_url":"https:\/\/kiosque.ecoledesponts.fr\/rapport-activite-2021\/chercher-et-innover\/reussir-la-transition-ecologique\/la-strategie-de-recherche-de-lecole-des-ponts-paristech\/","og_site_name":"Rapport d'activit\u00e9 2021","article_modified_time":"2023-01-02T15:07:24+00:00","twitter_card":"summary_large_image","schema":{"@context":"https:\/\/schema.org","@graph":[{"@type":"WebPage","@id":"https:\/\/kiosque.ecoledesponts.fr\/rapport-activite-2021\/chercher-et-innover\/reussir-la-transition-ecologique\/la-strategie-de-recherche-de-lecole-des-ponts-paristech\/","url":"https:\/\/kiosque.ecoledesponts.fr\/rapport-activite-2021\/chercher-et-innover\/reussir-la-transition-ecologique\/la-strategie-de-recherche-de-lecole-des-ponts-paristech\/","name":"La strat\u00e9gie de recherche de l\u2019\u00c9cole des Ponts ParisTech - Rapport d'activit\u00e9 2021","isPartOf":{"@id":"https:\/\/kiosque.ecoledesponts.fr\/rapport-activite-2021\/#website"},"datePublished":"2022-07-29T15:17:45+00:00","dateModified":"2023-01-02T15:07:24+00:00","breadcrumb":{"@id":"https:\/\/kiosque.ecoledesponts.fr\/rapport-activite-2021\/chercher-et-innover\/reussir-la-transition-ecologique\/la-strategie-de-recherche-de-lecole-des-ponts-paristech\/#breadcrumb"},"inLanguage":"fr-FR","potentialAction":[{"@type":"ReadAction","target":["https:\/\/kiosque.ecoledesponts.fr\/rapport-activite-2021\/chercher-et-innover\/reussir-la-transition-ecologique\/la-strategie-de-recherche-de-lecole-des-ponts-paristech\/"]}]},{"@type":"BreadcrumbList","@id":"https:\/\/kiosque.ecoledesponts.fr\/rapport-activite-2021\/chercher-et-innover\/reussir-la-transition-ecologique\/la-strategie-de-recherche-de-lecole-des-ponts-paristech\/#breadcrumb","itemListElement":[{"@type":"ListItem","position":1,"name":"Accueil","item":"https:\/\/kiosque.ecoledesponts.fr\/rapport-activite-2021\/"},{"@type":"ListItem","position":2,"name":"Chercher et innover","item":"https:\/\/kiosque.ecoledesponts.fr\/rapport-activite-2021\/chercher-et-innover\/"},{"@type":"ListItem","position":3,"name":"R\u00e9ussir la transition \u00e9cologique","item":"https:\/\/kiosque.ecoledesponts.fr\/rapport-activite-2021\/chercher-et-innover\/reussir-la-transition-ecologique\/"},{"@type":"ListItem","position":4,"name":"La strat\u00e9gie de recherche de l\u2019\u00c9cole des Ponts ParisTech"}]},{"@type":"WebSite","@id":"https:\/\/kiosque.ecoledesponts.fr\/rapport-activite-2021\/#website","url":"https:\/\/kiosque.ecoledesponts.fr\/rapport-activite-2021\/","name":"Rapport d'activit\u00e9 2021","description":"Un site utilisant Les sites du kiosque des ponts","potentialAction":[{"@type":"SearchAction","target":{"@type":"EntryPoint","urlTemplate":"https:\/\/kiosque.ecoledesponts.fr\/rapport-activite-2021\/?s={search_term_string}"},"query-input":"required name=search_term_string"}],"inLanguage":"fr-FR"}]}},"builder_content":"","_links":{"self":[{"href":"https:\/\/kiosque.ecoledesponts.fr\/rapport-activite-2021\/wp-json\/wp\/v2\/pages\/725"}],"collection":[{"href":"https:\/\/kiosque.ecoledesponts.fr\/rapport-activite-2021\/wp-json\/wp\/v2\/pages"}],"about":[{"href":"https:\/\/kiosque.ecoledesponts.fr\/rapport-activite-2021\/wp-json\/wp\/v2\/types\/page"}],"author":[{"embeddable":true,"href":"https:\/\/kiosque.ecoledesponts.fr\/rapport-activite-2021\/wp-json\/wp\/v2\/users\/1"}],"replies":[{"embeddable":true,"href":"https:\/\/kiosque.ecoledesponts.fr\/rapport-activite-2021\/wp-json\/wp\/v2\/comments?post=725"}],"version-history":[{"count":2,"href":"https:\/\/kiosque.ecoledesponts.fr\/rapport-activite-2021\/wp-json\/wp\/v2\/pages\/725\/revisions"}],"predecessor-version":[{"id":4177,"href":"https:\/\/kiosque.ecoledesponts.fr\/rapport-activite-2021\/wp-json\/wp\/v2\/pages\/725\/revisions\/4177"}],"up":[{"embeddable":true,"href":"https:\/\/kiosque.ecoledesponts.fr\/rapport-activite-2021\/wp-json\/wp\/v2\/pages\/627"}],"wp:attachment":[{"href":"https:\/\/kiosque.ecoledesponts.fr\/rapport-activite-2021\/wp-json\/wp\/v2\/media?parent=725"}],"wp:term":[{"taxonomy":"post_tag","embeddable":true,"href":"https:\/\/kiosque.ecoledesponts.fr\/rapport-activite-2021\/wp-json\/wp\/v2\/tags?post=725"}],"curies":[{"name":"wp","href":"https:\/\/api.w.org\/{rel}","templated":true}]}}