{"id":869,"date":"2022-08-09T12:26:47","date_gmt":"2022-08-09T10:26:47","guid":{"rendered":"http:\/\/kiosque.ecoledesponts.fr\/rapport-activite-2021\/?page_id=869"},"modified":"2023-01-02T16:33:02","modified_gmt":"2023-01-02T15:33:02","slug":"urbain-vaes-charge-de-recherche-inria-au-cermics","status":"publish","type":"page","link":"https:\/\/kiosque.ecoledesponts.fr\/rapport-activite-2021\/chercher-et-innover\/industrie-du-futur\/faits-marquants\/urbain-vaes-charge-de-recherche-inria-au-cermics\/","title":{"rendered":"Urbain Vaes, charg\u00e9 de recherche Inria au Cermics"},"content":{"rendered":"<!--themify_builder_content-->\n<div id=\"themify_builder_content-869\" data-postid=\"869\" class=\"themify_builder_content themify_builder_content-869 themify_builder tf_clear\">\n    <\/div>\n<!--\/themify_builder_content-->\n\n<p class=\"TXTCOURANT\"><img decoding=\"async\" loading=\"lazy\" class=\"img_border alignleft wp-image-873 size-thumbnail\" src=\"http:\/\/kiosque.ecoledesponts.fr\/rapport-activite-2021\/wp-content\/uploads\/sites\/3\/2022\/08\/u-vaes-150x150.jpg\" alt=\"Urbain Vaes\" width=\"150\" height=\"150\" \/>Urbain Vaes a rejoint Matherials, une \u00e9quipe projet commune \u00e0 Inria et l\u2019\u00c9cole des Ponts ParisTech. Sa recherche porte sur l\u2019analyse et l\u2019am\u00e9lioration de m\u00e9thodes syst\u00e9matiques pour \u00e9chantillonner des mesures de probabilit\u00e9 en grande dimension.<\/p>","protected":false},"excerpt":{"rendered":"<p>Urbain Vaes a rejoint Matherials, une \u00e9quipe projet commune \u00e0 Inria et l\u2019\u00c9cole des Ponts ParisTech. Sa recherche porte sur l\u2019analyse et l\u2019am\u00e9lioration de m\u00e9thodes syst\u00e9matiques pour \u00e9chantillonner des mesures de probabilit\u00e9 en grande dimension.<\/p>\n","protected":false},"author":1,"featured_media":0,"parent":831,"menu_order":0,"comment_status":"closed","ping_status":"closed","template":"page_orange.php","meta":[],"tags":[49,53,29],"acf":[],"yoast_head":"<!-- This site is optimized with the Yoast SEO plugin v21.1 - https:\/\/yoast.com\/wordpress\/plugins\/seo\/ -->\n<title>Urbain Vaes, charg\u00e9 de recherche Inria au Cermics - Rapport d&#039;activit\u00e9 2021<\/title>\n<meta name=\"robots\" content=\"index, follow, max-snippet:-1, max-image-preview:large, max-video-preview:-1\" \/>\n<link rel=\"canonical\" href=\"https:\/\/kiosque.ecoledesponts.fr\/rapport-activite-2021\/chercher-et-innover\/industrie-du-futur\/faits-marquants\/urbain-vaes-charge-de-recherche-inria-au-cermics\/\" \/>\n<meta property=\"og:locale\" content=\"fr_FR\" \/>\n<meta property=\"og:type\" content=\"article\" \/>\n<meta property=\"og:title\" content=\"Urbain Vaes, charg\u00e9 de recherche Inria au Cermics - Rapport d&#039;activit\u00e9 2021\" \/>\n<meta property=\"og:description\" content=\"Urbain Vaes a rejoint Matherials, une \u00e9quipe projet commune \u00e0 Inria et l\u2019\u00c9cole des Ponts ParisTech. Sa recherche porte sur l\u2019analyse et l\u2019am\u00e9lioration de m\u00e9thodes syst\u00e9matiques pour \u00e9chantillonner des mesures de probabilit\u00e9 en grande dimension.\" \/>\n<meta property=\"og:url\" content=\"https:\/\/kiosque.ecoledesponts.fr\/rapport-activite-2021\/chercher-et-innover\/industrie-du-futur\/faits-marquants\/urbain-vaes-charge-de-recherche-inria-au-cermics\/\" \/>\n<meta property=\"og:site_name\" content=\"Rapport d&#039;activit\u00e9 2021\" \/>\n<meta property=\"article:modified_time\" content=\"2023-01-02T15:33:02+00:00\" \/>\n<meta property=\"og:image\" content=\"http:\/\/kiosque.ecoledesponts.fr\/rapport-activite-2021\/wp-content\/uploads\/sites\/3\/2022\/08\/u-vaes-150x150.jpg\" \/>\n<meta name=\"twitter:card\" content=\"summary_large_image\" \/>\n<script type=\"application\/ld+json\" class=\"yoast-schema-graph\">{\"@context\":\"https:\/\/schema.org\",\"@graph\":[{\"@type\":\"WebPage\",\"@id\":\"https:\/\/kiosque.ecoledesponts.fr\/rapport-activite-2021\/chercher-et-innover\/industrie-du-futur\/faits-marquants\/urbain-vaes-charge-de-recherche-inria-au-cermics\/\",\"url\":\"https:\/\/kiosque.ecoledesponts.fr\/rapport-activite-2021\/chercher-et-innover\/industrie-du-futur\/faits-marquants\/urbain-vaes-charge-de-recherche-inria-au-cermics\/\",\"name\":\"Urbain Vaes, charg\u00e9 de recherche Inria au Cermics - Rapport d'activit\u00e9 2021\",\"isPartOf\":{\"@id\":\"https:\/\/kiosque.ecoledesponts.fr\/rapport-activite-2021\/#website\"},\"datePublished\":\"2022-08-09T10:26:47+00:00\",\"dateModified\":\"2023-01-02T15:33:02+00:00\",\"breadcrumb\":{\"@id\":\"https:\/\/kiosque.ecoledesponts.fr\/rapport-activite-2021\/chercher-et-innover\/industrie-du-futur\/faits-marquants\/urbain-vaes-charge-de-recherche-inria-au-cermics\/#breadcrumb\"},\"inLanguage\":\"fr-FR\",\"potentialAction\":[{\"@type\":\"ReadAction\",\"target\":[\"https:\/\/kiosque.ecoledesponts.fr\/rapport-activite-2021\/chercher-et-innover\/industrie-du-futur\/faits-marquants\/urbain-vaes-charge-de-recherche-inria-au-cermics\/\"]}]},{\"@type\":\"BreadcrumbList\",\"@id\":\"https:\/\/kiosque.ecoledesponts.fr\/rapport-activite-2021\/chercher-et-innover\/industrie-du-futur\/faits-marquants\/urbain-vaes-charge-de-recherche-inria-au-cermics\/#breadcrumb\",\"itemListElement\":[{\"@type\":\"ListItem\",\"position\":1,\"name\":\"Accueil\",\"item\":\"https:\/\/kiosque.ecoledesponts.fr\/rapport-activite-2021\/\"},{\"@type\":\"ListItem\",\"position\":2,\"name\":\"Chercher et innover\",\"item\":\"https:\/\/kiosque.ecoledesponts.fr\/rapport-activite-2021\/chercher-et-innover\/\"},{\"@type\":\"ListItem\",\"position\":3,\"name\":\"Industrie du futur\",\"item\":\"https:\/\/kiosque.ecoledesponts.fr\/rapport-activite-2021\/chercher-et-innover\/industrie-du-futur\/\"},{\"@type\":\"ListItem\",\"position\":4,\"name\":\"Faits marquants\",\"item\":\"https:\/\/kiosque.ecoledesponts.fr\/rapport-activite-2021\/chercher-et-innover\/industrie-du-futur\/faits-marquants\/\"},{\"@type\":\"ListItem\",\"position\":5,\"name\":\"Urbain Vaes, charg\u00e9 de recherche Inria au Cermics\"}]},{\"@type\":\"WebSite\",\"@id\":\"https:\/\/kiosque.ecoledesponts.fr\/rapport-activite-2021\/#website\",\"url\":\"https:\/\/kiosque.ecoledesponts.fr\/rapport-activite-2021\/\",\"name\":\"Rapport d'activit\u00e9 2021\",\"description\":\"Un site utilisant Les sites du kiosque des ponts\",\"potentialAction\":[{\"@type\":\"SearchAction\",\"target\":{\"@type\":\"EntryPoint\",\"urlTemplate\":\"https:\/\/kiosque.ecoledesponts.fr\/rapport-activite-2021\/?s={search_term_string}\"},\"query-input\":\"required name=search_term_string\"}],\"inLanguage\":\"fr-FR\"}]}<\/script>\n<!-- \/ Yoast SEO plugin. -->","yoast_head_json":{"title":"Urbain Vaes, charg\u00e9 de recherche Inria au Cermics - Rapport d'activit\u00e9 2021","robots":{"index":"index","follow":"follow","max-snippet":"max-snippet:-1","max-image-preview":"max-image-preview:large","max-video-preview":"max-video-preview:-1"},"canonical":"https:\/\/kiosque.ecoledesponts.fr\/rapport-activite-2021\/chercher-et-innover\/industrie-du-futur\/faits-marquants\/urbain-vaes-charge-de-recherche-inria-au-cermics\/","og_locale":"fr_FR","og_type":"article","og_title":"Urbain Vaes, charg\u00e9 de recherche Inria au Cermics - Rapport d'activit\u00e9 2021","og_description":"Urbain Vaes a rejoint Matherials, une \u00e9quipe projet commune \u00e0 Inria et l\u2019\u00c9cole des Ponts ParisTech. Sa recherche porte sur l\u2019analyse et l\u2019am\u00e9lioration de m\u00e9thodes syst\u00e9matiques pour \u00e9chantillonner des mesures de probabilit\u00e9 en grande dimension.","og_url":"https:\/\/kiosque.ecoledesponts.fr\/rapport-activite-2021\/chercher-et-innover\/industrie-du-futur\/faits-marquants\/urbain-vaes-charge-de-recherche-inria-au-cermics\/","og_site_name":"Rapport d'activit\u00e9 2021","article_modified_time":"2023-01-02T15:33:02+00:00","og_image":[{"url":"http:\/\/kiosque.ecoledesponts.fr\/rapport-activite-2021\/wp-content\/uploads\/sites\/3\/2022\/08\/u-vaes-150x150.jpg"}],"twitter_card":"summary_large_image","schema":{"@context":"https:\/\/schema.org","@graph":[{"@type":"WebPage","@id":"https:\/\/kiosque.ecoledesponts.fr\/rapport-activite-2021\/chercher-et-innover\/industrie-du-futur\/faits-marquants\/urbain-vaes-charge-de-recherche-inria-au-cermics\/","url":"https:\/\/kiosque.ecoledesponts.fr\/rapport-activite-2021\/chercher-et-innover\/industrie-du-futur\/faits-marquants\/urbain-vaes-charge-de-recherche-inria-au-cermics\/","name":"Urbain Vaes, charg\u00e9 de recherche Inria au Cermics - Rapport d'activit\u00e9 2021","isPartOf":{"@id":"https:\/\/kiosque.ecoledesponts.fr\/rapport-activite-2021\/#website"},"datePublished":"2022-08-09T10:26:47+00:00","dateModified":"2023-01-02T15:33:02+00:00","breadcrumb":{"@id":"https:\/\/kiosque.ecoledesponts.fr\/rapport-activite-2021\/chercher-et-innover\/industrie-du-futur\/faits-marquants\/urbain-vaes-charge-de-recherche-inria-au-cermics\/#breadcrumb"},"inLanguage":"fr-FR","potentialAction":[{"@type":"ReadAction","target":["https:\/\/kiosque.ecoledesponts.fr\/rapport-activite-2021\/chercher-et-innover\/industrie-du-futur\/faits-marquants\/urbain-vaes-charge-de-recherche-inria-au-cermics\/"]}]},{"@type":"BreadcrumbList","@id":"https:\/\/kiosque.ecoledesponts.fr\/rapport-activite-2021\/chercher-et-innover\/industrie-du-futur\/faits-marquants\/urbain-vaes-charge-de-recherche-inria-au-cermics\/#breadcrumb","itemListElement":[{"@type":"ListItem","position":1,"name":"Accueil","item":"https:\/\/kiosque.ecoledesponts.fr\/rapport-activite-2021\/"},{"@type":"ListItem","position":2,"name":"Chercher et innover","item":"https:\/\/kiosque.ecoledesponts.fr\/rapport-activite-2021\/chercher-et-innover\/"},{"@type":"ListItem","position":3,"name":"Industrie du futur","item":"https:\/\/kiosque.ecoledesponts.fr\/rapport-activite-2021\/chercher-et-innover\/industrie-du-futur\/"},{"@type":"ListItem","position":4,"name":"Faits marquants","item":"https:\/\/kiosque.ecoledesponts.fr\/rapport-activite-2021\/chercher-et-innover\/industrie-du-futur\/faits-marquants\/"},{"@type":"ListItem","position":5,"name":"Urbain Vaes, charg\u00e9 de recherche Inria au Cermics"}]},{"@type":"WebSite","@id":"https:\/\/kiosque.ecoledesponts.fr\/rapport-activite-2021\/#website","url":"https:\/\/kiosque.ecoledesponts.fr\/rapport-activite-2021\/","name":"Rapport d'activit\u00e9 2021","description":"Un site utilisant Les sites du kiosque des ponts","potentialAction":[{"@type":"SearchAction","target":{"@type":"EntryPoint","urlTemplate":"https:\/\/kiosque.ecoledesponts.fr\/rapport-activite-2021\/?s={search_term_string}"},"query-input":"required name=search_term_string"}],"inLanguage":"fr-FR"}]}},"builder_content":"","_links":{"self":[{"href":"https:\/\/kiosque.ecoledesponts.fr\/rapport-activite-2021\/wp-json\/wp\/v2\/pages\/869"}],"collection":[{"href":"https:\/\/kiosque.ecoledesponts.fr\/rapport-activite-2021\/wp-json\/wp\/v2\/pages"}],"about":[{"href":"https:\/\/kiosque.ecoledesponts.fr\/rapport-activite-2021\/wp-json\/wp\/v2\/types\/page"}],"author":[{"embeddable":true,"href":"https:\/\/kiosque.ecoledesponts.fr\/rapport-activite-2021\/wp-json\/wp\/v2\/users\/1"}],"replies":[{"embeddable":true,"href":"https:\/\/kiosque.ecoledesponts.fr\/rapport-activite-2021\/wp-json\/wp\/v2\/comments?post=869"}],"version-history":[{"count":6,"href":"https:\/\/kiosque.ecoledesponts.fr\/rapport-activite-2021\/wp-json\/wp\/v2\/pages\/869\/revisions"}],"predecessor-version":[{"id":2579,"href":"https:\/\/kiosque.ecoledesponts.fr\/rapport-activite-2021\/wp-json\/wp\/v2\/pages\/869\/revisions\/2579"}],"up":[{"embeddable":true,"href":"https:\/\/kiosque.ecoledesponts.fr\/rapport-activite-2021\/wp-json\/wp\/v2\/pages\/831"}],"wp:attachment":[{"href":"https:\/\/kiosque.ecoledesponts.fr\/rapport-activite-2021\/wp-json\/wp\/v2\/media?parent=869"}],"wp:term":[{"taxonomy":"post_tag","embeddable":true,"href":"https:\/\/kiosque.ecoledesponts.fr\/rapport-activite-2021\/wp-json\/wp\/v2\/tags?post=869"}],"curies":[{"name":"wp","href":"https:\/\/api.w.org\/{rel}","templated":true}]}}