{"id":875,"date":"2022-08-09T12:31:45","date_gmt":"2022-08-09T10:31:45","guid":{"rendered":"http:\/\/kiosque.ecoledesponts.fr\/rapport-activite-2021\/?page_id=875"},"modified":"2023-01-02T16:33:30","modified_gmt":"2023-01-02T15:33:30","slug":"neurips-2021","status":"publish","type":"page","link":"https:\/\/kiosque.ecoledesponts.fr\/rapport-activite-2021\/chercher-et-innover\/industrie-du-futur\/faits-marquants\/neurips-2021\/","title":{"rendered":"NeurIPS 2021"},"content":{"rendered":"<!--themify_builder_content-->\n<div id=\"themify_builder_content-875\" data-postid=\"875\" class=\"themify_builder_content themify_builder_content-875 themify_builder tf_clear\">\n    <\/div>\n<!--\/themify_builder_content-->\n\n<p>G\u00fcl Varol (LIGM) a co-organis\u00e9 un workshop lors de la conf\u00e9rence Neural Information Processing Systems (NeurIPS), avec un fonctionnement original\u202f: les chercheurs soumettent six mois \u00e0 l\u2019avance des id\u00e9es d\u2019exp\u00e9rience avec les r\u00e9sultats attendus et pr\u00e9sentent lors du workshop la diff\u00e9rence avec les r\u00e9sultats obtenus.<\/p>","protected":false},"excerpt":{"rendered":"<p>G\u00fcl Varol (LIGM) a co-organis\u00e9 un workshop lors de la conf\u00e9rence Neural Information Processing Systems (NeurIPS), avec un fonctionnement original\u202f: les chercheurs soumettent six mois \u00e0 l\u2019avance des id\u00e9es d\u2019exp\u00e9rience avec les r\u00e9sultats attendus et pr\u00e9sentent lors du workshop la diff\u00e9rence avec les r\u00e9sultats obtenus.<\/p>\n","protected":false},"author":1,"featured_media":0,"parent":831,"menu_order":0,"comment_status":"closed","ping_status":"closed","template":"page_orange.php","meta":[],"tags":[49,53,29],"acf":[],"yoast_head":"<!-- This site is optimized with the Yoast SEO plugin v21.1 - https:\/\/yoast.com\/wordpress\/plugins\/seo\/ -->\n<title>NeurIPS 2021 - Rapport d&#039;activit\u00e9 2021<\/title>\n<meta name=\"robots\" content=\"index, follow, max-snippet:-1, max-image-preview:large, max-video-preview:-1\" \/>\n<link rel=\"canonical\" href=\"https:\/\/kiosque.ecoledesponts.fr\/rapport-activite-2021\/chercher-et-innover\/industrie-du-futur\/faits-marquants\/neurips-2021\/\" \/>\n<meta property=\"og:locale\" content=\"fr_FR\" \/>\n<meta property=\"og:type\" content=\"article\" \/>\n<meta property=\"og:title\" content=\"NeurIPS 2021 - Rapport d&#039;activit\u00e9 2021\" \/>\n<meta property=\"og:description\" content=\"G\u00fcl Varol (LIGM) a co-organis\u00e9 un workshop lors de la conf\u00e9rence Neural Information Processing Systems (NeurIPS), avec un fonctionnement original\u202f: les chercheurs soumettent six mois \u00e0 l\u2019avance des id\u00e9es d\u2019exp\u00e9rience avec les r\u00e9sultats attendus et pr\u00e9sentent lors du workshop la diff\u00e9rence avec les r\u00e9sultats obtenus.\" \/>\n<meta property=\"og:url\" content=\"https:\/\/kiosque.ecoledesponts.fr\/rapport-activite-2021\/chercher-et-innover\/industrie-du-futur\/faits-marquants\/neurips-2021\/\" \/>\n<meta property=\"og:site_name\" content=\"Rapport d&#039;activit\u00e9 2021\" \/>\n<meta property=\"article:modified_time\" content=\"2023-01-02T15:33:30+00:00\" \/>\n<meta name=\"twitter:card\" content=\"summary_large_image\" \/>\n<script type=\"application\/ld+json\" class=\"yoast-schema-graph\">{\"@context\":\"https:\/\/schema.org\",\"@graph\":[{\"@type\":\"WebPage\",\"@id\":\"https:\/\/kiosque.ecoledesponts.fr\/rapport-activite-2021\/chercher-et-innover\/industrie-du-futur\/faits-marquants\/neurips-2021\/\",\"url\":\"https:\/\/kiosque.ecoledesponts.fr\/rapport-activite-2021\/chercher-et-innover\/industrie-du-futur\/faits-marquants\/neurips-2021\/\",\"name\":\"NeurIPS 2021 - Rapport d'activit\u00e9 2021\",\"isPartOf\":{\"@id\":\"https:\/\/kiosque.ecoledesponts.fr\/rapport-activite-2021\/#website\"},\"datePublished\":\"2022-08-09T10:31:45+00:00\",\"dateModified\":\"2023-01-02T15:33:30+00:00\",\"breadcrumb\":{\"@id\":\"https:\/\/kiosque.ecoledesponts.fr\/rapport-activite-2021\/chercher-et-innover\/industrie-du-futur\/faits-marquants\/neurips-2021\/#breadcrumb\"},\"inLanguage\":\"fr-FR\",\"potentialAction\":[{\"@type\":\"ReadAction\",\"target\":[\"https:\/\/kiosque.ecoledesponts.fr\/rapport-activite-2021\/chercher-et-innover\/industrie-du-futur\/faits-marquants\/neurips-2021\/\"]}]},{\"@type\":\"BreadcrumbList\",\"@id\":\"https:\/\/kiosque.ecoledesponts.fr\/rapport-activite-2021\/chercher-et-innover\/industrie-du-futur\/faits-marquants\/neurips-2021\/#breadcrumb\",\"itemListElement\":[{\"@type\":\"ListItem\",\"position\":1,\"name\":\"Accueil\",\"item\":\"https:\/\/kiosque.ecoledesponts.fr\/rapport-activite-2021\/\"},{\"@type\":\"ListItem\",\"position\":2,\"name\":\"Chercher et innover\",\"item\":\"https:\/\/kiosque.ecoledesponts.fr\/rapport-activite-2021\/chercher-et-innover\/\"},{\"@type\":\"ListItem\",\"position\":3,\"name\":\"Industrie du futur\",\"item\":\"https:\/\/kiosque.ecoledesponts.fr\/rapport-activite-2021\/chercher-et-innover\/industrie-du-futur\/\"},{\"@type\":\"ListItem\",\"position\":4,\"name\":\"Faits marquants\",\"item\":\"https:\/\/kiosque.ecoledesponts.fr\/rapport-activite-2021\/chercher-et-innover\/industrie-du-futur\/faits-marquants\/\"},{\"@type\":\"ListItem\",\"position\":5,\"name\":\"NeurIPS 2021\"}]},{\"@type\":\"WebSite\",\"@id\":\"https:\/\/kiosque.ecoledesponts.fr\/rapport-activite-2021\/#website\",\"url\":\"https:\/\/kiosque.ecoledesponts.fr\/rapport-activite-2021\/\",\"name\":\"Rapport d'activit\u00e9 2021\",\"description\":\"Un site utilisant Les sites du kiosque des ponts\",\"potentialAction\":[{\"@type\":\"SearchAction\",\"target\":{\"@type\":\"EntryPoint\",\"urlTemplate\":\"https:\/\/kiosque.ecoledesponts.fr\/rapport-activite-2021\/?s={search_term_string}\"},\"query-input\":\"required name=search_term_string\"}],\"inLanguage\":\"fr-FR\"}]}<\/script>\n<!-- \/ Yoast SEO plugin. -->","yoast_head_json":{"title":"NeurIPS 2021 - Rapport d'activit\u00e9 2021","robots":{"index":"index","follow":"follow","max-snippet":"max-snippet:-1","max-image-preview":"max-image-preview:large","max-video-preview":"max-video-preview:-1"},"canonical":"https:\/\/kiosque.ecoledesponts.fr\/rapport-activite-2021\/chercher-et-innover\/industrie-du-futur\/faits-marquants\/neurips-2021\/","og_locale":"fr_FR","og_type":"article","og_title":"NeurIPS 2021 - Rapport d'activit\u00e9 2021","og_description":"G\u00fcl Varol (LIGM) a co-organis\u00e9 un workshop lors de la conf\u00e9rence Neural Information Processing Systems (NeurIPS), avec un fonctionnement original\u202f: les chercheurs soumettent six mois \u00e0 l\u2019avance des id\u00e9es d\u2019exp\u00e9rience avec les r\u00e9sultats attendus et pr\u00e9sentent lors du workshop la diff\u00e9rence avec les r\u00e9sultats obtenus.","og_url":"https:\/\/kiosque.ecoledesponts.fr\/rapport-activite-2021\/chercher-et-innover\/industrie-du-futur\/faits-marquants\/neurips-2021\/","og_site_name":"Rapport d'activit\u00e9 2021","article_modified_time":"2023-01-02T15:33:30+00:00","twitter_card":"summary_large_image","schema":{"@context":"https:\/\/schema.org","@graph":[{"@type":"WebPage","@id":"https:\/\/kiosque.ecoledesponts.fr\/rapport-activite-2021\/chercher-et-innover\/industrie-du-futur\/faits-marquants\/neurips-2021\/","url":"https:\/\/kiosque.ecoledesponts.fr\/rapport-activite-2021\/chercher-et-innover\/industrie-du-futur\/faits-marquants\/neurips-2021\/","name":"NeurIPS 2021 - Rapport d'activit\u00e9 2021","isPartOf":{"@id":"https:\/\/kiosque.ecoledesponts.fr\/rapport-activite-2021\/#website"},"datePublished":"2022-08-09T10:31:45+00:00","dateModified":"2023-01-02T15:33:30+00:00","breadcrumb":{"@id":"https:\/\/kiosque.ecoledesponts.fr\/rapport-activite-2021\/chercher-et-innover\/industrie-du-futur\/faits-marquants\/neurips-2021\/#breadcrumb"},"inLanguage":"fr-FR","potentialAction":[{"@type":"ReadAction","target":["https:\/\/kiosque.ecoledesponts.fr\/rapport-activite-2021\/chercher-et-innover\/industrie-du-futur\/faits-marquants\/neurips-2021\/"]}]},{"@type":"BreadcrumbList","@id":"https:\/\/kiosque.ecoledesponts.fr\/rapport-activite-2021\/chercher-et-innover\/industrie-du-futur\/faits-marquants\/neurips-2021\/#breadcrumb","itemListElement":[{"@type":"ListItem","position":1,"name":"Accueil","item":"https:\/\/kiosque.ecoledesponts.fr\/rapport-activite-2021\/"},{"@type":"ListItem","position":2,"name":"Chercher et innover","item":"https:\/\/kiosque.ecoledesponts.fr\/rapport-activite-2021\/chercher-et-innover\/"},{"@type":"ListItem","position":3,"name":"Industrie du futur","item":"https:\/\/kiosque.ecoledesponts.fr\/rapport-activite-2021\/chercher-et-innover\/industrie-du-futur\/"},{"@type":"ListItem","position":4,"name":"Faits marquants","item":"https:\/\/kiosque.ecoledesponts.fr\/rapport-activite-2021\/chercher-et-innover\/industrie-du-futur\/faits-marquants\/"},{"@type":"ListItem","position":5,"name":"NeurIPS 2021"}]},{"@type":"WebSite","@id":"https:\/\/kiosque.ecoledesponts.fr\/rapport-activite-2021\/#website","url":"https:\/\/kiosque.ecoledesponts.fr\/rapport-activite-2021\/","name":"Rapport d'activit\u00e9 2021","description":"Un site utilisant Les sites du kiosque des ponts","potentialAction":[{"@type":"SearchAction","target":{"@type":"EntryPoint","urlTemplate":"https:\/\/kiosque.ecoledesponts.fr\/rapport-activite-2021\/?s={search_term_string}"},"query-input":"required name=search_term_string"}],"inLanguage":"fr-FR"}]}},"builder_content":"","_links":{"self":[{"href":"https:\/\/kiosque.ecoledesponts.fr\/rapport-activite-2021\/wp-json\/wp\/v2\/pages\/875"}],"collection":[{"href":"https:\/\/kiosque.ecoledesponts.fr\/rapport-activite-2021\/wp-json\/wp\/v2\/pages"}],"about":[{"href":"https:\/\/kiosque.ecoledesponts.fr\/rapport-activite-2021\/wp-json\/wp\/v2\/types\/page"}],"author":[{"embeddable":true,"href":"https:\/\/kiosque.ecoledesponts.fr\/rapport-activite-2021\/wp-json\/wp\/v2\/users\/1"}],"replies":[{"embeddable":true,"href":"https:\/\/kiosque.ecoledesponts.fr\/rapport-activite-2021\/wp-json\/wp\/v2\/comments?post=875"}],"version-history":[{"count":2,"href":"https:\/\/kiosque.ecoledesponts.fr\/rapport-activite-2021\/wp-json\/wp\/v2\/pages\/875\/revisions"}],"predecessor-version":[{"id":885,"href":"https:\/\/kiosque.ecoledesponts.fr\/rapport-activite-2021\/wp-json\/wp\/v2\/pages\/875\/revisions\/885"}],"up":[{"embeddable":true,"href":"https:\/\/kiosque.ecoledesponts.fr\/rapport-activite-2021\/wp-json\/wp\/v2\/pages\/831"}],"wp:attachment":[{"href":"https:\/\/kiosque.ecoledesponts.fr\/rapport-activite-2021\/wp-json\/wp\/v2\/media?parent=875"}],"wp:term":[{"taxonomy":"post_tag","embeddable":true,"href":"https:\/\/kiosque.ecoledesponts.fr\/rapport-activite-2021\/wp-json\/wp\/v2\/tags?post=875"}],"curies":[{"name":"wp","href":"https:\/\/api.w.org\/{rel}","templated":true}]}}