{"id":889,"date":"2022-08-09T12:36:33","date_gmt":"2022-08-09T10:36:33","guid":{"rendered":"http:\/\/kiosque.ecoledesponts.fr\/rapport-activite-2021\/?page_id=889"},"modified":"2023-01-02T16:33:58","modified_gmt":"2023-01-02T15:33:58","slug":"renouvellement-des-gdr-mephy-et-mfa","status":"publish","type":"page","link":"https:\/\/kiosque.ecoledesponts.fr\/rapport-activite-2021\/chercher-et-innover\/industrie-du-futur\/faits-marquants\/renouvellement-des-gdr-mephy-et-mfa\/","title":{"rendered":"Renouvellement des GDR M\u00e9Phy et MFA"},"content":{"rendered":"<!--themify_builder_content-->\n<div id=\"themify_builder_content-889\" data-postid=\"889\" class=\"themify_builder_content themify_builder_content-889 themify_builder tf_clear\">\n    <\/div>\n<!--\/themify_builder_content-->\n\n<p class=\"TXTCOURANT\">Le GDR M\u00e9canique et physique (M\u00e9Phy) travaille \u00e0 la compr\u00e9hension du comportement de syst\u00e8mes m\u00e9caniques complexes par l\u2019analyse des m\u00e9canismes physiques sous-jacents. Le GDR Microgravit\u00e9 fondamentale et appliqu\u00e9e (MFA) et le <span style=\"text-transform: uppercase;\">Cnes<\/span> conduisent un programme de recherche en micropesanteur. Le laboratoire Navier y participe dans le cadre de ses recherches sur les mousses liquides, en particulier avec une exp\u00e9rience men\u00e9e \u00e0 bord de l\u2019ISS.<\/p>","protected":false},"excerpt":{"rendered":"<p>Le GDR M\u00e9canique et physique (M\u00e9Phy) travaille \u00e0 la compr\u00e9hension du comportement de syst\u00e8mes m\u00e9caniques complexes par l\u2019analyse des m\u00e9canismes physiques sous-jacents. Le GDR Microgravit\u00e9 fondamentale et appliqu\u00e9e (MFA) et le Cnes conduisent un programme de recherche en micropesanteur. Le laboratoire Navier y participe dans le cadre de ses recherches sur les mousses liquides, en [&hellip;]<\/p>\n","protected":false},"author":1,"featured_media":0,"parent":831,"menu_order":0,"comment_status":"closed","ping_status":"closed","template":"page_orange.php","meta":[],"tags":[49,53,29],"acf":[],"yoast_head":"<!-- This site is optimized with the Yoast SEO plugin v21.1 - https:\/\/yoast.com\/wordpress\/plugins\/seo\/ -->\n<title>Renouvellement des GDR M\u00e9Phy et MFA - Rapport d&#039;activit\u00e9 2021<\/title>\n<meta name=\"robots\" content=\"index, follow, max-snippet:-1, max-image-preview:large, max-video-preview:-1\" \/>\n<link rel=\"canonical\" href=\"https:\/\/kiosque.ecoledesponts.fr\/rapport-activite-2021\/chercher-et-innover\/industrie-du-futur\/faits-marquants\/renouvellement-des-gdr-mephy-et-mfa\/\" \/>\n<meta property=\"og:locale\" content=\"fr_FR\" \/>\n<meta property=\"og:type\" content=\"article\" \/>\n<meta property=\"og:title\" content=\"Renouvellement des GDR M\u00e9Phy et MFA - Rapport d&#039;activit\u00e9 2021\" \/>\n<meta property=\"og:description\" content=\"Le GDR M\u00e9canique et physique (M\u00e9Phy) travaille \u00e0 la compr\u00e9hension du comportement de syst\u00e8mes m\u00e9caniques complexes par l\u2019analyse des m\u00e9canismes physiques sous-jacents. Le GDR Microgravit\u00e9 fondamentale et appliqu\u00e9e (MFA) et le Cnes conduisent un programme de recherche en micropesanteur. Le laboratoire Navier y participe dans le cadre de ses recherches sur les mousses liquides, en [&hellip;]\" \/>\n<meta property=\"og:url\" content=\"https:\/\/kiosque.ecoledesponts.fr\/rapport-activite-2021\/chercher-et-innover\/industrie-du-futur\/faits-marquants\/renouvellement-des-gdr-mephy-et-mfa\/\" \/>\n<meta property=\"og:site_name\" content=\"Rapport d&#039;activit\u00e9 2021\" \/>\n<meta property=\"article:modified_time\" content=\"2023-01-02T15:33:58+00:00\" \/>\n<meta name=\"twitter:card\" content=\"summary_large_image\" \/>\n<script type=\"application\/ld+json\" class=\"yoast-schema-graph\">{\"@context\":\"https:\/\/schema.org\",\"@graph\":[{\"@type\":\"WebPage\",\"@id\":\"https:\/\/kiosque.ecoledesponts.fr\/rapport-activite-2021\/chercher-et-innover\/industrie-du-futur\/faits-marquants\/renouvellement-des-gdr-mephy-et-mfa\/\",\"url\":\"https:\/\/kiosque.ecoledesponts.fr\/rapport-activite-2021\/chercher-et-innover\/industrie-du-futur\/faits-marquants\/renouvellement-des-gdr-mephy-et-mfa\/\",\"name\":\"Renouvellement des GDR M\u00e9Phy et MFA - Rapport d'activit\u00e9 2021\",\"isPartOf\":{\"@id\":\"https:\/\/kiosque.ecoledesponts.fr\/rapport-activite-2021\/#website\"},\"datePublished\":\"2022-08-09T10:36:33+00:00\",\"dateModified\":\"2023-01-02T15:33:58+00:00\",\"breadcrumb\":{\"@id\":\"https:\/\/kiosque.ecoledesponts.fr\/rapport-activite-2021\/chercher-et-innover\/industrie-du-futur\/faits-marquants\/renouvellement-des-gdr-mephy-et-mfa\/#breadcrumb\"},\"inLanguage\":\"fr-FR\",\"potentialAction\":[{\"@type\":\"ReadAction\",\"target\":[\"https:\/\/kiosque.ecoledesponts.fr\/rapport-activite-2021\/chercher-et-innover\/industrie-du-futur\/faits-marquants\/renouvellement-des-gdr-mephy-et-mfa\/\"]}]},{\"@type\":\"BreadcrumbList\",\"@id\":\"https:\/\/kiosque.ecoledesponts.fr\/rapport-activite-2021\/chercher-et-innover\/industrie-du-futur\/faits-marquants\/renouvellement-des-gdr-mephy-et-mfa\/#breadcrumb\",\"itemListElement\":[{\"@type\":\"ListItem\",\"position\":1,\"name\":\"Accueil\",\"item\":\"https:\/\/kiosque.ecoledesponts.fr\/rapport-activite-2021\/\"},{\"@type\":\"ListItem\",\"position\":2,\"name\":\"Chercher et innover\",\"item\":\"https:\/\/kiosque.ecoledesponts.fr\/rapport-activite-2021\/chercher-et-innover\/\"},{\"@type\":\"ListItem\",\"position\":3,\"name\":\"Industrie du futur\",\"item\":\"https:\/\/kiosque.ecoledesponts.fr\/rapport-activite-2021\/chercher-et-innover\/industrie-du-futur\/\"},{\"@type\":\"ListItem\",\"position\":4,\"name\":\"Faits marquants\",\"item\":\"https:\/\/kiosque.ecoledesponts.fr\/rapport-activite-2021\/chercher-et-innover\/industrie-du-futur\/faits-marquants\/\"},{\"@type\":\"ListItem\",\"position\":5,\"name\":\"Renouvellement des GDR M\u00e9Phy et MFA\"}]},{\"@type\":\"WebSite\",\"@id\":\"https:\/\/kiosque.ecoledesponts.fr\/rapport-activite-2021\/#website\",\"url\":\"https:\/\/kiosque.ecoledesponts.fr\/rapport-activite-2021\/\",\"name\":\"Rapport d'activit\u00e9 2021\",\"description\":\"Un site utilisant Les sites du kiosque des ponts\",\"potentialAction\":[{\"@type\":\"SearchAction\",\"target\":{\"@type\":\"EntryPoint\",\"urlTemplate\":\"https:\/\/kiosque.ecoledesponts.fr\/rapport-activite-2021\/?s={search_term_string}\"},\"query-input\":\"required name=search_term_string\"}],\"inLanguage\":\"fr-FR\"}]}<\/script>\n<!-- \/ Yoast SEO plugin. -->","yoast_head_json":{"title":"Renouvellement des GDR M\u00e9Phy et MFA - Rapport d'activit\u00e9 2021","robots":{"index":"index","follow":"follow","max-snippet":"max-snippet:-1","max-image-preview":"max-image-preview:large","max-video-preview":"max-video-preview:-1"},"canonical":"https:\/\/kiosque.ecoledesponts.fr\/rapport-activite-2021\/chercher-et-innover\/industrie-du-futur\/faits-marquants\/renouvellement-des-gdr-mephy-et-mfa\/","og_locale":"fr_FR","og_type":"article","og_title":"Renouvellement des GDR M\u00e9Phy et MFA - Rapport d'activit\u00e9 2021","og_description":"Le GDR M\u00e9canique et physique (M\u00e9Phy) travaille \u00e0 la compr\u00e9hension du comportement de syst\u00e8mes m\u00e9caniques complexes par l\u2019analyse des m\u00e9canismes physiques sous-jacents. Le GDR Microgravit\u00e9 fondamentale et appliqu\u00e9e (MFA) et le Cnes conduisent un programme de recherche en micropesanteur. Le laboratoire Navier y participe dans le cadre de ses recherches sur les mousses liquides, en [&hellip;]","og_url":"https:\/\/kiosque.ecoledesponts.fr\/rapport-activite-2021\/chercher-et-innover\/industrie-du-futur\/faits-marquants\/renouvellement-des-gdr-mephy-et-mfa\/","og_site_name":"Rapport d'activit\u00e9 2021","article_modified_time":"2023-01-02T15:33:58+00:00","twitter_card":"summary_large_image","schema":{"@context":"https:\/\/schema.org","@graph":[{"@type":"WebPage","@id":"https:\/\/kiosque.ecoledesponts.fr\/rapport-activite-2021\/chercher-et-innover\/industrie-du-futur\/faits-marquants\/renouvellement-des-gdr-mephy-et-mfa\/","url":"https:\/\/kiosque.ecoledesponts.fr\/rapport-activite-2021\/chercher-et-innover\/industrie-du-futur\/faits-marquants\/renouvellement-des-gdr-mephy-et-mfa\/","name":"Renouvellement des GDR M\u00e9Phy et MFA - Rapport d'activit\u00e9 2021","isPartOf":{"@id":"https:\/\/kiosque.ecoledesponts.fr\/rapport-activite-2021\/#website"},"datePublished":"2022-08-09T10:36:33+00:00","dateModified":"2023-01-02T15:33:58+00:00","breadcrumb":{"@id":"https:\/\/kiosque.ecoledesponts.fr\/rapport-activite-2021\/chercher-et-innover\/industrie-du-futur\/faits-marquants\/renouvellement-des-gdr-mephy-et-mfa\/#breadcrumb"},"inLanguage":"fr-FR","potentialAction":[{"@type":"ReadAction","target":["https:\/\/kiosque.ecoledesponts.fr\/rapport-activite-2021\/chercher-et-innover\/industrie-du-futur\/faits-marquants\/renouvellement-des-gdr-mephy-et-mfa\/"]}]},{"@type":"BreadcrumbList","@id":"https:\/\/kiosque.ecoledesponts.fr\/rapport-activite-2021\/chercher-et-innover\/industrie-du-futur\/faits-marquants\/renouvellement-des-gdr-mephy-et-mfa\/#breadcrumb","itemListElement":[{"@type":"ListItem","position":1,"name":"Accueil","item":"https:\/\/kiosque.ecoledesponts.fr\/rapport-activite-2021\/"},{"@type":"ListItem","position":2,"name":"Chercher et innover","item":"https:\/\/kiosque.ecoledesponts.fr\/rapport-activite-2021\/chercher-et-innover\/"},{"@type":"ListItem","position":3,"name":"Industrie du futur","item":"https:\/\/kiosque.ecoledesponts.fr\/rapport-activite-2021\/chercher-et-innover\/industrie-du-futur\/"},{"@type":"ListItem","position":4,"name":"Faits marquants","item":"https:\/\/kiosque.ecoledesponts.fr\/rapport-activite-2021\/chercher-et-innover\/industrie-du-futur\/faits-marquants\/"},{"@type":"ListItem","position":5,"name":"Renouvellement des GDR M\u00e9Phy et MFA"}]},{"@type":"WebSite","@id":"https:\/\/kiosque.ecoledesponts.fr\/rapport-activite-2021\/#website","url":"https:\/\/kiosque.ecoledesponts.fr\/rapport-activite-2021\/","name":"Rapport d'activit\u00e9 2021","description":"Un site utilisant Les sites du kiosque des ponts","potentialAction":[{"@type":"SearchAction","target":{"@type":"EntryPoint","urlTemplate":"https:\/\/kiosque.ecoledesponts.fr\/rapport-activite-2021\/?s={search_term_string}"},"query-input":"required name=search_term_string"}],"inLanguage":"fr-FR"}]}},"builder_content":"","_links":{"self":[{"href":"https:\/\/kiosque.ecoledesponts.fr\/rapport-activite-2021\/wp-json\/wp\/v2\/pages\/889"}],"collection":[{"href":"https:\/\/kiosque.ecoledesponts.fr\/rapport-activite-2021\/wp-json\/wp\/v2\/pages"}],"about":[{"href":"https:\/\/kiosque.ecoledesponts.fr\/rapport-activite-2021\/wp-json\/wp\/v2\/types\/page"}],"author":[{"embeddable":true,"href":"https:\/\/kiosque.ecoledesponts.fr\/rapport-activite-2021\/wp-json\/wp\/v2\/users\/1"}],"replies":[{"embeddable":true,"href":"https:\/\/kiosque.ecoledesponts.fr\/rapport-activite-2021\/wp-json\/wp\/v2\/comments?post=889"}],"version-history":[{"count":1,"href":"https:\/\/kiosque.ecoledesponts.fr\/rapport-activite-2021\/wp-json\/wp\/v2\/pages\/889\/revisions"}],"predecessor-version":[{"id":891,"href":"https:\/\/kiosque.ecoledesponts.fr\/rapport-activite-2021\/wp-json\/wp\/v2\/pages\/889\/revisions\/891"}],"up":[{"embeddable":true,"href":"https:\/\/kiosque.ecoledesponts.fr\/rapport-activite-2021\/wp-json\/wp\/v2\/pages\/831"}],"wp:attachment":[{"href":"https:\/\/kiosque.ecoledesponts.fr\/rapport-activite-2021\/wp-json\/wp\/v2\/media?parent=889"}],"wp:term":[{"taxonomy":"post_tag","embeddable":true,"href":"https:\/\/kiosque.ecoledesponts.fr\/rapport-activite-2021\/wp-json\/wp\/v2\/tags?post=889"}],"curies":[{"name":"wp","href":"https:\/\/api.w.org\/{rel}","templated":true}]}}