{"id":907,"date":"2022-08-10T11:38:03","date_gmt":"2022-08-10T09:38:03","guid":{"rendered":"http:\/\/kiosque.ecoledesponts.fr\/rapport-activite-2021\/?page_id=907"},"modified":"2023-01-02T16:35:29","modified_gmt":"2023-01-02T15:35:29","slug":"fil-conducteur-2021","status":"publish","type":"page","link":"https:\/\/kiosque.ecoledesponts.fr\/rapport-activite-2021\/chercher-et-innover\/gestion-des-risques-des-ressources-et-des-milieux\/fil-conducteur-2021\/","title":{"rendered":"Fil conducteur 2021"},"content":{"rendered":"<!--themify_builder_content-->\n<div id=\"themify_builder_content-907\" data-postid=\"907\" class=\"themify_builder_content themify_builder_content-907 themify_builder tf_clear\">\n    <\/div>\n<!--\/themify_builder_content-->\n\n<p>MOD\u00c9LISATION DES PR\u00c9DICTIONS, PH\u00c9NOM\u00c8NES COMPLEXES ET EXTR\u00caMES<\/p>\n<h2><strong><span class=\"txt_noir\">EN BREF<\/span><\/strong><\/h2>\n<h3>PRINCIPAUX LABORATOIRES CONTRIBUTEURS<br \/><span class=\"txt_noir\">EN 2021<\/span><\/h3>\n<ul>\n<li>Laboratoire hydraulique Saint-Venant (LHSV) &#8211;<br \/>Directeurs : S\u00e9bastien Boyaval et S\u00e9bastien Bourban<\/li>\n<li>Laboratoire Hydrologie, m\u00e9t\u00e9orologie et complexit\u00e9 (HM&amp;Co) \u2013<br \/>Directrice : Ioulia Tchiguirinskaia<\/li>\n<li>Laboratoire de m\u00e9t\u00e9orologie dynamique (LMD) &#8211;<br \/>Directeur : Philippe Drobinski<\/li>\n<\/ul>\n<h3>FORCE DE RECHERCHE<\/h3>\n<ul>\n<li>178 ETPR permanents<\/li>\n<li>99 doctorants et post-doctorants<\/li>\n<\/ul>\n<h3>LabEx<\/h3>\n<ul>\n<li>Futurs urbains<\/li>\n<li>L-IPSL<\/li>\n<li>Exploration spatiale des environnements plan\u00e9taires (ESEP)<\/li>\n<\/ul>\n<h3>\u00c9COLES DOCTORALES<\/h3>\n<ul>\n<li>Sciences de l\u2019ing\u00e9nieur et de l\u2019environnement (ED 531, Paris-Est Sup)<\/li>\n<li>\u00c9cole doctorale de l\u2019Institut polytechnique de Paris (ED IP Paris, ED 626)<\/li>\n<li>Astronomie et astrophysique d\u2019\u00cele-de-France (ED 127, PSL, Universit\u00e9 Paris-Saclay, Sorbonne Universit\u00e9)<\/li>\n<li>Sciences m\u00e9caniques et \u00e9nerg\u00e9tiques, mat\u00e9riaux et g\u00e9osciences (ED 579, Universit\u00e9 Paris-Saclay)<\/li>\n<li>Sciences de l\u2019environnement d\u2019\u00cele-de-France (ED 129, UPMC-Sorbonne Universit\u00e9)<\/li>\n<\/ul>","protected":false},"excerpt":{"rendered":"<p>MOD\u00c9LISATION DES PR\u00c9DICTIONS, PH\u00c9NOM\u00c8NES COMPLEXES ET EXTR\u00caMES EN BREF PRINCIPAUX LABORATOIRES CONTRIBUTEURSEN 2021 Laboratoire hydraulique Saint-Venant (LHSV) &#8211;Directeurs : S\u00e9bastien Boyaval et S\u00e9bastien Bourban Laboratoire Hydrologie, m\u00e9t\u00e9orologie et complexit\u00e9 (HM&amp;Co) \u2013Directrice : Ioulia Tchiguirinskaia Laboratoire de m\u00e9t\u00e9orologie dynamique (LMD) &#8211;Directeur : Philippe Drobinski FORCE DE RECHERCHE 178 ETPR permanents 99 doctorants et post-doctorants LabEx Futurs [&hellip;]<\/p>\n","protected":false},"author":1,"featured_media":0,"parent":905,"menu_order":0,"comment_status":"closed","ping_status":"closed","template":"page_orange.php","meta":[],"tags":[49,31,29,39],"acf":[],"yoast_head":"<!-- This site is optimized with the Yoast SEO plugin v21.1 - https:\/\/yoast.com\/wordpress\/plugins\/seo\/ -->\n<title>Fil conducteur 2021 - Rapport d&#039;activit\u00e9 2021<\/title>\n<meta name=\"robots\" content=\"index, follow, max-snippet:-1, max-image-preview:large, max-video-preview:-1\" \/>\n<link rel=\"canonical\" href=\"https:\/\/kiosque.ecoledesponts.fr\/rapport-activite-2021\/chercher-et-innover\/gestion-des-risques-des-ressources-et-des-milieux\/fil-conducteur-2021\/\" \/>\n<meta property=\"og:locale\" content=\"fr_FR\" \/>\n<meta property=\"og:type\" content=\"article\" \/>\n<meta property=\"og:title\" content=\"Fil conducteur 2021 - Rapport d&#039;activit\u00e9 2021\" \/>\n<meta property=\"og:description\" content=\"MOD\u00c9LISATION DES PR\u00c9DICTIONS, PH\u00c9NOM\u00c8NES COMPLEXES ET EXTR\u00caMES EN BREF PRINCIPAUX LABORATOIRES CONTRIBUTEURSEN 2021 Laboratoire hydraulique Saint-Venant (LHSV) &#8211;Directeurs : S\u00e9bastien Boyaval et S\u00e9bastien Bourban Laboratoire Hydrologie, m\u00e9t\u00e9orologie et complexit\u00e9 (HM&amp;Co) \u2013Directrice : Ioulia Tchiguirinskaia Laboratoire de m\u00e9t\u00e9orologie dynamique (LMD) &#8211;Directeur : Philippe Drobinski FORCE DE RECHERCHE 178 ETPR permanents 99 doctorants et post-doctorants LabEx Futurs [&hellip;]\" \/>\n<meta property=\"og:url\" content=\"https:\/\/kiosque.ecoledesponts.fr\/rapport-activite-2021\/chercher-et-innover\/gestion-des-risques-des-ressources-et-des-milieux\/fil-conducteur-2021\/\" \/>\n<meta property=\"og:site_name\" content=\"Rapport d&#039;activit\u00e9 2021\" \/>\n<meta property=\"article:modified_time\" content=\"2023-01-02T15:35:29+00:00\" \/>\n<meta name=\"twitter:card\" content=\"summary_large_image\" \/>\n<meta name=\"twitter:label1\" content=\"Dur\u00e9e de lecture estim\u00e9e\" \/>\n\t<meta name=\"twitter:data1\" content=\"1 minute\" \/>\n<script type=\"application\/ld+json\" class=\"yoast-schema-graph\">{\"@context\":\"https:\/\/schema.org\",\"@graph\":[{\"@type\":\"WebPage\",\"@id\":\"https:\/\/kiosque.ecoledesponts.fr\/rapport-activite-2021\/chercher-et-innover\/gestion-des-risques-des-ressources-et-des-milieux\/fil-conducteur-2021\/\",\"url\":\"https:\/\/kiosque.ecoledesponts.fr\/rapport-activite-2021\/chercher-et-innover\/gestion-des-risques-des-ressources-et-des-milieux\/fil-conducteur-2021\/\",\"name\":\"Fil conducteur 2021 - Rapport d'activit\u00e9 2021\",\"isPartOf\":{\"@id\":\"https:\/\/kiosque.ecoledesponts.fr\/rapport-activite-2021\/#website\"},\"datePublished\":\"2022-08-10T09:38:03+00:00\",\"dateModified\":\"2023-01-02T15:35:29+00:00\",\"breadcrumb\":{\"@id\":\"https:\/\/kiosque.ecoledesponts.fr\/rapport-activite-2021\/chercher-et-innover\/gestion-des-risques-des-ressources-et-des-milieux\/fil-conducteur-2021\/#breadcrumb\"},\"inLanguage\":\"fr-FR\",\"potentialAction\":[{\"@type\":\"ReadAction\",\"target\":[\"https:\/\/kiosque.ecoledesponts.fr\/rapport-activite-2021\/chercher-et-innover\/gestion-des-risques-des-ressources-et-des-milieux\/fil-conducteur-2021\/\"]}]},{\"@type\":\"BreadcrumbList\",\"@id\":\"https:\/\/kiosque.ecoledesponts.fr\/rapport-activite-2021\/chercher-et-innover\/gestion-des-risques-des-ressources-et-des-milieux\/fil-conducteur-2021\/#breadcrumb\",\"itemListElement\":[{\"@type\":\"ListItem\",\"position\":1,\"name\":\"Accueil\",\"item\":\"https:\/\/kiosque.ecoledesponts.fr\/rapport-activite-2021\/\"},{\"@type\":\"ListItem\",\"position\":2,\"name\":\"Chercher et innover\",\"item\":\"https:\/\/kiosque.ecoledesponts.fr\/rapport-activite-2021\/chercher-et-innover\/\"},{\"@type\":\"ListItem\",\"position\":3,\"name\":\"Gestion des risques, des ressources et des milieux\",\"item\":\"https:\/\/kiosque.ecoledesponts.fr\/rapport-activite-2021\/chercher-et-innover\/gestion-des-risques-des-ressources-et-des-milieux\/\"},{\"@type\":\"ListItem\",\"position\":4,\"name\":\"Fil conducteur 2021\"}]},{\"@type\":\"WebSite\",\"@id\":\"https:\/\/kiosque.ecoledesponts.fr\/rapport-activite-2021\/#website\",\"url\":\"https:\/\/kiosque.ecoledesponts.fr\/rapport-activite-2021\/\",\"name\":\"Rapport d'activit\u00e9 2021\",\"description\":\"Un site utilisant Les sites du kiosque des ponts\",\"potentialAction\":[{\"@type\":\"SearchAction\",\"target\":{\"@type\":\"EntryPoint\",\"urlTemplate\":\"https:\/\/kiosque.ecoledesponts.fr\/rapport-activite-2021\/?s={search_term_string}\"},\"query-input\":\"required name=search_term_string\"}],\"inLanguage\":\"fr-FR\"}]}<\/script>\n<!-- \/ Yoast SEO plugin. -->","yoast_head_json":{"title":"Fil conducteur 2021 - Rapport d'activit\u00e9 2021","robots":{"index":"index","follow":"follow","max-snippet":"max-snippet:-1","max-image-preview":"max-image-preview:large","max-video-preview":"max-video-preview:-1"},"canonical":"https:\/\/kiosque.ecoledesponts.fr\/rapport-activite-2021\/chercher-et-innover\/gestion-des-risques-des-ressources-et-des-milieux\/fil-conducteur-2021\/","og_locale":"fr_FR","og_type":"article","og_title":"Fil conducteur 2021 - Rapport d'activit\u00e9 2021","og_description":"MOD\u00c9LISATION DES PR\u00c9DICTIONS, PH\u00c9NOM\u00c8NES COMPLEXES ET EXTR\u00caMES EN BREF PRINCIPAUX LABORATOIRES CONTRIBUTEURSEN 2021 Laboratoire hydraulique Saint-Venant (LHSV) &#8211;Directeurs : S\u00e9bastien Boyaval et S\u00e9bastien Bourban Laboratoire Hydrologie, m\u00e9t\u00e9orologie et complexit\u00e9 (HM&amp;Co) \u2013Directrice : Ioulia Tchiguirinskaia Laboratoire de m\u00e9t\u00e9orologie dynamique (LMD) &#8211;Directeur : Philippe Drobinski FORCE DE RECHERCHE 178 ETPR permanents 99 doctorants et post-doctorants LabEx Futurs [&hellip;]","og_url":"https:\/\/kiosque.ecoledesponts.fr\/rapport-activite-2021\/chercher-et-innover\/gestion-des-risques-des-ressources-et-des-milieux\/fil-conducteur-2021\/","og_site_name":"Rapport d'activit\u00e9 2021","article_modified_time":"2023-01-02T15:35:29+00:00","twitter_card":"summary_large_image","twitter_misc":{"Dur\u00e9e de lecture estim\u00e9e":"1 minute"},"schema":{"@context":"https:\/\/schema.org","@graph":[{"@type":"WebPage","@id":"https:\/\/kiosque.ecoledesponts.fr\/rapport-activite-2021\/chercher-et-innover\/gestion-des-risques-des-ressources-et-des-milieux\/fil-conducteur-2021\/","url":"https:\/\/kiosque.ecoledesponts.fr\/rapport-activite-2021\/chercher-et-innover\/gestion-des-risques-des-ressources-et-des-milieux\/fil-conducteur-2021\/","name":"Fil conducteur 2021 - Rapport d'activit\u00e9 2021","isPartOf":{"@id":"https:\/\/kiosque.ecoledesponts.fr\/rapport-activite-2021\/#website"},"datePublished":"2022-08-10T09:38:03+00:00","dateModified":"2023-01-02T15:35:29+00:00","breadcrumb":{"@id":"https:\/\/kiosque.ecoledesponts.fr\/rapport-activite-2021\/chercher-et-innover\/gestion-des-risques-des-ressources-et-des-milieux\/fil-conducteur-2021\/#breadcrumb"},"inLanguage":"fr-FR","potentialAction":[{"@type":"ReadAction","target":["https:\/\/kiosque.ecoledesponts.fr\/rapport-activite-2021\/chercher-et-innover\/gestion-des-risques-des-ressources-et-des-milieux\/fil-conducteur-2021\/"]}]},{"@type":"BreadcrumbList","@id":"https:\/\/kiosque.ecoledesponts.fr\/rapport-activite-2021\/chercher-et-innover\/gestion-des-risques-des-ressources-et-des-milieux\/fil-conducteur-2021\/#breadcrumb","itemListElement":[{"@type":"ListItem","position":1,"name":"Accueil","item":"https:\/\/kiosque.ecoledesponts.fr\/rapport-activite-2021\/"},{"@type":"ListItem","position":2,"name":"Chercher et innover","item":"https:\/\/kiosque.ecoledesponts.fr\/rapport-activite-2021\/chercher-et-innover\/"},{"@type":"ListItem","position":3,"name":"Gestion des risques, des ressources et des milieux","item":"https:\/\/kiosque.ecoledesponts.fr\/rapport-activite-2021\/chercher-et-innover\/gestion-des-risques-des-ressources-et-des-milieux\/"},{"@type":"ListItem","position":4,"name":"Fil conducteur 2021"}]},{"@type":"WebSite","@id":"https:\/\/kiosque.ecoledesponts.fr\/rapport-activite-2021\/#website","url":"https:\/\/kiosque.ecoledesponts.fr\/rapport-activite-2021\/","name":"Rapport d'activit\u00e9 2021","description":"Un site utilisant Les sites du kiosque des ponts","potentialAction":[{"@type":"SearchAction","target":{"@type":"EntryPoint","urlTemplate":"https:\/\/kiosque.ecoledesponts.fr\/rapport-activite-2021\/?s={search_term_string}"},"query-input":"required name=search_term_string"}],"inLanguage":"fr-FR"}]}},"builder_content":"","_links":{"self":[{"href":"https:\/\/kiosque.ecoledesponts.fr\/rapport-activite-2021\/wp-json\/wp\/v2\/pages\/907"}],"collection":[{"href":"https:\/\/kiosque.ecoledesponts.fr\/rapport-activite-2021\/wp-json\/wp\/v2\/pages"}],"about":[{"href":"https:\/\/kiosque.ecoledesponts.fr\/rapport-activite-2021\/wp-json\/wp\/v2\/types\/page"}],"author":[{"embeddable":true,"href":"https:\/\/kiosque.ecoledesponts.fr\/rapport-activite-2021\/wp-json\/wp\/v2\/users\/1"}],"replies":[{"embeddable":true,"href":"https:\/\/kiosque.ecoledesponts.fr\/rapport-activite-2021\/wp-json\/wp\/v2\/comments?post=907"}],"version-history":[{"count":9,"href":"https:\/\/kiosque.ecoledesponts.fr\/rapport-activite-2021\/wp-json\/wp\/v2\/pages\/907\/revisions"}],"predecessor-version":[{"id":1963,"href":"https:\/\/kiosque.ecoledesponts.fr\/rapport-activite-2021\/wp-json\/wp\/v2\/pages\/907\/revisions\/1963"}],"up":[{"embeddable":true,"href":"https:\/\/kiosque.ecoledesponts.fr\/rapport-activite-2021\/wp-json\/wp\/v2\/pages\/905"}],"wp:attachment":[{"href":"https:\/\/kiosque.ecoledesponts.fr\/rapport-activite-2021\/wp-json\/wp\/v2\/media?parent=907"}],"wp:term":[{"taxonomy":"post_tag","embeddable":true,"href":"https:\/\/kiosque.ecoledesponts.fr\/rapport-activite-2021\/wp-json\/wp\/v2\/tags?post=907"}],"curies":[{"name":"wp","href":"https:\/\/api.w.org\/{rel}","templated":true}]}}