{"id":953,"date":"2022-08-10T14:45:27","date_gmt":"2022-08-10T12:45:27","guid":{"rendered":"http:\/\/kiosque.ecoledesponts.fr\/rapport-activite-2021\/?page_id=953"},"modified":"2023-01-02T16:36:23","modified_gmt":"2023-01-02T15:36:23","slug":"projet-phare-modelisation-des-vagues-deferlantes-et-des-etats-de-mer-extremes","status":"publish","type":"page","link":"https:\/\/kiosque.ecoledesponts.fr\/rapport-activite-2021\/chercher-et-innover\/gestion-des-risques-des-ressources-et-des-milieux\/projet-phare-modelisation-des-vagues-deferlantes-et-des-etats-de-mer-extremes\/","title":{"rendered":"Projet phare"},"content":{"rendered":"<!--themify_builder_content-->\n<div id=\"themify_builder_content-953\" data-postid=\"953\" class=\"themify_builder_content themify_builder_content-953 themify_builder tf_clear\">\n    <\/div>\n<!--\/themify_builder_content-->\n\n<div class=\"phare\">\n<h2>Mod\u00e9lisation des vagues d\u00e9ferlantes et des \u00e9tats de mer extr\u00eames<\/h2>\n<h3>Jeffrey Harris, chercheur au laboratoire hydraulique Saint-Venant<\/h3>\n<\/div>\n<p>Un aspect important de la transition \u00e9nerg\u00e9tique en France est le d\u00e9veloppement de l\u2019\u00e9olien offshore. Pour concevoir ces structures, on mod\u00e9lise leur m\u00e9canique et les forces induites par l\u2019environnement. Les forces induites par les vagues sont toutefois encore difficiles \u00e0 mod\u00e9liser jusqu\u2019au d\u00e9ferlement, dans des \u00e9tats de mer extr\u00eames.<\/p>\n<p>Au LHSV, les projets Dime (2017-2021) et Dimpact (2020-2023), coordonn\u00e9s par France \u00c9nergies Marines, ont permis d\u2019avancer dans le d\u00e9veloppement de mod\u00e8les num\u00e9riques et de comparer nos pr\u00e9visions num\u00e9riques \u00e0 des observations en mer.<\/p>\n<p>Le calcul pr\u00e9cis de l\u2019\u00e9nergie dissip\u00e9e dans une vague d\u00e9ferlante et des mouvements d\u2019une \u00e9olienne flottante se poursuit par ailleurs avec l\u2019ENSTA-Paris (projets E4C FricFloat et 3DWaveBI), le Cerema (projets Dime et 3DWaveBI), l\u2019Irph\u00e9 (UMR 7342, Aix-Marseille Universit\u00e9, CNRS, Centrale Marseille), avec des exp\u00e9riences en canal \u00e0 vagues et soufflerie, et l\u2019University of Rhode Island (Dimpact) pour le d\u00e9veloppement des outils num\u00e9riques.<\/p>\n<p><img decoding=\"async\" loading=\"lazy\" class=\"alignnone wp-image-2643 size-full\" src=\"http:\/\/kiosque.ecoledesponts.fr\/rapport-activite-2021\/wp-content\/uploads\/sites\/3\/2022\/08\/modelisation_vague.jpg\" alt=\"Mod\u00e9lisation de vagues\" width=\"636\" height=\"586\" srcset=\"https:\/\/kiosque.ecoledesponts.fr\/rapport-activite-2021\/wp-content\/uploads\/sites\/3\/2022\/08\/modelisation_vague.jpg 636w, https:\/\/kiosque.ecoledesponts.fr\/rapport-activite-2021\/wp-content\/uploads\/sites\/3\/2022\/08\/modelisation_vague-300x276.jpg 300w\" sizes=\"(max-width: 636px) 100vw, 636px\" \/><\/p>","protected":false},"excerpt":{"rendered":"<p>Mod\u00e9lisation des vagues d\u00e9ferlantes et des \u00e9tats de mer extr\u00eames Jeffrey Harris, chercheur au laboratoire hydraulique Saint-Venant Un aspect important de la transition \u00e9nerg\u00e9tique en France est le d\u00e9veloppement de l\u2019\u00e9olien offshore. Pour concevoir ces structures, on mod\u00e9lise leur m\u00e9canique et les forces induites par l\u2019environnement. Les forces induites par les vagues sont toutefois encore [&hellip;]<\/p>\n","protected":false},"author":1,"featured_media":0,"parent":905,"menu_order":0,"comment_status":"closed","ping_status":"closed","template":"page_orange.php","meta":[],"tags":[43,29,39],"acf":[],"yoast_head":"<!-- This site is optimized with the Yoast SEO plugin v21.1 - https:\/\/yoast.com\/wordpress\/plugins\/seo\/ -->\n<title>Projet phare - Rapport d&#039;activit\u00e9 2021<\/title>\n<meta name=\"robots\" content=\"index, follow, max-snippet:-1, max-image-preview:large, max-video-preview:-1\" \/>\n<link rel=\"canonical\" href=\"https:\/\/kiosque.ecoledesponts.fr\/rapport-activite-2021\/chercher-et-innover\/gestion-des-risques-des-ressources-et-des-milieux\/projet-phare-modelisation-des-vagues-deferlantes-et-des-etats-de-mer-extremes\/\" \/>\n<meta property=\"og:locale\" content=\"fr_FR\" \/>\n<meta property=\"og:type\" content=\"article\" \/>\n<meta property=\"og:title\" content=\"Projet phare - Rapport d&#039;activit\u00e9 2021\" \/>\n<meta property=\"og:description\" content=\"Mod\u00e9lisation des vagues d\u00e9ferlantes et des \u00e9tats de mer extr\u00eames Jeffrey Harris, chercheur au laboratoire hydraulique Saint-Venant Un aspect important de la transition \u00e9nerg\u00e9tique en France est le d\u00e9veloppement de l\u2019\u00e9olien offshore. Pour concevoir ces structures, on mod\u00e9lise leur m\u00e9canique et les forces induites par l\u2019environnement. Les forces induites par les vagues sont toutefois encore [&hellip;]\" \/>\n<meta property=\"og:url\" content=\"https:\/\/kiosque.ecoledesponts.fr\/rapport-activite-2021\/chercher-et-innover\/gestion-des-risques-des-ressources-et-des-milieux\/projet-phare-modelisation-des-vagues-deferlantes-et-des-etats-de-mer-extremes\/\" \/>\n<meta property=\"og:site_name\" content=\"Rapport d&#039;activit\u00e9 2021\" \/>\n<meta property=\"article:modified_time\" content=\"2023-01-02T15:36:23+00:00\" \/>\n<meta property=\"og:image\" content=\"http:\/\/kiosque.ecoledesponts.fr\/rapport-activite-2021\/wp-content\/uploads\/sites\/3\/2022\/08\/modelisation_vague.jpg\" \/>\n<meta name=\"twitter:card\" content=\"summary_large_image\" \/>\n<meta name=\"twitter:label1\" content=\"Dur\u00e9e de lecture estim\u00e9e\" \/>\n\t<meta name=\"twitter:data1\" content=\"1 minute\" \/>\n<script type=\"application\/ld+json\" class=\"yoast-schema-graph\">{\"@context\":\"https:\/\/schema.org\",\"@graph\":[{\"@type\":\"WebPage\",\"@id\":\"https:\/\/kiosque.ecoledesponts.fr\/rapport-activite-2021\/chercher-et-innover\/gestion-des-risques-des-ressources-et-des-milieux\/projet-phare-modelisation-des-vagues-deferlantes-et-des-etats-de-mer-extremes\/\",\"url\":\"https:\/\/kiosque.ecoledesponts.fr\/rapport-activite-2021\/chercher-et-innover\/gestion-des-risques-des-ressources-et-des-milieux\/projet-phare-modelisation-des-vagues-deferlantes-et-des-etats-de-mer-extremes\/\",\"name\":\"Projet phare - Rapport d'activit\u00e9 2021\",\"isPartOf\":{\"@id\":\"https:\/\/kiosque.ecoledesponts.fr\/rapport-activite-2021\/#website\"},\"datePublished\":\"2022-08-10T12:45:27+00:00\",\"dateModified\":\"2023-01-02T15:36:23+00:00\",\"breadcrumb\":{\"@id\":\"https:\/\/kiosque.ecoledesponts.fr\/rapport-activite-2021\/chercher-et-innover\/gestion-des-risques-des-ressources-et-des-milieux\/projet-phare-modelisation-des-vagues-deferlantes-et-des-etats-de-mer-extremes\/#breadcrumb\"},\"inLanguage\":\"fr-FR\",\"potentialAction\":[{\"@type\":\"ReadAction\",\"target\":[\"https:\/\/kiosque.ecoledesponts.fr\/rapport-activite-2021\/chercher-et-innover\/gestion-des-risques-des-ressources-et-des-milieux\/projet-phare-modelisation-des-vagues-deferlantes-et-des-etats-de-mer-extremes\/\"]}]},{\"@type\":\"BreadcrumbList\",\"@id\":\"https:\/\/kiosque.ecoledesponts.fr\/rapport-activite-2021\/chercher-et-innover\/gestion-des-risques-des-ressources-et-des-milieux\/projet-phare-modelisation-des-vagues-deferlantes-et-des-etats-de-mer-extremes\/#breadcrumb\",\"itemListElement\":[{\"@type\":\"ListItem\",\"position\":1,\"name\":\"Accueil\",\"item\":\"https:\/\/kiosque.ecoledesponts.fr\/rapport-activite-2021\/\"},{\"@type\":\"ListItem\",\"position\":2,\"name\":\"Chercher et innover\",\"item\":\"https:\/\/kiosque.ecoledesponts.fr\/rapport-activite-2021\/chercher-et-innover\/\"},{\"@type\":\"ListItem\",\"position\":3,\"name\":\"Gestion des risques, des ressources et des milieux\",\"item\":\"https:\/\/kiosque.ecoledesponts.fr\/rapport-activite-2021\/chercher-et-innover\/gestion-des-risques-des-ressources-et-des-milieux\/\"},{\"@type\":\"ListItem\",\"position\":4,\"name\":\"Projet phare\"}]},{\"@type\":\"WebSite\",\"@id\":\"https:\/\/kiosque.ecoledesponts.fr\/rapport-activite-2021\/#website\",\"url\":\"https:\/\/kiosque.ecoledesponts.fr\/rapport-activite-2021\/\",\"name\":\"Rapport d'activit\u00e9 2021\",\"description\":\"Un site utilisant Les sites du kiosque des ponts\",\"potentialAction\":[{\"@type\":\"SearchAction\",\"target\":{\"@type\":\"EntryPoint\",\"urlTemplate\":\"https:\/\/kiosque.ecoledesponts.fr\/rapport-activite-2021\/?s={search_term_string}\"},\"query-input\":\"required name=search_term_string\"}],\"inLanguage\":\"fr-FR\"}]}<\/script>\n<!-- \/ Yoast SEO plugin. -->","yoast_head_json":{"title":"Projet phare - Rapport d'activit\u00e9 2021","robots":{"index":"index","follow":"follow","max-snippet":"max-snippet:-1","max-image-preview":"max-image-preview:large","max-video-preview":"max-video-preview:-1"},"canonical":"https:\/\/kiosque.ecoledesponts.fr\/rapport-activite-2021\/chercher-et-innover\/gestion-des-risques-des-ressources-et-des-milieux\/projet-phare-modelisation-des-vagues-deferlantes-et-des-etats-de-mer-extremes\/","og_locale":"fr_FR","og_type":"article","og_title":"Projet phare - Rapport d'activit\u00e9 2021","og_description":"Mod\u00e9lisation des vagues d\u00e9ferlantes et des \u00e9tats de mer extr\u00eames Jeffrey Harris, chercheur au laboratoire hydraulique Saint-Venant Un aspect important de la transition \u00e9nerg\u00e9tique en France est le d\u00e9veloppement de l\u2019\u00e9olien offshore. Pour concevoir ces structures, on mod\u00e9lise leur m\u00e9canique et les forces induites par l\u2019environnement. Les forces induites par les vagues sont toutefois encore [&hellip;]","og_url":"https:\/\/kiosque.ecoledesponts.fr\/rapport-activite-2021\/chercher-et-innover\/gestion-des-risques-des-ressources-et-des-milieux\/projet-phare-modelisation-des-vagues-deferlantes-et-des-etats-de-mer-extremes\/","og_site_name":"Rapport d'activit\u00e9 2021","article_modified_time":"2023-01-02T15:36:23+00:00","og_image":[{"url":"http:\/\/kiosque.ecoledesponts.fr\/rapport-activite-2021\/wp-content\/uploads\/sites\/3\/2022\/08\/modelisation_vague.jpg"}],"twitter_card":"summary_large_image","twitter_misc":{"Dur\u00e9e de lecture estim\u00e9e":"1 minute"},"schema":{"@context":"https:\/\/schema.org","@graph":[{"@type":"WebPage","@id":"https:\/\/kiosque.ecoledesponts.fr\/rapport-activite-2021\/chercher-et-innover\/gestion-des-risques-des-ressources-et-des-milieux\/projet-phare-modelisation-des-vagues-deferlantes-et-des-etats-de-mer-extremes\/","url":"https:\/\/kiosque.ecoledesponts.fr\/rapport-activite-2021\/chercher-et-innover\/gestion-des-risques-des-ressources-et-des-milieux\/projet-phare-modelisation-des-vagues-deferlantes-et-des-etats-de-mer-extremes\/","name":"Projet phare - Rapport d'activit\u00e9 2021","isPartOf":{"@id":"https:\/\/kiosque.ecoledesponts.fr\/rapport-activite-2021\/#website"},"datePublished":"2022-08-10T12:45:27+00:00","dateModified":"2023-01-02T15:36:23+00:00","breadcrumb":{"@id":"https:\/\/kiosque.ecoledesponts.fr\/rapport-activite-2021\/chercher-et-innover\/gestion-des-risques-des-ressources-et-des-milieux\/projet-phare-modelisation-des-vagues-deferlantes-et-des-etats-de-mer-extremes\/#breadcrumb"},"inLanguage":"fr-FR","potentialAction":[{"@type":"ReadAction","target":["https:\/\/kiosque.ecoledesponts.fr\/rapport-activite-2021\/chercher-et-innover\/gestion-des-risques-des-ressources-et-des-milieux\/projet-phare-modelisation-des-vagues-deferlantes-et-des-etats-de-mer-extremes\/"]}]},{"@type":"BreadcrumbList","@id":"https:\/\/kiosque.ecoledesponts.fr\/rapport-activite-2021\/chercher-et-innover\/gestion-des-risques-des-ressources-et-des-milieux\/projet-phare-modelisation-des-vagues-deferlantes-et-des-etats-de-mer-extremes\/#breadcrumb","itemListElement":[{"@type":"ListItem","position":1,"name":"Accueil","item":"https:\/\/kiosque.ecoledesponts.fr\/rapport-activite-2021\/"},{"@type":"ListItem","position":2,"name":"Chercher et innover","item":"https:\/\/kiosque.ecoledesponts.fr\/rapport-activite-2021\/chercher-et-innover\/"},{"@type":"ListItem","position":3,"name":"Gestion des risques, des ressources et des milieux","item":"https:\/\/kiosque.ecoledesponts.fr\/rapport-activite-2021\/chercher-et-innover\/gestion-des-risques-des-ressources-et-des-milieux\/"},{"@type":"ListItem","position":4,"name":"Projet phare"}]},{"@type":"WebSite","@id":"https:\/\/kiosque.ecoledesponts.fr\/rapport-activite-2021\/#website","url":"https:\/\/kiosque.ecoledesponts.fr\/rapport-activite-2021\/","name":"Rapport d'activit\u00e9 2021","description":"Un site utilisant Les sites du kiosque des ponts","potentialAction":[{"@type":"SearchAction","target":{"@type":"EntryPoint","urlTemplate":"https:\/\/kiosque.ecoledesponts.fr\/rapport-activite-2021\/?s={search_term_string}"},"query-input":"required name=search_term_string"}],"inLanguage":"fr-FR"}]}},"builder_content":"","_links":{"self":[{"href":"https:\/\/kiosque.ecoledesponts.fr\/rapport-activite-2021\/wp-json\/wp\/v2\/pages\/953"}],"collection":[{"href":"https:\/\/kiosque.ecoledesponts.fr\/rapport-activite-2021\/wp-json\/wp\/v2\/pages"}],"about":[{"href":"https:\/\/kiosque.ecoledesponts.fr\/rapport-activite-2021\/wp-json\/wp\/v2\/types\/page"}],"author":[{"embeddable":true,"href":"https:\/\/kiosque.ecoledesponts.fr\/rapport-activite-2021\/wp-json\/wp\/v2\/users\/1"}],"replies":[{"embeddable":true,"href":"https:\/\/kiosque.ecoledesponts.fr\/rapport-activite-2021\/wp-json\/wp\/v2\/comments?post=953"}],"version-history":[{"count":13,"href":"https:\/\/kiosque.ecoledesponts.fr\/rapport-activite-2021\/wp-json\/wp\/v2\/pages\/953\/revisions"}],"predecessor-version":[{"id":2647,"href":"https:\/\/kiosque.ecoledesponts.fr\/rapport-activite-2021\/wp-json\/wp\/v2\/pages\/953\/revisions\/2647"}],"up":[{"embeddable":true,"href":"https:\/\/kiosque.ecoledesponts.fr\/rapport-activite-2021\/wp-json\/wp\/v2\/pages\/905"}],"wp:attachment":[{"href":"https:\/\/kiosque.ecoledesponts.fr\/rapport-activite-2021\/wp-json\/wp\/v2\/media?parent=953"}],"wp:term":[{"taxonomy":"post_tag","embeddable":true,"href":"https:\/\/kiosque.ecoledesponts.fr\/rapport-activite-2021\/wp-json\/wp\/v2\/tags?post=953"}],"curies":[{"name":"wp","href":"https:\/\/api.w.org\/{rel}","templated":true}]}}