{"id":969,"date":"2022-08-10T15:08:24","date_gmt":"2022-08-10T13:08:24","guid":{"rendered":"http:\/\/kiosque.ecoledesponts.fr\/rapport-activite-2021\/?page_id=969"},"modified":"2023-01-02T16:40:42","modified_gmt":"2023-01-02T15:40:42","slug":"programme-embassy-scientific-fellows","status":"publish","type":"page","link":"https:\/\/kiosque.ecoledesponts.fr\/rapport-activite-2021\/chercher-et-innover\/gestion-des-risques-des-ressources-et-des-milieux\/faits-marquants\/programme-embassy-scientific-fellows\/","title":{"rendered":"Programme Embassy Scientific Fellows"},"content":{"rendered":"<!--themify_builder_content-->\n<div id=\"themify_builder_content-969\" data-postid=\"969\" class=\"themify_builder_content themify_builder_content-969 themify_builder tf_clear\">\n    <\/div>\n<!--\/themify_builder_content-->\n\n<p>Au dernier trimestre 2021, HM&amp;Co a accueilli Loida Begley, ing\u00e9nieure g\u00e9n\u00e9rale du d\u00e9partement d\u2019\u00c9nergie des \u00c9tats-Unis. Cette visite virtuelle s\u2019est traduite par une proposition \u00ab\u202fWater as an Organizing Principle in Climate Response\u202f\u00bb en vue de la COP 27.<\/p>","protected":false},"excerpt":{"rendered":"<p>Au dernier trimestre 2021, HM&amp;Co a accueilli Loida Begley, ing\u00e9nieure g\u00e9n\u00e9rale du d\u00e9partement d\u2019\u00c9nergie des \u00c9tats-Unis. Cette visite virtuelle s\u2019est traduite par une proposition \u00ab\u202fWater as an Organizing Principle in Climate Response\u202f\u00bb en vue de la COP 27.<\/p>\n","protected":false},"author":1,"featured_media":0,"parent":961,"menu_order":0,"comment_status":"closed","ping_status":"closed","template":"page_orange.php","meta":[],"tags":[49,51,57,29,39],"acf":[],"yoast_head":"<!-- This site is optimized with the Yoast SEO plugin v21.1 - https:\/\/yoast.com\/wordpress\/plugins\/seo\/ -->\n<title>Programme Embassy Scientific Fellows - Rapport d&#039;activit\u00e9 2021<\/title>\n<meta name=\"robots\" content=\"index, follow, max-snippet:-1, max-image-preview:large, max-video-preview:-1\" \/>\n<link rel=\"canonical\" href=\"https:\/\/kiosque.ecoledesponts.fr\/rapport-activite-2021\/chercher-et-innover\/gestion-des-risques-des-ressources-et-des-milieux\/faits-marquants\/programme-embassy-scientific-fellows\/\" \/>\n<meta property=\"og:locale\" content=\"fr_FR\" \/>\n<meta property=\"og:type\" content=\"article\" \/>\n<meta property=\"og:title\" content=\"Programme Embassy Scientific Fellows - Rapport d&#039;activit\u00e9 2021\" \/>\n<meta property=\"og:description\" content=\"Au dernier trimestre 2021, HM&amp;Co a accueilli Loida Begley, ing\u00e9nieure g\u00e9n\u00e9rale du d\u00e9partement d\u2019\u00c9nergie des \u00c9tats-Unis. Cette visite virtuelle s\u2019est traduite par une proposition \u00ab\u202fWater as an Organizing Principle in Climate Response\u202f\u00bb en vue de la COP 27.\" \/>\n<meta property=\"og:url\" content=\"https:\/\/kiosque.ecoledesponts.fr\/rapport-activite-2021\/chercher-et-innover\/gestion-des-risques-des-ressources-et-des-milieux\/faits-marquants\/programme-embassy-scientific-fellows\/\" \/>\n<meta property=\"og:site_name\" content=\"Rapport d&#039;activit\u00e9 2021\" \/>\n<meta property=\"article:modified_time\" content=\"2023-01-02T15:40:42+00:00\" \/>\n<meta name=\"twitter:card\" content=\"summary_large_image\" \/>\n<script type=\"application\/ld+json\" class=\"yoast-schema-graph\">{\"@context\":\"https:\/\/schema.org\",\"@graph\":[{\"@type\":\"WebPage\",\"@id\":\"https:\/\/kiosque.ecoledesponts.fr\/rapport-activite-2021\/chercher-et-innover\/gestion-des-risques-des-ressources-et-des-milieux\/faits-marquants\/programme-embassy-scientific-fellows\/\",\"url\":\"https:\/\/kiosque.ecoledesponts.fr\/rapport-activite-2021\/chercher-et-innover\/gestion-des-risques-des-ressources-et-des-milieux\/faits-marquants\/programme-embassy-scientific-fellows\/\",\"name\":\"Programme Embassy Scientific Fellows - Rapport d'activit\u00e9 2021\",\"isPartOf\":{\"@id\":\"https:\/\/kiosque.ecoledesponts.fr\/rapport-activite-2021\/#website\"},\"datePublished\":\"2022-08-10T13:08:24+00:00\",\"dateModified\":\"2023-01-02T15:40:42+00:00\",\"breadcrumb\":{\"@id\":\"https:\/\/kiosque.ecoledesponts.fr\/rapport-activite-2021\/chercher-et-innover\/gestion-des-risques-des-ressources-et-des-milieux\/faits-marquants\/programme-embassy-scientific-fellows\/#breadcrumb\"},\"inLanguage\":\"fr-FR\",\"potentialAction\":[{\"@type\":\"ReadAction\",\"target\":[\"https:\/\/kiosque.ecoledesponts.fr\/rapport-activite-2021\/chercher-et-innover\/gestion-des-risques-des-ressources-et-des-milieux\/faits-marquants\/programme-embassy-scientific-fellows\/\"]}]},{\"@type\":\"BreadcrumbList\",\"@id\":\"https:\/\/kiosque.ecoledesponts.fr\/rapport-activite-2021\/chercher-et-innover\/gestion-des-risques-des-ressources-et-des-milieux\/faits-marquants\/programme-embassy-scientific-fellows\/#breadcrumb\",\"itemListElement\":[{\"@type\":\"ListItem\",\"position\":1,\"name\":\"Accueil\",\"item\":\"https:\/\/kiosque.ecoledesponts.fr\/rapport-activite-2021\/\"},{\"@type\":\"ListItem\",\"position\":2,\"name\":\"Chercher et innover\",\"item\":\"https:\/\/kiosque.ecoledesponts.fr\/rapport-activite-2021\/chercher-et-innover\/\"},{\"@type\":\"ListItem\",\"position\":3,\"name\":\"Gestion des risques, des ressources et des milieux\",\"item\":\"https:\/\/kiosque.ecoledesponts.fr\/rapport-activite-2021\/chercher-et-innover\/gestion-des-risques-des-ressources-et-des-milieux\/\"},{\"@type\":\"ListItem\",\"position\":4,\"name\":\"Faits marquants\",\"item\":\"https:\/\/kiosque.ecoledesponts.fr\/rapport-activite-2021\/chercher-et-innover\/gestion-des-risques-des-ressources-et-des-milieux\/faits-marquants\/\"},{\"@type\":\"ListItem\",\"position\":5,\"name\":\"Programme Embassy Scientific Fellows\"}]},{\"@type\":\"WebSite\",\"@id\":\"https:\/\/kiosque.ecoledesponts.fr\/rapport-activite-2021\/#website\",\"url\":\"https:\/\/kiosque.ecoledesponts.fr\/rapport-activite-2021\/\",\"name\":\"Rapport d'activit\u00e9 2021\",\"description\":\"Un site utilisant Les sites du kiosque des ponts\",\"potentialAction\":[{\"@type\":\"SearchAction\",\"target\":{\"@type\":\"EntryPoint\",\"urlTemplate\":\"https:\/\/kiosque.ecoledesponts.fr\/rapport-activite-2021\/?s={search_term_string}\"},\"query-input\":\"required name=search_term_string\"}],\"inLanguage\":\"fr-FR\"}]}<\/script>\n<!-- \/ Yoast SEO plugin. -->","yoast_head_json":{"title":"Programme Embassy Scientific Fellows - Rapport d'activit\u00e9 2021","robots":{"index":"index","follow":"follow","max-snippet":"max-snippet:-1","max-image-preview":"max-image-preview:large","max-video-preview":"max-video-preview:-1"},"canonical":"https:\/\/kiosque.ecoledesponts.fr\/rapport-activite-2021\/chercher-et-innover\/gestion-des-risques-des-ressources-et-des-milieux\/faits-marquants\/programme-embassy-scientific-fellows\/","og_locale":"fr_FR","og_type":"article","og_title":"Programme Embassy Scientific Fellows - Rapport d'activit\u00e9 2021","og_description":"Au dernier trimestre 2021, HM&amp;Co a accueilli Loida Begley, ing\u00e9nieure g\u00e9n\u00e9rale du d\u00e9partement d\u2019\u00c9nergie des \u00c9tats-Unis. Cette visite virtuelle s\u2019est traduite par une proposition \u00ab\u202fWater as an Organizing Principle in Climate Response\u202f\u00bb en vue de la COP 27.","og_url":"https:\/\/kiosque.ecoledesponts.fr\/rapport-activite-2021\/chercher-et-innover\/gestion-des-risques-des-ressources-et-des-milieux\/faits-marquants\/programme-embassy-scientific-fellows\/","og_site_name":"Rapport d'activit\u00e9 2021","article_modified_time":"2023-01-02T15:40:42+00:00","twitter_card":"summary_large_image","schema":{"@context":"https:\/\/schema.org","@graph":[{"@type":"WebPage","@id":"https:\/\/kiosque.ecoledesponts.fr\/rapport-activite-2021\/chercher-et-innover\/gestion-des-risques-des-ressources-et-des-milieux\/faits-marquants\/programme-embassy-scientific-fellows\/","url":"https:\/\/kiosque.ecoledesponts.fr\/rapport-activite-2021\/chercher-et-innover\/gestion-des-risques-des-ressources-et-des-milieux\/faits-marquants\/programme-embassy-scientific-fellows\/","name":"Programme Embassy Scientific Fellows - Rapport d'activit\u00e9 2021","isPartOf":{"@id":"https:\/\/kiosque.ecoledesponts.fr\/rapport-activite-2021\/#website"},"datePublished":"2022-08-10T13:08:24+00:00","dateModified":"2023-01-02T15:40:42+00:00","breadcrumb":{"@id":"https:\/\/kiosque.ecoledesponts.fr\/rapport-activite-2021\/chercher-et-innover\/gestion-des-risques-des-ressources-et-des-milieux\/faits-marquants\/programme-embassy-scientific-fellows\/#breadcrumb"},"inLanguage":"fr-FR","potentialAction":[{"@type":"ReadAction","target":["https:\/\/kiosque.ecoledesponts.fr\/rapport-activite-2021\/chercher-et-innover\/gestion-des-risques-des-ressources-et-des-milieux\/faits-marquants\/programme-embassy-scientific-fellows\/"]}]},{"@type":"BreadcrumbList","@id":"https:\/\/kiosque.ecoledesponts.fr\/rapport-activite-2021\/chercher-et-innover\/gestion-des-risques-des-ressources-et-des-milieux\/faits-marquants\/programme-embassy-scientific-fellows\/#breadcrumb","itemListElement":[{"@type":"ListItem","position":1,"name":"Accueil","item":"https:\/\/kiosque.ecoledesponts.fr\/rapport-activite-2021\/"},{"@type":"ListItem","position":2,"name":"Chercher et innover","item":"https:\/\/kiosque.ecoledesponts.fr\/rapport-activite-2021\/chercher-et-innover\/"},{"@type":"ListItem","position":3,"name":"Gestion des risques, des ressources et des milieux","item":"https:\/\/kiosque.ecoledesponts.fr\/rapport-activite-2021\/chercher-et-innover\/gestion-des-risques-des-ressources-et-des-milieux\/"},{"@type":"ListItem","position":4,"name":"Faits marquants","item":"https:\/\/kiosque.ecoledesponts.fr\/rapport-activite-2021\/chercher-et-innover\/gestion-des-risques-des-ressources-et-des-milieux\/faits-marquants\/"},{"@type":"ListItem","position":5,"name":"Programme Embassy Scientific Fellows"}]},{"@type":"WebSite","@id":"https:\/\/kiosque.ecoledesponts.fr\/rapport-activite-2021\/#website","url":"https:\/\/kiosque.ecoledesponts.fr\/rapport-activite-2021\/","name":"Rapport d'activit\u00e9 2021","description":"Un site utilisant Les sites du kiosque des ponts","potentialAction":[{"@type":"SearchAction","target":{"@type":"EntryPoint","urlTemplate":"https:\/\/kiosque.ecoledesponts.fr\/rapport-activite-2021\/?s={search_term_string}"},"query-input":"required name=search_term_string"}],"inLanguage":"fr-FR"}]}},"builder_content":"","_links":{"self":[{"href":"https:\/\/kiosque.ecoledesponts.fr\/rapport-activite-2021\/wp-json\/wp\/v2\/pages\/969"}],"collection":[{"href":"https:\/\/kiosque.ecoledesponts.fr\/rapport-activite-2021\/wp-json\/wp\/v2\/pages"}],"about":[{"href":"https:\/\/kiosque.ecoledesponts.fr\/rapport-activite-2021\/wp-json\/wp\/v2\/types\/page"}],"author":[{"embeddable":true,"href":"https:\/\/kiosque.ecoledesponts.fr\/rapport-activite-2021\/wp-json\/wp\/v2\/users\/1"}],"replies":[{"embeddable":true,"href":"https:\/\/kiosque.ecoledesponts.fr\/rapport-activite-2021\/wp-json\/wp\/v2\/comments?post=969"}],"version-history":[{"count":1,"href":"https:\/\/kiosque.ecoledesponts.fr\/rapport-activite-2021\/wp-json\/wp\/v2\/pages\/969\/revisions"}],"predecessor-version":[{"id":971,"href":"https:\/\/kiosque.ecoledesponts.fr\/rapport-activite-2021\/wp-json\/wp\/v2\/pages\/969\/revisions\/971"}],"up":[{"embeddable":true,"href":"https:\/\/kiosque.ecoledesponts.fr\/rapport-activite-2021\/wp-json\/wp\/v2\/pages\/961"}],"wp:attachment":[{"href":"https:\/\/kiosque.ecoledesponts.fr\/rapport-activite-2021\/wp-json\/wp\/v2\/media?parent=969"}],"wp:term":[{"taxonomy":"post_tag","embeddable":true,"href":"https:\/\/kiosque.ecoledesponts.fr\/rapport-activite-2021\/wp-json\/wp\/v2\/tags?post=969"}],"curies":[{"name":"wp","href":"https:\/\/api.w.org\/{rel}","templated":true}]}}